{"id":940,"date":"2024-01-21T12:44:11","date_gmt":"2024-01-21T10:44:11","guid":{"rendered":"https:\/\/glamico.ee\/?post_type=product&#038;p=940"},"modified":"2026-01-24T16:16:24","modified_gmt":"2026-01-24T14:16:24","slug":"haut-segala-patsuliga-seep-koikidele-nahatuupidele-80g","status":"publish","type":"product","link":"https:\/\/glamico.ee\/en\/pood\/haut-segala-patsuliga-seep-koikidele-nahatuupidele-80g\/","title":{"rendered":"Haut-S\u00e9gala Pat\u0161uliga seep k\u00f5ikidele nahat\u00fc\u00fcpidele 80g"},"content":{"rendered":"<p>100% looduslikku p\u00e4ritolu koostisosadest k\u00e4sitsi valmistatud seep. Rikastatud kastoor\u00f5liga ja l\u00f5hnastatud pat\u0161uli eeterliku \u00f5liga, pehmendab nahka.<\/p>\n<p>Pat\u0161uli eeterlikku \u00f5li ja mooniseemneid sisaldav seep aitab ahendada nahapoore, pakkudes samal ajal koorivat toimet. Koosisesse on lisatud kurkumipulbrit, et tuua nahale kuldne jume. Selle \u00f5rnade idamaiste nootidega aroom saadab teid kogu p\u00e4eva.<\/p>\n<p>\u2714 N\u00e4ole ja kehale<\/p>\n<p>\u2714 K\u00f5ik nahat\u00fc\u00fcbid<\/p>\n<p>\u2714 \u00dchest seebist j\u00e4tkub igap\u00e4evaseks tarbimiseks keskmiselt poolteist kuud<\/p>\n<p>K\u00fclma seepi ei kuumutata, sellel lastakse hoolikalt seista 1 kuu ja seega s\u00e4ilivad k\u00f5ik koostisainete kasulikud omadused.<\/p>\n<p>K\u00fclm seebistamine v\u00f5imaldab kujundada \u00f5lirikkaid, eeterlike \u00f5lidega l\u00f5hnastatud ja paljude looduslike koostisosadega t\u00e4iendatud seepe, millel on palju kasulikke omadusi.<\/p>\n<p>Tulemus ? M\u00f5nusam, pehmem seep, mis toidab nahka s\u00fcgavuti: tee l\u00f5pp seebistamise j\u00e4rgsele veninud naha tundele!<\/p>\n<p>Kasutamine: Niisutage ja ajage seep k\u00e4tes vahule. Kandke n\u00e4ole ja\/v\u00f5i kehale, seej\u00e4rel loputage hoolikalt. V\u00e4ltida silma sattumist. \u00c4rge kasutage, kui olete m\u00f5ne koostisosa suhtes allergiline. Soovitatakse kasutada alates 16 eluaastast.<\/p>\n<p>Koostis: Brassica campestris oil, Cocos nucifera oil*, Aqua, Sodium hydroxide, Ricinus communis seed oil, Pogostemon cablin oil, Curcuma longa root*, Papaver somniferum seed*, Kaolin, CI 77492.<\/p>\n<p>* Mahep\u00f5llumajandusest p\u00e4rit koostisained.<\/p>\n<p>100% koguarvust on looduslikku p\u00e4ritolu.<\/p>\n<p>38,37% kogu koostisosadest on p\u00e4rit mahep\u00f5llumajandusest.<\/p>\n<p>&nbsp;<\/p>","protected":false},"excerpt":{"rendered":"<p>100% looduslikku p\u00e4ritolu koostisosadest k\u00e4sitsi valmistatud seep. Rikastatud kastoor\u00f5liga ja l\u00f5hnastatud pat\u0161uli eeterliku \u00f5liga, pehmendab nahka. Pat\u0161uli eeterlikku \u00f5li ja mooniseemneid sisaldav seep aitab ahendada nahapoore, pakkudes samal ajal koorivat toimet. Koosisesse on lisatud kurkumipulbrit, et tuua nahale kuldne jume. Selle \u00f5rnade idamaiste nootidega aroom saadab teid kogu p\u00e4eva. \u2714 N\u00e4ole ja kehale \u2714 K\u00f5ik nahat\u00fc\u00fcbid \u2714 \u00dchest seebist j\u00e4tkub [&hellip;]<\/p>\n","protected":false},"featured_media":943,"template":"","meta":[],"pwb-brand":[68],"product_brand":[],"product_cat":[31],"product_tag":[],"class_list":{"0":"post-940","1":"product","2":"type-product","3":"status-publish","4":"has-post-thumbnail","6":"pwb-brand-haut-segala","7":"product_cat-keha","9":"first","10":"instock","11":"taxable","12":"shipping-taxable","13":"purchasable","14":"product-type-simple"},"yoast_head":"<!-- This site is optimized with the Yoast SEO plugin v27.3 - https:\/\/yoast.com\/product\/yoast-seo-wordpress\/ -->\n<title>Haut-S\u00e9gala Pat\u0161uliga seep k\u00f5ikidele nahat\u00fc\u00fcpidele 80g - Glamico<\/title>\n<meta name=\"robots\" content=\"index, follow, max-snippet:-1, max-image-preview:large, max-video-preview:-1\" \/>\n<link rel=\"canonical\" href=\"https:\/\/glamico.ee\/en\/pood\/haut-segala-patsuliga-seep-koikidele-nahatuupidele-80g\/\" \/>\n<meta property=\"og:locale\" content=\"en_US\" \/>\n<meta property=\"og:type\" content=\"article\" \/>\n<meta property=\"og:title\" content=\"Haut-S\u00e9gala Pat\u0161uliga seep k\u00f5ikidele nahat\u00fc\u00fcpidele 80g - Glamico\" \/>\n<meta property=\"og:description\" content=\"100% looduslikku p\u00e4ritolu koostisosadest k\u00e4sitsi valmistatud seep. Rikastatud kastoor\u00f5liga ja l\u00f5hnastatud pat\u0161uli eeterliku \u00f5liga, pehmendab nahka. Pat\u0161uli eeterlikku \u00f5li ja mooniseemneid sisaldav seep aitab ahendada nahapoore, pakkudes samal ajal koorivat toimet. Koosisesse on lisatud kurkumipulbrit, et tuua nahale kuldne jume. Selle \u00f5rnade idamaiste nootidega aroom saadab teid kogu p\u00e4eva. \u2714 N\u00e4ole ja kehale \u2714 K\u00f5ik nahat\u00fc\u00fcbid \u2714 \u00dchest seebist j\u00e4tkub [&hellip;]\" \/>\n<meta property=\"og:url\" content=\"https:\/\/glamico.ee\/en\/pood\/haut-segala-patsuliga-seep-koikidele-nahatuupidele-80g\/\" \/>\n<meta property=\"og:site_name\" content=\"Glamico\" \/>\n<meta property=\"article:modified_time\" content=\"2026-01-24T14:16:24+00:00\" \/>\n<meta property=\"og:image\" content=\"https:\/\/glamico.ee\/wp-content\/uploads\/2024\/01\/savon-patchouli-80gr-etui.png\" \/>\n\t<meta property=\"og:image:width\" content=\"1801\" \/>\n\t<meta property=\"og:image:height\" content=\"2121\" \/>\n\t<meta property=\"og:image:type\" content=\"image\/png\" \/>\n<meta name=\"twitter:card\" content=\"summary_large_image\" \/>\n<meta name=\"twitter:label1\" content=\"Est. reading time\" \/>\n\t<meta name=\"twitter:data1\" content=\"2 minutes\" \/>\n<script type=\"application\/ld+json\" class=\"yoast-schema-graph\">{\"@context\":\"https:\\\/\\\/schema.org\",\"@graph\":[{\"@type\":\"WebPage\",\"@id\":\"https:\\\/\\\/glamico.ee\\\/pood\\\/haut-segala-patsuliga-seep-koikidele-nahatuupidele-80g\\\/\",\"url\":\"https:\\\/\\\/glamico.ee\\\/pood\\\/haut-segala-patsuliga-seep-koikidele-nahatuupidele-80g\\\/\",\"name\":\"Haut-S\u00e9gala Pat\u0161uliga seep k\u00f5ikidele nahat\u00fc\u00fcpidele 80g - Glamico\",\"isPartOf\":{\"@id\":\"https:\\\/\\\/glamico.ee\\\/#website\"},\"primaryImageOfPage\":{\"@id\":\"https:\\\/\\\/glamico.ee\\\/pood\\\/haut-segala-patsuliga-seep-koikidele-nahatuupidele-80g\\\/#primaryimage\"},\"image\":{\"@id\":\"https:\\\/\\\/glamico.ee\\\/pood\\\/haut-segala-patsuliga-seep-koikidele-nahatuupidele-80g\\\/#primaryimage\"},\"thumbnailUrl\":\"https:\\\/\\\/glamico.ee\\\/wp-content\\\/uploads\\\/2024\\\/01\\\/savon-patchouli-80gr-etui.png\",\"datePublished\":\"2024-01-21T10:44:11+00:00\",\"dateModified\":\"2026-01-24T14:16:24+00:00\",\"breadcrumb\":{\"@id\":\"https:\\\/\\\/glamico.ee\\\/pood\\\/haut-segala-patsuliga-seep-koikidele-nahatuupidele-80g\\\/#breadcrumb\"},\"inLanguage\":\"en-US\",\"potentialAction\":[{\"@type\":\"ReadAction\",\"target\":[\"https:\\\/\\\/glamico.ee\\\/pood\\\/haut-segala-patsuliga-seep-koikidele-nahatuupidele-80g\\\/\"]}]},{\"@type\":\"ImageObject\",\"inLanguage\":\"en-US\",\"@id\":\"https:\\\/\\\/glamico.ee\\\/pood\\\/haut-segala-patsuliga-seep-koikidele-nahatuupidele-80g\\\/#primaryimage\",\"url\":\"https:\\\/\\\/glamico.ee\\\/wp-content\\\/uploads\\\/2024\\\/01\\\/savon-patchouli-80gr-etui.png\",\"contentUrl\":\"https:\\\/\\\/glamico.ee\\\/wp-content\\\/uploads\\\/2024\\\/01\\\/savon-patchouli-80gr-etui.png\",\"width\":1801,\"height\":2121},{\"@type\":\"BreadcrumbList\",\"@id\":\"https:\\\/\\\/glamico.ee\\\/pood\\\/haut-segala-patsuliga-seep-koikidele-nahatuupidele-80g\\\/#breadcrumb\",\"itemListElement\":[{\"@type\":\"ListItem\",\"position\":1,\"name\":\"Home\",\"item\":\"https:\\\/\\\/glamico.ee\\\/\"},{\"@type\":\"ListItem\",\"position\":2,\"name\":\"Pood\",\"item\":\"https:\\\/\\\/glamico.ee\\\/pood\\\/\"},{\"@type\":\"ListItem\",\"position\":3,\"name\":\"Haut-S\u00e9gala Pat\u0161uliga seep k\u00f5ikidele nahat\u00fc\u00fcpidele 80g\"}]},{\"@type\":\"WebSite\",\"@id\":\"https:\\\/\\\/glamico.ee\\\/#website\",\"url\":\"https:\\\/\\\/glamico.ee\\\/\",\"name\":\"Glamico\",\"description\":\"Ilutooted\",\"publisher\":{\"@id\":\"https:\\\/\\\/glamico.ee\\\/#organization\"},\"potentialAction\":[{\"@type\":\"SearchAction\",\"target\":{\"@type\":\"EntryPoint\",\"urlTemplate\":\"https:\\\/\\\/glamico.ee\\\/?s={search_term_string}\"},\"query-input\":{\"@type\":\"PropertyValueSpecification\",\"valueRequired\":true,\"valueName\":\"search_term_string\"}}],\"inLanguage\":\"en-US\"},{\"@type\":\"Organization\",\"@id\":\"https:\\\/\\\/glamico.ee\\\/#organization\",\"name\":\"Glamico Baltics O\u00dc\",\"url\":\"https:\\\/\\\/glamico.ee\\\/\",\"logo\":{\"@type\":\"ImageObject\",\"inLanguage\":\"en-US\",\"@id\":\"https:\\\/\\\/glamico.ee\\\/#\\\/schema\\\/logo\\\/image\\\/\",\"url\":\"https:\\\/\\\/glamico.ee\\\/wp-content\\\/uploads\\\/2025\\\/11\\\/Glamico-1.png\",\"contentUrl\":\"https:\\\/\\\/glamico.ee\\\/wp-content\\\/uploads\\\/2025\\\/11\\\/Glamico-1.png\",\"width\":627,\"height\":400,\"caption\":\"Glamico Baltics O\u00dc\"},\"image\":{\"@id\":\"https:\\\/\\\/glamico.ee\\\/#\\\/schema\\\/logo\\\/image\\\/\"},\"sameAs\":[\"https:\\\/\\\/www.instagram.com\\\/glamico.ee\\\/\"]}]}<\/script>\n<!-- \/ Yoast SEO plugin. -->","yoast_head_json":{"title":"Haut-S\u00e9gala Pat\u0161uliga seep k\u00f5ikidele nahat\u00fc\u00fcpidele 80g - Glamico","robots":{"index":"index","follow":"follow","max-snippet":"max-snippet:-1","max-image-preview":"max-image-preview:large","max-video-preview":"max-video-preview:-1"},"canonical":"https:\/\/glamico.ee\/en\/pood\/haut-segala-patsuliga-seep-koikidele-nahatuupidele-80g\/","og_locale":"en_US","og_type":"article","og_title":"Haut-S\u00e9gala Pat\u0161uliga seep k\u00f5ikidele nahat\u00fc\u00fcpidele 80g - Glamico","og_description":"100% looduslikku p\u00e4ritolu koostisosadest k\u00e4sitsi valmistatud seep. Rikastatud kastoor\u00f5liga ja l\u00f5hnastatud pat\u0161uli eeterliku \u00f5liga, pehmendab nahka. Pat\u0161uli eeterlikku \u00f5li ja mooniseemneid sisaldav seep aitab ahendada nahapoore, pakkudes samal ajal koorivat toimet. Koosisesse on lisatud kurkumipulbrit, et tuua nahale kuldne jume. Selle \u00f5rnade idamaiste nootidega aroom saadab teid kogu p\u00e4eva. \u2714 N\u00e4ole ja kehale \u2714 K\u00f5ik nahat\u00fc\u00fcbid \u2714 \u00dchest seebist j\u00e4tkub [&hellip;]","og_url":"https:\/\/glamico.ee\/en\/pood\/haut-segala-patsuliga-seep-koikidele-nahatuupidele-80g\/","og_site_name":"Glamico","article_modified_time":"2026-01-24T14:16:24+00:00","og_image":[{"width":1801,"height":2121,"url":"https:\/\/glamico.ee\/wp-content\/uploads\/2024\/01\/savon-patchouli-80gr-etui.png","type":"image\/png"}],"twitter_card":"summary_large_image","twitter_misc":{"Est. reading time":"2 minutes"},"schema":{"@context":"https:\/\/schema.org","@graph":[{"@type":"WebPage","@id":"https:\/\/glamico.ee\/pood\/haut-segala-patsuliga-seep-koikidele-nahatuupidele-80g\/","url":"https:\/\/glamico.ee\/pood\/haut-segala-patsuliga-seep-koikidele-nahatuupidele-80g\/","name":"Haut-S\u00e9gala Pat\u0161uliga seep k\u00f5ikidele nahat\u00fc\u00fcpidele 80g - Glamico","isPartOf":{"@id":"https:\/\/glamico.ee\/#website"},"primaryImageOfPage":{"@id":"https:\/\/glamico.ee\/pood\/haut-segala-patsuliga-seep-koikidele-nahatuupidele-80g\/#primaryimage"},"image":{"@id":"https:\/\/glamico.ee\/pood\/haut-segala-patsuliga-seep-koikidele-nahatuupidele-80g\/#primaryimage"},"thumbnailUrl":"https:\/\/glamico.ee\/wp-content\/uploads\/2024\/01\/savon-patchouli-80gr-etui.png","datePublished":"2024-01-21T10:44:11+00:00","dateModified":"2026-01-24T14:16:24+00:00","breadcrumb":{"@id":"https:\/\/glamico.ee\/pood\/haut-segala-patsuliga-seep-koikidele-nahatuupidele-80g\/#breadcrumb"},"inLanguage":"en-US","potentialAction":[{"@type":"ReadAction","target":["https:\/\/glamico.ee\/pood\/haut-segala-patsuliga-seep-koikidele-nahatuupidele-80g\/"]}]},{"@type":"ImageObject","inLanguage":"en-US","@id":"https:\/\/glamico.ee\/pood\/haut-segala-patsuliga-seep-koikidele-nahatuupidele-80g\/#primaryimage","url":"https:\/\/glamico.ee\/wp-content\/uploads\/2024\/01\/savon-patchouli-80gr-etui.png","contentUrl":"https:\/\/glamico.ee\/wp-content\/uploads\/2024\/01\/savon-patchouli-80gr-etui.png","width":1801,"height":2121},{"@type":"BreadcrumbList","@id":"https:\/\/glamico.ee\/pood\/haut-segala-patsuliga-seep-koikidele-nahatuupidele-80g\/#breadcrumb","itemListElement":[{"@type":"ListItem","position":1,"name":"Home","item":"https:\/\/glamico.ee\/"},{"@type":"ListItem","position":2,"name":"Pood","item":"https:\/\/glamico.ee\/pood\/"},{"@type":"ListItem","position":3,"name":"Haut-S\u00e9gala Pat\u0161uliga seep k\u00f5ikidele nahat\u00fc\u00fcpidele 80g"}]},{"@type":"WebSite","@id":"https:\/\/glamico.ee\/#website","url":"https:\/\/glamico.ee\/","name":"Glamico","description":"Ilutooted","publisher":{"@id":"https:\/\/glamico.ee\/#organization"},"potentialAction":[{"@type":"SearchAction","target":{"@type":"EntryPoint","urlTemplate":"https:\/\/glamico.ee\/?s={search_term_string}"},"query-input":{"@type":"PropertyValueSpecification","valueRequired":true,"valueName":"search_term_string"}}],"inLanguage":"en-US"},{"@type":"Organization","@id":"https:\/\/glamico.ee\/#organization","name":"Glamico Baltics O\u00dc","url":"https:\/\/glamico.ee\/","logo":{"@type":"ImageObject","inLanguage":"en-US","@id":"https:\/\/glamico.ee\/#\/schema\/logo\/image\/","url":"https:\/\/glamico.ee\/wp-content\/uploads\/2025\/11\/Glamico-1.png","contentUrl":"https:\/\/glamico.ee\/wp-content\/uploads\/2025\/11\/Glamico-1.png","width":627,"height":400,"caption":"Glamico Baltics O\u00dc"},"image":{"@id":"https:\/\/glamico.ee\/#\/schema\/logo\/image\/"},"sameAs":["https:\/\/www.instagram.com\/glamico.ee\/"]}]}},"brands":[{"id":68,"name":"Laboratoire du Haut-S\u00e9gala","slug":"haut-segala"}],"_links":{"self":[{"href":"https:\/\/glamico.ee\/en\/wp-json\/wp\/v2\/product\/940","targetHints":{"allow":["GET"]}}],"collection":[{"href":"https:\/\/glamico.ee\/en\/wp-json\/wp\/v2\/product"}],"about":[{"href":"https:\/\/glamico.ee\/en\/wp-json\/wp\/v2\/types\/product"}],"version-history":[{"count":1,"href":"https:\/\/glamico.ee\/en\/wp-json\/wp\/v2\/product\/940\/revisions"}],"predecessor-version":[{"id":2287,"href":"https:\/\/glamico.ee\/en\/wp-json\/wp\/v2\/product\/940\/revisions\/2287"}],"wp:featuredmedia":[{"embeddable":true,"href":"https:\/\/glamico.ee\/en\/wp-json\/wp\/v2\/media\/943"}],"wp:attachment":[{"href":"https:\/\/glamico.ee\/en\/wp-json\/wp\/v2\/media?parent=940"}],"wp:term":[{"taxonomy":"pwb-brand","embeddable":true,"href":"https:\/\/glamico.ee\/en\/wp-json\/wp\/v2\/pwb-brand?post=940"},{"taxonomy":"product_brand","embeddable":true,"href":"https:\/\/glamico.ee\/en\/wp-json\/wp\/v2\/product_brand?post=940"},{"taxonomy":"product_cat","embeddable":true,"href":"https:\/\/glamico.ee\/en\/wp-json\/wp\/v2\/product_cat?post=940"},{"taxonomy":"product_tag","embeddable":true,"href":"https:\/\/glamico.ee\/en\/wp-json\/wp\/v2\/product_tag?post=940"}],"curies":[{"name":"wp","href":"https:\/\/api.w.org\/{rel}","templated":true}]}}