{"id":917,"date":"2024-01-20T22:56:24","date_gmt":"2024-01-20T20:56:24","guid":{"rendered":"https:\/\/glamico.ee\/?post_type=product&#038;p=917"},"modified":"2026-01-24T16:13:17","modified_gmt":"2026-01-24T14:13:17","slug":"haut-segala-sheavoi-120ml","status":"publish","type":"product","link":"https:\/\/glamico.ee\/en\/pood\/haut-segala-sheavoi-120ml\/","title":{"rendered":"Haut-S\u00e9gala Sheav\u00f5i 120ml"},"content":{"rendered":"<p>Organic Shea Body Butter on t\u00e4ielik looduslik hooldus n\u00e4ole, kehale ja juustele. Toidab, kaitseb ja pehmendab kuiva ja v\u00e4ga kuiva nahka, rahustab punetust ja \u00e4rritust. See kehav\u00f5i parandab ja kaitseb tundlikku nahka. See sheav\u00f5i, mis on tunnustatud oma toitvate ja pehmendavate omaduste poolest, sobib ideaalselt v\u00e4ga kuivale nahale ja kustutab naha krokodilliefekti. Juuksemaskina muudab see teie juuksed pehmeks ja l\u00e4ikivaks.<\/p>\n<p>Igap\u00e4evane t\u00e4ielik looduslik hooldus on parim liitlane naha ja juuste esmaste vajaduste rahuldamiseks.<\/p>\n<p>See kreemja tekstuuriga sheav\u00f5i on valmistatud 100% mahep\u00f5llumajanduse koostisosadest ja on k\u00e4sitsi valmistatud Burkina Fasos.<\/p>\n<p>Kasutamine: Kasutage meie Shea kehav\u00f5id iga p\u00e4ev. Sulatage peopesas t\u00fckk v\u00f5id, seej\u00e4rel kandke ringjate liigutustega kehale kuni t\u00e4ieliku imendumiseni. Oodake m\u00f5ni hetk enne riietumist ja nautige selle hoolduse eeliseid kogu p\u00e4eva jooksul.<\/p>\n<p>Koostis: Butyrospermum Parkii Butter*<\/p>\n<p>* Mahep\u00f5llumajandusest p\u00e4rit koostisained.<\/p>\n<p>100% kogu koostisosadest on p\u00e4rit mahep\u00f5llumajandusest.<\/p>","protected":false},"excerpt":{"rendered":"<p>Organic Shea Body Butter on t\u00e4ielik looduslik hooldus n\u00e4ole, kehale ja juustele. Toidab, kaitseb ja pehmendab kuiva ja v\u00e4ga kuiva nahka, rahustab punetust ja \u00e4rritust. See kehav\u00f5i parandab ja kaitseb tundlikku nahka. See sheav\u00f5i, mis on tunnustatud oma toitvate ja pehmendavate omaduste poolest, sobib ideaalselt v\u00e4ga kuivale nahale ja kustutab naha krokodilliefekti. Juuksemaskina muudab see teie juuksed pehmeks ja l\u00e4ikivaks. [&hellip;]<\/p>\n","protected":false},"featured_media":918,"template":"","meta":[],"pwb-brand":[68],"product_brand":[],"product_cat":[32,31,66,69],"product_tag":[],"class_list":{"0":"post-917","1":"product","2":"type-product","3":"status-publish","4":"has-post-thumbnail","6":"pwb-brand-haut-segala","7":"product_cat-juustele","8":"product_cat-keha","9":"product_cat-lastele","10":"product_cat-olid","12":"first","13":"instock","14":"taxable","15":"shipping-taxable","16":"purchasable","17":"product-type-simple"},"yoast_head":"<!-- This site is optimized with the Yoast SEO plugin v27.3 - https:\/\/yoast.com\/product\/yoast-seo-wordpress\/ -->\n<title>Haut-S\u00e9gala Sheav\u00f5i 120ml - Glamico<\/title>\n<meta name=\"robots\" content=\"index, follow, max-snippet:-1, max-image-preview:large, max-video-preview:-1\" \/>\n<link rel=\"canonical\" href=\"https:\/\/glamico.ee\/en\/pood\/haut-segala-sheavoi-120ml\/\" \/>\n<meta property=\"og:locale\" content=\"en_US\" \/>\n<meta property=\"og:type\" content=\"article\" \/>\n<meta property=\"og:title\" content=\"Haut-S\u00e9gala Sheav\u00f5i 120ml - Glamico\" \/>\n<meta property=\"og:description\" content=\"Organic Shea Body Butter on t\u00e4ielik looduslik hooldus n\u00e4ole, kehale ja juustele. Toidab, kaitseb ja pehmendab kuiva ja v\u00e4ga kuiva nahka, rahustab punetust ja \u00e4rritust. See kehav\u00f5i parandab ja kaitseb tundlikku nahka. See sheav\u00f5i, mis on tunnustatud oma toitvate ja pehmendavate omaduste poolest, sobib ideaalselt v\u00e4ga kuivale nahale ja kustutab naha krokodilliefekti. Juuksemaskina muudab see teie juuksed pehmeks ja l\u00e4ikivaks. [&hellip;]\" \/>\n<meta property=\"og:url\" content=\"https:\/\/glamico.ee\/en\/pood\/haut-segala-sheavoi-120ml\/\" \/>\n<meta property=\"og:site_name\" content=\"Glamico\" \/>\n<meta property=\"article:modified_time\" content=\"2026-01-24T14:13:17+00:00\" \/>\n<meta property=\"og:image\" content=\"https:\/\/glamico.ee\/wp-content\/uploads\/2024\/01\/bc-karite-120-ml.png\" \/>\n\t<meta property=\"og:image:width\" content=\"1801\" \/>\n\t<meta property=\"og:image:height\" content=\"2121\" \/>\n\t<meta property=\"og:image:type\" content=\"image\/png\" \/>\n<meta name=\"twitter:card\" content=\"summary_large_image\" \/>\n<meta name=\"twitter:label1\" content=\"Est. reading time\" \/>\n\t<meta name=\"twitter:data1\" content=\"1 minute\" \/>\n<script type=\"application\/ld+json\" class=\"yoast-schema-graph\">{\"@context\":\"https:\\\/\\\/schema.org\",\"@graph\":[{\"@type\":\"WebPage\",\"@id\":\"https:\\\/\\\/glamico.ee\\\/pood\\\/haut-segala-sheavoi-120ml\\\/\",\"url\":\"https:\\\/\\\/glamico.ee\\\/pood\\\/haut-segala-sheavoi-120ml\\\/\",\"name\":\"Haut-S\u00e9gala Sheav\u00f5i 120ml - Glamico\",\"isPartOf\":{\"@id\":\"https:\\\/\\\/glamico.ee\\\/#website\"},\"primaryImageOfPage\":{\"@id\":\"https:\\\/\\\/glamico.ee\\\/pood\\\/haut-segala-sheavoi-120ml\\\/#primaryimage\"},\"image\":{\"@id\":\"https:\\\/\\\/glamico.ee\\\/pood\\\/haut-segala-sheavoi-120ml\\\/#primaryimage\"},\"thumbnailUrl\":\"https:\\\/\\\/glamico.ee\\\/wp-content\\\/uploads\\\/2024\\\/01\\\/bc-karite-120-ml.png\",\"datePublished\":\"2024-01-20T20:56:24+00:00\",\"dateModified\":\"2026-01-24T14:13:17+00:00\",\"breadcrumb\":{\"@id\":\"https:\\\/\\\/glamico.ee\\\/pood\\\/haut-segala-sheavoi-120ml\\\/#breadcrumb\"},\"inLanguage\":\"en-US\",\"potentialAction\":[{\"@type\":\"ReadAction\",\"target\":[\"https:\\\/\\\/glamico.ee\\\/pood\\\/haut-segala-sheavoi-120ml\\\/\"]}]},{\"@type\":\"ImageObject\",\"inLanguage\":\"en-US\",\"@id\":\"https:\\\/\\\/glamico.ee\\\/pood\\\/haut-segala-sheavoi-120ml\\\/#primaryimage\",\"url\":\"https:\\\/\\\/glamico.ee\\\/wp-content\\\/uploads\\\/2024\\\/01\\\/bc-karite-120-ml.png\",\"contentUrl\":\"https:\\\/\\\/glamico.ee\\\/wp-content\\\/uploads\\\/2024\\\/01\\\/bc-karite-120-ml.png\",\"width\":1801,\"height\":2121},{\"@type\":\"BreadcrumbList\",\"@id\":\"https:\\\/\\\/glamico.ee\\\/pood\\\/haut-segala-sheavoi-120ml\\\/#breadcrumb\",\"itemListElement\":[{\"@type\":\"ListItem\",\"position\":1,\"name\":\"Home\",\"item\":\"https:\\\/\\\/glamico.ee\\\/\"},{\"@type\":\"ListItem\",\"position\":2,\"name\":\"Pood\",\"item\":\"https:\\\/\\\/glamico.ee\\\/pood\\\/\"},{\"@type\":\"ListItem\",\"position\":3,\"name\":\"Haut-S\u00e9gala Sheav\u00f5i 120ml\"}]},{\"@type\":\"WebSite\",\"@id\":\"https:\\\/\\\/glamico.ee\\\/#website\",\"url\":\"https:\\\/\\\/glamico.ee\\\/\",\"name\":\"Glamico\",\"description\":\"Ilutooted\",\"publisher\":{\"@id\":\"https:\\\/\\\/glamico.ee\\\/#organization\"},\"potentialAction\":[{\"@type\":\"SearchAction\",\"target\":{\"@type\":\"EntryPoint\",\"urlTemplate\":\"https:\\\/\\\/glamico.ee\\\/?s={search_term_string}\"},\"query-input\":{\"@type\":\"PropertyValueSpecification\",\"valueRequired\":true,\"valueName\":\"search_term_string\"}}],\"inLanguage\":\"en-US\"},{\"@type\":\"Organization\",\"@id\":\"https:\\\/\\\/glamico.ee\\\/#organization\",\"name\":\"Glamico Baltics O\u00dc\",\"url\":\"https:\\\/\\\/glamico.ee\\\/\",\"logo\":{\"@type\":\"ImageObject\",\"inLanguage\":\"en-US\",\"@id\":\"https:\\\/\\\/glamico.ee\\\/#\\\/schema\\\/logo\\\/image\\\/\",\"url\":\"https:\\\/\\\/glamico.ee\\\/wp-content\\\/uploads\\\/2025\\\/11\\\/Glamico-1.png\",\"contentUrl\":\"https:\\\/\\\/glamico.ee\\\/wp-content\\\/uploads\\\/2025\\\/11\\\/Glamico-1.png\",\"width\":627,\"height\":400,\"caption\":\"Glamico Baltics O\u00dc\"},\"image\":{\"@id\":\"https:\\\/\\\/glamico.ee\\\/#\\\/schema\\\/logo\\\/image\\\/\"},\"sameAs\":[\"https:\\\/\\\/www.instagram.com\\\/glamico.ee\\\/\"]}]}<\/script>\n<!-- \/ Yoast SEO plugin. -->","yoast_head_json":{"title":"Haut-S\u00e9gala Sheav\u00f5i 120ml - Glamico","robots":{"index":"index","follow":"follow","max-snippet":"max-snippet:-1","max-image-preview":"max-image-preview:large","max-video-preview":"max-video-preview:-1"},"canonical":"https:\/\/glamico.ee\/en\/pood\/haut-segala-sheavoi-120ml\/","og_locale":"en_US","og_type":"article","og_title":"Haut-S\u00e9gala Sheav\u00f5i 120ml - Glamico","og_description":"Organic Shea Body Butter on t\u00e4ielik looduslik hooldus n\u00e4ole, kehale ja juustele. Toidab, kaitseb ja pehmendab kuiva ja v\u00e4ga kuiva nahka, rahustab punetust ja \u00e4rritust. See kehav\u00f5i parandab ja kaitseb tundlikku nahka. See sheav\u00f5i, mis on tunnustatud oma toitvate ja pehmendavate omaduste poolest, sobib ideaalselt v\u00e4ga kuivale nahale ja kustutab naha krokodilliefekti. Juuksemaskina muudab see teie juuksed pehmeks ja l\u00e4ikivaks. [&hellip;]","og_url":"https:\/\/glamico.ee\/en\/pood\/haut-segala-sheavoi-120ml\/","og_site_name":"Glamico","article_modified_time":"2026-01-24T14:13:17+00:00","og_image":[{"width":1801,"height":2121,"url":"https:\/\/glamico.ee\/wp-content\/uploads\/2024\/01\/bc-karite-120-ml.png","type":"image\/png"}],"twitter_card":"summary_large_image","twitter_misc":{"Est. reading time":"1 minute"},"schema":{"@context":"https:\/\/schema.org","@graph":[{"@type":"WebPage","@id":"https:\/\/glamico.ee\/pood\/haut-segala-sheavoi-120ml\/","url":"https:\/\/glamico.ee\/pood\/haut-segala-sheavoi-120ml\/","name":"Haut-S\u00e9gala Sheav\u00f5i 120ml - Glamico","isPartOf":{"@id":"https:\/\/glamico.ee\/#website"},"primaryImageOfPage":{"@id":"https:\/\/glamico.ee\/pood\/haut-segala-sheavoi-120ml\/#primaryimage"},"image":{"@id":"https:\/\/glamico.ee\/pood\/haut-segala-sheavoi-120ml\/#primaryimage"},"thumbnailUrl":"https:\/\/glamico.ee\/wp-content\/uploads\/2024\/01\/bc-karite-120-ml.png","datePublished":"2024-01-20T20:56:24+00:00","dateModified":"2026-01-24T14:13:17+00:00","breadcrumb":{"@id":"https:\/\/glamico.ee\/pood\/haut-segala-sheavoi-120ml\/#breadcrumb"},"inLanguage":"en-US","potentialAction":[{"@type":"ReadAction","target":["https:\/\/glamico.ee\/pood\/haut-segala-sheavoi-120ml\/"]}]},{"@type":"ImageObject","inLanguage":"en-US","@id":"https:\/\/glamico.ee\/pood\/haut-segala-sheavoi-120ml\/#primaryimage","url":"https:\/\/glamico.ee\/wp-content\/uploads\/2024\/01\/bc-karite-120-ml.png","contentUrl":"https:\/\/glamico.ee\/wp-content\/uploads\/2024\/01\/bc-karite-120-ml.png","width":1801,"height":2121},{"@type":"BreadcrumbList","@id":"https:\/\/glamico.ee\/pood\/haut-segala-sheavoi-120ml\/#breadcrumb","itemListElement":[{"@type":"ListItem","position":1,"name":"Home","item":"https:\/\/glamico.ee\/"},{"@type":"ListItem","position":2,"name":"Pood","item":"https:\/\/glamico.ee\/pood\/"},{"@type":"ListItem","position":3,"name":"Haut-S\u00e9gala Sheav\u00f5i 120ml"}]},{"@type":"WebSite","@id":"https:\/\/glamico.ee\/#website","url":"https:\/\/glamico.ee\/","name":"Glamico","description":"Ilutooted","publisher":{"@id":"https:\/\/glamico.ee\/#organization"},"potentialAction":[{"@type":"SearchAction","target":{"@type":"EntryPoint","urlTemplate":"https:\/\/glamico.ee\/?s={search_term_string}"},"query-input":{"@type":"PropertyValueSpecification","valueRequired":true,"valueName":"search_term_string"}}],"inLanguage":"en-US"},{"@type":"Organization","@id":"https:\/\/glamico.ee\/#organization","name":"Glamico Baltics O\u00dc","url":"https:\/\/glamico.ee\/","logo":{"@type":"ImageObject","inLanguage":"en-US","@id":"https:\/\/glamico.ee\/#\/schema\/logo\/image\/","url":"https:\/\/glamico.ee\/wp-content\/uploads\/2025\/11\/Glamico-1.png","contentUrl":"https:\/\/glamico.ee\/wp-content\/uploads\/2025\/11\/Glamico-1.png","width":627,"height":400,"caption":"Glamico Baltics O\u00dc"},"image":{"@id":"https:\/\/glamico.ee\/#\/schema\/logo\/image\/"},"sameAs":["https:\/\/www.instagram.com\/glamico.ee\/"]}]}},"brands":[{"id":68,"name":"Laboratoire du Haut-S\u00e9gala","slug":"haut-segala"}],"_links":{"self":[{"href":"https:\/\/glamico.ee\/en\/wp-json\/wp\/v2\/product\/917","targetHints":{"allow":["GET"]}}],"collection":[{"href":"https:\/\/glamico.ee\/en\/wp-json\/wp\/v2\/product"}],"about":[{"href":"https:\/\/glamico.ee\/en\/wp-json\/wp\/v2\/types\/product"}],"version-history":[{"count":1,"href":"https:\/\/glamico.ee\/en\/wp-json\/wp\/v2\/product\/917\/revisions"}],"predecessor-version":[{"id":2280,"href":"https:\/\/glamico.ee\/en\/wp-json\/wp\/v2\/product\/917\/revisions\/2280"}],"wp:featuredmedia":[{"embeddable":true,"href":"https:\/\/glamico.ee\/en\/wp-json\/wp\/v2\/media\/918"}],"wp:attachment":[{"href":"https:\/\/glamico.ee\/en\/wp-json\/wp\/v2\/media?parent=917"}],"wp:term":[{"taxonomy":"pwb-brand","embeddable":true,"href":"https:\/\/glamico.ee\/en\/wp-json\/wp\/v2\/pwb-brand?post=917"},{"taxonomy":"product_brand","embeddable":true,"href":"https:\/\/glamico.ee\/en\/wp-json\/wp\/v2\/product_brand?post=917"},{"taxonomy":"product_cat","embeddable":true,"href":"https:\/\/glamico.ee\/en\/wp-json\/wp\/v2\/product_cat?post=917"},{"taxonomy":"product_tag","embeddable":true,"href":"https:\/\/glamico.ee\/en\/wp-json\/wp\/v2\/product_tag?post=917"}],"curies":[{"name":"wp","href":"https:\/\/api.w.org\/{rel}","templated":true}]}}