{"id":910,"date":"2024-01-20T22:27:12","date_gmt":"2024-01-20T20:27:12","guid":{"rendered":"https:\/\/glamico.ee\/?post_type=product&#038;p=910"},"modified":"2024-01-20T22:27:12","modified_gmt":"2024-01-20T20:27:12","slug":"haut-segala-sarapuupahkli-kehavoi-120ml","status":"publish","type":"product","link":"https:\/\/glamico.ee\/en\/pood\/haut-segala-sarapuupahkli-kehavoi-120ml\/","title":{"rendered":"Haut-S\u00e9gala Sarapuup\u00e4hkli kehav\u00f5i 120ml"},"content":{"rendered":"<p>Sarapuup\u00e4hkli\u00f5liga kehav\u00f5i on looduslik hooldus, mis sobib k\u00f5ikidele nahat\u00fc\u00fcpidele. See \u00fchendab endas toitvad, niisutavad ja pehmendavad omadused ning j\u00e4tab nahale \u00f5rna sarapuup\u00e4hkli l\u00f5hna.<br \/>\nSee kreemjas ja toitev kehav\u00f5i hoiab \u00e4ra ja parandab arme ja venitusarme. See \u00fchendab sheav\u00f5i toitvad ja pehmendavad omadused sarapuup\u00e4hkli taime\u00f5li taastavate ja ravivate omadustega. Selle koostis sisaldab ka kakaov\u00f5id, mis aitab nahka parandada. T\u00e4nu sellele t\u00e4ielikule looduslikule hooldusele on nahk elastsem ja s\u00fcgavamalt toidetud.<\/p>\n<p>See niisutaja, mis sisaldab 100% mahep\u00f5llumajandusest p\u00e4rit koostisosi, sealhulgas Burkina Fasos k\u00e4sitsi valmistatud sheav\u00f5id, pehmendab kuiva nahka ja muudab selle siledamaks.<\/p>\n<p>Ideaalne juustele, reguleerib rasu tootmist, samal ajal niisutades juuksekiudu. Kasutada maskina juukseotstel.<br \/>\nKasutamine: Kasutage meie sarapuup\u00e4hkli kehav\u00f5id iga p\u00e4ev. Sulatage peopesas t\u00fckk v\u00f5id, seej\u00e4rel kandke ringjate liigutustega kehale kuni t\u00e4ieliku imendumiseni. Oodake m\u00f5ni hetk enne riietumist ja nautige selle hoolduse eeliseid kogu p\u00e4eva jooksul!<\/p>\n<p>Juustele: sulatage peopesas t\u00fckk v\u00f5id, seej\u00e4rel kandke juustele. Laske m\u00f5juda v\u00e4hemalt 30 minutit, seej\u00e4rel peske juukseid tavap\u00e4rase \u0161ampooniga.<\/p>\n<p>Koostis: Butyrospermum Parkii Butter* , Corylus avellana nut oil*, Theobroma cacao seed butter*<\/p>\n<p>* Mahep\u00f5llumajandusest p\u00e4rit koostisained.<\/p>\n<p>100% kogu koostisosadest on p\u00e4rit mahep\u00f5llumajandusest.<\/p>","protected":false},"excerpt":{"rendered":"<p>Sarapuup\u00e4hkli\u00f5liga kehav\u00f5i on looduslik hooldus, mis sobib k\u00f5ikidele nahat\u00fc\u00fcpidele. See \u00fchendab endas toitvad, niisutavad ja pehmendavad omadused ning j\u00e4tab nahale \u00f5rna sarapuup\u00e4hkli l\u00f5hna. See kreemjas ja toitev kehav\u00f5i hoiab \u00e4ra ja parandab arme ja venitusarme. See \u00fchendab sheav\u00f5i toitvad ja pehmendavad omadused sarapuup\u00e4hkli taime\u00f5li taastavate ja ravivate omadustega. Selle koostis sisaldab ka kakaov\u00f5id, mis aitab nahka parandada. T\u00e4nu sellele t\u00e4ielikule [&hellip;]<\/p>\n","protected":false},"featured_media":911,"template":"","meta":[],"pwb-brand":[],"product_brand":[],"product_cat":[32,31,69],"product_tag":[],"class_list":{"0":"post-910","1":"product","2":"type-product","3":"status-publish","4":"has-post-thumbnail","6":"product_cat-juustele","7":"product_cat-keha","8":"product_cat-olid","10":"first","11":"instock","12":"taxable","13":"shipping-taxable","14":"purchasable","15":"product-type-simple"},"yoast_head":"<!-- This site is optimized with the Yoast SEO plugin v27.3 - https:\/\/yoast.com\/product\/yoast-seo-wordpress\/ -->\n<title>Haut-S\u00e9gala Sarapuup\u00e4hkli kehav\u00f5i 120ml - Glamico<\/title>\n<meta name=\"robots\" content=\"index, follow, max-snippet:-1, max-image-preview:large, max-video-preview:-1\" \/>\n<link rel=\"canonical\" href=\"https:\/\/glamico.ee\/en\/pood\/haut-segala-sarapuupahkli-kehavoi-120ml\/\" \/>\n<meta property=\"og:locale\" content=\"en_US\" \/>\n<meta property=\"og:type\" content=\"article\" \/>\n<meta property=\"og:title\" content=\"Haut-S\u00e9gala Sarapuup\u00e4hkli kehav\u00f5i 120ml - Glamico\" \/>\n<meta property=\"og:description\" content=\"Sarapuup\u00e4hkli\u00f5liga kehav\u00f5i on looduslik hooldus, mis sobib k\u00f5ikidele nahat\u00fc\u00fcpidele. See \u00fchendab endas toitvad, niisutavad ja pehmendavad omadused ning j\u00e4tab nahale \u00f5rna sarapuup\u00e4hkli l\u00f5hna. See kreemjas ja toitev kehav\u00f5i hoiab \u00e4ra ja parandab arme ja venitusarme. See \u00fchendab sheav\u00f5i toitvad ja pehmendavad omadused sarapuup\u00e4hkli taime\u00f5li taastavate ja ravivate omadustega. Selle koostis sisaldab ka kakaov\u00f5id, mis aitab nahka parandada. T\u00e4nu sellele t\u00e4ielikule [&hellip;]\" \/>\n<meta property=\"og:url\" content=\"https:\/\/glamico.ee\/en\/pood\/haut-segala-sarapuupahkli-kehavoi-120ml\/\" \/>\n<meta property=\"og:site_name\" content=\"Glamico\" \/>\n<meta property=\"og:image\" content=\"https:\/\/glamico.ee\/wp-content\/uploads\/2024\/01\/bc-noisette-120-ml.png\" \/>\n\t<meta property=\"og:image:width\" content=\"1801\" \/>\n\t<meta property=\"og:image:height\" content=\"2121\" \/>\n\t<meta property=\"og:image:type\" content=\"image\/png\" \/>\n<meta name=\"twitter:card\" content=\"summary_large_image\" \/>\n<meta name=\"twitter:label1\" content=\"Est. reading time\" \/>\n\t<meta name=\"twitter:data1\" content=\"1 minute\" \/>\n<script type=\"application\/ld+json\" class=\"yoast-schema-graph\">{\"@context\":\"https:\\\/\\\/schema.org\",\"@graph\":[{\"@type\":\"WebPage\",\"@id\":\"https:\\\/\\\/glamico.ee\\\/pood\\\/haut-segala-sarapuupahkli-kehavoi-120ml\\\/\",\"url\":\"https:\\\/\\\/glamico.ee\\\/pood\\\/haut-segala-sarapuupahkli-kehavoi-120ml\\\/\",\"name\":\"Haut-S\u00e9gala Sarapuup\u00e4hkli kehav\u00f5i 120ml - Glamico\",\"isPartOf\":{\"@id\":\"https:\\\/\\\/glamico.ee\\\/#website\"},\"primaryImageOfPage\":{\"@id\":\"https:\\\/\\\/glamico.ee\\\/pood\\\/haut-segala-sarapuupahkli-kehavoi-120ml\\\/#primaryimage\"},\"image\":{\"@id\":\"https:\\\/\\\/glamico.ee\\\/pood\\\/haut-segala-sarapuupahkli-kehavoi-120ml\\\/#primaryimage\"},\"thumbnailUrl\":\"https:\\\/\\\/glamico.ee\\\/wp-content\\\/uploads\\\/2024\\\/01\\\/bc-noisette-120-ml.png\",\"datePublished\":\"2024-01-20T20:27:12+00:00\",\"breadcrumb\":{\"@id\":\"https:\\\/\\\/glamico.ee\\\/pood\\\/haut-segala-sarapuupahkli-kehavoi-120ml\\\/#breadcrumb\"},\"inLanguage\":\"en-US\",\"potentialAction\":[{\"@type\":\"ReadAction\",\"target\":[\"https:\\\/\\\/glamico.ee\\\/pood\\\/haut-segala-sarapuupahkli-kehavoi-120ml\\\/\"]}]},{\"@type\":\"ImageObject\",\"inLanguage\":\"en-US\",\"@id\":\"https:\\\/\\\/glamico.ee\\\/pood\\\/haut-segala-sarapuupahkli-kehavoi-120ml\\\/#primaryimage\",\"url\":\"https:\\\/\\\/glamico.ee\\\/wp-content\\\/uploads\\\/2024\\\/01\\\/bc-noisette-120-ml.png\",\"contentUrl\":\"https:\\\/\\\/glamico.ee\\\/wp-content\\\/uploads\\\/2024\\\/01\\\/bc-noisette-120-ml.png\",\"width\":1801,\"height\":2121},{\"@type\":\"BreadcrumbList\",\"@id\":\"https:\\\/\\\/glamico.ee\\\/pood\\\/haut-segala-sarapuupahkli-kehavoi-120ml\\\/#breadcrumb\",\"itemListElement\":[{\"@type\":\"ListItem\",\"position\":1,\"name\":\"Home\",\"item\":\"https:\\\/\\\/glamico.ee\\\/\"},{\"@type\":\"ListItem\",\"position\":2,\"name\":\"Pood\",\"item\":\"https:\\\/\\\/glamico.ee\\\/pood\\\/\"},{\"@type\":\"ListItem\",\"position\":3,\"name\":\"Haut-S\u00e9gala Sarapuup\u00e4hkli kehav\u00f5i 120ml\"}]},{\"@type\":\"WebSite\",\"@id\":\"https:\\\/\\\/glamico.ee\\\/#website\",\"url\":\"https:\\\/\\\/glamico.ee\\\/\",\"name\":\"Glamico\",\"description\":\"Ilutooted\",\"publisher\":{\"@id\":\"https:\\\/\\\/glamico.ee\\\/#organization\"},\"potentialAction\":[{\"@type\":\"SearchAction\",\"target\":{\"@type\":\"EntryPoint\",\"urlTemplate\":\"https:\\\/\\\/glamico.ee\\\/?s={search_term_string}\"},\"query-input\":{\"@type\":\"PropertyValueSpecification\",\"valueRequired\":true,\"valueName\":\"search_term_string\"}}],\"inLanguage\":\"en-US\"},{\"@type\":\"Organization\",\"@id\":\"https:\\\/\\\/glamico.ee\\\/#organization\",\"name\":\"Glamico Baltics O\u00dc\",\"url\":\"https:\\\/\\\/glamico.ee\\\/\",\"logo\":{\"@type\":\"ImageObject\",\"inLanguage\":\"en-US\",\"@id\":\"https:\\\/\\\/glamico.ee\\\/#\\\/schema\\\/logo\\\/image\\\/\",\"url\":\"https:\\\/\\\/glamico.ee\\\/wp-content\\\/uploads\\\/2025\\\/11\\\/Glamico-1.png\",\"contentUrl\":\"https:\\\/\\\/glamico.ee\\\/wp-content\\\/uploads\\\/2025\\\/11\\\/Glamico-1.png\",\"width\":627,\"height\":400,\"caption\":\"Glamico Baltics O\u00dc\"},\"image\":{\"@id\":\"https:\\\/\\\/glamico.ee\\\/#\\\/schema\\\/logo\\\/image\\\/\"},\"sameAs\":[\"https:\\\/\\\/www.instagram.com\\\/glamico.ee\\\/\"]}]}<\/script>\n<!-- \/ Yoast SEO plugin. -->","yoast_head_json":{"title":"Haut-S\u00e9gala Sarapuup\u00e4hkli kehav\u00f5i 120ml - Glamico","robots":{"index":"index","follow":"follow","max-snippet":"max-snippet:-1","max-image-preview":"max-image-preview:large","max-video-preview":"max-video-preview:-1"},"canonical":"https:\/\/glamico.ee\/en\/pood\/haut-segala-sarapuupahkli-kehavoi-120ml\/","og_locale":"en_US","og_type":"article","og_title":"Haut-S\u00e9gala Sarapuup\u00e4hkli kehav\u00f5i 120ml - Glamico","og_description":"Sarapuup\u00e4hkli\u00f5liga kehav\u00f5i on looduslik hooldus, mis sobib k\u00f5ikidele nahat\u00fc\u00fcpidele. See \u00fchendab endas toitvad, niisutavad ja pehmendavad omadused ning j\u00e4tab nahale \u00f5rna sarapuup\u00e4hkli l\u00f5hna. See kreemjas ja toitev kehav\u00f5i hoiab \u00e4ra ja parandab arme ja venitusarme. See \u00fchendab sheav\u00f5i toitvad ja pehmendavad omadused sarapuup\u00e4hkli taime\u00f5li taastavate ja ravivate omadustega. Selle koostis sisaldab ka kakaov\u00f5id, mis aitab nahka parandada. T\u00e4nu sellele t\u00e4ielikule [&hellip;]","og_url":"https:\/\/glamico.ee\/en\/pood\/haut-segala-sarapuupahkli-kehavoi-120ml\/","og_site_name":"Glamico","og_image":[{"width":1801,"height":2121,"url":"https:\/\/glamico.ee\/wp-content\/uploads\/2024\/01\/bc-noisette-120-ml.png","type":"image\/png"}],"twitter_card":"summary_large_image","twitter_misc":{"Est. reading time":"1 minute"},"schema":{"@context":"https:\/\/schema.org","@graph":[{"@type":"WebPage","@id":"https:\/\/glamico.ee\/pood\/haut-segala-sarapuupahkli-kehavoi-120ml\/","url":"https:\/\/glamico.ee\/pood\/haut-segala-sarapuupahkli-kehavoi-120ml\/","name":"Haut-S\u00e9gala Sarapuup\u00e4hkli kehav\u00f5i 120ml - Glamico","isPartOf":{"@id":"https:\/\/glamico.ee\/#website"},"primaryImageOfPage":{"@id":"https:\/\/glamico.ee\/pood\/haut-segala-sarapuupahkli-kehavoi-120ml\/#primaryimage"},"image":{"@id":"https:\/\/glamico.ee\/pood\/haut-segala-sarapuupahkli-kehavoi-120ml\/#primaryimage"},"thumbnailUrl":"https:\/\/glamico.ee\/wp-content\/uploads\/2024\/01\/bc-noisette-120-ml.png","datePublished":"2024-01-20T20:27:12+00:00","breadcrumb":{"@id":"https:\/\/glamico.ee\/pood\/haut-segala-sarapuupahkli-kehavoi-120ml\/#breadcrumb"},"inLanguage":"en-US","potentialAction":[{"@type":"ReadAction","target":["https:\/\/glamico.ee\/pood\/haut-segala-sarapuupahkli-kehavoi-120ml\/"]}]},{"@type":"ImageObject","inLanguage":"en-US","@id":"https:\/\/glamico.ee\/pood\/haut-segala-sarapuupahkli-kehavoi-120ml\/#primaryimage","url":"https:\/\/glamico.ee\/wp-content\/uploads\/2024\/01\/bc-noisette-120-ml.png","contentUrl":"https:\/\/glamico.ee\/wp-content\/uploads\/2024\/01\/bc-noisette-120-ml.png","width":1801,"height":2121},{"@type":"BreadcrumbList","@id":"https:\/\/glamico.ee\/pood\/haut-segala-sarapuupahkli-kehavoi-120ml\/#breadcrumb","itemListElement":[{"@type":"ListItem","position":1,"name":"Home","item":"https:\/\/glamico.ee\/"},{"@type":"ListItem","position":2,"name":"Pood","item":"https:\/\/glamico.ee\/pood\/"},{"@type":"ListItem","position":3,"name":"Haut-S\u00e9gala Sarapuup\u00e4hkli kehav\u00f5i 120ml"}]},{"@type":"WebSite","@id":"https:\/\/glamico.ee\/#website","url":"https:\/\/glamico.ee\/","name":"Glamico","description":"Ilutooted","publisher":{"@id":"https:\/\/glamico.ee\/#organization"},"potentialAction":[{"@type":"SearchAction","target":{"@type":"EntryPoint","urlTemplate":"https:\/\/glamico.ee\/?s={search_term_string}"},"query-input":{"@type":"PropertyValueSpecification","valueRequired":true,"valueName":"search_term_string"}}],"inLanguage":"en-US"},{"@type":"Organization","@id":"https:\/\/glamico.ee\/#organization","name":"Glamico Baltics O\u00dc","url":"https:\/\/glamico.ee\/","logo":{"@type":"ImageObject","inLanguage":"en-US","@id":"https:\/\/glamico.ee\/#\/schema\/logo\/image\/","url":"https:\/\/glamico.ee\/wp-content\/uploads\/2025\/11\/Glamico-1.png","contentUrl":"https:\/\/glamico.ee\/wp-content\/uploads\/2025\/11\/Glamico-1.png","width":627,"height":400,"caption":"Glamico Baltics O\u00dc"},"image":{"@id":"https:\/\/glamico.ee\/#\/schema\/logo\/image\/"},"sameAs":["https:\/\/www.instagram.com\/glamico.ee\/"]}]}},"brands":[],"_links":{"self":[{"href":"https:\/\/glamico.ee\/en\/wp-json\/wp\/v2\/product\/910","targetHints":{"allow":["GET"]}}],"collection":[{"href":"https:\/\/glamico.ee\/en\/wp-json\/wp\/v2\/product"}],"about":[{"href":"https:\/\/glamico.ee\/en\/wp-json\/wp\/v2\/types\/product"}],"version-history":[{"count":0,"href":"https:\/\/glamico.ee\/en\/wp-json\/wp\/v2\/product\/910\/revisions"}],"wp:featuredmedia":[{"embeddable":true,"href":"https:\/\/glamico.ee\/en\/wp-json\/wp\/v2\/media\/911"}],"wp:attachment":[{"href":"https:\/\/glamico.ee\/en\/wp-json\/wp\/v2\/media?parent=910"}],"wp:term":[{"taxonomy":"pwb-brand","embeddable":true,"href":"https:\/\/glamico.ee\/en\/wp-json\/wp\/v2\/pwb-brand?post=910"},{"taxonomy":"product_brand","embeddable":true,"href":"https:\/\/glamico.ee\/en\/wp-json\/wp\/v2\/product_brand?post=910"},{"taxonomy":"product_cat","embeddable":true,"href":"https:\/\/glamico.ee\/en\/wp-json\/wp\/v2\/product_cat?post=910"},{"taxonomy":"product_tag","embeddable":true,"href":"https:\/\/glamico.ee\/en\/wp-json\/wp\/v2\/product_tag?post=910"}],"curies":[{"name":"wp","href":"https:\/\/api.w.org\/{rel}","templated":true}]}}