{"id":3546,"date":"2026-05-05T16:31:55","date_gmt":"2026-05-05T14:31:55","guid":{"rendered":"https:\/\/glamico.ee\/?post_type=product&#038;p=3546"},"modified":"2026-05-05T16:31:55","modified_gmt":"2026-05-05T14:31:55","slug":"swederm-watermelon-body-scrub-arbuusilohnaline-kehakoorija-275g","status":"publish","type":"product","link":"https:\/\/glamico.ee\/en\/pood\/swederm-watermelon-body-scrub-arbuusilohnaline-kehakoorija-275g\/","title":{"rendered":"Swederm Watermelon Body Scrub Arbuusil\u00f5hnaline Kehakoorija 275g"},"content":{"rendered":"<p>Koorija sisaldab suhkru- ja soolakristalle, mis v\u00f5imaldavad t\u00f5husalt ning kiiresti eemaldada epidermise sarvestunud kihi, muutes naha pehmeks ja sametiselt siledaks. Rapsi- ja jojoba\u00f5liga rikastatud koostis loob naha pinnale kaitsva kihi, mis hoiab \u00e4ra liigse niiskuse aurustumise ja s\u00e4ilitab naha \u00f5ige niiskustaseme. Nahk j\u00e4\u00e4b s\u00fcgavalt pehmendatud ja katsudes erakordselt meeldiv. T\u00e4nu lisatud E-vitamiinile on toote koostisosadel ka tugev antioks\u00fcdantne toime.<\/p>\n<p><strong>Kuidas arbuusil\u00f5hnaline kehakoorija toimib?<\/strong><\/p>\n<ul>\n<li><strong>Suhkru- ja soolakristallid:<\/strong> Pakuvad t\u00f5husat topeltkoorimist, mis eemaldab kiiresti naha pinnale kogunenud kuivad ja karedad rakud.<\/li>\n<li><strong>Rapsi- ja jojoba\u00f5li:<\/strong> Toidavad nahka s\u00fcgavuti, lukustavad niiskuse naha s\u00fcgavamatesse kihtidesse ja hoiavad \u00e4ra kuivustunde p\u00e4rast pesemist.<\/li>\n<li><strong>E-vitamiin:<\/strong> Kaitseb nahka vabade radikaalide ja enneaegse vananemise eest, toetades naha tervist.<\/li>\n<li><strong>Hoolduse t\u00f5hustamine:<\/strong> Eemaldades nahalt barj\u00e4\u00e4riks oleva kuiva kihi, lihtsustab koorija j\u00e4rgmisena peale kantavate kehakreemide ja -\u00f5lide aktiivainete s\u00fcgavat imendumist.<\/li>\n<\/ul>\n<p><strong>Kasutamine:<\/strong><\/p>\n<p>Tavap\u00e4rane hooldus: Kandke koorija puhtale, niiskele nahale ja masseerige keha \u00f5rnade ringjate liigutustega, kuni suhkru- ja soolakristallid on t\u00e4ielikult lahustunud. Seej\u00e4rel loputage p\u00f5hjalikult veega.<\/p>\n<p>Intensiivsem efekt: Tugevama kooriva toime saavutamiseks kandke toode enne du\u0161i alla minekut otse kuivale nahale ja masseerige ringjate liigutustega.<\/p>\n<p>\u26a0\ufe0f T\u00e4helepanu: Soolasisalduse t\u00f5ttu \u00e4rge kasutage koorijat \u00e4rritunud v\u00f5i vigastatud nahal ega \u00f5rnades intiimpiirkondades.<\/p>\n<p><strong>Koostis:<\/strong>\u00a0Paraffinum Liquidum, Sucrose, Sodium Chloride, Ethylhexyl Stearate, PEG-40 Hydrogenated Castor Oil, Petrolatum, Silica, Caprylic\/Capric Triglyceride, Tocopheryl Acetate, Simmondsia Chinensis Seed Oil, Canola Oil, Mica, Citric Acid, Ethylhexylglycerin, Phenoxyethanol, Parfum, Citrus Aurantium Peel Oil, Limonene, Linalool, Terpineol, CI 77891, CI 16255.<\/p>","protected":false},"excerpt":{"rendered":"<p>BODY SCRUB WATERMELON on suvise ja mahlase arbuusil\u00f5hnaga suhkru-soola kehakoorija. Toode koorib intensiivselt surnud naharakke, v\u00e4hendab naha kuivust ning karedust ja toetab selle optimaalset niisutatust. P\u00e4rast koorijaga masseerimist taastub naha siledus ja elastsus ning paraneb m\u00e4rgatavalt selle \u00fcldine seisund, j\u00e4ttes keha t\u00e4iuslikult ettevalmistatuks j\u00e4rgmisteks hooldusetappideks.<\/p>","protected":false},"featured_media":3550,"template":"","meta":[],"pwb-brand":[92],"product_brand":[],"product_cat":[31],"product_tag":[],"class_list":{"0":"post-3546","1":"product","2":"type-product","3":"status-publish","4":"has-post-thumbnail","6":"pwb-brand-swederm","7":"product_cat-keha","9":"first","10":"instock","11":"taxable","12":"shipping-taxable","13":"purchasable","14":"product-type-simple"},"yoast_head":"<!-- This site is optimized with the Yoast SEO plugin v27.5 - https:\/\/yoast.com\/product\/yoast-seo-wordpress\/ -->\n<title>Swederm Watermelon Body Scrub Arbuusil\u00f5hnaline Kehakoorija 275g - Glamico<\/title>\n<meta name=\"description\" content=\"BODY SCRUB WATERMELON on suvise ja mahlase arbuusil\u00f5hnaga suhkru-soola kehakoorija. Toode koorib intensiivselt surnud naharakke, v\u00e4hendab naha kuivust ning karedust ja toetab selle optimaalset niisutatust. P\u00e4rast koorijaga masseerimist taastub naha siledus ja elastsus ning paraneb m\u00e4rgatavalt selle \u00fcldine seisund, j\u00e4ttes keha t\u00e4iuslikult ettevalmistatuks j\u00e4rgmisteks hooldusetappideks.\" \/>\n<meta name=\"robots\" content=\"index, follow, max-snippet:-1, max-image-preview:large, max-video-preview:-1\" \/>\n<link rel=\"canonical\" href=\"https:\/\/glamico.ee\/en\/pood\/swederm-watermelon-body-scrub-arbuusilohnaline-kehakoorija-275g\/\" \/>\n<meta property=\"og:locale\" content=\"en_US\" \/>\n<meta property=\"og:type\" content=\"article\" \/>\n<meta property=\"og:title\" content=\"Swederm Watermelon Body Scrub Arbuusil\u00f5hnaline Kehakoorija 275g - Glamico\" \/>\n<meta property=\"og:description\" content=\"BODY SCRUB WATERMELON on suvise ja mahlase arbuusil\u00f5hnaga suhkru-soola kehakoorija. Toode koorib intensiivselt surnud naharakke, v\u00e4hendab naha kuivust ning karedust ja toetab selle optimaalset niisutatust. P\u00e4rast koorijaga masseerimist taastub naha siledus ja elastsus ning paraneb m\u00e4rgatavalt selle \u00fcldine seisund, j\u00e4ttes keha t\u00e4iuslikult ettevalmistatuks j\u00e4rgmisteks hooldusetappideks.\" \/>\n<meta property=\"og:url\" content=\"https:\/\/glamico.ee\/en\/pood\/swederm-watermelon-body-scrub-arbuusilohnaline-kehakoorija-275g\/\" \/>\n<meta property=\"og:site_name\" content=\"Glamico\" \/>\n<meta property=\"og:image\" content=\"https:\/\/glamico.ee\/wp-content\/uploads\/2026\/05\/Body_Scrub_Watermelon_packshot.webp\" \/>\n\t<meta property=\"og:image:width\" content=\"1160\" \/>\n\t<meta property=\"og:image:height\" content=\"1547\" \/>\n\t<meta property=\"og:image:type\" content=\"image\/webp\" \/>\n<meta name=\"twitter:card\" content=\"summary_large_image\" \/>\n<meta name=\"twitter:label1\" content=\"Est. reading time\" \/>\n\t<meta name=\"twitter:data1\" content=\"2 minutes\" \/>\n<script type=\"application\/ld+json\" class=\"yoast-schema-graph\">{\"@context\":\"https:\\\/\\\/schema.org\",\"@graph\":[{\"@type\":\"WebPage\",\"@id\":\"https:\\\/\\\/glamico.ee\\\/pood\\\/swederm-watermelon-body-scrub-arbuusilohnaline-kehakoorija-275g\\\/\",\"url\":\"https:\\\/\\\/glamico.ee\\\/pood\\\/swederm-watermelon-body-scrub-arbuusilohnaline-kehakoorija-275g\\\/\",\"name\":\"Swederm Watermelon Body Scrub Arbuusil\u00f5hnaline Kehakoorija 275g - Glamico\",\"isPartOf\":{\"@id\":\"https:\\\/\\\/glamico.ee\\\/#website\"},\"primaryImageOfPage\":{\"@id\":\"https:\\\/\\\/glamico.ee\\\/pood\\\/swederm-watermelon-body-scrub-arbuusilohnaline-kehakoorija-275g\\\/#primaryimage\"},\"image\":{\"@id\":\"https:\\\/\\\/glamico.ee\\\/pood\\\/swederm-watermelon-body-scrub-arbuusilohnaline-kehakoorija-275g\\\/#primaryimage\"},\"thumbnailUrl\":\"https:\\\/\\\/glamico.ee\\\/wp-content\\\/uploads\\\/2026\\\/05\\\/Body_Scrub_Watermelon_packshot.webp\",\"datePublished\":\"2026-05-05T14:31:55+00:00\",\"description\":\"BODY SCRUB WATERMELON on suvise ja mahlase arbuusil\u00f5hnaga suhkru-soola kehakoorija. Toode koorib intensiivselt surnud naharakke, v\u00e4hendab naha kuivust ning karedust ja toetab selle optimaalset niisutatust. P\u00e4rast koorijaga masseerimist taastub naha siledus ja elastsus ning paraneb m\u00e4rgatavalt selle \u00fcldine seisund, j\u00e4ttes keha t\u00e4iuslikult ettevalmistatuks j\u00e4rgmisteks hooldusetappideks.\",\"breadcrumb\":{\"@id\":\"https:\\\/\\\/glamico.ee\\\/pood\\\/swederm-watermelon-body-scrub-arbuusilohnaline-kehakoorija-275g\\\/#breadcrumb\"},\"inLanguage\":\"en-US\",\"potentialAction\":[{\"@type\":\"ReadAction\",\"target\":[\"https:\\\/\\\/glamico.ee\\\/pood\\\/swederm-watermelon-body-scrub-arbuusilohnaline-kehakoorija-275g\\\/\"]}]},{\"@type\":\"ImageObject\",\"inLanguage\":\"en-US\",\"@id\":\"https:\\\/\\\/glamico.ee\\\/pood\\\/swederm-watermelon-body-scrub-arbuusilohnaline-kehakoorija-275g\\\/#primaryimage\",\"url\":\"https:\\\/\\\/glamico.ee\\\/wp-content\\\/uploads\\\/2026\\\/05\\\/Body_Scrub_Watermelon_packshot.webp\",\"contentUrl\":\"https:\\\/\\\/glamico.ee\\\/wp-content\\\/uploads\\\/2026\\\/05\\\/Body_Scrub_Watermelon_packshot.webp\",\"width\":1160,\"height\":1547},{\"@type\":\"BreadcrumbList\",\"@id\":\"https:\\\/\\\/glamico.ee\\\/pood\\\/swederm-watermelon-body-scrub-arbuusilohnaline-kehakoorija-275g\\\/#breadcrumb\",\"itemListElement\":[{\"@type\":\"ListItem\",\"position\":1,\"name\":\"Home\",\"item\":\"https:\\\/\\\/glamico.ee\\\/\"},{\"@type\":\"ListItem\",\"position\":2,\"name\":\"Pood\",\"item\":\"https:\\\/\\\/glamico.ee\\\/pood\\\/\"},{\"@type\":\"ListItem\",\"position\":3,\"name\":\"Swederm Watermelon Body Scrub Arbuusil\u00f5hnaline Kehakoorija 275g\"}]},{\"@type\":\"WebSite\",\"@id\":\"https:\\\/\\\/glamico.ee\\\/#website\",\"url\":\"https:\\\/\\\/glamico.ee\\\/\",\"name\":\"Glamico\",\"description\":\"Ilutooted\",\"publisher\":{\"@id\":\"https:\\\/\\\/glamico.ee\\\/#organization\"},\"potentialAction\":[{\"@type\":\"SearchAction\",\"target\":{\"@type\":\"EntryPoint\",\"urlTemplate\":\"https:\\\/\\\/glamico.ee\\\/?s={search_term_string}\"},\"query-input\":{\"@type\":\"PropertyValueSpecification\",\"valueRequired\":true,\"valueName\":\"search_term_string\"}}],\"inLanguage\":\"en-US\"},{\"@type\":\"Organization\",\"@id\":\"https:\\\/\\\/glamico.ee\\\/#organization\",\"name\":\"Glamico Baltics O\u00dc\",\"url\":\"https:\\\/\\\/glamico.ee\\\/\",\"logo\":{\"@type\":\"ImageObject\",\"inLanguage\":\"en-US\",\"@id\":\"https:\\\/\\\/glamico.ee\\\/#\\\/schema\\\/logo\\\/image\\\/\",\"url\":\"https:\\\/\\\/glamico.ee\\\/wp-content\\\/uploads\\\/2025\\\/11\\\/Glamico-1.png\",\"contentUrl\":\"https:\\\/\\\/glamico.ee\\\/wp-content\\\/uploads\\\/2025\\\/11\\\/Glamico-1.png\",\"width\":627,\"height\":400,\"caption\":\"Glamico Baltics O\u00dc\"},\"image\":{\"@id\":\"https:\\\/\\\/glamico.ee\\\/#\\\/schema\\\/logo\\\/image\\\/\"},\"sameAs\":[\"https:\\\/\\\/www.instagram.com\\\/glamico.ee\\\/\"]}]}<\/script>\n<!-- \/ Yoast SEO plugin. -->","yoast_head_json":{"title":"Swederm Watermelon Body Scrub Arbuusil\u00f5hnaline Kehakoorija 275g - Glamico","description":"BODY SCRUB WATERMELON on suvise ja mahlase arbuusil\u00f5hnaga suhkru-soola kehakoorija. Toode koorib intensiivselt surnud naharakke, v\u00e4hendab naha kuivust ning karedust ja toetab selle optimaalset niisutatust. P\u00e4rast koorijaga masseerimist taastub naha siledus ja elastsus ning paraneb m\u00e4rgatavalt selle \u00fcldine seisund, j\u00e4ttes keha t\u00e4iuslikult ettevalmistatuks j\u00e4rgmisteks hooldusetappideks.","robots":{"index":"index","follow":"follow","max-snippet":"max-snippet:-1","max-image-preview":"max-image-preview:large","max-video-preview":"max-video-preview:-1"},"canonical":"https:\/\/glamico.ee\/en\/pood\/swederm-watermelon-body-scrub-arbuusilohnaline-kehakoorija-275g\/","og_locale":"en_US","og_type":"article","og_title":"Swederm Watermelon Body Scrub Arbuusil\u00f5hnaline Kehakoorija 275g - Glamico","og_description":"BODY SCRUB WATERMELON on suvise ja mahlase arbuusil\u00f5hnaga suhkru-soola kehakoorija. Toode koorib intensiivselt surnud naharakke, v\u00e4hendab naha kuivust ning karedust ja toetab selle optimaalset niisutatust. P\u00e4rast koorijaga masseerimist taastub naha siledus ja elastsus ning paraneb m\u00e4rgatavalt selle \u00fcldine seisund, j\u00e4ttes keha t\u00e4iuslikult ettevalmistatuks j\u00e4rgmisteks hooldusetappideks.","og_url":"https:\/\/glamico.ee\/en\/pood\/swederm-watermelon-body-scrub-arbuusilohnaline-kehakoorija-275g\/","og_site_name":"Glamico","og_image":[{"width":1160,"height":1547,"url":"https:\/\/glamico.ee\/wp-content\/uploads\/2026\/05\/Body_Scrub_Watermelon_packshot.webp","type":"image\/webp"}],"twitter_card":"summary_large_image","twitter_misc":{"Est. reading time":"2 minutes"},"schema":{"@context":"https:\/\/schema.org","@graph":[{"@type":"WebPage","@id":"https:\/\/glamico.ee\/pood\/swederm-watermelon-body-scrub-arbuusilohnaline-kehakoorija-275g\/","url":"https:\/\/glamico.ee\/pood\/swederm-watermelon-body-scrub-arbuusilohnaline-kehakoorija-275g\/","name":"Swederm Watermelon Body Scrub Arbuusil\u00f5hnaline Kehakoorija 275g - Glamico","isPartOf":{"@id":"https:\/\/glamico.ee\/#website"},"primaryImageOfPage":{"@id":"https:\/\/glamico.ee\/pood\/swederm-watermelon-body-scrub-arbuusilohnaline-kehakoorija-275g\/#primaryimage"},"image":{"@id":"https:\/\/glamico.ee\/pood\/swederm-watermelon-body-scrub-arbuusilohnaline-kehakoorija-275g\/#primaryimage"},"thumbnailUrl":"https:\/\/glamico.ee\/wp-content\/uploads\/2026\/05\/Body_Scrub_Watermelon_packshot.webp","datePublished":"2026-05-05T14:31:55+00:00","description":"BODY SCRUB WATERMELON on suvise ja mahlase arbuusil\u00f5hnaga suhkru-soola kehakoorija. Toode koorib intensiivselt surnud naharakke, v\u00e4hendab naha kuivust ning karedust ja toetab selle optimaalset niisutatust. P\u00e4rast koorijaga masseerimist taastub naha siledus ja elastsus ning paraneb m\u00e4rgatavalt selle \u00fcldine seisund, j\u00e4ttes keha t\u00e4iuslikult ettevalmistatuks j\u00e4rgmisteks hooldusetappideks.","breadcrumb":{"@id":"https:\/\/glamico.ee\/pood\/swederm-watermelon-body-scrub-arbuusilohnaline-kehakoorija-275g\/#breadcrumb"},"inLanguage":"en-US","potentialAction":[{"@type":"ReadAction","target":["https:\/\/glamico.ee\/pood\/swederm-watermelon-body-scrub-arbuusilohnaline-kehakoorija-275g\/"]}]},{"@type":"ImageObject","inLanguage":"en-US","@id":"https:\/\/glamico.ee\/pood\/swederm-watermelon-body-scrub-arbuusilohnaline-kehakoorija-275g\/#primaryimage","url":"https:\/\/glamico.ee\/wp-content\/uploads\/2026\/05\/Body_Scrub_Watermelon_packshot.webp","contentUrl":"https:\/\/glamico.ee\/wp-content\/uploads\/2026\/05\/Body_Scrub_Watermelon_packshot.webp","width":1160,"height":1547},{"@type":"BreadcrumbList","@id":"https:\/\/glamico.ee\/pood\/swederm-watermelon-body-scrub-arbuusilohnaline-kehakoorija-275g\/#breadcrumb","itemListElement":[{"@type":"ListItem","position":1,"name":"Home","item":"https:\/\/glamico.ee\/"},{"@type":"ListItem","position":2,"name":"Pood","item":"https:\/\/glamico.ee\/pood\/"},{"@type":"ListItem","position":3,"name":"Swederm Watermelon Body Scrub Arbuusil\u00f5hnaline Kehakoorija 275g"}]},{"@type":"WebSite","@id":"https:\/\/glamico.ee\/#website","url":"https:\/\/glamico.ee\/","name":"Glamico","description":"Ilutooted","publisher":{"@id":"https:\/\/glamico.ee\/#organization"},"potentialAction":[{"@type":"SearchAction","target":{"@type":"EntryPoint","urlTemplate":"https:\/\/glamico.ee\/?s={search_term_string}"},"query-input":{"@type":"PropertyValueSpecification","valueRequired":true,"valueName":"search_term_string"}}],"inLanguage":"en-US"},{"@type":"Organization","@id":"https:\/\/glamico.ee\/#organization","name":"Glamico Baltics O\u00dc","url":"https:\/\/glamico.ee\/","logo":{"@type":"ImageObject","inLanguage":"en-US","@id":"https:\/\/glamico.ee\/#\/schema\/logo\/image\/","url":"https:\/\/glamico.ee\/wp-content\/uploads\/2025\/11\/Glamico-1.png","contentUrl":"https:\/\/glamico.ee\/wp-content\/uploads\/2025\/11\/Glamico-1.png","width":627,"height":400,"caption":"Glamico Baltics O\u00dc"},"image":{"@id":"https:\/\/glamico.ee\/#\/schema\/logo\/image\/"},"sameAs":["https:\/\/www.instagram.com\/glamico.ee\/"]}]}},"brands":[{"id":92,"name":"Swederm","slug":"swederm"}],"_links":{"self":[{"href":"https:\/\/glamico.ee\/en\/wp-json\/wp\/v2\/product\/3546","targetHints":{"allow":["GET"]}}],"collection":[{"href":"https:\/\/glamico.ee\/en\/wp-json\/wp\/v2\/product"}],"about":[{"href":"https:\/\/glamico.ee\/en\/wp-json\/wp\/v2\/types\/product"}],"version-history":[{"count":1,"href":"https:\/\/glamico.ee\/en\/wp-json\/wp\/v2\/product\/3546\/revisions"}],"predecessor-version":[{"id":3551,"href":"https:\/\/glamico.ee\/en\/wp-json\/wp\/v2\/product\/3546\/revisions\/3551"}],"wp:featuredmedia":[{"embeddable":true,"href":"https:\/\/glamico.ee\/en\/wp-json\/wp\/v2\/media\/3550"}],"wp:attachment":[{"href":"https:\/\/glamico.ee\/en\/wp-json\/wp\/v2\/media?parent=3546"}],"wp:term":[{"taxonomy":"pwb-brand","embeddable":true,"href":"https:\/\/glamico.ee\/en\/wp-json\/wp\/v2\/pwb-brand?post=3546"},{"taxonomy":"product_brand","embeddable":true,"href":"https:\/\/glamico.ee\/en\/wp-json\/wp\/v2\/product_brand?post=3546"},{"taxonomy":"product_cat","embeddable":true,"href":"https:\/\/glamico.ee\/en\/wp-json\/wp\/v2\/product_cat?post=3546"},{"taxonomy":"product_tag","embeddable":true,"href":"https:\/\/glamico.ee\/en\/wp-json\/wp\/v2\/product_tag?post=3546"}],"curies":[{"name":"wp","href":"https:\/\/api.w.org\/{rel}","templated":true}]}}