{"id":3539,"date":"2026-05-05T16:20:46","date_gmt":"2026-05-05T14:20:46","guid":{"rendered":"https:\/\/glamico.ee\/?post_type=product&#038;p=3539"},"modified":"2026-05-05T16:20:46","modified_gmt":"2026-05-05T14:20:46","slug":"swederm-peony-body-scrub-pojengilohnaline-kehakoorija-275g","status":"publish","type":"product","link":"https:\/\/glamico.ee\/en\/pood\/swederm-peony-body-scrub-pojengilohnaline-kehakoorija-275g\/","title":{"rendered":"Swederm Peony Body Scrub Pojengil\u00f5hnaline Kehakoorija 275g"},"content":{"rendered":"<p>Koorijas sisalduvad suhkrukristallid eemaldavad t\u00f5husalt ja kiiresti epidermise sarvestunud kihi, muutes naha sametiselt pehmeks ja siledaks. Chia- ja monoi\u00f5lidega rikastatud koostis loob naha pinnale kaitsva kihi, mis hoiab \u00e4ra liigse niiskuse aurustumise ja s\u00e4ilitab naha \u00f5ige niiskustaseme. T\u00e4nu E-vitamiini lisandile on tootel ka tugevad antioks\u00fcdantsed omadused.<\/p>\n<p><strong>Kuidas PEONY kehakoorija toimib?<\/strong><\/p>\n<ul>\n<li><strong>Suhkrukristallid<\/strong>: Tagavad \u00f5rna, kuid t\u00f5husa mehaanilise koorimise, mis lahustub masseerimise k\u00e4igus ja silub nahapinda ilma seda \u00e4rritamata.<\/li>\n<li><strong>Chia- ja monoi\u00f5li<\/strong>: Toidavad ja pehmendavad nahka s\u00fcgavuti, lukustavad vajaliku niiskuse ning j\u00e4tavad naha katsudes erakordselt siidiseks.<\/li>\n<li><strong>E-vitamiin<\/strong>: Toimib tugeva antioks\u00fcdandina, kaitstes nahka enneaegse vananemise ja keskkonnam\u00f5jude eest.<\/li>\n<li><strong>Parem imendumine<\/strong>: Eemaldades surnud naharakud, h\u00f5lbustab koorija j\u00e4rgmisena peale kantavate kehakreemide ja -\u00f5lide aktiivsete koostisosade s\u00fcgavamat imendumist.<\/li>\n<\/ul>\n<p><strong>Kasutamine:<\/strong><\/p>\n<ul>\n<li>Tavap\u00e4rane hooldus: Kandke koorija puhtale, niiskele nahale ja masseerige keha \u00f5rnade ringjate liigutustega, kuni suhkrukristallid on t\u00e4ielikult lahustunud. Seej\u00e4rel loputage p\u00f5hjalikult sooja veega.<\/li>\n<li>Intensiivsem efekt: Tugevama kooriva toime ja s\u00fcgavama pehmenduse saavutamiseks kandke toode enne du\u0161i alla minekut otse kuivale nahale ja masseerige ringjate liigutustega.<\/li>\n<\/ul>\n<p><strong>Koostis:<\/strong> Sucrose, Paraffinum Liquidum, Ethylhexyl Stearate, Caprylic\/Capric Triglyceride, PEG-40 Hydrogenated Castor Oil, Parfum, Petrolatum, Silica, Tocopheryl Acetate, Gardenia Tahitensis Flower Extract, Paeonia Officinalis Flower Extract, Salvia Hispanica Seed Oil, Cocos Nucifera Oil, Glycerin, Mica, Aqua, Citric Acid, Tin Oxide, Sodium Benzoate, Potassium Sorbate, Phenoxyethanol, Ethylhexylglycerin, Alpha-Isomethyl Ionone, Citronellol, Geraniol, Limonene, Linalool, Linalyl Acetate, Tetramethyl Acetyloctahydronaphthalenes, CI 17200, CI 77891.<\/p>","protected":false},"excerpt":{"rendered":"<p>Koorijas sisalduvad suhkrukristallid eemaldavad t\u00f5husalt ja kiiresti epidermise sarvestunud kihi, muutes naha sametiselt pehmeks ja siledaks. Chia- ja monoi\u00f5lidega rikastatud koostis loob naha pinnale kaitsva kihi, mis hoiab \u00e4ra liigse niiskuse aurustumise ja s\u00e4ilitab naha \u00f5ige niiskustaseme. T\u00e4nu E-vitamiini lisandile on tootel ka tugevad antioks\u00fcdantsed omadused. Kuidas PEONY kehakoorija toimib? Suhkrukristallid: Tagavad \u00f5rna, kuid t\u00f5husa mehaanilise koorimise, mis lahustub masseerimise [&hellip;]<\/p>\n","protected":false},"featured_media":3544,"template":"","meta":[],"pwb-brand":[92],"product_brand":[],"product_cat":[31],"product_tag":[],"class_list":{"0":"post-3539","1":"product","2":"type-product","3":"status-publish","4":"has-post-thumbnail","6":"pwb-brand-swederm","7":"product_cat-keha","9":"first","10":"instock","11":"taxable","12":"shipping-taxable","13":"purchasable","14":"product-type-simple"},"yoast_head":"<!-- This site is optimized with the Yoast SEO plugin v27.5 - https:\/\/yoast.com\/product\/yoast-seo-wordpress\/ -->\n<title>Swederm Peony Body Scrub Pojengil\u00f5hnaline Kehakoorija 275g - Glamico<\/title>\n<meta name=\"description\" content=\"PEONY SWEET BODY SCRUB on luksusliku pojengi\u00f5ite l\u00f5hnaga suhkru-kehakoorija, mida on rikastatud chia\u00f5li, monoi\u00f5li ja E-vitamiiniga. Toode koorib intensiivselt surnud naharakke, aitab taastada naha pehmust ja toetab selle optimaalset niisutatust. P\u00e4rast koorijaga masseerimist taastub naha siledus ja elastsus ning paraneb selle \u00fcldine seisund, j\u00e4ttes keha t\u00e4iuslikult ettevalmistatuks edasiseks hoolduseks.\" \/>\n<meta name=\"robots\" content=\"index, follow, max-snippet:-1, max-image-preview:large, max-video-preview:-1\" \/>\n<link rel=\"canonical\" href=\"https:\/\/glamico.ee\/en\/pood\/swederm-peony-body-scrub-pojengilohnaline-kehakoorija-275g\/\" \/>\n<meta property=\"og:locale\" content=\"en_US\" \/>\n<meta property=\"og:type\" content=\"article\" \/>\n<meta property=\"og:title\" content=\"Swederm Peony Body Scrub Pojengil\u00f5hnaline Kehakoorija 275g - Glamico\" \/>\n<meta property=\"og:description\" content=\"PEONY SWEET BODY SCRUB on luksusliku pojengi\u00f5ite l\u00f5hnaga suhkru-kehakoorija, mida on rikastatud chia\u00f5li, monoi\u00f5li ja E-vitamiiniga. Toode koorib intensiivselt surnud naharakke, aitab taastada naha pehmust ja toetab selle optimaalset niisutatust. P\u00e4rast koorijaga masseerimist taastub naha siledus ja elastsus ning paraneb selle \u00fcldine seisund, j\u00e4ttes keha t\u00e4iuslikult ettevalmistatuks edasiseks hoolduseks.\" \/>\n<meta property=\"og:url\" content=\"https:\/\/glamico.ee\/en\/pood\/swederm-peony-body-scrub-pojengilohnaline-kehakoorija-275g\/\" \/>\n<meta property=\"og:site_name\" content=\"Glamico\" \/>\n<meta property=\"og:image\" content=\"https:\/\/glamico.ee\/wp-content\/uploads\/2026\/05\/Body_Scrub_Peony_packshot.webp\" \/>\n\t<meta property=\"og:image:width\" content=\"1160\" \/>\n\t<meta property=\"og:image:height\" content=\"1547\" \/>\n\t<meta property=\"og:image:type\" content=\"image\/webp\" \/>\n<meta name=\"twitter:card\" content=\"summary_large_image\" \/>\n<meta name=\"twitter:label1\" content=\"Est. reading time\" \/>\n\t<meta name=\"twitter:data1\" content=\"2 minutes\" \/>\n<script type=\"application\/ld+json\" class=\"yoast-schema-graph\">{\"@context\":\"https:\\\/\\\/schema.org\",\"@graph\":[{\"@type\":\"WebPage\",\"@id\":\"https:\\\/\\\/glamico.ee\\\/pood\\\/swederm-peony-body-scrub-pojengilohnaline-kehakoorija-275g\\\/\",\"url\":\"https:\\\/\\\/glamico.ee\\\/pood\\\/swederm-peony-body-scrub-pojengilohnaline-kehakoorija-275g\\\/\",\"name\":\"Swederm Peony Body Scrub Pojengil\u00f5hnaline Kehakoorija 275g - Glamico\",\"isPartOf\":{\"@id\":\"https:\\\/\\\/glamico.ee\\\/#website\"},\"primaryImageOfPage\":{\"@id\":\"https:\\\/\\\/glamico.ee\\\/pood\\\/swederm-peony-body-scrub-pojengilohnaline-kehakoorija-275g\\\/#primaryimage\"},\"image\":{\"@id\":\"https:\\\/\\\/glamico.ee\\\/pood\\\/swederm-peony-body-scrub-pojengilohnaline-kehakoorija-275g\\\/#primaryimage\"},\"thumbnailUrl\":\"https:\\\/\\\/glamico.ee\\\/wp-content\\\/uploads\\\/2026\\\/05\\\/Body_Scrub_Peony_packshot.webp\",\"datePublished\":\"2026-05-05T14:20:46+00:00\",\"description\":\"PEONY SWEET BODY SCRUB on luksusliku pojengi\u00f5ite l\u00f5hnaga suhkru-kehakoorija, mida on rikastatud chia\u00f5li, monoi\u00f5li ja E-vitamiiniga. Toode koorib intensiivselt surnud naharakke, aitab taastada naha pehmust ja toetab selle optimaalset niisutatust. P\u00e4rast koorijaga masseerimist taastub naha siledus ja elastsus ning paraneb selle \u00fcldine seisund, j\u00e4ttes keha t\u00e4iuslikult ettevalmistatuks edasiseks hoolduseks.\",\"breadcrumb\":{\"@id\":\"https:\\\/\\\/glamico.ee\\\/pood\\\/swederm-peony-body-scrub-pojengilohnaline-kehakoorija-275g\\\/#breadcrumb\"},\"inLanguage\":\"en-US\",\"potentialAction\":[{\"@type\":\"ReadAction\",\"target\":[\"https:\\\/\\\/glamico.ee\\\/pood\\\/swederm-peony-body-scrub-pojengilohnaline-kehakoorija-275g\\\/\"]}]},{\"@type\":\"ImageObject\",\"inLanguage\":\"en-US\",\"@id\":\"https:\\\/\\\/glamico.ee\\\/pood\\\/swederm-peony-body-scrub-pojengilohnaline-kehakoorija-275g\\\/#primaryimage\",\"url\":\"https:\\\/\\\/glamico.ee\\\/wp-content\\\/uploads\\\/2026\\\/05\\\/Body_Scrub_Peony_packshot.webp\",\"contentUrl\":\"https:\\\/\\\/glamico.ee\\\/wp-content\\\/uploads\\\/2026\\\/05\\\/Body_Scrub_Peony_packshot.webp\",\"width\":1160,\"height\":1547},{\"@type\":\"BreadcrumbList\",\"@id\":\"https:\\\/\\\/glamico.ee\\\/pood\\\/swederm-peony-body-scrub-pojengilohnaline-kehakoorija-275g\\\/#breadcrumb\",\"itemListElement\":[{\"@type\":\"ListItem\",\"position\":1,\"name\":\"Home\",\"item\":\"https:\\\/\\\/glamico.ee\\\/\"},{\"@type\":\"ListItem\",\"position\":2,\"name\":\"Pood\",\"item\":\"https:\\\/\\\/glamico.ee\\\/pood\\\/\"},{\"@type\":\"ListItem\",\"position\":3,\"name\":\"Swederm Peony Body Scrub Pojengil\u00f5hnaline Kehakoorija 275g\"}]},{\"@type\":\"WebSite\",\"@id\":\"https:\\\/\\\/glamico.ee\\\/#website\",\"url\":\"https:\\\/\\\/glamico.ee\\\/\",\"name\":\"Glamico\",\"description\":\"Ilutooted\",\"publisher\":{\"@id\":\"https:\\\/\\\/glamico.ee\\\/#organization\"},\"potentialAction\":[{\"@type\":\"SearchAction\",\"target\":{\"@type\":\"EntryPoint\",\"urlTemplate\":\"https:\\\/\\\/glamico.ee\\\/?s={search_term_string}\"},\"query-input\":{\"@type\":\"PropertyValueSpecification\",\"valueRequired\":true,\"valueName\":\"search_term_string\"}}],\"inLanguage\":\"en-US\"},{\"@type\":\"Organization\",\"@id\":\"https:\\\/\\\/glamico.ee\\\/#organization\",\"name\":\"Glamico Baltics O\u00dc\",\"url\":\"https:\\\/\\\/glamico.ee\\\/\",\"logo\":{\"@type\":\"ImageObject\",\"inLanguage\":\"en-US\",\"@id\":\"https:\\\/\\\/glamico.ee\\\/#\\\/schema\\\/logo\\\/image\\\/\",\"url\":\"https:\\\/\\\/glamico.ee\\\/wp-content\\\/uploads\\\/2025\\\/11\\\/Glamico-1.png\",\"contentUrl\":\"https:\\\/\\\/glamico.ee\\\/wp-content\\\/uploads\\\/2025\\\/11\\\/Glamico-1.png\",\"width\":627,\"height\":400,\"caption\":\"Glamico Baltics O\u00dc\"},\"image\":{\"@id\":\"https:\\\/\\\/glamico.ee\\\/#\\\/schema\\\/logo\\\/image\\\/\"},\"sameAs\":[\"https:\\\/\\\/www.instagram.com\\\/glamico.ee\\\/\"]}]}<\/script>\n<!-- \/ Yoast SEO plugin. -->","yoast_head_json":{"title":"Swederm Peony Body Scrub Pojengil\u00f5hnaline Kehakoorija 275g - Glamico","description":"PEONY SWEET BODY SCRUB on luksusliku pojengi\u00f5ite l\u00f5hnaga suhkru-kehakoorija, mida on rikastatud chia\u00f5li, monoi\u00f5li ja E-vitamiiniga. Toode koorib intensiivselt surnud naharakke, aitab taastada naha pehmust ja toetab selle optimaalset niisutatust. P\u00e4rast koorijaga masseerimist taastub naha siledus ja elastsus ning paraneb selle \u00fcldine seisund, j\u00e4ttes keha t\u00e4iuslikult ettevalmistatuks edasiseks hoolduseks.","robots":{"index":"index","follow":"follow","max-snippet":"max-snippet:-1","max-image-preview":"max-image-preview:large","max-video-preview":"max-video-preview:-1"},"canonical":"https:\/\/glamico.ee\/en\/pood\/swederm-peony-body-scrub-pojengilohnaline-kehakoorija-275g\/","og_locale":"en_US","og_type":"article","og_title":"Swederm Peony Body Scrub Pojengil\u00f5hnaline Kehakoorija 275g - Glamico","og_description":"PEONY SWEET BODY SCRUB on luksusliku pojengi\u00f5ite l\u00f5hnaga suhkru-kehakoorija, mida on rikastatud chia\u00f5li, monoi\u00f5li ja E-vitamiiniga. Toode koorib intensiivselt surnud naharakke, aitab taastada naha pehmust ja toetab selle optimaalset niisutatust. P\u00e4rast koorijaga masseerimist taastub naha siledus ja elastsus ning paraneb selle \u00fcldine seisund, j\u00e4ttes keha t\u00e4iuslikult ettevalmistatuks edasiseks hoolduseks.","og_url":"https:\/\/glamico.ee\/en\/pood\/swederm-peony-body-scrub-pojengilohnaline-kehakoorija-275g\/","og_site_name":"Glamico","og_image":[{"width":1160,"height":1547,"url":"https:\/\/glamico.ee\/wp-content\/uploads\/2026\/05\/Body_Scrub_Peony_packshot.webp","type":"image\/webp"}],"twitter_card":"summary_large_image","twitter_misc":{"Est. reading time":"2 minutes"},"schema":{"@context":"https:\/\/schema.org","@graph":[{"@type":"WebPage","@id":"https:\/\/glamico.ee\/pood\/swederm-peony-body-scrub-pojengilohnaline-kehakoorija-275g\/","url":"https:\/\/glamico.ee\/pood\/swederm-peony-body-scrub-pojengilohnaline-kehakoorija-275g\/","name":"Swederm Peony Body Scrub Pojengil\u00f5hnaline Kehakoorija 275g - Glamico","isPartOf":{"@id":"https:\/\/glamico.ee\/#website"},"primaryImageOfPage":{"@id":"https:\/\/glamico.ee\/pood\/swederm-peony-body-scrub-pojengilohnaline-kehakoorija-275g\/#primaryimage"},"image":{"@id":"https:\/\/glamico.ee\/pood\/swederm-peony-body-scrub-pojengilohnaline-kehakoorija-275g\/#primaryimage"},"thumbnailUrl":"https:\/\/glamico.ee\/wp-content\/uploads\/2026\/05\/Body_Scrub_Peony_packshot.webp","datePublished":"2026-05-05T14:20:46+00:00","description":"PEONY SWEET BODY SCRUB on luksusliku pojengi\u00f5ite l\u00f5hnaga suhkru-kehakoorija, mida on rikastatud chia\u00f5li, monoi\u00f5li ja E-vitamiiniga. Toode koorib intensiivselt surnud naharakke, aitab taastada naha pehmust ja toetab selle optimaalset niisutatust. P\u00e4rast koorijaga masseerimist taastub naha siledus ja elastsus ning paraneb selle \u00fcldine seisund, j\u00e4ttes keha t\u00e4iuslikult ettevalmistatuks edasiseks hoolduseks.","breadcrumb":{"@id":"https:\/\/glamico.ee\/pood\/swederm-peony-body-scrub-pojengilohnaline-kehakoorija-275g\/#breadcrumb"},"inLanguage":"en-US","potentialAction":[{"@type":"ReadAction","target":["https:\/\/glamico.ee\/pood\/swederm-peony-body-scrub-pojengilohnaline-kehakoorija-275g\/"]}]},{"@type":"ImageObject","inLanguage":"en-US","@id":"https:\/\/glamico.ee\/pood\/swederm-peony-body-scrub-pojengilohnaline-kehakoorija-275g\/#primaryimage","url":"https:\/\/glamico.ee\/wp-content\/uploads\/2026\/05\/Body_Scrub_Peony_packshot.webp","contentUrl":"https:\/\/glamico.ee\/wp-content\/uploads\/2026\/05\/Body_Scrub_Peony_packshot.webp","width":1160,"height":1547},{"@type":"BreadcrumbList","@id":"https:\/\/glamico.ee\/pood\/swederm-peony-body-scrub-pojengilohnaline-kehakoorija-275g\/#breadcrumb","itemListElement":[{"@type":"ListItem","position":1,"name":"Home","item":"https:\/\/glamico.ee\/"},{"@type":"ListItem","position":2,"name":"Pood","item":"https:\/\/glamico.ee\/pood\/"},{"@type":"ListItem","position":3,"name":"Swederm Peony Body Scrub Pojengil\u00f5hnaline Kehakoorija 275g"}]},{"@type":"WebSite","@id":"https:\/\/glamico.ee\/#website","url":"https:\/\/glamico.ee\/","name":"Glamico","description":"Ilutooted","publisher":{"@id":"https:\/\/glamico.ee\/#organization"},"potentialAction":[{"@type":"SearchAction","target":{"@type":"EntryPoint","urlTemplate":"https:\/\/glamico.ee\/?s={search_term_string}"},"query-input":{"@type":"PropertyValueSpecification","valueRequired":true,"valueName":"search_term_string"}}],"inLanguage":"en-US"},{"@type":"Organization","@id":"https:\/\/glamico.ee\/#organization","name":"Glamico Baltics O\u00dc","url":"https:\/\/glamico.ee\/","logo":{"@type":"ImageObject","inLanguage":"en-US","@id":"https:\/\/glamico.ee\/#\/schema\/logo\/image\/","url":"https:\/\/glamico.ee\/wp-content\/uploads\/2025\/11\/Glamico-1.png","contentUrl":"https:\/\/glamico.ee\/wp-content\/uploads\/2025\/11\/Glamico-1.png","width":627,"height":400,"caption":"Glamico Baltics O\u00dc"},"image":{"@id":"https:\/\/glamico.ee\/#\/schema\/logo\/image\/"},"sameAs":["https:\/\/www.instagram.com\/glamico.ee\/"]}]}},"brands":[{"id":92,"name":"Swederm","slug":"swederm"}],"_links":{"self":[{"href":"https:\/\/glamico.ee\/en\/wp-json\/wp\/v2\/product\/3539","targetHints":{"allow":["GET"]}}],"collection":[{"href":"https:\/\/glamico.ee\/en\/wp-json\/wp\/v2\/product"}],"about":[{"href":"https:\/\/glamico.ee\/en\/wp-json\/wp\/v2\/types\/product"}],"version-history":[{"count":1,"href":"https:\/\/glamico.ee\/en\/wp-json\/wp\/v2\/product\/3539\/revisions"}],"predecessor-version":[{"id":3545,"href":"https:\/\/glamico.ee\/en\/wp-json\/wp\/v2\/product\/3539\/revisions\/3545"}],"wp:featuredmedia":[{"embeddable":true,"href":"https:\/\/glamico.ee\/en\/wp-json\/wp\/v2\/media\/3544"}],"wp:attachment":[{"href":"https:\/\/glamico.ee\/en\/wp-json\/wp\/v2\/media?parent=3539"}],"wp:term":[{"taxonomy":"pwb-brand","embeddable":true,"href":"https:\/\/glamico.ee\/en\/wp-json\/wp\/v2\/pwb-brand?post=3539"},{"taxonomy":"product_brand","embeddable":true,"href":"https:\/\/glamico.ee\/en\/wp-json\/wp\/v2\/product_brand?post=3539"},{"taxonomy":"product_cat","embeddable":true,"href":"https:\/\/glamico.ee\/en\/wp-json\/wp\/v2\/product_cat?post=3539"},{"taxonomy":"product_tag","embeddable":true,"href":"https:\/\/glamico.ee\/en\/wp-json\/wp\/v2\/product_tag?post=3539"}],"curies":[{"name":"wp","href":"https:\/\/api.w.org\/{rel}","templated":true}]}}