{"id":3524,"date":"2026-05-05T15:29:47","date_gmt":"2026-05-05T13:29:47","guid":{"rendered":"https:\/\/glamico.ee\/?post_type=product&#038;p=3524"},"modified":"2026-05-05T15:29:47","modified_gmt":"2026-05-05T13:29:47","slug":"swederm-fiori-lip-oil-toitev-ja-sara-andev-labipaistev-huuleoli-35ml","status":"publish","type":"product","link":"https:\/\/glamico.ee\/en\/pood\/swederm-fiori-lip-oil-toitev-ja-sara-andev-labipaistev-huuleoli-35ml\/","title":{"rendered":"Swederm Fiori Lip Oil \u2013 Toitev ja s\u00e4ra andev l\u00e4bipaistev huule\u00f5li 3,5ml"},"content":{"rendered":"<p>Selle unikaalses koostises h\u00f5ljuvad roosa k\u00e4okulla (helichrysum) kroonlehed, mis on korjatud k\u00e4sitsi, vastutustundlikult ja j\u00e4tkusuutlikult Madalmaade lillekasvatusest. K\u00e4okuld on tuntud oma nahka uuenema stimuleerivate ja vananemisprotsesse pidurdavate omaduste poolest.<\/p>\n<p><strong>Kuidas FIORI LIP OIL teie huulte eest hoolitseb?<\/strong><br \/>\n\u00d5li on loodud kaitsma huulte \u00f5hukest ja \u00f5rna nahka kuivuse ning \u00e4rrituse eest, pakkudes rikkaliku kokteili hooldavatest koostisosadest:<\/p>\n<ul>\n<li><strong>Mustikaseemne\u00f5li ja jojoba\u00f5li:<\/strong> Kaks v\u00e4\u00e4rtuslikku \u00f5li, mis toidavad huuli s\u00fcgavuti, pakkudes vajalikku kaitset, niisutust ja t\u00f5husat regeneratsiooni.<\/li>\n<li><strong>H\u00fcaluroonhape:<\/strong> Loob naha pinnale n\u00e4htamatu veesiduva kihi, mis lukustab niiskuse ning muudab huuled visuaalselt siledamaks ja pringimaks.<\/li>\n<li><strong>E-vitamiin:<\/strong> Toimib tugeva antioks\u00fcdandina, pakkudes t\u00f5husat vananemisvastast kaitset.<\/li>\n<\/ul>\n<p>Kaitse igasuguse ilmaga ja siidine viimistlus<br \/>\nFIORI LIP OIL aitab tugevdada huulte loomulikku kaitsebarj\u00e4\u00e4ri, kaitstes neid ebasoodsate ilmastikutingimuste (nagu tuul, k\u00fclm v\u00f5i kuumus) eest. Tulemuseks on t\u00e4iuslikult hooldatud, pehmed ja tervislikult l\u00e4ikivad huuled, mis ei kleepu.<\/p>\n<p><strong>Koostis:<\/strong> Hydrogenated Polydecene, Polybutene, Caprylic\/Capric Triglyceride, Hydrogenated Styrene\/Isoprene Copolymer, Phytosteryl\/Octyldodecyl Lauroyl Glutamate, Xerochrysum Bracteatum Flower, Ethyl Vanillin, Pentaerythrityl Tetra-Di-T-Butyl Hydroxyhydrocinnamate, Vaccinium Corymbosum Seed Oil (Vaccinium Corymbosum (Blueberry) Seed Oil), Simmondsia Chinensis Seed Oil (Simmondsia Chinensis (Jojoba) Seed Oil), Tocopherol, Ethylhexyl Palmitate, CI 45410 (Red 28 Lake), Trihydroxystearin, Sodium Hyaluronate<\/p>","protected":false},"excerpt":{"rendered":"<p>FIORI LIP OIL on l\u00e4bipaistev huule\u00f5li, mis pakub huultele s\u00fcgavat toitmist, intensiivset niisutust ja luksuslikku l\u00e4iget. See hoolitseb teie huulte eest erakordselt \u00f5rnalt, r\u00f5hutades nende loomulikku ilu ning andes neile siidise pehmuse ilma igasuguse kleepuva tundeta.<\/p>","protected":false},"featured_media":3528,"template":"","meta":[],"pwb-brand":[92],"product_brand":[],"product_cat":[30],"product_tag":[],"class_list":{"0":"post-3524","1":"product","2":"type-product","3":"status-publish","4":"has-post-thumbnail","6":"pwb-brand-swederm","7":"product_cat-nagu","9":"first","10":"instock","11":"taxable","12":"shipping-taxable","13":"purchasable","14":"product-type-simple"},"yoast_head":"<!-- This site is optimized with the Yoast SEO plugin v27.5 - https:\/\/yoast.com\/product\/yoast-seo-wordpress\/ -->\n<title>Swederm Fiori Lip Oil \u2013 Toitev ja s\u00e4ra andev l\u00e4bipaistev huule\u00f5li 3,5ml - Glamico<\/title>\n<meta name=\"description\" content=\"FIORI LIP OIL on l\u00e4bipaistev huule\u00f5li, mis pakub huultele s\u00fcgavat toitmist, intensiivset niisutust ja luksuslikku l\u00e4iget. See hoolitseb teie huulte eest erakordselt \u00f5rnalt, r\u00f5hutades nende loomulikku ilu ning andes neile siidise pehmuse ilma igasuguse kleepuva tundeta.\" \/>\n<meta name=\"robots\" content=\"index, follow, max-snippet:-1, max-image-preview:large, max-video-preview:-1\" \/>\n<link rel=\"canonical\" href=\"https:\/\/glamico.ee\/en\/pood\/swederm-fiori-lip-oil-toitev-ja-sara-andev-labipaistev-huuleoli-35ml\/\" \/>\n<meta property=\"og:locale\" content=\"en_US\" \/>\n<meta property=\"og:type\" content=\"article\" \/>\n<meta property=\"og:title\" content=\"Swederm Fiori Lip Oil \u2013 Toitev ja s\u00e4ra andev l\u00e4bipaistev huule\u00f5li 3,5ml - Glamico\" \/>\n<meta property=\"og:description\" content=\"FIORI LIP OIL on l\u00e4bipaistev huule\u00f5li, mis pakub huultele s\u00fcgavat toitmist, intensiivset niisutust ja luksuslikku l\u00e4iget. See hoolitseb teie huulte eest erakordselt \u00f5rnalt, r\u00f5hutades nende loomulikku ilu ning andes neile siidise pehmuse ilma igasuguse kleepuva tundeta.\" \/>\n<meta property=\"og:url\" content=\"https:\/\/glamico.ee\/en\/pood\/swederm-fiori-lip-oil-toitev-ja-sara-andev-labipaistev-huuleoli-35ml\/\" \/>\n<meta property=\"og:site_name\" content=\"Glamico\" \/>\n<meta property=\"og:image\" content=\"https:\/\/glamico.ee\/wp-content\/uploads\/2026\/05\/fiori_packshot_5879e434-0325-42a4-85b2-c930cf181e06.webp\" \/>\n\t<meta property=\"og:image:width\" content=\"900\" \/>\n\t<meta property=\"og:image:height\" content=\"1200\" \/>\n\t<meta property=\"og:image:type\" content=\"image\/webp\" \/>\n<meta name=\"twitter:card\" content=\"summary_large_image\" \/>\n<meta name=\"twitter:label1\" content=\"Est. reading time\" \/>\n\t<meta name=\"twitter:data1\" content=\"2 minutes\" \/>\n<script type=\"application\/ld+json\" class=\"yoast-schema-graph\">{\"@context\":\"https:\\\/\\\/schema.org\",\"@graph\":[{\"@type\":\"WebPage\",\"@id\":\"https:\\\/\\\/glamico.ee\\\/pood\\\/swederm-fiori-lip-oil-toitev-ja-sara-andev-labipaistev-huuleoli-35ml\\\/\",\"url\":\"https:\\\/\\\/glamico.ee\\\/pood\\\/swederm-fiori-lip-oil-toitev-ja-sara-andev-labipaistev-huuleoli-35ml\\\/\",\"name\":\"Swederm Fiori Lip Oil \u2013 Toitev ja s\u00e4ra andev l\u00e4bipaistev huule\u00f5li 3,5ml - Glamico\",\"isPartOf\":{\"@id\":\"https:\\\/\\\/glamico.ee\\\/#website\"},\"primaryImageOfPage\":{\"@id\":\"https:\\\/\\\/glamico.ee\\\/pood\\\/swederm-fiori-lip-oil-toitev-ja-sara-andev-labipaistev-huuleoli-35ml\\\/#primaryimage\"},\"image\":{\"@id\":\"https:\\\/\\\/glamico.ee\\\/pood\\\/swederm-fiori-lip-oil-toitev-ja-sara-andev-labipaistev-huuleoli-35ml\\\/#primaryimage\"},\"thumbnailUrl\":\"https:\\\/\\\/glamico.ee\\\/wp-content\\\/uploads\\\/2026\\\/05\\\/fiori_packshot_5879e434-0325-42a4-85b2-c930cf181e06.webp\",\"datePublished\":\"2026-05-05T13:29:47+00:00\",\"description\":\"FIORI LIP OIL on l\u00e4bipaistev huule\u00f5li, mis pakub huultele s\u00fcgavat toitmist, intensiivset niisutust ja luksuslikku l\u00e4iget. See hoolitseb teie huulte eest erakordselt \u00f5rnalt, r\u00f5hutades nende loomulikku ilu ning andes neile siidise pehmuse ilma igasuguse kleepuva tundeta.\",\"breadcrumb\":{\"@id\":\"https:\\\/\\\/glamico.ee\\\/pood\\\/swederm-fiori-lip-oil-toitev-ja-sara-andev-labipaistev-huuleoli-35ml\\\/#breadcrumb\"},\"inLanguage\":\"en-US\",\"potentialAction\":[{\"@type\":\"ReadAction\",\"target\":[\"https:\\\/\\\/glamico.ee\\\/pood\\\/swederm-fiori-lip-oil-toitev-ja-sara-andev-labipaistev-huuleoli-35ml\\\/\"]}]},{\"@type\":\"ImageObject\",\"inLanguage\":\"en-US\",\"@id\":\"https:\\\/\\\/glamico.ee\\\/pood\\\/swederm-fiori-lip-oil-toitev-ja-sara-andev-labipaistev-huuleoli-35ml\\\/#primaryimage\",\"url\":\"https:\\\/\\\/glamico.ee\\\/wp-content\\\/uploads\\\/2026\\\/05\\\/fiori_packshot_5879e434-0325-42a4-85b2-c930cf181e06.webp\",\"contentUrl\":\"https:\\\/\\\/glamico.ee\\\/wp-content\\\/uploads\\\/2026\\\/05\\\/fiori_packshot_5879e434-0325-42a4-85b2-c930cf181e06.webp\",\"width\":900,\"height\":1200},{\"@type\":\"BreadcrumbList\",\"@id\":\"https:\\\/\\\/glamico.ee\\\/pood\\\/swederm-fiori-lip-oil-toitev-ja-sara-andev-labipaistev-huuleoli-35ml\\\/#breadcrumb\",\"itemListElement\":[{\"@type\":\"ListItem\",\"position\":1,\"name\":\"Home\",\"item\":\"https:\\\/\\\/glamico.ee\\\/\"},{\"@type\":\"ListItem\",\"position\":2,\"name\":\"Pood\",\"item\":\"https:\\\/\\\/glamico.ee\\\/pood\\\/\"},{\"@type\":\"ListItem\",\"position\":3,\"name\":\"Swederm Fiori Lip Oil \u2013 Toitev ja s\u00e4ra andev l\u00e4bipaistev huule\u00f5li 3,5ml\"}]},{\"@type\":\"WebSite\",\"@id\":\"https:\\\/\\\/glamico.ee\\\/#website\",\"url\":\"https:\\\/\\\/glamico.ee\\\/\",\"name\":\"Glamico\",\"description\":\"Ilutooted\",\"publisher\":{\"@id\":\"https:\\\/\\\/glamico.ee\\\/#organization\"},\"potentialAction\":[{\"@type\":\"SearchAction\",\"target\":{\"@type\":\"EntryPoint\",\"urlTemplate\":\"https:\\\/\\\/glamico.ee\\\/?s={search_term_string}\"},\"query-input\":{\"@type\":\"PropertyValueSpecification\",\"valueRequired\":true,\"valueName\":\"search_term_string\"}}],\"inLanguage\":\"en-US\"},{\"@type\":\"Organization\",\"@id\":\"https:\\\/\\\/glamico.ee\\\/#organization\",\"name\":\"Glamico Baltics O\u00dc\",\"url\":\"https:\\\/\\\/glamico.ee\\\/\",\"logo\":{\"@type\":\"ImageObject\",\"inLanguage\":\"en-US\",\"@id\":\"https:\\\/\\\/glamico.ee\\\/#\\\/schema\\\/logo\\\/image\\\/\",\"url\":\"https:\\\/\\\/glamico.ee\\\/wp-content\\\/uploads\\\/2025\\\/11\\\/Glamico-1.png\",\"contentUrl\":\"https:\\\/\\\/glamico.ee\\\/wp-content\\\/uploads\\\/2025\\\/11\\\/Glamico-1.png\",\"width\":627,\"height\":400,\"caption\":\"Glamico Baltics O\u00dc\"},\"image\":{\"@id\":\"https:\\\/\\\/glamico.ee\\\/#\\\/schema\\\/logo\\\/image\\\/\"},\"sameAs\":[\"https:\\\/\\\/www.instagram.com\\\/glamico.ee\\\/\"]}]}<\/script>\n<!-- \/ Yoast SEO plugin. -->","yoast_head_json":{"title":"Swederm Fiori Lip Oil \u2013 Toitev ja s\u00e4ra andev l\u00e4bipaistev huule\u00f5li 3,5ml - Glamico","description":"FIORI LIP OIL on l\u00e4bipaistev huule\u00f5li, mis pakub huultele s\u00fcgavat toitmist, intensiivset niisutust ja luksuslikku l\u00e4iget. See hoolitseb teie huulte eest erakordselt \u00f5rnalt, r\u00f5hutades nende loomulikku ilu ning andes neile siidise pehmuse ilma igasuguse kleepuva tundeta.","robots":{"index":"index","follow":"follow","max-snippet":"max-snippet:-1","max-image-preview":"max-image-preview:large","max-video-preview":"max-video-preview:-1"},"canonical":"https:\/\/glamico.ee\/en\/pood\/swederm-fiori-lip-oil-toitev-ja-sara-andev-labipaistev-huuleoli-35ml\/","og_locale":"en_US","og_type":"article","og_title":"Swederm Fiori Lip Oil \u2013 Toitev ja s\u00e4ra andev l\u00e4bipaistev huule\u00f5li 3,5ml - Glamico","og_description":"FIORI LIP OIL on l\u00e4bipaistev huule\u00f5li, mis pakub huultele s\u00fcgavat toitmist, intensiivset niisutust ja luksuslikku l\u00e4iget. See hoolitseb teie huulte eest erakordselt \u00f5rnalt, r\u00f5hutades nende loomulikku ilu ning andes neile siidise pehmuse ilma igasuguse kleepuva tundeta.","og_url":"https:\/\/glamico.ee\/en\/pood\/swederm-fiori-lip-oil-toitev-ja-sara-andev-labipaistev-huuleoli-35ml\/","og_site_name":"Glamico","og_image":[{"width":900,"height":1200,"url":"https:\/\/glamico.ee\/wp-content\/uploads\/2026\/05\/fiori_packshot_5879e434-0325-42a4-85b2-c930cf181e06.webp","type":"image\/webp"}],"twitter_card":"summary_large_image","twitter_misc":{"Est. reading time":"2 minutes"},"schema":{"@context":"https:\/\/schema.org","@graph":[{"@type":"WebPage","@id":"https:\/\/glamico.ee\/pood\/swederm-fiori-lip-oil-toitev-ja-sara-andev-labipaistev-huuleoli-35ml\/","url":"https:\/\/glamico.ee\/pood\/swederm-fiori-lip-oil-toitev-ja-sara-andev-labipaistev-huuleoli-35ml\/","name":"Swederm Fiori Lip Oil \u2013 Toitev ja s\u00e4ra andev l\u00e4bipaistev huule\u00f5li 3,5ml - Glamico","isPartOf":{"@id":"https:\/\/glamico.ee\/#website"},"primaryImageOfPage":{"@id":"https:\/\/glamico.ee\/pood\/swederm-fiori-lip-oil-toitev-ja-sara-andev-labipaistev-huuleoli-35ml\/#primaryimage"},"image":{"@id":"https:\/\/glamico.ee\/pood\/swederm-fiori-lip-oil-toitev-ja-sara-andev-labipaistev-huuleoli-35ml\/#primaryimage"},"thumbnailUrl":"https:\/\/glamico.ee\/wp-content\/uploads\/2026\/05\/fiori_packshot_5879e434-0325-42a4-85b2-c930cf181e06.webp","datePublished":"2026-05-05T13:29:47+00:00","description":"FIORI LIP OIL on l\u00e4bipaistev huule\u00f5li, mis pakub huultele s\u00fcgavat toitmist, intensiivset niisutust ja luksuslikku l\u00e4iget. See hoolitseb teie huulte eest erakordselt \u00f5rnalt, r\u00f5hutades nende loomulikku ilu ning andes neile siidise pehmuse ilma igasuguse kleepuva tundeta.","breadcrumb":{"@id":"https:\/\/glamico.ee\/pood\/swederm-fiori-lip-oil-toitev-ja-sara-andev-labipaistev-huuleoli-35ml\/#breadcrumb"},"inLanguage":"en-US","potentialAction":[{"@type":"ReadAction","target":["https:\/\/glamico.ee\/pood\/swederm-fiori-lip-oil-toitev-ja-sara-andev-labipaistev-huuleoli-35ml\/"]}]},{"@type":"ImageObject","inLanguage":"en-US","@id":"https:\/\/glamico.ee\/pood\/swederm-fiori-lip-oil-toitev-ja-sara-andev-labipaistev-huuleoli-35ml\/#primaryimage","url":"https:\/\/glamico.ee\/wp-content\/uploads\/2026\/05\/fiori_packshot_5879e434-0325-42a4-85b2-c930cf181e06.webp","contentUrl":"https:\/\/glamico.ee\/wp-content\/uploads\/2026\/05\/fiori_packshot_5879e434-0325-42a4-85b2-c930cf181e06.webp","width":900,"height":1200},{"@type":"BreadcrumbList","@id":"https:\/\/glamico.ee\/pood\/swederm-fiori-lip-oil-toitev-ja-sara-andev-labipaistev-huuleoli-35ml\/#breadcrumb","itemListElement":[{"@type":"ListItem","position":1,"name":"Home","item":"https:\/\/glamico.ee\/"},{"@type":"ListItem","position":2,"name":"Pood","item":"https:\/\/glamico.ee\/pood\/"},{"@type":"ListItem","position":3,"name":"Swederm Fiori Lip Oil \u2013 Toitev ja s\u00e4ra andev l\u00e4bipaistev huule\u00f5li 3,5ml"}]},{"@type":"WebSite","@id":"https:\/\/glamico.ee\/#website","url":"https:\/\/glamico.ee\/","name":"Glamico","description":"Ilutooted","publisher":{"@id":"https:\/\/glamico.ee\/#organization"},"potentialAction":[{"@type":"SearchAction","target":{"@type":"EntryPoint","urlTemplate":"https:\/\/glamico.ee\/?s={search_term_string}"},"query-input":{"@type":"PropertyValueSpecification","valueRequired":true,"valueName":"search_term_string"}}],"inLanguage":"en-US"},{"@type":"Organization","@id":"https:\/\/glamico.ee\/#organization","name":"Glamico Baltics O\u00dc","url":"https:\/\/glamico.ee\/","logo":{"@type":"ImageObject","inLanguage":"en-US","@id":"https:\/\/glamico.ee\/#\/schema\/logo\/image\/","url":"https:\/\/glamico.ee\/wp-content\/uploads\/2025\/11\/Glamico-1.png","contentUrl":"https:\/\/glamico.ee\/wp-content\/uploads\/2025\/11\/Glamico-1.png","width":627,"height":400,"caption":"Glamico Baltics O\u00dc"},"image":{"@id":"https:\/\/glamico.ee\/#\/schema\/logo\/image\/"},"sameAs":["https:\/\/www.instagram.com\/glamico.ee\/"]}]}},"brands":[{"id":92,"name":"Swederm","slug":"swederm"}],"_links":{"self":[{"href":"https:\/\/glamico.ee\/en\/wp-json\/wp\/v2\/product\/3524","targetHints":{"allow":["GET"]}}],"collection":[{"href":"https:\/\/glamico.ee\/en\/wp-json\/wp\/v2\/product"}],"about":[{"href":"https:\/\/glamico.ee\/en\/wp-json\/wp\/v2\/types\/product"}],"version-history":[{"count":1,"href":"https:\/\/glamico.ee\/en\/wp-json\/wp\/v2\/product\/3524\/revisions"}],"predecessor-version":[{"id":3529,"href":"https:\/\/glamico.ee\/en\/wp-json\/wp\/v2\/product\/3524\/revisions\/3529"}],"wp:featuredmedia":[{"embeddable":true,"href":"https:\/\/glamico.ee\/en\/wp-json\/wp\/v2\/media\/3528"}],"wp:attachment":[{"href":"https:\/\/glamico.ee\/en\/wp-json\/wp\/v2\/media?parent=3524"}],"wp:term":[{"taxonomy":"pwb-brand","embeddable":true,"href":"https:\/\/glamico.ee\/en\/wp-json\/wp\/v2\/pwb-brand?post=3524"},{"taxonomy":"product_brand","embeddable":true,"href":"https:\/\/glamico.ee\/en\/wp-json\/wp\/v2\/product_brand?post=3524"},{"taxonomy":"product_cat","embeddable":true,"href":"https:\/\/glamico.ee\/en\/wp-json\/wp\/v2\/product_cat?post=3524"},{"taxonomy":"product_tag","embeddable":true,"href":"https:\/\/glamico.ee\/en\/wp-json\/wp\/v2\/product_tag?post=3524"}],"curies":[{"name":"wp","href":"https:\/\/api.w.org\/{rel}","templated":true}]}}