{"id":3519,"date":"2026-05-05T15:20:33","date_gmt":"2026-05-05T13:20:33","guid":{"rendered":"https:\/\/glamico.ee\/?post_type=product&#038;p=3519"},"modified":"2026-05-05T15:20:33","modified_gmt":"2026-05-05T13:20:33","slug":"swederm-b-glow-body-oil-sara-andev-kehaoli-40-ml","status":"publish","type":"product","link":"https:\/\/glamico.ee\/en\/pood\/swederm-b-glow-body-oil-sara-andev-kehaoli-40-ml\/","title":{"rendered":"Swederm B Glow Body Oil \u2013 S\u00e4ra andev keha\u00f5li (40 ml)"},"content":{"rendered":"<p>\u2728 S\u00e4ra andev kuiv keha\u00f5li kuldsete osakestega \u2728<\/p>\n<p>Miljonid kuldsed osakesed panevad naha kohe p\u00e4rast pealekandmist kaunilt ja kergelt s\u00e4rama. \u00d5li m\u00e4ssib keha meeldivasse l\u00f5hnabuketti, mis toob meelde soojad suvep\u00e4evad ja pikad \u00f5htud, j\u00e4ttes naha l\u00f5hnavaks ning loomulikult l\u00e4ikivaks. S\u00e4delevad kuldsed osakesed harmoneeruvad ideaalselt p\u00e4evitusega, t\u00f5stes esile selle kauni tooni ja muutes v\u00e4ikesed nahavead visuaalselt v\u00e4hem m\u00e4rgatavaks.<\/p>\n<p>\u2728 S\u00e4ra ja s\u00e4raefekt ilma rasvase tekstuurita \u2728<\/p>\n<p>Kas soovite, et p\u00e4ikesekiired paitaksid teie nahka? Swederm B GLOW BODY OIL kuiv keha\u00f5li paneb naha kuldselt helendama juba esimesest kasutuskorrast. See mitte ainult ei r\u00f5huta naha ilu ja ei anna sellele suvist v\u00e4rskust, vaid ka niisutab s\u00fcgavalt ning aktsendib p\u00e4evitust. Keha\u00f5li muudab naha siidiselt siledaks, pehmeks ja niisutatuks \u2013 ning seda k\u00f5ike ilma rasvast kihti j\u00e4tmata! B GLOW BODY OIL kuivab kiiresti ning selle mitterasvane ja mittekleepuv konsistents v\u00f5imaldab teil p\u00e4rast pealekandmist riietuda ilma ooteajata.<\/p>\n<p>\u2728 T\u00f5eline Glow-efekt teie nahale \u2728<\/p>\n<p>Kuldsete osakestega kuiv\u00f5li on nahale kergesti hajutatav ja sobib ideaalselt nii heledale kui ka tumedamale nahat\u00fc\u00fcbile. \u00d5lil on tugev antioks\u00fcdantne toime, mis aitab s\u00e4ilitada naha nooruslikku ja tervet v\u00e4limust. See \u00fchtlustab visuaalselt nahapinda ja j\u00e4tab kehale luksusliku glow-efekti. Toode n\u00e4eb nahal lummav v\u00e4lja, j\u00e4ttes mulje, nagu oleks keha kergelt suudlemas soojad p\u00e4ikesekiired.<\/p>\n<p><strong>Kasutamine: <\/strong>Raputage pudelit p\u00f5hjalikult enne igat kasutuskorda, et s\u00e4raosakesed seguneksid \u00fchtlaselt. Kandke \u00f5li otse puhtale, kuivale nahale ja masseerige kuni t\u00e4ieliku imendumiseni.<\/p>\n<p><strong>Koostis:<\/strong> Helianthus Annuus Seed Oil, Isododecane, Caprylic\/Capric Triglyceride, Silica, Tocopheryl Acetate, Parfum, Calcium Sodium Borosilicate, Ci 77492, Titanium Dioxide, Tin Oxide, Ci 47000, Benzyl Salicylate, Linalool, Limonene, Citronellol, Geraniol.<\/p>","protected":false},"excerpt":{"rendered":"<p>\u2728 S\u00e4ra andev kuiv keha\u00f5li kuldsete osakestega \u2728 Miljonid kuldsed osakesed panevad naha kohe p\u00e4rast pealekandmist kaunilt ja kergelt s\u00e4rama. \u00d5li m\u00e4ssib keha meeldivasse l\u00f5hnabuketti, mis toob meelde soojad suvep\u00e4evad ja pikad \u00f5htud, j\u00e4ttes naha l\u00f5hnavaks ning loomulikult l\u00e4ikivaks. S\u00e4delevad kuldsed osakesed harmoneeruvad ideaalselt p\u00e4evitusega, t\u00f5stes esile selle kauni tooni ja muutes v\u00e4ikesed nahavead visuaalselt v\u00e4hem m\u00e4rgatavaks. \u2728 S\u00e4ra ja [&hellip;]<\/p>\n","protected":false},"featured_media":3521,"template":"","meta":[],"pwb-brand":[92],"product_brand":[],"product_cat":[31],"product_tag":[],"class_list":{"0":"post-3519","1":"product","2":"type-product","3":"status-publish","4":"has-post-thumbnail","6":"pwb-brand-swederm","7":"product_cat-keha","9":"first","10":"instock","11":"taxable","12":"shipping-taxable","13":"purchasable","14":"product-type-simple"},"yoast_head":"<!-- This site is optimized with the Yoast SEO plugin v27.5 - https:\/\/yoast.com\/product\/yoast-seo-wordpress\/ -->\n<title>Swederm B Glow Body Oil \u2013 S\u00e4ra andev keha\u00f5li (40 ml) - Glamico<\/title>\n<meta name=\"robots\" content=\"index, follow, max-snippet:-1, max-image-preview:large, max-video-preview:-1\" \/>\n<link rel=\"canonical\" href=\"https:\/\/glamico.ee\/en\/pood\/swederm-b-glow-body-oil-sara-andev-kehaoli-40-ml\/\" \/>\n<meta property=\"og:locale\" content=\"en_US\" \/>\n<meta property=\"og:type\" content=\"article\" \/>\n<meta property=\"og:title\" content=\"Swederm B Glow Body Oil \u2013 S\u00e4ra andev keha\u00f5li (40 ml) - Glamico\" \/>\n<meta property=\"og:description\" content=\"\u2728 S\u00e4ra andev kuiv keha\u00f5li kuldsete osakestega \u2728 Miljonid kuldsed osakesed panevad naha kohe p\u00e4rast pealekandmist kaunilt ja kergelt s\u00e4rama. \u00d5li m\u00e4ssib keha meeldivasse l\u00f5hnabuketti, mis toob meelde soojad suvep\u00e4evad ja pikad \u00f5htud, j\u00e4ttes naha l\u00f5hnavaks ning loomulikult l\u00e4ikivaks. S\u00e4delevad kuldsed osakesed harmoneeruvad ideaalselt p\u00e4evitusega, t\u00f5stes esile selle kauni tooni ja muutes v\u00e4ikesed nahavead visuaalselt v\u00e4hem m\u00e4rgatavaks. \u2728 S\u00e4ra ja [&hellip;]\" \/>\n<meta property=\"og:url\" content=\"https:\/\/glamico.ee\/en\/pood\/swederm-b-glow-body-oil-sara-andev-kehaoli-40-ml\/\" \/>\n<meta property=\"og:site_name\" content=\"Glamico\" \/>\n<meta property=\"og:image\" content=\"https:\/\/glamico.ee\/wp-content\/uploads\/2026\/05\/glow-body-oil-2.png\" \/>\n\t<meta property=\"og:image:width\" content=\"818\" \/>\n\t<meta property=\"og:image:height\" content=\"1111\" \/>\n\t<meta property=\"og:image:type\" content=\"image\/png\" \/>\n<meta name=\"twitter:card\" content=\"summary_large_image\" \/>\n<meta name=\"twitter:label1\" content=\"Est. reading time\" \/>\n\t<meta name=\"twitter:data1\" content=\"2 minutes\" \/>\n<script type=\"application\/ld+json\" class=\"yoast-schema-graph\">{\"@context\":\"https:\\\/\\\/schema.org\",\"@graph\":[{\"@type\":\"WebPage\",\"@id\":\"https:\\\/\\\/glamico.ee\\\/pood\\\/swederm-b-glow-body-oil-sara-andev-kehaoli-40-ml\\\/\",\"url\":\"https:\\\/\\\/glamico.ee\\\/pood\\\/swederm-b-glow-body-oil-sara-andev-kehaoli-40-ml\\\/\",\"name\":\"Swederm B Glow Body Oil \u2013 S\u00e4ra andev keha\u00f5li (40 ml) - Glamico\",\"isPartOf\":{\"@id\":\"https:\\\/\\\/glamico.ee\\\/#website\"},\"primaryImageOfPage\":{\"@id\":\"https:\\\/\\\/glamico.ee\\\/pood\\\/swederm-b-glow-body-oil-sara-andev-kehaoli-40-ml\\\/#primaryimage\"},\"image\":{\"@id\":\"https:\\\/\\\/glamico.ee\\\/pood\\\/swederm-b-glow-body-oil-sara-andev-kehaoli-40-ml\\\/#primaryimage\"},\"thumbnailUrl\":\"https:\\\/\\\/glamico.ee\\\/wp-content\\\/uploads\\\/2026\\\/05\\\/glow-body-oil-2.png\",\"datePublished\":\"2026-05-05T13:20:33+00:00\",\"breadcrumb\":{\"@id\":\"https:\\\/\\\/glamico.ee\\\/pood\\\/swederm-b-glow-body-oil-sara-andev-kehaoli-40-ml\\\/#breadcrumb\"},\"inLanguage\":\"en-US\",\"potentialAction\":[{\"@type\":\"ReadAction\",\"target\":[\"https:\\\/\\\/glamico.ee\\\/pood\\\/swederm-b-glow-body-oil-sara-andev-kehaoli-40-ml\\\/\"]}]},{\"@type\":\"ImageObject\",\"inLanguage\":\"en-US\",\"@id\":\"https:\\\/\\\/glamico.ee\\\/pood\\\/swederm-b-glow-body-oil-sara-andev-kehaoli-40-ml\\\/#primaryimage\",\"url\":\"https:\\\/\\\/glamico.ee\\\/wp-content\\\/uploads\\\/2026\\\/05\\\/glow-body-oil-2.png\",\"contentUrl\":\"https:\\\/\\\/glamico.ee\\\/wp-content\\\/uploads\\\/2026\\\/05\\\/glow-body-oil-2.png\",\"width\":818,\"height\":1111},{\"@type\":\"BreadcrumbList\",\"@id\":\"https:\\\/\\\/glamico.ee\\\/pood\\\/swederm-b-glow-body-oil-sara-andev-kehaoli-40-ml\\\/#breadcrumb\",\"itemListElement\":[{\"@type\":\"ListItem\",\"position\":1,\"name\":\"Home\",\"item\":\"https:\\\/\\\/glamico.ee\\\/\"},{\"@type\":\"ListItem\",\"position\":2,\"name\":\"Pood\",\"item\":\"https:\\\/\\\/glamico.ee\\\/pood\\\/\"},{\"@type\":\"ListItem\",\"position\":3,\"name\":\"Swederm B Glow Body Oil \u2013 S\u00e4ra andev keha\u00f5li (40 ml)\"}]},{\"@type\":\"WebSite\",\"@id\":\"https:\\\/\\\/glamico.ee\\\/#website\",\"url\":\"https:\\\/\\\/glamico.ee\\\/\",\"name\":\"Glamico\",\"description\":\"Ilutooted\",\"publisher\":{\"@id\":\"https:\\\/\\\/glamico.ee\\\/#organization\"},\"potentialAction\":[{\"@type\":\"SearchAction\",\"target\":{\"@type\":\"EntryPoint\",\"urlTemplate\":\"https:\\\/\\\/glamico.ee\\\/?s={search_term_string}\"},\"query-input\":{\"@type\":\"PropertyValueSpecification\",\"valueRequired\":true,\"valueName\":\"search_term_string\"}}],\"inLanguage\":\"en-US\"},{\"@type\":\"Organization\",\"@id\":\"https:\\\/\\\/glamico.ee\\\/#organization\",\"name\":\"Glamico Baltics O\u00dc\",\"url\":\"https:\\\/\\\/glamico.ee\\\/\",\"logo\":{\"@type\":\"ImageObject\",\"inLanguage\":\"en-US\",\"@id\":\"https:\\\/\\\/glamico.ee\\\/#\\\/schema\\\/logo\\\/image\\\/\",\"url\":\"https:\\\/\\\/glamico.ee\\\/wp-content\\\/uploads\\\/2025\\\/11\\\/Glamico-1.png\",\"contentUrl\":\"https:\\\/\\\/glamico.ee\\\/wp-content\\\/uploads\\\/2025\\\/11\\\/Glamico-1.png\",\"width\":627,\"height\":400,\"caption\":\"Glamico Baltics O\u00dc\"},\"image\":{\"@id\":\"https:\\\/\\\/glamico.ee\\\/#\\\/schema\\\/logo\\\/image\\\/\"},\"sameAs\":[\"https:\\\/\\\/www.instagram.com\\\/glamico.ee\\\/\"]}]}<\/script>\n<!-- \/ Yoast SEO plugin. -->","yoast_head_json":{"title":"Swederm B Glow Body Oil \u2013 S\u00e4ra andev keha\u00f5li (40 ml) - Glamico","robots":{"index":"index","follow":"follow","max-snippet":"max-snippet:-1","max-image-preview":"max-image-preview:large","max-video-preview":"max-video-preview:-1"},"canonical":"https:\/\/glamico.ee\/en\/pood\/swederm-b-glow-body-oil-sara-andev-kehaoli-40-ml\/","og_locale":"en_US","og_type":"article","og_title":"Swederm B Glow Body Oil \u2013 S\u00e4ra andev keha\u00f5li (40 ml) - Glamico","og_description":"\u2728 S\u00e4ra andev kuiv keha\u00f5li kuldsete osakestega \u2728 Miljonid kuldsed osakesed panevad naha kohe p\u00e4rast pealekandmist kaunilt ja kergelt s\u00e4rama. \u00d5li m\u00e4ssib keha meeldivasse l\u00f5hnabuketti, mis toob meelde soojad suvep\u00e4evad ja pikad \u00f5htud, j\u00e4ttes naha l\u00f5hnavaks ning loomulikult l\u00e4ikivaks. S\u00e4delevad kuldsed osakesed harmoneeruvad ideaalselt p\u00e4evitusega, t\u00f5stes esile selle kauni tooni ja muutes v\u00e4ikesed nahavead visuaalselt v\u00e4hem m\u00e4rgatavaks. \u2728 S\u00e4ra ja [&hellip;]","og_url":"https:\/\/glamico.ee\/en\/pood\/swederm-b-glow-body-oil-sara-andev-kehaoli-40-ml\/","og_site_name":"Glamico","og_image":[{"width":818,"height":1111,"url":"https:\/\/glamico.ee\/wp-content\/uploads\/2026\/05\/glow-body-oil-2.png","type":"image\/png"}],"twitter_card":"summary_large_image","twitter_misc":{"Est. reading time":"2 minutes"},"schema":{"@context":"https:\/\/schema.org","@graph":[{"@type":"WebPage","@id":"https:\/\/glamico.ee\/pood\/swederm-b-glow-body-oil-sara-andev-kehaoli-40-ml\/","url":"https:\/\/glamico.ee\/pood\/swederm-b-glow-body-oil-sara-andev-kehaoli-40-ml\/","name":"Swederm B Glow Body Oil \u2013 S\u00e4ra andev keha\u00f5li (40 ml) - Glamico","isPartOf":{"@id":"https:\/\/glamico.ee\/#website"},"primaryImageOfPage":{"@id":"https:\/\/glamico.ee\/pood\/swederm-b-glow-body-oil-sara-andev-kehaoli-40-ml\/#primaryimage"},"image":{"@id":"https:\/\/glamico.ee\/pood\/swederm-b-glow-body-oil-sara-andev-kehaoli-40-ml\/#primaryimage"},"thumbnailUrl":"https:\/\/glamico.ee\/wp-content\/uploads\/2026\/05\/glow-body-oil-2.png","datePublished":"2026-05-05T13:20:33+00:00","breadcrumb":{"@id":"https:\/\/glamico.ee\/pood\/swederm-b-glow-body-oil-sara-andev-kehaoli-40-ml\/#breadcrumb"},"inLanguage":"en-US","potentialAction":[{"@type":"ReadAction","target":["https:\/\/glamico.ee\/pood\/swederm-b-glow-body-oil-sara-andev-kehaoli-40-ml\/"]}]},{"@type":"ImageObject","inLanguage":"en-US","@id":"https:\/\/glamico.ee\/pood\/swederm-b-glow-body-oil-sara-andev-kehaoli-40-ml\/#primaryimage","url":"https:\/\/glamico.ee\/wp-content\/uploads\/2026\/05\/glow-body-oil-2.png","contentUrl":"https:\/\/glamico.ee\/wp-content\/uploads\/2026\/05\/glow-body-oil-2.png","width":818,"height":1111},{"@type":"BreadcrumbList","@id":"https:\/\/glamico.ee\/pood\/swederm-b-glow-body-oil-sara-andev-kehaoli-40-ml\/#breadcrumb","itemListElement":[{"@type":"ListItem","position":1,"name":"Home","item":"https:\/\/glamico.ee\/"},{"@type":"ListItem","position":2,"name":"Pood","item":"https:\/\/glamico.ee\/pood\/"},{"@type":"ListItem","position":3,"name":"Swederm B Glow Body Oil \u2013 S\u00e4ra andev keha\u00f5li (40 ml)"}]},{"@type":"WebSite","@id":"https:\/\/glamico.ee\/#website","url":"https:\/\/glamico.ee\/","name":"Glamico","description":"Ilutooted","publisher":{"@id":"https:\/\/glamico.ee\/#organization"},"potentialAction":[{"@type":"SearchAction","target":{"@type":"EntryPoint","urlTemplate":"https:\/\/glamico.ee\/?s={search_term_string}"},"query-input":{"@type":"PropertyValueSpecification","valueRequired":true,"valueName":"search_term_string"}}],"inLanguage":"en-US"},{"@type":"Organization","@id":"https:\/\/glamico.ee\/#organization","name":"Glamico Baltics O\u00dc","url":"https:\/\/glamico.ee\/","logo":{"@type":"ImageObject","inLanguage":"en-US","@id":"https:\/\/glamico.ee\/#\/schema\/logo\/image\/","url":"https:\/\/glamico.ee\/wp-content\/uploads\/2025\/11\/Glamico-1.png","contentUrl":"https:\/\/glamico.ee\/wp-content\/uploads\/2025\/11\/Glamico-1.png","width":627,"height":400,"caption":"Glamico Baltics O\u00dc"},"image":{"@id":"https:\/\/glamico.ee\/#\/schema\/logo\/image\/"},"sameAs":["https:\/\/www.instagram.com\/glamico.ee\/"]}]}},"brands":[{"id":92,"name":"Swederm","slug":"swederm"}],"_links":{"self":[{"href":"https:\/\/glamico.ee\/en\/wp-json\/wp\/v2\/product\/3519","targetHints":{"allow":["GET"]}}],"collection":[{"href":"https:\/\/glamico.ee\/en\/wp-json\/wp\/v2\/product"}],"about":[{"href":"https:\/\/glamico.ee\/en\/wp-json\/wp\/v2\/types\/product"}],"version-history":[{"count":1,"href":"https:\/\/glamico.ee\/en\/wp-json\/wp\/v2\/product\/3519\/revisions"}],"predecessor-version":[{"id":3523,"href":"https:\/\/glamico.ee\/en\/wp-json\/wp\/v2\/product\/3519\/revisions\/3523"}],"wp:featuredmedia":[{"embeddable":true,"href":"https:\/\/glamico.ee\/en\/wp-json\/wp\/v2\/media\/3521"}],"wp:attachment":[{"href":"https:\/\/glamico.ee\/en\/wp-json\/wp\/v2\/media?parent=3519"}],"wp:term":[{"taxonomy":"pwb-brand","embeddable":true,"href":"https:\/\/glamico.ee\/en\/wp-json\/wp\/v2\/pwb-brand?post=3519"},{"taxonomy":"product_brand","embeddable":true,"href":"https:\/\/glamico.ee\/en\/wp-json\/wp\/v2\/product_brand?post=3519"},{"taxonomy":"product_cat","embeddable":true,"href":"https:\/\/glamico.ee\/en\/wp-json\/wp\/v2\/product_cat?post=3519"},{"taxonomy":"product_tag","embeddable":true,"href":"https:\/\/glamico.ee\/en\/wp-json\/wp\/v2\/product_tag?post=3519"}],"curies":[{"name":"wp","href":"https:\/\/api.w.org\/{rel}","templated":true}]}}