{"id":3512,"date":"2026-05-05T15:07:22","date_gmt":"2026-05-05T13:07:22","guid":{"rendered":"https:\/\/glamico.ee\/?post_type=product&#038;p=3512"},"modified":"2026-05-05T15:07:22","modified_gmt":"2026-05-05T13:07:22","slug":"swederm-deoroll-vitamin-e-e-vitamiiniga-antiperspirant-60ml","status":"publish","type":"product","link":"https:\/\/glamico.ee\/en\/pood\/swederm-deoroll-vitamin-e-e-vitamiiniga-antiperspirant-60ml\/","title":{"rendered":"Swederm Deoroll Vitamin E\u2013 E-vitamiiniga antiperspirant 60ml"},"content":{"rendered":"<p>Selle spetsiaalset koostist on rikastatud pehmendavate emolientidega (diokt\u00fc\u00fclkarbonaat ja dikapr\u00fc\u00fcl-eeter), t\u00e4nu millele DEOROLL VITAMIN E pehmendab ja silub \u00f5rna kaenlaalust nahka. Swederm\u00ae blokaator leevendab \u00e4rritust, soodustab naha paranemist ja kahjustatud epidermise uuenemist. Lisaks on E-vitamiinil t\u00f5hus vananemisvastane toime.<\/p>\n<p>Antiperspirandi l\u00f5hnanoot \u00fchtib tuntud HUDSALVA VIT E salvi ja kogu \u00fclej\u00e4\u00e4nud Swederm\u00ae-i unikaalse roosa kosmeetikasarjaga. \u00dcmbritsege oma keha vitamiinide ja emolientide kaitsvasse v\u00e4esse, mis pakub teie nahale s\u00fcgavat toitmist ja tervist.<\/p>\n<p><strong>Kuidas E-vitamiini ja emolientidega antiperspirant toimib?<\/strong><\/p>\n<ul>\n<li>E-vitamiin on tuntud oma tugeva antioks\u00fcdantse, vananemisvastase, rahustava ja niisutava toime poolest. Just seet\u00f5ttu kaitseb DEOROLL VITAMIN E kaenlaalust \u00f5rna nahka \u00e4rrituste ja UV-kiirguse eest, toetades samal ajal naha kaitsebarj\u00e4\u00e4ri tugevust.<\/li>\n<li>Emoliendid (pehmendajad): Swederm\u00ae deorull-blokaator on rikas nahka pehmendavate ainete poolest. Koostises olevad diokt\u00fc\u00fclkarbonaat ja dikapr\u00fc\u00fcl-eeter moodustavad naha pinnale kerge oklusiivse (kaitsva) kihi.<\/li>\n<li>Kaitsekiht pehmendab ja silub nahka, hoides \u00e4ra liigse niiskuse aurustumise. Seejuures ei j\u00e4ta vahend nahka rasvaseks, tagades kuiva ja v\u00e4rske tunde kogu p\u00e4evaks.<\/li>\n<li>Kaunid ja higivabad kaenlaalused \u2013 Swederm\u00ae blokaator<br \/>\nSee antiperspirant sobib ideaalselt tundliku kaenlaaluse naha igap\u00e4evaseks hoolduseks, pakkudes teile oodatud kuivust ja puhtust. Unustage ebameeldiv higil\u00f5hn ja raseerimisj\u00e4rgne v\u00f5i h\u00f5\u00f5rdumisest tingitud \u00e4rritus.<\/li>\n<\/ul>\n<p>Avastage lahendus, mis annab teile enesekindluse ka kuumadel suvep\u00e4evadel v\u00f5i p\u00e4rast intensiivset treeningut. Valige kosmeetikatoode, mille tervislik koostis on rikastatud emolientide ja nahka noorendava E-vitamiiniga ning mida on t\u00e4nu rullikule erakordselt lihtne ja mugav peale kanda.<\/p>\n<p>Kogege ise Swederm\u00ae DEOROLL VITAMIN E antiperspirandi h\u00e4mmastavaid omadusi ja nautige muretut v\u00e4rskust igas olukorras!<\/p>\n<p><strong>Koostis:<\/strong> Aqua, Aluminum Chlorohydrate, Steareth-2, Dicaprylyl Carbonate, Steareth-21, Dicaprylyl Ether, Parfum, Sodium Chloride, Propanediol, Tapioca Starch Polymethylsilsesquioxane, Tocopheryl Acetate<\/p>","protected":false},"excerpt":{"rendered":"<p>DEOROLL VITAMIN E on t\u00f5hus rull-on antiperspirant (higistamisvastane vahend), mis v\u00e4hendab naha liigset higistamist. Tootes sisalduv Swederm\u00ae blokaator v\u00e4hendab efektiivselt higieritust ja ebameeldivat l\u00f5hna, tagades pikaajalise v\u00e4rskustunde.<\/p>","protected":false},"featured_media":3514,"template":"","meta":[],"pwb-brand":[92],"product_brand":[],"product_cat":[31],"product_tag":[],"class_list":{"0":"post-3512","1":"product","2":"type-product","3":"status-publish","4":"has-post-thumbnail","6":"pwb-brand-swederm","7":"product_cat-keha","9":"first","10":"instock","11":"taxable","12":"shipping-taxable","13":"purchasable","14":"product-type-simple"},"yoast_head":"<!-- This site is optimized with the Yoast SEO plugin v27.5 - https:\/\/yoast.com\/product\/yoast-seo-wordpress\/ -->\n<title>Swederm Deoroll Vitamin E\u2013 E-vitamiiniga antiperspirant 60ml - Glamico<\/title>\n<meta name=\"robots\" content=\"index, follow, max-snippet:-1, max-image-preview:large, max-video-preview:-1\" \/>\n<link rel=\"canonical\" href=\"https:\/\/glamico.ee\/en\/pood\/swederm-deoroll-vitamin-e-e-vitamiiniga-antiperspirant-60ml\/\" \/>\n<meta property=\"og:locale\" content=\"en_US\" \/>\n<meta property=\"og:type\" content=\"article\" \/>\n<meta property=\"og:title\" content=\"Swederm Deoroll Vitamin E\u2013 E-vitamiiniga antiperspirant 60ml - Glamico\" \/>\n<meta property=\"og:description\" content=\"DEOROLL VITAMIN E on t\u00f5hus rull-on antiperspirant (higistamisvastane vahend), mis v\u00e4hendab naha liigset higistamist. Tootes sisalduv Swederm\u00ae blokaator v\u00e4hendab efektiivselt higieritust ja ebameeldivat l\u00f5hna, tagades pikaajalise v\u00e4rskustunde.\" \/>\n<meta property=\"og:url\" content=\"https:\/\/glamico.ee\/en\/pood\/swederm-deoroll-vitamin-e-e-vitamiiniga-antiperspirant-60ml\/\" \/>\n<meta property=\"og:site_name\" content=\"Glamico\" \/>\n<meta property=\"og:image\" content=\"https:\/\/glamico.ee\/wp-content\/uploads\/2026\/05\/01_deoroll_vite_packshot_9bbd9955-a70c-464b-8ad8-83f3d4079d0c.webp\" \/>\n\t<meta property=\"og:image:width\" content=\"900\" \/>\n\t<meta property=\"og:image:height\" content=\"1200\" \/>\n\t<meta property=\"og:image:type\" content=\"image\/webp\" \/>\n<meta name=\"twitter:card\" content=\"summary_large_image\" \/>\n<meta name=\"twitter:label1\" content=\"Est. reading time\" \/>\n\t<meta name=\"twitter:data1\" content=\"2 minutes\" \/>\n<script type=\"application\/ld+json\" class=\"yoast-schema-graph\">{\"@context\":\"https:\\\/\\\/schema.org\",\"@graph\":[{\"@type\":\"WebPage\",\"@id\":\"https:\\\/\\\/glamico.ee\\\/pood\\\/swederm-deoroll-vitamin-e-e-vitamiiniga-antiperspirant-60ml\\\/\",\"url\":\"https:\\\/\\\/glamico.ee\\\/pood\\\/swederm-deoroll-vitamin-e-e-vitamiiniga-antiperspirant-60ml\\\/\",\"name\":\"Swederm Deoroll Vitamin E\u2013 E-vitamiiniga antiperspirant 60ml - Glamico\",\"isPartOf\":{\"@id\":\"https:\\\/\\\/glamico.ee\\\/#website\"},\"primaryImageOfPage\":{\"@id\":\"https:\\\/\\\/glamico.ee\\\/pood\\\/swederm-deoroll-vitamin-e-e-vitamiiniga-antiperspirant-60ml\\\/#primaryimage\"},\"image\":{\"@id\":\"https:\\\/\\\/glamico.ee\\\/pood\\\/swederm-deoroll-vitamin-e-e-vitamiiniga-antiperspirant-60ml\\\/#primaryimage\"},\"thumbnailUrl\":\"https:\\\/\\\/glamico.ee\\\/wp-content\\\/uploads\\\/2026\\\/05\\\/01_deoroll_vite_packshot_9bbd9955-a70c-464b-8ad8-83f3d4079d0c.webp\",\"datePublished\":\"2026-05-05T13:07:22+00:00\",\"breadcrumb\":{\"@id\":\"https:\\\/\\\/glamico.ee\\\/pood\\\/swederm-deoroll-vitamin-e-e-vitamiiniga-antiperspirant-60ml\\\/#breadcrumb\"},\"inLanguage\":\"en-US\",\"potentialAction\":[{\"@type\":\"ReadAction\",\"target\":[\"https:\\\/\\\/glamico.ee\\\/pood\\\/swederm-deoroll-vitamin-e-e-vitamiiniga-antiperspirant-60ml\\\/\"]}]},{\"@type\":\"ImageObject\",\"inLanguage\":\"en-US\",\"@id\":\"https:\\\/\\\/glamico.ee\\\/pood\\\/swederm-deoroll-vitamin-e-e-vitamiiniga-antiperspirant-60ml\\\/#primaryimage\",\"url\":\"https:\\\/\\\/glamico.ee\\\/wp-content\\\/uploads\\\/2026\\\/05\\\/01_deoroll_vite_packshot_9bbd9955-a70c-464b-8ad8-83f3d4079d0c.webp\",\"contentUrl\":\"https:\\\/\\\/glamico.ee\\\/wp-content\\\/uploads\\\/2026\\\/05\\\/01_deoroll_vite_packshot_9bbd9955-a70c-464b-8ad8-83f3d4079d0c.webp\",\"width\":900,\"height\":1200},{\"@type\":\"BreadcrumbList\",\"@id\":\"https:\\\/\\\/glamico.ee\\\/pood\\\/swederm-deoroll-vitamin-e-e-vitamiiniga-antiperspirant-60ml\\\/#breadcrumb\",\"itemListElement\":[{\"@type\":\"ListItem\",\"position\":1,\"name\":\"Home\",\"item\":\"https:\\\/\\\/glamico.ee\\\/\"},{\"@type\":\"ListItem\",\"position\":2,\"name\":\"Pood\",\"item\":\"https:\\\/\\\/glamico.ee\\\/pood\\\/\"},{\"@type\":\"ListItem\",\"position\":3,\"name\":\"Swederm Deoroll Vitamin E\u2013 E-vitamiiniga antiperspirant 60ml\"}]},{\"@type\":\"WebSite\",\"@id\":\"https:\\\/\\\/glamico.ee\\\/#website\",\"url\":\"https:\\\/\\\/glamico.ee\\\/\",\"name\":\"Glamico\",\"description\":\"Ilutooted\",\"publisher\":{\"@id\":\"https:\\\/\\\/glamico.ee\\\/#organization\"},\"potentialAction\":[{\"@type\":\"SearchAction\",\"target\":{\"@type\":\"EntryPoint\",\"urlTemplate\":\"https:\\\/\\\/glamico.ee\\\/?s={search_term_string}\"},\"query-input\":{\"@type\":\"PropertyValueSpecification\",\"valueRequired\":true,\"valueName\":\"search_term_string\"}}],\"inLanguage\":\"en-US\"},{\"@type\":\"Organization\",\"@id\":\"https:\\\/\\\/glamico.ee\\\/#organization\",\"name\":\"Glamico Baltics O\u00dc\",\"url\":\"https:\\\/\\\/glamico.ee\\\/\",\"logo\":{\"@type\":\"ImageObject\",\"inLanguage\":\"en-US\",\"@id\":\"https:\\\/\\\/glamico.ee\\\/#\\\/schema\\\/logo\\\/image\\\/\",\"url\":\"https:\\\/\\\/glamico.ee\\\/wp-content\\\/uploads\\\/2025\\\/11\\\/Glamico-1.png\",\"contentUrl\":\"https:\\\/\\\/glamico.ee\\\/wp-content\\\/uploads\\\/2025\\\/11\\\/Glamico-1.png\",\"width\":627,\"height\":400,\"caption\":\"Glamico Baltics O\u00dc\"},\"image\":{\"@id\":\"https:\\\/\\\/glamico.ee\\\/#\\\/schema\\\/logo\\\/image\\\/\"},\"sameAs\":[\"https:\\\/\\\/www.instagram.com\\\/glamico.ee\\\/\"]}]}<\/script>\n<!-- \/ Yoast SEO plugin. -->","yoast_head_json":{"title":"Swederm Deoroll Vitamin E\u2013 E-vitamiiniga antiperspirant 60ml - Glamico","robots":{"index":"index","follow":"follow","max-snippet":"max-snippet:-1","max-image-preview":"max-image-preview:large","max-video-preview":"max-video-preview:-1"},"canonical":"https:\/\/glamico.ee\/en\/pood\/swederm-deoroll-vitamin-e-e-vitamiiniga-antiperspirant-60ml\/","og_locale":"en_US","og_type":"article","og_title":"Swederm Deoroll Vitamin E\u2013 E-vitamiiniga antiperspirant 60ml - Glamico","og_description":"DEOROLL VITAMIN E on t\u00f5hus rull-on antiperspirant (higistamisvastane vahend), mis v\u00e4hendab naha liigset higistamist. Tootes sisalduv Swederm\u00ae blokaator v\u00e4hendab efektiivselt higieritust ja ebameeldivat l\u00f5hna, tagades pikaajalise v\u00e4rskustunde.","og_url":"https:\/\/glamico.ee\/en\/pood\/swederm-deoroll-vitamin-e-e-vitamiiniga-antiperspirant-60ml\/","og_site_name":"Glamico","og_image":[{"width":900,"height":1200,"url":"https:\/\/glamico.ee\/wp-content\/uploads\/2026\/05\/01_deoroll_vite_packshot_9bbd9955-a70c-464b-8ad8-83f3d4079d0c.webp","type":"image\/webp"}],"twitter_card":"summary_large_image","twitter_misc":{"Est. reading time":"2 minutes"},"schema":{"@context":"https:\/\/schema.org","@graph":[{"@type":"WebPage","@id":"https:\/\/glamico.ee\/pood\/swederm-deoroll-vitamin-e-e-vitamiiniga-antiperspirant-60ml\/","url":"https:\/\/glamico.ee\/pood\/swederm-deoroll-vitamin-e-e-vitamiiniga-antiperspirant-60ml\/","name":"Swederm Deoroll Vitamin E\u2013 E-vitamiiniga antiperspirant 60ml - Glamico","isPartOf":{"@id":"https:\/\/glamico.ee\/#website"},"primaryImageOfPage":{"@id":"https:\/\/glamico.ee\/pood\/swederm-deoroll-vitamin-e-e-vitamiiniga-antiperspirant-60ml\/#primaryimage"},"image":{"@id":"https:\/\/glamico.ee\/pood\/swederm-deoroll-vitamin-e-e-vitamiiniga-antiperspirant-60ml\/#primaryimage"},"thumbnailUrl":"https:\/\/glamico.ee\/wp-content\/uploads\/2026\/05\/01_deoroll_vite_packshot_9bbd9955-a70c-464b-8ad8-83f3d4079d0c.webp","datePublished":"2026-05-05T13:07:22+00:00","breadcrumb":{"@id":"https:\/\/glamico.ee\/pood\/swederm-deoroll-vitamin-e-e-vitamiiniga-antiperspirant-60ml\/#breadcrumb"},"inLanguage":"en-US","potentialAction":[{"@type":"ReadAction","target":["https:\/\/glamico.ee\/pood\/swederm-deoroll-vitamin-e-e-vitamiiniga-antiperspirant-60ml\/"]}]},{"@type":"ImageObject","inLanguage":"en-US","@id":"https:\/\/glamico.ee\/pood\/swederm-deoroll-vitamin-e-e-vitamiiniga-antiperspirant-60ml\/#primaryimage","url":"https:\/\/glamico.ee\/wp-content\/uploads\/2026\/05\/01_deoroll_vite_packshot_9bbd9955-a70c-464b-8ad8-83f3d4079d0c.webp","contentUrl":"https:\/\/glamico.ee\/wp-content\/uploads\/2026\/05\/01_deoroll_vite_packshot_9bbd9955-a70c-464b-8ad8-83f3d4079d0c.webp","width":900,"height":1200},{"@type":"BreadcrumbList","@id":"https:\/\/glamico.ee\/pood\/swederm-deoroll-vitamin-e-e-vitamiiniga-antiperspirant-60ml\/#breadcrumb","itemListElement":[{"@type":"ListItem","position":1,"name":"Home","item":"https:\/\/glamico.ee\/"},{"@type":"ListItem","position":2,"name":"Pood","item":"https:\/\/glamico.ee\/pood\/"},{"@type":"ListItem","position":3,"name":"Swederm Deoroll Vitamin E\u2013 E-vitamiiniga antiperspirant 60ml"}]},{"@type":"WebSite","@id":"https:\/\/glamico.ee\/#website","url":"https:\/\/glamico.ee\/","name":"Glamico","description":"Ilutooted","publisher":{"@id":"https:\/\/glamico.ee\/#organization"},"potentialAction":[{"@type":"SearchAction","target":{"@type":"EntryPoint","urlTemplate":"https:\/\/glamico.ee\/?s={search_term_string}"},"query-input":{"@type":"PropertyValueSpecification","valueRequired":true,"valueName":"search_term_string"}}],"inLanguage":"en-US"},{"@type":"Organization","@id":"https:\/\/glamico.ee\/#organization","name":"Glamico Baltics O\u00dc","url":"https:\/\/glamico.ee\/","logo":{"@type":"ImageObject","inLanguage":"en-US","@id":"https:\/\/glamico.ee\/#\/schema\/logo\/image\/","url":"https:\/\/glamico.ee\/wp-content\/uploads\/2025\/11\/Glamico-1.png","contentUrl":"https:\/\/glamico.ee\/wp-content\/uploads\/2025\/11\/Glamico-1.png","width":627,"height":400,"caption":"Glamico Baltics O\u00dc"},"image":{"@id":"https:\/\/glamico.ee\/#\/schema\/logo\/image\/"},"sameAs":["https:\/\/www.instagram.com\/glamico.ee\/"]}]}},"brands":[{"id":92,"name":"Swederm","slug":"swederm"}],"_links":{"self":[{"href":"https:\/\/glamico.ee\/en\/wp-json\/wp\/v2\/product\/3512","targetHints":{"allow":["GET"]}}],"collection":[{"href":"https:\/\/glamico.ee\/en\/wp-json\/wp\/v2\/product"}],"about":[{"href":"https:\/\/glamico.ee\/en\/wp-json\/wp\/v2\/types\/product"}],"version-history":[{"count":1,"href":"https:\/\/glamico.ee\/en\/wp-json\/wp\/v2\/product\/3512\/revisions"}],"predecessor-version":[{"id":3518,"href":"https:\/\/glamico.ee\/en\/wp-json\/wp\/v2\/product\/3512\/revisions\/3518"}],"wp:featuredmedia":[{"embeddable":true,"href":"https:\/\/glamico.ee\/en\/wp-json\/wp\/v2\/media\/3514"}],"wp:attachment":[{"href":"https:\/\/glamico.ee\/en\/wp-json\/wp\/v2\/media?parent=3512"}],"wp:term":[{"taxonomy":"pwb-brand","embeddable":true,"href":"https:\/\/glamico.ee\/en\/wp-json\/wp\/v2\/pwb-brand?post=3512"},{"taxonomy":"product_brand","embeddable":true,"href":"https:\/\/glamico.ee\/en\/wp-json\/wp\/v2\/product_brand?post=3512"},{"taxonomy":"product_cat","embeddable":true,"href":"https:\/\/glamico.ee\/en\/wp-json\/wp\/v2\/product_cat?post=3512"},{"taxonomy":"product_tag","embeddable":true,"href":"https:\/\/glamico.ee\/en\/wp-json\/wp\/v2\/product_tag?post=3512"}],"curies":[{"name":"wp","href":"https:\/\/api.w.org\/{rel}","templated":true}]}}