{"id":3450,"date":"2026-04-29T10:50:14","date_gmt":"2026-04-29T08:50:14","guid":{"rendered":"https:\/\/glamico.ee\/?post_type=product&#038;p=3450"},"modified":"2026-05-04T16:22:34","modified_gmt":"2026-05-04T14:22:34","slug":"raywell-tools-cream-activator-10vol-1000ml","status":"publish","type":"product","link":"https:\/\/glamico.ee\/en\/pood\/raywell-tools-cream-activator-10vol-1000ml\/","title":{"rendered":"Raywell Tools Cream Activator 10vol 3% 1000ml"},"content":{"rendered":"<p>Raywell Cream Activator on stabiliseeritud oks\u00fcdeeriv kreem, mis on loodud professionaalseteks juuksuriteenusteks. Selle eriline tekstuur tagab kerge segunemise ja pakub juustele hooldavat, restruktureerivat ning pehmendavat toimet, tagades maksimaalselt kauni tulemuse.<\/p>\n<p><strong>Peamised eelised:<\/strong><\/p>\n<ul>\n<li><strong>V\u00e4rvi kaitse ja p\u00fcsivus:<\/strong> Aitab s\u00e4ilitada v\u00e4rvi kirkust ja pikendada selle kestvust.<\/li>\n<li><strong>Hooldav toime:<\/strong> Kreemjas tekstuur toetab juuste tervist v\u00e4rvimise v\u00f5i blondeerimise ajal.<\/li>\n<li><strong>pH tase:<\/strong> Toote pH on vahemikus 3,2\u20133,6.<\/li>\n<\/ul>\n<p><strong>Peamised koostisosad:<\/strong><\/p>\n<ul>\n<li><strong>Longevity Color Complex<\/strong>: Eksklusiivne kompleks, mis toetab v\u00e4rvi pikaajalist p\u00fcsimist ja s\u00e4ra.<\/li>\n<\/ul>","protected":false},"excerpt":{"rendered":"<p>Raywell Cream Activator on stabiliseeritud oks\u00fcdeeriv kreem, mis on loodud professionaalseteks juuksuriteenusteks. Selle eriline tekstuur tagab kerge segunemise ja pakub juustele hooldavat, restruktureerivat ning pehmendavat toimet, tagades maksimaalselt kauni tulemuse. Peamised eelised: V\u00e4rvi kaitse ja p\u00fcsivus: Aitab s\u00e4ilitada v\u00e4rvi kirkust ja pikendada selle kestvust. Hooldav toime: Kreemjas tekstuur toetab juuste tervist v\u00e4rvimise v\u00f5i blondeerimise ajal. pH tase: Toote pH on [&hellip;]<\/p>\n","protected":false},"featured_media":3451,"template":"","meta":[],"pwb-brand":[90],"product_brand":[],"product_cat":[94],"product_tag":[],"class_list":{"0":"post-3450","1":"product","2":"type-product","3":"status-publish","4":"has-post-thumbnail","6":"pwb-brand-raywell","7":"product_cat-profitooted","9":"first","10":"instock","11":"taxable","12":"shipping-taxable","13":"purchasable","14":"product-type-simple"},"yoast_head":"<!-- This site is optimized with the Yoast SEO plugin v27.5 - https:\/\/yoast.com\/product\/yoast-seo-wordpress\/ -->\n<title>Raywell Tools Cream Activator 10vol 3% 1000ml - Glamico<\/title>\n<meta name=\"robots\" content=\"index, follow, max-snippet:-1, max-image-preview:large, max-video-preview:-1\" \/>\n<link rel=\"canonical\" href=\"https:\/\/glamico.ee\/en\/pood\/raywell-tools-cream-activator-10vol-1000ml\/\" \/>\n<meta property=\"og:locale\" content=\"en_US\" \/>\n<meta property=\"og:type\" content=\"article\" \/>\n<meta property=\"og:title\" content=\"Raywell Tools Cream Activator 10vol 3% 1000ml - Glamico\" \/>\n<meta property=\"og:description\" content=\"Raywell Cream Activator on stabiliseeritud oks\u00fcdeeriv kreem, mis on loodud professionaalseteks juuksuriteenusteks. Selle eriline tekstuur tagab kerge segunemise ja pakub juustele hooldavat, restruktureerivat ning pehmendavat toimet, tagades maksimaalselt kauni tulemuse. Peamised eelised: V\u00e4rvi kaitse ja p\u00fcsivus: Aitab s\u00e4ilitada v\u00e4rvi kirkust ja pikendada selle kestvust. Hooldav toime: Kreemjas tekstuur toetab juuste tervist v\u00e4rvimise v\u00f5i blondeerimise ajal. pH tase: Toote pH on [&hellip;]\" \/>\n<meta property=\"og:url\" content=\"https:\/\/glamico.ee\/en\/pood\/raywell-tools-cream-activator-10vol-1000ml\/\" \/>\n<meta property=\"og:site_name\" content=\"Glamico\" \/>\n<meta property=\"article:modified_time\" content=\"2026-05-04T14:22:34+00:00\" \/>\n<meta property=\"og:image\" content=\"https:\/\/glamico.ee\/wp-content\/uploads\/2026\/04\/TOOLS_CREAM_ACTIVATOR_OXY10-1024x1024.png\" \/>\n\t<meta property=\"og:image:width\" content=\"1024\" \/>\n\t<meta property=\"og:image:height\" content=\"1024\" \/>\n\t<meta property=\"og:image:type\" content=\"image\/png\" \/>\n<meta name=\"twitter:card\" content=\"summary_large_image\" \/>\n<meta name=\"twitter:label1\" content=\"Est. reading time\" \/>\n\t<meta name=\"twitter:data1\" content=\"1 minute\" \/>\n<script type=\"application\/ld+json\" class=\"yoast-schema-graph\">{\"@context\":\"https:\\\/\\\/schema.org\",\"@graph\":[{\"@type\":\"WebPage\",\"@id\":\"https:\\\/\\\/glamico.ee\\\/pood\\\/raywell-tools-cream-activator-10vol-1000ml\\\/\",\"url\":\"https:\\\/\\\/glamico.ee\\\/pood\\\/raywell-tools-cream-activator-10vol-1000ml\\\/\",\"name\":\"Raywell Tools Cream Activator 10vol 3% 1000ml - Glamico\",\"isPartOf\":{\"@id\":\"https:\\\/\\\/glamico.ee\\\/#website\"},\"primaryImageOfPage\":{\"@id\":\"https:\\\/\\\/glamico.ee\\\/pood\\\/raywell-tools-cream-activator-10vol-1000ml\\\/#primaryimage\"},\"image\":{\"@id\":\"https:\\\/\\\/glamico.ee\\\/pood\\\/raywell-tools-cream-activator-10vol-1000ml\\\/#primaryimage\"},\"thumbnailUrl\":\"https:\\\/\\\/glamico.ee\\\/wp-content\\\/uploads\\\/2026\\\/04\\\/TOOLS_CREAM_ACTIVATOR_OXY10-scaled.png\",\"datePublished\":\"2026-04-29T08:50:14+00:00\",\"dateModified\":\"2026-05-04T14:22:34+00:00\",\"breadcrumb\":{\"@id\":\"https:\\\/\\\/glamico.ee\\\/pood\\\/raywell-tools-cream-activator-10vol-1000ml\\\/#breadcrumb\"},\"inLanguage\":\"en-US\",\"potentialAction\":[{\"@type\":\"ReadAction\",\"target\":[\"https:\\\/\\\/glamico.ee\\\/pood\\\/raywell-tools-cream-activator-10vol-1000ml\\\/\"]}]},{\"@type\":\"ImageObject\",\"inLanguage\":\"en-US\",\"@id\":\"https:\\\/\\\/glamico.ee\\\/pood\\\/raywell-tools-cream-activator-10vol-1000ml\\\/#primaryimage\",\"url\":\"https:\\\/\\\/glamico.ee\\\/wp-content\\\/uploads\\\/2026\\\/04\\\/TOOLS_CREAM_ACTIVATOR_OXY10-scaled.png\",\"contentUrl\":\"https:\\\/\\\/glamico.ee\\\/wp-content\\\/uploads\\\/2026\\\/04\\\/TOOLS_CREAM_ACTIVATOR_OXY10-scaled.png\",\"width\":2560,\"height\":2560},{\"@type\":\"BreadcrumbList\",\"@id\":\"https:\\\/\\\/glamico.ee\\\/pood\\\/raywell-tools-cream-activator-10vol-1000ml\\\/#breadcrumb\",\"itemListElement\":[{\"@type\":\"ListItem\",\"position\":1,\"name\":\"Home\",\"item\":\"https:\\\/\\\/glamico.ee\\\/\"},{\"@type\":\"ListItem\",\"position\":2,\"name\":\"Pood\",\"item\":\"https:\\\/\\\/glamico.ee\\\/pood\\\/\"},{\"@type\":\"ListItem\",\"position\":3,\"name\":\"Raywell Tools Cream Activator 10vol 3% 1000ml\"}]},{\"@type\":\"WebSite\",\"@id\":\"https:\\\/\\\/glamico.ee\\\/#website\",\"url\":\"https:\\\/\\\/glamico.ee\\\/\",\"name\":\"Glamico\",\"description\":\"Ilutooted\",\"publisher\":{\"@id\":\"https:\\\/\\\/glamico.ee\\\/#organization\"},\"potentialAction\":[{\"@type\":\"SearchAction\",\"target\":{\"@type\":\"EntryPoint\",\"urlTemplate\":\"https:\\\/\\\/glamico.ee\\\/?s={search_term_string}\"},\"query-input\":{\"@type\":\"PropertyValueSpecification\",\"valueRequired\":true,\"valueName\":\"search_term_string\"}}],\"inLanguage\":\"en-US\"},{\"@type\":\"Organization\",\"@id\":\"https:\\\/\\\/glamico.ee\\\/#organization\",\"name\":\"Glamico Baltics O\u00dc\",\"url\":\"https:\\\/\\\/glamico.ee\\\/\",\"logo\":{\"@type\":\"ImageObject\",\"inLanguage\":\"en-US\",\"@id\":\"https:\\\/\\\/glamico.ee\\\/#\\\/schema\\\/logo\\\/image\\\/\",\"url\":\"https:\\\/\\\/glamico.ee\\\/wp-content\\\/uploads\\\/2025\\\/11\\\/Glamico-1.png\",\"contentUrl\":\"https:\\\/\\\/glamico.ee\\\/wp-content\\\/uploads\\\/2025\\\/11\\\/Glamico-1.png\",\"width\":627,\"height\":400,\"caption\":\"Glamico Baltics O\u00dc\"},\"image\":{\"@id\":\"https:\\\/\\\/glamico.ee\\\/#\\\/schema\\\/logo\\\/image\\\/\"},\"sameAs\":[\"https:\\\/\\\/www.instagram.com\\\/glamico.ee\\\/\"]}]}<\/script>\n<!-- \/ Yoast SEO plugin. -->","yoast_head_json":{"title":"Raywell Tools Cream Activator 10vol 3% 1000ml - Glamico","robots":{"index":"index","follow":"follow","max-snippet":"max-snippet:-1","max-image-preview":"max-image-preview:large","max-video-preview":"max-video-preview:-1"},"canonical":"https:\/\/glamico.ee\/en\/pood\/raywell-tools-cream-activator-10vol-1000ml\/","og_locale":"en_US","og_type":"article","og_title":"Raywell Tools Cream Activator 10vol 3% 1000ml - Glamico","og_description":"Raywell Cream Activator on stabiliseeritud oks\u00fcdeeriv kreem, mis on loodud professionaalseteks juuksuriteenusteks. Selle eriline tekstuur tagab kerge segunemise ja pakub juustele hooldavat, restruktureerivat ning pehmendavat toimet, tagades maksimaalselt kauni tulemuse. Peamised eelised: V\u00e4rvi kaitse ja p\u00fcsivus: Aitab s\u00e4ilitada v\u00e4rvi kirkust ja pikendada selle kestvust. Hooldav toime: Kreemjas tekstuur toetab juuste tervist v\u00e4rvimise v\u00f5i blondeerimise ajal. pH tase: Toote pH on [&hellip;]","og_url":"https:\/\/glamico.ee\/en\/pood\/raywell-tools-cream-activator-10vol-1000ml\/","og_site_name":"Glamico","article_modified_time":"2026-05-04T14:22:34+00:00","og_image":[{"width":1024,"height":1024,"url":"https:\/\/glamico.ee\/wp-content\/uploads\/2026\/04\/TOOLS_CREAM_ACTIVATOR_OXY10-1024x1024.png","type":"image\/png"}],"twitter_card":"summary_large_image","twitter_misc":{"Est. reading time":"1 minute"},"schema":{"@context":"https:\/\/schema.org","@graph":[{"@type":"WebPage","@id":"https:\/\/glamico.ee\/pood\/raywell-tools-cream-activator-10vol-1000ml\/","url":"https:\/\/glamico.ee\/pood\/raywell-tools-cream-activator-10vol-1000ml\/","name":"Raywell Tools Cream Activator 10vol 3% 1000ml - Glamico","isPartOf":{"@id":"https:\/\/glamico.ee\/#website"},"primaryImageOfPage":{"@id":"https:\/\/glamico.ee\/pood\/raywell-tools-cream-activator-10vol-1000ml\/#primaryimage"},"image":{"@id":"https:\/\/glamico.ee\/pood\/raywell-tools-cream-activator-10vol-1000ml\/#primaryimage"},"thumbnailUrl":"https:\/\/glamico.ee\/wp-content\/uploads\/2026\/04\/TOOLS_CREAM_ACTIVATOR_OXY10-scaled.png","datePublished":"2026-04-29T08:50:14+00:00","dateModified":"2026-05-04T14:22:34+00:00","breadcrumb":{"@id":"https:\/\/glamico.ee\/pood\/raywell-tools-cream-activator-10vol-1000ml\/#breadcrumb"},"inLanguage":"en-US","potentialAction":[{"@type":"ReadAction","target":["https:\/\/glamico.ee\/pood\/raywell-tools-cream-activator-10vol-1000ml\/"]}]},{"@type":"ImageObject","inLanguage":"en-US","@id":"https:\/\/glamico.ee\/pood\/raywell-tools-cream-activator-10vol-1000ml\/#primaryimage","url":"https:\/\/glamico.ee\/wp-content\/uploads\/2026\/04\/TOOLS_CREAM_ACTIVATOR_OXY10-scaled.png","contentUrl":"https:\/\/glamico.ee\/wp-content\/uploads\/2026\/04\/TOOLS_CREAM_ACTIVATOR_OXY10-scaled.png","width":2560,"height":2560},{"@type":"BreadcrumbList","@id":"https:\/\/glamico.ee\/pood\/raywell-tools-cream-activator-10vol-1000ml\/#breadcrumb","itemListElement":[{"@type":"ListItem","position":1,"name":"Home","item":"https:\/\/glamico.ee\/"},{"@type":"ListItem","position":2,"name":"Pood","item":"https:\/\/glamico.ee\/pood\/"},{"@type":"ListItem","position":3,"name":"Raywell Tools Cream Activator 10vol 3% 1000ml"}]},{"@type":"WebSite","@id":"https:\/\/glamico.ee\/#website","url":"https:\/\/glamico.ee\/","name":"Glamico","description":"Ilutooted","publisher":{"@id":"https:\/\/glamico.ee\/#organization"},"potentialAction":[{"@type":"SearchAction","target":{"@type":"EntryPoint","urlTemplate":"https:\/\/glamico.ee\/?s={search_term_string}"},"query-input":{"@type":"PropertyValueSpecification","valueRequired":true,"valueName":"search_term_string"}}],"inLanguage":"en-US"},{"@type":"Organization","@id":"https:\/\/glamico.ee\/#organization","name":"Glamico Baltics O\u00dc","url":"https:\/\/glamico.ee\/","logo":{"@type":"ImageObject","inLanguage":"en-US","@id":"https:\/\/glamico.ee\/#\/schema\/logo\/image\/","url":"https:\/\/glamico.ee\/wp-content\/uploads\/2025\/11\/Glamico-1.png","contentUrl":"https:\/\/glamico.ee\/wp-content\/uploads\/2025\/11\/Glamico-1.png","width":627,"height":400,"caption":"Glamico Baltics O\u00dc"},"image":{"@id":"https:\/\/glamico.ee\/#\/schema\/logo\/image\/"},"sameAs":["https:\/\/www.instagram.com\/glamico.ee\/"]}]}},"brands":[{"id":90,"name":"Raywell","slug":"raywell"}],"_links":{"self":[{"href":"https:\/\/glamico.ee\/en\/wp-json\/wp\/v2\/product\/3450","targetHints":{"allow":["GET"]}}],"collection":[{"href":"https:\/\/glamico.ee\/en\/wp-json\/wp\/v2\/product"}],"about":[{"href":"https:\/\/glamico.ee\/en\/wp-json\/wp\/v2\/types\/product"}],"version-history":[{"count":2,"href":"https:\/\/glamico.ee\/en\/wp-json\/wp\/v2\/product\/3450\/revisions"}],"predecessor-version":[{"id":3454,"href":"https:\/\/glamico.ee\/en\/wp-json\/wp\/v2\/product\/3450\/revisions\/3454"}],"wp:featuredmedia":[{"embeddable":true,"href":"https:\/\/glamico.ee\/en\/wp-json\/wp\/v2\/media\/3451"}],"wp:attachment":[{"href":"https:\/\/glamico.ee\/en\/wp-json\/wp\/v2\/media?parent=3450"}],"wp:term":[{"taxonomy":"pwb-brand","embeddable":true,"href":"https:\/\/glamico.ee\/en\/wp-json\/wp\/v2\/pwb-brand?post=3450"},{"taxonomy":"product_brand","embeddable":true,"href":"https:\/\/glamico.ee\/en\/wp-json\/wp\/v2\/product_brand?post=3450"},{"taxonomy":"product_cat","embeddable":true,"href":"https:\/\/glamico.ee\/en\/wp-json\/wp\/v2\/product_cat?post=3450"},{"taxonomy":"product_tag","embeddable":true,"href":"https:\/\/glamico.ee\/en\/wp-json\/wp\/v2\/product_tag?post=3450"}],"curies":[{"name":"wp","href":"https:\/\/api.w.org\/{rel}","templated":true}]}}