{"id":2807,"date":"2026-04-22T15:28:53","date_gmt":"2026-04-22T13:28:53","guid":{"rendered":"https:\/\/glamico.ee\/?post_type=product&#038;p=2807"},"modified":"2026-04-22T15:28:54","modified_gmt":"2026-04-22T13:28:54","slug":"raywell-repair-molekulaarne-taastav-ja-kaitsev-juuksekreem-200ml","status":"publish","type":"product","link":"https:\/\/glamico.ee\/en\/pood\/raywell-repair-molekulaarne-taastav-ja-kaitsev-juuksekreem-200ml\/","title":{"rendered":"Raywell Repair molekulaarne taastav ja kaitsev juuksekreem 200ml"},"content":{"rendered":"<p>See ei ole lihtsalt viimistlusvahend, vaid s\u00fcgavuti toimiv hooldus. Kreemi koostises olev Castanea Sativa (kastani) kompleks loob juuksekarva \u00fcmber kaitsva barj\u00e4\u00e4ri, mis silub juuksepinda ja muudab need vastupidavamaks igap\u00e4evastele stressifaktoritele.<\/p>\n<p><strong>Peamised eelised:<\/strong><\/p>\n<ul>\n<li><strong>Kuumakaitse<\/strong>: Kaitseb juukseid f\u00f6\u00f6nitamise, sirgendamise ja teiste kuumt\u00f6\u00f6tluste kahjuliku m\u00f5ju eest.<\/li>\n<li><strong>Silub ja harutab lahti<\/strong>: Muudab juuksed kergesti kammitavaks, siledaks ja eemaldab kahususe ilma juukseid raskeks muutmata.<\/li>\n<li><strong>Lisab s\u00e4ra<\/strong>: Annab juustele terve ja eluj\u00f5ulise l\u00e4ike.<\/li>\n<li><strong>Optimaalne pH tase<\/strong>: Koostise pH 4,30 \u2013 4,80 aitab hoida juuksepinna (kutiikula) suletuna ja sileda.<\/li>\n<li><strong>Leave-in hooldus<\/strong>: Mugav kasutada \u2013 ei vaja loputamist, pakkudes kaitset ja niisutust kogu p\u00e4eva v\u00e4ltel.<\/li>\n<\/ul>\n<p><strong>Kasutamine:<\/strong><br \/>\nKanna v\u00e4ike kogus kreemi puhastele, niisketele (r\u00e4tikukuivadele) juustele. Jaota \u00fchtlaselt pikkusele ja otstele. \u00c4ra loputa! J\u00e4tka juuste kuivatamise ja viimistlemisega nagu tavaliselt.<\/p>\n<p>Sari: Raywell B.io Repair \u2013 \u00f6koloogiliselt teadlik ja teaduslikult t\u00f5hus.<\/p>\n<p>Tulemus: Terved, siidised ja t\u00e4ielikult kaitstud juuksed.<\/p>","protected":false},"excerpt":{"rendered":"<p>Raywell B.io Repair Molecular Cream on luksuslik juustesse j\u00e4etav hoolduskreem, mis on loodud kahjustatud ja t\u00f6\u00f6deldud juuste koheseks taastamiseks ning kaitsmiseks. T\u00e4nu uuenduslikule molekulaarsele tehnoloogiale tungib kreem s\u00fcgavale juuksestruktuuri, pakkudes kaitset kuumuse eest ning andes juustele uskumatu pehmuse ja l\u00e4ike.<\/p>","protected":false},"featured_media":2808,"template":"","meta":[],"pwb-brand":[90],"product_brand":[],"product_cat":[32],"product_tag":[],"class_list":{"0":"post-2807","1":"product","2":"type-product","3":"status-publish","4":"has-post-thumbnail","6":"pwb-brand-raywell","7":"product_cat-juustele","9":"first","10":"instock","11":"taxable","12":"shipping-taxable","13":"purchasable","14":"product-type-simple"},"yoast_head":"<!-- This site is optimized with the Yoast SEO plugin v27.3 - https:\/\/yoast.com\/product\/yoast-seo-wordpress\/ -->\n<title>Raywell Repair molekulaarne taastav ja kaitsev juuksekreem 200ml - Glamico<\/title>\n<meta name=\"robots\" content=\"index, follow, max-snippet:-1, max-image-preview:large, max-video-preview:-1\" \/>\n<link rel=\"canonical\" href=\"https:\/\/glamico.ee\/en\/pood\/raywell-repair-molekulaarne-taastav-ja-kaitsev-juuksekreem-200ml\/\" \/>\n<meta property=\"og:locale\" content=\"en_US\" \/>\n<meta property=\"og:type\" content=\"article\" \/>\n<meta property=\"og:title\" content=\"Raywell Repair molekulaarne taastav ja kaitsev juuksekreem 200ml - Glamico\" \/>\n<meta property=\"og:description\" content=\"Raywell B.io Repair Molecular Cream on luksuslik juustesse j\u00e4etav hoolduskreem, mis on loodud kahjustatud ja t\u00f6\u00f6deldud juuste koheseks taastamiseks ning kaitsmiseks. T\u00e4nu uuenduslikule molekulaarsele tehnoloogiale tungib kreem s\u00fcgavale juuksestruktuuri, pakkudes kaitset kuumuse eest ning andes juustele uskumatu pehmuse ja l\u00e4ike.\" \/>\n<meta property=\"og:url\" content=\"https:\/\/glamico.ee\/en\/pood\/raywell-repair-molekulaarne-taastav-ja-kaitsev-juuksekreem-200ml\/\" \/>\n<meta property=\"og:site_name\" content=\"Glamico\" \/>\n<meta property=\"article:modified_time\" content=\"2026-04-22T13:28:54+00:00\" \/>\n<meta property=\"og:image\" content=\"https:\/\/glamico.ee\/wp-content\/uploads\/2026\/04\/RR635_BIO_REPAIR_CREAM_200ML-1024x1024.png\" \/>\n\t<meta property=\"og:image:width\" content=\"1024\" \/>\n\t<meta property=\"og:image:height\" content=\"1024\" \/>\n\t<meta property=\"og:image:type\" content=\"image\/png\" \/>\n<meta name=\"twitter:card\" content=\"summary_large_image\" \/>\n<meta name=\"twitter:label1\" content=\"Est. reading time\" \/>\n\t<meta name=\"twitter:data1\" content=\"1 minute\" \/>\n<script type=\"application\/ld+json\" class=\"yoast-schema-graph\">{\"@context\":\"https:\\\/\\\/schema.org\",\"@graph\":[{\"@type\":\"WebPage\",\"@id\":\"https:\\\/\\\/glamico.ee\\\/pood\\\/raywell-repair-molekulaarne-taastav-ja-kaitsev-juuksekreem-200ml\\\/\",\"url\":\"https:\\\/\\\/glamico.ee\\\/pood\\\/raywell-repair-molekulaarne-taastav-ja-kaitsev-juuksekreem-200ml\\\/\",\"name\":\"Raywell Repair molekulaarne taastav ja kaitsev juuksekreem 200ml - Glamico\",\"isPartOf\":{\"@id\":\"https:\\\/\\\/glamico.ee\\\/#website\"},\"primaryImageOfPage\":{\"@id\":\"https:\\\/\\\/glamico.ee\\\/pood\\\/raywell-repair-molekulaarne-taastav-ja-kaitsev-juuksekreem-200ml\\\/#primaryimage\"},\"image\":{\"@id\":\"https:\\\/\\\/glamico.ee\\\/pood\\\/raywell-repair-molekulaarne-taastav-ja-kaitsev-juuksekreem-200ml\\\/#primaryimage\"},\"thumbnailUrl\":\"https:\\\/\\\/glamico.ee\\\/wp-content\\\/uploads\\\/2026\\\/04\\\/RR635_BIO_REPAIR_CREAM_200ML-scaled.png\",\"datePublished\":\"2026-04-22T13:28:53+00:00\",\"dateModified\":\"2026-04-22T13:28:54+00:00\",\"breadcrumb\":{\"@id\":\"https:\\\/\\\/glamico.ee\\\/pood\\\/raywell-repair-molekulaarne-taastav-ja-kaitsev-juuksekreem-200ml\\\/#breadcrumb\"},\"inLanguage\":\"en-US\",\"potentialAction\":[{\"@type\":\"ReadAction\",\"target\":[\"https:\\\/\\\/glamico.ee\\\/pood\\\/raywell-repair-molekulaarne-taastav-ja-kaitsev-juuksekreem-200ml\\\/\"]}]},{\"@type\":\"ImageObject\",\"inLanguage\":\"en-US\",\"@id\":\"https:\\\/\\\/glamico.ee\\\/pood\\\/raywell-repair-molekulaarne-taastav-ja-kaitsev-juuksekreem-200ml\\\/#primaryimage\",\"url\":\"https:\\\/\\\/glamico.ee\\\/wp-content\\\/uploads\\\/2026\\\/04\\\/RR635_BIO_REPAIR_CREAM_200ML-scaled.png\",\"contentUrl\":\"https:\\\/\\\/glamico.ee\\\/wp-content\\\/uploads\\\/2026\\\/04\\\/RR635_BIO_REPAIR_CREAM_200ML-scaled.png\",\"width\":2560,\"height\":2560},{\"@type\":\"BreadcrumbList\",\"@id\":\"https:\\\/\\\/glamico.ee\\\/pood\\\/raywell-repair-molekulaarne-taastav-ja-kaitsev-juuksekreem-200ml\\\/#breadcrumb\",\"itemListElement\":[{\"@type\":\"ListItem\",\"position\":1,\"name\":\"Home\",\"item\":\"https:\\\/\\\/glamico.ee\\\/\"},{\"@type\":\"ListItem\",\"position\":2,\"name\":\"Pood\",\"item\":\"https:\\\/\\\/glamico.ee\\\/pood\\\/\"},{\"@type\":\"ListItem\",\"position\":3,\"name\":\"Raywell Repair molekulaarne taastav ja kaitsev juuksekreem 200ml\"}]},{\"@type\":\"WebSite\",\"@id\":\"https:\\\/\\\/glamico.ee\\\/#website\",\"url\":\"https:\\\/\\\/glamico.ee\\\/\",\"name\":\"Glamico\",\"description\":\"Ilutooted\",\"publisher\":{\"@id\":\"https:\\\/\\\/glamico.ee\\\/#organization\"},\"potentialAction\":[{\"@type\":\"SearchAction\",\"target\":{\"@type\":\"EntryPoint\",\"urlTemplate\":\"https:\\\/\\\/glamico.ee\\\/?s={search_term_string}\"},\"query-input\":{\"@type\":\"PropertyValueSpecification\",\"valueRequired\":true,\"valueName\":\"search_term_string\"}}],\"inLanguage\":\"en-US\"},{\"@type\":\"Organization\",\"@id\":\"https:\\\/\\\/glamico.ee\\\/#organization\",\"name\":\"Glamico Baltics O\u00dc\",\"url\":\"https:\\\/\\\/glamico.ee\\\/\",\"logo\":{\"@type\":\"ImageObject\",\"inLanguage\":\"en-US\",\"@id\":\"https:\\\/\\\/glamico.ee\\\/#\\\/schema\\\/logo\\\/image\\\/\",\"url\":\"https:\\\/\\\/glamico.ee\\\/wp-content\\\/uploads\\\/2025\\\/11\\\/Glamico-1.png\",\"contentUrl\":\"https:\\\/\\\/glamico.ee\\\/wp-content\\\/uploads\\\/2025\\\/11\\\/Glamico-1.png\",\"width\":627,\"height\":400,\"caption\":\"Glamico Baltics O\u00dc\"},\"image\":{\"@id\":\"https:\\\/\\\/glamico.ee\\\/#\\\/schema\\\/logo\\\/image\\\/\"},\"sameAs\":[\"https:\\\/\\\/www.instagram.com\\\/glamico.ee\\\/\"]}]}<\/script>\n<!-- \/ Yoast SEO plugin. -->","yoast_head_json":{"title":"Raywell Repair molekulaarne taastav ja kaitsev juuksekreem 200ml - Glamico","robots":{"index":"index","follow":"follow","max-snippet":"max-snippet:-1","max-image-preview":"max-image-preview:large","max-video-preview":"max-video-preview:-1"},"canonical":"https:\/\/glamico.ee\/en\/pood\/raywell-repair-molekulaarne-taastav-ja-kaitsev-juuksekreem-200ml\/","og_locale":"en_US","og_type":"article","og_title":"Raywell Repair molekulaarne taastav ja kaitsev juuksekreem 200ml - Glamico","og_description":"Raywell B.io Repair Molecular Cream on luksuslik juustesse j\u00e4etav hoolduskreem, mis on loodud kahjustatud ja t\u00f6\u00f6deldud juuste koheseks taastamiseks ning kaitsmiseks. T\u00e4nu uuenduslikule molekulaarsele tehnoloogiale tungib kreem s\u00fcgavale juuksestruktuuri, pakkudes kaitset kuumuse eest ning andes juustele uskumatu pehmuse ja l\u00e4ike.","og_url":"https:\/\/glamico.ee\/en\/pood\/raywell-repair-molekulaarne-taastav-ja-kaitsev-juuksekreem-200ml\/","og_site_name":"Glamico","article_modified_time":"2026-04-22T13:28:54+00:00","og_image":[{"width":1024,"height":1024,"url":"https:\/\/glamico.ee\/wp-content\/uploads\/2026\/04\/RR635_BIO_REPAIR_CREAM_200ML-1024x1024.png","type":"image\/png"}],"twitter_card":"summary_large_image","twitter_misc":{"Est. reading time":"1 minute"},"schema":{"@context":"https:\/\/schema.org","@graph":[{"@type":"WebPage","@id":"https:\/\/glamico.ee\/pood\/raywell-repair-molekulaarne-taastav-ja-kaitsev-juuksekreem-200ml\/","url":"https:\/\/glamico.ee\/pood\/raywell-repair-molekulaarne-taastav-ja-kaitsev-juuksekreem-200ml\/","name":"Raywell Repair molekulaarne taastav ja kaitsev juuksekreem 200ml - Glamico","isPartOf":{"@id":"https:\/\/glamico.ee\/#website"},"primaryImageOfPage":{"@id":"https:\/\/glamico.ee\/pood\/raywell-repair-molekulaarne-taastav-ja-kaitsev-juuksekreem-200ml\/#primaryimage"},"image":{"@id":"https:\/\/glamico.ee\/pood\/raywell-repair-molekulaarne-taastav-ja-kaitsev-juuksekreem-200ml\/#primaryimage"},"thumbnailUrl":"https:\/\/glamico.ee\/wp-content\/uploads\/2026\/04\/RR635_BIO_REPAIR_CREAM_200ML-scaled.png","datePublished":"2026-04-22T13:28:53+00:00","dateModified":"2026-04-22T13:28:54+00:00","breadcrumb":{"@id":"https:\/\/glamico.ee\/pood\/raywell-repair-molekulaarne-taastav-ja-kaitsev-juuksekreem-200ml\/#breadcrumb"},"inLanguage":"en-US","potentialAction":[{"@type":"ReadAction","target":["https:\/\/glamico.ee\/pood\/raywell-repair-molekulaarne-taastav-ja-kaitsev-juuksekreem-200ml\/"]}]},{"@type":"ImageObject","inLanguage":"en-US","@id":"https:\/\/glamico.ee\/pood\/raywell-repair-molekulaarne-taastav-ja-kaitsev-juuksekreem-200ml\/#primaryimage","url":"https:\/\/glamico.ee\/wp-content\/uploads\/2026\/04\/RR635_BIO_REPAIR_CREAM_200ML-scaled.png","contentUrl":"https:\/\/glamico.ee\/wp-content\/uploads\/2026\/04\/RR635_BIO_REPAIR_CREAM_200ML-scaled.png","width":2560,"height":2560},{"@type":"BreadcrumbList","@id":"https:\/\/glamico.ee\/pood\/raywell-repair-molekulaarne-taastav-ja-kaitsev-juuksekreem-200ml\/#breadcrumb","itemListElement":[{"@type":"ListItem","position":1,"name":"Home","item":"https:\/\/glamico.ee\/"},{"@type":"ListItem","position":2,"name":"Pood","item":"https:\/\/glamico.ee\/pood\/"},{"@type":"ListItem","position":3,"name":"Raywell Repair molekulaarne taastav ja kaitsev juuksekreem 200ml"}]},{"@type":"WebSite","@id":"https:\/\/glamico.ee\/#website","url":"https:\/\/glamico.ee\/","name":"Glamico","description":"Ilutooted","publisher":{"@id":"https:\/\/glamico.ee\/#organization"},"potentialAction":[{"@type":"SearchAction","target":{"@type":"EntryPoint","urlTemplate":"https:\/\/glamico.ee\/?s={search_term_string}"},"query-input":{"@type":"PropertyValueSpecification","valueRequired":true,"valueName":"search_term_string"}}],"inLanguage":"en-US"},{"@type":"Organization","@id":"https:\/\/glamico.ee\/#organization","name":"Glamico Baltics O\u00dc","url":"https:\/\/glamico.ee\/","logo":{"@type":"ImageObject","inLanguage":"en-US","@id":"https:\/\/glamico.ee\/#\/schema\/logo\/image\/","url":"https:\/\/glamico.ee\/wp-content\/uploads\/2025\/11\/Glamico-1.png","contentUrl":"https:\/\/glamico.ee\/wp-content\/uploads\/2025\/11\/Glamico-1.png","width":627,"height":400,"caption":"Glamico Baltics O\u00dc"},"image":{"@id":"https:\/\/glamico.ee\/#\/schema\/logo\/image\/"},"sameAs":["https:\/\/www.instagram.com\/glamico.ee\/"]}]}},"brands":[{"id":90,"name":"Raywell","slug":"raywell"}],"_links":{"self":[{"href":"https:\/\/glamico.ee\/en\/wp-json\/wp\/v2\/product\/2807","targetHints":{"allow":["GET"]}}],"collection":[{"href":"https:\/\/glamico.ee\/en\/wp-json\/wp\/v2\/product"}],"about":[{"href":"https:\/\/glamico.ee\/en\/wp-json\/wp\/v2\/types\/product"}],"version-history":[{"count":1,"href":"https:\/\/glamico.ee\/en\/wp-json\/wp\/v2\/product\/2807\/revisions"}],"predecessor-version":[{"id":2809,"href":"https:\/\/glamico.ee\/en\/wp-json\/wp\/v2\/product\/2807\/revisions\/2809"}],"wp:featuredmedia":[{"embeddable":true,"href":"https:\/\/glamico.ee\/en\/wp-json\/wp\/v2\/media\/2808"}],"wp:attachment":[{"href":"https:\/\/glamico.ee\/en\/wp-json\/wp\/v2\/media?parent=2807"}],"wp:term":[{"taxonomy":"pwb-brand","embeddable":true,"href":"https:\/\/glamico.ee\/en\/wp-json\/wp\/v2\/pwb-brand?post=2807"},{"taxonomy":"product_brand","embeddable":true,"href":"https:\/\/glamico.ee\/en\/wp-json\/wp\/v2\/product_brand?post=2807"},{"taxonomy":"product_cat","embeddable":true,"href":"https:\/\/glamico.ee\/en\/wp-json\/wp\/v2\/product_cat?post=2807"},{"taxonomy":"product_tag","embeddable":true,"href":"https:\/\/glamico.ee\/en\/wp-json\/wp\/v2\/product_tag?post=2807"}],"curies":[{"name":"wp","href":"https:\/\/api.w.org\/{rel}","templated":true}]}}