{"id":2801,"date":"2026-04-22T15:10:31","date_gmt":"2026-04-22T13:10:31","guid":{"rendered":"https:\/\/glamico.ee\/?post_type=product&#038;p=2801"},"modified":"2026-04-22T15:10:31","modified_gmt":"2026-04-22T13:10:31","slug":"raywell-repair-molekulaarne-taaskav-juuksemask-500ml","status":"publish","type":"product","link":"https:\/\/glamico.ee\/en\/pood\/raywell-repair-molekulaarne-taaskav-juuksemask-500ml\/","title":{"rendered":"Raywell Repair molekulaarne taaskav juuksemask 500ml"},"content":{"rendered":"<p>Raywell B.io Repair Molecular mask toimib juuksekiu tasandil. Selle koostises on eksklusiivne Castanea Sativa (kastani) kompleks, mis \u00fcmbritseb iga juuksekarva kaitsva kihiga, parandades olemasolevad kahjustused ning sulgedes juuksepinna (kutiikula). Tulemuseks on m\u00e4rgatavalt tugevamad, l\u00e4ikivamad ja pehmemad juuksed.<\/p>\n<p><strong>Peamised eelised:<\/strong><br \/>\nS\u00fcgavuti taastav: Spetsiaalselt v\u00e4lja t\u00f6\u00f6tatud tundlikele ja tugevalt kahjustatud juustele.<\/p>\n<p>Tugevdab struktuuri: Aitab parandada l\u00f5henenud juukseotsi ja ennetab uute tekkimist.<\/p>\n<p>Kaitsev toime: Kilp v\u00e4liste agressiivsete m\u00f5jude ja kuumt\u00f6\u00f6tluse vastu.<\/p>\n<p>Tasakaalustatud pH: Toote happeline koostis (pH 3,30 \u2013 4,00) aitab juuksepinna t\u00e4iuslikult sulgeda, lukustades niiskuse ja toitained karva sisse.<\/p>\n<p><strong>Kasutamine:<\/strong><\/p>\n<ul>\n<li>Pese juuksed eelistatavalt sama sarja molekulaarse \u0161ampooniga.<\/li>\n<li>Kanna mask r\u00e4tikukuivadele juustele, keskendudes pikkusele ja otstele.<\/li>\n<li>Lase m\u00f5juda 5\u201310 minutit.<\/li>\n<li>Loputa p\u00f5hjalikult leige veega.<\/li>\n<\/ul>\n<p>P\u00f5hikomponent: Castanea Sativa kompleks.<br \/>\nSari: B.io Repair \u2013 loodusl\u00e4hedane ja teaduslikult t\u00e4iustatud hooldus sinu juustele.<\/p>","protected":false},"excerpt":{"rendered":"<p>Raywell B.io Repair Molecular Mask on s\u00fcgavalt taastav hooldus, mis on loodud spetsiaalselt tundlikele, kahjustatud ja katkiste otstega juustele. Mask kasutab uuenduslikku molekulaarset biovedeldamise tehnoloogiat, et tugevdada juuksestruktuuri seestpoolt v\u00e4ljapoole.<\/p>","protected":false},"featured_media":2802,"template":"","meta":[],"pwb-brand":[90],"product_brand":[],"product_cat":[32],"product_tag":[],"class_list":{"0":"post-2801","1":"product","2":"type-product","3":"status-publish","4":"has-post-thumbnail","6":"pwb-brand-raywell","7":"product_cat-juustele","9":"first","10":"instock","11":"taxable","12":"shipping-taxable","13":"purchasable","14":"product-type-simple"},"yoast_head":"<!-- This site is optimized with the Yoast SEO plugin v27.3 - https:\/\/yoast.com\/product\/yoast-seo-wordpress\/ -->\n<title>Raywell Repair molekulaarne taaskav juuksemask 500ml - Glamico<\/title>\n<meta name=\"robots\" content=\"index, follow, max-snippet:-1, max-image-preview:large, max-video-preview:-1\" \/>\n<link rel=\"canonical\" href=\"https:\/\/glamico.ee\/en\/pood\/raywell-repair-molekulaarne-taaskav-juuksemask-500ml\/\" \/>\n<meta property=\"og:locale\" content=\"en_US\" \/>\n<meta property=\"og:type\" content=\"article\" \/>\n<meta property=\"og:title\" content=\"Raywell Repair molekulaarne taaskav juuksemask 500ml - Glamico\" \/>\n<meta property=\"og:description\" content=\"Raywell B.io Repair Molecular Mask on s\u00fcgavalt taastav hooldus, mis on loodud spetsiaalselt tundlikele, kahjustatud ja katkiste otstega juustele. Mask kasutab uuenduslikku molekulaarset biovedeldamise tehnoloogiat, et tugevdada juuksestruktuuri seestpoolt v\u00e4ljapoole.\" \/>\n<meta property=\"og:url\" content=\"https:\/\/glamico.ee\/en\/pood\/raywell-repair-molekulaarne-taaskav-juuksemask-500ml\/\" \/>\n<meta property=\"og:site_name\" content=\"Glamico\" \/>\n<meta property=\"og:image\" content=\"https:\/\/glamico.ee\/wp-content\/uploads\/2026\/04\/RR633_BIO_REPAIR_MASK_500ml-scaled.png\" \/>\n\t<meta property=\"og:image:width\" content=\"2560\" \/>\n\t<meta property=\"og:image:height\" content=\"2560\" \/>\n\t<meta property=\"og:image:type\" content=\"image\/png\" \/>\n<meta name=\"twitter:card\" content=\"summary_large_image\" \/>\n<meta name=\"twitter:label1\" content=\"Est. reading time\" \/>\n\t<meta name=\"twitter:data1\" content=\"1 minute\" \/>\n<script type=\"application\/ld+json\" class=\"yoast-schema-graph\">{\"@context\":\"https:\\\/\\\/schema.org\",\"@graph\":[{\"@type\":\"WebPage\",\"@id\":\"https:\\\/\\\/glamico.ee\\\/pood\\\/raywell-repair-molekulaarne-taaskav-juuksemask-500ml\\\/\",\"url\":\"https:\\\/\\\/glamico.ee\\\/pood\\\/raywell-repair-molekulaarne-taaskav-juuksemask-500ml\\\/\",\"name\":\"Raywell Repair molekulaarne taaskav juuksemask 500ml - Glamico\",\"isPartOf\":{\"@id\":\"https:\\\/\\\/glamico.ee\\\/#website\"},\"primaryImageOfPage\":{\"@id\":\"https:\\\/\\\/glamico.ee\\\/pood\\\/raywell-repair-molekulaarne-taaskav-juuksemask-500ml\\\/#primaryimage\"},\"image\":{\"@id\":\"https:\\\/\\\/glamico.ee\\\/pood\\\/raywell-repair-molekulaarne-taaskav-juuksemask-500ml\\\/#primaryimage\"},\"thumbnailUrl\":\"https:\\\/\\\/glamico.ee\\\/wp-content\\\/uploads\\\/2026\\\/04\\\/RR633_BIO_REPAIR_MASK_500ml-scaled.png\",\"datePublished\":\"2026-04-22T13:10:31+00:00\",\"breadcrumb\":{\"@id\":\"https:\\\/\\\/glamico.ee\\\/pood\\\/raywell-repair-molekulaarne-taaskav-juuksemask-500ml\\\/#breadcrumb\"},\"inLanguage\":\"en-US\",\"potentialAction\":[{\"@type\":\"ReadAction\",\"target\":[\"https:\\\/\\\/glamico.ee\\\/pood\\\/raywell-repair-molekulaarne-taaskav-juuksemask-500ml\\\/\"]}]},{\"@type\":\"ImageObject\",\"inLanguage\":\"en-US\",\"@id\":\"https:\\\/\\\/glamico.ee\\\/pood\\\/raywell-repair-molekulaarne-taaskav-juuksemask-500ml\\\/#primaryimage\",\"url\":\"https:\\\/\\\/glamico.ee\\\/wp-content\\\/uploads\\\/2026\\\/04\\\/RR633_BIO_REPAIR_MASK_500ml-scaled.png\",\"contentUrl\":\"https:\\\/\\\/glamico.ee\\\/wp-content\\\/uploads\\\/2026\\\/04\\\/RR633_BIO_REPAIR_MASK_500ml-scaled.png\",\"width\":2560,\"height\":2560},{\"@type\":\"BreadcrumbList\",\"@id\":\"https:\\\/\\\/glamico.ee\\\/pood\\\/raywell-repair-molekulaarne-taaskav-juuksemask-500ml\\\/#breadcrumb\",\"itemListElement\":[{\"@type\":\"ListItem\",\"position\":1,\"name\":\"Home\",\"item\":\"https:\\\/\\\/glamico.ee\\\/\"},{\"@type\":\"ListItem\",\"position\":2,\"name\":\"Pood\",\"item\":\"https:\\\/\\\/glamico.ee\\\/pood\\\/\"},{\"@type\":\"ListItem\",\"position\":3,\"name\":\"Raywell Repair molekulaarne taaskav juuksemask 500ml\"}]},{\"@type\":\"WebSite\",\"@id\":\"https:\\\/\\\/glamico.ee\\\/#website\",\"url\":\"https:\\\/\\\/glamico.ee\\\/\",\"name\":\"Glamico\",\"description\":\"Ilutooted\",\"publisher\":{\"@id\":\"https:\\\/\\\/glamico.ee\\\/#organization\"},\"potentialAction\":[{\"@type\":\"SearchAction\",\"target\":{\"@type\":\"EntryPoint\",\"urlTemplate\":\"https:\\\/\\\/glamico.ee\\\/?s={search_term_string}\"},\"query-input\":{\"@type\":\"PropertyValueSpecification\",\"valueRequired\":true,\"valueName\":\"search_term_string\"}}],\"inLanguage\":\"en-US\"},{\"@type\":\"Organization\",\"@id\":\"https:\\\/\\\/glamico.ee\\\/#organization\",\"name\":\"Glamico Baltics O\u00dc\",\"url\":\"https:\\\/\\\/glamico.ee\\\/\",\"logo\":{\"@type\":\"ImageObject\",\"inLanguage\":\"en-US\",\"@id\":\"https:\\\/\\\/glamico.ee\\\/#\\\/schema\\\/logo\\\/image\\\/\",\"url\":\"https:\\\/\\\/glamico.ee\\\/wp-content\\\/uploads\\\/2025\\\/11\\\/Glamico-1.png\",\"contentUrl\":\"https:\\\/\\\/glamico.ee\\\/wp-content\\\/uploads\\\/2025\\\/11\\\/Glamico-1.png\",\"width\":627,\"height\":400,\"caption\":\"Glamico Baltics O\u00dc\"},\"image\":{\"@id\":\"https:\\\/\\\/glamico.ee\\\/#\\\/schema\\\/logo\\\/image\\\/\"},\"sameAs\":[\"https:\\\/\\\/www.instagram.com\\\/glamico.ee\\\/\"]}]}<\/script>\n<!-- \/ Yoast SEO plugin. -->","yoast_head_json":{"title":"Raywell Repair molekulaarne taaskav juuksemask 500ml - Glamico","robots":{"index":"index","follow":"follow","max-snippet":"max-snippet:-1","max-image-preview":"max-image-preview:large","max-video-preview":"max-video-preview:-1"},"canonical":"https:\/\/glamico.ee\/en\/pood\/raywell-repair-molekulaarne-taaskav-juuksemask-500ml\/","og_locale":"en_US","og_type":"article","og_title":"Raywell Repair molekulaarne taaskav juuksemask 500ml - Glamico","og_description":"Raywell B.io Repair Molecular Mask on s\u00fcgavalt taastav hooldus, mis on loodud spetsiaalselt tundlikele, kahjustatud ja katkiste otstega juustele. Mask kasutab uuenduslikku molekulaarset biovedeldamise tehnoloogiat, et tugevdada juuksestruktuuri seestpoolt v\u00e4ljapoole.","og_url":"https:\/\/glamico.ee\/en\/pood\/raywell-repair-molekulaarne-taaskav-juuksemask-500ml\/","og_site_name":"Glamico","og_image":[{"width":2560,"height":2560,"url":"https:\/\/glamico.ee\/wp-content\/uploads\/2026\/04\/RR633_BIO_REPAIR_MASK_500ml-scaled.png","type":"image\/png"}],"twitter_card":"summary_large_image","twitter_misc":{"Est. reading time":"1 minute"},"schema":{"@context":"https:\/\/schema.org","@graph":[{"@type":"WebPage","@id":"https:\/\/glamico.ee\/pood\/raywell-repair-molekulaarne-taaskav-juuksemask-500ml\/","url":"https:\/\/glamico.ee\/pood\/raywell-repair-molekulaarne-taaskav-juuksemask-500ml\/","name":"Raywell Repair molekulaarne taaskav juuksemask 500ml - Glamico","isPartOf":{"@id":"https:\/\/glamico.ee\/#website"},"primaryImageOfPage":{"@id":"https:\/\/glamico.ee\/pood\/raywell-repair-molekulaarne-taaskav-juuksemask-500ml\/#primaryimage"},"image":{"@id":"https:\/\/glamico.ee\/pood\/raywell-repair-molekulaarne-taaskav-juuksemask-500ml\/#primaryimage"},"thumbnailUrl":"https:\/\/glamico.ee\/wp-content\/uploads\/2026\/04\/RR633_BIO_REPAIR_MASK_500ml-scaled.png","datePublished":"2026-04-22T13:10:31+00:00","breadcrumb":{"@id":"https:\/\/glamico.ee\/pood\/raywell-repair-molekulaarne-taaskav-juuksemask-500ml\/#breadcrumb"},"inLanguage":"en-US","potentialAction":[{"@type":"ReadAction","target":["https:\/\/glamico.ee\/pood\/raywell-repair-molekulaarne-taaskav-juuksemask-500ml\/"]}]},{"@type":"ImageObject","inLanguage":"en-US","@id":"https:\/\/glamico.ee\/pood\/raywell-repair-molekulaarne-taaskav-juuksemask-500ml\/#primaryimage","url":"https:\/\/glamico.ee\/wp-content\/uploads\/2026\/04\/RR633_BIO_REPAIR_MASK_500ml-scaled.png","contentUrl":"https:\/\/glamico.ee\/wp-content\/uploads\/2026\/04\/RR633_BIO_REPAIR_MASK_500ml-scaled.png","width":2560,"height":2560},{"@type":"BreadcrumbList","@id":"https:\/\/glamico.ee\/pood\/raywell-repair-molekulaarne-taaskav-juuksemask-500ml\/#breadcrumb","itemListElement":[{"@type":"ListItem","position":1,"name":"Home","item":"https:\/\/glamico.ee\/"},{"@type":"ListItem","position":2,"name":"Pood","item":"https:\/\/glamico.ee\/pood\/"},{"@type":"ListItem","position":3,"name":"Raywell Repair molekulaarne taaskav juuksemask 500ml"}]},{"@type":"WebSite","@id":"https:\/\/glamico.ee\/#website","url":"https:\/\/glamico.ee\/","name":"Glamico","description":"Ilutooted","publisher":{"@id":"https:\/\/glamico.ee\/#organization"},"potentialAction":[{"@type":"SearchAction","target":{"@type":"EntryPoint","urlTemplate":"https:\/\/glamico.ee\/?s={search_term_string}"},"query-input":{"@type":"PropertyValueSpecification","valueRequired":true,"valueName":"search_term_string"}}],"inLanguage":"en-US"},{"@type":"Organization","@id":"https:\/\/glamico.ee\/#organization","name":"Glamico Baltics O\u00dc","url":"https:\/\/glamico.ee\/","logo":{"@type":"ImageObject","inLanguage":"en-US","@id":"https:\/\/glamico.ee\/#\/schema\/logo\/image\/","url":"https:\/\/glamico.ee\/wp-content\/uploads\/2025\/11\/Glamico-1.png","contentUrl":"https:\/\/glamico.ee\/wp-content\/uploads\/2025\/11\/Glamico-1.png","width":627,"height":400,"caption":"Glamico Baltics O\u00dc"},"image":{"@id":"https:\/\/glamico.ee\/#\/schema\/logo\/image\/"},"sameAs":["https:\/\/www.instagram.com\/glamico.ee\/"]}]}},"brands":[{"id":90,"name":"Raywell","slug":"raywell"}],"_links":{"self":[{"href":"https:\/\/glamico.ee\/en\/wp-json\/wp\/v2\/product\/2801","targetHints":{"allow":["GET"]}}],"collection":[{"href":"https:\/\/glamico.ee\/en\/wp-json\/wp\/v2\/product"}],"about":[{"href":"https:\/\/glamico.ee\/en\/wp-json\/wp\/v2\/types\/product"}],"version-history":[{"count":1,"href":"https:\/\/glamico.ee\/en\/wp-json\/wp\/v2\/product\/2801\/revisions"}],"predecessor-version":[{"id":2803,"href":"https:\/\/glamico.ee\/en\/wp-json\/wp\/v2\/product\/2801\/revisions\/2803"}],"wp:featuredmedia":[{"embeddable":true,"href":"https:\/\/glamico.ee\/en\/wp-json\/wp\/v2\/media\/2802"}],"wp:attachment":[{"href":"https:\/\/glamico.ee\/en\/wp-json\/wp\/v2\/media?parent=2801"}],"wp:term":[{"taxonomy":"pwb-brand","embeddable":true,"href":"https:\/\/glamico.ee\/en\/wp-json\/wp\/v2\/pwb-brand?post=2801"},{"taxonomy":"product_brand","embeddable":true,"href":"https:\/\/glamico.ee\/en\/wp-json\/wp\/v2\/product_brand?post=2801"},{"taxonomy":"product_cat","embeddable":true,"href":"https:\/\/glamico.ee\/en\/wp-json\/wp\/v2\/product_cat?post=2801"},{"taxonomy":"product_tag","embeddable":true,"href":"https:\/\/glamico.ee\/en\/wp-json\/wp\/v2\/product_tag?post=2801"}],"curies":[{"name":"wp","href":"https:\/\/api.w.org\/{rel}","templated":true}]}}