{"id":2758,"date":"2026-04-19T13:36:49","date_gmt":"2026-04-19T11:36:49","guid":{"rendered":"https:\/\/glamico.ee\/?post_type=product&#038;p=2758"},"modified":"2026-04-19T13:36:49","modified_gmt":"2026-04-19T11:36:49","slug":"swederm-lerosett-naokreem-rasusele-ja-kombineeritud-nahatuubile-50ml","status":"publish","type":"product","link":"https:\/\/glamico.ee\/en\/pood\/swederm-lerosett-naokreem-rasusele-ja-kombineeritud-nahatuubile-50ml\/","title":{"rendered":"Swederm Lerosett n\u00e4okreem rasusele ja kombineeritud nahat\u00fc\u00fcbile 50ml"},"content":{"rendered":"<p>Kerge kreem, mis toetab maski toimet \u2013 niisutab nahka ilma seda koormamata, leevendab p\u00f5letikku ja reguleerib rasueritust. See aitab v\u00e4hendada ebat\u00e4iustusi, tugevdab naha kaitsebarj\u00e4\u00e4ri ja parandab selle \u00fcldist seisukorda.<\/p>\n<p>Koostises on \u00fchendatud tsink-PCA, mis normaliseerib rasun\u00e4\u00e4rmete t\u00f6\u00f6d, ning salits\u00fc\u00fclhape, mis puhastab poore ja ennetab punnide teket. Mahep\u00f5llumajanduslikult kasvatatud aloe vera ja h\u00fcaluroonhape pakuvad s\u00fcgavat niisutust ja leevendust, samas kui granaat\u00f5unaseemne\u00f5li toimib antioks\u00fcdandina.<\/p>\n<p>Niatsiinamiid ahendab poore, \u00fchtlustab nahatooni ja v\u00e4hendab punetust, samal ajal kui gl\u00fckool- ja piimhape koorivad \u00f5rnalt, parandades naha tekstuuri ja andes sellele tervisliku s\u00e4ra. Looduslikul baasil p\u00f5hinev koostis t\u00e4iendab suurep\u00e4raselt LEROSETT-i maski nahahooldusrutiini.<\/p>\n<p>KOOSTIS: Aqua, Aloe Barbadensis Leaf Extract*, Niacinamide, Glycerin, Coco-Caprylate, Betaine, Oryza Sativa Starch, Cetearyl Alcohol, Glyceryl Stearate Citrate, Xylityl Glucoside, Anhydroxylitol, Xylitol, Zinc PCA, Sodium Hyaluronate, Lauroyl Lysine, Punica Granatum Seed Oil, Sodium Stearoyl Glutamate, Citric Acid, Glycolic Acid, Lactic Acid, Sodium Magnesium Silicate, Tocopheryl Acetate, Tocopherol, Algin, Benzyl Alcohol, Salicylic Acid, Sorbic Acid, Parfum, Linalool, Limonene, Coumarin, Geraniol.<\/p>","protected":false},"excerpt":{"rendered":"<p>Niisutav kreem, mis niisutab nahka ilma seda koormamata, leevendab p\u00f5letikku ja reguleerib rasueritust.<\/p>","protected":false},"featured_media":2760,"template":"","meta":[],"pwb-brand":[92],"product_brand":[],"product_cat":[30],"product_tag":[],"class_list":{"0":"post-2758","1":"product","2":"type-product","3":"status-publish","4":"has-post-thumbnail","6":"pwb-brand-swederm","7":"product_cat-nagu","9":"first","10":"instock","11":"taxable","12":"shipping-taxable","13":"purchasable","14":"product-type-simple"},"yoast_head":"<!-- This site is optimized with the Yoast SEO plugin v27.3 - https:\/\/yoast.com\/product\/yoast-seo-wordpress\/ -->\n<title>Swederm Lerosett n\u00e4okreem rasusele ja kombineeritud nahat\u00fc\u00fcbile 50ml - Glamico<\/title>\n<meta name=\"robots\" content=\"index, follow, max-snippet:-1, max-image-preview:large, max-video-preview:-1\" \/>\n<link rel=\"canonical\" href=\"https:\/\/glamico.ee\/en\/pood\/swederm-lerosett-naokreem-rasusele-ja-kombineeritud-nahatuubile-50ml\/\" \/>\n<meta property=\"og:locale\" content=\"en_US\" \/>\n<meta property=\"og:type\" content=\"article\" \/>\n<meta property=\"og:title\" content=\"Swederm Lerosett n\u00e4okreem rasusele ja kombineeritud nahat\u00fc\u00fcbile 50ml - Glamico\" \/>\n<meta property=\"og:description\" content=\"Niisutav kreem, mis niisutab nahka ilma seda koormamata, leevendab p\u00f5letikku ja reguleerib rasueritust.\" \/>\n<meta property=\"og:url\" content=\"https:\/\/glamico.ee\/en\/pood\/swederm-lerosett-naokreem-rasusele-ja-kombineeritud-nahatuubile-50ml\/\" \/>\n<meta property=\"og:site_name\" content=\"Glamico\" \/>\n<meta property=\"og:image\" content=\"https:\/\/glamico.ee\/wp-content\/uploads\/2026\/04\/Lerosett_CREAM_NEW_packshot_1.webp\" \/>\n\t<meta property=\"og:image:width\" content=\"1160\" \/>\n\t<meta property=\"og:image:height\" content=\"1547\" \/>\n\t<meta property=\"og:image:type\" content=\"image\/webp\" \/>\n<meta name=\"twitter:card\" content=\"summary_large_image\" \/>\n<meta name=\"twitter:label1\" content=\"Est. reading time\" \/>\n\t<meta name=\"twitter:data1\" content=\"2 minutes\" \/>\n<script type=\"application\/ld+json\" class=\"yoast-schema-graph\">{\"@context\":\"https:\\\/\\\/schema.org\",\"@graph\":[{\"@type\":\"WebPage\",\"@id\":\"https:\\\/\\\/glamico.ee\\\/pood\\\/swederm-lerosett-naokreem-rasusele-ja-kombineeritud-nahatuubile-50ml\\\/\",\"url\":\"https:\\\/\\\/glamico.ee\\\/pood\\\/swederm-lerosett-naokreem-rasusele-ja-kombineeritud-nahatuubile-50ml\\\/\",\"name\":\"Swederm Lerosett n\u00e4okreem rasusele ja kombineeritud nahat\u00fc\u00fcbile 50ml - Glamico\",\"isPartOf\":{\"@id\":\"https:\\\/\\\/glamico.ee\\\/#website\"},\"primaryImageOfPage\":{\"@id\":\"https:\\\/\\\/glamico.ee\\\/pood\\\/swederm-lerosett-naokreem-rasusele-ja-kombineeritud-nahatuubile-50ml\\\/#primaryimage\"},\"image\":{\"@id\":\"https:\\\/\\\/glamico.ee\\\/pood\\\/swederm-lerosett-naokreem-rasusele-ja-kombineeritud-nahatuubile-50ml\\\/#primaryimage\"},\"thumbnailUrl\":\"https:\\\/\\\/glamico.ee\\\/wp-content\\\/uploads\\\/2026\\\/04\\\/Lerosett_CREAM_NEW_packshot_1.webp\",\"datePublished\":\"2026-04-19T11:36:49+00:00\",\"breadcrumb\":{\"@id\":\"https:\\\/\\\/glamico.ee\\\/pood\\\/swederm-lerosett-naokreem-rasusele-ja-kombineeritud-nahatuubile-50ml\\\/#breadcrumb\"},\"inLanguage\":\"en-US\",\"potentialAction\":[{\"@type\":\"ReadAction\",\"target\":[\"https:\\\/\\\/glamico.ee\\\/pood\\\/swederm-lerosett-naokreem-rasusele-ja-kombineeritud-nahatuubile-50ml\\\/\"]}]},{\"@type\":\"ImageObject\",\"inLanguage\":\"en-US\",\"@id\":\"https:\\\/\\\/glamico.ee\\\/pood\\\/swederm-lerosett-naokreem-rasusele-ja-kombineeritud-nahatuubile-50ml\\\/#primaryimage\",\"url\":\"https:\\\/\\\/glamico.ee\\\/wp-content\\\/uploads\\\/2026\\\/04\\\/Lerosett_CREAM_NEW_packshot_1.webp\",\"contentUrl\":\"https:\\\/\\\/glamico.ee\\\/wp-content\\\/uploads\\\/2026\\\/04\\\/Lerosett_CREAM_NEW_packshot_1.webp\",\"width\":1160,\"height\":1547},{\"@type\":\"BreadcrumbList\",\"@id\":\"https:\\\/\\\/glamico.ee\\\/pood\\\/swederm-lerosett-naokreem-rasusele-ja-kombineeritud-nahatuubile-50ml\\\/#breadcrumb\",\"itemListElement\":[{\"@type\":\"ListItem\",\"position\":1,\"name\":\"Home\",\"item\":\"https:\\\/\\\/glamico.ee\\\/\"},{\"@type\":\"ListItem\",\"position\":2,\"name\":\"Pood\",\"item\":\"https:\\\/\\\/glamico.ee\\\/pood\\\/\"},{\"@type\":\"ListItem\",\"position\":3,\"name\":\"Swederm Lerosett n\u00e4okreem rasusele ja kombineeritud nahat\u00fc\u00fcbile 50ml\"}]},{\"@type\":\"WebSite\",\"@id\":\"https:\\\/\\\/glamico.ee\\\/#website\",\"url\":\"https:\\\/\\\/glamico.ee\\\/\",\"name\":\"Glamico\",\"description\":\"Ilutooted\",\"publisher\":{\"@id\":\"https:\\\/\\\/glamico.ee\\\/#organization\"},\"potentialAction\":[{\"@type\":\"SearchAction\",\"target\":{\"@type\":\"EntryPoint\",\"urlTemplate\":\"https:\\\/\\\/glamico.ee\\\/?s={search_term_string}\"},\"query-input\":{\"@type\":\"PropertyValueSpecification\",\"valueRequired\":true,\"valueName\":\"search_term_string\"}}],\"inLanguage\":\"en-US\"},{\"@type\":\"Organization\",\"@id\":\"https:\\\/\\\/glamico.ee\\\/#organization\",\"name\":\"Glamico Baltics O\u00dc\",\"url\":\"https:\\\/\\\/glamico.ee\\\/\",\"logo\":{\"@type\":\"ImageObject\",\"inLanguage\":\"en-US\",\"@id\":\"https:\\\/\\\/glamico.ee\\\/#\\\/schema\\\/logo\\\/image\\\/\",\"url\":\"https:\\\/\\\/glamico.ee\\\/wp-content\\\/uploads\\\/2025\\\/11\\\/Glamico-1.png\",\"contentUrl\":\"https:\\\/\\\/glamico.ee\\\/wp-content\\\/uploads\\\/2025\\\/11\\\/Glamico-1.png\",\"width\":627,\"height\":400,\"caption\":\"Glamico Baltics O\u00dc\"},\"image\":{\"@id\":\"https:\\\/\\\/glamico.ee\\\/#\\\/schema\\\/logo\\\/image\\\/\"},\"sameAs\":[\"https:\\\/\\\/www.instagram.com\\\/glamico.ee\\\/\"]}]}<\/script>\n<!-- \/ Yoast SEO plugin. -->","yoast_head_json":{"title":"Swederm Lerosett n\u00e4okreem rasusele ja kombineeritud nahat\u00fc\u00fcbile 50ml - Glamico","robots":{"index":"index","follow":"follow","max-snippet":"max-snippet:-1","max-image-preview":"max-image-preview:large","max-video-preview":"max-video-preview:-1"},"canonical":"https:\/\/glamico.ee\/en\/pood\/swederm-lerosett-naokreem-rasusele-ja-kombineeritud-nahatuubile-50ml\/","og_locale":"en_US","og_type":"article","og_title":"Swederm Lerosett n\u00e4okreem rasusele ja kombineeritud nahat\u00fc\u00fcbile 50ml - Glamico","og_description":"Niisutav kreem, mis niisutab nahka ilma seda koormamata, leevendab p\u00f5letikku ja reguleerib rasueritust.","og_url":"https:\/\/glamico.ee\/en\/pood\/swederm-lerosett-naokreem-rasusele-ja-kombineeritud-nahatuubile-50ml\/","og_site_name":"Glamico","og_image":[{"width":1160,"height":1547,"url":"https:\/\/glamico.ee\/wp-content\/uploads\/2026\/04\/Lerosett_CREAM_NEW_packshot_1.webp","type":"image\/webp"}],"twitter_card":"summary_large_image","twitter_misc":{"Est. reading time":"2 minutes"},"schema":{"@context":"https:\/\/schema.org","@graph":[{"@type":"WebPage","@id":"https:\/\/glamico.ee\/pood\/swederm-lerosett-naokreem-rasusele-ja-kombineeritud-nahatuubile-50ml\/","url":"https:\/\/glamico.ee\/pood\/swederm-lerosett-naokreem-rasusele-ja-kombineeritud-nahatuubile-50ml\/","name":"Swederm Lerosett n\u00e4okreem rasusele ja kombineeritud nahat\u00fc\u00fcbile 50ml - Glamico","isPartOf":{"@id":"https:\/\/glamico.ee\/#website"},"primaryImageOfPage":{"@id":"https:\/\/glamico.ee\/pood\/swederm-lerosett-naokreem-rasusele-ja-kombineeritud-nahatuubile-50ml\/#primaryimage"},"image":{"@id":"https:\/\/glamico.ee\/pood\/swederm-lerosett-naokreem-rasusele-ja-kombineeritud-nahatuubile-50ml\/#primaryimage"},"thumbnailUrl":"https:\/\/glamico.ee\/wp-content\/uploads\/2026\/04\/Lerosett_CREAM_NEW_packshot_1.webp","datePublished":"2026-04-19T11:36:49+00:00","breadcrumb":{"@id":"https:\/\/glamico.ee\/pood\/swederm-lerosett-naokreem-rasusele-ja-kombineeritud-nahatuubile-50ml\/#breadcrumb"},"inLanguage":"en-US","potentialAction":[{"@type":"ReadAction","target":["https:\/\/glamico.ee\/pood\/swederm-lerosett-naokreem-rasusele-ja-kombineeritud-nahatuubile-50ml\/"]}]},{"@type":"ImageObject","inLanguage":"en-US","@id":"https:\/\/glamico.ee\/pood\/swederm-lerosett-naokreem-rasusele-ja-kombineeritud-nahatuubile-50ml\/#primaryimage","url":"https:\/\/glamico.ee\/wp-content\/uploads\/2026\/04\/Lerosett_CREAM_NEW_packshot_1.webp","contentUrl":"https:\/\/glamico.ee\/wp-content\/uploads\/2026\/04\/Lerosett_CREAM_NEW_packshot_1.webp","width":1160,"height":1547},{"@type":"BreadcrumbList","@id":"https:\/\/glamico.ee\/pood\/swederm-lerosett-naokreem-rasusele-ja-kombineeritud-nahatuubile-50ml\/#breadcrumb","itemListElement":[{"@type":"ListItem","position":1,"name":"Home","item":"https:\/\/glamico.ee\/"},{"@type":"ListItem","position":2,"name":"Pood","item":"https:\/\/glamico.ee\/pood\/"},{"@type":"ListItem","position":3,"name":"Swederm Lerosett n\u00e4okreem rasusele ja kombineeritud nahat\u00fc\u00fcbile 50ml"}]},{"@type":"WebSite","@id":"https:\/\/glamico.ee\/#website","url":"https:\/\/glamico.ee\/","name":"Glamico","description":"Ilutooted","publisher":{"@id":"https:\/\/glamico.ee\/#organization"},"potentialAction":[{"@type":"SearchAction","target":{"@type":"EntryPoint","urlTemplate":"https:\/\/glamico.ee\/?s={search_term_string}"},"query-input":{"@type":"PropertyValueSpecification","valueRequired":true,"valueName":"search_term_string"}}],"inLanguage":"en-US"},{"@type":"Organization","@id":"https:\/\/glamico.ee\/#organization","name":"Glamico Baltics O\u00dc","url":"https:\/\/glamico.ee\/","logo":{"@type":"ImageObject","inLanguage":"en-US","@id":"https:\/\/glamico.ee\/#\/schema\/logo\/image\/","url":"https:\/\/glamico.ee\/wp-content\/uploads\/2025\/11\/Glamico-1.png","contentUrl":"https:\/\/glamico.ee\/wp-content\/uploads\/2025\/11\/Glamico-1.png","width":627,"height":400,"caption":"Glamico Baltics O\u00dc"},"image":{"@id":"https:\/\/glamico.ee\/#\/schema\/logo\/image\/"},"sameAs":["https:\/\/www.instagram.com\/glamico.ee\/"]}]}},"brands":[{"id":92,"name":"Swederm","slug":"swederm"}],"_links":{"self":[{"href":"https:\/\/glamico.ee\/en\/wp-json\/wp\/v2\/product\/2758","targetHints":{"allow":["GET"]}}],"collection":[{"href":"https:\/\/glamico.ee\/en\/wp-json\/wp\/v2\/product"}],"about":[{"href":"https:\/\/glamico.ee\/en\/wp-json\/wp\/v2\/types\/product"}],"version-history":[{"count":1,"href":"https:\/\/glamico.ee\/en\/wp-json\/wp\/v2\/product\/2758\/revisions"}],"predecessor-version":[{"id":2762,"href":"https:\/\/glamico.ee\/en\/wp-json\/wp\/v2\/product\/2758\/revisions\/2762"}],"wp:featuredmedia":[{"embeddable":true,"href":"https:\/\/glamico.ee\/en\/wp-json\/wp\/v2\/media\/2760"}],"wp:attachment":[{"href":"https:\/\/glamico.ee\/en\/wp-json\/wp\/v2\/media?parent=2758"}],"wp:term":[{"taxonomy":"pwb-brand","embeddable":true,"href":"https:\/\/glamico.ee\/en\/wp-json\/wp\/v2\/pwb-brand?post=2758"},{"taxonomy":"product_brand","embeddable":true,"href":"https:\/\/glamico.ee\/en\/wp-json\/wp\/v2\/product_brand?post=2758"},{"taxonomy":"product_cat","embeddable":true,"href":"https:\/\/glamico.ee\/en\/wp-json\/wp\/v2\/product_cat?post=2758"},{"taxonomy":"product_tag","embeddable":true,"href":"https:\/\/glamico.ee\/en\/wp-json\/wp\/v2\/product_tag?post=2758"}],"curies":[{"name":"wp","href":"https:\/\/api.w.org\/{rel}","templated":true}]}}