{"id":2752,"date":"2026-04-19T13:31:20","date_gmt":"2026-04-19T11:31:20","guid":{"rendered":"https:\/\/glamico.ee\/?post_type=product&#038;p=2752"},"modified":"2026-04-19T13:37:27","modified_gmt":"2026-04-19T11:37:27","slug":"swederm-lerosett-puhastusgeel-rasusele-ja-kombineeritud-naonahale-200ml","status":"publish","type":"product","link":"https:\/\/glamico.ee\/en\/pood\/swederm-lerosett-puhastusgeel-rasusele-ja-kombineeritud-naonahale-200ml\/","title":{"rendered":"Swederm Lerosett puhastusgeel rasusele ja kombineeritud n\u00e4onahale 200ml"},"content":{"rendered":"<p>KOOSTIS: Aqua, Aloe Barbadensis Leaf Extract*, Niacinamide, Glycerin, Sorbitol, Coco-Glucoside, Glyceryl Oleate, Xylityl Glucoside, Anhydroxylitol, Xylitol, Zinc PCA, Citric Acid, Algin, Glycolic Acid, Lactic Acid, Sodium Magnesium Silicate, Benzyl Alcohol, Salicylic Acid, Sorbic Acid, Parfum, Limonene.<\/p>","protected":false},"excerpt":{"rendered":"<p>N\u00e4opuhastusgeel, mis eemaldab mustuse ja liigse rasu ning koorib \u00f5rnalt surnud naharakud, s\u00e4ilitades samal ajal h\u00fcdrolipiidse barj\u00e4\u00e4ri tasakaalu. T\u00e4nu sellistele koostisosadele nagu tsink-PCA, salits\u00fc\u00fclhape, AHA-happed ja aloe vera, puhastab geel poore, leevendab p\u00f5letikku ning pakub optimaalset niisutust ilma nahka koormamata.<\/p>","protected":false},"featured_media":2754,"template":"","meta":[],"pwb-brand":[92],"product_brand":[],"product_cat":[30],"product_tag":[],"class_list":{"0":"post-2752","1":"product","2":"type-product","3":"status-publish","4":"has-post-thumbnail","6":"pwb-brand-swederm","7":"product_cat-nagu","9":"first","10":"instock","11":"taxable","12":"shipping-taxable","13":"purchasable","14":"product-type-simple"},"yoast_head":"<!-- This site is optimized with the Yoast SEO plugin v27.3 - https:\/\/yoast.com\/product\/yoast-seo-wordpress\/ -->\n<title>Swederm Lerosett puhastusgeel rasusele ja kombineeritud n\u00e4onahale 200ml - Glamico<\/title>\n<meta name=\"robots\" content=\"index, follow, max-snippet:-1, max-image-preview:large, max-video-preview:-1\" \/>\n<link rel=\"canonical\" href=\"https:\/\/glamico.ee\/en\/pood\/swederm-lerosett-puhastusgeel-rasusele-ja-kombineeritud-naonahale-200ml\/\" \/>\n<meta property=\"og:locale\" content=\"en_US\" \/>\n<meta property=\"og:type\" content=\"article\" \/>\n<meta property=\"og:title\" content=\"Swederm Lerosett puhastusgeel rasusele ja kombineeritud n\u00e4onahale 200ml - Glamico\" \/>\n<meta property=\"og:description\" content=\"N\u00e4opuhastusgeel, mis eemaldab mustuse ja liigse rasu ning koorib \u00f5rnalt surnud naharakud, s\u00e4ilitades samal ajal h\u00fcdrolipiidse barj\u00e4\u00e4ri tasakaalu. T\u00e4nu sellistele koostisosadele nagu tsink-PCA, salits\u00fc\u00fclhape, AHA-happed ja aloe vera, puhastab geel poore, leevendab p\u00f5letikku ning pakub optimaalset niisutust ilma nahka koormamata.\" \/>\n<meta property=\"og:url\" content=\"https:\/\/glamico.ee\/en\/pood\/swederm-lerosett-puhastusgeel-rasusele-ja-kombineeritud-naonahale-200ml\/\" \/>\n<meta property=\"og:site_name\" content=\"Glamico\" \/>\n<meta property=\"article:modified_time\" content=\"2026-04-19T11:37:27+00:00\" \/>\n<meta property=\"og:image\" content=\"https:\/\/glamico.ee\/wp-content\/uploads\/2026\/04\/Lerosett_CleansingGEL_2.webp\" \/>\n\t<meta property=\"og:image:width\" content=\"1160\" \/>\n\t<meta property=\"og:image:height\" content=\"1547\" \/>\n\t<meta property=\"og:image:type\" content=\"image\/webp\" \/>\n<meta name=\"twitter:card\" content=\"summary_large_image\" \/>\n<meta name=\"twitter:label1\" content=\"Est. reading time\" \/>\n\t<meta name=\"twitter:data1\" content=\"1 minute\" \/>\n<script type=\"application\/ld+json\" class=\"yoast-schema-graph\">{\"@context\":\"https:\\\/\\\/schema.org\",\"@graph\":[{\"@type\":\"WebPage\",\"@id\":\"https:\\\/\\\/glamico.ee\\\/pood\\\/swederm-lerosett-puhastusgeel-rasusele-ja-kombineeritud-naonahale-200ml\\\/\",\"url\":\"https:\\\/\\\/glamico.ee\\\/pood\\\/swederm-lerosett-puhastusgeel-rasusele-ja-kombineeritud-naonahale-200ml\\\/\",\"name\":\"Swederm Lerosett puhastusgeel rasusele ja kombineeritud n\u00e4onahale 200ml - Glamico\",\"isPartOf\":{\"@id\":\"https:\\\/\\\/glamico.ee\\\/#website\"},\"primaryImageOfPage\":{\"@id\":\"https:\\\/\\\/glamico.ee\\\/pood\\\/swederm-lerosett-puhastusgeel-rasusele-ja-kombineeritud-naonahale-200ml\\\/#primaryimage\"},\"image\":{\"@id\":\"https:\\\/\\\/glamico.ee\\\/pood\\\/swederm-lerosett-puhastusgeel-rasusele-ja-kombineeritud-naonahale-200ml\\\/#primaryimage\"},\"thumbnailUrl\":\"https:\\\/\\\/glamico.ee\\\/wp-content\\\/uploads\\\/2026\\\/04\\\/Lerosett_CleansingGEL_2.webp\",\"datePublished\":\"2026-04-19T11:31:20+00:00\",\"dateModified\":\"2026-04-19T11:37:27+00:00\",\"breadcrumb\":{\"@id\":\"https:\\\/\\\/glamico.ee\\\/pood\\\/swederm-lerosett-puhastusgeel-rasusele-ja-kombineeritud-naonahale-200ml\\\/#breadcrumb\"},\"inLanguage\":\"en-US\",\"potentialAction\":[{\"@type\":\"ReadAction\",\"target\":[\"https:\\\/\\\/glamico.ee\\\/pood\\\/swederm-lerosett-puhastusgeel-rasusele-ja-kombineeritud-naonahale-200ml\\\/\"]}]},{\"@type\":\"ImageObject\",\"inLanguage\":\"en-US\",\"@id\":\"https:\\\/\\\/glamico.ee\\\/pood\\\/swederm-lerosett-puhastusgeel-rasusele-ja-kombineeritud-naonahale-200ml\\\/#primaryimage\",\"url\":\"https:\\\/\\\/glamico.ee\\\/wp-content\\\/uploads\\\/2026\\\/04\\\/Lerosett_CleansingGEL_2.webp\",\"contentUrl\":\"https:\\\/\\\/glamico.ee\\\/wp-content\\\/uploads\\\/2026\\\/04\\\/Lerosett_CleansingGEL_2.webp\",\"width\":1160,\"height\":1547},{\"@type\":\"BreadcrumbList\",\"@id\":\"https:\\\/\\\/glamico.ee\\\/pood\\\/swederm-lerosett-puhastusgeel-rasusele-ja-kombineeritud-naonahale-200ml\\\/#breadcrumb\",\"itemListElement\":[{\"@type\":\"ListItem\",\"position\":1,\"name\":\"Home\",\"item\":\"https:\\\/\\\/glamico.ee\\\/\"},{\"@type\":\"ListItem\",\"position\":2,\"name\":\"Pood\",\"item\":\"https:\\\/\\\/glamico.ee\\\/pood\\\/\"},{\"@type\":\"ListItem\",\"position\":3,\"name\":\"Swederm Lerosett puhastusgeel rasusele ja kombineeritud n\u00e4onahale 200ml\"}]},{\"@type\":\"WebSite\",\"@id\":\"https:\\\/\\\/glamico.ee\\\/#website\",\"url\":\"https:\\\/\\\/glamico.ee\\\/\",\"name\":\"Glamico\",\"description\":\"Ilutooted\",\"publisher\":{\"@id\":\"https:\\\/\\\/glamico.ee\\\/#organization\"},\"potentialAction\":[{\"@type\":\"SearchAction\",\"target\":{\"@type\":\"EntryPoint\",\"urlTemplate\":\"https:\\\/\\\/glamico.ee\\\/?s={search_term_string}\"},\"query-input\":{\"@type\":\"PropertyValueSpecification\",\"valueRequired\":true,\"valueName\":\"search_term_string\"}}],\"inLanguage\":\"en-US\"},{\"@type\":\"Organization\",\"@id\":\"https:\\\/\\\/glamico.ee\\\/#organization\",\"name\":\"Glamico Baltics O\u00dc\",\"url\":\"https:\\\/\\\/glamico.ee\\\/\",\"logo\":{\"@type\":\"ImageObject\",\"inLanguage\":\"en-US\",\"@id\":\"https:\\\/\\\/glamico.ee\\\/#\\\/schema\\\/logo\\\/image\\\/\",\"url\":\"https:\\\/\\\/glamico.ee\\\/wp-content\\\/uploads\\\/2025\\\/11\\\/Glamico-1.png\",\"contentUrl\":\"https:\\\/\\\/glamico.ee\\\/wp-content\\\/uploads\\\/2025\\\/11\\\/Glamico-1.png\",\"width\":627,\"height\":400,\"caption\":\"Glamico Baltics O\u00dc\"},\"image\":{\"@id\":\"https:\\\/\\\/glamico.ee\\\/#\\\/schema\\\/logo\\\/image\\\/\"},\"sameAs\":[\"https:\\\/\\\/www.instagram.com\\\/glamico.ee\\\/\"]}]}<\/script>\n<!-- \/ Yoast SEO plugin. -->","yoast_head_json":{"title":"Swederm Lerosett puhastusgeel rasusele ja kombineeritud n\u00e4onahale 200ml - Glamico","robots":{"index":"index","follow":"follow","max-snippet":"max-snippet:-1","max-image-preview":"max-image-preview:large","max-video-preview":"max-video-preview:-1"},"canonical":"https:\/\/glamico.ee\/en\/pood\/swederm-lerosett-puhastusgeel-rasusele-ja-kombineeritud-naonahale-200ml\/","og_locale":"en_US","og_type":"article","og_title":"Swederm Lerosett puhastusgeel rasusele ja kombineeritud n\u00e4onahale 200ml - Glamico","og_description":"N\u00e4opuhastusgeel, mis eemaldab mustuse ja liigse rasu ning koorib \u00f5rnalt surnud naharakud, s\u00e4ilitades samal ajal h\u00fcdrolipiidse barj\u00e4\u00e4ri tasakaalu. T\u00e4nu sellistele koostisosadele nagu tsink-PCA, salits\u00fc\u00fclhape, AHA-happed ja aloe vera, puhastab geel poore, leevendab p\u00f5letikku ning pakub optimaalset niisutust ilma nahka koormamata.","og_url":"https:\/\/glamico.ee\/en\/pood\/swederm-lerosett-puhastusgeel-rasusele-ja-kombineeritud-naonahale-200ml\/","og_site_name":"Glamico","article_modified_time":"2026-04-19T11:37:27+00:00","og_image":[{"width":1160,"height":1547,"url":"https:\/\/glamico.ee\/wp-content\/uploads\/2026\/04\/Lerosett_CleansingGEL_2.webp","type":"image\/webp"}],"twitter_card":"summary_large_image","twitter_misc":{"Est. reading time":"1 minute"},"schema":{"@context":"https:\/\/schema.org","@graph":[{"@type":"WebPage","@id":"https:\/\/glamico.ee\/pood\/swederm-lerosett-puhastusgeel-rasusele-ja-kombineeritud-naonahale-200ml\/","url":"https:\/\/glamico.ee\/pood\/swederm-lerosett-puhastusgeel-rasusele-ja-kombineeritud-naonahale-200ml\/","name":"Swederm Lerosett puhastusgeel rasusele ja kombineeritud n\u00e4onahale 200ml - Glamico","isPartOf":{"@id":"https:\/\/glamico.ee\/#website"},"primaryImageOfPage":{"@id":"https:\/\/glamico.ee\/pood\/swederm-lerosett-puhastusgeel-rasusele-ja-kombineeritud-naonahale-200ml\/#primaryimage"},"image":{"@id":"https:\/\/glamico.ee\/pood\/swederm-lerosett-puhastusgeel-rasusele-ja-kombineeritud-naonahale-200ml\/#primaryimage"},"thumbnailUrl":"https:\/\/glamico.ee\/wp-content\/uploads\/2026\/04\/Lerosett_CleansingGEL_2.webp","datePublished":"2026-04-19T11:31:20+00:00","dateModified":"2026-04-19T11:37:27+00:00","breadcrumb":{"@id":"https:\/\/glamico.ee\/pood\/swederm-lerosett-puhastusgeel-rasusele-ja-kombineeritud-naonahale-200ml\/#breadcrumb"},"inLanguage":"en-US","potentialAction":[{"@type":"ReadAction","target":["https:\/\/glamico.ee\/pood\/swederm-lerosett-puhastusgeel-rasusele-ja-kombineeritud-naonahale-200ml\/"]}]},{"@type":"ImageObject","inLanguage":"en-US","@id":"https:\/\/glamico.ee\/pood\/swederm-lerosett-puhastusgeel-rasusele-ja-kombineeritud-naonahale-200ml\/#primaryimage","url":"https:\/\/glamico.ee\/wp-content\/uploads\/2026\/04\/Lerosett_CleansingGEL_2.webp","contentUrl":"https:\/\/glamico.ee\/wp-content\/uploads\/2026\/04\/Lerosett_CleansingGEL_2.webp","width":1160,"height":1547},{"@type":"BreadcrumbList","@id":"https:\/\/glamico.ee\/pood\/swederm-lerosett-puhastusgeel-rasusele-ja-kombineeritud-naonahale-200ml\/#breadcrumb","itemListElement":[{"@type":"ListItem","position":1,"name":"Home","item":"https:\/\/glamico.ee\/"},{"@type":"ListItem","position":2,"name":"Pood","item":"https:\/\/glamico.ee\/pood\/"},{"@type":"ListItem","position":3,"name":"Swederm Lerosett puhastusgeel rasusele ja kombineeritud n\u00e4onahale 200ml"}]},{"@type":"WebSite","@id":"https:\/\/glamico.ee\/#website","url":"https:\/\/glamico.ee\/","name":"Glamico","description":"Ilutooted","publisher":{"@id":"https:\/\/glamico.ee\/#organization"},"potentialAction":[{"@type":"SearchAction","target":{"@type":"EntryPoint","urlTemplate":"https:\/\/glamico.ee\/?s={search_term_string}"},"query-input":{"@type":"PropertyValueSpecification","valueRequired":true,"valueName":"search_term_string"}}],"inLanguage":"en-US"},{"@type":"Organization","@id":"https:\/\/glamico.ee\/#organization","name":"Glamico Baltics O\u00dc","url":"https:\/\/glamico.ee\/","logo":{"@type":"ImageObject","inLanguage":"en-US","@id":"https:\/\/glamico.ee\/#\/schema\/logo\/image\/","url":"https:\/\/glamico.ee\/wp-content\/uploads\/2025\/11\/Glamico-1.png","contentUrl":"https:\/\/glamico.ee\/wp-content\/uploads\/2025\/11\/Glamico-1.png","width":627,"height":400,"caption":"Glamico Baltics O\u00dc"},"image":{"@id":"https:\/\/glamico.ee\/#\/schema\/logo\/image\/"},"sameAs":["https:\/\/www.instagram.com\/glamico.ee\/"]}]}},"brands":[{"id":92,"name":"Swederm","slug":"swederm"}],"_links":{"self":[{"href":"https:\/\/glamico.ee\/en\/wp-json\/wp\/v2\/product\/2752","targetHints":{"allow":["GET"]}}],"collection":[{"href":"https:\/\/glamico.ee\/en\/wp-json\/wp\/v2\/product"}],"about":[{"href":"https:\/\/glamico.ee\/en\/wp-json\/wp\/v2\/types\/product"}],"version-history":[{"count":1,"href":"https:\/\/glamico.ee\/en\/wp-json\/wp\/v2\/product\/2752\/revisions"}],"predecessor-version":[{"id":2757,"href":"https:\/\/glamico.ee\/en\/wp-json\/wp\/v2\/product\/2752\/revisions\/2757"}],"wp:featuredmedia":[{"embeddable":true,"href":"https:\/\/glamico.ee\/en\/wp-json\/wp\/v2\/media\/2754"}],"wp:attachment":[{"href":"https:\/\/glamico.ee\/en\/wp-json\/wp\/v2\/media?parent=2752"}],"wp:term":[{"taxonomy":"pwb-brand","embeddable":true,"href":"https:\/\/glamico.ee\/en\/wp-json\/wp\/v2\/pwb-brand?post=2752"},{"taxonomy":"product_brand","embeddable":true,"href":"https:\/\/glamico.ee\/en\/wp-json\/wp\/v2\/product_brand?post=2752"},{"taxonomy":"product_cat","embeddable":true,"href":"https:\/\/glamico.ee\/en\/wp-json\/wp\/v2\/product_cat?post=2752"},{"taxonomy":"product_tag","embeddable":true,"href":"https:\/\/glamico.ee\/en\/wp-json\/wp\/v2\/product_tag?post=2752"}],"curies":[{"name":"wp","href":"https:\/\/api.w.org\/{rel}","templated":true}]}}