{"id":2747,"date":"2026-04-19T13:23:08","date_gmt":"2026-04-19T11:23:08","guid":{"rendered":"https:\/\/glamico.ee\/?post_type=product&#038;p=2747"},"modified":"2026-04-19T13:23:08","modified_gmt":"2026-04-19T11:23:08","slug":"swederm-vedelseep-500ml","status":"publish","type":"product","link":"https:\/\/glamico.ee\/en\/pood\/swederm-vedelseep-500ml\/","title":{"rendered":"Swederm vedelseep 500ml"},"content":{"rendered":"<p><strong>Swederm HAND SOAP \u2013 hooldav vedelseep<\/strong><br \/>\nKas vajate \u00f5rna vedelat k\u00e4teseepi, mis puhastab naha p\u00f5hjalikult ilma seda kuivatamata? Avastage Swederm HAND SOAP \u2013 hooldav gl\u00fctseriiniga k\u00e4teseep, mis takistab naha veekadu ja niisutab seda pikaajaliselt. \u00dcks Swederm HAND SOAP-i olulisemaid eeliseid on see, et see ei j\u00e4ta nahka kiskuvaks, t\u00e4nu millele on teie k\u00e4te nahk t\u00e4is energiat ja s\u00e4ra!<\/p>\n<p>K\u00f5rge gl\u00fctseriinisisaldus muudab Swederm HAND SOAP-i ka nahka pehmendavaks, j\u00e4ttes selle siledaks ja elastseks. Lisaks leevendab see \u00e4rritusi ja kiirendab kahjustatud epidermise uuenemist, mis on tervise ja h\u00fcgieeni s\u00e4ilitamiseks \u00e4\u00e4rmiselt oluline.<\/p>\n<p><strong>Miks valida just Swederm HAND SOAP vedelseep?<\/strong><br \/>\nK\u00e4teseep on \u00fcks p\u00f5hilisi igap\u00e4evaseid kosmeetikatooteid, mida kasutatakse mustuse ja bakterite eemaldamiseks. Miks eelistada just Swederm HAND SOAP-i? P\u00f5hjuseid on mitu, kuid alustame sellest, kui oluline on hoolitseda tundliku k\u00e4te naha eest. Meie hoolitseme selle eest, et iga kehahooldustoode kaitseks, niisutaks ja taastaks epidermist t\u00e4iuslikult, aidates kaasa loomulike vananemisprotsesside aeglustamisele.<\/p>\n<p>K\u00e4teseebi puhul on v\u00f5rdselt oluline s\u00e4ilitada ka k\u00f5rgeim h\u00fcgieenitase. T\u00e4nu mugavale dosaatoriga pakendile on palju lihtsam v\u00e4listada ohtu, et bakterid kanduvad seebilt v\u00f5i selle \u00fcmbrusest k\u00e4tele. T\u00e4pselt m\u00f5\u00f5detud annus unikaalse koostisega kosmeetikatoodet satub otse teie k\u00e4tele. See l\u00f5hnab oivaliselt, \u00fcmbritseb \u00f5rnalt tundlikku nahka ning j\u00e4tab ainulaadse v\u00e4rskus- ja niisutustunde \u2013 just nii toimib hooldav Swederm HAND SOAP!<\/p>\n<p><strong>Sileduse ja s\u00fcgav niisutus \u2013 Swederm HAND SOAP hooldav seep<\/strong><br \/>\nLisaks h\u00fcgieenilisele puhtusele p\u00f6\u00f6rate hooldava k\u00e4teseebi valimisel t\u00f5en\u00e4oliselt t\u00e4helepanu ka sellele, millisesse seisukorda see teie k\u00e4te \u00f5rna ja tundliku naha j\u00e4tab. Avastage vedelseebi Swederm HAND SOAP pikaajalised niisutavad ja veekadu ennetavad omadused. T\u00e4nu k\u00f5rgele gl\u00fctseriinisisaldusele muutuvad teie k\u00e4ed siidiselt siledateks, s\u00fcgavalt niisutatuks ja n\u00e4evad seel\u00e4bi nooremad v\u00e4lja!<\/p>\n<p>Oluline on m\u00e4rkida, et Swederm HAND SOAP sisaldab imelist l\u00f5hnabuketti, mis \u00fchtib HUDSALVA VIT E salviga \u2013 see on \u00fcks Swedermi lipulaevadest ja perede poolt armastatud hooldustooteid. Veenduge ise, kuidas \u00f5ige hooldusvahendi valimine v\u00f5ib muuta teie k\u00e4te naha seisukorda. Pakkuge oma k\u00e4tele igap\u00e4evast hoolitsust, valides \u00f5rna gl\u00fctseriinseebi Swederm HAND SOAP!<\/p>\n<p>KOOSTIS: Aqua, Sodium Laureth Sulfate, Glycerin, Cocamidopropyl Betaine, PEG-4 Rapeseedamide, Parfum, PEG-7 Glyceryl Cocoate, Sodium Chloride, Sodium Benzoate, Hydroxypropyl Guar Hydroxypropyltrimonium Chloride, Citric Acid, Disodium EDTA, CI 45100, Sodium Sulfate<\/p>","protected":false},"excerpt":{"rendered":"<p>\u00d5rn gl\u00fctseriiniga vedelseep k\u00e4tele. Puhastab naha p\u00f5hjalikult ilma seda kuivatamata. T\u00e4nu suurele gl\u00fctseriinisisaldusele takistab seep naha veekadu ja niisutab seda pikaajaliselt, mist\u00f5ttu ei j\u00e4ta see nahale kiskuvat tunnet.<\/p>","protected":false},"featured_media":2749,"template":"","meta":[],"pwb-brand":[92],"product_brand":[],"product_cat":[31],"product_tag":[],"class_list":{"0":"post-2747","1":"product","2":"type-product","3":"status-publish","4":"has-post-thumbnail","6":"pwb-brand-swederm","7":"product_cat-keha","9":"first","10":"instock","11":"taxable","12":"shipping-taxable","13":"purchasable","14":"product-type-simple"},"yoast_head":"<!-- This site is optimized with the Yoast SEO plugin v27.3 - https:\/\/yoast.com\/product\/yoast-seo-wordpress\/ -->\n<title>Swederm vedelseep 500ml - Glamico<\/title>\n<meta name=\"robots\" content=\"index, follow, max-snippet:-1, max-image-preview:large, max-video-preview:-1\" \/>\n<link rel=\"canonical\" href=\"https:\/\/glamico.ee\/en\/pood\/swederm-vedelseep-500ml\/\" \/>\n<meta property=\"og:locale\" content=\"en_US\" \/>\n<meta property=\"og:type\" content=\"article\" \/>\n<meta property=\"og:title\" content=\"Swederm vedelseep 500ml - Glamico\" \/>\n<meta property=\"og:description\" content=\"\u00d5rn gl\u00fctseriiniga vedelseep k\u00e4tele. Puhastab naha p\u00f5hjalikult ilma seda kuivatamata. T\u00e4nu suurele gl\u00fctseriinisisaldusele takistab seep naha veekadu ja niisutab seda pikaajaliselt, mist\u00f5ttu ei j\u00e4ta see nahale kiskuvat tunnet.\" \/>\n<meta property=\"og:url\" content=\"https:\/\/glamico.ee\/en\/pood\/swederm-vedelseep-500ml\/\" \/>\n<meta property=\"og:site_name\" content=\"Glamico\" \/>\n<meta property=\"og:image\" content=\"https:\/\/glamico.ee\/wp-content\/uploads\/2026\/04\/handsoap_packshot_a1dfd652-a1cf-4eda-9655-3f7b1e14925a.webp\" \/>\n\t<meta property=\"og:image:width\" content=\"900\" \/>\n\t<meta property=\"og:image:height\" content=\"1200\" \/>\n\t<meta property=\"og:image:type\" content=\"image\/webp\" \/>\n<meta name=\"twitter:card\" content=\"summary_large_image\" \/>\n<meta name=\"twitter:label1\" content=\"Est. reading time\" \/>\n\t<meta name=\"twitter:data1\" content=\"3 minutes\" \/>\n<script type=\"application\/ld+json\" class=\"yoast-schema-graph\">{\"@context\":\"https:\\\/\\\/schema.org\",\"@graph\":[{\"@type\":\"WebPage\",\"@id\":\"https:\\\/\\\/glamico.ee\\\/pood\\\/swederm-vedelseep-500ml\\\/\",\"url\":\"https:\\\/\\\/glamico.ee\\\/pood\\\/swederm-vedelseep-500ml\\\/\",\"name\":\"Swederm vedelseep 500ml - Glamico\",\"isPartOf\":{\"@id\":\"https:\\\/\\\/glamico.ee\\\/#website\"},\"primaryImageOfPage\":{\"@id\":\"https:\\\/\\\/glamico.ee\\\/pood\\\/swederm-vedelseep-500ml\\\/#primaryimage\"},\"image\":{\"@id\":\"https:\\\/\\\/glamico.ee\\\/pood\\\/swederm-vedelseep-500ml\\\/#primaryimage\"},\"thumbnailUrl\":\"https:\\\/\\\/glamico.ee\\\/wp-content\\\/uploads\\\/2026\\\/04\\\/handsoap_packshot_a1dfd652-a1cf-4eda-9655-3f7b1e14925a.webp\",\"datePublished\":\"2026-04-19T11:23:08+00:00\",\"breadcrumb\":{\"@id\":\"https:\\\/\\\/glamico.ee\\\/pood\\\/swederm-vedelseep-500ml\\\/#breadcrumb\"},\"inLanguage\":\"en-US\",\"potentialAction\":[{\"@type\":\"ReadAction\",\"target\":[\"https:\\\/\\\/glamico.ee\\\/pood\\\/swederm-vedelseep-500ml\\\/\"]}]},{\"@type\":\"ImageObject\",\"inLanguage\":\"en-US\",\"@id\":\"https:\\\/\\\/glamico.ee\\\/pood\\\/swederm-vedelseep-500ml\\\/#primaryimage\",\"url\":\"https:\\\/\\\/glamico.ee\\\/wp-content\\\/uploads\\\/2026\\\/04\\\/handsoap_packshot_a1dfd652-a1cf-4eda-9655-3f7b1e14925a.webp\",\"contentUrl\":\"https:\\\/\\\/glamico.ee\\\/wp-content\\\/uploads\\\/2026\\\/04\\\/handsoap_packshot_a1dfd652-a1cf-4eda-9655-3f7b1e14925a.webp\",\"width\":900,\"height\":1200},{\"@type\":\"BreadcrumbList\",\"@id\":\"https:\\\/\\\/glamico.ee\\\/pood\\\/swederm-vedelseep-500ml\\\/#breadcrumb\",\"itemListElement\":[{\"@type\":\"ListItem\",\"position\":1,\"name\":\"Home\",\"item\":\"https:\\\/\\\/glamico.ee\\\/\"},{\"@type\":\"ListItem\",\"position\":2,\"name\":\"Pood\",\"item\":\"https:\\\/\\\/glamico.ee\\\/pood\\\/\"},{\"@type\":\"ListItem\",\"position\":3,\"name\":\"Swederm vedelseep 500ml\"}]},{\"@type\":\"WebSite\",\"@id\":\"https:\\\/\\\/glamico.ee\\\/#website\",\"url\":\"https:\\\/\\\/glamico.ee\\\/\",\"name\":\"Glamico\",\"description\":\"Ilutooted\",\"publisher\":{\"@id\":\"https:\\\/\\\/glamico.ee\\\/#organization\"},\"potentialAction\":[{\"@type\":\"SearchAction\",\"target\":{\"@type\":\"EntryPoint\",\"urlTemplate\":\"https:\\\/\\\/glamico.ee\\\/?s={search_term_string}\"},\"query-input\":{\"@type\":\"PropertyValueSpecification\",\"valueRequired\":true,\"valueName\":\"search_term_string\"}}],\"inLanguage\":\"en-US\"},{\"@type\":\"Organization\",\"@id\":\"https:\\\/\\\/glamico.ee\\\/#organization\",\"name\":\"Glamico Baltics O\u00dc\",\"url\":\"https:\\\/\\\/glamico.ee\\\/\",\"logo\":{\"@type\":\"ImageObject\",\"inLanguage\":\"en-US\",\"@id\":\"https:\\\/\\\/glamico.ee\\\/#\\\/schema\\\/logo\\\/image\\\/\",\"url\":\"https:\\\/\\\/glamico.ee\\\/wp-content\\\/uploads\\\/2025\\\/11\\\/Glamico-1.png\",\"contentUrl\":\"https:\\\/\\\/glamico.ee\\\/wp-content\\\/uploads\\\/2025\\\/11\\\/Glamico-1.png\",\"width\":627,\"height\":400,\"caption\":\"Glamico Baltics O\u00dc\"},\"image\":{\"@id\":\"https:\\\/\\\/glamico.ee\\\/#\\\/schema\\\/logo\\\/image\\\/\"},\"sameAs\":[\"https:\\\/\\\/www.instagram.com\\\/glamico.ee\\\/\"]}]}<\/script>\n<!-- \/ Yoast SEO plugin. -->","yoast_head_json":{"title":"Swederm vedelseep 500ml - Glamico","robots":{"index":"index","follow":"follow","max-snippet":"max-snippet:-1","max-image-preview":"max-image-preview:large","max-video-preview":"max-video-preview:-1"},"canonical":"https:\/\/glamico.ee\/en\/pood\/swederm-vedelseep-500ml\/","og_locale":"en_US","og_type":"article","og_title":"Swederm vedelseep 500ml - Glamico","og_description":"\u00d5rn gl\u00fctseriiniga vedelseep k\u00e4tele. Puhastab naha p\u00f5hjalikult ilma seda kuivatamata. T\u00e4nu suurele gl\u00fctseriinisisaldusele takistab seep naha veekadu ja niisutab seda pikaajaliselt, mist\u00f5ttu ei j\u00e4ta see nahale kiskuvat tunnet.","og_url":"https:\/\/glamico.ee\/en\/pood\/swederm-vedelseep-500ml\/","og_site_name":"Glamico","og_image":[{"width":900,"height":1200,"url":"https:\/\/glamico.ee\/wp-content\/uploads\/2026\/04\/handsoap_packshot_a1dfd652-a1cf-4eda-9655-3f7b1e14925a.webp","type":"image\/webp"}],"twitter_card":"summary_large_image","twitter_misc":{"Est. reading time":"3 minutes"},"schema":{"@context":"https:\/\/schema.org","@graph":[{"@type":"WebPage","@id":"https:\/\/glamico.ee\/pood\/swederm-vedelseep-500ml\/","url":"https:\/\/glamico.ee\/pood\/swederm-vedelseep-500ml\/","name":"Swederm vedelseep 500ml - Glamico","isPartOf":{"@id":"https:\/\/glamico.ee\/#website"},"primaryImageOfPage":{"@id":"https:\/\/glamico.ee\/pood\/swederm-vedelseep-500ml\/#primaryimage"},"image":{"@id":"https:\/\/glamico.ee\/pood\/swederm-vedelseep-500ml\/#primaryimage"},"thumbnailUrl":"https:\/\/glamico.ee\/wp-content\/uploads\/2026\/04\/handsoap_packshot_a1dfd652-a1cf-4eda-9655-3f7b1e14925a.webp","datePublished":"2026-04-19T11:23:08+00:00","breadcrumb":{"@id":"https:\/\/glamico.ee\/pood\/swederm-vedelseep-500ml\/#breadcrumb"},"inLanguage":"en-US","potentialAction":[{"@type":"ReadAction","target":["https:\/\/glamico.ee\/pood\/swederm-vedelseep-500ml\/"]}]},{"@type":"ImageObject","inLanguage":"en-US","@id":"https:\/\/glamico.ee\/pood\/swederm-vedelseep-500ml\/#primaryimage","url":"https:\/\/glamico.ee\/wp-content\/uploads\/2026\/04\/handsoap_packshot_a1dfd652-a1cf-4eda-9655-3f7b1e14925a.webp","contentUrl":"https:\/\/glamico.ee\/wp-content\/uploads\/2026\/04\/handsoap_packshot_a1dfd652-a1cf-4eda-9655-3f7b1e14925a.webp","width":900,"height":1200},{"@type":"BreadcrumbList","@id":"https:\/\/glamico.ee\/pood\/swederm-vedelseep-500ml\/#breadcrumb","itemListElement":[{"@type":"ListItem","position":1,"name":"Home","item":"https:\/\/glamico.ee\/"},{"@type":"ListItem","position":2,"name":"Pood","item":"https:\/\/glamico.ee\/pood\/"},{"@type":"ListItem","position":3,"name":"Swederm vedelseep 500ml"}]},{"@type":"WebSite","@id":"https:\/\/glamico.ee\/#website","url":"https:\/\/glamico.ee\/","name":"Glamico","description":"Ilutooted","publisher":{"@id":"https:\/\/glamico.ee\/#organization"},"potentialAction":[{"@type":"SearchAction","target":{"@type":"EntryPoint","urlTemplate":"https:\/\/glamico.ee\/?s={search_term_string}"},"query-input":{"@type":"PropertyValueSpecification","valueRequired":true,"valueName":"search_term_string"}}],"inLanguage":"en-US"},{"@type":"Organization","@id":"https:\/\/glamico.ee\/#organization","name":"Glamico Baltics O\u00dc","url":"https:\/\/glamico.ee\/","logo":{"@type":"ImageObject","inLanguage":"en-US","@id":"https:\/\/glamico.ee\/#\/schema\/logo\/image\/","url":"https:\/\/glamico.ee\/wp-content\/uploads\/2025\/11\/Glamico-1.png","contentUrl":"https:\/\/glamico.ee\/wp-content\/uploads\/2025\/11\/Glamico-1.png","width":627,"height":400,"caption":"Glamico Baltics O\u00dc"},"image":{"@id":"https:\/\/glamico.ee\/#\/schema\/logo\/image\/"},"sameAs":["https:\/\/www.instagram.com\/glamico.ee\/"]}]}},"brands":[{"id":92,"name":"Swederm","slug":"swederm"}],"_links":{"self":[{"href":"https:\/\/glamico.ee\/en\/wp-json\/wp\/v2\/product\/2747","targetHints":{"allow":["GET"]}}],"collection":[{"href":"https:\/\/glamico.ee\/en\/wp-json\/wp\/v2\/product"}],"about":[{"href":"https:\/\/glamico.ee\/en\/wp-json\/wp\/v2\/types\/product"}],"version-history":[{"count":1,"href":"https:\/\/glamico.ee\/en\/wp-json\/wp\/v2\/product\/2747\/revisions"}],"predecessor-version":[{"id":2751,"href":"https:\/\/glamico.ee\/en\/wp-json\/wp\/v2\/product\/2747\/revisions\/2751"}],"wp:featuredmedia":[{"embeddable":true,"href":"https:\/\/glamico.ee\/en\/wp-json\/wp\/v2\/media\/2749"}],"wp:attachment":[{"href":"https:\/\/glamico.ee\/en\/wp-json\/wp\/v2\/media?parent=2747"}],"wp:term":[{"taxonomy":"pwb-brand","embeddable":true,"href":"https:\/\/glamico.ee\/en\/wp-json\/wp\/v2\/pwb-brand?post=2747"},{"taxonomy":"product_brand","embeddable":true,"href":"https:\/\/glamico.ee\/en\/wp-json\/wp\/v2\/product_brand?post=2747"},{"taxonomy":"product_cat","embeddable":true,"href":"https:\/\/glamico.ee\/en\/wp-json\/wp\/v2\/product_cat?post=2747"},{"taxonomy":"product_tag","embeddable":true,"href":"https:\/\/glamico.ee\/en\/wp-json\/wp\/v2\/product_tag?post=2747"}],"curies":[{"name":"wp","href":"https:\/\/api.w.org\/{rel}","templated":true}]}}