{"id":2740,"date":"2026-04-19T13:13:33","date_gmt":"2026-04-19T11:13:33","guid":{"rendered":"https:\/\/glamico.ee\/?post_type=product&#038;p=2740"},"modified":"2026-04-19T13:15:05","modified_gmt":"2026-04-19T11:15:05","slug":"swederm-dusigeel-500ml","status":"publish","type":"product","link":"https:\/\/glamico.ee\/en\/pood\/swederm-dusigeel-500ml\/","title":{"rendered":"Swederm Du\u0161igeel 500ml"},"content":{"rendered":"<p>SHOWER GEL on igap\u00e4evaseks kasutamiseks m\u00f5eldud du\u0161igeel. Selle koostis eemaldab t\u00f5husalt mustuse, pakkudes nahale v\u00e4rskus- ja puhtustunnet. T\u00e4nu hoolikalt valitud koostisosadele puhastab geel \u00f5rnalt, kahjustamata naha loomulikku kaitsebarj\u00e4\u00e4ri. Sisalduv gl\u00fctseriin tagab, et toode mitte ainult ei puhasta t\u00f5husalt, vaid ka niisutab nahka, hoides \u00e4ra selle kuivamise.<\/p>\n<p>Meeldiva HUDSALVA VIT. E salvi l\u00f5hnaga.<\/p>\n<p>KOOSTIS: Aqua, Sodium Laureth Sulfate, Cocamidopropyl Betaine, PEG-4 Rapeseedamide, Parfum, Glycerin, Sodium Benzoate, Coco-Glucoside, Glyceryl Oleate, Guar Hydroxypropyltrimonium Chloride, Citric Acid, Sodium Chloride, CI 45100, Sodium Sulfate.<\/p>","protected":false},"excerpt":{"rendered":"<p>Meeldiva HUDSALVA VIT. E salvi l\u00f5hnaga du\u0161igeel. Suur 500 ml pakend ja mugavalt kasutatav pump.<\/p>","protected":false},"featured_media":2742,"template":"","meta":[],"pwb-brand":[92],"product_brand":[],"product_cat":[31],"product_tag":[],"class_list":{"0":"post-2740","1":"product","2":"type-product","3":"status-publish","4":"has-post-thumbnail","6":"pwb-brand-swederm","7":"product_cat-keha","9":"first","10":"instock","11":"taxable","12":"shipping-taxable","13":"purchasable","14":"product-type-simple"},"yoast_head":"<!-- This site is optimized with the Yoast SEO plugin v27.3 - https:\/\/yoast.com\/product\/yoast-seo-wordpress\/ -->\n<title>Swederm Du\u0161igeel 500ml - Glamico<\/title>\n<meta name=\"robots\" content=\"index, follow, max-snippet:-1, max-image-preview:large, max-video-preview:-1\" \/>\n<link rel=\"canonical\" href=\"https:\/\/glamico.ee\/en\/pood\/swederm-dusigeel-500ml\/\" \/>\n<meta property=\"og:locale\" content=\"en_US\" \/>\n<meta property=\"og:type\" content=\"article\" \/>\n<meta property=\"og:title\" content=\"Swederm Du\u0161igeel 500ml - Glamico\" \/>\n<meta property=\"og:description\" content=\"Meeldiva HUDSALVA VIT. E salvi l\u00f5hnaga du\u0161igeel. Suur 500 ml pakend ja mugavalt kasutatav pump.\" \/>\n<meta property=\"og:url\" content=\"https:\/\/glamico.ee\/en\/pood\/swederm-dusigeel-500ml\/\" \/>\n<meta property=\"og:site_name\" content=\"Glamico\" \/>\n<meta property=\"article:modified_time\" content=\"2026-04-19T11:15:05+00:00\" \/>\n<meta property=\"og:image\" content=\"https:\/\/glamico.ee\/wp-content\/uploads\/2026\/04\/showergel_packshot_c45ef4b5-09d8-4967-bda6-3539cb3b18a2.webp\" \/>\n\t<meta property=\"og:image:width\" content=\"900\" \/>\n\t<meta property=\"og:image:height\" content=\"1200\" \/>\n\t<meta property=\"og:image:type\" content=\"image\/webp\" \/>\n<meta name=\"twitter:card\" content=\"summary_large_image\" \/>\n<meta name=\"twitter:label1\" content=\"Est. reading time\" \/>\n\t<meta name=\"twitter:data1\" content=\"1 minute\" \/>\n<script type=\"application\/ld+json\" class=\"yoast-schema-graph\">{\"@context\":\"https:\\\/\\\/schema.org\",\"@graph\":[{\"@type\":\"WebPage\",\"@id\":\"https:\\\/\\\/glamico.ee\\\/pood\\\/swederm-dusigeel-500ml\\\/\",\"url\":\"https:\\\/\\\/glamico.ee\\\/pood\\\/swederm-dusigeel-500ml\\\/\",\"name\":\"Swederm Du\u0161igeel 500ml - Glamico\",\"isPartOf\":{\"@id\":\"https:\\\/\\\/glamico.ee\\\/#website\"},\"primaryImageOfPage\":{\"@id\":\"https:\\\/\\\/glamico.ee\\\/pood\\\/swederm-dusigeel-500ml\\\/#primaryimage\"},\"image\":{\"@id\":\"https:\\\/\\\/glamico.ee\\\/pood\\\/swederm-dusigeel-500ml\\\/#primaryimage\"},\"thumbnailUrl\":\"https:\\\/\\\/glamico.ee\\\/wp-content\\\/uploads\\\/2026\\\/04\\\/showergel_packshot_c45ef4b5-09d8-4967-bda6-3539cb3b18a2.webp\",\"datePublished\":\"2026-04-19T11:13:33+00:00\",\"dateModified\":\"2026-04-19T11:15:05+00:00\",\"breadcrumb\":{\"@id\":\"https:\\\/\\\/glamico.ee\\\/pood\\\/swederm-dusigeel-500ml\\\/#breadcrumb\"},\"inLanguage\":\"en-US\",\"potentialAction\":[{\"@type\":\"ReadAction\",\"target\":[\"https:\\\/\\\/glamico.ee\\\/pood\\\/swederm-dusigeel-500ml\\\/\"]}]},{\"@type\":\"ImageObject\",\"inLanguage\":\"en-US\",\"@id\":\"https:\\\/\\\/glamico.ee\\\/pood\\\/swederm-dusigeel-500ml\\\/#primaryimage\",\"url\":\"https:\\\/\\\/glamico.ee\\\/wp-content\\\/uploads\\\/2026\\\/04\\\/showergel_packshot_c45ef4b5-09d8-4967-bda6-3539cb3b18a2.webp\",\"contentUrl\":\"https:\\\/\\\/glamico.ee\\\/wp-content\\\/uploads\\\/2026\\\/04\\\/showergel_packshot_c45ef4b5-09d8-4967-bda6-3539cb3b18a2.webp\",\"width\":900,\"height\":1200},{\"@type\":\"BreadcrumbList\",\"@id\":\"https:\\\/\\\/glamico.ee\\\/pood\\\/swederm-dusigeel-500ml\\\/#breadcrumb\",\"itemListElement\":[{\"@type\":\"ListItem\",\"position\":1,\"name\":\"Home\",\"item\":\"https:\\\/\\\/glamico.ee\\\/\"},{\"@type\":\"ListItem\",\"position\":2,\"name\":\"Pood\",\"item\":\"https:\\\/\\\/glamico.ee\\\/pood\\\/\"},{\"@type\":\"ListItem\",\"position\":3,\"name\":\"Swederm Du\u0161igeel 500ml\"}]},{\"@type\":\"WebSite\",\"@id\":\"https:\\\/\\\/glamico.ee\\\/#website\",\"url\":\"https:\\\/\\\/glamico.ee\\\/\",\"name\":\"Glamico\",\"description\":\"Ilutooted\",\"publisher\":{\"@id\":\"https:\\\/\\\/glamico.ee\\\/#organization\"},\"potentialAction\":[{\"@type\":\"SearchAction\",\"target\":{\"@type\":\"EntryPoint\",\"urlTemplate\":\"https:\\\/\\\/glamico.ee\\\/?s={search_term_string}\"},\"query-input\":{\"@type\":\"PropertyValueSpecification\",\"valueRequired\":true,\"valueName\":\"search_term_string\"}}],\"inLanguage\":\"en-US\"},{\"@type\":\"Organization\",\"@id\":\"https:\\\/\\\/glamico.ee\\\/#organization\",\"name\":\"Glamico Baltics O\u00dc\",\"url\":\"https:\\\/\\\/glamico.ee\\\/\",\"logo\":{\"@type\":\"ImageObject\",\"inLanguage\":\"en-US\",\"@id\":\"https:\\\/\\\/glamico.ee\\\/#\\\/schema\\\/logo\\\/image\\\/\",\"url\":\"https:\\\/\\\/glamico.ee\\\/wp-content\\\/uploads\\\/2025\\\/11\\\/Glamico-1.png\",\"contentUrl\":\"https:\\\/\\\/glamico.ee\\\/wp-content\\\/uploads\\\/2025\\\/11\\\/Glamico-1.png\",\"width\":627,\"height\":400,\"caption\":\"Glamico Baltics O\u00dc\"},\"image\":{\"@id\":\"https:\\\/\\\/glamico.ee\\\/#\\\/schema\\\/logo\\\/image\\\/\"},\"sameAs\":[\"https:\\\/\\\/www.instagram.com\\\/glamico.ee\\\/\"]}]}<\/script>\n<!-- \/ Yoast SEO plugin. -->","yoast_head_json":{"title":"Swederm Du\u0161igeel 500ml - Glamico","robots":{"index":"index","follow":"follow","max-snippet":"max-snippet:-1","max-image-preview":"max-image-preview:large","max-video-preview":"max-video-preview:-1"},"canonical":"https:\/\/glamico.ee\/en\/pood\/swederm-dusigeel-500ml\/","og_locale":"en_US","og_type":"article","og_title":"Swederm Du\u0161igeel 500ml - Glamico","og_description":"Meeldiva HUDSALVA VIT. E salvi l\u00f5hnaga du\u0161igeel. Suur 500 ml pakend ja mugavalt kasutatav pump.","og_url":"https:\/\/glamico.ee\/en\/pood\/swederm-dusigeel-500ml\/","og_site_name":"Glamico","article_modified_time":"2026-04-19T11:15:05+00:00","og_image":[{"width":900,"height":1200,"url":"https:\/\/glamico.ee\/wp-content\/uploads\/2026\/04\/showergel_packshot_c45ef4b5-09d8-4967-bda6-3539cb3b18a2.webp","type":"image\/webp"}],"twitter_card":"summary_large_image","twitter_misc":{"Est. reading time":"1 minute"},"schema":{"@context":"https:\/\/schema.org","@graph":[{"@type":"WebPage","@id":"https:\/\/glamico.ee\/pood\/swederm-dusigeel-500ml\/","url":"https:\/\/glamico.ee\/pood\/swederm-dusigeel-500ml\/","name":"Swederm Du\u0161igeel 500ml - Glamico","isPartOf":{"@id":"https:\/\/glamico.ee\/#website"},"primaryImageOfPage":{"@id":"https:\/\/glamico.ee\/pood\/swederm-dusigeel-500ml\/#primaryimage"},"image":{"@id":"https:\/\/glamico.ee\/pood\/swederm-dusigeel-500ml\/#primaryimage"},"thumbnailUrl":"https:\/\/glamico.ee\/wp-content\/uploads\/2026\/04\/showergel_packshot_c45ef4b5-09d8-4967-bda6-3539cb3b18a2.webp","datePublished":"2026-04-19T11:13:33+00:00","dateModified":"2026-04-19T11:15:05+00:00","breadcrumb":{"@id":"https:\/\/glamico.ee\/pood\/swederm-dusigeel-500ml\/#breadcrumb"},"inLanguage":"en-US","potentialAction":[{"@type":"ReadAction","target":["https:\/\/glamico.ee\/pood\/swederm-dusigeel-500ml\/"]}]},{"@type":"ImageObject","inLanguage":"en-US","@id":"https:\/\/glamico.ee\/pood\/swederm-dusigeel-500ml\/#primaryimage","url":"https:\/\/glamico.ee\/wp-content\/uploads\/2026\/04\/showergel_packshot_c45ef4b5-09d8-4967-bda6-3539cb3b18a2.webp","contentUrl":"https:\/\/glamico.ee\/wp-content\/uploads\/2026\/04\/showergel_packshot_c45ef4b5-09d8-4967-bda6-3539cb3b18a2.webp","width":900,"height":1200},{"@type":"BreadcrumbList","@id":"https:\/\/glamico.ee\/pood\/swederm-dusigeel-500ml\/#breadcrumb","itemListElement":[{"@type":"ListItem","position":1,"name":"Home","item":"https:\/\/glamico.ee\/"},{"@type":"ListItem","position":2,"name":"Pood","item":"https:\/\/glamico.ee\/pood\/"},{"@type":"ListItem","position":3,"name":"Swederm Du\u0161igeel 500ml"}]},{"@type":"WebSite","@id":"https:\/\/glamico.ee\/#website","url":"https:\/\/glamico.ee\/","name":"Glamico","description":"Ilutooted","publisher":{"@id":"https:\/\/glamico.ee\/#organization"},"potentialAction":[{"@type":"SearchAction","target":{"@type":"EntryPoint","urlTemplate":"https:\/\/glamico.ee\/?s={search_term_string}"},"query-input":{"@type":"PropertyValueSpecification","valueRequired":true,"valueName":"search_term_string"}}],"inLanguage":"en-US"},{"@type":"Organization","@id":"https:\/\/glamico.ee\/#organization","name":"Glamico Baltics O\u00dc","url":"https:\/\/glamico.ee\/","logo":{"@type":"ImageObject","inLanguage":"en-US","@id":"https:\/\/glamico.ee\/#\/schema\/logo\/image\/","url":"https:\/\/glamico.ee\/wp-content\/uploads\/2025\/11\/Glamico-1.png","contentUrl":"https:\/\/glamico.ee\/wp-content\/uploads\/2025\/11\/Glamico-1.png","width":627,"height":400,"caption":"Glamico Baltics O\u00dc"},"image":{"@id":"https:\/\/glamico.ee\/#\/schema\/logo\/image\/"},"sameAs":["https:\/\/www.instagram.com\/glamico.ee\/"]}]}},"brands":[{"id":92,"name":"Swederm","slug":"swederm"}],"_links":{"self":[{"href":"https:\/\/glamico.ee\/en\/wp-json\/wp\/v2\/product\/2740","targetHints":{"allow":["GET"]}}],"collection":[{"href":"https:\/\/glamico.ee\/en\/wp-json\/wp\/v2\/product"}],"about":[{"href":"https:\/\/glamico.ee\/en\/wp-json\/wp\/v2\/types\/product"}],"version-history":[{"count":1,"href":"https:\/\/glamico.ee\/en\/wp-json\/wp\/v2\/product\/2740\/revisions"}],"predecessor-version":[{"id":2745,"href":"https:\/\/glamico.ee\/en\/wp-json\/wp\/v2\/product\/2740\/revisions\/2745"}],"wp:featuredmedia":[{"embeddable":true,"href":"https:\/\/glamico.ee\/en\/wp-json\/wp\/v2\/media\/2742"}],"wp:attachment":[{"href":"https:\/\/glamico.ee\/en\/wp-json\/wp\/v2\/media?parent=2740"}],"wp:term":[{"taxonomy":"pwb-brand","embeddable":true,"href":"https:\/\/glamico.ee\/en\/wp-json\/wp\/v2\/pwb-brand?post=2740"},{"taxonomy":"product_brand","embeddable":true,"href":"https:\/\/glamico.ee\/en\/wp-json\/wp\/v2\/product_brand?post=2740"},{"taxonomy":"product_cat","embeddable":true,"href":"https:\/\/glamico.ee\/en\/wp-json\/wp\/v2\/product_cat?post=2740"},{"taxonomy":"product_tag","embeddable":true,"href":"https:\/\/glamico.ee\/en\/wp-json\/wp\/v2\/product_tag?post=2740"}],"curies":[{"name":"wp","href":"https:\/\/api.w.org\/{rel}","templated":true}]}}