{"id":2701,"date":"2026-04-16T14:56:47","date_gmt":"2026-04-16T12:56:47","guid":{"rendered":"https:\/\/glamico.ee\/?post_type=product&#038;p=2701"},"modified":"2026-04-16T15:08:30","modified_gmt":"2026-04-16T13:08:30","slug":"swederm-perfect-drop-fluid-jumestuskreem-30ml-light-ivory","status":"publish","type":"product","link":"https:\/\/glamico.ee\/en\/pood\/swederm-perfect-drop-fluid-jumestuskreem-30ml-light-ivory\/","title":{"rendered":"Swederm Perfect Drop fluid jumestuskreem 30ml- LIGHT IVORY"},"content":{"rendered":"<p>PERFECT DROP jumestuskreem on igap\u00e4evases meigis asendamatu. See annab nahale loomuliku tulemuse ilma maskiefektita. Sisaldab \u201csoft focus\u201d pigmente, mis siluvad jumet ning j\u00e4tavad naha kergeks, v\u00e4rskeks ja s\u00e4ravaks. Ei tekita maskiefekti ning t\u00e4nu looduslikele \u00f5lidele ja ekstraktidele hooldab ka nahka.<\/p>\n<p>Avasta, kui meeldiv v\u00f5ib olla igap\u00e4evane meik. PERFECT DROP jumestuskreem on saadaval kolmes toonis: hele Vanilla, keskmine Light Ivory ja tume Honey \u2013 nii leiad just oma nahatooniga sobiva v\u00e4rvi.<\/p>\n<p>T\u00e4iuslik jumestus ilma maskiefektita \u2013 PERFECT DROP vedel jumestuskreem<br \/>\nKas meik ilma maskiefektita? PERFECT DROP jumestuskreem tagab loomuliku v\u00e4limuse nii igap\u00e4evaks kui ka erilisteks s\u00fcndmusteks. Tunneta, kui h\u00e4sti PERFECT DROP sinu nahal hajub! See on kerge, sulandub nahaga ideaalselt ning silub jumet t\u00e4nu \u201csoft focus\u201d pigmentidele. Tulemus on v\u00e4rske ja r\u00f5hutab sinu parimaid jooni.<\/p>\n<p>Meik loomuliku ja v\u00e4rske viimistlusega \u2013 PERFECT DROP jumestuskreem<br \/>\nPERFECT DROP jumestuskreemi kasutades saavutad lisaks siluvale ja matistavale efektile ka loomuliku ja kauni meigi. T\u00e4nu \u00f5lide ja ekstraktide sisaldusele, nagu p\u00e4evalilleseemne\u00f5li ja rosmariinilehe ekstrakt, silub see nahka ning kaitseb liigse niiskuskao ja vabade radikaalide eest. R\u00e4nidioksiidirikas koostis tagab t\u00e4iusliku mati viimistluse ja siidise sileduse. Avasta suurep\u00e4rane loomuliku ja v\u00e4rske viimistlusega meik PERFECT DROP jumestuskreemiga \u2013 nii igap\u00e4evaks kui ka erilisteks hetkedeks!<\/p>\n<p>Uus pumbaga pakend, uus hele toon, muutumatu koostis.<\/p>\n<p>KOOSTIS: Aqua (Water), Cyclopentasiloxane, Dimethicone, Silica, PEG-10 Dimethicone, Glycerin, Polymethylsilsesquioxane, Dimethicone\/Vinyl Dimethicone Crosspolymer, Sodium Chloride, 1,2-Hexanediol, Caprylyl Glycol, Disteardimonium Hectorite, Aluminum Hydroxide, Helianthus Annuus Seed Oil (Helianthus Annuus (Sunflower) Seed Oil), Disodium EDTA, Sodium Lauroyl Glutamate, Rosmarinus Officinalis Leaf Extract (Rosmarinus Officinalis (Rosemary) Leaf Extract), Lysine, Magnesium Chloride, Tropolone. May contain (+\/-): CI 77891 (Titanium Dioxide), CI 77492 (Iron Oxides), CI 77491 (Iron Oxides), CI 77499 (Iron Oxides).<\/p>","protected":false},"excerpt":{"rendered":"<p>LIGHT IVORY. Meik loomuliku ja v\u00e4rske viimistlusega \u2013 PERFECT DROP kerge jumestuskreem<\/p>\n<p>&nbsp;<\/p>","protected":false},"featured_media":2703,"template":"","meta":[],"pwb-brand":[92],"product_brand":[],"product_cat":[30],"product_tag":[],"class_list":{"0":"post-2701","1":"product","2":"type-product","3":"status-publish","4":"has-post-thumbnail","6":"pwb-brand-swederm","7":"product_cat-nagu","9":"first","10":"instock","11":"taxable","12":"shipping-taxable","13":"purchasable","14":"product-type-simple"},"yoast_head":"<!-- This site is optimized with the Yoast SEO plugin v27.3 - https:\/\/yoast.com\/product\/yoast-seo-wordpress\/ -->\n<title>Swederm Perfect Drop fluid jumestuskreem 30ml- LIGHT IVORY - Glamico<\/title>\n<meta name=\"robots\" content=\"index, follow, max-snippet:-1, max-image-preview:large, max-video-preview:-1\" \/>\n<link rel=\"canonical\" href=\"https:\/\/glamico.ee\/en\/pood\/swederm-perfect-drop-fluid-jumestuskreem-30ml-light-ivory\/\" \/>\n<meta property=\"og:locale\" content=\"en_US\" \/>\n<meta property=\"og:type\" content=\"article\" \/>\n<meta property=\"og:title\" content=\"Swederm Perfect Drop fluid jumestuskreem 30ml- LIGHT IVORY - Glamico\" \/>\n<meta property=\"og:description\" content=\"LIGHT IVORY. Meik loomuliku ja v\u00e4rske viimistlusega \u2013 PERFECT DROP kerge jumestuskreem  &nbsp;\" \/>\n<meta property=\"og:url\" content=\"https:\/\/glamico.ee\/en\/pood\/swederm-perfect-drop-fluid-jumestuskreem-30ml-light-ivory\/\" \/>\n<meta property=\"og:site_name\" content=\"Glamico\" \/>\n<meta property=\"article:modified_time\" content=\"2026-04-16T13:08:30+00:00\" \/>\n<meta property=\"og:image\" content=\"https:\/\/glamico.ee\/wp-content\/uploads\/2026\/04\/perfectdrop_packshot_9affa941-3648-4a42-a92d-fc76d75a455a.webp\" \/>\n\t<meta property=\"og:image:width\" content=\"900\" \/>\n\t<meta property=\"og:image:height\" content=\"1200\" \/>\n\t<meta property=\"og:image:type\" content=\"image\/webp\" \/>\n<meta name=\"twitter:card\" content=\"summary_large_image\" \/>\n<meta name=\"twitter:label1\" content=\"Est. reading time\" \/>\n\t<meta name=\"twitter:data1\" content=\"2 minutes\" \/>\n<script type=\"application\/ld+json\" class=\"yoast-schema-graph\">{\"@context\":\"https:\\\/\\\/schema.org\",\"@graph\":[{\"@type\":\"WebPage\",\"@id\":\"https:\\\/\\\/glamico.ee\\\/pood\\\/swederm-perfect-drop-fluid-jumestuskreem-30ml-light-ivory\\\/\",\"url\":\"https:\\\/\\\/glamico.ee\\\/pood\\\/swederm-perfect-drop-fluid-jumestuskreem-30ml-light-ivory\\\/\",\"name\":\"Swederm Perfect Drop fluid jumestuskreem 30ml- LIGHT IVORY - Glamico\",\"isPartOf\":{\"@id\":\"https:\\\/\\\/glamico.ee\\\/#website\"},\"primaryImageOfPage\":{\"@id\":\"https:\\\/\\\/glamico.ee\\\/pood\\\/swederm-perfect-drop-fluid-jumestuskreem-30ml-light-ivory\\\/#primaryimage\"},\"image\":{\"@id\":\"https:\\\/\\\/glamico.ee\\\/pood\\\/swederm-perfect-drop-fluid-jumestuskreem-30ml-light-ivory\\\/#primaryimage\"},\"thumbnailUrl\":\"https:\\\/\\\/glamico.ee\\\/wp-content\\\/uploads\\\/2026\\\/04\\\/perfectdrop_packshot_9affa941-3648-4a42-a92d-fc76d75a455a.webp\",\"datePublished\":\"2026-04-16T12:56:47+00:00\",\"dateModified\":\"2026-04-16T13:08:30+00:00\",\"breadcrumb\":{\"@id\":\"https:\\\/\\\/glamico.ee\\\/pood\\\/swederm-perfect-drop-fluid-jumestuskreem-30ml-light-ivory\\\/#breadcrumb\"},\"inLanguage\":\"en-US\",\"potentialAction\":[{\"@type\":\"ReadAction\",\"target\":[\"https:\\\/\\\/glamico.ee\\\/pood\\\/swederm-perfect-drop-fluid-jumestuskreem-30ml-light-ivory\\\/\"]}]},{\"@type\":\"ImageObject\",\"inLanguage\":\"en-US\",\"@id\":\"https:\\\/\\\/glamico.ee\\\/pood\\\/swederm-perfect-drop-fluid-jumestuskreem-30ml-light-ivory\\\/#primaryimage\",\"url\":\"https:\\\/\\\/glamico.ee\\\/wp-content\\\/uploads\\\/2026\\\/04\\\/perfectdrop_packshot_9affa941-3648-4a42-a92d-fc76d75a455a.webp\",\"contentUrl\":\"https:\\\/\\\/glamico.ee\\\/wp-content\\\/uploads\\\/2026\\\/04\\\/perfectdrop_packshot_9affa941-3648-4a42-a92d-fc76d75a455a.webp\",\"width\":900,\"height\":1200},{\"@type\":\"BreadcrumbList\",\"@id\":\"https:\\\/\\\/glamico.ee\\\/pood\\\/swederm-perfect-drop-fluid-jumestuskreem-30ml-light-ivory\\\/#breadcrumb\",\"itemListElement\":[{\"@type\":\"ListItem\",\"position\":1,\"name\":\"Home\",\"item\":\"https:\\\/\\\/glamico.ee\\\/\"},{\"@type\":\"ListItem\",\"position\":2,\"name\":\"Pood\",\"item\":\"https:\\\/\\\/glamico.ee\\\/pood\\\/\"},{\"@type\":\"ListItem\",\"position\":3,\"name\":\"Swederm Perfect Drop fluid jumestuskreem 30ml- LIGHT IVORY\"}]},{\"@type\":\"WebSite\",\"@id\":\"https:\\\/\\\/glamico.ee\\\/#website\",\"url\":\"https:\\\/\\\/glamico.ee\\\/\",\"name\":\"Glamico\",\"description\":\"Ilutooted\",\"publisher\":{\"@id\":\"https:\\\/\\\/glamico.ee\\\/#organization\"},\"potentialAction\":[{\"@type\":\"SearchAction\",\"target\":{\"@type\":\"EntryPoint\",\"urlTemplate\":\"https:\\\/\\\/glamico.ee\\\/?s={search_term_string}\"},\"query-input\":{\"@type\":\"PropertyValueSpecification\",\"valueRequired\":true,\"valueName\":\"search_term_string\"}}],\"inLanguage\":\"en-US\"},{\"@type\":\"Organization\",\"@id\":\"https:\\\/\\\/glamico.ee\\\/#organization\",\"name\":\"Glamico Baltics O\u00dc\",\"url\":\"https:\\\/\\\/glamico.ee\\\/\",\"logo\":{\"@type\":\"ImageObject\",\"inLanguage\":\"en-US\",\"@id\":\"https:\\\/\\\/glamico.ee\\\/#\\\/schema\\\/logo\\\/image\\\/\",\"url\":\"https:\\\/\\\/glamico.ee\\\/wp-content\\\/uploads\\\/2025\\\/11\\\/Glamico-1.png\",\"contentUrl\":\"https:\\\/\\\/glamico.ee\\\/wp-content\\\/uploads\\\/2025\\\/11\\\/Glamico-1.png\",\"width\":627,\"height\":400,\"caption\":\"Glamico Baltics O\u00dc\"},\"image\":{\"@id\":\"https:\\\/\\\/glamico.ee\\\/#\\\/schema\\\/logo\\\/image\\\/\"},\"sameAs\":[\"https:\\\/\\\/www.instagram.com\\\/glamico.ee\\\/\"]}]}<\/script>\n<!-- \/ Yoast SEO plugin. -->","yoast_head_json":{"title":"Swederm Perfect Drop fluid jumestuskreem 30ml- LIGHT IVORY - Glamico","robots":{"index":"index","follow":"follow","max-snippet":"max-snippet:-1","max-image-preview":"max-image-preview:large","max-video-preview":"max-video-preview:-1"},"canonical":"https:\/\/glamico.ee\/en\/pood\/swederm-perfect-drop-fluid-jumestuskreem-30ml-light-ivory\/","og_locale":"en_US","og_type":"article","og_title":"Swederm Perfect Drop fluid jumestuskreem 30ml- LIGHT IVORY - Glamico","og_description":"LIGHT IVORY. Meik loomuliku ja v\u00e4rske viimistlusega \u2013 PERFECT DROP kerge jumestuskreem  &nbsp;","og_url":"https:\/\/glamico.ee\/en\/pood\/swederm-perfect-drop-fluid-jumestuskreem-30ml-light-ivory\/","og_site_name":"Glamico","article_modified_time":"2026-04-16T13:08:30+00:00","og_image":[{"width":900,"height":1200,"url":"https:\/\/glamico.ee\/wp-content\/uploads\/2026\/04\/perfectdrop_packshot_9affa941-3648-4a42-a92d-fc76d75a455a.webp","type":"image\/webp"}],"twitter_card":"summary_large_image","twitter_misc":{"Est. reading time":"2 minutes"},"schema":{"@context":"https:\/\/schema.org","@graph":[{"@type":"WebPage","@id":"https:\/\/glamico.ee\/pood\/swederm-perfect-drop-fluid-jumestuskreem-30ml-light-ivory\/","url":"https:\/\/glamico.ee\/pood\/swederm-perfect-drop-fluid-jumestuskreem-30ml-light-ivory\/","name":"Swederm Perfect Drop fluid jumestuskreem 30ml- LIGHT IVORY - Glamico","isPartOf":{"@id":"https:\/\/glamico.ee\/#website"},"primaryImageOfPage":{"@id":"https:\/\/glamico.ee\/pood\/swederm-perfect-drop-fluid-jumestuskreem-30ml-light-ivory\/#primaryimage"},"image":{"@id":"https:\/\/glamico.ee\/pood\/swederm-perfect-drop-fluid-jumestuskreem-30ml-light-ivory\/#primaryimage"},"thumbnailUrl":"https:\/\/glamico.ee\/wp-content\/uploads\/2026\/04\/perfectdrop_packshot_9affa941-3648-4a42-a92d-fc76d75a455a.webp","datePublished":"2026-04-16T12:56:47+00:00","dateModified":"2026-04-16T13:08:30+00:00","breadcrumb":{"@id":"https:\/\/glamico.ee\/pood\/swederm-perfect-drop-fluid-jumestuskreem-30ml-light-ivory\/#breadcrumb"},"inLanguage":"en-US","potentialAction":[{"@type":"ReadAction","target":["https:\/\/glamico.ee\/pood\/swederm-perfect-drop-fluid-jumestuskreem-30ml-light-ivory\/"]}]},{"@type":"ImageObject","inLanguage":"en-US","@id":"https:\/\/glamico.ee\/pood\/swederm-perfect-drop-fluid-jumestuskreem-30ml-light-ivory\/#primaryimage","url":"https:\/\/glamico.ee\/wp-content\/uploads\/2026\/04\/perfectdrop_packshot_9affa941-3648-4a42-a92d-fc76d75a455a.webp","contentUrl":"https:\/\/glamico.ee\/wp-content\/uploads\/2026\/04\/perfectdrop_packshot_9affa941-3648-4a42-a92d-fc76d75a455a.webp","width":900,"height":1200},{"@type":"BreadcrumbList","@id":"https:\/\/glamico.ee\/pood\/swederm-perfect-drop-fluid-jumestuskreem-30ml-light-ivory\/#breadcrumb","itemListElement":[{"@type":"ListItem","position":1,"name":"Home","item":"https:\/\/glamico.ee\/"},{"@type":"ListItem","position":2,"name":"Pood","item":"https:\/\/glamico.ee\/pood\/"},{"@type":"ListItem","position":3,"name":"Swederm Perfect Drop fluid jumestuskreem 30ml- LIGHT IVORY"}]},{"@type":"WebSite","@id":"https:\/\/glamico.ee\/#website","url":"https:\/\/glamico.ee\/","name":"Glamico","description":"Ilutooted","publisher":{"@id":"https:\/\/glamico.ee\/#organization"},"potentialAction":[{"@type":"SearchAction","target":{"@type":"EntryPoint","urlTemplate":"https:\/\/glamico.ee\/?s={search_term_string}"},"query-input":{"@type":"PropertyValueSpecification","valueRequired":true,"valueName":"search_term_string"}}],"inLanguage":"en-US"},{"@type":"Organization","@id":"https:\/\/glamico.ee\/#organization","name":"Glamico Baltics O\u00dc","url":"https:\/\/glamico.ee\/","logo":{"@type":"ImageObject","inLanguage":"en-US","@id":"https:\/\/glamico.ee\/#\/schema\/logo\/image\/","url":"https:\/\/glamico.ee\/wp-content\/uploads\/2025\/11\/Glamico-1.png","contentUrl":"https:\/\/glamico.ee\/wp-content\/uploads\/2025\/11\/Glamico-1.png","width":627,"height":400,"caption":"Glamico Baltics O\u00dc"},"image":{"@id":"https:\/\/glamico.ee\/#\/schema\/logo\/image\/"},"sameAs":["https:\/\/www.instagram.com\/glamico.ee\/"]}]}},"brands":[{"id":92,"name":"Swederm","slug":"swederm"}],"_links":{"self":[{"href":"https:\/\/glamico.ee\/en\/wp-json\/wp\/v2\/product\/2701","targetHints":{"allow":["GET"]}}],"collection":[{"href":"https:\/\/glamico.ee\/en\/wp-json\/wp\/v2\/product"}],"about":[{"href":"https:\/\/glamico.ee\/en\/wp-json\/wp\/v2\/types\/product"}],"version-history":[{"count":3,"href":"https:\/\/glamico.ee\/en\/wp-json\/wp\/v2\/product\/2701\/revisions"}],"predecessor-version":[{"id":2713,"href":"https:\/\/glamico.ee\/en\/wp-json\/wp\/v2\/product\/2701\/revisions\/2713"}],"wp:featuredmedia":[{"embeddable":true,"href":"https:\/\/glamico.ee\/en\/wp-json\/wp\/v2\/media\/2703"}],"wp:attachment":[{"href":"https:\/\/glamico.ee\/en\/wp-json\/wp\/v2\/media?parent=2701"}],"wp:term":[{"taxonomy":"pwb-brand","embeddable":true,"href":"https:\/\/glamico.ee\/en\/wp-json\/wp\/v2\/pwb-brand?post=2701"},{"taxonomy":"product_brand","embeddable":true,"href":"https:\/\/glamico.ee\/en\/wp-json\/wp\/v2\/product_brand?post=2701"},{"taxonomy":"product_cat","embeddable":true,"href":"https:\/\/glamico.ee\/en\/wp-json\/wp\/v2\/product_cat?post=2701"},{"taxonomy":"product_tag","embeddable":true,"href":"https:\/\/glamico.ee\/en\/wp-json\/wp\/v2\/product_tag?post=2701"}],"curies":[{"name":"wp","href":"https:\/\/api.w.org\/{rel}","templated":true}]}}