{"id":2696,"date":"2026-04-16T13:29:50","date_gmt":"2026-04-16T11:29:50","guid":{"rendered":"https:\/\/glamico.ee\/?post_type=product&#038;p=2696"},"modified":"2026-04-16T13:29:50","modified_gmt":"2026-04-16T11:29:50","slug":"olivia-garden-care-flex-medium-hair-hairbrush-ice-grey","status":"publish","type":"product","link":"https:\/\/glamico.ee\/en\/pood\/olivia-garden-care-flex-medium-hair-hairbrush-ice-grey\/","title":{"rendered":"Olivia Garden &#8211; Care Flex &#8211; Medium Hair &#8211; Hairbrush &#8211; Ice Grey"},"content":{"rendered":"<p>P\u00f5hiomadused:<br \/>\nSobib erinevateks juuksehoolduse eesm\u00e4rkideks, nagu stiliseerimine, f\u00f6\u00f6nitamine ja igap\u00e4evane hooldus<br \/>\nLihtne k\u00e4sitsemine: ergonoomiline disain tagab mugava ja lihtsa kasutuse<br \/>\nPainduvad keskmise tugevusega harjased<br \/>\nJ\u00e4tab juuksed l\u00e4ikivaks<br \/>\nHarutab pusad lahti juukseid kahjustamata<br \/>\nPehmed harjased<\/p>\n<p>Kasutusjuhend:<br \/>\nSee hari sobib kasutamiseks puhastel ja kuivadel juustel v\u00f5i kergelt niisketel juustel p\u00e4rast pesu.<br \/>\nJaga juuksed osadeks, et harjamine oleks lihtsam. Alusta alt ja liigu aeglaselt \u00fclespoole, et pusad \u00f5rnalt lahti harutada.<br \/>\nKasuta Olivia Garden Care Flex Medium Hair Bristles Ice Grey harja, et juukseid \u00f5rnalt ja \u00fchtlaselt harjata. Alusta juukseotstest ja liigu juurteni, et v\u00e4hendada juuste murdumist.<br \/>\nHari on mitmek\u00fclgne ning sobib nii stiliseerimiseks kui ka f\u00f6\u00f6nitamiseks. Kasuta seda soengu tegemisel l\u00e4ike saavutamiseks v\u00f5i f\u00f6\u00f6nitamise ajal juuste kujundamiseks.<br \/>\nHoia hari heas seisukorras, puhastades seda regulaarselt mustusest ja juustest. See pikendab harja kasutusiga ja tagab parema h\u00fcgieeni.<\/p>","protected":false},"excerpt":{"rendered":"<p>Olivia Garden Care Flex Medium Hair Bristles toonis Ice Grey on ideaalne juuksehari vaevatuks ja stiilseks juuksehoolduseks. See hari \u00fchendab elegantse j\u00e4ise halli tooni ja painduvad keskmise tugevusega harjased, mist\u00f5ttu sobib see erinevatele juukset\u00fc\u00fcpidele ja -pikkustele. Pehmed harjased libisevad sujuvalt l\u00e4bi juuste, harutades pusad lahti ilma t\u00f5mbamata ning andes juustele kauni l\u00e4ike. Olenemata sellest, kas soovid juukseid stiliseerida, f\u00f6\u00f6nitada v\u00f5i lihtsalt hooldada, teeb Olivia Garden Care Flex Medium Hair Bristles Ice Grey selle lihtsaks ning n\u00e4eb samal ajal kaunis v\u00e4lja sinu hooldusrutiinis. Rikasta oma juuksehooldust selle stiilse harjaga!<\/p>","protected":false},"featured_media":2699,"template":"","meta":[],"pwb-brand":[87],"product_brand":[],"product_cat":[32,16],"product_tag":[],"class_list":{"0":"post-2696","1":"product","2":"type-product","3":"status-publish","4":"has-post-thumbnail","6":"pwb-brand-olivia-garden","7":"product_cat-juustele","8":"product_cat-muu","10":"first","11":"instock","12":"sale","13":"taxable","14":"shipping-taxable","15":"purchasable","16":"product-type-simple"},"yoast_head":"<!-- This site is optimized with the Yoast SEO plugin v27.3 - https:\/\/yoast.com\/product\/yoast-seo-wordpress\/ -->\n<title>Olivia Garden - Care Flex - Medium Hair - Hairbrush - Ice Grey - Glamico<\/title>\n<meta name=\"robots\" content=\"index, follow, max-snippet:-1, max-image-preview:large, max-video-preview:-1\" \/>\n<link rel=\"canonical\" href=\"https:\/\/glamico.ee\/en\/pood\/olivia-garden-care-flex-medium-hair-hairbrush-ice-grey\/\" \/>\n<meta property=\"og:locale\" content=\"en_US\" \/>\n<meta property=\"og:type\" content=\"article\" \/>\n<meta property=\"og:title\" content=\"Olivia Garden - Care Flex - Medium Hair - Hairbrush - Ice Grey - Glamico\" \/>\n<meta property=\"og:description\" content=\"Olivia Garden Care Flex Medium Hair Bristles toonis Ice Grey on ideaalne juuksehari vaevatuks ja stiilseks juuksehoolduseks. See hari \u00fchendab elegantse j\u00e4ise halli tooni ja painduvad keskmise tugevusega harjased, mist\u00f5ttu sobib see erinevatele juukset\u00fc\u00fcpidele ja -pikkustele. Pehmed harjased libisevad sujuvalt l\u00e4bi juuste, harutades pusad lahti ilma t\u00f5mbamata ning andes juustele kauni l\u00e4ike. Olenemata sellest, kas soovid juukseid stiliseerida, f\u00f6\u00f6nitada v\u00f5i lihtsalt hooldada, teeb Olivia Garden Care Flex Medium Hair Bristles Ice Grey selle lihtsaks ning n\u00e4eb samal ajal kaunis v\u00e4lja sinu hooldusrutiinis. Rikasta oma juuksehooldust selle stiilse harjaga!\" \/>\n<meta property=\"og:url\" content=\"https:\/\/glamico.ee\/en\/pood\/olivia-garden-care-flex-medium-hair-hairbrush-ice-grey\/\" \/>\n<meta property=\"og:site_name\" content=\"Glamico\" \/>\n<meta property=\"og:image\" content=\"https:\/\/glamico.ee\/wp-content\/uploads\/2026\/04\/olivia-garden-care-flex-medium-hair-ice-grey-03.webp\" \/>\n\t<meta property=\"og:image:width\" content=\"720\" \/>\n\t<meta property=\"og:image:height\" content=\"720\" \/>\n\t<meta property=\"og:image:type\" content=\"image\/webp\" \/>\n<meta name=\"twitter:card\" content=\"summary_large_image\" \/>\n<meta name=\"twitter:label1\" content=\"Est. reading time\" \/>\n\t<meta name=\"twitter:data1\" content=\"1 minute\" \/>\n<script type=\"application\/ld+json\" class=\"yoast-schema-graph\">{\"@context\":\"https:\\\/\\\/schema.org\",\"@graph\":[{\"@type\":\"WebPage\",\"@id\":\"https:\\\/\\\/glamico.ee\\\/pood\\\/olivia-garden-care-flex-medium-hair-hairbrush-ice-grey\\\/\",\"url\":\"https:\\\/\\\/glamico.ee\\\/pood\\\/olivia-garden-care-flex-medium-hair-hairbrush-ice-grey\\\/\",\"name\":\"Olivia Garden - Care Flex - Medium Hair - Hairbrush - Ice Grey - Glamico\",\"isPartOf\":{\"@id\":\"https:\\\/\\\/glamico.ee\\\/#website\"},\"primaryImageOfPage\":{\"@id\":\"https:\\\/\\\/glamico.ee\\\/pood\\\/olivia-garden-care-flex-medium-hair-hairbrush-ice-grey\\\/#primaryimage\"},\"image\":{\"@id\":\"https:\\\/\\\/glamico.ee\\\/pood\\\/olivia-garden-care-flex-medium-hair-hairbrush-ice-grey\\\/#primaryimage\"},\"thumbnailUrl\":\"https:\\\/\\\/glamico.ee\\\/wp-content\\\/uploads\\\/2026\\\/04\\\/olivia-garden-care-flex-medium-hair-ice-grey-03.webp\",\"datePublished\":\"2026-04-16T11:29:50+00:00\",\"breadcrumb\":{\"@id\":\"https:\\\/\\\/glamico.ee\\\/pood\\\/olivia-garden-care-flex-medium-hair-hairbrush-ice-grey\\\/#breadcrumb\"},\"inLanguage\":\"en-US\",\"potentialAction\":[{\"@type\":\"ReadAction\",\"target\":[\"https:\\\/\\\/glamico.ee\\\/pood\\\/olivia-garden-care-flex-medium-hair-hairbrush-ice-grey\\\/\"]}]},{\"@type\":\"ImageObject\",\"inLanguage\":\"en-US\",\"@id\":\"https:\\\/\\\/glamico.ee\\\/pood\\\/olivia-garden-care-flex-medium-hair-hairbrush-ice-grey\\\/#primaryimage\",\"url\":\"https:\\\/\\\/glamico.ee\\\/wp-content\\\/uploads\\\/2026\\\/04\\\/olivia-garden-care-flex-medium-hair-ice-grey-03.webp\",\"contentUrl\":\"https:\\\/\\\/glamico.ee\\\/wp-content\\\/uploads\\\/2026\\\/04\\\/olivia-garden-care-flex-medium-hair-ice-grey-03.webp\",\"width\":720,\"height\":720},{\"@type\":\"BreadcrumbList\",\"@id\":\"https:\\\/\\\/glamico.ee\\\/pood\\\/olivia-garden-care-flex-medium-hair-hairbrush-ice-grey\\\/#breadcrumb\",\"itemListElement\":[{\"@type\":\"ListItem\",\"position\":1,\"name\":\"Home\",\"item\":\"https:\\\/\\\/glamico.ee\\\/\"},{\"@type\":\"ListItem\",\"position\":2,\"name\":\"Pood\",\"item\":\"https:\\\/\\\/glamico.ee\\\/pood\\\/\"},{\"@type\":\"ListItem\",\"position\":3,\"name\":\"Olivia Garden &#8211; Care Flex &#8211; Medium Hair &#8211; Hairbrush &#8211; Ice Grey\"}]},{\"@type\":\"WebSite\",\"@id\":\"https:\\\/\\\/glamico.ee\\\/#website\",\"url\":\"https:\\\/\\\/glamico.ee\\\/\",\"name\":\"Glamico\",\"description\":\"Ilutooted\",\"publisher\":{\"@id\":\"https:\\\/\\\/glamico.ee\\\/#organization\"},\"potentialAction\":[{\"@type\":\"SearchAction\",\"target\":{\"@type\":\"EntryPoint\",\"urlTemplate\":\"https:\\\/\\\/glamico.ee\\\/?s={search_term_string}\"},\"query-input\":{\"@type\":\"PropertyValueSpecification\",\"valueRequired\":true,\"valueName\":\"search_term_string\"}}],\"inLanguage\":\"en-US\"},{\"@type\":\"Organization\",\"@id\":\"https:\\\/\\\/glamico.ee\\\/#organization\",\"name\":\"Glamico Baltics O\u00dc\",\"url\":\"https:\\\/\\\/glamico.ee\\\/\",\"logo\":{\"@type\":\"ImageObject\",\"inLanguage\":\"en-US\",\"@id\":\"https:\\\/\\\/glamico.ee\\\/#\\\/schema\\\/logo\\\/image\\\/\",\"url\":\"https:\\\/\\\/glamico.ee\\\/wp-content\\\/uploads\\\/2025\\\/11\\\/Glamico-1.png\",\"contentUrl\":\"https:\\\/\\\/glamico.ee\\\/wp-content\\\/uploads\\\/2025\\\/11\\\/Glamico-1.png\",\"width\":627,\"height\":400,\"caption\":\"Glamico Baltics O\u00dc\"},\"image\":{\"@id\":\"https:\\\/\\\/glamico.ee\\\/#\\\/schema\\\/logo\\\/image\\\/\"},\"sameAs\":[\"https:\\\/\\\/www.instagram.com\\\/glamico.ee\\\/\"]}]}<\/script>\n<!-- \/ Yoast SEO plugin. -->","yoast_head_json":{"title":"Olivia Garden - Care Flex - Medium Hair - Hairbrush - Ice Grey - Glamico","robots":{"index":"index","follow":"follow","max-snippet":"max-snippet:-1","max-image-preview":"max-image-preview:large","max-video-preview":"max-video-preview:-1"},"canonical":"https:\/\/glamico.ee\/en\/pood\/olivia-garden-care-flex-medium-hair-hairbrush-ice-grey\/","og_locale":"en_US","og_type":"article","og_title":"Olivia Garden - Care Flex - Medium Hair - Hairbrush - Ice Grey - Glamico","og_description":"Olivia Garden Care Flex Medium Hair Bristles toonis Ice Grey on ideaalne juuksehari vaevatuks ja stiilseks juuksehoolduseks. See hari \u00fchendab elegantse j\u00e4ise halli tooni ja painduvad keskmise tugevusega harjased, mist\u00f5ttu sobib see erinevatele juukset\u00fc\u00fcpidele ja -pikkustele. Pehmed harjased libisevad sujuvalt l\u00e4bi juuste, harutades pusad lahti ilma t\u00f5mbamata ning andes juustele kauni l\u00e4ike. Olenemata sellest, kas soovid juukseid stiliseerida, f\u00f6\u00f6nitada v\u00f5i lihtsalt hooldada, teeb Olivia Garden Care Flex Medium Hair Bristles Ice Grey selle lihtsaks ning n\u00e4eb samal ajal kaunis v\u00e4lja sinu hooldusrutiinis. Rikasta oma juuksehooldust selle stiilse harjaga!","og_url":"https:\/\/glamico.ee\/en\/pood\/olivia-garden-care-flex-medium-hair-hairbrush-ice-grey\/","og_site_name":"Glamico","og_image":[{"width":720,"height":720,"url":"https:\/\/glamico.ee\/wp-content\/uploads\/2026\/04\/olivia-garden-care-flex-medium-hair-ice-grey-03.webp","type":"image\/webp"}],"twitter_card":"summary_large_image","twitter_misc":{"Est. reading time":"1 minute"},"schema":{"@context":"https:\/\/schema.org","@graph":[{"@type":"WebPage","@id":"https:\/\/glamico.ee\/pood\/olivia-garden-care-flex-medium-hair-hairbrush-ice-grey\/","url":"https:\/\/glamico.ee\/pood\/olivia-garden-care-flex-medium-hair-hairbrush-ice-grey\/","name":"Olivia Garden - Care Flex - Medium Hair - Hairbrush - Ice Grey - Glamico","isPartOf":{"@id":"https:\/\/glamico.ee\/#website"},"primaryImageOfPage":{"@id":"https:\/\/glamico.ee\/pood\/olivia-garden-care-flex-medium-hair-hairbrush-ice-grey\/#primaryimage"},"image":{"@id":"https:\/\/glamico.ee\/pood\/olivia-garden-care-flex-medium-hair-hairbrush-ice-grey\/#primaryimage"},"thumbnailUrl":"https:\/\/glamico.ee\/wp-content\/uploads\/2026\/04\/olivia-garden-care-flex-medium-hair-ice-grey-03.webp","datePublished":"2026-04-16T11:29:50+00:00","breadcrumb":{"@id":"https:\/\/glamico.ee\/pood\/olivia-garden-care-flex-medium-hair-hairbrush-ice-grey\/#breadcrumb"},"inLanguage":"en-US","potentialAction":[{"@type":"ReadAction","target":["https:\/\/glamico.ee\/pood\/olivia-garden-care-flex-medium-hair-hairbrush-ice-grey\/"]}]},{"@type":"ImageObject","inLanguage":"en-US","@id":"https:\/\/glamico.ee\/pood\/olivia-garden-care-flex-medium-hair-hairbrush-ice-grey\/#primaryimage","url":"https:\/\/glamico.ee\/wp-content\/uploads\/2026\/04\/olivia-garden-care-flex-medium-hair-ice-grey-03.webp","contentUrl":"https:\/\/glamico.ee\/wp-content\/uploads\/2026\/04\/olivia-garden-care-flex-medium-hair-ice-grey-03.webp","width":720,"height":720},{"@type":"BreadcrumbList","@id":"https:\/\/glamico.ee\/pood\/olivia-garden-care-flex-medium-hair-hairbrush-ice-grey\/#breadcrumb","itemListElement":[{"@type":"ListItem","position":1,"name":"Home","item":"https:\/\/glamico.ee\/"},{"@type":"ListItem","position":2,"name":"Pood","item":"https:\/\/glamico.ee\/pood\/"},{"@type":"ListItem","position":3,"name":"Olivia Garden &#8211; Care Flex &#8211; Medium Hair &#8211; Hairbrush &#8211; Ice Grey"}]},{"@type":"WebSite","@id":"https:\/\/glamico.ee\/#website","url":"https:\/\/glamico.ee\/","name":"Glamico","description":"Ilutooted","publisher":{"@id":"https:\/\/glamico.ee\/#organization"},"potentialAction":[{"@type":"SearchAction","target":{"@type":"EntryPoint","urlTemplate":"https:\/\/glamico.ee\/?s={search_term_string}"},"query-input":{"@type":"PropertyValueSpecification","valueRequired":true,"valueName":"search_term_string"}}],"inLanguage":"en-US"},{"@type":"Organization","@id":"https:\/\/glamico.ee\/#organization","name":"Glamico Baltics O\u00dc","url":"https:\/\/glamico.ee\/","logo":{"@type":"ImageObject","inLanguage":"en-US","@id":"https:\/\/glamico.ee\/#\/schema\/logo\/image\/","url":"https:\/\/glamico.ee\/wp-content\/uploads\/2025\/11\/Glamico-1.png","contentUrl":"https:\/\/glamico.ee\/wp-content\/uploads\/2025\/11\/Glamico-1.png","width":627,"height":400,"caption":"Glamico Baltics O\u00dc"},"image":{"@id":"https:\/\/glamico.ee\/#\/schema\/logo\/image\/"},"sameAs":["https:\/\/www.instagram.com\/glamico.ee\/"]}]}},"brands":[{"id":87,"name":"Olivia Garden","slug":"olivia-garden"}],"_links":{"self":[{"href":"https:\/\/glamico.ee\/en\/wp-json\/wp\/v2\/product\/2696","targetHints":{"allow":["GET"]}}],"collection":[{"href":"https:\/\/glamico.ee\/en\/wp-json\/wp\/v2\/product"}],"about":[{"href":"https:\/\/glamico.ee\/en\/wp-json\/wp\/v2\/types\/product"}],"version-history":[{"count":1,"href":"https:\/\/glamico.ee\/en\/wp-json\/wp\/v2\/product\/2696\/revisions"}],"predecessor-version":[{"id":2698,"href":"https:\/\/glamico.ee\/en\/wp-json\/wp\/v2\/product\/2696\/revisions\/2698"}],"wp:featuredmedia":[{"embeddable":true,"href":"https:\/\/glamico.ee\/en\/wp-json\/wp\/v2\/media\/2699"}],"wp:attachment":[{"href":"https:\/\/glamico.ee\/en\/wp-json\/wp\/v2\/media?parent=2696"}],"wp:term":[{"taxonomy":"pwb-brand","embeddable":true,"href":"https:\/\/glamico.ee\/en\/wp-json\/wp\/v2\/pwb-brand?post=2696"},{"taxonomy":"product_brand","embeddable":true,"href":"https:\/\/glamico.ee\/en\/wp-json\/wp\/v2\/product_brand?post=2696"},{"taxonomy":"product_cat","embeddable":true,"href":"https:\/\/glamico.ee\/en\/wp-json\/wp\/v2\/product_cat?post=2696"},{"taxonomy":"product_tag","embeddable":true,"href":"https:\/\/glamico.ee\/en\/wp-json\/wp\/v2\/product_tag?post=2696"}],"curies":[{"name":"wp","href":"https:\/\/api.w.org\/{rel}","templated":true}]}}