{"id":2690,"date":"2026-04-16T13:19:02","date_gmt":"2026-04-16T11:19:02","guid":{"rendered":"https:\/\/glamico.ee\/?post_type=product&#038;p=2690"},"modified":"2026-04-16T13:19:02","modified_gmt":"2026-04-16T11:19:02","slug":"olivia-garden-care-flex-thick-hair-hairbrush-matt-black","status":"publish","type":"product","link":"https:\/\/glamico.ee\/en\/pood\/olivia-garden-care-flex-thick-hair-hairbrush-matt-black\/","title":{"rendered":"Olivia Garden &#8211; Care Flex &#8211; Thick Hair &#8211; Hairbrush &#8211; Matt Black"},"content":{"rendered":"<p>P\u00f5hiomadused:<br \/>\nPainduvad harjased<br \/>\nSobib paksudele juustele<br \/>\nHarutab pusad lahti juukseid kahjustamata<br \/>\nV\u00e4hendab juuste murdumist<\/p>\n<p>Kasutusjuhend:<br \/>\nKasuta harja kuivadel juustel, et saavutada parim pusade eemaldamise ja stiliseerimise tulemus.<br \/>\nHarjates kasuta \u00f5rna survet, et v\u00e4ltida juuste murdumist.<br \/>\nHarja juukseid juurtest otsteni, et saavutada sile ja t\u00f5hus tulemus.<br \/>\nV\u00e4ga paksude v\u00f5i pusas juuste puhul korda sama juuksesalgu harjamist.<br \/>\nHoia hari puhtana ja s\u00e4ilita seda kuivas kohas, et pikendada selle kasutusiga.<\/p>","protected":false},"excerpt":{"rendered":"<p>Olivia Garden Care Flex juuksehari Matt Black on ideaalne paksudele juustele. Mati musta viimistlusega hari ei n\u00e4e mitte ainult stiilne v\u00e4lja, vaid pakub ka maksimaalset funktsionaalsust. Painduvad harjased libisevad vaevata l\u00e4bi tihedate juuksesalkude, harutades pusad lahti ja v\u00e4hendades juuste murdumist. Paku oma paksudele juustele hoolt, mida need v\u00e4\u00e4rivad, selle kvaliteetse harjaga. Olivia Garden \u2013 sinu partner kaunite juuste jaoks.<\/p>","protected":false},"featured_media":2692,"template":"","meta":[],"pwb-brand":[87],"product_brand":[],"product_cat":[32],"product_tag":[],"class_list":{"0":"post-2690","1":"product","2":"type-product","3":"status-publish","4":"has-post-thumbnail","6":"pwb-brand-olivia-garden","7":"product_cat-juustele","9":"first","10":"instock","11":"sale","12":"taxable","13":"shipping-taxable","14":"purchasable","15":"product-type-simple"},"yoast_head":"<!-- This site is optimized with the Yoast SEO plugin v27.3 - https:\/\/yoast.com\/product\/yoast-seo-wordpress\/ -->\n<title>Olivia Garden - Care Flex - Thick Hair - Hairbrush - Matt Black - Glamico<\/title>\n<meta name=\"robots\" content=\"index, follow, max-snippet:-1, max-image-preview:large, max-video-preview:-1\" \/>\n<link rel=\"canonical\" href=\"https:\/\/glamico.ee\/en\/pood\/olivia-garden-care-flex-thick-hair-hairbrush-matt-black\/\" \/>\n<meta property=\"og:locale\" content=\"en_US\" \/>\n<meta property=\"og:type\" content=\"article\" \/>\n<meta property=\"og:title\" content=\"Olivia Garden - Care Flex - Thick Hair - Hairbrush - Matt Black - Glamico\" \/>\n<meta property=\"og:description\" content=\"Olivia Garden Care Flex juuksehari Matt Black on ideaalne paksudele juustele. Mati musta viimistlusega hari ei n\u00e4e mitte ainult stiilne v\u00e4lja, vaid pakub ka maksimaalset funktsionaalsust. Painduvad harjased libisevad vaevata l\u00e4bi tihedate juuksesalkude, harutades pusad lahti ja v\u00e4hendades juuste murdumist. Paku oma paksudele juustele hoolt, mida need v\u00e4\u00e4rivad, selle kvaliteetse harjaga. Olivia Garden \u2013 sinu partner kaunite juuste jaoks.\" \/>\n<meta property=\"og:url\" content=\"https:\/\/glamico.ee\/en\/pood\/olivia-garden-care-flex-thick-hair-hairbrush-matt-black\/\" \/>\n<meta property=\"og:site_name\" content=\"Glamico\" \/>\n<meta property=\"og:image\" content=\"https:\/\/glamico.ee\/wp-content\/uploads\/2026\/04\/olivia-garden-care-flex-thick-hair-matt-black-03.webp\" \/>\n\t<meta property=\"og:image:width\" content=\"720\" \/>\n\t<meta property=\"og:image:height\" content=\"720\" \/>\n\t<meta property=\"og:image:type\" content=\"image\/webp\" \/>\n<meta name=\"twitter:card\" content=\"summary_large_image\" \/>\n<meta name=\"twitter:label1\" content=\"Est. reading time\" \/>\n\t<meta name=\"twitter:data1\" content=\"1 minute\" \/>\n<script type=\"application\/ld+json\" class=\"yoast-schema-graph\">{\"@context\":\"https:\\\/\\\/schema.org\",\"@graph\":[{\"@type\":\"WebPage\",\"@id\":\"https:\\\/\\\/glamico.ee\\\/pood\\\/olivia-garden-care-flex-thick-hair-hairbrush-matt-black\\\/\",\"url\":\"https:\\\/\\\/glamico.ee\\\/pood\\\/olivia-garden-care-flex-thick-hair-hairbrush-matt-black\\\/\",\"name\":\"Olivia Garden - Care Flex - Thick Hair - Hairbrush - Matt Black - Glamico\",\"isPartOf\":{\"@id\":\"https:\\\/\\\/glamico.ee\\\/#website\"},\"primaryImageOfPage\":{\"@id\":\"https:\\\/\\\/glamico.ee\\\/pood\\\/olivia-garden-care-flex-thick-hair-hairbrush-matt-black\\\/#primaryimage\"},\"image\":{\"@id\":\"https:\\\/\\\/glamico.ee\\\/pood\\\/olivia-garden-care-flex-thick-hair-hairbrush-matt-black\\\/#primaryimage\"},\"thumbnailUrl\":\"https:\\\/\\\/glamico.ee\\\/wp-content\\\/uploads\\\/2026\\\/04\\\/olivia-garden-care-flex-thick-hair-matt-black-03.webp\",\"datePublished\":\"2026-04-16T11:19:02+00:00\",\"breadcrumb\":{\"@id\":\"https:\\\/\\\/glamico.ee\\\/pood\\\/olivia-garden-care-flex-thick-hair-hairbrush-matt-black\\\/#breadcrumb\"},\"inLanguage\":\"en-US\",\"potentialAction\":[{\"@type\":\"ReadAction\",\"target\":[\"https:\\\/\\\/glamico.ee\\\/pood\\\/olivia-garden-care-flex-thick-hair-hairbrush-matt-black\\\/\"]}]},{\"@type\":\"ImageObject\",\"inLanguage\":\"en-US\",\"@id\":\"https:\\\/\\\/glamico.ee\\\/pood\\\/olivia-garden-care-flex-thick-hair-hairbrush-matt-black\\\/#primaryimage\",\"url\":\"https:\\\/\\\/glamico.ee\\\/wp-content\\\/uploads\\\/2026\\\/04\\\/olivia-garden-care-flex-thick-hair-matt-black-03.webp\",\"contentUrl\":\"https:\\\/\\\/glamico.ee\\\/wp-content\\\/uploads\\\/2026\\\/04\\\/olivia-garden-care-flex-thick-hair-matt-black-03.webp\",\"width\":720,\"height\":720},{\"@type\":\"BreadcrumbList\",\"@id\":\"https:\\\/\\\/glamico.ee\\\/pood\\\/olivia-garden-care-flex-thick-hair-hairbrush-matt-black\\\/#breadcrumb\",\"itemListElement\":[{\"@type\":\"ListItem\",\"position\":1,\"name\":\"Home\",\"item\":\"https:\\\/\\\/glamico.ee\\\/\"},{\"@type\":\"ListItem\",\"position\":2,\"name\":\"Pood\",\"item\":\"https:\\\/\\\/glamico.ee\\\/pood\\\/\"},{\"@type\":\"ListItem\",\"position\":3,\"name\":\"Olivia Garden &#8211; Care Flex &#8211; Thick Hair &#8211; Hairbrush &#8211; Matt Black\"}]},{\"@type\":\"WebSite\",\"@id\":\"https:\\\/\\\/glamico.ee\\\/#website\",\"url\":\"https:\\\/\\\/glamico.ee\\\/\",\"name\":\"Glamico\",\"description\":\"Ilutooted\",\"publisher\":{\"@id\":\"https:\\\/\\\/glamico.ee\\\/#organization\"},\"potentialAction\":[{\"@type\":\"SearchAction\",\"target\":{\"@type\":\"EntryPoint\",\"urlTemplate\":\"https:\\\/\\\/glamico.ee\\\/?s={search_term_string}\"},\"query-input\":{\"@type\":\"PropertyValueSpecification\",\"valueRequired\":true,\"valueName\":\"search_term_string\"}}],\"inLanguage\":\"en-US\"},{\"@type\":\"Organization\",\"@id\":\"https:\\\/\\\/glamico.ee\\\/#organization\",\"name\":\"Glamico Baltics O\u00dc\",\"url\":\"https:\\\/\\\/glamico.ee\\\/\",\"logo\":{\"@type\":\"ImageObject\",\"inLanguage\":\"en-US\",\"@id\":\"https:\\\/\\\/glamico.ee\\\/#\\\/schema\\\/logo\\\/image\\\/\",\"url\":\"https:\\\/\\\/glamico.ee\\\/wp-content\\\/uploads\\\/2025\\\/11\\\/Glamico-1.png\",\"contentUrl\":\"https:\\\/\\\/glamico.ee\\\/wp-content\\\/uploads\\\/2025\\\/11\\\/Glamico-1.png\",\"width\":627,\"height\":400,\"caption\":\"Glamico Baltics O\u00dc\"},\"image\":{\"@id\":\"https:\\\/\\\/glamico.ee\\\/#\\\/schema\\\/logo\\\/image\\\/\"},\"sameAs\":[\"https:\\\/\\\/www.instagram.com\\\/glamico.ee\\\/\"]}]}<\/script>\n<!-- \/ Yoast SEO plugin. -->","yoast_head_json":{"title":"Olivia Garden - Care Flex - Thick Hair - Hairbrush - Matt Black - Glamico","robots":{"index":"index","follow":"follow","max-snippet":"max-snippet:-1","max-image-preview":"max-image-preview:large","max-video-preview":"max-video-preview:-1"},"canonical":"https:\/\/glamico.ee\/en\/pood\/olivia-garden-care-flex-thick-hair-hairbrush-matt-black\/","og_locale":"en_US","og_type":"article","og_title":"Olivia Garden - Care Flex - Thick Hair - Hairbrush - Matt Black - Glamico","og_description":"Olivia Garden Care Flex juuksehari Matt Black on ideaalne paksudele juustele. Mati musta viimistlusega hari ei n\u00e4e mitte ainult stiilne v\u00e4lja, vaid pakub ka maksimaalset funktsionaalsust. Painduvad harjased libisevad vaevata l\u00e4bi tihedate juuksesalkude, harutades pusad lahti ja v\u00e4hendades juuste murdumist. Paku oma paksudele juustele hoolt, mida need v\u00e4\u00e4rivad, selle kvaliteetse harjaga. Olivia Garden \u2013 sinu partner kaunite juuste jaoks.","og_url":"https:\/\/glamico.ee\/en\/pood\/olivia-garden-care-flex-thick-hair-hairbrush-matt-black\/","og_site_name":"Glamico","og_image":[{"width":720,"height":720,"url":"https:\/\/glamico.ee\/wp-content\/uploads\/2026\/04\/olivia-garden-care-flex-thick-hair-matt-black-03.webp","type":"image\/webp"}],"twitter_card":"summary_large_image","twitter_misc":{"Est. reading time":"1 minute"},"schema":{"@context":"https:\/\/schema.org","@graph":[{"@type":"WebPage","@id":"https:\/\/glamico.ee\/pood\/olivia-garden-care-flex-thick-hair-hairbrush-matt-black\/","url":"https:\/\/glamico.ee\/pood\/olivia-garden-care-flex-thick-hair-hairbrush-matt-black\/","name":"Olivia Garden - Care Flex - Thick Hair - Hairbrush - Matt Black - Glamico","isPartOf":{"@id":"https:\/\/glamico.ee\/#website"},"primaryImageOfPage":{"@id":"https:\/\/glamico.ee\/pood\/olivia-garden-care-flex-thick-hair-hairbrush-matt-black\/#primaryimage"},"image":{"@id":"https:\/\/glamico.ee\/pood\/olivia-garden-care-flex-thick-hair-hairbrush-matt-black\/#primaryimage"},"thumbnailUrl":"https:\/\/glamico.ee\/wp-content\/uploads\/2026\/04\/olivia-garden-care-flex-thick-hair-matt-black-03.webp","datePublished":"2026-04-16T11:19:02+00:00","breadcrumb":{"@id":"https:\/\/glamico.ee\/pood\/olivia-garden-care-flex-thick-hair-hairbrush-matt-black\/#breadcrumb"},"inLanguage":"en-US","potentialAction":[{"@type":"ReadAction","target":["https:\/\/glamico.ee\/pood\/olivia-garden-care-flex-thick-hair-hairbrush-matt-black\/"]}]},{"@type":"ImageObject","inLanguage":"en-US","@id":"https:\/\/glamico.ee\/pood\/olivia-garden-care-flex-thick-hair-hairbrush-matt-black\/#primaryimage","url":"https:\/\/glamico.ee\/wp-content\/uploads\/2026\/04\/olivia-garden-care-flex-thick-hair-matt-black-03.webp","contentUrl":"https:\/\/glamico.ee\/wp-content\/uploads\/2026\/04\/olivia-garden-care-flex-thick-hair-matt-black-03.webp","width":720,"height":720},{"@type":"BreadcrumbList","@id":"https:\/\/glamico.ee\/pood\/olivia-garden-care-flex-thick-hair-hairbrush-matt-black\/#breadcrumb","itemListElement":[{"@type":"ListItem","position":1,"name":"Home","item":"https:\/\/glamico.ee\/"},{"@type":"ListItem","position":2,"name":"Pood","item":"https:\/\/glamico.ee\/pood\/"},{"@type":"ListItem","position":3,"name":"Olivia Garden &#8211; Care Flex &#8211; Thick Hair &#8211; Hairbrush &#8211; Matt Black"}]},{"@type":"WebSite","@id":"https:\/\/glamico.ee\/#website","url":"https:\/\/glamico.ee\/","name":"Glamico","description":"Ilutooted","publisher":{"@id":"https:\/\/glamico.ee\/#organization"},"potentialAction":[{"@type":"SearchAction","target":{"@type":"EntryPoint","urlTemplate":"https:\/\/glamico.ee\/?s={search_term_string}"},"query-input":{"@type":"PropertyValueSpecification","valueRequired":true,"valueName":"search_term_string"}}],"inLanguage":"en-US"},{"@type":"Organization","@id":"https:\/\/glamico.ee\/#organization","name":"Glamico Baltics O\u00dc","url":"https:\/\/glamico.ee\/","logo":{"@type":"ImageObject","inLanguage":"en-US","@id":"https:\/\/glamico.ee\/#\/schema\/logo\/image\/","url":"https:\/\/glamico.ee\/wp-content\/uploads\/2025\/11\/Glamico-1.png","contentUrl":"https:\/\/glamico.ee\/wp-content\/uploads\/2025\/11\/Glamico-1.png","width":627,"height":400,"caption":"Glamico Baltics O\u00dc"},"image":{"@id":"https:\/\/glamico.ee\/#\/schema\/logo\/image\/"},"sameAs":["https:\/\/www.instagram.com\/glamico.ee\/"]}]}},"brands":[{"id":87,"name":"Olivia Garden","slug":"olivia-garden"}],"_links":{"self":[{"href":"https:\/\/glamico.ee\/en\/wp-json\/wp\/v2\/product\/2690","targetHints":{"allow":["GET"]}}],"collection":[{"href":"https:\/\/glamico.ee\/en\/wp-json\/wp\/v2\/product"}],"about":[{"href":"https:\/\/glamico.ee\/en\/wp-json\/wp\/v2\/types\/product"}],"version-history":[{"count":1,"href":"https:\/\/glamico.ee\/en\/wp-json\/wp\/v2\/product\/2690\/revisions"}],"predecessor-version":[{"id":2694,"href":"https:\/\/glamico.ee\/en\/wp-json\/wp\/v2\/product\/2690\/revisions\/2694"}],"wp:featuredmedia":[{"embeddable":true,"href":"https:\/\/glamico.ee\/en\/wp-json\/wp\/v2\/media\/2692"}],"wp:attachment":[{"href":"https:\/\/glamico.ee\/en\/wp-json\/wp\/v2\/media?parent=2690"}],"wp:term":[{"taxonomy":"pwb-brand","embeddable":true,"href":"https:\/\/glamico.ee\/en\/wp-json\/wp\/v2\/pwb-brand?post=2690"},{"taxonomy":"product_brand","embeddable":true,"href":"https:\/\/glamico.ee\/en\/wp-json\/wp\/v2\/product_brand?post=2690"},{"taxonomy":"product_cat","embeddable":true,"href":"https:\/\/glamico.ee\/en\/wp-json\/wp\/v2\/product_cat?post=2690"},{"taxonomy":"product_tag","embeddable":true,"href":"https:\/\/glamico.ee\/en\/wp-json\/wp\/v2\/product_tag?post=2690"}],"curies":[{"name":"wp","href":"https:\/\/api.w.org\/{rel}","templated":true}]}}