{"id":2685,"date":"2026-04-16T13:11:27","date_gmt":"2026-04-16T11:11:27","guid":{"rendered":"https:\/\/glamico.ee\/?post_type=product&#038;p=2685"},"modified":"2026-04-16T13:30:50","modified_gmt":"2026-04-16T11:30:50","slug":"olivia-garden-care-flex-fine-hair-hairbrush-ice-white","status":"publish","type":"product","link":"https:\/\/glamico.ee\/en\/pood\/olivia-garden-care-flex-fine-hair-hairbrush-ice-white\/","title":{"rendered":"Olivia Garden &#8211; Care Flex &#8211; Fine Hair &#8211; Hairbrush &#8211; Ice White"},"content":{"rendered":"<p>P\u00f5hiomadused:<br \/>\nSobib \u00f5hukestele juustele<br \/>\nSobib igap\u00e4evaseks stiliseerimiseks ja erinevate soengute loomiseks<br \/>\nLibiseb \u00f5rnalt l\u00e4bi juuste neid kahjustamata<br \/>\nPainduvad harjased<br \/>\nK\u00f5rge kvaliteet<br \/>\nV\u00e4hendab juuste murdumist ja kahjustumist soengu tegemisel<\/p>\n<p>Kasutusjuhend:<br \/>\nAlusta puhaste ja kuivade juustega, et saavutada parim tulemus.<br \/>\nJaga juuksed osadeks, et soengu tegemine oleks lihtsam. T\u00f6\u00f6tle juukseid alt \u00fcles, et v\u00e4ltida pusasid.<br \/>\nHoia harja ergonoomilise k\u00e4epideme j\u00e4rgi ja harja juukseid \u00f5rnalt. Alusta juukseotstest ja liigu juurteni, et saavutada sile ja kahuvaba tulemus.<br \/>\nPainduvad harjased kohanduvad pea kujuga. Kasuta seda omadust soovitud stiili loomiseks, olgu selleks lokid, lained v\u00f5i sirged juuksed.<br \/>\nPuhasta harja regulaarselt, eemaldades karvad ja tolmu. See hoiab harja heas seisukorras ja pikendab selle kasutusiga.<\/p>","protected":false},"excerpt":{"rendered":"<p>Olivia Garden Care Flex juuksehari toonis Ice White on ideaalne valik \u00f5hukestele juustele. See hari libiseb \u00f5rnalt l\u00e4bi juuste, neid t\u00f5mbamata ega kahjustamata. Painduvad harjased kohanduvad sinu pea kujuga, pakkudes vaevatut soengu tegemise kogemust. Stiilne Ice White v\u00e4rv lisab sinu ilurutiinile elegantsi. Paku oma juustele hoolt, mida need v\u00e4\u00e4rivad, ning loo imelisi soenguid selle suurep\u00e4rase Olivia Gardeni harjaga.<\/p>","protected":false},"featured_media":2687,"template":"","meta":[],"pwb-brand":[87],"product_brand":[],"product_cat":[32],"product_tag":[],"class_list":{"0":"post-2685","1":"product","2":"type-product","3":"status-publish","4":"has-post-thumbnail","6":"pwb-brand-olivia-garden","7":"product_cat-juustele","9":"first","10":"instock","11":"sale","12":"taxable","13":"shipping-taxable","14":"purchasable","15":"product-type-simple"},"yoast_head":"<!-- This site is optimized with the Yoast SEO plugin v27.3 - https:\/\/yoast.com\/product\/yoast-seo-wordpress\/ -->\n<title>Olivia Garden - Care Flex - Fine Hair - Hairbrush - Ice White - Glamico<\/title>\n<meta name=\"robots\" content=\"index, follow, max-snippet:-1, max-image-preview:large, max-video-preview:-1\" \/>\n<link rel=\"canonical\" href=\"https:\/\/glamico.ee\/en\/pood\/olivia-garden-care-flex-fine-hair-hairbrush-ice-white\/\" \/>\n<meta property=\"og:locale\" content=\"en_US\" \/>\n<meta property=\"og:type\" content=\"article\" \/>\n<meta property=\"og:title\" content=\"Olivia Garden - Care Flex - Fine Hair - Hairbrush - Ice White - Glamico\" \/>\n<meta property=\"og:description\" content=\"Olivia Garden Care Flex juuksehari toonis Ice White on ideaalne valik \u00f5hukestele juustele. See hari libiseb \u00f5rnalt l\u00e4bi juuste, neid t\u00f5mbamata ega kahjustamata. Painduvad harjased kohanduvad sinu pea kujuga, pakkudes vaevatut soengu tegemise kogemust. Stiilne Ice White v\u00e4rv lisab sinu ilurutiinile elegantsi. Paku oma juustele hoolt, mida need v\u00e4\u00e4rivad, ning loo imelisi soenguid selle suurep\u00e4rase Olivia Gardeni harjaga.\" \/>\n<meta property=\"og:url\" content=\"https:\/\/glamico.ee\/en\/pood\/olivia-garden-care-flex-fine-hair-hairbrush-ice-white\/\" \/>\n<meta property=\"og:site_name\" content=\"Glamico\" \/>\n<meta property=\"article:modified_time\" content=\"2026-04-16T11:30:50+00:00\" \/>\n<meta property=\"og:image\" content=\"https:\/\/glamico.ee\/wp-content\/uploads\/2026\/04\/olivia-garden-care-flex-fijn-haar-ice-white-02.webp\" \/>\n\t<meta property=\"og:image:width\" content=\"720\" \/>\n\t<meta property=\"og:image:height\" content=\"720\" \/>\n\t<meta property=\"og:image:type\" content=\"image\/webp\" \/>\n<meta name=\"twitter:card\" content=\"summary_large_image\" \/>\n<meta name=\"twitter:label1\" content=\"Est. reading time\" \/>\n\t<meta name=\"twitter:data1\" content=\"1 minute\" \/>\n<script type=\"application\/ld+json\" class=\"yoast-schema-graph\">{\"@context\":\"https:\\\/\\\/schema.org\",\"@graph\":[{\"@type\":\"WebPage\",\"@id\":\"https:\\\/\\\/glamico.ee\\\/pood\\\/olivia-garden-care-flex-fine-hair-hairbrush-ice-white\\\/\",\"url\":\"https:\\\/\\\/glamico.ee\\\/pood\\\/olivia-garden-care-flex-fine-hair-hairbrush-ice-white\\\/\",\"name\":\"Olivia Garden - Care Flex - Fine Hair - Hairbrush - Ice White - Glamico\",\"isPartOf\":{\"@id\":\"https:\\\/\\\/glamico.ee\\\/#website\"},\"primaryImageOfPage\":{\"@id\":\"https:\\\/\\\/glamico.ee\\\/pood\\\/olivia-garden-care-flex-fine-hair-hairbrush-ice-white\\\/#primaryimage\"},\"image\":{\"@id\":\"https:\\\/\\\/glamico.ee\\\/pood\\\/olivia-garden-care-flex-fine-hair-hairbrush-ice-white\\\/#primaryimage\"},\"thumbnailUrl\":\"https:\\\/\\\/glamico.ee\\\/wp-content\\\/uploads\\\/2026\\\/04\\\/olivia-garden-care-flex-fijn-haar-ice-white-02.webp\",\"datePublished\":\"2026-04-16T11:11:27+00:00\",\"dateModified\":\"2026-04-16T11:30:50+00:00\",\"breadcrumb\":{\"@id\":\"https:\\\/\\\/glamico.ee\\\/pood\\\/olivia-garden-care-flex-fine-hair-hairbrush-ice-white\\\/#breadcrumb\"},\"inLanguage\":\"en-US\",\"potentialAction\":[{\"@type\":\"ReadAction\",\"target\":[\"https:\\\/\\\/glamico.ee\\\/pood\\\/olivia-garden-care-flex-fine-hair-hairbrush-ice-white\\\/\"]}]},{\"@type\":\"ImageObject\",\"inLanguage\":\"en-US\",\"@id\":\"https:\\\/\\\/glamico.ee\\\/pood\\\/olivia-garden-care-flex-fine-hair-hairbrush-ice-white\\\/#primaryimage\",\"url\":\"https:\\\/\\\/glamico.ee\\\/wp-content\\\/uploads\\\/2026\\\/04\\\/olivia-garden-care-flex-fijn-haar-ice-white-02.webp\",\"contentUrl\":\"https:\\\/\\\/glamico.ee\\\/wp-content\\\/uploads\\\/2026\\\/04\\\/olivia-garden-care-flex-fijn-haar-ice-white-02.webp\",\"width\":720,\"height\":720},{\"@type\":\"BreadcrumbList\",\"@id\":\"https:\\\/\\\/glamico.ee\\\/pood\\\/olivia-garden-care-flex-fine-hair-hairbrush-ice-white\\\/#breadcrumb\",\"itemListElement\":[{\"@type\":\"ListItem\",\"position\":1,\"name\":\"Home\",\"item\":\"https:\\\/\\\/glamico.ee\\\/\"},{\"@type\":\"ListItem\",\"position\":2,\"name\":\"Pood\",\"item\":\"https:\\\/\\\/glamico.ee\\\/pood\\\/\"},{\"@type\":\"ListItem\",\"position\":3,\"name\":\"Olivia Garden &#8211; Care Flex &#8211; Fine Hair &#8211; Hairbrush &#8211; Ice White\"}]},{\"@type\":\"WebSite\",\"@id\":\"https:\\\/\\\/glamico.ee\\\/#website\",\"url\":\"https:\\\/\\\/glamico.ee\\\/\",\"name\":\"Glamico\",\"description\":\"Ilutooted\",\"publisher\":{\"@id\":\"https:\\\/\\\/glamico.ee\\\/#organization\"},\"potentialAction\":[{\"@type\":\"SearchAction\",\"target\":{\"@type\":\"EntryPoint\",\"urlTemplate\":\"https:\\\/\\\/glamico.ee\\\/?s={search_term_string}\"},\"query-input\":{\"@type\":\"PropertyValueSpecification\",\"valueRequired\":true,\"valueName\":\"search_term_string\"}}],\"inLanguage\":\"en-US\"},{\"@type\":\"Organization\",\"@id\":\"https:\\\/\\\/glamico.ee\\\/#organization\",\"name\":\"Glamico Baltics O\u00dc\",\"url\":\"https:\\\/\\\/glamico.ee\\\/\",\"logo\":{\"@type\":\"ImageObject\",\"inLanguage\":\"en-US\",\"@id\":\"https:\\\/\\\/glamico.ee\\\/#\\\/schema\\\/logo\\\/image\\\/\",\"url\":\"https:\\\/\\\/glamico.ee\\\/wp-content\\\/uploads\\\/2025\\\/11\\\/Glamico-1.png\",\"contentUrl\":\"https:\\\/\\\/glamico.ee\\\/wp-content\\\/uploads\\\/2025\\\/11\\\/Glamico-1.png\",\"width\":627,\"height\":400,\"caption\":\"Glamico Baltics O\u00dc\"},\"image\":{\"@id\":\"https:\\\/\\\/glamico.ee\\\/#\\\/schema\\\/logo\\\/image\\\/\"},\"sameAs\":[\"https:\\\/\\\/www.instagram.com\\\/glamico.ee\\\/\"]}]}<\/script>\n<!-- \/ Yoast SEO plugin. -->","yoast_head_json":{"title":"Olivia Garden - Care Flex - Fine Hair - Hairbrush - Ice White - Glamico","robots":{"index":"index","follow":"follow","max-snippet":"max-snippet:-1","max-image-preview":"max-image-preview:large","max-video-preview":"max-video-preview:-1"},"canonical":"https:\/\/glamico.ee\/en\/pood\/olivia-garden-care-flex-fine-hair-hairbrush-ice-white\/","og_locale":"en_US","og_type":"article","og_title":"Olivia Garden - Care Flex - Fine Hair - Hairbrush - Ice White - Glamico","og_description":"Olivia Garden Care Flex juuksehari toonis Ice White on ideaalne valik \u00f5hukestele juustele. See hari libiseb \u00f5rnalt l\u00e4bi juuste, neid t\u00f5mbamata ega kahjustamata. Painduvad harjased kohanduvad sinu pea kujuga, pakkudes vaevatut soengu tegemise kogemust. Stiilne Ice White v\u00e4rv lisab sinu ilurutiinile elegantsi. Paku oma juustele hoolt, mida need v\u00e4\u00e4rivad, ning loo imelisi soenguid selle suurep\u00e4rase Olivia Gardeni harjaga.","og_url":"https:\/\/glamico.ee\/en\/pood\/olivia-garden-care-flex-fine-hair-hairbrush-ice-white\/","og_site_name":"Glamico","article_modified_time":"2026-04-16T11:30:50+00:00","og_image":[{"width":720,"height":720,"url":"https:\/\/glamico.ee\/wp-content\/uploads\/2026\/04\/olivia-garden-care-flex-fijn-haar-ice-white-02.webp","type":"image\/webp"}],"twitter_card":"summary_large_image","twitter_misc":{"Est. reading time":"1 minute"},"schema":{"@context":"https:\/\/schema.org","@graph":[{"@type":"WebPage","@id":"https:\/\/glamico.ee\/pood\/olivia-garden-care-flex-fine-hair-hairbrush-ice-white\/","url":"https:\/\/glamico.ee\/pood\/olivia-garden-care-flex-fine-hair-hairbrush-ice-white\/","name":"Olivia Garden - Care Flex - Fine Hair - Hairbrush - Ice White - Glamico","isPartOf":{"@id":"https:\/\/glamico.ee\/#website"},"primaryImageOfPage":{"@id":"https:\/\/glamico.ee\/pood\/olivia-garden-care-flex-fine-hair-hairbrush-ice-white\/#primaryimage"},"image":{"@id":"https:\/\/glamico.ee\/pood\/olivia-garden-care-flex-fine-hair-hairbrush-ice-white\/#primaryimage"},"thumbnailUrl":"https:\/\/glamico.ee\/wp-content\/uploads\/2026\/04\/olivia-garden-care-flex-fijn-haar-ice-white-02.webp","datePublished":"2026-04-16T11:11:27+00:00","dateModified":"2026-04-16T11:30:50+00:00","breadcrumb":{"@id":"https:\/\/glamico.ee\/pood\/olivia-garden-care-flex-fine-hair-hairbrush-ice-white\/#breadcrumb"},"inLanguage":"en-US","potentialAction":[{"@type":"ReadAction","target":["https:\/\/glamico.ee\/pood\/olivia-garden-care-flex-fine-hair-hairbrush-ice-white\/"]}]},{"@type":"ImageObject","inLanguage":"en-US","@id":"https:\/\/glamico.ee\/pood\/olivia-garden-care-flex-fine-hair-hairbrush-ice-white\/#primaryimage","url":"https:\/\/glamico.ee\/wp-content\/uploads\/2026\/04\/olivia-garden-care-flex-fijn-haar-ice-white-02.webp","contentUrl":"https:\/\/glamico.ee\/wp-content\/uploads\/2026\/04\/olivia-garden-care-flex-fijn-haar-ice-white-02.webp","width":720,"height":720},{"@type":"BreadcrumbList","@id":"https:\/\/glamico.ee\/pood\/olivia-garden-care-flex-fine-hair-hairbrush-ice-white\/#breadcrumb","itemListElement":[{"@type":"ListItem","position":1,"name":"Home","item":"https:\/\/glamico.ee\/"},{"@type":"ListItem","position":2,"name":"Pood","item":"https:\/\/glamico.ee\/pood\/"},{"@type":"ListItem","position":3,"name":"Olivia Garden &#8211; Care Flex &#8211; Fine Hair &#8211; Hairbrush &#8211; Ice White"}]},{"@type":"WebSite","@id":"https:\/\/glamico.ee\/#website","url":"https:\/\/glamico.ee\/","name":"Glamico","description":"Ilutooted","publisher":{"@id":"https:\/\/glamico.ee\/#organization"},"potentialAction":[{"@type":"SearchAction","target":{"@type":"EntryPoint","urlTemplate":"https:\/\/glamico.ee\/?s={search_term_string}"},"query-input":{"@type":"PropertyValueSpecification","valueRequired":true,"valueName":"search_term_string"}}],"inLanguage":"en-US"},{"@type":"Organization","@id":"https:\/\/glamico.ee\/#organization","name":"Glamico Baltics O\u00dc","url":"https:\/\/glamico.ee\/","logo":{"@type":"ImageObject","inLanguage":"en-US","@id":"https:\/\/glamico.ee\/#\/schema\/logo\/image\/","url":"https:\/\/glamico.ee\/wp-content\/uploads\/2025\/11\/Glamico-1.png","contentUrl":"https:\/\/glamico.ee\/wp-content\/uploads\/2025\/11\/Glamico-1.png","width":627,"height":400,"caption":"Glamico Baltics O\u00dc"},"image":{"@id":"https:\/\/glamico.ee\/#\/schema\/logo\/image\/"},"sameAs":["https:\/\/www.instagram.com\/glamico.ee\/"]}]}},"brands":[{"id":87,"name":"Olivia Garden","slug":"olivia-garden"}],"_links":{"self":[{"href":"https:\/\/glamico.ee\/en\/wp-json\/wp\/v2\/product\/2685","targetHints":{"allow":["GET"]}}],"collection":[{"href":"https:\/\/glamico.ee\/en\/wp-json\/wp\/v2\/product"}],"about":[{"href":"https:\/\/glamico.ee\/en\/wp-json\/wp\/v2\/types\/product"}],"version-history":[{"count":1,"href":"https:\/\/glamico.ee\/en\/wp-json\/wp\/v2\/product\/2685\/revisions"}],"predecessor-version":[{"id":2689,"href":"https:\/\/glamico.ee\/en\/wp-json\/wp\/v2\/product\/2685\/revisions\/2689"}],"wp:featuredmedia":[{"embeddable":true,"href":"https:\/\/glamico.ee\/en\/wp-json\/wp\/v2\/media\/2687"}],"wp:attachment":[{"href":"https:\/\/glamico.ee\/en\/wp-json\/wp\/v2\/media?parent=2685"}],"wp:term":[{"taxonomy":"pwb-brand","embeddable":true,"href":"https:\/\/glamico.ee\/en\/wp-json\/wp\/v2\/pwb-brand?post=2685"},{"taxonomy":"product_brand","embeddable":true,"href":"https:\/\/glamico.ee\/en\/wp-json\/wp\/v2\/product_brand?post=2685"},{"taxonomy":"product_cat","embeddable":true,"href":"https:\/\/glamico.ee\/en\/wp-json\/wp\/v2\/product_cat?post=2685"},{"taxonomy":"product_tag","embeddable":true,"href":"https:\/\/glamico.ee\/en\/wp-json\/wp\/v2\/product_tag?post=2685"}],"curies":[{"name":"wp","href":"https:\/\/api.w.org\/{rel}","templated":true}]}}