{"id":2679,"date":"2026-04-16T12:29:09","date_gmt":"2026-04-16T10:29:09","guid":{"rendered":"https:\/\/glamico.ee\/?post_type=product&#038;p=2679"},"modified":"2026-04-16T12:29:35","modified_gmt":"2026-04-16T10:29:35","slug":"olivia-garden-fingerbrush-combo-large-pastel-pink","status":"publish","type":"product","link":"https:\/\/glamico.ee\/en\/pood\/olivia-garden-fingerbrush-combo-large-pastel-pink\/","title":{"rendered":"Olivia Garden \u2013 FingerBrush Combo LARGE \u2013 Pastel Pink"},"content":{"rendered":"<p>Olivia Garden FingerBrush Combo on pusade eemaldamiseks m\u00f5eldud juuksehari, milles on kombineeritud nailonist harjased ja metssea harjased. Metssea harjased siluvad juukseid soengut tehes ning lisavad neile s\u00e4ra ja vol\u00fc\u00fcmi. Nailonharjaste t\u00e4iuslikult \u00fcmarad otsad pakuvad mugavat, ergutavat tunnet ning on \u00f5rnad nii juustele kui ka peanahale. 100% metssea harjaste (mis vabastavad keratiini) ja antistaatiliste ioniseeritud nailonharjaste kombinatsioon annab juustele kauni l\u00e4ike ja kohevuse.<\/p>\n<p>Sellel s\u00f5rmekujulisel harjal on palju avasid, mis v\u00f5imaldavad f\u00f6\u00f6ni kuumal \u00f5hul j\u00f5uda k\u00f5ikjale, et saaksid juukseid lihtsalt ja kiiresti kuivatada. Olivia Garden FingerBrush Combo harjal on ainulaadne k\u00e4ekujuline disain. Kumer kuju j\u00e4rgib peanaha vormi, pakkudes suuremat mugavust ja paremat kontrolli. T\u00e4nu kergele materjalile ja ergonoomilisele k\u00e4epidemele istub hari ideaalselt k\u00e4tte.<\/p>\n<p>P\u00f5hiomadused:<br \/>\nAnnab juustele s\u00e4ra<br \/>\nNailonharjaste ja metssea harjaste kombinatsioon<br \/>\nPaindlik ja kerge hari<br \/>\nAntistaatiline toime<br \/>\nOptimeeritud \u00f5huvool<br \/>\nHarutab pusad lahti ja hooldab juukseid<\/p>\n<p>Kasutusjuhend:<br \/>\nJaga juuksed osadeks ja harja need ettevaatlikult l\u00e4bi.<br \/>\nSobib kasutamiseks nii m\u00e4rgadel kui kuivadel juustel.<\/p>","protected":false},"excerpt":{"rendered":"<p>Olivia Garden FingerBrush Combo on pusade eemaldamiseks m\u00f5eldud juuksehari, milles on kombineeritud nailonist harjased ja metssea harjased. Metssea harjased siluvad juukseid soengut tehes ning lisavad neile s\u00e4ra ja vol\u00fc\u00fcmi. Nailonharjaste t\u00e4iuslikult \u00fcmarad otsad pakuvad mugavat, ergutavat tunnet ning on \u00f5rnad nii juustele kui ka peanahale. 100% metssea harjaste (mis vabastavad keratiini) ja antistaatiliste ioniseeritud nailonharjaste kombinatsioon annab juustele kauni l\u00e4ike [&hellip;]<\/p>\n","protected":false},"featured_media":2684,"template":"","meta":[],"pwb-brand":[87],"product_brand":[],"product_cat":[32],"product_tag":[],"class_list":{"0":"post-2679","1":"product","2":"type-product","3":"status-publish","4":"has-post-thumbnail","6":"pwb-brand-olivia-garden","7":"product_cat-juustele","9":"first","10":"instock","11":"sale","12":"taxable","13":"shipping-taxable","14":"purchasable","15":"product-type-simple"},"yoast_head":"<!-- This site is optimized with the Yoast SEO plugin v27.3 - https:\/\/yoast.com\/product\/yoast-seo-wordpress\/ -->\n<title>Olivia Garden \u2013 FingerBrush Combo LARGE \u2013 Pastel Pink - Glamico<\/title>\n<meta name=\"robots\" content=\"index, follow, max-snippet:-1, max-image-preview:large, max-video-preview:-1\" \/>\n<link rel=\"canonical\" href=\"https:\/\/glamico.ee\/en\/pood\/olivia-garden-fingerbrush-combo-large-pastel-pink\/\" \/>\n<meta property=\"og:locale\" content=\"en_US\" \/>\n<meta property=\"og:type\" content=\"article\" \/>\n<meta property=\"og:title\" content=\"Olivia Garden \u2013 FingerBrush Combo LARGE \u2013 Pastel Pink - Glamico\" \/>\n<meta property=\"og:description\" content=\"Olivia Garden FingerBrush Combo on pusade eemaldamiseks m\u00f5eldud juuksehari, milles on kombineeritud nailonist harjased ja metssea harjased. Metssea harjased siluvad juukseid soengut tehes ning lisavad neile s\u00e4ra ja vol\u00fc\u00fcmi. Nailonharjaste t\u00e4iuslikult \u00fcmarad otsad pakuvad mugavat, ergutavat tunnet ning on \u00f5rnad nii juustele kui ka peanahale. 100% metssea harjaste (mis vabastavad keratiini) ja antistaatiliste ioniseeritud nailonharjaste kombinatsioon annab juustele kauni l\u00e4ike [&hellip;]\" \/>\n<meta property=\"og:url\" content=\"https:\/\/glamico.ee\/en\/pood\/olivia-garden-fingerbrush-combo-large-pastel-pink\/\" \/>\n<meta property=\"og:site_name\" content=\"Glamico\" \/>\n<meta property=\"article:modified_time\" content=\"2026-04-16T10:29:35+00:00\" \/>\n<meta property=\"og:image\" content=\"https:\/\/glamico.ee\/wp-content\/uploads\/2026\/04\/OLIVIA-GARDEN-SZCZOTKA-Finger-Brush-Large-PASTEL-PINK-1.jpg\" \/>\n\t<meta property=\"og:image:width\" content=\"1000\" \/>\n\t<meta property=\"og:image:height\" content=\"1000\" \/>\n\t<meta property=\"og:image:type\" content=\"image\/jpeg\" \/>\n<meta name=\"twitter:card\" content=\"summary_large_image\" \/>\n<meta name=\"twitter:label1\" content=\"Est. reading time\" \/>\n\t<meta name=\"twitter:data1\" content=\"1 minute\" \/>\n<script type=\"application\/ld+json\" class=\"yoast-schema-graph\">{\"@context\":\"https:\\\/\\\/schema.org\",\"@graph\":[{\"@type\":\"WebPage\",\"@id\":\"https:\\\/\\\/glamico.ee\\\/pood\\\/olivia-garden-fingerbrush-combo-large-pastel-pink\\\/\",\"url\":\"https:\\\/\\\/glamico.ee\\\/pood\\\/olivia-garden-fingerbrush-combo-large-pastel-pink\\\/\",\"name\":\"Olivia Garden \u2013 FingerBrush Combo LARGE \u2013 Pastel Pink - Glamico\",\"isPartOf\":{\"@id\":\"https:\\\/\\\/glamico.ee\\\/#website\"},\"primaryImageOfPage\":{\"@id\":\"https:\\\/\\\/glamico.ee\\\/pood\\\/olivia-garden-fingerbrush-combo-large-pastel-pink\\\/#primaryimage\"},\"image\":{\"@id\":\"https:\\\/\\\/glamico.ee\\\/pood\\\/olivia-garden-fingerbrush-combo-large-pastel-pink\\\/#primaryimage\"},\"thumbnailUrl\":\"https:\\\/\\\/glamico.ee\\\/wp-content\\\/uploads\\\/2026\\\/04\\\/OLIVIA-GARDEN-SZCZOTKA-Finger-Brush-Large-PASTEL-PINK-1.jpg\",\"datePublished\":\"2026-04-16T10:29:09+00:00\",\"dateModified\":\"2026-04-16T10:29:35+00:00\",\"breadcrumb\":{\"@id\":\"https:\\\/\\\/glamico.ee\\\/pood\\\/olivia-garden-fingerbrush-combo-large-pastel-pink\\\/#breadcrumb\"},\"inLanguage\":\"en-US\",\"potentialAction\":[{\"@type\":\"ReadAction\",\"target\":[\"https:\\\/\\\/glamico.ee\\\/pood\\\/olivia-garden-fingerbrush-combo-large-pastel-pink\\\/\"]}]},{\"@type\":\"ImageObject\",\"inLanguage\":\"en-US\",\"@id\":\"https:\\\/\\\/glamico.ee\\\/pood\\\/olivia-garden-fingerbrush-combo-large-pastel-pink\\\/#primaryimage\",\"url\":\"https:\\\/\\\/glamico.ee\\\/wp-content\\\/uploads\\\/2026\\\/04\\\/OLIVIA-GARDEN-SZCZOTKA-Finger-Brush-Large-PASTEL-PINK-1.jpg\",\"contentUrl\":\"https:\\\/\\\/glamico.ee\\\/wp-content\\\/uploads\\\/2026\\\/04\\\/OLIVIA-GARDEN-SZCZOTKA-Finger-Brush-Large-PASTEL-PINK-1.jpg\",\"width\":1000,\"height\":1000,\"caption\":\"74f030ec716b02bd089839a65812961a8977eae222e9c33089c06b14b5b384f62debc60f5580f99f35cfe672e9e92bf68eba0fc8a2aeb5ef141c8a9920ebb3484edbbaf846b6b2950e984598798eebdf\"},{\"@type\":\"BreadcrumbList\",\"@id\":\"https:\\\/\\\/glamico.ee\\\/pood\\\/olivia-garden-fingerbrush-combo-large-pastel-pink\\\/#breadcrumb\",\"itemListElement\":[{\"@type\":\"ListItem\",\"position\":1,\"name\":\"Home\",\"item\":\"https:\\\/\\\/glamico.ee\\\/\"},{\"@type\":\"ListItem\",\"position\":2,\"name\":\"Pood\",\"item\":\"https:\\\/\\\/glamico.ee\\\/pood\\\/\"},{\"@type\":\"ListItem\",\"position\":3,\"name\":\"Olivia Garden \u2013 FingerBrush Combo LARGE \u2013 Pastel Pink\"}]},{\"@type\":\"WebSite\",\"@id\":\"https:\\\/\\\/glamico.ee\\\/#website\",\"url\":\"https:\\\/\\\/glamico.ee\\\/\",\"name\":\"Glamico\",\"description\":\"Ilutooted\",\"publisher\":{\"@id\":\"https:\\\/\\\/glamico.ee\\\/#organization\"},\"potentialAction\":[{\"@type\":\"SearchAction\",\"target\":{\"@type\":\"EntryPoint\",\"urlTemplate\":\"https:\\\/\\\/glamico.ee\\\/?s={search_term_string}\"},\"query-input\":{\"@type\":\"PropertyValueSpecification\",\"valueRequired\":true,\"valueName\":\"search_term_string\"}}],\"inLanguage\":\"en-US\"},{\"@type\":\"Organization\",\"@id\":\"https:\\\/\\\/glamico.ee\\\/#organization\",\"name\":\"Glamico Baltics O\u00dc\",\"url\":\"https:\\\/\\\/glamico.ee\\\/\",\"logo\":{\"@type\":\"ImageObject\",\"inLanguage\":\"en-US\",\"@id\":\"https:\\\/\\\/glamico.ee\\\/#\\\/schema\\\/logo\\\/image\\\/\",\"url\":\"https:\\\/\\\/glamico.ee\\\/wp-content\\\/uploads\\\/2025\\\/11\\\/Glamico-1.png\",\"contentUrl\":\"https:\\\/\\\/glamico.ee\\\/wp-content\\\/uploads\\\/2025\\\/11\\\/Glamico-1.png\",\"width\":627,\"height\":400,\"caption\":\"Glamico Baltics O\u00dc\"},\"image\":{\"@id\":\"https:\\\/\\\/glamico.ee\\\/#\\\/schema\\\/logo\\\/image\\\/\"},\"sameAs\":[\"https:\\\/\\\/www.instagram.com\\\/glamico.ee\\\/\"]}]}<\/script>\n<!-- \/ Yoast SEO plugin. -->","yoast_head_json":{"title":"Olivia Garden \u2013 FingerBrush Combo LARGE \u2013 Pastel Pink - Glamico","robots":{"index":"index","follow":"follow","max-snippet":"max-snippet:-1","max-image-preview":"max-image-preview:large","max-video-preview":"max-video-preview:-1"},"canonical":"https:\/\/glamico.ee\/en\/pood\/olivia-garden-fingerbrush-combo-large-pastel-pink\/","og_locale":"en_US","og_type":"article","og_title":"Olivia Garden \u2013 FingerBrush Combo LARGE \u2013 Pastel Pink - Glamico","og_description":"Olivia Garden FingerBrush Combo on pusade eemaldamiseks m\u00f5eldud juuksehari, milles on kombineeritud nailonist harjased ja metssea harjased. Metssea harjased siluvad juukseid soengut tehes ning lisavad neile s\u00e4ra ja vol\u00fc\u00fcmi. Nailonharjaste t\u00e4iuslikult \u00fcmarad otsad pakuvad mugavat, ergutavat tunnet ning on \u00f5rnad nii juustele kui ka peanahale. 100% metssea harjaste (mis vabastavad keratiini) ja antistaatiliste ioniseeritud nailonharjaste kombinatsioon annab juustele kauni l\u00e4ike [&hellip;]","og_url":"https:\/\/glamico.ee\/en\/pood\/olivia-garden-fingerbrush-combo-large-pastel-pink\/","og_site_name":"Glamico","article_modified_time":"2026-04-16T10:29:35+00:00","og_image":[{"width":1000,"height":1000,"url":"https:\/\/glamico.ee\/wp-content\/uploads\/2026\/04\/OLIVIA-GARDEN-SZCZOTKA-Finger-Brush-Large-PASTEL-PINK-1.jpg","type":"image\/jpeg"}],"twitter_card":"summary_large_image","twitter_misc":{"Est. reading time":"1 minute"},"schema":{"@context":"https:\/\/schema.org","@graph":[{"@type":"WebPage","@id":"https:\/\/glamico.ee\/pood\/olivia-garden-fingerbrush-combo-large-pastel-pink\/","url":"https:\/\/glamico.ee\/pood\/olivia-garden-fingerbrush-combo-large-pastel-pink\/","name":"Olivia Garden \u2013 FingerBrush Combo LARGE \u2013 Pastel Pink - Glamico","isPartOf":{"@id":"https:\/\/glamico.ee\/#website"},"primaryImageOfPage":{"@id":"https:\/\/glamico.ee\/pood\/olivia-garden-fingerbrush-combo-large-pastel-pink\/#primaryimage"},"image":{"@id":"https:\/\/glamico.ee\/pood\/olivia-garden-fingerbrush-combo-large-pastel-pink\/#primaryimage"},"thumbnailUrl":"https:\/\/glamico.ee\/wp-content\/uploads\/2026\/04\/OLIVIA-GARDEN-SZCZOTKA-Finger-Brush-Large-PASTEL-PINK-1.jpg","datePublished":"2026-04-16T10:29:09+00:00","dateModified":"2026-04-16T10:29:35+00:00","breadcrumb":{"@id":"https:\/\/glamico.ee\/pood\/olivia-garden-fingerbrush-combo-large-pastel-pink\/#breadcrumb"},"inLanguage":"en-US","potentialAction":[{"@type":"ReadAction","target":["https:\/\/glamico.ee\/pood\/olivia-garden-fingerbrush-combo-large-pastel-pink\/"]}]},{"@type":"ImageObject","inLanguage":"en-US","@id":"https:\/\/glamico.ee\/pood\/olivia-garden-fingerbrush-combo-large-pastel-pink\/#primaryimage","url":"https:\/\/glamico.ee\/wp-content\/uploads\/2026\/04\/OLIVIA-GARDEN-SZCZOTKA-Finger-Brush-Large-PASTEL-PINK-1.jpg","contentUrl":"https:\/\/glamico.ee\/wp-content\/uploads\/2026\/04\/OLIVIA-GARDEN-SZCZOTKA-Finger-Brush-Large-PASTEL-PINK-1.jpg","width":1000,"height":1000,"caption":"74f030ec716b02bd089839a65812961a8977eae222e9c33089c06b14b5b384f62debc60f5580f99f35cfe672e9e92bf68eba0fc8a2aeb5ef141c8a9920ebb3484edbbaf846b6b2950e984598798eebdf"},{"@type":"BreadcrumbList","@id":"https:\/\/glamico.ee\/pood\/olivia-garden-fingerbrush-combo-large-pastel-pink\/#breadcrumb","itemListElement":[{"@type":"ListItem","position":1,"name":"Home","item":"https:\/\/glamico.ee\/"},{"@type":"ListItem","position":2,"name":"Pood","item":"https:\/\/glamico.ee\/pood\/"},{"@type":"ListItem","position":3,"name":"Olivia Garden \u2013 FingerBrush Combo LARGE \u2013 Pastel Pink"}]},{"@type":"WebSite","@id":"https:\/\/glamico.ee\/#website","url":"https:\/\/glamico.ee\/","name":"Glamico","description":"Ilutooted","publisher":{"@id":"https:\/\/glamico.ee\/#organization"},"potentialAction":[{"@type":"SearchAction","target":{"@type":"EntryPoint","urlTemplate":"https:\/\/glamico.ee\/?s={search_term_string}"},"query-input":{"@type":"PropertyValueSpecification","valueRequired":true,"valueName":"search_term_string"}}],"inLanguage":"en-US"},{"@type":"Organization","@id":"https:\/\/glamico.ee\/#organization","name":"Glamico Baltics O\u00dc","url":"https:\/\/glamico.ee\/","logo":{"@type":"ImageObject","inLanguage":"en-US","@id":"https:\/\/glamico.ee\/#\/schema\/logo\/image\/","url":"https:\/\/glamico.ee\/wp-content\/uploads\/2025\/11\/Glamico-1.png","contentUrl":"https:\/\/glamico.ee\/wp-content\/uploads\/2025\/11\/Glamico-1.png","width":627,"height":400,"caption":"Glamico Baltics O\u00dc"},"image":{"@id":"https:\/\/glamico.ee\/#\/schema\/logo\/image\/"},"sameAs":["https:\/\/www.instagram.com\/glamico.ee\/"]}]}},"brands":[{"id":87,"name":"Olivia Garden","slug":"olivia-garden"}],"_links":{"self":[{"href":"https:\/\/glamico.ee\/en\/wp-json\/wp\/v2\/product\/2679","targetHints":{"allow":["GET"]}}],"collection":[{"href":"https:\/\/glamico.ee\/en\/wp-json\/wp\/v2\/product"}],"about":[{"href":"https:\/\/glamico.ee\/en\/wp-json\/wp\/v2\/types\/product"}],"version-history":[{"count":1,"href":"https:\/\/glamico.ee\/en\/wp-json\/wp\/v2\/product\/2679\/revisions"}],"predecessor-version":[{"id":2683,"href":"https:\/\/glamico.ee\/en\/wp-json\/wp\/v2\/product\/2679\/revisions\/2683"}],"wp:featuredmedia":[{"embeddable":true,"href":"https:\/\/glamico.ee\/en\/wp-json\/wp\/v2\/media\/2684"}],"wp:attachment":[{"href":"https:\/\/glamico.ee\/en\/wp-json\/wp\/v2\/media?parent=2679"}],"wp:term":[{"taxonomy":"pwb-brand","embeddable":true,"href":"https:\/\/glamico.ee\/en\/wp-json\/wp\/v2\/pwb-brand?post=2679"},{"taxonomy":"product_brand","embeddable":true,"href":"https:\/\/glamico.ee\/en\/wp-json\/wp\/v2\/product_brand?post=2679"},{"taxonomy":"product_cat","embeddable":true,"href":"https:\/\/glamico.ee\/en\/wp-json\/wp\/v2\/product_cat?post=2679"},{"taxonomy":"product_tag","embeddable":true,"href":"https:\/\/glamico.ee\/en\/wp-json\/wp\/v2\/product_tag?post=2679"}],"curies":[{"name":"wp","href":"https:\/\/api.w.org\/{rel}","templated":true}]}}