{"id":2589,"date":"2026-04-10T11:50:54","date_gmt":"2026-04-10T09:50:54","guid":{"rendered":"https:\/\/glamico.ee\/?post_type=product&#038;p=2589"},"modified":"2026-04-10T12:03:24","modified_gmt":"2026-04-10T10:03:24","slug":"swederm-miracle-serum-10in1-100ml","status":"publish","type":"product","link":"https:\/\/glamico.ee\/en\/pood\/swederm-miracle-serum-10in1-100ml\/","title":{"rendered":"Swederm Miracle Serum 10in1 100ml"},"content":{"rendered":"<p>MIRACLE SERUM 10 IN 1 on mitmeotstarbeline hooldusvahend, mis pakub juustele 10 kasulikku h\u00fcve. Selles on \u00fchendatud intensiivselt toitva maski omadused ja mugavalt kasutatav loputusvaba pihustatav seerum.<\/p>\n<p>Seerum sisaldab kolme v\u00e4\u00e4rtuslikku \u00f5li \u2013 argaania-, lina- ja makadaamia\u00f5li. Nende \u00fchendatud toime on juustele v\u00e4ga kasulik: see niisutab, v\u00e4hendab kuivust, rabedust ja kahu, lisab loomulikku l\u00e4iget ning h\u00f5lbustab kammimist. Vaatamata \u00f5lisisaldusele ei muuda MIRACLE SERUM 10 IN 1 juukseid raskeks ega rasvaseks.<\/p>\n<p>Koostises on ka keratiini-, siidi- ja nisuproteiinide kompleks. Need proteiinid suudavad parandada juuksestruktuuri sidemeid, mis on saanud kahjustada kuumt\u00f6\u00f6tluse v\u00f5i keemiliste protseduuride (sh v\u00e4rvimise) k\u00e4igus. Keratiin on juuste peamine valguline koostisosa, mis tungib kergesti struktuuri, t\u00f5stes niisutatuse ja toitainete taset ning lisades l\u00e4iget. See on eriti v\u00e4\u00e4rtuslik koostisosa k\u00f5rge poorsusega juustele.<\/p>\n<p>H\u00fcdrol\u00fc\u00fcsitud siidi- ja nisuproteiinid suurendavad juuksepinna v\u00f5imet s\u00e4ilitada niiskust, muutes juuksed kergemini viimistletavaks, elastsemaks, pehmemaks ja siidiselt l\u00e4ikivaks. Juukseid on kergem kammida ja need elektriseeruvad v\u00e4hem. Seda efekti tugevdab koostises sisalduv punavetikaekstrakt.<\/p>\n<p>MIRACLE SERUM 10 IN 1 v\u00e4hendab kahu ja staatilist elektrit ning pakub kuumakaitset kuni 220 \u00b0C. Lisaks kaitsevad koostises olevad UV-filtrid juukseid ja nende v\u00e4rvi p\u00e4ikesekiirguse eest.<\/p>\n<p>10 h\u00fcve Sinu juustele p\u00e4rast MIRACLE SERUM 10 IN 1 kasutamist:<br \/>\nKuivade ja kahjustatud juuste taastamine<\/p>\n<ul>\n<li>H\u00f5lpsam kammimine<\/li>\n<li>Kergem viimistlemine<\/li>\n<li>Kahukontroll<\/li>\n<li>Lisakohevus<\/li>\n<li>Terve l\u00e4ige<\/li>\n<li>Juuksestruktuuri t\u00e4itmine<\/li>\n<li>Pikem v\u00e4rvip\u00fcsivus<\/li>\n<li>Kuumakaitse<\/li>\n<li>Kaitse UV-kiirguse eest<\/li>\n<\/ul>\n<p>Lisainfo:<\/p>\n<p>Parabeenivaba ja v\u00e4rvainetevaba koostis.<\/p>\n<p>95% koostisosadest on looduslikku p\u00e4ritolu.<\/p>\n<p>Keratiini- ja siidisisalduse t\u00f5ttu ei ole MIRACLE SERUM 10 IN 1 vegan-toode.<\/p>\n<p>KASUTAMINE: Kasutage MIRACLE SERUMit p\u00e4rast juuste pesemist, kui need on veel niisked. Pihustage toodet \u00fchtlaselt juustele ja kammige kogu pikkuses l\u00e4bi. \u00c4rge loputage.<\/p>\n<p>KOOSTIS: Aqua, Myristyl Alcohol, Quaternium-80, Cyclopentasiloxane, Cetrimonium Chloride, Phenoxyethanol, Parfum [Fragrance], Amodimethicone, Dimethiconol, Argania Spinosa Kernel Oil, Linum Usitatissimum (Linseed) Seed Oil, Macadamia Ternifolia Seed Oil, Ethylhexylglycerin, Propylene Glycol, Trideceth-10, Hydrolyzed Wheat Protein, Sodium Laneth-40 Maleate\/Styrene Sulfonate Copolymer, Butylene Glycol, Hydroxypropyltrimonium Hydrolyzed Corn Starch, Benzophenone-4, Keratin Amino Acids, Citric Acid, Hydrolyzed Silk, Hypnea Musciformis Extract<\/p>\n","protected":false},"excerpt":{"rendered":"<p>Mitmeotstarbeline hooldusvahend, mis pakub juustele 10 kasulikku h\u00fcve. Selles on \u00fchendatud intensiivselt toitva maski omadused ja mugavalt kasutatav loputusvaba sprei.<\/p>\n<ul>\n<li>Taastab kuivi ja kahjustatud juukseid<\/li>\n<li>H\u00f5lbustab kammimist ja viimistlemist<\/li>\n<li>V\u00e4hendab kahu<\/li>\n<li>Lisab kohevust ja l\u00e4iget<\/li>\n<li>T\u00e4idab juukse struktuuri<\/li>\n<li>Pikendab v\u00e4rvi p\u00fcsivust<\/li>\n<li>Pakub kuumakaitset<\/li>\n<li>Sisaldab UV-filtreid<\/li>\n<\/ul>","protected":false},"featured_media":2596,"template":"","meta":[],"pwb-brand":[92],"product_brand":[],"product_cat":[32],"product_tag":[],"class_list":{"0":"post-2589","1":"product","2":"type-product","3":"status-publish","4":"has-post-thumbnail","6":"pwb-brand-swederm","7":"product_cat-juustele","9":"first","10":"instock","11":"taxable","12":"shipping-taxable","13":"purchasable","14":"product-type-simple"},"yoast_head":"<!-- This site is optimized with the Yoast SEO plugin v27.3 - https:\/\/yoast.com\/product\/yoast-seo-wordpress\/ -->\n<title>Swederm Miracle Serum 10in1 100ml - Glamico<\/title>\n<meta name=\"robots\" content=\"index, follow, max-snippet:-1, max-image-preview:large, max-video-preview:-1\" \/>\n<link rel=\"canonical\" href=\"https:\/\/glamico.ee\/en\/pood\/swederm-miracle-serum-10in1-100ml\/\" \/>\n<meta property=\"og:locale\" content=\"en_US\" \/>\n<meta property=\"og:type\" content=\"article\" \/>\n<meta property=\"og:title\" content=\"Swederm Miracle Serum 10in1 100ml - Glamico\" \/>\n<meta property=\"og:description\" content=\"Mitmeotstarbeline hooldusvahend, mis pakub juustele 10 kasulikku h\u00fcve. Selles on \u00fchendatud intensiivselt toitva maski omadused ja mugavalt kasutatav loputusvaba sprei.   Taastab kuivi ja kahjustatud juukseid  H\u00f5lbustab kammimist ja viimistlemist  V\u00e4hendab kahu  Lisab kohevust ja l\u00e4iget  T\u00e4idab juukse struktuuri  Pikendab v\u00e4rvi p\u00fcsivust  Pakub kuumakaitset  Sisaldab UV-filtreid\" \/>\n<meta property=\"og:url\" content=\"https:\/\/glamico.ee\/en\/pood\/swederm-miracle-serum-10in1-100ml\/\" \/>\n<meta property=\"og:site_name\" content=\"Glamico\" \/>\n<meta property=\"article:modified_time\" content=\"2026-04-10T10:03:24+00:00\" \/>\n<meta property=\"og:image\" content=\"https:\/\/glamico.ee\/wp-content\/uploads\/2026\/04\/Miracle-serum.webp\" \/>\n\t<meta property=\"og:image:width\" content=\"900\" \/>\n\t<meta property=\"og:image:height\" content=\"1200\" \/>\n\t<meta property=\"og:image:type\" content=\"image\/webp\" \/>\n<meta name=\"twitter:card\" content=\"summary_large_image\" \/>\n<meta name=\"twitter:label1\" content=\"Est. reading time\" \/>\n\t<meta name=\"twitter:data1\" content=\"2 minutes\" \/>\n<script type=\"application\/ld+json\" class=\"yoast-schema-graph\">{\"@context\":\"https:\\\/\\\/schema.org\",\"@graph\":[{\"@type\":\"WebPage\",\"@id\":\"https:\\\/\\\/glamico.ee\\\/pood\\\/swederm-miracle-serum-10in1-100ml\\\/\",\"url\":\"https:\\\/\\\/glamico.ee\\\/pood\\\/swederm-miracle-serum-10in1-100ml\\\/\",\"name\":\"Swederm Miracle Serum 10in1 100ml - Glamico\",\"isPartOf\":{\"@id\":\"https:\\\/\\\/glamico.ee\\\/#website\"},\"primaryImageOfPage\":{\"@id\":\"https:\\\/\\\/glamico.ee\\\/pood\\\/swederm-miracle-serum-10in1-100ml\\\/#primaryimage\"},\"image\":{\"@id\":\"https:\\\/\\\/glamico.ee\\\/pood\\\/swederm-miracle-serum-10in1-100ml\\\/#primaryimage\"},\"thumbnailUrl\":\"https:\\\/\\\/glamico.ee\\\/wp-content\\\/uploads\\\/2026\\\/04\\\/Miracle-serum.webp\",\"datePublished\":\"2026-04-10T09:50:54+00:00\",\"dateModified\":\"2026-04-10T10:03:24+00:00\",\"breadcrumb\":{\"@id\":\"https:\\\/\\\/glamico.ee\\\/pood\\\/swederm-miracle-serum-10in1-100ml\\\/#breadcrumb\"},\"inLanguage\":\"en-US\",\"potentialAction\":[{\"@type\":\"ReadAction\",\"target\":[\"https:\\\/\\\/glamico.ee\\\/pood\\\/swederm-miracle-serum-10in1-100ml\\\/\"]}]},{\"@type\":\"ImageObject\",\"inLanguage\":\"en-US\",\"@id\":\"https:\\\/\\\/glamico.ee\\\/pood\\\/swederm-miracle-serum-10in1-100ml\\\/#primaryimage\",\"url\":\"https:\\\/\\\/glamico.ee\\\/wp-content\\\/uploads\\\/2026\\\/04\\\/Miracle-serum.webp\",\"contentUrl\":\"https:\\\/\\\/glamico.ee\\\/wp-content\\\/uploads\\\/2026\\\/04\\\/Miracle-serum.webp\",\"width\":900,\"height\":1200},{\"@type\":\"BreadcrumbList\",\"@id\":\"https:\\\/\\\/glamico.ee\\\/pood\\\/swederm-miracle-serum-10in1-100ml\\\/#breadcrumb\",\"itemListElement\":[{\"@type\":\"ListItem\",\"position\":1,\"name\":\"Home\",\"item\":\"https:\\\/\\\/glamico.ee\\\/\"},{\"@type\":\"ListItem\",\"position\":2,\"name\":\"Pood\",\"item\":\"https:\\\/\\\/glamico.ee\\\/pood\\\/\"},{\"@type\":\"ListItem\",\"position\":3,\"name\":\"Swederm Miracle Serum 10in1 100ml\"}]},{\"@type\":\"WebSite\",\"@id\":\"https:\\\/\\\/glamico.ee\\\/#website\",\"url\":\"https:\\\/\\\/glamico.ee\\\/\",\"name\":\"Glamico\",\"description\":\"Ilutooted\",\"publisher\":{\"@id\":\"https:\\\/\\\/glamico.ee\\\/#organization\"},\"potentialAction\":[{\"@type\":\"SearchAction\",\"target\":{\"@type\":\"EntryPoint\",\"urlTemplate\":\"https:\\\/\\\/glamico.ee\\\/?s={search_term_string}\"},\"query-input\":{\"@type\":\"PropertyValueSpecification\",\"valueRequired\":true,\"valueName\":\"search_term_string\"}}],\"inLanguage\":\"en-US\"},{\"@type\":\"Organization\",\"@id\":\"https:\\\/\\\/glamico.ee\\\/#organization\",\"name\":\"Glamico Baltics O\u00dc\",\"url\":\"https:\\\/\\\/glamico.ee\\\/\",\"logo\":{\"@type\":\"ImageObject\",\"inLanguage\":\"en-US\",\"@id\":\"https:\\\/\\\/glamico.ee\\\/#\\\/schema\\\/logo\\\/image\\\/\",\"url\":\"https:\\\/\\\/glamico.ee\\\/wp-content\\\/uploads\\\/2025\\\/11\\\/Glamico-1.png\",\"contentUrl\":\"https:\\\/\\\/glamico.ee\\\/wp-content\\\/uploads\\\/2025\\\/11\\\/Glamico-1.png\",\"width\":627,\"height\":400,\"caption\":\"Glamico Baltics O\u00dc\"},\"image\":{\"@id\":\"https:\\\/\\\/glamico.ee\\\/#\\\/schema\\\/logo\\\/image\\\/\"},\"sameAs\":[\"https:\\\/\\\/www.instagram.com\\\/glamico.ee\\\/\"]}]}<\/script>\n<!-- \/ Yoast SEO plugin. -->","yoast_head_json":{"title":"Swederm Miracle Serum 10in1 100ml - Glamico","robots":{"index":"index","follow":"follow","max-snippet":"max-snippet:-1","max-image-preview":"max-image-preview:large","max-video-preview":"max-video-preview:-1"},"canonical":"https:\/\/glamico.ee\/en\/pood\/swederm-miracle-serum-10in1-100ml\/","og_locale":"en_US","og_type":"article","og_title":"Swederm Miracle Serum 10in1 100ml - Glamico","og_description":"Mitmeotstarbeline hooldusvahend, mis pakub juustele 10 kasulikku h\u00fcve. Selles on \u00fchendatud intensiivselt toitva maski omadused ja mugavalt kasutatav loputusvaba sprei.   Taastab kuivi ja kahjustatud juukseid  H\u00f5lbustab kammimist ja viimistlemist  V\u00e4hendab kahu  Lisab kohevust ja l\u00e4iget  T\u00e4idab juukse struktuuri  Pikendab v\u00e4rvi p\u00fcsivust  Pakub kuumakaitset  Sisaldab UV-filtreid","og_url":"https:\/\/glamico.ee\/en\/pood\/swederm-miracle-serum-10in1-100ml\/","og_site_name":"Glamico","article_modified_time":"2026-04-10T10:03:24+00:00","og_image":[{"width":900,"height":1200,"url":"https:\/\/glamico.ee\/wp-content\/uploads\/2026\/04\/Miracle-serum.webp","type":"image\/webp"}],"twitter_card":"summary_large_image","twitter_misc":{"Est. reading time":"2 minutes"},"schema":{"@context":"https:\/\/schema.org","@graph":[{"@type":"WebPage","@id":"https:\/\/glamico.ee\/pood\/swederm-miracle-serum-10in1-100ml\/","url":"https:\/\/glamico.ee\/pood\/swederm-miracle-serum-10in1-100ml\/","name":"Swederm Miracle Serum 10in1 100ml - Glamico","isPartOf":{"@id":"https:\/\/glamico.ee\/#website"},"primaryImageOfPage":{"@id":"https:\/\/glamico.ee\/pood\/swederm-miracle-serum-10in1-100ml\/#primaryimage"},"image":{"@id":"https:\/\/glamico.ee\/pood\/swederm-miracle-serum-10in1-100ml\/#primaryimage"},"thumbnailUrl":"https:\/\/glamico.ee\/wp-content\/uploads\/2026\/04\/Miracle-serum.webp","datePublished":"2026-04-10T09:50:54+00:00","dateModified":"2026-04-10T10:03:24+00:00","breadcrumb":{"@id":"https:\/\/glamico.ee\/pood\/swederm-miracle-serum-10in1-100ml\/#breadcrumb"},"inLanguage":"en-US","potentialAction":[{"@type":"ReadAction","target":["https:\/\/glamico.ee\/pood\/swederm-miracle-serum-10in1-100ml\/"]}]},{"@type":"ImageObject","inLanguage":"en-US","@id":"https:\/\/glamico.ee\/pood\/swederm-miracle-serum-10in1-100ml\/#primaryimage","url":"https:\/\/glamico.ee\/wp-content\/uploads\/2026\/04\/Miracle-serum.webp","contentUrl":"https:\/\/glamico.ee\/wp-content\/uploads\/2026\/04\/Miracle-serum.webp","width":900,"height":1200},{"@type":"BreadcrumbList","@id":"https:\/\/glamico.ee\/pood\/swederm-miracle-serum-10in1-100ml\/#breadcrumb","itemListElement":[{"@type":"ListItem","position":1,"name":"Home","item":"https:\/\/glamico.ee\/"},{"@type":"ListItem","position":2,"name":"Pood","item":"https:\/\/glamico.ee\/pood\/"},{"@type":"ListItem","position":3,"name":"Swederm Miracle Serum 10in1 100ml"}]},{"@type":"WebSite","@id":"https:\/\/glamico.ee\/#website","url":"https:\/\/glamico.ee\/","name":"Glamico","description":"Ilutooted","publisher":{"@id":"https:\/\/glamico.ee\/#organization"},"potentialAction":[{"@type":"SearchAction","target":{"@type":"EntryPoint","urlTemplate":"https:\/\/glamico.ee\/?s={search_term_string}"},"query-input":{"@type":"PropertyValueSpecification","valueRequired":true,"valueName":"search_term_string"}}],"inLanguage":"en-US"},{"@type":"Organization","@id":"https:\/\/glamico.ee\/#organization","name":"Glamico Baltics O\u00dc","url":"https:\/\/glamico.ee\/","logo":{"@type":"ImageObject","inLanguage":"en-US","@id":"https:\/\/glamico.ee\/#\/schema\/logo\/image\/","url":"https:\/\/glamico.ee\/wp-content\/uploads\/2025\/11\/Glamico-1.png","contentUrl":"https:\/\/glamico.ee\/wp-content\/uploads\/2025\/11\/Glamico-1.png","width":627,"height":400,"caption":"Glamico Baltics O\u00dc"},"image":{"@id":"https:\/\/glamico.ee\/#\/schema\/logo\/image\/"},"sameAs":["https:\/\/www.instagram.com\/glamico.ee\/"]}]}},"brands":[{"id":92,"name":"Swederm","slug":"swederm"}],"_links":{"self":[{"href":"https:\/\/glamico.ee\/en\/wp-json\/wp\/v2\/product\/2589","targetHints":{"allow":["GET"]}}],"collection":[{"href":"https:\/\/glamico.ee\/en\/wp-json\/wp\/v2\/product"}],"about":[{"href":"https:\/\/glamico.ee\/en\/wp-json\/wp\/v2\/types\/product"}],"version-history":[{"count":2,"href":"https:\/\/glamico.ee\/en\/wp-json\/wp\/v2\/product\/2589\/revisions"}],"predecessor-version":[{"id":2598,"href":"https:\/\/glamico.ee\/en\/wp-json\/wp\/v2\/product\/2589\/revisions\/2598"}],"wp:featuredmedia":[{"embeddable":true,"href":"https:\/\/glamico.ee\/en\/wp-json\/wp\/v2\/media\/2596"}],"wp:attachment":[{"href":"https:\/\/glamico.ee\/en\/wp-json\/wp\/v2\/media?parent=2589"}],"wp:term":[{"taxonomy":"pwb-brand","embeddable":true,"href":"https:\/\/glamico.ee\/en\/wp-json\/wp\/v2\/pwb-brand?post=2589"},{"taxonomy":"product_brand","embeddable":true,"href":"https:\/\/glamico.ee\/en\/wp-json\/wp\/v2\/product_brand?post=2589"},{"taxonomy":"product_cat","embeddable":true,"href":"https:\/\/glamico.ee\/en\/wp-json\/wp\/v2\/product_cat?post=2589"},{"taxonomy":"product_tag","embeddable":true,"href":"https:\/\/glamico.ee\/en\/wp-json\/wp\/v2\/product_tag?post=2589"}],"curies":[{"name":"wp","href":"https:\/\/api.w.org\/{rel}","templated":true}]}}