{"id":256,"date":"2022-12-04T11:42:26","date_gmt":"2022-12-04T09:42:26","guid":{"rendered":"https:\/\/glamico.ee\/?post_type=product&#038;p=256"},"modified":"2024-05-21T07:32:26","modified_gmt":"2024-05-21T05:32:26","slug":"8032274106241","status":"publish","type":"product","link":"https:\/\/glamico.ee\/en\/pood\/8032274106241\/","title":{"rendered":"Milk Shake Integrity repairing hair kontsentreeritud proteiinihooldus 8X12ml"},"content":{"rendered":"<p>Aminohapetega kontsentreeritud Milkshake Integrity Repairing proteiinihooldus taastab kahjustatud v\u00f5i keemiliselt t\u00f6\u00f6deldud juuste struktuuri ja tugevdab kahjustatud piirkondi. Orgaaniline murumuruv\u00f5i muudab juuksed pehmeks ja l\u00e4ikivaks.<\/p>\n<p>Aktiivained: takjajuureestrakt, h\u00fcdrol\u00fc\u00fcsitud keratiin, aminohapete kompleks, multivitamiinikompleks, zenzhenijuure ekstrakt, nisuproteiinid, orgaaniline murumuruv\u00f5i, riisi- ja sojaproteiinid.<\/p>\n<p>Kasutamine: Kandke ampulli sisu \u00fchtlaselt puhaste r\u00e4tikukuivade juuste otstesse ja pikkusesse, masserige kerget, laske m\u00f5juda 5-10 minutit ja loputage.<\/p>","protected":false},"excerpt":{"rendered":"<p>Aminohapetega kontsentreeritud Milkshake Integrity Repairing proteiinihooldus taastab kahjustatud v\u00f5i keemiliselt t\u00f6\u00f6deldud juuste struktuuri ja tugevdab kahjustatud piirkondi. Orgaaniline murumuruv\u00f5i muudab juuksed pehmeks ja l\u00e4ikivaks. Aktiivained: takjajuureestrakt, h\u00fcdrol\u00fc\u00fcsitud keratiin, aminohapete kompleks, multivitamiinikompleks, zenzhenijuure ekstrakt, nisuproteiinid, orgaaniline murumuruv\u00f5i, riisi- ja sojaproteiinid. Kasutamine: Kandke ampulli sisu \u00fchtlaselt puhaste r\u00e4tikukuivade juuste otstesse ja pikkusesse, masserige kerget, laske m\u00f5juda 5-10 minutit ja loputage.<\/p>","protected":false},"featured_media":257,"template":"","meta":[],"pwb-brand":[86],"product_brand":[],"product_cat":[32],"product_tag":[],"class_list":{"0":"post-256","1":"product","2":"type-product","3":"status-publish","4":"has-post-thumbnail","6":"pwb-brand-milk_shake","7":"product_cat-juustele","9":"first","10":"instock","11":"taxable","12":"shipping-taxable","13":"purchasable","14":"product-type-simple"},"yoast_head":"<!-- This site is optimized with the Yoast SEO plugin v27.3 - https:\/\/yoast.com\/product\/yoast-seo-wordpress\/ -->\n<title>Milk Shake Integrity repairing hair kontsentreeritud proteiinihooldus 8X12ml - Glamico<\/title>\n<meta name=\"robots\" content=\"index, follow, max-snippet:-1, max-image-preview:large, max-video-preview:-1\" \/>\n<link rel=\"canonical\" href=\"https:\/\/glamico.ee\/en\/pood\/8032274106241\/\" \/>\n<meta property=\"og:locale\" content=\"en_US\" \/>\n<meta property=\"og:type\" content=\"article\" \/>\n<meta property=\"og:title\" content=\"Milk Shake Integrity repairing hair kontsentreeritud proteiinihooldus 8X12ml - Glamico\" \/>\n<meta property=\"og:description\" content=\"Aminohapetega kontsentreeritud Milkshake Integrity Repairing proteiinihooldus taastab kahjustatud v\u00f5i keemiliselt t\u00f6\u00f6deldud juuste struktuuri ja tugevdab kahjustatud piirkondi. Orgaaniline murumuruv\u00f5i muudab juuksed pehmeks ja l\u00e4ikivaks. Aktiivained: takjajuureestrakt, h\u00fcdrol\u00fc\u00fcsitud keratiin, aminohapete kompleks, multivitamiinikompleks, zenzhenijuure ekstrakt, nisuproteiinid, orgaaniline murumuruv\u00f5i, riisi- ja sojaproteiinid. Kasutamine: Kandke ampulli sisu \u00fchtlaselt puhaste r\u00e4tikukuivade juuste otstesse ja pikkusesse, masserige kerget, laske m\u00f5juda 5-10 minutit ja loputage.\" \/>\n<meta property=\"og:url\" content=\"https:\/\/glamico.ee\/en\/pood\/8032274106241\/\" \/>\n<meta property=\"og:site_name\" content=\"Glamico\" \/>\n<meta property=\"article:modified_time\" content=\"2024-05-21T05:32:26+00:00\" \/>\n<meta property=\"og:image\" content=\"https:\/\/glamico.ee\/wp-content\/uploads\/2022\/12\/8032274106241-milkshake-proteiinihooldus-8x12ml.jpg\" \/>\n\t<meta property=\"og:image:width\" content=\"750\" \/>\n\t<meta property=\"og:image:height\" content=\"750\" \/>\n\t<meta property=\"og:image:type\" content=\"image\/jpeg\" \/>\n<meta name=\"twitter:card\" content=\"summary_large_image\" \/>\n<script type=\"application\/ld+json\" class=\"yoast-schema-graph\">{\"@context\":\"https:\\\/\\\/schema.org\",\"@graph\":[{\"@type\":\"WebPage\",\"@id\":\"https:\\\/\\\/glamico.ee\\\/pood\\\/8032274106241\\\/\",\"url\":\"https:\\\/\\\/glamico.ee\\\/pood\\\/8032274106241\\\/\",\"name\":\"Milk Shake Integrity repairing hair kontsentreeritud proteiinihooldus 8X12ml - Glamico\",\"isPartOf\":{\"@id\":\"https:\\\/\\\/glamico.ee\\\/#website\"},\"primaryImageOfPage\":{\"@id\":\"https:\\\/\\\/glamico.ee\\\/pood\\\/8032274106241\\\/#primaryimage\"},\"image\":{\"@id\":\"https:\\\/\\\/glamico.ee\\\/pood\\\/8032274106241\\\/#primaryimage\"},\"thumbnailUrl\":\"https:\\\/\\\/glamico.ee\\\/wp-content\\\/uploads\\\/2022\\\/12\\\/8032274106241-milkshake-proteiinihooldus-8x12ml.jpg\",\"datePublished\":\"2022-12-04T09:42:26+00:00\",\"dateModified\":\"2024-05-21T05:32:26+00:00\",\"breadcrumb\":{\"@id\":\"https:\\\/\\\/glamico.ee\\\/pood\\\/8032274106241\\\/#breadcrumb\"},\"inLanguage\":\"en-US\",\"potentialAction\":[{\"@type\":\"ReadAction\",\"target\":[\"https:\\\/\\\/glamico.ee\\\/pood\\\/8032274106241\\\/\"]}]},{\"@type\":\"ImageObject\",\"inLanguage\":\"en-US\",\"@id\":\"https:\\\/\\\/glamico.ee\\\/pood\\\/8032274106241\\\/#primaryimage\",\"url\":\"https:\\\/\\\/glamico.ee\\\/wp-content\\\/uploads\\\/2022\\\/12\\\/8032274106241-milkshake-proteiinihooldus-8x12ml.jpg\",\"contentUrl\":\"https:\\\/\\\/glamico.ee\\\/wp-content\\\/uploads\\\/2022\\\/12\\\/8032274106241-milkshake-proteiinihooldus-8x12ml.jpg\",\"width\":750,\"height\":750},{\"@type\":\"BreadcrumbList\",\"@id\":\"https:\\\/\\\/glamico.ee\\\/pood\\\/8032274106241\\\/#breadcrumb\",\"itemListElement\":[{\"@type\":\"ListItem\",\"position\":1,\"name\":\"Home\",\"item\":\"https:\\\/\\\/glamico.ee\\\/\"},{\"@type\":\"ListItem\",\"position\":2,\"name\":\"Pood\",\"item\":\"https:\\\/\\\/glamico.ee\\\/pood\\\/\"},{\"@type\":\"ListItem\",\"position\":3,\"name\":\"Milk Shake Integrity repairing hair kontsentreeritud proteiinihooldus 8X12ml\"}]},{\"@type\":\"WebSite\",\"@id\":\"https:\\\/\\\/glamico.ee\\\/#website\",\"url\":\"https:\\\/\\\/glamico.ee\\\/\",\"name\":\"Glamico\",\"description\":\"Ilutooted\",\"publisher\":{\"@id\":\"https:\\\/\\\/glamico.ee\\\/#organization\"},\"potentialAction\":[{\"@type\":\"SearchAction\",\"target\":{\"@type\":\"EntryPoint\",\"urlTemplate\":\"https:\\\/\\\/glamico.ee\\\/?s={search_term_string}\"},\"query-input\":{\"@type\":\"PropertyValueSpecification\",\"valueRequired\":true,\"valueName\":\"search_term_string\"}}],\"inLanguage\":\"en-US\"},{\"@type\":\"Organization\",\"@id\":\"https:\\\/\\\/glamico.ee\\\/#organization\",\"name\":\"Glamico Baltics O\u00dc\",\"url\":\"https:\\\/\\\/glamico.ee\\\/\",\"logo\":{\"@type\":\"ImageObject\",\"inLanguage\":\"en-US\",\"@id\":\"https:\\\/\\\/glamico.ee\\\/#\\\/schema\\\/logo\\\/image\\\/\",\"url\":\"https:\\\/\\\/glamico.ee\\\/wp-content\\\/uploads\\\/2025\\\/11\\\/Glamico-1.png\",\"contentUrl\":\"https:\\\/\\\/glamico.ee\\\/wp-content\\\/uploads\\\/2025\\\/11\\\/Glamico-1.png\",\"width\":627,\"height\":400,\"caption\":\"Glamico Baltics O\u00dc\"},\"image\":{\"@id\":\"https:\\\/\\\/glamico.ee\\\/#\\\/schema\\\/logo\\\/image\\\/\"},\"sameAs\":[\"https:\\\/\\\/www.instagram.com\\\/glamico.ee\\\/\"]}]}<\/script>\n<!-- \/ Yoast SEO plugin. -->","yoast_head_json":{"title":"Milk Shake Integrity repairing hair kontsentreeritud proteiinihooldus 8X12ml - Glamico","robots":{"index":"index","follow":"follow","max-snippet":"max-snippet:-1","max-image-preview":"max-image-preview:large","max-video-preview":"max-video-preview:-1"},"canonical":"https:\/\/glamico.ee\/en\/pood\/8032274106241\/","og_locale":"en_US","og_type":"article","og_title":"Milk Shake Integrity repairing hair kontsentreeritud proteiinihooldus 8X12ml - Glamico","og_description":"Aminohapetega kontsentreeritud Milkshake Integrity Repairing proteiinihooldus taastab kahjustatud v\u00f5i keemiliselt t\u00f6\u00f6deldud juuste struktuuri ja tugevdab kahjustatud piirkondi. Orgaaniline murumuruv\u00f5i muudab juuksed pehmeks ja l\u00e4ikivaks. Aktiivained: takjajuureestrakt, h\u00fcdrol\u00fc\u00fcsitud keratiin, aminohapete kompleks, multivitamiinikompleks, zenzhenijuure ekstrakt, nisuproteiinid, orgaaniline murumuruv\u00f5i, riisi- ja sojaproteiinid. Kasutamine: Kandke ampulli sisu \u00fchtlaselt puhaste r\u00e4tikukuivade juuste otstesse ja pikkusesse, masserige kerget, laske m\u00f5juda 5-10 minutit ja loputage.","og_url":"https:\/\/glamico.ee\/en\/pood\/8032274106241\/","og_site_name":"Glamico","article_modified_time":"2024-05-21T05:32:26+00:00","og_image":[{"width":750,"height":750,"url":"https:\/\/glamico.ee\/wp-content\/uploads\/2022\/12\/8032274106241-milkshake-proteiinihooldus-8x12ml.jpg","type":"image\/jpeg"}],"twitter_card":"summary_large_image","schema":{"@context":"https:\/\/schema.org","@graph":[{"@type":"WebPage","@id":"https:\/\/glamico.ee\/pood\/8032274106241\/","url":"https:\/\/glamico.ee\/pood\/8032274106241\/","name":"Milk Shake Integrity repairing hair kontsentreeritud proteiinihooldus 8X12ml - Glamico","isPartOf":{"@id":"https:\/\/glamico.ee\/#website"},"primaryImageOfPage":{"@id":"https:\/\/glamico.ee\/pood\/8032274106241\/#primaryimage"},"image":{"@id":"https:\/\/glamico.ee\/pood\/8032274106241\/#primaryimage"},"thumbnailUrl":"https:\/\/glamico.ee\/wp-content\/uploads\/2022\/12\/8032274106241-milkshake-proteiinihooldus-8x12ml.jpg","datePublished":"2022-12-04T09:42:26+00:00","dateModified":"2024-05-21T05:32:26+00:00","breadcrumb":{"@id":"https:\/\/glamico.ee\/pood\/8032274106241\/#breadcrumb"},"inLanguage":"en-US","potentialAction":[{"@type":"ReadAction","target":["https:\/\/glamico.ee\/pood\/8032274106241\/"]}]},{"@type":"ImageObject","inLanguage":"en-US","@id":"https:\/\/glamico.ee\/pood\/8032274106241\/#primaryimage","url":"https:\/\/glamico.ee\/wp-content\/uploads\/2022\/12\/8032274106241-milkshake-proteiinihooldus-8x12ml.jpg","contentUrl":"https:\/\/glamico.ee\/wp-content\/uploads\/2022\/12\/8032274106241-milkshake-proteiinihooldus-8x12ml.jpg","width":750,"height":750},{"@type":"BreadcrumbList","@id":"https:\/\/glamico.ee\/pood\/8032274106241\/#breadcrumb","itemListElement":[{"@type":"ListItem","position":1,"name":"Home","item":"https:\/\/glamico.ee\/"},{"@type":"ListItem","position":2,"name":"Pood","item":"https:\/\/glamico.ee\/pood\/"},{"@type":"ListItem","position":3,"name":"Milk Shake Integrity repairing hair kontsentreeritud proteiinihooldus 8X12ml"}]},{"@type":"WebSite","@id":"https:\/\/glamico.ee\/#website","url":"https:\/\/glamico.ee\/","name":"Glamico","description":"Ilutooted","publisher":{"@id":"https:\/\/glamico.ee\/#organization"},"potentialAction":[{"@type":"SearchAction","target":{"@type":"EntryPoint","urlTemplate":"https:\/\/glamico.ee\/?s={search_term_string}"},"query-input":{"@type":"PropertyValueSpecification","valueRequired":true,"valueName":"search_term_string"}}],"inLanguage":"en-US"},{"@type":"Organization","@id":"https:\/\/glamico.ee\/#organization","name":"Glamico Baltics O\u00dc","url":"https:\/\/glamico.ee\/","logo":{"@type":"ImageObject","inLanguage":"en-US","@id":"https:\/\/glamico.ee\/#\/schema\/logo\/image\/","url":"https:\/\/glamico.ee\/wp-content\/uploads\/2025\/11\/Glamico-1.png","contentUrl":"https:\/\/glamico.ee\/wp-content\/uploads\/2025\/11\/Glamico-1.png","width":627,"height":400,"caption":"Glamico Baltics O\u00dc"},"image":{"@id":"https:\/\/glamico.ee\/#\/schema\/logo\/image\/"},"sameAs":["https:\/\/www.instagram.com\/glamico.ee\/"]}]}},"brands":[{"id":86,"name":"Milk_Shake","slug":"milk_shake"}],"_links":{"self":[{"href":"https:\/\/glamico.ee\/en\/wp-json\/wp\/v2\/product\/256","targetHints":{"allow":["GET"]}}],"collection":[{"href":"https:\/\/glamico.ee\/en\/wp-json\/wp\/v2\/product"}],"about":[{"href":"https:\/\/glamico.ee\/en\/wp-json\/wp\/v2\/types\/product"}],"version-history":[{"count":0,"href":"https:\/\/glamico.ee\/en\/wp-json\/wp\/v2\/product\/256\/revisions"}],"wp:featuredmedia":[{"embeddable":true,"href":"https:\/\/glamico.ee\/en\/wp-json\/wp\/v2\/media\/257"}],"wp:attachment":[{"href":"https:\/\/glamico.ee\/en\/wp-json\/wp\/v2\/media?parent=256"}],"wp:term":[{"taxonomy":"pwb-brand","embeddable":true,"href":"https:\/\/glamico.ee\/en\/wp-json\/wp\/v2\/pwb-brand?post=256"},{"taxonomy":"product_brand","embeddable":true,"href":"https:\/\/glamico.ee\/en\/wp-json\/wp\/v2\/product_brand?post=256"},{"taxonomy":"product_cat","embeddable":true,"href":"https:\/\/glamico.ee\/en\/wp-json\/wp\/v2\/product_cat?post=256"},{"taxonomy":"product_tag","embeddable":true,"href":"https:\/\/glamico.ee\/en\/wp-json\/wp\/v2\/product_tag?post=256"}],"curies":[{"name":"wp","href":"https:\/\/api.w.org\/{rel}","templated":true}]}}