{"id":2465,"date":"2026-02-15T16:05:42","date_gmt":"2026-02-15T14:05:42","guid":{"rendered":"https:\/\/glamico.ee\/?post_type=product&#038;p=2465"},"modified":"2026-02-15T16:05:42","modified_gmt":"2026-02-15T14:05:42","slug":"olivia-garden-set-silkcut-pro-575-th-eur-vasakukaelistele","status":"publish","type":"product","link":"https:\/\/glamico.ee\/en\/pood\/olivia-garden-set-silkcut-pro-575-th-eur-vasakukaelistele\/","title":{"rendered":"Olivia Garden SET SILKCUT PRO 575 + TH EUR vasakuk\u00e4elistele"},"content":{"rendered":"<p>Olivia Garden Silk Cut Pro k\u00e4\u00e4ride ja fileerk\u00e4\u00e4ride komplekt (LH 5,75 tolli) on Olivia Gardeni bestselleri uusim p\u00f5lvkond, mis on varustatud Pro-tehnoloogiaga veelgi suurema j\u00f5udluse ja mugavuse tagamiseks. Komplekt sisaldab juuksel\u00f5ikusk\u00e4\u00e4re ja 35 hambaga Euroopa t\u00fc\u00fcpi fileerimisk\u00e4\u00e4re. M\u00f5lemal mudelil on k\u00e4sitsi lihvitud v\u00f5imsad kumerad terad ning need on valmistatud eriti kvaliteetsest terasesulamist, mis on senisest veelgi k\u00f5vem ja vastupidavam. M\u00f5eldud vasakuk\u00e4elistele.<\/p>\n<p>Olivia Garden Silk Cut Pro (LH) komplekti omadused:<br \/>\nKuullaagritel p\u00f5hinev liigend: Tagab k\u00e4\u00e4ride erakordselt sujuva ja kerge liikumise.<\/p>\n<p>Integreeritud mikro-reguleerimisratas: V\u00f5imaldab survet t\u00e4pselt seadistada komplektis oleva t\u00f6\u00f6riista abil.<\/p>\n<p>Sile ja lame disain: Ilma v\u00e4ljaulatuvate osadeta korpus v\u00e4listab juuste takerdumise l\u00f5ikamise ajal.<\/p>\n<p>V\u00e4hendatud kogukaal: Kergem konstruktsioon v\u00e4hendab oluliselt k\u00e4te koormust.<\/p>\n<p>Ergonoomiline k\u00e4epideme disain: Spetsiaalne p\u00f6idlakumerus tagab s\u00f5rmede optimaalse ja pingevaba asendi.<\/p>\n<p>Silikoonist puhver: Varustatud mugava Easy-Grip kruviga.<\/p>\n<p>Komplektis sisalduvad lisatarvikud:<br \/>\nReguleerimist\u00f6\u00f6riist<\/p>\n<p>K\u00e4\u00e4ri\u00f5li<\/p>\n<p>S\u00f5rmustevahelised pehmendused (s\u00f5rmuser\u00f5ngad)<\/p>\n<p>Mikrokiust puhastuslapp<\/p>\n<p>T\u00f5mblukuga vutlar<\/p>","protected":false},"excerpt":{"rendered":"<p>Olivia Garden Silk Cut Pro k\u00e4\u00e4ride ja fileerk\u00e4\u00e4ride komplekt (LH 5,75 tolli) on Olivia Gardeni bestselleri uusim p\u00f5lvkond, mis on varustatud Pro-tehnoloogiaga veelgi suurema j\u00f5udluse ja mugavuse tagamiseks. Komplekt sisaldab juuksel\u00f5ikusk\u00e4\u00e4re ja 35 hambaga Euroopa t\u00fc\u00fcpi fileerimisk\u00e4\u00e4re. M\u00f5lemal mudelil on k\u00e4sitsi lihvitud v\u00f5imsad kumerad terad ning need on valmistatud eriti kvaliteetsest terasesulamist, mis on senisest veelgi k\u00f5vem ja vastupidavam. M\u00f5eldud [&hellip;]<\/p>\n","protected":false},"featured_media":2467,"template":"","meta":[],"pwb-brand":[87],"product_brand":[],"product_cat":[32,16],"product_tag":[],"class_list":{"0":"post-2465","1":"product","2":"type-product","3":"status-publish","4":"has-post-thumbnail","6":"pwb-brand-olivia-garden","7":"product_cat-juustele","8":"product_cat-muu","10":"first","11":"instock","12":"sale","13":"taxable","14":"shipping-taxable","15":"purchasable","16":"product-type-simple"},"yoast_head":"<!-- This site is optimized with the Yoast SEO plugin v27.3 - https:\/\/yoast.com\/product\/yoast-seo-wordpress\/ -->\n<title>Olivia Garden SET SILKCUT PRO 575 + TH EUR vasakuk\u00e4elistele - Glamico<\/title>\n<meta name=\"robots\" content=\"index, follow, max-snippet:-1, max-image-preview:large, max-video-preview:-1\" \/>\n<link rel=\"canonical\" href=\"https:\/\/glamico.ee\/en\/pood\/olivia-garden-set-silkcut-pro-575-th-eur-vasakukaelistele\/\" \/>\n<meta property=\"og:locale\" content=\"en_US\" \/>\n<meta property=\"og:type\" content=\"article\" \/>\n<meta property=\"og:title\" content=\"Olivia Garden SET SILKCUT PRO 575 + TH EUR vasakuk\u00e4elistele - Glamico\" \/>\n<meta property=\"og:description\" content=\"Olivia Garden Silk Cut Pro k\u00e4\u00e4ride ja fileerk\u00e4\u00e4ride komplekt (LH 5,75 tolli) on Olivia Gardeni bestselleri uusim p\u00f5lvkond, mis on varustatud Pro-tehnoloogiaga veelgi suurema j\u00f5udluse ja mugavuse tagamiseks. Komplekt sisaldab juuksel\u00f5ikusk\u00e4\u00e4re ja 35 hambaga Euroopa t\u00fc\u00fcpi fileerimisk\u00e4\u00e4re. M\u00f5lemal mudelil on k\u00e4sitsi lihvitud v\u00f5imsad kumerad terad ning need on valmistatud eriti kvaliteetsest terasesulamist, mis on senisest veelgi k\u00f5vem ja vastupidavam. M\u00f5eldud [&hellip;]\" \/>\n<meta property=\"og:url\" content=\"https:\/\/glamico.ee\/en\/pood\/olivia-garden-set-silkcut-pro-575-th-eur-vasakukaelistele\/\" \/>\n<meta property=\"og:site_name\" content=\"Glamico\" \/>\n<meta property=\"og:image\" content=\"https:\/\/glamico.ee\/wp-content\/uploads\/2026\/02\/5414343015488.webp\" \/>\n\t<meta property=\"og:image:width\" content=\"700\" \/>\n\t<meta property=\"og:image:height\" content=\"700\" \/>\n\t<meta property=\"og:image:type\" content=\"image\/webp\" \/>\n<meta name=\"twitter:card\" content=\"summary_large_image\" \/>\n<meta name=\"twitter:label1\" content=\"Est. reading time\" \/>\n\t<meta name=\"twitter:data1\" content=\"1 minute\" \/>\n<script type=\"application\/ld+json\" class=\"yoast-schema-graph\">{\"@context\":\"https:\\\/\\\/schema.org\",\"@graph\":[{\"@type\":\"WebPage\",\"@id\":\"https:\\\/\\\/glamico.ee\\\/pood\\\/olivia-garden-set-silkcut-pro-575-th-eur-vasakukaelistele\\\/\",\"url\":\"https:\\\/\\\/glamico.ee\\\/pood\\\/olivia-garden-set-silkcut-pro-575-th-eur-vasakukaelistele\\\/\",\"name\":\"Olivia Garden SET SILKCUT PRO 575 + TH EUR vasakuk\u00e4elistele - Glamico\",\"isPartOf\":{\"@id\":\"https:\\\/\\\/glamico.ee\\\/#website\"},\"primaryImageOfPage\":{\"@id\":\"https:\\\/\\\/glamico.ee\\\/pood\\\/olivia-garden-set-silkcut-pro-575-th-eur-vasakukaelistele\\\/#primaryimage\"},\"image\":{\"@id\":\"https:\\\/\\\/glamico.ee\\\/pood\\\/olivia-garden-set-silkcut-pro-575-th-eur-vasakukaelistele\\\/#primaryimage\"},\"thumbnailUrl\":\"https:\\\/\\\/glamico.ee\\\/wp-content\\\/uploads\\\/2026\\\/02\\\/5414343015488.webp\",\"datePublished\":\"2026-02-15T14:05:42+00:00\",\"breadcrumb\":{\"@id\":\"https:\\\/\\\/glamico.ee\\\/pood\\\/olivia-garden-set-silkcut-pro-575-th-eur-vasakukaelistele\\\/#breadcrumb\"},\"inLanguage\":\"en-US\",\"potentialAction\":[{\"@type\":\"ReadAction\",\"target\":[\"https:\\\/\\\/glamico.ee\\\/pood\\\/olivia-garden-set-silkcut-pro-575-th-eur-vasakukaelistele\\\/\"]}]},{\"@type\":\"ImageObject\",\"inLanguage\":\"en-US\",\"@id\":\"https:\\\/\\\/glamico.ee\\\/pood\\\/olivia-garden-set-silkcut-pro-575-th-eur-vasakukaelistele\\\/#primaryimage\",\"url\":\"https:\\\/\\\/glamico.ee\\\/wp-content\\\/uploads\\\/2026\\\/02\\\/5414343015488.webp\",\"contentUrl\":\"https:\\\/\\\/glamico.ee\\\/wp-content\\\/uploads\\\/2026\\\/02\\\/5414343015488.webp\",\"width\":700,\"height\":700},{\"@type\":\"BreadcrumbList\",\"@id\":\"https:\\\/\\\/glamico.ee\\\/pood\\\/olivia-garden-set-silkcut-pro-575-th-eur-vasakukaelistele\\\/#breadcrumb\",\"itemListElement\":[{\"@type\":\"ListItem\",\"position\":1,\"name\":\"Home\",\"item\":\"https:\\\/\\\/glamico.ee\\\/\"},{\"@type\":\"ListItem\",\"position\":2,\"name\":\"Pood\",\"item\":\"https:\\\/\\\/glamico.ee\\\/pood\\\/\"},{\"@type\":\"ListItem\",\"position\":3,\"name\":\"Olivia Garden SET SILKCUT PRO 575 + TH EUR vasakuk\u00e4elistele\"}]},{\"@type\":\"WebSite\",\"@id\":\"https:\\\/\\\/glamico.ee\\\/#website\",\"url\":\"https:\\\/\\\/glamico.ee\\\/\",\"name\":\"Glamico\",\"description\":\"Ilutooted\",\"publisher\":{\"@id\":\"https:\\\/\\\/glamico.ee\\\/#organization\"},\"potentialAction\":[{\"@type\":\"SearchAction\",\"target\":{\"@type\":\"EntryPoint\",\"urlTemplate\":\"https:\\\/\\\/glamico.ee\\\/?s={search_term_string}\"},\"query-input\":{\"@type\":\"PropertyValueSpecification\",\"valueRequired\":true,\"valueName\":\"search_term_string\"}}],\"inLanguage\":\"en-US\"},{\"@type\":\"Organization\",\"@id\":\"https:\\\/\\\/glamico.ee\\\/#organization\",\"name\":\"Glamico Baltics O\u00dc\",\"url\":\"https:\\\/\\\/glamico.ee\\\/\",\"logo\":{\"@type\":\"ImageObject\",\"inLanguage\":\"en-US\",\"@id\":\"https:\\\/\\\/glamico.ee\\\/#\\\/schema\\\/logo\\\/image\\\/\",\"url\":\"https:\\\/\\\/glamico.ee\\\/wp-content\\\/uploads\\\/2025\\\/11\\\/Glamico-1.png\",\"contentUrl\":\"https:\\\/\\\/glamico.ee\\\/wp-content\\\/uploads\\\/2025\\\/11\\\/Glamico-1.png\",\"width\":627,\"height\":400,\"caption\":\"Glamico Baltics O\u00dc\"},\"image\":{\"@id\":\"https:\\\/\\\/glamico.ee\\\/#\\\/schema\\\/logo\\\/image\\\/\"},\"sameAs\":[\"https:\\\/\\\/www.instagram.com\\\/glamico.ee\\\/\"]}]}<\/script>\n<!-- \/ Yoast SEO plugin. -->","yoast_head_json":{"title":"Olivia Garden SET SILKCUT PRO 575 + TH EUR vasakuk\u00e4elistele - Glamico","robots":{"index":"index","follow":"follow","max-snippet":"max-snippet:-1","max-image-preview":"max-image-preview:large","max-video-preview":"max-video-preview:-1"},"canonical":"https:\/\/glamico.ee\/en\/pood\/olivia-garden-set-silkcut-pro-575-th-eur-vasakukaelistele\/","og_locale":"en_US","og_type":"article","og_title":"Olivia Garden SET SILKCUT PRO 575 + TH EUR vasakuk\u00e4elistele - Glamico","og_description":"Olivia Garden Silk Cut Pro k\u00e4\u00e4ride ja fileerk\u00e4\u00e4ride komplekt (LH 5,75 tolli) on Olivia Gardeni bestselleri uusim p\u00f5lvkond, mis on varustatud Pro-tehnoloogiaga veelgi suurema j\u00f5udluse ja mugavuse tagamiseks. Komplekt sisaldab juuksel\u00f5ikusk\u00e4\u00e4re ja 35 hambaga Euroopa t\u00fc\u00fcpi fileerimisk\u00e4\u00e4re. M\u00f5lemal mudelil on k\u00e4sitsi lihvitud v\u00f5imsad kumerad terad ning need on valmistatud eriti kvaliteetsest terasesulamist, mis on senisest veelgi k\u00f5vem ja vastupidavam. M\u00f5eldud [&hellip;]","og_url":"https:\/\/glamico.ee\/en\/pood\/olivia-garden-set-silkcut-pro-575-th-eur-vasakukaelistele\/","og_site_name":"Glamico","og_image":[{"width":700,"height":700,"url":"https:\/\/glamico.ee\/wp-content\/uploads\/2026\/02\/5414343015488.webp","type":"image\/webp"}],"twitter_card":"summary_large_image","twitter_misc":{"Est. reading time":"1 minute"},"schema":{"@context":"https:\/\/schema.org","@graph":[{"@type":"WebPage","@id":"https:\/\/glamico.ee\/pood\/olivia-garden-set-silkcut-pro-575-th-eur-vasakukaelistele\/","url":"https:\/\/glamico.ee\/pood\/olivia-garden-set-silkcut-pro-575-th-eur-vasakukaelistele\/","name":"Olivia Garden SET SILKCUT PRO 575 + TH EUR vasakuk\u00e4elistele - Glamico","isPartOf":{"@id":"https:\/\/glamico.ee\/#website"},"primaryImageOfPage":{"@id":"https:\/\/glamico.ee\/pood\/olivia-garden-set-silkcut-pro-575-th-eur-vasakukaelistele\/#primaryimage"},"image":{"@id":"https:\/\/glamico.ee\/pood\/olivia-garden-set-silkcut-pro-575-th-eur-vasakukaelistele\/#primaryimage"},"thumbnailUrl":"https:\/\/glamico.ee\/wp-content\/uploads\/2026\/02\/5414343015488.webp","datePublished":"2026-02-15T14:05:42+00:00","breadcrumb":{"@id":"https:\/\/glamico.ee\/pood\/olivia-garden-set-silkcut-pro-575-th-eur-vasakukaelistele\/#breadcrumb"},"inLanguage":"en-US","potentialAction":[{"@type":"ReadAction","target":["https:\/\/glamico.ee\/pood\/olivia-garden-set-silkcut-pro-575-th-eur-vasakukaelistele\/"]}]},{"@type":"ImageObject","inLanguage":"en-US","@id":"https:\/\/glamico.ee\/pood\/olivia-garden-set-silkcut-pro-575-th-eur-vasakukaelistele\/#primaryimage","url":"https:\/\/glamico.ee\/wp-content\/uploads\/2026\/02\/5414343015488.webp","contentUrl":"https:\/\/glamico.ee\/wp-content\/uploads\/2026\/02\/5414343015488.webp","width":700,"height":700},{"@type":"BreadcrumbList","@id":"https:\/\/glamico.ee\/pood\/olivia-garden-set-silkcut-pro-575-th-eur-vasakukaelistele\/#breadcrumb","itemListElement":[{"@type":"ListItem","position":1,"name":"Home","item":"https:\/\/glamico.ee\/"},{"@type":"ListItem","position":2,"name":"Pood","item":"https:\/\/glamico.ee\/pood\/"},{"@type":"ListItem","position":3,"name":"Olivia Garden SET SILKCUT PRO 575 + TH EUR vasakuk\u00e4elistele"}]},{"@type":"WebSite","@id":"https:\/\/glamico.ee\/#website","url":"https:\/\/glamico.ee\/","name":"Glamico","description":"Ilutooted","publisher":{"@id":"https:\/\/glamico.ee\/#organization"},"potentialAction":[{"@type":"SearchAction","target":{"@type":"EntryPoint","urlTemplate":"https:\/\/glamico.ee\/?s={search_term_string}"},"query-input":{"@type":"PropertyValueSpecification","valueRequired":true,"valueName":"search_term_string"}}],"inLanguage":"en-US"},{"@type":"Organization","@id":"https:\/\/glamico.ee\/#organization","name":"Glamico Baltics O\u00dc","url":"https:\/\/glamico.ee\/","logo":{"@type":"ImageObject","inLanguage":"en-US","@id":"https:\/\/glamico.ee\/#\/schema\/logo\/image\/","url":"https:\/\/glamico.ee\/wp-content\/uploads\/2025\/11\/Glamico-1.png","contentUrl":"https:\/\/glamico.ee\/wp-content\/uploads\/2025\/11\/Glamico-1.png","width":627,"height":400,"caption":"Glamico Baltics O\u00dc"},"image":{"@id":"https:\/\/glamico.ee\/#\/schema\/logo\/image\/"},"sameAs":["https:\/\/www.instagram.com\/glamico.ee\/"]}]}},"brands":[{"id":87,"name":"Olivia Garden","slug":"olivia-garden"}],"_links":{"self":[{"href":"https:\/\/glamico.ee\/en\/wp-json\/wp\/v2\/product\/2465","targetHints":{"allow":["GET"]}}],"collection":[{"href":"https:\/\/glamico.ee\/en\/wp-json\/wp\/v2\/product"}],"about":[{"href":"https:\/\/glamico.ee\/en\/wp-json\/wp\/v2\/types\/product"}],"version-history":[{"count":1,"href":"https:\/\/glamico.ee\/en\/wp-json\/wp\/v2\/product\/2465\/revisions"}],"predecessor-version":[{"id":2468,"href":"https:\/\/glamico.ee\/en\/wp-json\/wp\/v2\/product\/2465\/revisions\/2468"}],"wp:featuredmedia":[{"embeddable":true,"href":"https:\/\/glamico.ee\/en\/wp-json\/wp\/v2\/media\/2467"}],"wp:attachment":[{"href":"https:\/\/glamico.ee\/en\/wp-json\/wp\/v2\/media?parent=2465"}],"wp:term":[{"taxonomy":"pwb-brand","embeddable":true,"href":"https:\/\/glamico.ee\/en\/wp-json\/wp\/v2\/pwb-brand?post=2465"},{"taxonomy":"product_brand","embeddable":true,"href":"https:\/\/glamico.ee\/en\/wp-json\/wp\/v2\/product_brand?post=2465"},{"taxonomy":"product_cat","embeddable":true,"href":"https:\/\/glamico.ee\/en\/wp-json\/wp\/v2\/product_cat?post=2465"},{"taxonomy":"product_tag","embeddable":true,"href":"https:\/\/glamico.ee\/en\/wp-json\/wp\/v2\/product_tag?post=2465"}],"curies":[{"name":"wp","href":"https:\/\/api.w.org\/{rel}","templated":true}]}}