{"id":2444,"date":"2026-02-15T14:33:51","date_gmt":"2026-02-15T12:33:51","guid":{"rendered":"https:\/\/glamico.ee\/?post_type=product&#038;p=2444"},"modified":"2026-04-16T12:19:00","modified_gmt":"2026-04-16T10:19:00","slug":"olivia-garden-fingerbrush-combo-meedium-juuksehari-pastel-pink","status":"publish","type":"product","link":"https:\/\/glamico.ee\/en\/pood\/olivia-garden-fingerbrush-combo-meedium-juuksehari-pastel-pink\/","title":{"rendered":"Olivia Garden Fingerbrush Combo Meedium Juuksehari Pastel Pink"},"content":{"rendered":"<p>F\u00f6\u00f6ni- ja stiliseerimishari ioonidega laetud nailonpiide ja 100% metsseakarvadest harjastega.<\/p>\n<p>&#8211; spetsiaalne kumer disain on loodud pea ja juuste &#8220;kallistamiseks&#8221;<br \/>\n&#8211; unikaalne disain tagab kiire juuste kuivatamise<br \/>\n&#8211; ioonidega piid ennetavad staatikat ja kahu<br \/>\n&#8211; ergonoomiline k\u00e4epide<br \/>\n&#8211; k\u00e4epidemest eraldatav sektsioonin\u00f5el<\/p>","protected":false},"excerpt":{"rendered":"<p>F\u00f6\u00f6ni- ja stiliseerimishari ioonidega laetud nailonpiide ja 100% metsseakarvadest harjastega. &#8211; spetsiaalne kumer disain on loodud pea ja juuste &#8220;kallistamiseks&#8221; &#8211; unikaalne disain tagab kiire juuste kuivatamise &#8211; ioonidega piid ennetavad staatikat ja kahu &#8211; ergonoomiline k\u00e4epide &#8211; k\u00e4epidemest eraldatav sektsioonin\u00f5el<\/p>","protected":false},"featured_media":2446,"template":"","meta":[],"pwb-brand":[87],"product_brand":[],"product_cat":[32,16],"product_tag":[],"class_list":{"0":"post-2444","1":"product","2":"type-product","3":"status-publish","4":"has-post-thumbnail","6":"pwb-brand-olivia-garden","7":"product_cat-juustele","8":"product_cat-muu","10":"first","11":"instock","12":"sale","13":"taxable","14":"shipping-taxable","15":"purchasable","16":"product-type-simple"},"yoast_head":"<!-- This site is optimized with the Yoast SEO plugin v27.3 - https:\/\/yoast.com\/product\/yoast-seo-wordpress\/ -->\n<title>Olivia Garden Fingerbrush Combo Meedium Juuksehari Pastel Pink - Glamico<\/title>\n<meta name=\"robots\" content=\"index, follow, max-snippet:-1, max-image-preview:large, max-video-preview:-1\" \/>\n<link rel=\"canonical\" href=\"https:\/\/glamico.ee\/en\/pood\/olivia-garden-fingerbrush-combo-meedium-juuksehari-pastel-pink\/\" \/>\n<meta property=\"og:locale\" content=\"en_US\" \/>\n<meta property=\"og:type\" content=\"article\" \/>\n<meta property=\"og:title\" content=\"Olivia Garden Fingerbrush Combo Meedium Juuksehari Pastel Pink - Glamico\" \/>\n<meta property=\"og:description\" content=\"F\u00f6\u00f6ni- ja stiliseerimishari ioonidega laetud nailonpiide ja 100% metsseakarvadest harjastega. &#8211; spetsiaalne kumer disain on loodud pea ja juuste &#8220;kallistamiseks&#8221; &#8211; unikaalne disain tagab kiire juuste kuivatamise &#8211; ioonidega piid ennetavad staatikat ja kahu &#8211; ergonoomiline k\u00e4epide &#8211; k\u00e4epidemest eraldatav sektsioonin\u00f5el\" \/>\n<meta property=\"og:url\" content=\"https:\/\/glamico.ee\/en\/pood\/olivia-garden-fingerbrush-combo-meedium-juuksehari-pastel-pink\/\" \/>\n<meta property=\"og:site_name\" content=\"Glamico\" \/>\n<meta property=\"article:modified_time\" content=\"2026-04-16T10:19:00+00:00\" \/>\n<meta property=\"og:image\" content=\"https:\/\/glamico.ee\/wp-content\/uploads\/2026\/02\/5414343008534.jpg\" \/>\n\t<meta property=\"og:image:width\" content=\"1000\" \/>\n\t<meta property=\"og:image:height\" content=\"1000\" \/>\n\t<meta property=\"og:image:type\" content=\"image\/jpeg\" \/>\n<meta name=\"twitter:card\" content=\"summary_large_image\" \/>\n<meta name=\"twitter:label1\" content=\"Est. reading time\" \/>\n\t<meta name=\"twitter:data1\" content=\"1 minute\" \/>\n<script type=\"application\/ld+json\" class=\"yoast-schema-graph\">{\"@context\":\"https:\\\/\\\/schema.org\",\"@graph\":[{\"@type\":\"WebPage\",\"@id\":\"https:\\\/\\\/glamico.ee\\\/pood\\\/olivia-garden-fingerbrush-combo-meedium-juuksehari-pastel-pink\\\/\",\"url\":\"https:\\\/\\\/glamico.ee\\\/pood\\\/olivia-garden-fingerbrush-combo-meedium-juuksehari-pastel-pink\\\/\",\"name\":\"Olivia Garden Fingerbrush Combo Meedium Juuksehari Pastel Pink - Glamico\",\"isPartOf\":{\"@id\":\"https:\\\/\\\/glamico.ee\\\/#website\"},\"primaryImageOfPage\":{\"@id\":\"https:\\\/\\\/glamico.ee\\\/pood\\\/olivia-garden-fingerbrush-combo-meedium-juuksehari-pastel-pink\\\/#primaryimage\"},\"image\":{\"@id\":\"https:\\\/\\\/glamico.ee\\\/pood\\\/olivia-garden-fingerbrush-combo-meedium-juuksehari-pastel-pink\\\/#primaryimage\"},\"thumbnailUrl\":\"https:\\\/\\\/glamico.ee\\\/wp-content\\\/uploads\\\/2026\\\/02\\\/5414343008534.jpg\",\"datePublished\":\"2026-02-15T12:33:51+00:00\",\"dateModified\":\"2026-04-16T10:19:00+00:00\",\"breadcrumb\":{\"@id\":\"https:\\\/\\\/glamico.ee\\\/pood\\\/olivia-garden-fingerbrush-combo-meedium-juuksehari-pastel-pink\\\/#breadcrumb\"},\"inLanguage\":\"en-US\",\"potentialAction\":[{\"@type\":\"ReadAction\",\"target\":[\"https:\\\/\\\/glamico.ee\\\/pood\\\/olivia-garden-fingerbrush-combo-meedium-juuksehari-pastel-pink\\\/\"]}]},{\"@type\":\"ImageObject\",\"inLanguage\":\"en-US\",\"@id\":\"https:\\\/\\\/glamico.ee\\\/pood\\\/olivia-garden-fingerbrush-combo-meedium-juuksehari-pastel-pink\\\/#primaryimage\",\"url\":\"https:\\\/\\\/glamico.ee\\\/wp-content\\\/uploads\\\/2026\\\/02\\\/5414343008534.jpg\",\"contentUrl\":\"https:\\\/\\\/glamico.ee\\\/wp-content\\\/uploads\\\/2026\\\/02\\\/5414343008534.jpg\",\"width\":1000,\"height\":1000},{\"@type\":\"BreadcrumbList\",\"@id\":\"https:\\\/\\\/glamico.ee\\\/pood\\\/olivia-garden-fingerbrush-combo-meedium-juuksehari-pastel-pink\\\/#breadcrumb\",\"itemListElement\":[{\"@type\":\"ListItem\",\"position\":1,\"name\":\"Home\",\"item\":\"https:\\\/\\\/glamico.ee\\\/\"},{\"@type\":\"ListItem\",\"position\":2,\"name\":\"Pood\",\"item\":\"https:\\\/\\\/glamico.ee\\\/pood\\\/\"},{\"@type\":\"ListItem\",\"position\":3,\"name\":\"Olivia Garden Fingerbrush Combo Meedium Juuksehari Pastel Pink\"}]},{\"@type\":\"WebSite\",\"@id\":\"https:\\\/\\\/glamico.ee\\\/#website\",\"url\":\"https:\\\/\\\/glamico.ee\\\/\",\"name\":\"Glamico\",\"description\":\"Ilutooted\",\"publisher\":{\"@id\":\"https:\\\/\\\/glamico.ee\\\/#organization\"},\"potentialAction\":[{\"@type\":\"SearchAction\",\"target\":{\"@type\":\"EntryPoint\",\"urlTemplate\":\"https:\\\/\\\/glamico.ee\\\/?s={search_term_string}\"},\"query-input\":{\"@type\":\"PropertyValueSpecification\",\"valueRequired\":true,\"valueName\":\"search_term_string\"}}],\"inLanguage\":\"en-US\"},{\"@type\":\"Organization\",\"@id\":\"https:\\\/\\\/glamico.ee\\\/#organization\",\"name\":\"Glamico Baltics O\u00dc\",\"url\":\"https:\\\/\\\/glamico.ee\\\/\",\"logo\":{\"@type\":\"ImageObject\",\"inLanguage\":\"en-US\",\"@id\":\"https:\\\/\\\/glamico.ee\\\/#\\\/schema\\\/logo\\\/image\\\/\",\"url\":\"https:\\\/\\\/glamico.ee\\\/wp-content\\\/uploads\\\/2025\\\/11\\\/Glamico-1.png\",\"contentUrl\":\"https:\\\/\\\/glamico.ee\\\/wp-content\\\/uploads\\\/2025\\\/11\\\/Glamico-1.png\",\"width\":627,\"height\":400,\"caption\":\"Glamico Baltics O\u00dc\"},\"image\":{\"@id\":\"https:\\\/\\\/glamico.ee\\\/#\\\/schema\\\/logo\\\/image\\\/\"},\"sameAs\":[\"https:\\\/\\\/www.instagram.com\\\/glamico.ee\\\/\"]}]}<\/script>\n<!-- \/ Yoast SEO plugin. -->","yoast_head_json":{"title":"Olivia Garden Fingerbrush Combo Meedium Juuksehari Pastel Pink - Glamico","robots":{"index":"index","follow":"follow","max-snippet":"max-snippet:-1","max-image-preview":"max-image-preview:large","max-video-preview":"max-video-preview:-1"},"canonical":"https:\/\/glamico.ee\/en\/pood\/olivia-garden-fingerbrush-combo-meedium-juuksehari-pastel-pink\/","og_locale":"en_US","og_type":"article","og_title":"Olivia Garden Fingerbrush Combo Meedium Juuksehari Pastel Pink - Glamico","og_description":"F\u00f6\u00f6ni- ja stiliseerimishari ioonidega laetud nailonpiide ja 100% metsseakarvadest harjastega. &#8211; spetsiaalne kumer disain on loodud pea ja juuste &#8220;kallistamiseks&#8221; &#8211; unikaalne disain tagab kiire juuste kuivatamise &#8211; ioonidega piid ennetavad staatikat ja kahu &#8211; ergonoomiline k\u00e4epide &#8211; k\u00e4epidemest eraldatav sektsioonin\u00f5el","og_url":"https:\/\/glamico.ee\/en\/pood\/olivia-garden-fingerbrush-combo-meedium-juuksehari-pastel-pink\/","og_site_name":"Glamico","article_modified_time":"2026-04-16T10:19:00+00:00","og_image":[{"width":1000,"height":1000,"url":"https:\/\/glamico.ee\/wp-content\/uploads\/2026\/02\/5414343008534.jpg","type":"image\/jpeg"}],"twitter_card":"summary_large_image","twitter_misc":{"Est. reading time":"1 minute"},"schema":{"@context":"https:\/\/schema.org","@graph":[{"@type":"WebPage","@id":"https:\/\/glamico.ee\/pood\/olivia-garden-fingerbrush-combo-meedium-juuksehari-pastel-pink\/","url":"https:\/\/glamico.ee\/pood\/olivia-garden-fingerbrush-combo-meedium-juuksehari-pastel-pink\/","name":"Olivia Garden Fingerbrush Combo Meedium Juuksehari Pastel Pink - Glamico","isPartOf":{"@id":"https:\/\/glamico.ee\/#website"},"primaryImageOfPage":{"@id":"https:\/\/glamico.ee\/pood\/olivia-garden-fingerbrush-combo-meedium-juuksehari-pastel-pink\/#primaryimage"},"image":{"@id":"https:\/\/glamico.ee\/pood\/olivia-garden-fingerbrush-combo-meedium-juuksehari-pastel-pink\/#primaryimage"},"thumbnailUrl":"https:\/\/glamico.ee\/wp-content\/uploads\/2026\/02\/5414343008534.jpg","datePublished":"2026-02-15T12:33:51+00:00","dateModified":"2026-04-16T10:19:00+00:00","breadcrumb":{"@id":"https:\/\/glamico.ee\/pood\/olivia-garden-fingerbrush-combo-meedium-juuksehari-pastel-pink\/#breadcrumb"},"inLanguage":"en-US","potentialAction":[{"@type":"ReadAction","target":["https:\/\/glamico.ee\/pood\/olivia-garden-fingerbrush-combo-meedium-juuksehari-pastel-pink\/"]}]},{"@type":"ImageObject","inLanguage":"en-US","@id":"https:\/\/glamico.ee\/pood\/olivia-garden-fingerbrush-combo-meedium-juuksehari-pastel-pink\/#primaryimage","url":"https:\/\/glamico.ee\/wp-content\/uploads\/2026\/02\/5414343008534.jpg","contentUrl":"https:\/\/glamico.ee\/wp-content\/uploads\/2026\/02\/5414343008534.jpg","width":1000,"height":1000},{"@type":"BreadcrumbList","@id":"https:\/\/glamico.ee\/pood\/olivia-garden-fingerbrush-combo-meedium-juuksehari-pastel-pink\/#breadcrumb","itemListElement":[{"@type":"ListItem","position":1,"name":"Home","item":"https:\/\/glamico.ee\/"},{"@type":"ListItem","position":2,"name":"Pood","item":"https:\/\/glamico.ee\/pood\/"},{"@type":"ListItem","position":3,"name":"Olivia Garden Fingerbrush Combo Meedium Juuksehari Pastel Pink"}]},{"@type":"WebSite","@id":"https:\/\/glamico.ee\/#website","url":"https:\/\/glamico.ee\/","name":"Glamico","description":"Ilutooted","publisher":{"@id":"https:\/\/glamico.ee\/#organization"},"potentialAction":[{"@type":"SearchAction","target":{"@type":"EntryPoint","urlTemplate":"https:\/\/glamico.ee\/?s={search_term_string}"},"query-input":{"@type":"PropertyValueSpecification","valueRequired":true,"valueName":"search_term_string"}}],"inLanguage":"en-US"},{"@type":"Organization","@id":"https:\/\/glamico.ee\/#organization","name":"Glamico Baltics O\u00dc","url":"https:\/\/glamico.ee\/","logo":{"@type":"ImageObject","inLanguage":"en-US","@id":"https:\/\/glamico.ee\/#\/schema\/logo\/image\/","url":"https:\/\/glamico.ee\/wp-content\/uploads\/2025\/11\/Glamico-1.png","contentUrl":"https:\/\/glamico.ee\/wp-content\/uploads\/2025\/11\/Glamico-1.png","width":627,"height":400,"caption":"Glamico Baltics O\u00dc"},"image":{"@id":"https:\/\/glamico.ee\/#\/schema\/logo\/image\/"},"sameAs":["https:\/\/www.instagram.com\/glamico.ee\/"]}]}},"brands":[{"id":87,"name":"Olivia Garden","slug":"olivia-garden"}],"_links":{"self":[{"href":"https:\/\/glamico.ee\/en\/wp-json\/wp\/v2\/product\/2444","targetHints":{"allow":["GET"]}}],"collection":[{"href":"https:\/\/glamico.ee\/en\/wp-json\/wp\/v2\/product"}],"about":[{"href":"https:\/\/glamico.ee\/en\/wp-json\/wp\/v2\/types\/product"}],"version-history":[{"count":2,"href":"https:\/\/glamico.ee\/en\/wp-json\/wp\/v2\/product\/2444\/revisions"}],"predecessor-version":[{"id":2674,"href":"https:\/\/glamico.ee\/en\/wp-json\/wp\/v2\/product\/2444\/revisions\/2674"}],"wp:featuredmedia":[{"embeddable":true,"href":"https:\/\/glamico.ee\/en\/wp-json\/wp\/v2\/media\/2446"}],"wp:attachment":[{"href":"https:\/\/glamico.ee\/en\/wp-json\/wp\/v2\/media?parent=2444"}],"wp:term":[{"taxonomy":"pwb-brand","embeddable":true,"href":"https:\/\/glamico.ee\/en\/wp-json\/wp\/v2\/pwb-brand?post=2444"},{"taxonomy":"product_brand","embeddable":true,"href":"https:\/\/glamico.ee\/en\/wp-json\/wp\/v2\/product_brand?post=2444"},{"taxonomy":"product_cat","embeddable":true,"href":"https:\/\/glamico.ee\/en\/wp-json\/wp\/v2\/product_cat?post=2444"},{"taxonomy":"product_tag","embeddable":true,"href":"https:\/\/glamico.ee\/en\/wp-json\/wp\/v2\/product_tag?post=2444"}],"curies":[{"name":"wp","href":"https:\/\/api.w.org\/{rel}","templated":true}]}}