{"id":2436,"date":"2026-02-15T14:01:00","date_gmt":"2026-02-15T12:01:00","guid":{"rendered":"https:\/\/glamico.ee\/?post_type=product&#038;p=2436"},"modified":"2026-03-06T00:26:03","modified_gmt":"2026-03-05T22:26:03","slug":"olivia-garden-expert-care-oval-boar-nylon-black","status":"publish","type":"product","link":"https:\/\/glamico.ee\/en\/pood\/olivia-garden-expert-care-oval-boar-nylon-black\/","title":{"rendered":"Olivia Garden &#8211; Expert Care Oval Boar &#038; Nylon &#8211; Black"},"content":{"rendered":"<p>Elegantse musta viimistlusega Olivia Garden Care Oval Boar &amp; Nylon Black juuksehari \u00fchendab endas ehtsate metsseaharjaste ja nailonpiide eelised, pakkudes \u00fclimat juuksehooldust. Naturaalsed metsseaharjased pakuvad \u00f5rna peanahamassaa\u017ei ja jaotavad juuste loomulikke \u00f5lisid, tagades l\u00e4ikiva ja terve v\u00e4limuse. Samal ajal harutavad nailonpiid vaevata lahti k\u00f5ik s\u00f5lmed ja pusad. See hari on asendamatu abiline siidiste, l\u00e4ikivate juuste ja meeldiva viimistluskogemuse saavutamiseks. Kogege professionaalse juuksehoolduse luksust \u2013 see on teie igap\u00e4evane kingitus kaunite juuste heaks.<\/p>\n<p>Peamised omadused:<br \/>\nProfessionaalne luksus: Pakub tipptasemel juuksehooldust igap\u00e4evaseks kasutamiseks.<\/p>\n<p>Peanaha massaa\u017e: Metsseaharjased masseerivad \u00f5rnalt peanahka, mis stimuleerib vereringet ja v\u00f5ib soodustada juuste kasvu.<\/p>\n<p>Terve l\u00e4ige: Metsseaharjased jaotavad peanaha loomulikud \u00f5lid juuksejuurtest otsteni, andes juustele terve s\u00e4ra.<\/p>\n<p>Kaksikharjased: Kombinatsioon painduvatest nailonpiidest ja naturaalsetest metsseaharjastest.<\/p>\n<p>Ergonoomiline disain: Ovaalne kuju tagab mugava haarde ja lihtsa k\u00e4sitsemise viimistlemise ajal.<\/p>\n<p>T\u00f5hus pusade eemaldamine: Harutab juuksed lahti kergelt ja s\u00e4\u00e4stvalt.<\/p>\n<p>Kasutusjuhend:<br \/>\nEttevalmistus: Alustage puhaste ja kuivade juustega. Harutage s\u00f5rmedega lahti suuremad puntrad.<\/p>\n<p>Jaotamine: Parema tulemuse saavutamiseks jaotage juuksed sektsioonideks, eriti kui teil on paksud v\u00f5i pikad juuksed.<\/p>\n<p>Harjamine: Alustage harjamist peanahast ja liikuge otste poole. Tegutsege pusadega \u00f5rnalt.<\/p>\n<p>Massaa\u017e: Nautige metsseaharjaste pakutavat pehmet peanahamassaa\u017ei vereringe elavdamiseks.<\/p>\n<p>Viimistlemine: Kasutage harja soovitud soengu loomiseks. Nailonpiid aitavad saavutada t\u00e4pse ja kauni l\u00f5pptulemuse.<\/p>","protected":false},"excerpt":{"rendered":"<p>Elegantse musta viimistlusega Olivia Garden Care Oval Boar &amp; Nylon Black juuksehari \u00fchendab endas ehtsate metsseaharjaste ja nailonpiide eelised, pakkudes \u00fclimat juuksehooldust. Naturaalsed metsseaharjased pakuvad \u00f5rna peanahamassaa\u017ei ja jaotavad juuste loomulikke \u00f5lisid, tagades l\u00e4ikiva ja terve v\u00e4limuse. Samal ajal harutavad nailonpiid vaevata lahti k\u00f5ik s\u00f5lmed ja pusad. See hari on asendamatu abiline siidiste, l\u00e4ikivate juuste ja meeldiva viimistluskogemuse saavutamiseks. Kogege [&hellip;]<\/p>\n","protected":false},"featured_media":2438,"template":"","meta":[],"pwb-brand":[87],"product_brand":[],"product_cat":[32,16],"product_tag":[],"class_list":{"0":"post-2436","1":"product","2":"type-product","3":"status-publish","4":"has-post-thumbnail","6":"pwb-brand-olivia-garden","7":"product_cat-juustele","8":"product_cat-muu","10":"first","11":"instock","12":"sale","13":"taxable","14":"shipping-taxable","15":"purchasable","16":"product-type-simple"},"yoast_head":"<!-- This site is optimized with the Yoast SEO plugin v27.3 - https:\/\/yoast.com\/product\/yoast-seo-wordpress\/ -->\n<title>Olivia Garden - Expert Care Oval Boar &amp; Nylon - Black - Glamico<\/title>\n<meta name=\"robots\" content=\"index, follow, max-snippet:-1, max-image-preview:large, max-video-preview:-1\" \/>\n<link rel=\"canonical\" href=\"https:\/\/glamico.ee\/en\/pood\/olivia-garden-expert-care-oval-boar-nylon-black\/\" \/>\n<meta property=\"og:locale\" content=\"en_US\" \/>\n<meta property=\"og:type\" content=\"article\" \/>\n<meta property=\"og:title\" content=\"Olivia Garden - Expert Care Oval Boar &amp; Nylon - Black - Glamico\" \/>\n<meta property=\"og:description\" content=\"Elegantse musta viimistlusega Olivia Garden Care Oval Boar &amp; Nylon Black juuksehari \u00fchendab endas ehtsate metsseaharjaste ja nailonpiide eelised, pakkudes \u00fclimat juuksehooldust. Naturaalsed metsseaharjased pakuvad \u00f5rna peanahamassaa\u017ei ja jaotavad juuste loomulikke \u00f5lisid, tagades l\u00e4ikiva ja terve v\u00e4limuse. Samal ajal harutavad nailonpiid vaevata lahti k\u00f5ik s\u00f5lmed ja pusad. See hari on asendamatu abiline siidiste, l\u00e4ikivate juuste ja meeldiva viimistluskogemuse saavutamiseks. Kogege [&hellip;]\" \/>\n<meta property=\"og:url\" content=\"https:\/\/glamico.ee\/en\/pood\/olivia-garden-expert-care-oval-boar-nylon-black\/\" \/>\n<meta property=\"og:site_name\" content=\"Glamico\" \/>\n<meta property=\"article:modified_time\" content=\"2026-03-05T22:26:03+00:00\" \/>\n<meta property=\"og:image\" content=\"https:\/\/glamico.ee\/wp-content\/uploads\/2026\/02\/5414343021335-olivia-garden-expert-care-oval-boar-nylon-black.webp\" \/>\n\t<meta property=\"og:image:width\" content=\"480\" \/>\n\t<meta property=\"og:image:height\" content=\"480\" \/>\n\t<meta property=\"og:image:type\" content=\"image\/webp\" \/>\n<meta name=\"twitter:card\" content=\"summary_large_image\" \/>\n<meta name=\"twitter:label1\" content=\"Est. reading time\" \/>\n\t<meta name=\"twitter:data1\" content=\"2 minutes\" \/>\n<script type=\"application\/ld+json\" class=\"yoast-schema-graph\">{\"@context\":\"https:\\\/\\\/schema.org\",\"@graph\":[{\"@type\":\"WebPage\",\"@id\":\"https:\\\/\\\/glamico.ee\\\/pood\\\/olivia-garden-expert-care-oval-boar-nylon-black\\\/\",\"url\":\"https:\\\/\\\/glamico.ee\\\/pood\\\/olivia-garden-expert-care-oval-boar-nylon-black\\\/\",\"name\":\"Olivia Garden - Expert Care Oval Boar & Nylon - Black - Glamico\",\"isPartOf\":{\"@id\":\"https:\\\/\\\/glamico.ee\\\/#website\"},\"primaryImageOfPage\":{\"@id\":\"https:\\\/\\\/glamico.ee\\\/pood\\\/olivia-garden-expert-care-oval-boar-nylon-black\\\/#primaryimage\"},\"image\":{\"@id\":\"https:\\\/\\\/glamico.ee\\\/pood\\\/olivia-garden-expert-care-oval-boar-nylon-black\\\/#primaryimage\"},\"thumbnailUrl\":\"https:\\\/\\\/glamico.ee\\\/wp-content\\\/uploads\\\/2026\\\/02\\\/5414343021335-olivia-garden-expert-care-oval-boar-nylon-black.webp\",\"datePublished\":\"2026-02-15T12:01:00+00:00\",\"dateModified\":\"2026-03-05T22:26:03+00:00\",\"breadcrumb\":{\"@id\":\"https:\\\/\\\/glamico.ee\\\/pood\\\/olivia-garden-expert-care-oval-boar-nylon-black\\\/#breadcrumb\"},\"inLanguage\":\"en-US\",\"potentialAction\":[{\"@type\":\"ReadAction\",\"target\":[\"https:\\\/\\\/glamico.ee\\\/pood\\\/olivia-garden-expert-care-oval-boar-nylon-black\\\/\"]}]},{\"@type\":\"ImageObject\",\"inLanguage\":\"en-US\",\"@id\":\"https:\\\/\\\/glamico.ee\\\/pood\\\/olivia-garden-expert-care-oval-boar-nylon-black\\\/#primaryimage\",\"url\":\"https:\\\/\\\/glamico.ee\\\/wp-content\\\/uploads\\\/2026\\\/02\\\/5414343021335-olivia-garden-expert-care-oval-boar-nylon-black.webp\",\"contentUrl\":\"https:\\\/\\\/glamico.ee\\\/wp-content\\\/uploads\\\/2026\\\/02\\\/5414343021335-olivia-garden-expert-care-oval-boar-nylon-black.webp\",\"width\":480,\"height\":480},{\"@type\":\"BreadcrumbList\",\"@id\":\"https:\\\/\\\/glamico.ee\\\/pood\\\/olivia-garden-expert-care-oval-boar-nylon-black\\\/#breadcrumb\",\"itemListElement\":[{\"@type\":\"ListItem\",\"position\":1,\"name\":\"Home\",\"item\":\"https:\\\/\\\/glamico.ee\\\/\"},{\"@type\":\"ListItem\",\"position\":2,\"name\":\"Pood\",\"item\":\"https:\\\/\\\/glamico.ee\\\/pood\\\/\"},{\"@type\":\"ListItem\",\"position\":3,\"name\":\"Olivia Garden &#8211; Expert Care Oval Boar &#038; Nylon &#8211; Black\"}]},{\"@type\":\"WebSite\",\"@id\":\"https:\\\/\\\/glamico.ee\\\/#website\",\"url\":\"https:\\\/\\\/glamico.ee\\\/\",\"name\":\"Glamico\",\"description\":\"Ilutooted\",\"publisher\":{\"@id\":\"https:\\\/\\\/glamico.ee\\\/#organization\"},\"potentialAction\":[{\"@type\":\"SearchAction\",\"target\":{\"@type\":\"EntryPoint\",\"urlTemplate\":\"https:\\\/\\\/glamico.ee\\\/?s={search_term_string}\"},\"query-input\":{\"@type\":\"PropertyValueSpecification\",\"valueRequired\":true,\"valueName\":\"search_term_string\"}}],\"inLanguage\":\"en-US\"},{\"@type\":\"Organization\",\"@id\":\"https:\\\/\\\/glamico.ee\\\/#organization\",\"name\":\"Glamico Baltics O\u00dc\",\"url\":\"https:\\\/\\\/glamico.ee\\\/\",\"logo\":{\"@type\":\"ImageObject\",\"inLanguage\":\"en-US\",\"@id\":\"https:\\\/\\\/glamico.ee\\\/#\\\/schema\\\/logo\\\/image\\\/\",\"url\":\"https:\\\/\\\/glamico.ee\\\/wp-content\\\/uploads\\\/2025\\\/11\\\/Glamico-1.png\",\"contentUrl\":\"https:\\\/\\\/glamico.ee\\\/wp-content\\\/uploads\\\/2025\\\/11\\\/Glamico-1.png\",\"width\":627,\"height\":400,\"caption\":\"Glamico Baltics O\u00dc\"},\"image\":{\"@id\":\"https:\\\/\\\/glamico.ee\\\/#\\\/schema\\\/logo\\\/image\\\/\"},\"sameAs\":[\"https:\\\/\\\/www.instagram.com\\\/glamico.ee\\\/\"]}]}<\/script>\n<!-- \/ Yoast SEO plugin. -->","yoast_head_json":{"title":"Olivia Garden - Expert Care Oval Boar & Nylon - Black - Glamico","robots":{"index":"index","follow":"follow","max-snippet":"max-snippet:-1","max-image-preview":"max-image-preview:large","max-video-preview":"max-video-preview:-1"},"canonical":"https:\/\/glamico.ee\/en\/pood\/olivia-garden-expert-care-oval-boar-nylon-black\/","og_locale":"en_US","og_type":"article","og_title":"Olivia Garden - Expert Care Oval Boar & Nylon - Black - Glamico","og_description":"Elegantse musta viimistlusega Olivia Garden Care Oval Boar &amp; Nylon Black juuksehari \u00fchendab endas ehtsate metsseaharjaste ja nailonpiide eelised, pakkudes \u00fclimat juuksehooldust. Naturaalsed metsseaharjased pakuvad \u00f5rna peanahamassaa\u017ei ja jaotavad juuste loomulikke \u00f5lisid, tagades l\u00e4ikiva ja terve v\u00e4limuse. Samal ajal harutavad nailonpiid vaevata lahti k\u00f5ik s\u00f5lmed ja pusad. See hari on asendamatu abiline siidiste, l\u00e4ikivate juuste ja meeldiva viimistluskogemuse saavutamiseks. Kogege [&hellip;]","og_url":"https:\/\/glamico.ee\/en\/pood\/olivia-garden-expert-care-oval-boar-nylon-black\/","og_site_name":"Glamico","article_modified_time":"2026-03-05T22:26:03+00:00","og_image":[{"width":480,"height":480,"url":"https:\/\/glamico.ee\/wp-content\/uploads\/2026\/02\/5414343021335-olivia-garden-expert-care-oval-boar-nylon-black.webp","type":"image\/webp"}],"twitter_card":"summary_large_image","twitter_misc":{"Est. reading time":"2 minutes"},"schema":{"@context":"https:\/\/schema.org","@graph":[{"@type":"WebPage","@id":"https:\/\/glamico.ee\/pood\/olivia-garden-expert-care-oval-boar-nylon-black\/","url":"https:\/\/glamico.ee\/pood\/olivia-garden-expert-care-oval-boar-nylon-black\/","name":"Olivia Garden - Expert Care Oval Boar & Nylon - Black - Glamico","isPartOf":{"@id":"https:\/\/glamico.ee\/#website"},"primaryImageOfPage":{"@id":"https:\/\/glamico.ee\/pood\/olivia-garden-expert-care-oval-boar-nylon-black\/#primaryimage"},"image":{"@id":"https:\/\/glamico.ee\/pood\/olivia-garden-expert-care-oval-boar-nylon-black\/#primaryimage"},"thumbnailUrl":"https:\/\/glamico.ee\/wp-content\/uploads\/2026\/02\/5414343021335-olivia-garden-expert-care-oval-boar-nylon-black.webp","datePublished":"2026-02-15T12:01:00+00:00","dateModified":"2026-03-05T22:26:03+00:00","breadcrumb":{"@id":"https:\/\/glamico.ee\/pood\/olivia-garden-expert-care-oval-boar-nylon-black\/#breadcrumb"},"inLanguage":"en-US","potentialAction":[{"@type":"ReadAction","target":["https:\/\/glamico.ee\/pood\/olivia-garden-expert-care-oval-boar-nylon-black\/"]}]},{"@type":"ImageObject","inLanguage":"en-US","@id":"https:\/\/glamico.ee\/pood\/olivia-garden-expert-care-oval-boar-nylon-black\/#primaryimage","url":"https:\/\/glamico.ee\/wp-content\/uploads\/2026\/02\/5414343021335-olivia-garden-expert-care-oval-boar-nylon-black.webp","contentUrl":"https:\/\/glamico.ee\/wp-content\/uploads\/2026\/02\/5414343021335-olivia-garden-expert-care-oval-boar-nylon-black.webp","width":480,"height":480},{"@type":"BreadcrumbList","@id":"https:\/\/glamico.ee\/pood\/olivia-garden-expert-care-oval-boar-nylon-black\/#breadcrumb","itemListElement":[{"@type":"ListItem","position":1,"name":"Home","item":"https:\/\/glamico.ee\/"},{"@type":"ListItem","position":2,"name":"Pood","item":"https:\/\/glamico.ee\/pood\/"},{"@type":"ListItem","position":3,"name":"Olivia Garden &#8211; Expert Care Oval Boar &#038; Nylon &#8211; Black"}]},{"@type":"WebSite","@id":"https:\/\/glamico.ee\/#website","url":"https:\/\/glamico.ee\/","name":"Glamico","description":"Ilutooted","publisher":{"@id":"https:\/\/glamico.ee\/#organization"},"potentialAction":[{"@type":"SearchAction","target":{"@type":"EntryPoint","urlTemplate":"https:\/\/glamico.ee\/?s={search_term_string}"},"query-input":{"@type":"PropertyValueSpecification","valueRequired":true,"valueName":"search_term_string"}}],"inLanguage":"en-US"},{"@type":"Organization","@id":"https:\/\/glamico.ee\/#organization","name":"Glamico Baltics O\u00dc","url":"https:\/\/glamico.ee\/","logo":{"@type":"ImageObject","inLanguage":"en-US","@id":"https:\/\/glamico.ee\/#\/schema\/logo\/image\/","url":"https:\/\/glamico.ee\/wp-content\/uploads\/2025\/11\/Glamico-1.png","contentUrl":"https:\/\/glamico.ee\/wp-content\/uploads\/2025\/11\/Glamico-1.png","width":627,"height":400,"caption":"Glamico Baltics O\u00dc"},"image":{"@id":"https:\/\/glamico.ee\/#\/schema\/logo\/image\/"},"sameAs":["https:\/\/www.instagram.com\/glamico.ee\/"]}]}},"brands":[{"id":87,"name":"Olivia Garden","slug":"olivia-garden"}],"_links":{"self":[{"href":"https:\/\/glamico.ee\/en\/wp-json\/wp\/v2\/product\/2436","targetHints":{"allow":["GET"]}}],"collection":[{"href":"https:\/\/glamico.ee\/en\/wp-json\/wp\/v2\/product"}],"about":[{"href":"https:\/\/glamico.ee\/en\/wp-json\/wp\/v2\/types\/product"}],"version-history":[{"count":1,"href":"https:\/\/glamico.ee\/en\/wp-json\/wp\/v2\/product\/2436\/revisions"}],"predecessor-version":[{"id":2439,"href":"https:\/\/glamico.ee\/en\/wp-json\/wp\/v2\/product\/2436\/revisions\/2439"}],"wp:featuredmedia":[{"embeddable":true,"href":"https:\/\/glamico.ee\/en\/wp-json\/wp\/v2\/media\/2438"}],"wp:attachment":[{"href":"https:\/\/glamico.ee\/en\/wp-json\/wp\/v2\/media?parent=2436"}],"wp:term":[{"taxonomy":"pwb-brand","embeddable":true,"href":"https:\/\/glamico.ee\/en\/wp-json\/wp\/v2\/pwb-brand?post=2436"},{"taxonomy":"product_brand","embeddable":true,"href":"https:\/\/glamico.ee\/en\/wp-json\/wp\/v2\/product_brand?post=2436"},{"taxonomy":"product_cat","embeddable":true,"href":"https:\/\/glamico.ee\/en\/wp-json\/wp\/v2\/product_cat?post=2436"},{"taxonomy":"product_tag","embeddable":true,"href":"https:\/\/glamico.ee\/en\/wp-json\/wp\/v2\/product_tag?post=2436"}],"curies":[{"name":"wp","href":"https:\/\/api.w.org\/{rel}","templated":true}]}}