{"id":2416,"date":"2026-02-15T13:35:56","date_gmt":"2026-02-15T11:35:56","guid":{"rendered":"https:\/\/glamico.ee\/?post_type=product&#038;p=2416"},"modified":"2026-02-15T13:35:56","modified_gmt":"2026-02-15T11:35:56","slug":"olivia-garden-care-oval-boar-nylon-pink","status":"publish","type":"product","link":"https:\/\/glamico.ee\/en\/pood\/olivia-garden-care-oval-boar-nylon-pink\/","title":{"rendered":"Olivia Garden &#8211; Care Oval &#8211; Boar &#038; Nylon &#8211; Pink"},"content":{"rendered":"<p>Elegantse roosa tooniga Olivia Garden Care Boar &amp; Nylon Oval Pink on ideaalne juuksehari igap\u00e4evaseks hoolduseks. T\u00e4nu hoolikalt valitud metsseaharjastele saate nautida \u00f5rna ja luksuslikku peanahamassaa\u017ei, samal ajal kui nailonpiid harutavad vaevata lahti k\u00f5ik pusad ja s\u00f5lmed. See hari teeb enamat kui vaid viimistleb \u2013 see parandab peanaha tervist ja annab juustele kauni l\u00e4ike. Ovaalne kuju istub mugavalt k\u00e4tte ja libiseb kergelt l\u00e4bi k\u00f5ikide juukset\u00fc\u00fcpide. Avastage \u00fclim juuksehooldus Olivia Garden Care Oval harjaga, millel on lummav roosa disain.<\/p>\n<p>Peamised omadused:<br \/>\nVereringe soodustamine: Masseerib peanahka ja ergutab vereringet.<\/p>\n<p>Terve l\u00e4ige: Annab juustele loomuliku s\u00e4ra ja terve v\u00e4limuse.<\/p>\n<p>Universaalne: Sobib k\u00f5ikidele juukset\u00fc\u00fcpidele.<\/p>\n<p>\u00d5rn pusade eemaldamine: Harutab juuksed lahti ilma neid kahjustamata.<\/p>\n<p>Kombineeritud harjased: Segu ehtsatest metsseaharjastest ja nailonpiidest.<\/p>\n<p>Kasutusjuhend:<br \/>\nEttevalmistus: Veenduge enne harjamist, et juuksed on kuivad v\u00f5i kergelt niisked. See aitab v\u00e4ltida m\u00e4rgade juuste kahjustamist.<\/p>\n<p>Jaotamine: Jagage juuksed osadeks, et harjamine oleks lihtsam. Alustage otstest ja liikuge aeglaselt \u00fclespoole.<\/p>\n<p>Tehnika: Hoidke harja mugavalt k\u00e4es ja tehke pehmeid, aeglasi liigutusi. Kasutage metsseaharjaseid peanaha \u00f5rnaks massaa\u017eiks, samal ajal kui nailonpiid tegelevad pusadega.<\/p>\n<p>Viimistlemine: Kasutage harja ka soengu kujundamiseks. Ovaalne kuju aitab lisada juustele kohevust ja l\u00e4iget.<\/p>\n<p>Hooldus: P\u00e4rast kasutamist puhastage hari, eemaldades lahtised karvad ettevaatlikult kammi abil. Harja parima seisukorra s\u00e4ilitamiseks hoidke seda kuivas kohas.<\/p>","protected":false},"excerpt":{"rendered":"<p>Elegantse roosa tooniga Olivia Garden Care Boar &amp; Nylon Oval Pink on ideaalne juuksehari igap\u00e4evaseks hoolduseks. T\u00e4nu hoolikalt valitud metsseaharjastele saate nautida \u00f5rna ja luksuslikku peanahamassaa\u017ei, samal ajal kui nailonpiid harutavad vaevata lahti k\u00f5ik pusad ja s\u00f5lmed. See hari teeb enamat kui vaid viimistleb \u2013 see parandab peanaha tervist ja annab juustele kauni l\u00e4ike. Ovaalne kuju istub mugavalt k\u00e4tte ja [&hellip;]<\/p>\n","protected":false},"featured_media":2418,"template":"","meta":[],"pwb-brand":[87],"product_brand":[],"product_cat":[32,16],"product_tag":[],"class_list":{"0":"post-2416","1":"product","2":"type-product","3":"status-publish","4":"has-post-thumbnail","6":"pwb-brand-olivia-garden","7":"product_cat-juustele","8":"product_cat-muu","10":"first","11":"instock","12":"sale","13":"taxable","14":"shipping-taxable","15":"purchasable","16":"product-type-simple"},"yoast_head":"<!-- This site is optimized with the Yoast SEO plugin v27.3 - https:\/\/yoast.com\/product\/yoast-seo-wordpress\/ -->\n<title>Olivia Garden - Care Oval - Boar &amp; Nylon - Pink - Glamico<\/title>\n<meta name=\"robots\" content=\"index, follow, max-snippet:-1, max-image-preview:large, max-video-preview:-1\" \/>\n<link rel=\"canonical\" href=\"https:\/\/glamico.ee\/en\/pood\/olivia-garden-care-oval-boar-nylon-pink\/\" \/>\n<meta property=\"og:locale\" content=\"en_US\" \/>\n<meta property=\"og:type\" content=\"article\" \/>\n<meta property=\"og:title\" content=\"Olivia Garden - Care Oval - Boar &amp; Nylon - Pink - Glamico\" \/>\n<meta property=\"og:description\" content=\"Elegantse roosa tooniga Olivia Garden Care Boar &amp; Nylon Oval Pink on ideaalne juuksehari igap\u00e4evaseks hoolduseks. T\u00e4nu hoolikalt valitud metsseaharjastele saate nautida \u00f5rna ja luksuslikku peanahamassaa\u017ei, samal ajal kui nailonpiid harutavad vaevata lahti k\u00f5ik pusad ja s\u00f5lmed. See hari teeb enamat kui vaid viimistleb \u2013 see parandab peanaha tervist ja annab juustele kauni l\u00e4ike. Ovaalne kuju istub mugavalt k\u00e4tte ja [&hellip;]\" \/>\n<meta property=\"og:url\" content=\"https:\/\/glamico.ee\/en\/pood\/olivia-garden-care-oval-boar-nylon-pink\/\" \/>\n<meta property=\"og:site_name\" content=\"Glamico\" \/>\n<meta property=\"og:image\" content=\"https:\/\/glamico.ee\/wp-content\/uploads\/2026\/02\/5414343020345.webp\" \/>\n\t<meta property=\"og:image:width\" content=\"700\" \/>\n\t<meta property=\"og:image:height\" content=\"700\" \/>\n\t<meta property=\"og:image:type\" content=\"image\/webp\" \/>\n<meta name=\"twitter:card\" content=\"summary_large_image\" \/>\n<meta name=\"twitter:label1\" content=\"Est. reading time\" \/>\n\t<meta name=\"twitter:data1\" content=\"2 minutes\" \/>\n<script type=\"application\/ld+json\" class=\"yoast-schema-graph\">{\"@context\":\"https:\\\/\\\/schema.org\",\"@graph\":[{\"@type\":\"WebPage\",\"@id\":\"https:\\\/\\\/glamico.ee\\\/pood\\\/olivia-garden-care-oval-boar-nylon-pink\\\/\",\"url\":\"https:\\\/\\\/glamico.ee\\\/pood\\\/olivia-garden-care-oval-boar-nylon-pink\\\/\",\"name\":\"Olivia Garden - Care Oval - Boar & Nylon - Pink - Glamico\",\"isPartOf\":{\"@id\":\"https:\\\/\\\/glamico.ee\\\/#website\"},\"primaryImageOfPage\":{\"@id\":\"https:\\\/\\\/glamico.ee\\\/pood\\\/olivia-garden-care-oval-boar-nylon-pink\\\/#primaryimage\"},\"image\":{\"@id\":\"https:\\\/\\\/glamico.ee\\\/pood\\\/olivia-garden-care-oval-boar-nylon-pink\\\/#primaryimage\"},\"thumbnailUrl\":\"https:\\\/\\\/glamico.ee\\\/wp-content\\\/uploads\\\/2026\\\/02\\\/5414343020345.webp\",\"datePublished\":\"2026-02-15T11:35:56+00:00\",\"breadcrumb\":{\"@id\":\"https:\\\/\\\/glamico.ee\\\/pood\\\/olivia-garden-care-oval-boar-nylon-pink\\\/#breadcrumb\"},\"inLanguage\":\"en-US\",\"potentialAction\":[{\"@type\":\"ReadAction\",\"target\":[\"https:\\\/\\\/glamico.ee\\\/pood\\\/olivia-garden-care-oval-boar-nylon-pink\\\/\"]}]},{\"@type\":\"ImageObject\",\"inLanguage\":\"en-US\",\"@id\":\"https:\\\/\\\/glamico.ee\\\/pood\\\/olivia-garden-care-oval-boar-nylon-pink\\\/#primaryimage\",\"url\":\"https:\\\/\\\/glamico.ee\\\/wp-content\\\/uploads\\\/2026\\\/02\\\/5414343020345.webp\",\"contentUrl\":\"https:\\\/\\\/glamico.ee\\\/wp-content\\\/uploads\\\/2026\\\/02\\\/5414343020345.webp\",\"width\":700,\"height\":700},{\"@type\":\"BreadcrumbList\",\"@id\":\"https:\\\/\\\/glamico.ee\\\/pood\\\/olivia-garden-care-oval-boar-nylon-pink\\\/#breadcrumb\",\"itemListElement\":[{\"@type\":\"ListItem\",\"position\":1,\"name\":\"Home\",\"item\":\"https:\\\/\\\/glamico.ee\\\/\"},{\"@type\":\"ListItem\",\"position\":2,\"name\":\"Pood\",\"item\":\"https:\\\/\\\/glamico.ee\\\/pood\\\/\"},{\"@type\":\"ListItem\",\"position\":3,\"name\":\"Olivia Garden &#8211; Care Oval &#8211; Boar &#038; Nylon &#8211; Pink\"}]},{\"@type\":\"WebSite\",\"@id\":\"https:\\\/\\\/glamico.ee\\\/#website\",\"url\":\"https:\\\/\\\/glamico.ee\\\/\",\"name\":\"Glamico\",\"description\":\"Ilutooted\",\"publisher\":{\"@id\":\"https:\\\/\\\/glamico.ee\\\/#organization\"},\"potentialAction\":[{\"@type\":\"SearchAction\",\"target\":{\"@type\":\"EntryPoint\",\"urlTemplate\":\"https:\\\/\\\/glamico.ee\\\/?s={search_term_string}\"},\"query-input\":{\"@type\":\"PropertyValueSpecification\",\"valueRequired\":true,\"valueName\":\"search_term_string\"}}],\"inLanguage\":\"en-US\"},{\"@type\":\"Organization\",\"@id\":\"https:\\\/\\\/glamico.ee\\\/#organization\",\"name\":\"Glamico Baltics O\u00dc\",\"url\":\"https:\\\/\\\/glamico.ee\\\/\",\"logo\":{\"@type\":\"ImageObject\",\"inLanguage\":\"en-US\",\"@id\":\"https:\\\/\\\/glamico.ee\\\/#\\\/schema\\\/logo\\\/image\\\/\",\"url\":\"https:\\\/\\\/glamico.ee\\\/wp-content\\\/uploads\\\/2025\\\/11\\\/Glamico-1.png\",\"contentUrl\":\"https:\\\/\\\/glamico.ee\\\/wp-content\\\/uploads\\\/2025\\\/11\\\/Glamico-1.png\",\"width\":627,\"height\":400,\"caption\":\"Glamico Baltics O\u00dc\"},\"image\":{\"@id\":\"https:\\\/\\\/glamico.ee\\\/#\\\/schema\\\/logo\\\/image\\\/\"},\"sameAs\":[\"https:\\\/\\\/www.instagram.com\\\/glamico.ee\\\/\"]}]}<\/script>\n<!-- \/ Yoast SEO plugin. -->","yoast_head_json":{"title":"Olivia Garden - Care Oval - Boar & Nylon - Pink - Glamico","robots":{"index":"index","follow":"follow","max-snippet":"max-snippet:-1","max-image-preview":"max-image-preview:large","max-video-preview":"max-video-preview:-1"},"canonical":"https:\/\/glamico.ee\/en\/pood\/olivia-garden-care-oval-boar-nylon-pink\/","og_locale":"en_US","og_type":"article","og_title":"Olivia Garden - Care Oval - Boar & Nylon - Pink - Glamico","og_description":"Elegantse roosa tooniga Olivia Garden Care Boar &amp; Nylon Oval Pink on ideaalne juuksehari igap\u00e4evaseks hoolduseks. T\u00e4nu hoolikalt valitud metsseaharjastele saate nautida \u00f5rna ja luksuslikku peanahamassaa\u017ei, samal ajal kui nailonpiid harutavad vaevata lahti k\u00f5ik pusad ja s\u00f5lmed. See hari teeb enamat kui vaid viimistleb \u2013 see parandab peanaha tervist ja annab juustele kauni l\u00e4ike. Ovaalne kuju istub mugavalt k\u00e4tte ja [&hellip;]","og_url":"https:\/\/glamico.ee\/en\/pood\/olivia-garden-care-oval-boar-nylon-pink\/","og_site_name":"Glamico","og_image":[{"width":700,"height":700,"url":"https:\/\/glamico.ee\/wp-content\/uploads\/2026\/02\/5414343020345.webp","type":"image\/webp"}],"twitter_card":"summary_large_image","twitter_misc":{"Est. reading time":"2 minutes"},"schema":{"@context":"https:\/\/schema.org","@graph":[{"@type":"WebPage","@id":"https:\/\/glamico.ee\/pood\/olivia-garden-care-oval-boar-nylon-pink\/","url":"https:\/\/glamico.ee\/pood\/olivia-garden-care-oval-boar-nylon-pink\/","name":"Olivia Garden - Care Oval - Boar & Nylon - Pink - Glamico","isPartOf":{"@id":"https:\/\/glamico.ee\/#website"},"primaryImageOfPage":{"@id":"https:\/\/glamico.ee\/pood\/olivia-garden-care-oval-boar-nylon-pink\/#primaryimage"},"image":{"@id":"https:\/\/glamico.ee\/pood\/olivia-garden-care-oval-boar-nylon-pink\/#primaryimage"},"thumbnailUrl":"https:\/\/glamico.ee\/wp-content\/uploads\/2026\/02\/5414343020345.webp","datePublished":"2026-02-15T11:35:56+00:00","breadcrumb":{"@id":"https:\/\/glamico.ee\/pood\/olivia-garden-care-oval-boar-nylon-pink\/#breadcrumb"},"inLanguage":"en-US","potentialAction":[{"@type":"ReadAction","target":["https:\/\/glamico.ee\/pood\/olivia-garden-care-oval-boar-nylon-pink\/"]}]},{"@type":"ImageObject","inLanguage":"en-US","@id":"https:\/\/glamico.ee\/pood\/olivia-garden-care-oval-boar-nylon-pink\/#primaryimage","url":"https:\/\/glamico.ee\/wp-content\/uploads\/2026\/02\/5414343020345.webp","contentUrl":"https:\/\/glamico.ee\/wp-content\/uploads\/2026\/02\/5414343020345.webp","width":700,"height":700},{"@type":"BreadcrumbList","@id":"https:\/\/glamico.ee\/pood\/olivia-garden-care-oval-boar-nylon-pink\/#breadcrumb","itemListElement":[{"@type":"ListItem","position":1,"name":"Home","item":"https:\/\/glamico.ee\/"},{"@type":"ListItem","position":2,"name":"Pood","item":"https:\/\/glamico.ee\/pood\/"},{"@type":"ListItem","position":3,"name":"Olivia Garden &#8211; Care Oval &#8211; Boar &#038; Nylon &#8211; Pink"}]},{"@type":"WebSite","@id":"https:\/\/glamico.ee\/#website","url":"https:\/\/glamico.ee\/","name":"Glamico","description":"Ilutooted","publisher":{"@id":"https:\/\/glamico.ee\/#organization"},"potentialAction":[{"@type":"SearchAction","target":{"@type":"EntryPoint","urlTemplate":"https:\/\/glamico.ee\/?s={search_term_string}"},"query-input":{"@type":"PropertyValueSpecification","valueRequired":true,"valueName":"search_term_string"}}],"inLanguage":"en-US"},{"@type":"Organization","@id":"https:\/\/glamico.ee\/#organization","name":"Glamico Baltics O\u00dc","url":"https:\/\/glamico.ee\/","logo":{"@type":"ImageObject","inLanguage":"en-US","@id":"https:\/\/glamico.ee\/#\/schema\/logo\/image\/","url":"https:\/\/glamico.ee\/wp-content\/uploads\/2025\/11\/Glamico-1.png","contentUrl":"https:\/\/glamico.ee\/wp-content\/uploads\/2025\/11\/Glamico-1.png","width":627,"height":400,"caption":"Glamico Baltics O\u00dc"},"image":{"@id":"https:\/\/glamico.ee\/#\/schema\/logo\/image\/"},"sameAs":["https:\/\/www.instagram.com\/glamico.ee\/"]}]}},"brands":[{"id":87,"name":"Olivia Garden","slug":"olivia-garden"}],"_links":{"self":[{"href":"https:\/\/glamico.ee\/en\/wp-json\/wp\/v2\/product\/2416","targetHints":{"allow":["GET"]}}],"collection":[{"href":"https:\/\/glamico.ee\/en\/wp-json\/wp\/v2\/product"}],"about":[{"href":"https:\/\/glamico.ee\/en\/wp-json\/wp\/v2\/types\/product"}],"version-history":[{"count":1,"href":"https:\/\/glamico.ee\/en\/wp-json\/wp\/v2\/product\/2416\/revisions"}],"predecessor-version":[{"id":2419,"href":"https:\/\/glamico.ee\/en\/wp-json\/wp\/v2\/product\/2416\/revisions\/2419"}],"wp:featuredmedia":[{"embeddable":true,"href":"https:\/\/glamico.ee\/en\/wp-json\/wp\/v2\/media\/2418"}],"wp:attachment":[{"href":"https:\/\/glamico.ee\/en\/wp-json\/wp\/v2\/media?parent=2416"}],"wp:term":[{"taxonomy":"pwb-brand","embeddable":true,"href":"https:\/\/glamico.ee\/en\/wp-json\/wp\/v2\/pwb-brand?post=2416"},{"taxonomy":"product_brand","embeddable":true,"href":"https:\/\/glamico.ee\/en\/wp-json\/wp\/v2\/product_brand?post=2416"},{"taxonomy":"product_cat","embeddable":true,"href":"https:\/\/glamico.ee\/en\/wp-json\/wp\/v2\/product_cat?post=2416"},{"taxonomy":"product_tag","embeddable":true,"href":"https:\/\/glamico.ee\/en\/wp-json\/wp\/v2\/product_tag?post=2416"}],"curies":[{"name":"wp","href":"https:\/\/api.w.org\/{rel}","templated":true}]}}