{"id":2408,"date":"2026-02-15T13:26:51","date_gmt":"2026-02-15T11:26:51","guid":{"rendered":"https:\/\/glamico.ee\/?post_type=product&#038;p=2408"},"modified":"2026-04-16T09:07:45","modified_gmt":"2026-04-16T07:07:45","slug":"olivia-garden-blowout-straight-wavy-gold-brown-50-mm","status":"publish","type":"product","link":"https:\/\/glamico.ee\/en\/pood\/olivia-garden-blowout-straight-wavy-gold-brown-50-mm\/","title":{"rendered":"Olivia Garden &#8211; Blowout Straight &#8211; Wavy Gold &#038; Brown &#8211; 50 mm"},"content":{"rendered":"<p>Olivia Garden Blowout Straight Wavy Gold &amp; Brown 50 mm pakub professionaalseid viimistlustulemusi hetkega. T\u00e4nu 50 mm l\u00e4bim\u00f5\u00f5dule, t\u00e4iustatud kuumuskontrollile ja ioontehnoloogiale sobib see f\u00f6\u00f6nihari k\u00f5ikidele juukset\u00fc\u00fcpidele. Harjased libisevad vaevata l\u00e4bi juuste, ilma neid kiskumata v\u00f5i puntrasse ajamata. Elegantne kuldne ja pruun disain lisab teie ilurutiinile stiili. Nautige salongiv\u00e4\u00e4rset soengut iga p\u00e4ev ilma salongi k\u00fclastamata. Avastage ise, miks see f\u00f6\u00f6nihari on juuste viimistlemise uus standard.<\/p>\n<p>Peamised omadused:<br \/>\nL\u00e4bim\u00f5\u00f5t: 50 mm.<\/p>\n<p>V\u00e4hendab staatilist elektrit: Tagab siidised ja l\u00e4ikivad juuksed.<\/p>\n<p>Sujuv libisemine: Disainitud liikuma l\u00e4bi juuste kergelt, ilma sikutamata.<\/p>\n<p>Universaalne: Sobib k\u00f5ikidele juukset\u00fc\u00fcpidele.<\/p>\n<p>Kasutusjuhend:<br \/>\nEttevalmistus: Alustage puhaste ja kuivade juustega. Enne f\u00f6\u00f6nitamist veenduge, et suuremad puntrad on laia piiga kammiga eemaldatud.<\/p>\n<p>Suund: Alustage harjamist juukseotstest ja liikuge j\u00e4rk-j\u00e4rgult juurte poole. See hoiab \u00e4ra juuste kahjustamise ja muudab pusade avamise lihtsamaks.<\/p>\n<p>\u00d5rnad liigutused: Kasutage sujuvaid, allapoole suunatud liigutusi. V\u00e4ltige tugevat sikutamist, et ennetada juuste murdumist.<\/p>\n<p>Jaotamine: Kui teil on paksud v\u00f5i pikad juuksed, jaotage need sektsioonideks. Harjake iga osa eraldi, et saavutada \u00fchtlane tulemus.<\/p>\n<p>Viimistlemine: Kasutage harja soovitud stiili loomiseks \u2013 olgu see sirge, laineline v\u00f5i kohev. Harjased tagavad kontrolli soengu \u00fcle ja lisavad l\u00e4iget.<\/p>\n<p>Hooldus: Puhastage harja regulaarselt, eemaldades lahtised karvad ning pestes harja \u00f5rna seebi ja veega. H\u00fcgieeni tagamiseks laske harjal enne hoiustamist t\u00e4ielikult kuivada.<\/p>","protected":false},"excerpt":{"rendered":"<p>Olivia Garden Blowout Straight Wavy Gold &amp; Brown 50 mm pakub professionaalseid viimistlustulemusi hetkega. T\u00e4nu 50 mm l\u00e4bim\u00f5\u00f5dule, t\u00e4iustatud kuumuskontrollile ja ioontehnoloogiale sobib see f\u00f6\u00f6nihari k\u00f5ikidele juukset\u00fc\u00fcpidele. Harjased libisevad vaevata l\u00e4bi juuste, ilma neid kiskumata v\u00f5i puntrasse ajamata. Elegantne kuldne ja pruun disain lisab teie ilurutiinile stiili. Nautige salongiv\u00e4\u00e4rset soengut iga p\u00e4ev ilma salongi k\u00fclastamata. Avastage ise, miks see f\u00f6\u00f6nihari [&hellip;]<\/p>\n","protected":false},"featured_media":2410,"template":"","meta":[],"pwb-brand":[87],"product_brand":[],"product_cat":[32,16],"product_tag":[],"class_list":{"0":"post-2408","1":"product","2":"type-product","3":"status-publish","4":"has-post-thumbnail","6":"pwb-brand-olivia-garden","7":"product_cat-juustele","8":"product_cat-muu","10":"first","11":"instock","12":"sale","13":"taxable","14":"shipping-taxable","15":"purchasable","16":"product-type-simple"},"yoast_head":"<!-- This site is optimized with the Yoast SEO plugin v27.3 - https:\/\/yoast.com\/product\/yoast-seo-wordpress\/ -->\n<title>Olivia Garden - Blowout Straight - Wavy Gold &amp; Brown - 50 mm - Glamico<\/title>\n<meta name=\"robots\" content=\"index, follow, max-snippet:-1, max-image-preview:large, max-video-preview:-1\" \/>\n<link rel=\"canonical\" href=\"https:\/\/glamico.ee\/en\/pood\/olivia-garden-blowout-straight-wavy-gold-brown-50-mm\/\" \/>\n<meta property=\"og:locale\" content=\"en_US\" \/>\n<meta property=\"og:type\" content=\"article\" \/>\n<meta property=\"og:title\" content=\"Olivia Garden - Blowout Straight - Wavy Gold &amp; Brown - 50 mm - Glamico\" \/>\n<meta property=\"og:description\" content=\"Olivia Garden Blowout Straight Wavy Gold &amp; Brown 50 mm pakub professionaalseid viimistlustulemusi hetkega. T\u00e4nu 50 mm l\u00e4bim\u00f5\u00f5dule, t\u00e4iustatud kuumuskontrollile ja ioontehnoloogiale sobib see f\u00f6\u00f6nihari k\u00f5ikidele juukset\u00fc\u00fcpidele. Harjased libisevad vaevata l\u00e4bi juuste, ilma neid kiskumata v\u00f5i puntrasse ajamata. Elegantne kuldne ja pruun disain lisab teie ilurutiinile stiili. Nautige salongiv\u00e4\u00e4rset soengut iga p\u00e4ev ilma salongi k\u00fclastamata. Avastage ise, miks see f\u00f6\u00f6nihari [&hellip;]\" \/>\n<meta property=\"og:url\" content=\"https:\/\/glamico.ee\/en\/pood\/olivia-garden-blowout-straight-wavy-gold-brown-50-mm\/\" \/>\n<meta property=\"og:site_name\" content=\"Glamico\" \/>\n<meta property=\"article:modified_time\" content=\"2026-04-16T07:07:45+00:00\" \/>\n<meta property=\"og:image\" content=\"https:\/\/glamico.ee\/wp-content\/uploads\/2026\/02\/5414343020604-olivia-garden-blowout-straight-wavy-gold-bron50mm-01.webp\" \/>\n\t<meta property=\"og:image:width\" content=\"480\" \/>\n\t<meta property=\"og:image:height\" content=\"480\" \/>\n\t<meta property=\"og:image:type\" content=\"image\/webp\" \/>\n<meta name=\"twitter:card\" content=\"summary_large_image\" \/>\n<meta name=\"twitter:label1\" content=\"Est. reading time\" \/>\n\t<meta name=\"twitter:data1\" content=\"2 minutes\" \/>\n<script type=\"application\/ld+json\" class=\"yoast-schema-graph\">{\"@context\":\"https:\\\/\\\/schema.org\",\"@graph\":[{\"@type\":\"WebPage\",\"@id\":\"https:\\\/\\\/glamico.ee\\\/pood\\\/olivia-garden-blowout-straight-wavy-gold-brown-50-mm\\\/\",\"url\":\"https:\\\/\\\/glamico.ee\\\/pood\\\/olivia-garden-blowout-straight-wavy-gold-brown-50-mm\\\/\",\"name\":\"Olivia Garden - Blowout Straight - Wavy Gold & Brown - 50 mm - Glamico\",\"isPartOf\":{\"@id\":\"https:\\\/\\\/glamico.ee\\\/#website\"},\"primaryImageOfPage\":{\"@id\":\"https:\\\/\\\/glamico.ee\\\/pood\\\/olivia-garden-blowout-straight-wavy-gold-brown-50-mm\\\/#primaryimage\"},\"image\":{\"@id\":\"https:\\\/\\\/glamico.ee\\\/pood\\\/olivia-garden-blowout-straight-wavy-gold-brown-50-mm\\\/#primaryimage\"},\"thumbnailUrl\":\"https:\\\/\\\/glamico.ee\\\/wp-content\\\/uploads\\\/2026\\\/02\\\/5414343020604-olivia-garden-blowout-straight-wavy-gold-bron50mm-01.webp\",\"datePublished\":\"2026-02-15T11:26:51+00:00\",\"dateModified\":\"2026-04-16T07:07:45+00:00\",\"breadcrumb\":{\"@id\":\"https:\\\/\\\/glamico.ee\\\/pood\\\/olivia-garden-blowout-straight-wavy-gold-brown-50-mm\\\/#breadcrumb\"},\"inLanguage\":\"en-US\",\"potentialAction\":[{\"@type\":\"ReadAction\",\"target\":[\"https:\\\/\\\/glamico.ee\\\/pood\\\/olivia-garden-blowout-straight-wavy-gold-brown-50-mm\\\/\"]}]},{\"@type\":\"ImageObject\",\"inLanguage\":\"en-US\",\"@id\":\"https:\\\/\\\/glamico.ee\\\/pood\\\/olivia-garden-blowout-straight-wavy-gold-brown-50-mm\\\/#primaryimage\",\"url\":\"https:\\\/\\\/glamico.ee\\\/wp-content\\\/uploads\\\/2026\\\/02\\\/5414343020604-olivia-garden-blowout-straight-wavy-gold-bron50mm-01.webp\",\"contentUrl\":\"https:\\\/\\\/glamico.ee\\\/wp-content\\\/uploads\\\/2026\\\/02\\\/5414343020604-olivia-garden-blowout-straight-wavy-gold-bron50mm-01.webp\",\"width\":480,\"height\":480},{\"@type\":\"BreadcrumbList\",\"@id\":\"https:\\\/\\\/glamico.ee\\\/pood\\\/olivia-garden-blowout-straight-wavy-gold-brown-50-mm\\\/#breadcrumb\",\"itemListElement\":[{\"@type\":\"ListItem\",\"position\":1,\"name\":\"Home\",\"item\":\"https:\\\/\\\/glamico.ee\\\/\"},{\"@type\":\"ListItem\",\"position\":2,\"name\":\"Pood\",\"item\":\"https:\\\/\\\/glamico.ee\\\/pood\\\/\"},{\"@type\":\"ListItem\",\"position\":3,\"name\":\"Olivia Garden &#8211; Blowout Straight &#8211; Wavy Gold &#038; Brown &#8211; 50 mm\"}]},{\"@type\":\"WebSite\",\"@id\":\"https:\\\/\\\/glamico.ee\\\/#website\",\"url\":\"https:\\\/\\\/glamico.ee\\\/\",\"name\":\"Glamico\",\"description\":\"Ilutooted\",\"publisher\":{\"@id\":\"https:\\\/\\\/glamico.ee\\\/#organization\"},\"potentialAction\":[{\"@type\":\"SearchAction\",\"target\":{\"@type\":\"EntryPoint\",\"urlTemplate\":\"https:\\\/\\\/glamico.ee\\\/?s={search_term_string}\"},\"query-input\":{\"@type\":\"PropertyValueSpecification\",\"valueRequired\":true,\"valueName\":\"search_term_string\"}}],\"inLanguage\":\"en-US\"},{\"@type\":\"Organization\",\"@id\":\"https:\\\/\\\/glamico.ee\\\/#organization\",\"name\":\"Glamico Baltics O\u00dc\",\"url\":\"https:\\\/\\\/glamico.ee\\\/\",\"logo\":{\"@type\":\"ImageObject\",\"inLanguage\":\"en-US\",\"@id\":\"https:\\\/\\\/glamico.ee\\\/#\\\/schema\\\/logo\\\/image\\\/\",\"url\":\"https:\\\/\\\/glamico.ee\\\/wp-content\\\/uploads\\\/2025\\\/11\\\/Glamico-1.png\",\"contentUrl\":\"https:\\\/\\\/glamico.ee\\\/wp-content\\\/uploads\\\/2025\\\/11\\\/Glamico-1.png\",\"width\":627,\"height\":400,\"caption\":\"Glamico Baltics O\u00dc\"},\"image\":{\"@id\":\"https:\\\/\\\/glamico.ee\\\/#\\\/schema\\\/logo\\\/image\\\/\"},\"sameAs\":[\"https:\\\/\\\/www.instagram.com\\\/glamico.ee\\\/\"]}]}<\/script>\n<!-- \/ Yoast SEO plugin. -->","yoast_head_json":{"title":"Olivia Garden - Blowout Straight - Wavy Gold & Brown - 50 mm - Glamico","robots":{"index":"index","follow":"follow","max-snippet":"max-snippet:-1","max-image-preview":"max-image-preview:large","max-video-preview":"max-video-preview:-1"},"canonical":"https:\/\/glamico.ee\/en\/pood\/olivia-garden-blowout-straight-wavy-gold-brown-50-mm\/","og_locale":"en_US","og_type":"article","og_title":"Olivia Garden - Blowout Straight - Wavy Gold & Brown - 50 mm - Glamico","og_description":"Olivia Garden Blowout Straight Wavy Gold &amp; Brown 50 mm pakub professionaalseid viimistlustulemusi hetkega. T\u00e4nu 50 mm l\u00e4bim\u00f5\u00f5dule, t\u00e4iustatud kuumuskontrollile ja ioontehnoloogiale sobib see f\u00f6\u00f6nihari k\u00f5ikidele juukset\u00fc\u00fcpidele. Harjased libisevad vaevata l\u00e4bi juuste, ilma neid kiskumata v\u00f5i puntrasse ajamata. Elegantne kuldne ja pruun disain lisab teie ilurutiinile stiili. Nautige salongiv\u00e4\u00e4rset soengut iga p\u00e4ev ilma salongi k\u00fclastamata. Avastage ise, miks see f\u00f6\u00f6nihari [&hellip;]","og_url":"https:\/\/glamico.ee\/en\/pood\/olivia-garden-blowout-straight-wavy-gold-brown-50-mm\/","og_site_name":"Glamico","article_modified_time":"2026-04-16T07:07:45+00:00","og_image":[{"width":480,"height":480,"url":"https:\/\/glamico.ee\/wp-content\/uploads\/2026\/02\/5414343020604-olivia-garden-blowout-straight-wavy-gold-bron50mm-01.webp","type":"image\/webp"}],"twitter_card":"summary_large_image","twitter_misc":{"Est. reading time":"2 minutes"},"schema":{"@context":"https:\/\/schema.org","@graph":[{"@type":"WebPage","@id":"https:\/\/glamico.ee\/pood\/olivia-garden-blowout-straight-wavy-gold-brown-50-mm\/","url":"https:\/\/glamico.ee\/pood\/olivia-garden-blowout-straight-wavy-gold-brown-50-mm\/","name":"Olivia Garden - Blowout Straight - Wavy Gold & Brown - 50 mm - Glamico","isPartOf":{"@id":"https:\/\/glamico.ee\/#website"},"primaryImageOfPage":{"@id":"https:\/\/glamico.ee\/pood\/olivia-garden-blowout-straight-wavy-gold-brown-50-mm\/#primaryimage"},"image":{"@id":"https:\/\/glamico.ee\/pood\/olivia-garden-blowout-straight-wavy-gold-brown-50-mm\/#primaryimage"},"thumbnailUrl":"https:\/\/glamico.ee\/wp-content\/uploads\/2026\/02\/5414343020604-olivia-garden-blowout-straight-wavy-gold-bron50mm-01.webp","datePublished":"2026-02-15T11:26:51+00:00","dateModified":"2026-04-16T07:07:45+00:00","breadcrumb":{"@id":"https:\/\/glamico.ee\/pood\/olivia-garden-blowout-straight-wavy-gold-brown-50-mm\/#breadcrumb"},"inLanguage":"en-US","potentialAction":[{"@type":"ReadAction","target":["https:\/\/glamico.ee\/pood\/olivia-garden-blowout-straight-wavy-gold-brown-50-mm\/"]}]},{"@type":"ImageObject","inLanguage":"en-US","@id":"https:\/\/glamico.ee\/pood\/olivia-garden-blowout-straight-wavy-gold-brown-50-mm\/#primaryimage","url":"https:\/\/glamico.ee\/wp-content\/uploads\/2026\/02\/5414343020604-olivia-garden-blowout-straight-wavy-gold-bron50mm-01.webp","contentUrl":"https:\/\/glamico.ee\/wp-content\/uploads\/2026\/02\/5414343020604-olivia-garden-blowout-straight-wavy-gold-bron50mm-01.webp","width":480,"height":480},{"@type":"BreadcrumbList","@id":"https:\/\/glamico.ee\/pood\/olivia-garden-blowout-straight-wavy-gold-brown-50-mm\/#breadcrumb","itemListElement":[{"@type":"ListItem","position":1,"name":"Home","item":"https:\/\/glamico.ee\/"},{"@type":"ListItem","position":2,"name":"Pood","item":"https:\/\/glamico.ee\/pood\/"},{"@type":"ListItem","position":3,"name":"Olivia Garden &#8211; Blowout Straight &#8211; Wavy Gold &#038; Brown &#8211; 50 mm"}]},{"@type":"WebSite","@id":"https:\/\/glamico.ee\/#website","url":"https:\/\/glamico.ee\/","name":"Glamico","description":"Ilutooted","publisher":{"@id":"https:\/\/glamico.ee\/#organization"},"potentialAction":[{"@type":"SearchAction","target":{"@type":"EntryPoint","urlTemplate":"https:\/\/glamico.ee\/?s={search_term_string}"},"query-input":{"@type":"PropertyValueSpecification","valueRequired":true,"valueName":"search_term_string"}}],"inLanguage":"en-US"},{"@type":"Organization","@id":"https:\/\/glamico.ee\/#organization","name":"Glamico Baltics O\u00dc","url":"https:\/\/glamico.ee\/","logo":{"@type":"ImageObject","inLanguage":"en-US","@id":"https:\/\/glamico.ee\/#\/schema\/logo\/image\/","url":"https:\/\/glamico.ee\/wp-content\/uploads\/2025\/11\/Glamico-1.png","contentUrl":"https:\/\/glamico.ee\/wp-content\/uploads\/2025\/11\/Glamico-1.png","width":627,"height":400,"caption":"Glamico Baltics O\u00dc"},"image":{"@id":"https:\/\/glamico.ee\/#\/schema\/logo\/image\/"},"sameAs":["https:\/\/www.instagram.com\/glamico.ee\/"]}]}},"brands":[{"id":87,"name":"Olivia Garden","slug":"olivia-garden"}],"_links":{"self":[{"href":"https:\/\/glamico.ee\/en\/wp-json\/wp\/v2\/product\/2408","targetHints":{"allow":["GET"]}}],"collection":[{"href":"https:\/\/glamico.ee\/en\/wp-json\/wp\/v2\/product"}],"about":[{"href":"https:\/\/glamico.ee\/en\/wp-json\/wp\/v2\/types\/product"}],"version-history":[{"count":1,"href":"https:\/\/glamico.ee\/en\/wp-json\/wp\/v2\/product\/2408\/revisions"}],"predecessor-version":[{"id":2411,"href":"https:\/\/glamico.ee\/en\/wp-json\/wp\/v2\/product\/2408\/revisions\/2411"}],"wp:featuredmedia":[{"embeddable":true,"href":"https:\/\/glamico.ee\/en\/wp-json\/wp\/v2\/media\/2410"}],"wp:attachment":[{"href":"https:\/\/glamico.ee\/en\/wp-json\/wp\/v2\/media?parent=2408"}],"wp:term":[{"taxonomy":"pwb-brand","embeddable":true,"href":"https:\/\/glamico.ee\/en\/wp-json\/wp\/v2\/pwb-brand?post=2408"},{"taxonomy":"product_brand","embeddable":true,"href":"https:\/\/glamico.ee\/en\/wp-json\/wp\/v2\/product_brand?post=2408"},{"taxonomy":"product_cat","embeddable":true,"href":"https:\/\/glamico.ee\/en\/wp-json\/wp\/v2\/product_cat?post=2408"},{"taxonomy":"product_tag","embeddable":true,"href":"https:\/\/glamico.ee\/en\/wp-json\/wp\/v2\/product_tag?post=2408"}],"curies":[{"name":"wp","href":"https:\/\/api.w.org\/{rel}","templated":true}]}}