{"id":2404,"date":"2026-02-15T13:23:19","date_gmt":"2026-02-15T11:23:19","guid":{"rendered":"https:\/\/glamico.ee\/?post_type=product&#038;p=2404"},"modified":"2026-03-01T23:49:34","modified_gmt":"2026-03-01T21:49:34","slug":"olivia-garden-nano-thermic-ceramic-ion-square-40-mm","status":"publish","type":"product","link":"https:\/\/glamico.ee\/en\/pood\/olivia-garden-nano-thermic-ceramic-ion-square-40-mm\/","title":{"rendered":"Olivia Garden &#8211; Nano Thermic Ceramic + Ion Square &#8211; 40 mm"},"content":{"rendered":"<p>Siin on t\u00f5lge Olivia Garden NanoThermic Square harja kohta:<\/p>\n<p>Olivia Garden NanoThermic Ceramic + Ion Square 40 mm on keraamilise kattega korpusega juuksehari, mis kuumeneb kiiremini ja hoiab soojust kauem, tagades suurep\u00e4rase ja p\u00fcsiva soengu. Eriti suured \u00f5huavad v\u00f5imaldavad paremat \u00f5huvoolu, mis l\u00fchendab m\u00e4rgatavalt kuivatamisaega. Lisaks lisab uudne tehnoloogia juustele l\u00e4iget ning hoiab \u00e4ra kahu ja staatilise elektri. Tulemuseks on terved ja t\u00e4iuslikult viimistletud juuksed.<\/p>\n<p>Peamised omadused:<br \/>\nKeraamilise kattega korpus: Kuumeneb kiiremini ja s\u00e4ilitab soojust t\u00f5husamalt.<\/p>\n<p>L\u00fchendab kuivatamisaega: Suured \u00f5huavad kiirendavad f\u00f6\u00f6nitamisprotsessi.<\/p>\n<p>Lisab l\u00e4iget: Annab viimistletud soengule kauni ja terve s\u00e4ra.<\/p>\n<p>\u00d5rn hooldus: S\u00f5bralik nii juuste kui ka peanaha vastu.<\/p>","protected":false},"excerpt":{"rendered":"<p>Siin on t\u00f5lge Olivia Garden NanoThermic Square harja kohta: Olivia Garden NanoThermic Ceramic + Ion Square 40 mm on keraamilise kattega korpusega juuksehari, mis kuumeneb kiiremini ja hoiab soojust kauem, tagades suurep\u00e4rase ja p\u00fcsiva soengu. Eriti suured \u00f5huavad v\u00f5imaldavad paremat \u00f5huvoolu, mis l\u00fchendab m\u00e4rgatavalt kuivatamisaega. Lisaks lisab uudne tehnoloogia juustele l\u00e4iget ning hoiab \u00e4ra kahu ja staatilise elektri. Tulemuseks on [&hellip;]<\/p>\n","protected":false},"featured_media":2406,"template":"","meta":[],"pwb-brand":[87],"product_brand":[],"product_cat":[32],"product_tag":[],"class_list":{"0":"post-2404","1":"product","2":"type-product","3":"status-publish","4":"has-post-thumbnail","6":"pwb-brand-olivia-garden","7":"product_cat-juustele","9":"first","10":"instock","11":"sale","12":"taxable","13":"shipping-taxable","14":"purchasable","15":"product-type-simple"},"yoast_head":"<!-- This site is optimized with the Yoast SEO plugin v27.3 - https:\/\/yoast.com\/product\/yoast-seo-wordpress\/ -->\n<title>Olivia Garden - Nano Thermic Ceramic + Ion Square - 40 mm - Glamico<\/title>\n<meta name=\"robots\" content=\"index, follow, max-snippet:-1, max-image-preview:large, max-video-preview:-1\" \/>\n<link rel=\"canonical\" href=\"https:\/\/glamico.ee\/en\/pood\/olivia-garden-nano-thermic-ceramic-ion-square-40-mm\/\" \/>\n<meta property=\"og:locale\" content=\"en_US\" \/>\n<meta property=\"og:type\" content=\"article\" \/>\n<meta property=\"og:title\" content=\"Olivia Garden - Nano Thermic Ceramic + Ion Square - 40 mm - Glamico\" \/>\n<meta property=\"og:description\" content=\"Siin on t\u00f5lge Olivia Garden NanoThermic Square harja kohta: Olivia Garden NanoThermic Ceramic + Ion Square 40 mm on keraamilise kattega korpusega juuksehari, mis kuumeneb kiiremini ja hoiab soojust kauem, tagades suurep\u00e4rase ja p\u00fcsiva soengu. Eriti suured \u00f5huavad v\u00f5imaldavad paremat \u00f5huvoolu, mis l\u00fchendab m\u00e4rgatavalt kuivatamisaega. Lisaks lisab uudne tehnoloogia juustele l\u00e4iget ning hoiab \u00e4ra kahu ja staatilise elektri. Tulemuseks on [&hellip;]\" \/>\n<meta property=\"og:url\" content=\"https:\/\/glamico.ee\/en\/pood\/olivia-garden-nano-thermic-ceramic-ion-square-40-mm\/\" \/>\n<meta property=\"og:site_name\" content=\"Glamico\" \/>\n<meta property=\"article:modified_time\" content=\"2026-03-01T21:49:34+00:00\" \/>\n<meta property=\"og:image\" content=\"https:\/\/glamico.ee\/wp-content\/uploads\/2026\/02\/5414343020598-olivia_garden_-_nano_thermic_ceramic_ion_square_-_40_mm.webp\" \/>\n\t<meta property=\"og:image:width\" content=\"480\" \/>\n\t<meta property=\"og:image:height\" content=\"480\" \/>\n\t<meta property=\"og:image:type\" content=\"image\/webp\" \/>\n<meta name=\"twitter:card\" content=\"summary_large_image\" \/>\n<meta name=\"twitter:label1\" content=\"Est. reading time\" \/>\n\t<meta name=\"twitter:data1\" content=\"1 minute\" \/>\n<script type=\"application\/ld+json\" class=\"yoast-schema-graph\">{\"@context\":\"https:\\\/\\\/schema.org\",\"@graph\":[{\"@type\":\"WebPage\",\"@id\":\"https:\\\/\\\/glamico.ee\\\/pood\\\/olivia-garden-nano-thermic-ceramic-ion-square-40-mm\\\/\",\"url\":\"https:\\\/\\\/glamico.ee\\\/pood\\\/olivia-garden-nano-thermic-ceramic-ion-square-40-mm\\\/\",\"name\":\"Olivia Garden - Nano Thermic Ceramic + Ion Square - 40 mm - Glamico\",\"isPartOf\":{\"@id\":\"https:\\\/\\\/glamico.ee\\\/#website\"},\"primaryImageOfPage\":{\"@id\":\"https:\\\/\\\/glamico.ee\\\/pood\\\/olivia-garden-nano-thermic-ceramic-ion-square-40-mm\\\/#primaryimage\"},\"image\":{\"@id\":\"https:\\\/\\\/glamico.ee\\\/pood\\\/olivia-garden-nano-thermic-ceramic-ion-square-40-mm\\\/#primaryimage\"},\"thumbnailUrl\":\"https:\\\/\\\/glamico.ee\\\/wp-content\\\/uploads\\\/2026\\\/02\\\/5414343020598-olivia_garden_-_nano_thermic_ceramic_ion_square_-_40_mm.webp\",\"datePublished\":\"2026-02-15T11:23:19+00:00\",\"dateModified\":\"2026-03-01T21:49:34+00:00\",\"breadcrumb\":{\"@id\":\"https:\\\/\\\/glamico.ee\\\/pood\\\/olivia-garden-nano-thermic-ceramic-ion-square-40-mm\\\/#breadcrumb\"},\"inLanguage\":\"en-US\",\"potentialAction\":[{\"@type\":\"ReadAction\",\"target\":[\"https:\\\/\\\/glamico.ee\\\/pood\\\/olivia-garden-nano-thermic-ceramic-ion-square-40-mm\\\/\"]}]},{\"@type\":\"ImageObject\",\"inLanguage\":\"en-US\",\"@id\":\"https:\\\/\\\/glamico.ee\\\/pood\\\/olivia-garden-nano-thermic-ceramic-ion-square-40-mm\\\/#primaryimage\",\"url\":\"https:\\\/\\\/glamico.ee\\\/wp-content\\\/uploads\\\/2026\\\/02\\\/5414343020598-olivia_garden_-_nano_thermic_ceramic_ion_square_-_40_mm.webp\",\"contentUrl\":\"https:\\\/\\\/glamico.ee\\\/wp-content\\\/uploads\\\/2026\\\/02\\\/5414343020598-olivia_garden_-_nano_thermic_ceramic_ion_square_-_40_mm.webp\",\"width\":480,\"height\":480},{\"@type\":\"BreadcrumbList\",\"@id\":\"https:\\\/\\\/glamico.ee\\\/pood\\\/olivia-garden-nano-thermic-ceramic-ion-square-40-mm\\\/#breadcrumb\",\"itemListElement\":[{\"@type\":\"ListItem\",\"position\":1,\"name\":\"Home\",\"item\":\"https:\\\/\\\/glamico.ee\\\/\"},{\"@type\":\"ListItem\",\"position\":2,\"name\":\"Pood\",\"item\":\"https:\\\/\\\/glamico.ee\\\/pood\\\/\"},{\"@type\":\"ListItem\",\"position\":3,\"name\":\"Olivia Garden &#8211; Nano Thermic Ceramic + Ion Square &#8211; 40 mm\"}]},{\"@type\":\"WebSite\",\"@id\":\"https:\\\/\\\/glamico.ee\\\/#website\",\"url\":\"https:\\\/\\\/glamico.ee\\\/\",\"name\":\"Glamico\",\"description\":\"Ilutooted\",\"publisher\":{\"@id\":\"https:\\\/\\\/glamico.ee\\\/#organization\"},\"potentialAction\":[{\"@type\":\"SearchAction\",\"target\":{\"@type\":\"EntryPoint\",\"urlTemplate\":\"https:\\\/\\\/glamico.ee\\\/?s={search_term_string}\"},\"query-input\":{\"@type\":\"PropertyValueSpecification\",\"valueRequired\":true,\"valueName\":\"search_term_string\"}}],\"inLanguage\":\"en-US\"},{\"@type\":\"Organization\",\"@id\":\"https:\\\/\\\/glamico.ee\\\/#organization\",\"name\":\"Glamico Baltics O\u00dc\",\"url\":\"https:\\\/\\\/glamico.ee\\\/\",\"logo\":{\"@type\":\"ImageObject\",\"inLanguage\":\"en-US\",\"@id\":\"https:\\\/\\\/glamico.ee\\\/#\\\/schema\\\/logo\\\/image\\\/\",\"url\":\"https:\\\/\\\/glamico.ee\\\/wp-content\\\/uploads\\\/2025\\\/11\\\/Glamico-1.png\",\"contentUrl\":\"https:\\\/\\\/glamico.ee\\\/wp-content\\\/uploads\\\/2025\\\/11\\\/Glamico-1.png\",\"width\":627,\"height\":400,\"caption\":\"Glamico Baltics O\u00dc\"},\"image\":{\"@id\":\"https:\\\/\\\/glamico.ee\\\/#\\\/schema\\\/logo\\\/image\\\/\"},\"sameAs\":[\"https:\\\/\\\/www.instagram.com\\\/glamico.ee\\\/\"]}]}<\/script>\n<!-- \/ Yoast SEO plugin. -->","yoast_head_json":{"title":"Olivia Garden - Nano Thermic Ceramic + Ion Square - 40 mm - Glamico","robots":{"index":"index","follow":"follow","max-snippet":"max-snippet:-1","max-image-preview":"max-image-preview:large","max-video-preview":"max-video-preview:-1"},"canonical":"https:\/\/glamico.ee\/en\/pood\/olivia-garden-nano-thermic-ceramic-ion-square-40-mm\/","og_locale":"en_US","og_type":"article","og_title":"Olivia Garden - Nano Thermic Ceramic + Ion Square - 40 mm - Glamico","og_description":"Siin on t\u00f5lge Olivia Garden NanoThermic Square harja kohta: Olivia Garden NanoThermic Ceramic + Ion Square 40 mm on keraamilise kattega korpusega juuksehari, mis kuumeneb kiiremini ja hoiab soojust kauem, tagades suurep\u00e4rase ja p\u00fcsiva soengu. Eriti suured \u00f5huavad v\u00f5imaldavad paremat \u00f5huvoolu, mis l\u00fchendab m\u00e4rgatavalt kuivatamisaega. Lisaks lisab uudne tehnoloogia juustele l\u00e4iget ning hoiab \u00e4ra kahu ja staatilise elektri. Tulemuseks on [&hellip;]","og_url":"https:\/\/glamico.ee\/en\/pood\/olivia-garden-nano-thermic-ceramic-ion-square-40-mm\/","og_site_name":"Glamico","article_modified_time":"2026-03-01T21:49:34+00:00","og_image":[{"width":480,"height":480,"url":"https:\/\/glamico.ee\/wp-content\/uploads\/2026\/02\/5414343020598-olivia_garden_-_nano_thermic_ceramic_ion_square_-_40_mm.webp","type":"image\/webp"}],"twitter_card":"summary_large_image","twitter_misc":{"Est. reading time":"1 minute"},"schema":{"@context":"https:\/\/schema.org","@graph":[{"@type":"WebPage","@id":"https:\/\/glamico.ee\/pood\/olivia-garden-nano-thermic-ceramic-ion-square-40-mm\/","url":"https:\/\/glamico.ee\/pood\/olivia-garden-nano-thermic-ceramic-ion-square-40-mm\/","name":"Olivia Garden - Nano Thermic Ceramic + Ion Square - 40 mm - Glamico","isPartOf":{"@id":"https:\/\/glamico.ee\/#website"},"primaryImageOfPage":{"@id":"https:\/\/glamico.ee\/pood\/olivia-garden-nano-thermic-ceramic-ion-square-40-mm\/#primaryimage"},"image":{"@id":"https:\/\/glamico.ee\/pood\/olivia-garden-nano-thermic-ceramic-ion-square-40-mm\/#primaryimage"},"thumbnailUrl":"https:\/\/glamico.ee\/wp-content\/uploads\/2026\/02\/5414343020598-olivia_garden_-_nano_thermic_ceramic_ion_square_-_40_mm.webp","datePublished":"2026-02-15T11:23:19+00:00","dateModified":"2026-03-01T21:49:34+00:00","breadcrumb":{"@id":"https:\/\/glamico.ee\/pood\/olivia-garden-nano-thermic-ceramic-ion-square-40-mm\/#breadcrumb"},"inLanguage":"en-US","potentialAction":[{"@type":"ReadAction","target":["https:\/\/glamico.ee\/pood\/olivia-garden-nano-thermic-ceramic-ion-square-40-mm\/"]}]},{"@type":"ImageObject","inLanguage":"en-US","@id":"https:\/\/glamico.ee\/pood\/olivia-garden-nano-thermic-ceramic-ion-square-40-mm\/#primaryimage","url":"https:\/\/glamico.ee\/wp-content\/uploads\/2026\/02\/5414343020598-olivia_garden_-_nano_thermic_ceramic_ion_square_-_40_mm.webp","contentUrl":"https:\/\/glamico.ee\/wp-content\/uploads\/2026\/02\/5414343020598-olivia_garden_-_nano_thermic_ceramic_ion_square_-_40_mm.webp","width":480,"height":480},{"@type":"BreadcrumbList","@id":"https:\/\/glamico.ee\/pood\/olivia-garden-nano-thermic-ceramic-ion-square-40-mm\/#breadcrumb","itemListElement":[{"@type":"ListItem","position":1,"name":"Home","item":"https:\/\/glamico.ee\/"},{"@type":"ListItem","position":2,"name":"Pood","item":"https:\/\/glamico.ee\/pood\/"},{"@type":"ListItem","position":3,"name":"Olivia Garden &#8211; Nano Thermic Ceramic + Ion Square &#8211; 40 mm"}]},{"@type":"WebSite","@id":"https:\/\/glamico.ee\/#website","url":"https:\/\/glamico.ee\/","name":"Glamico","description":"Ilutooted","publisher":{"@id":"https:\/\/glamico.ee\/#organization"},"potentialAction":[{"@type":"SearchAction","target":{"@type":"EntryPoint","urlTemplate":"https:\/\/glamico.ee\/?s={search_term_string}"},"query-input":{"@type":"PropertyValueSpecification","valueRequired":true,"valueName":"search_term_string"}}],"inLanguage":"en-US"},{"@type":"Organization","@id":"https:\/\/glamico.ee\/#organization","name":"Glamico Baltics O\u00dc","url":"https:\/\/glamico.ee\/","logo":{"@type":"ImageObject","inLanguage":"en-US","@id":"https:\/\/glamico.ee\/#\/schema\/logo\/image\/","url":"https:\/\/glamico.ee\/wp-content\/uploads\/2025\/11\/Glamico-1.png","contentUrl":"https:\/\/glamico.ee\/wp-content\/uploads\/2025\/11\/Glamico-1.png","width":627,"height":400,"caption":"Glamico Baltics O\u00dc"},"image":{"@id":"https:\/\/glamico.ee\/#\/schema\/logo\/image\/"},"sameAs":["https:\/\/www.instagram.com\/glamico.ee\/"]}]}},"brands":[{"id":87,"name":"Olivia Garden","slug":"olivia-garden"}],"_links":{"self":[{"href":"https:\/\/glamico.ee\/en\/wp-json\/wp\/v2\/product\/2404","targetHints":{"allow":["GET"]}}],"collection":[{"href":"https:\/\/glamico.ee\/en\/wp-json\/wp\/v2\/product"}],"about":[{"href":"https:\/\/glamico.ee\/en\/wp-json\/wp\/v2\/types\/product"}],"version-history":[{"count":1,"href":"https:\/\/glamico.ee\/en\/wp-json\/wp\/v2\/product\/2404\/revisions"}],"predecessor-version":[{"id":2407,"href":"https:\/\/glamico.ee\/en\/wp-json\/wp\/v2\/product\/2404\/revisions\/2407"}],"wp:featuredmedia":[{"embeddable":true,"href":"https:\/\/glamico.ee\/en\/wp-json\/wp\/v2\/media\/2406"}],"wp:attachment":[{"href":"https:\/\/glamico.ee\/en\/wp-json\/wp\/v2\/media?parent=2404"}],"wp:term":[{"taxonomy":"pwb-brand","embeddable":true,"href":"https:\/\/glamico.ee\/en\/wp-json\/wp\/v2\/pwb-brand?post=2404"},{"taxonomy":"product_brand","embeddable":true,"href":"https:\/\/glamico.ee\/en\/wp-json\/wp\/v2\/product_brand?post=2404"},{"taxonomy":"product_cat","embeddable":true,"href":"https:\/\/glamico.ee\/en\/wp-json\/wp\/v2\/product_cat?post=2404"},{"taxonomy":"product_tag","embeddable":true,"href":"https:\/\/glamico.ee\/en\/wp-json\/wp\/v2\/product_tag?post=2404"}],"curies":[{"name":"wp","href":"https:\/\/api.w.org\/{rel}","templated":true}]}}