{"id":2400,"date":"2026-02-15T13:12:49","date_gmt":"2026-02-15T11:12:49","guid":{"rendered":"https:\/\/glamico.ee\/?post_type=product&#038;p=2400"},"modified":"2026-04-15T04:45:57","modified_gmt":"2026-04-15T02:45:57","slug":"olivia-garden-expert-blowout-straight-wavy-bristle-goldbrown-30mm","status":"publish","type":"product","link":"https:\/\/glamico.ee\/en\/pood\/olivia-garden-expert-blowout-straight-wavy-bristle-goldbrown-30mm\/","title":{"rendered":"Olivia Garden Expert Blowout Straight Wavy Bristle Gold&#038;Brown 30mm"},"content":{"rendered":"<p>Olivia Garden Blowout Straight Wavy Bristle Gold &amp; Brown \u00fcmarharja teeb eriti mitmek\u00fclgseks selle ainulaadne ruudukujuline korpus. Expert Blowout Straight harja lamedad k\u00fcljed on ideaalsed juuste sirgendamiseks, samas kui \u00fcmarad servad parandavad kontrolli t\u00f5mbetugevuse \u00fcle, lisades soengule kohevust. T\u00e4nu sellele sobib hari suurep\u00e4raselt ka juuste otste koolutamiseks (flips), pakkudes viimistlemisel piiramatut paindlikkust.<\/p>\n<p>Olivia Garden Blowout Straight Wavy Bristle Gold &amp; Brown omadused:<br \/>\nIoniseeritud nailonharjased: Antistaatilise efektiga harjased muudavad juuksed paremini k\u00e4sitletavaks.<\/p>\n<p>Lainelised harjased: Haaravad juustest kinni t\u00e4iusliku t\u00e4psusega.<\/p>\n<p>Ruudukujuline korpus: Uuenduslik disain parandab kontrolli harja ja juuste vahelise t\u00f5mbe \u00fcle stiliseerimise ajal.<\/p>\n<p>M\u00f5\u00f5tmed: Siseosa l\u00e4bim\u00f5\u00f5t on 30 mm.<\/p>","protected":false},"excerpt":{"rendered":"<p>Olivia Garden Blowout Straight Wavy Bristle Gold &amp; Brown \u00fcmarharja teeb eriti mitmek\u00fclgseks selle ainulaadne ruudukujuline korpus. Expert Blowout Straight harja lamedad k\u00fcljed on ideaalsed juuste sirgendamiseks, samas kui \u00fcmarad servad parandavad kontrolli t\u00f5mbetugevuse \u00fcle, lisades soengule kohevust. T\u00e4nu sellele sobib hari suurep\u00e4raselt ka juuste otste koolutamiseks (flips), pakkudes viimistlemisel piiramatut paindlikkust. Olivia Garden Blowout Straight Wavy Bristle Gold &amp; [&hellip;]<\/p>\n","protected":false},"featured_media":2403,"template":"","meta":[],"pwb-brand":[87],"product_brand":[],"product_cat":[32,16],"product_tag":[],"class_list":{"0":"post-2400","1":"product","2":"type-product","3":"status-publish","4":"has-post-thumbnail","6":"pwb-brand-olivia-garden","7":"product_cat-juustele","8":"product_cat-muu","10":"first","11":"instock","12":"sale","13":"taxable","14":"shipping-taxable","15":"purchasable","16":"product-type-simple"},"yoast_head":"<!-- This site is optimized with the Yoast SEO plugin v27.3 - https:\/\/yoast.com\/product\/yoast-seo-wordpress\/ -->\n<title>Olivia Garden Expert Blowout Straight Wavy Bristle Gold&amp;Brown 30mm - Glamico<\/title>\n<meta name=\"robots\" content=\"index, follow, max-snippet:-1, max-image-preview:large, max-video-preview:-1\" \/>\n<link rel=\"canonical\" href=\"https:\/\/glamico.ee\/en\/pood\/olivia-garden-expert-blowout-straight-wavy-bristle-goldbrown-30mm\/\" \/>\n<meta property=\"og:locale\" content=\"en_US\" \/>\n<meta property=\"og:type\" content=\"article\" \/>\n<meta property=\"og:title\" content=\"Olivia Garden Expert Blowout Straight Wavy Bristle Gold&amp;Brown 30mm - Glamico\" \/>\n<meta property=\"og:description\" content=\"Olivia Garden Blowout Straight Wavy Bristle Gold &amp; Brown \u00fcmarharja teeb eriti mitmek\u00fclgseks selle ainulaadne ruudukujuline korpus. Expert Blowout Straight harja lamedad k\u00fcljed on ideaalsed juuste sirgendamiseks, samas kui \u00fcmarad servad parandavad kontrolli t\u00f5mbetugevuse \u00fcle, lisades soengule kohevust. T\u00e4nu sellele sobib hari suurep\u00e4raselt ka juuste otste koolutamiseks (flips), pakkudes viimistlemisel piiramatut paindlikkust. Olivia Garden Blowout Straight Wavy Bristle Gold &amp; [&hellip;]\" \/>\n<meta property=\"og:url\" content=\"https:\/\/glamico.ee\/en\/pood\/olivia-garden-expert-blowout-straight-wavy-bristle-goldbrown-30mm\/\" \/>\n<meta property=\"og:site_name\" content=\"Glamico\" \/>\n<meta property=\"article:modified_time\" content=\"2026-04-15T02:45:57+00:00\" \/>\n<meta property=\"og:image\" content=\"https:\/\/glamico.ee\/wp-content\/uploads\/2026\/02\/5414343020581.png\" \/>\n\t<meta property=\"og:image:width\" content=\"646\" \/>\n\t<meta property=\"og:image:height\" content=\"753\" \/>\n\t<meta property=\"og:image:type\" content=\"image\/png\" \/>\n<meta name=\"twitter:card\" content=\"summary_large_image\" \/>\n<meta name=\"twitter:label1\" content=\"Est. reading time\" \/>\n\t<meta name=\"twitter:data1\" content=\"1 minute\" \/>\n<script type=\"application\/ld+json\" class=\"yoast-schema-graph\">{\"@context\":\"https:\\\/\\\/schema.org\",\"@graph\":[{\"@type\":\"WebPage\",\"@id\":\"https:\\\/\\\/glamico.ee\\\/pood\\\/olivia-garden-expert-blowout-straight-wavy-bristle-goldbrown-30mm\\\/\",\"url\":\"https:\\\/\\\/glamico.ee\\\/pood\\\/olivia-garden-expert-blowout-straight-wavy-bristle-goldbrown-30mm\\\/\",\"name\":\"Olivia Garden Expert Blowout Straight Wavy Bristle Gold&Brown 30mm - Glamico\",\"isPartOf\":{\"@id\":\"https:\\\/\\\/glamico.ee\\\/#website\"},\"primaryImageOfPage\":{\"@id\":\"https:\\\/\\\/glamico.ee\\\/pood\\\/olivia-garden-expert-blowout-straight-wavy-bristle-goldbrown-30mm\\\/#primaryimage\"},\"image\":{\"@id\":\"https:\\\/\\\/glamico.ee\\\/pood\\\/olivia-garden-expert-blowout-straight-wavy-bristle-goldbrown-30mm\\\/#primaryimage\"},\"thumbnailUrl\":\"https:\\\/\\\/glamico.ee\\\/wp-content\\\/uploads\\\/2026\\\/02\\\/5414343020581.png\",\"datePublished\":\"2026-02-15T11:12:49+00:00\",\"dateModified\":\"2026-04-15T02:45:57+00:00\",\"breadcrumb\":{\"@id\":\"https:\\\/\\\/glamico.ee\\\/pood\\\/olivia-garden-expert-blowout-straight-wavy-bristle-goldbrown-30mm\\\/#breadcrumb\"},\"inLanguage\":\"en-US\",\"potentialAction\":[{\"@type\":\"ReadAction\",\"target\":[\"https:\\\/\\\/glamico.ee\\\/pood\\\/olivia-garden-expert-blowout-straight-wavy-bristle-goldbrown-30mm\\\/\"]}]},{\"@type\":\"ImageObject\",\"inLanguage\":\"en-US\",\"@id\":\"https:\\\/\\\/glamico.ee\\\/pood\\\/olivia-garden-expert-blowout-straight-wavy-bristle-goldbrown-30mm\\\/#primaryimage\",\"url\":\"https:\\\/\\\/glamico.ee\\\/wp-content\\\/uploads\\\/2026\\\/02\\\/5414343020581.png\",\"contentUrl\":\"https:\\\/\\\/glamico.ee\\\/wp-content\\\/uploads\\\/2026\\\/02\\\/5414343020581.png\",\"width\":646,\"height\":753},{\"@type\":\"BreadcrumbList\",\"@id\":\"https:\\\/\\\/glamico.ee\\\/pood\\\/olivia-garden-expert-blowout-straight-wavy-bristle-goldbrown-30mm\\\/#breadcrumb\",\"itemListElement\":[{\"@type\":\"ListItem\",\"position\":1,\"name\":\"Home\",\"item\":\"https:\\\/\\\/glamico.ee\\\/\"},{\"@type\":\"ListItem\",\"position\":2,\"name\":\"Pood\",\"item\":\"https:\\\/\\\/glamico.ee\\\/pood\\\/\"},{\"@type\":\"ListItem\",\"position\":3,\"name\":\"Olivia Garden Expert Blowout Straight Wavy Bristle Gold&#038;Brown 30mm\"}]},{\"@type\":\"WebSite\",\"@id\":\"https:\\\/\\\/glamico.ee\\\/#website\",\"url\":\"https:\\\/\\\/glamico.ee\\\/\",\"name\":\"Glamico\",\"description\":\"Ilutooted\",\"publisher\":{\"@id\":\"https:\\\/\\\/glamico.ee\\\/#organization\"},\"potentialAction\":[{\"@type\":\"SearchAction\",\"target\":{\"@type\":\"EntryPoint\",\"urlTemplate\":\"https:\\\/\\\/glamico.ee\\\/?s={search_term_string}\"},\"query-input\":{\"@type\":\"PropertyValueSpecification\",\"valueRequired\":true,\"valueName\":\"search_term_string\"}}],\"inLanguage\":\"en-US\"},{\"@type\":\"Organization\",\"@id\":\"https:\\\/\\\/glamico.ee\\\/#organization\",\"name\":\"Glamico Baltics O\u00dc\",\"url\":\"https:\\\/\\\/glamico.ee\\\/\",\"logo\":{\"@type\":\"ImageObject\",\"inLanguage\":\"en-US\",\"@id\":\"https:\\\/\\\/glamico.ee\\\/#\\\/schema\\\/logo\\\/image\\\/\",\"url\":\"https:\\\/\\\/glamico.ee\\\/wp-content\\\/uploads\\\/2025\\\/11\\\/Glamico-1.png\",\"contentUrl\":\"https:\\\/\\\/glamico.ee\\\/wp-content\\\/uploads\\\/2025\\\/11\\\/Glamico-1.png\",\"width\":627,\"height\":400,\"caption\":\"Glamico Baltics O\u00dc\"},\"image\":{\"@id\":\"https:\\\/\\\/glamico.ee\\\/#\\\/schema\\\/logo\\\/image\\\/\"},\"sameAs\":[\"https:\\\/\\\/www.instagram.com\\\/glamico.ee\\\/\"]}]}<\/script>\n<!-- \/ Yoast SEO plugin. -->","yoast_head_json":{"title":"Olivia Garden Expert Blowout Straight Wavy Bristle Gold&Brown 30mm - Glamico","robots":{"index":"index","follow":"follow","max-snippet":"max-snippet:-1","max-image-preview":"max-image-preview:large","max-video-preview":"max-video-preview:-1"},"canonical":"https:\/\/glamico.ee\/en\/pood\/olivia-garden-expert-blowout-straight-wavy-bristle-goldbrown-30mm\/","og_locale":"en_US","og_type":"article","og_title":"Olivia Garden Expert Blowout Straight Wavy Bristle Gold&Brown 30mm - Glamico","og_description":"Olivia Garden Blowout Straight Wavy Bristle Gold &amp; Brown \u00fcmarharja teeb eriti mitmek\u00fclgseks selle ainulaadne ruudukujuline korpus. Expert Blowout Straight harja lamedad k\u00fcljed on ideaalsed juuste sirgendamiseks, samas kui \u00fcmarad servad parandavad kontrolli t\u00f5mbetugevuse \u00fcle, lisades soengule kohevust. T\u00e4nu sellele sobib hari suurep\u00e4raselt ka juuste otste koolutamiseks (flips), pakkudes viimistlemisel piiramatut paindlikkust. Olivia Garden Blowout Straight Wavy Bristle Gold &amp; [&hellip;]","og_url":"https:\/\/glamico.ee\/en\/pood\/olivia-garden-expert-blowout-straight-wavy-bristle-goldbrown-30mm\/","og_site_name":"Glamico","article_modified_time":"2026-04-15T02:45:57+00:00","og_image":[{"width":646,"height":753,"url":"https:\/\/glamico.ee\/wp-content\/uploads\/2026\/02\/5414343020581.png","type":"image\/png"}],"twitter_card":"summary_large_image","twitter_misc":{"Est. reading time":"1 minute"},"schema":{"@context":"https:\/\/schema.org","@graph":[{"@type":"WebPage","@id":"https:\/\/glamico.ee\/pood\/olivia-garden-expert-blowout-straight-wavy-bristle-goldbrown-30mm\/","url":"https:\/\/glamico.ee\/pood\/olivia-garden-expert-blowout-straight-wavy-bristle-goldbrown-30mm\/","name":"Olivia Garden Expert Blowout Straight Wavy Bristle Gold&Brown 30mm - Glamico","isPartOf":{"@id":"https:\/\/glamico.ee\/#website"},"primaryImageOfPage":{"@id":"https:\/\/glamico.ee\/pood\/olivia-garden-expert-blowout-straight-wavy-bristle-goldbrown-30mm\/#primaryimage"},"image":{"@id":"https:\/\/glamico.ee\/pood\/olivia-garden-expert-blowout-straight-wavy-bristle-goldbrown-30mm\/#primaryimage"},"thumbnailUrl":"https:\/\/glamico.ee\/wp-content\/uploads\/2026\/02\/5414343020581.png","datePublished":"2026-02-15T11:12:49+00:00","dateModified":"2026-04-15T02:45:57+00:00","breadcrumb":{"@id":"https:\/\/glamico.ee\/pood\/olivia-garden-expert-blowout-straight-wavy-bristle-goldbrown-30mm\/#breadcrumb"},"inLanguage":"en-US","potentialAction":[{"@type":"ReadAction","target":["https:\/\/glamico.ee\/pood\/olivia-garden-expert-blowout-straight-wavy-bristle-goldbrown-30mm\/"]}]},{"@type":"ImageObject","inLanguage":"en-US","@id":"https:\/\/glamico.ee\/pood\/olivia-garden-expert-blowout-straight-wavy-bristle-goldbrown-30mm\/#primaryimage","url":"https:\/\/glamico.ee\/wp-content\/uploads\/2026\/02\/5414343020581.png","contentUrl":"https:\/\/glamico.ee\/wp-content\/uploads\/2026\/02\/5414343020581.png","width":646,"height":753},{"@type":"BreadcrumbList","@id":"https:\/\/glamico.ee\/pood\/olivia-garden-expert-blowout-straight-wavy-bristle-goldbrown-30mm\/#breadcrumb","itemListElement":[{"@type":"ListItem","position":1,"name":"Home","item":"https:\/\/glamico.ee\/"},{"@type":"ListItem","position":2,"name":"Pood","item":"https:\/\/glamico.ee\/pood\/"},{"@type":"ListItem","position":3,"name":"Olivia Garden Expert Blowout Straight Wavy Bristle Gold&#038;Brown 30mm"}]},{"@type":"WebSite","@id":"https:\/\/glamico.ee\/#website","url":"https:\/\/glamico.ee\/","name":"Glamico","description":"Ilutooted","publisher":{"@id":"https:\/\/glamico.ee\/#organization"},"potentialAction":[{"@type":"SearchAction","target":{"@type":"EntryPoint","urlTemplate":"https:\/\/glamico.ee\/?s={search_term_string}"},"query-input":{"@type":"PropertyValueSpecification","valueRequired":true,"valueName":"search_term_string"}}],"inLanguage":"en-US"},{"@type":"Organization","@id":"https:\/\/glamico.ee\/#organization","name":"Glamico Baltics O\u00dc","url":"https:\/\/glamico.ee\/","logo":{"@type":"ImageObject","inLanguage":"en-US","@id":"https:\/\/glamico.ee\/#\/schema\/logo\/image\/","url":"https:\/\/glamico.ee\/wp-content\/uploads\/2025\/11\/Glamico-1.png","contentUrl":"https:\/\/glamico.ee\/wp-content\/uploads\/2025\/11\/Glamico-1.png","width":627,"height":400,"caption":"Glamico Baltics O\u00dc"},"image":{"@id":"https:\/\/glamico.ee\/#\/schema\/logo\/image\/"},"sameAs":["https:\/\/www.instagram.com\/glamico.ee\/"]}]}},"brands":[{"id":87,"name":"Olivia Garden","slug":"olivia-garden"}],"_links":{"self":[{"href":"https:\/\/glamico.ee\/en\/wp-json\/wp\/v2\/product\/2400","targetHints":{"allow":["GET"]}}],"collection":[{"href":"https:\/\/glamico.ee\/en\/wp-json\/wp\/v2\/product"}],"about":[{"href":"https:\/\/glamico.ee\/en\/wp-json\/wp\/v2\/types\/product"}],"version-history":[{"count":1,"href":"https:\/\/glamico.ee\/en\/wp-json\/wp\/v2\/product\/2400\/revisions"}],"predecessor-version":[{"id":2402,"href":"https:\/\/glamico.ee\/en\/wp-json\/wp\/v2\/product\/2400\/revisions\/2402"}],"wp:featuredmedia":[{"embeddable":true,"href":"https:\/\/glamico.ee\/en\/wp-json\/wp\/v2\/media\/2403"}],"wp:attachment":[{"href":"https:\/\/glamico.ee\/en\/wp-json\/wp\/v2\/media?parent=2400"}],"wp:term":[{"taxonomy":"pwb-brand","embeddable":true,"href":"https:\/\/glamico.ee\/en\/wp-json\/wp\/v2\/pwb-brand?post=2400"},{"taxonomy":"product_brand","embeddable":true,"href":"https:\/\/glamico.ee\/en\/wp-json\/wp\/v2\/product_brand?post=2400"},{"taxonomy":"product_cat","embeddable":true,"href":"https:\/\/glamico.ee\/en\/wp-json\/wp\/v2\/product_cat?post=2400"},{"taxonomy":"product_tag","embeddable":true,"href":"https:\/\/glamico.ee\/en\/wp-json\/wp\/v2\/product_tag?post=2400"}],"curies":[{"name":"wp","href":"https:\/\/api.w.org\/{rel}","templated":true}]}}