{"id":2249,"date":"2026-01-10T14:05:51","date_gmt":"2026-01-10T12:05:51","guid":{"rendered":"https:\/\/glamico.ee\/?post_type=product&#038;p=2249"},"modified":"2026-02-22T20:37:50","modified_gmt":"2026-02-22T18:37:50","slug":"olivia-garden-style-wet-hair-bristles-ice-grey","status":"publish","type":"product","link":"https:\/\/glamico.ee\/en\/pood\/olivia-garden-style-wet-hair-bristles-ice-grey\/","title":{"rendered":"Olivia Garden Style Wet Hair Bristles Ice Grey"},"content":{"rendered":"<p>Olivia Garden Style Wet Hair Bristles Ice Grey on ideaalne hari igat t\u00fc\u00fcpi vedelate toodete juustesse kandmiseks. T\u00e4nu Memory Flex harjastele ulatuvad hooldustooted s\u00fcgavale juustesse, muutes selle harja sinu parimaks liitlaseks juuksehoolduses.<\/p>\n<p>P\u00f5hiomadused:<br \/>\nParem \u00f5huringlus: Aitab hoida juukseid tervena.<br \/>\nKiirem kuivamisaeg: L\u00fchendab f\u00f6\u00f6nitamisele kuluvat aega.<br \/>\n\u00dchtlane jaotus: Jaotab juuksehooldustooted v\u00f5rdselt kogu juuksepikkusesse.<br \/>\nMemory Flex harjased: Paindlikud harjased, mis kohanduvad juustega.<br \/>\nErgonoomiline disain: Terviklikult disainitud korpus mugavaks kasutamiseks.<br \/>\nSobib pesutoolis kasutamiseks: Ideaalne m\u00e4rgade juuste harjamiseks ja maskide pealekandmiseks.<br \/>\nSuurep\u00e4rane v\u00e4rvitud juustele: \u00d5rnatoimeline harjamine, mis s\u00e4\u00e4stab juuksev\u00e4rvi ja -struktuuri.<\/p>","protected":false},"excerpt":{"rendered":"<p>Olivia Garden Style Wet Hair Bristles Ice Grey on ideaalne hari igat t\u00fc\u00fcpi vedelate toodete juustesse kandmiseks. T\u00e4nu Memory Flex harjastele ulatuvad hooldustooted s\u00fcgavale juustesse, muutes selle harja sinu parimaks liitlaseks juuksehoolduses. P\u00f5hiomadused: Parem \u00f5huringlus: Aitab hoida juukseid tervena. Kiirem kuivamisaeg: L\u00fchendab f\u00f6\u00f6nitamisele kuluvat aega. \u00dchtlane jaotus: Jaotab juuksehooldustooted v\u00f5rdselt kogu juuksepikkusesse. Memory Flex harjased: Paindlikud harjased, mis kohanduvad juustega. [&hellip;]<\/p>\n","protected":false},"featured_media":2251,"template":"","meta":[],"pwb-brand":[87],"product_brand":[],"product_cat":[32],"product_tag":[],"class_list":{"0":"post-2249","1":"product","2":"type-product","3":"status-publish","4":"has-post-thumbnail","6":"pwb-brand-olivia-garden","7":"product_cat-juustele","9":"first","10":"instock","11":"sale","12":"taxable","13":"shipping-taxable","14":"purchasable","15":"product-type-simple"},"yoast_head":"<!-- This site is optimized with the Yoast SEO plugin v27.3 - https:\/\/yoast.com\/product\/yoast-seo-wordpress\/ -->\n<title>Olivia Garden Style Wet Hair Bristles Ice Grey - Glamico<\/title>\n<meta name=\"robots\" content=\"index, follow, max-snippet:-1, max-image-preview:large, max-video-preview:-1\" \/>\n<link rel=\"canonical\" href=\"https:\/\/glamico.ee\/en\/pood\/olivia-garden-style-wet-hair-bristles-ice-grey\/\" \/>\n<meta property=\"og:locale\" content=\"en_US\" \/>\n<meta property=\"og:type\" content=\"article\" \/>\n<meta property=\"og:title\" content=\"Olivia Garden Style Wet Hair Bristles Ice Grey - Glamico\" \/>\n<meta property=\"og:description\" content=\"Olivia Garden Style Wet Hair Bristles Ice Grey on ideaalne hari igat t\u00fc\u00fcpi vedelate toodete juustesse kandmiseks. T\u00e4nu Memory Flex harjastele ulatuvad hooldustooted s\u00fcgavale juustesse, muutes selle harja sinu parimaks liitlaseks juuksehoolduses. P\u00f5hiomadused: Parem \u00f5huringlus: Aitab hoida juukseid tervena. Kiirem kuivamisaeg: L\u00fchendab f\u00f6\u00f6nitamisele kuluvat aega. \u00dchtlane jaotus: Jaotab juuksehooldustooted v\u00f5rdselt kogu juuksepikkusesse. Memory Flex harjased: Paindlikud harjased, mis kohanduvad juustega. [&hellip;]\" \/>\n<meta property=\"og:url\" content=\"https:\/\/glamico.ee\/en\/pood\/olivia-garden-style-wet-hair-bristles-ice-grey\/\" \/>\n<meta property=\"og:site_name\" content=\"Glamico\" \/>\n<meta property=\"article:modified_time\" content=\"2026-02-22T18:37:50+00:00\" \/>\n<meta property=\"og:image\" content=\"https:\/\/glamico.ee\/wp-content\/uploads\/2026\/01\/5414343020864-Olivia-Garden-Style-Wet-Hair-Bristles-Ice-Grey-side.webp\" \/>\n\t<meta property=\"og:image:width\" content=\"480\" \/>\n\t<meta property=\"og:image:height\" content=\"480\" \/>\n\t<meta property=\"og:image:type\" content=\"image\/webp\" \/>\n<meta name=\"twitter:card\" content=\"summary_large_image\" \/>\n<meta name=\"twitter:label1\" content=\"Est. reading time\" \/>\n\t<meta name=\"twitter:data1\" content=\"1 minute\" \/>\n<script type=\"application\/ld+json\" class=\"yoast-schema-graph\">{\"@context\":\"https:\\\/\\\/schema.org\",\"@graph\":[{\"@type\":\"WebPage\",\"@id\":\"https:\\\/\\\/glamico.ee\\\/pood\\\/olivia-garden-style-wet-hair-bristles-ice-grey\\\/\",\"url\":\"https:\\\/\\\/glamico.ee\\\/pood\\\/olivia-garden-style-wet-hair-bristles-ice-grey\\\/\",\"name\":\"Olivia Garden Style Wet Hair Bristles Ice Grey - Glamico\",\"isPartOf\":{\"@id\":\"https:\\\/\\\/glamico.ee\\\/#website\"},\"primaryImageOfPage\":{\"@id\":\"https:\\\/\\\/glamico.ee\\\/pood\\\/olivia-garden-style-wet-hair-bristles-ice-grey\\\/#primaryimage\"},\"image\":{\"@id\":\"https:\\\/\\\/glamico.ee\\\/pood\\\/olivia-garden-style-wet-hair-bristles-ice-grey\\\/#primaryimage\"},\"thumbnailUrl\":\"https:\\\/\\\/glamico.ee\\\/wp-content\\\/uploads\\\/2026\\\/01\\\/5414343020864-Olivia-Garden-Style-Wet-Hair-Bristles-Ice-Grey-side.webp\",\"datePublished\":\"2026-01-10T12:05:51+00:00\",\"dateModified\":\"2026-02-22T18:37:50+00:00\",\"breadcrumb\":{\"@id\":\"https:\\\/\\\/glamico.ee\\\/pood\\\/olivia-garden-style-wet-hair-bristles-ice-grey\\\/#breadcrumb\"},\"inLanguage\":\"en-US\",\"potentialAction\":[{\"@type\":\"ReadAction\",\"target\":[\"https:\\\/\\\/glamico.ee\\\/pood\\\/olivia-garden-style-wet-hair-bristles-ice-grey\\\/\"]}]},{\"@type\":\"ImageObject\",\"inLanguage\":\"en-US\",\"@id\":\"https:\\\/\\\/glamico.ee\\\/pood\\\/olivia-garden-style-wet-hair-bristles-ice-grey\\\/#primaryimage\",\"url\":\"https:\\\/\\\/glamico.ee\\\/wp-content\\\/uploads\\\/2026\\\/01\\\/5414343020864-Olivia-Garden-Style-Wet-Hair-Bristles-Ice-Grey-side.webp\",\"contentUrl\":\"https:\\\/\\\/glamico.ee\\\/wp-content\\\/uploads\\\/2026\\\/01\\\/5414343020864-Olivia-Garden-Style-Wet-Hair-Bristles-Ice-Grey-side.webp\",\"width\":480,\"height\":480},{\"@type\":\"BreadcrumbList\",\"@id\":\"https:\\\/\\\/glamico.ee\\\/pood\\\/olivia-garden-style-wet-hair-bristles-ice-grey\\\/#breadcrumb\",\"itemListElement\":[{\"@type\":\"ListItem\",\"position\":1,\"name\":\"Home\",\"item\":\"https:\\\/\\\/glamico.ee\\\/\"},{\"@type\":\"ListItem\",\"position\":2,\"name\":\"Pood\",\"item\":\"https:\\\/\\\/glamico.ee\\\/pood\\\/\"},{\"@type\":\"ListItem\",\"position\":3,\"name\":\"Olivia Garden Style Wet Hair Bristles Ice Grey\"}]},{\"@type\":\"WebSite\",\"@id\":\"https:\\\/\\\/glamico.ee\\\/#website\",\"url\":\"https:\\\/\\\/glamico.ee\\\/\",\"name\":\"Glamico\",\"description\":\"Ilutooted\",\"publisher\":{\"@id\":\"https:\\\/\\\/glamico.ee\\\/#organization\"},\"potentialAction\":[{\"@type\":\"SearchAction\",\"target\":{\"@type\":\"EntryPoint\",\"urlTemplate\":\"https:\\\/\\\/glamico.ee\\\/?s={search_term_string}\"},\"query-input\":{\"@type\":\"PropertyValueSpecification\",\"valueRequired\":true,\"valueName\":\"search_term_string\"}}],\"inLanguage\":\"en-US\"},{\"@type\":\"Organization\",\"@id\":\"https:\\\/\\\/glamico.ee\\\/#organization\",\"name\":\"Glamico Baltics O\u00dc\",\"url\":\"https:\\\/\\\/glamico.ee\\\/\",\"logo\":{\"@type\":\"ImageObject\",\"inLanguage\":\"en-US\",\"@id\":\"https:\\\/\\\/glamico.ee\\\/#\\\/schema\\\/logo\\\/image\\\/\",\"url\":\"https:\\\/\\\/glamico.ee\\\/wp-content\\\/uploads\\\/2025\\\/11\\\/Glamico-1.png\",\"contentUrl\":\"https:\\\/\\\/glamico.ee\\\/wp-content\\\/uploads\\\/2025\\\/11\\\/Glamico-1.png\",\"width\":627,\"height\":400,\"caption\":\"Glamico Baltics O\u00dc\"},\"image\":{\"@id\":\"https:\\\/\\\/glamico.ee\\\/#\\\/schema\\\/logo\\\/image\\\/\"},\"sameAs\":[\"https:\\\/\\\/www.instagram.com\\\/glamico.ee\\\/\"]}]}<\/script>\n<!-- \/ Yoast SEO plugin. -->","yoast_head_json":{"title":"Olivia Garden Style Wet Hair Bristles Ice Grey - Glamico","robots":{"index":"index","follow":"follow","max-snippet":"max-snippet:-1","max-image-preview":"max-image-preview:large","max-video-preview":"max-video-preview:-1"},"canonical":"https:\/\/glamico.ee\/en\/pood\/olivia-garden-style-wet-hair-bristles-ice-grey\/","og_locale":"en_US","og_type":"article","og_title":"Olivia Garden Style Wet Hair Bristles Ice Grey - Glamico","og_description":"Olivia Garden Style Wet Hair Bristles Ice Grey on ideaalne hari igat t\u00fc\u00fcpi vedelate toodete juustesse kandmiseks. T\u00e4nu Memory Flex harjastele ulatuvad hooldustooted s\u00fcgavale juustesse, muutes selle harja sinu parimaks liitlaseks juuksehoolduses. P\u00f5hiomadused: Parem \u00f5huringlus: Aitab hoida juukseid tervena. Kiirem kuivamisaeg: L\u00fchendab f\u00f6\u00f6nitamisele kuluvat aega. \u00dchtlane jaotus: Jaotab juuksehooldustooted v\u00f5rdselt kogu juuksepikkusesse. Memory Flex harjased: Paindlikud harjased, mis kohanduvad juustega. [&hellip;]","og_url":"https:\/\/glamico.ee\/en\/pood\/olivia-garden-style-wet-hair-bristles-ice-grey\/","og_site_name":"Glamico","article_modified_time":"2026-02-22T18:37:50+00:00","og_image":[{"width":480,"height":480,"url":"https:\/\/glamico.ee\/wp-content\/uploads\/2026\/01\/5414343020864-Olivia-Garden-Style-Wet-Hair-Bristles-Ice-Grey-side.webp","type":"image\/webp"}],"twitter_card":"summary_large_image","twitter_misc":{"Est. reading time":"1 minute"},"schema":{"@context":"https:\/\/schema.org","@graph":[{"@type":"WebPage","@id":"https:\/\/glamico.ee\/pood\/olivia-garden-style-wet-hair-bristles-ice-grey\/","url":"https:\/\/glamico.ee\/pood\/olivia-garden-style-wet-hair-bristles-ice-grey\/","name":"Olivia Garden Style Wet Hair Bristles Ice Grey - Glamico","isPartOf":{"@id":"https:\/\/glamico.ee\/#website"},"primaryImageOfPage":{"@id":"https:\/\/glamico.ee\/pood\/olivia-garden-style-wet-hair-bristles-ice-grey\/#primaryimage"},"image":{"@id":"https:\/\/glamico.ee\/pood\/olivia-garden-style-wet-hair-bristles-ice-grey\/#primaryimage"},"thumbnailUrl":"https:\/\/glamico.ee\/wp-content\/uploads\/2026\/01\/5414343020864-Olivia-Garden-Style-Wet-Hair-Bristles-Ice-Grey-side.webp","datePublished":"2026-01-10T12:05:51+00:00","dateModified":"2026-02-22T18:37:50+00:00","breadcrumb":{"@id":"https:\/\/glamico.ee\/pood\/olivia-garden-style-wet-hair-bristles-ice-grey\/#breadcrumb"},"inLanguage":"en-US","potentialAction":[{"@type":"ReadAction","target":["https:\/\/glamico.ee\/pood\/olivia-garden-style-wet-hair-bristles-ice-grey\/"]}]},{"@type":"ImageObject","inLanguage":"en-US","@id":"https:\/\/glamico.ee\/pood\/olivia-garden-style-wet-hair-bristles-ice-grey\/#primaryimage","url":"https:\/\/glamico.ee\/wp-content\/uploads\/2026\/01\/5414343020864-Olivia-Garden-Style-Wet-Hair-Bristles-Ice-Grey-side.webp","contentUrl":"https:\/\/glamico.ee\/wp-content\/uploads\/2026\/01\/5414343020864-Olivia-Garden-Style-Wet-Hair-Bristles-Ice-Grey-side.webp","width":480,"height":480},{"@type":"BreadcrumbList","@id":"https:\/\/glamico.ee\/pood\/olivia-garden-style-wet-hair-bristles-ice-grey\/#breadcrumb","itemListElement":[{"@type":"ListItem","position":1,"name":"Home","item":"https:\/\/glamico.ee\/"},{"@type":"ListItem","position":2,"name":"Pood","item":"https:\/\/glamico.ee\/pood\/"},{"@type":"ListItem","position":3,"name":"Olivia Garden Style Wet Hair Bristles Ice Grey"}]},{"@type":"WebSite","@id":"https:\/\/glamico.ee\/#website","url":"https:\/\/glamico.ee\/","name":"Glamico","description":"Ilutooted","publisher":{"@id":"https:\/\/glamico.ee\/#organization"},"potentialAction":[{"@type":"SearchAction","target":{"@type":"EntryPoint","urlTemplate":"https:\/\/glamico.ee\/?s={search_term_string}"},"query-input":{"@type":"PropertyValueSpecification","valueRequired":true,"valueName":"search_term_string"}}],"inLanguage":"en-US"},{"@type":"Organization","@id":"https:\/\/glamico.ee\/#organization","name":"Glamico Baltics O\u00dc","url":"https:\/\/glamico.ee\/","logo":{"@type":"ImageObject","inLanguage":"en-US","@id":"https:\/\/glamico.ee\/#\/schema\/logo\/image\/","url":"https:\/\/glamico.ee\/wp-content\/uploads\/2025\/11\/Glamico-1.png","contentUrl":"https:\/\/glamico.ee\/wp-content\/uploads\/2025\/11\/Glamico-1.png","width":627,"height":400,"caption":"Glamico Baltics O\u00dc"},"image":{"@id":"https:\/\/glamico.ee\/#\/schema\/logo\/image\/"},"sameAs":["https:\/\/www.instagram.com\/glamico.ee\/"]}]}},"brands":[{"id":87,"name":"Olivia Garden","slug":"olivia-garden"}],"_links":{"self":[{"href":"https:\/\/glamico.ee\/en\/wp-json\/wp\/v2\/product\/2249","targetHints":{"allow":["GET"]}}],"collection":[{"href":"https:\/\/glamico.ee\/en\/wp-json\/wp\/v2\/product"}],"about":[{"href":"https:\/\/glamico.ee\/en\/wp-json\/wp\/v2\/types\/product"}],"version-history":[{"count":1,"href":"https:\/\/glamico.ee\/en\/wp-json\/wp\/v2\/product\/2249\/revisions"}],"predecessor-version":[{"id":2252,"href":"https:\/\/glamico.ee\/en\/wp-json\/wp\/v2\/product\/2249\/revisions\/2252"}],"wp:featuredmedia":[{"embeddable":true,"href":"https:\/\/glamico.ee\/en\/wp-json\/wp\/v2\/media\/2251"}],"wp:attachment":[{"href":"https:\/\/glamico.ee\/en\/wp-json\/wp\/v2\/media?parent=2249"}],"wp:term":[{"taxonomy":"pwb-brand","embeddable":true,"href":"https:\/\/glamico.ee\/en\/wp-json\/wp\/v2\/pwb-brand?post=2249"},{"taxonomy":"product_brand","embeddable":true,"href":"https:\/\/glamico.ee\/en\/wp-json\/wp\/v2\/product_brand?post=2249"},{"taxonomy":"product_cat","embeddable":true,"href":"https:\/\/glamico.ee\/en\/wp-json\/wp\/v2\/product_cat?post=2249"},{"taxonomy":"product_tag","embeddable":true,"href":"https:\/\/glamico.ee\/en\/wp-json\/wp\/v2\/product_tag?post=2249"}],"curies":[{"name":"wp","href":"https:\/\/api.w.org\/{rel}","templated":true}]}}