{"id":2244,"date":"2026-01-09T15:01:28","date_gmt":"2026-01-09T13:01:28","guid":{"rendered":"https:\/\/glamico.ee\/?post_type=product&#038;p=2244"},"modified":"2026-03-01T23:49:34","modified_gmt":"2026-03-01T21:49:34","slug":"olivia-garden-style-wet-fine-hair-brush-ice-white","status":"publish","type":"product","link":"https:\/\/glamico.ee\/en\/pood\/olivia-garden-style-wet-fine-hair-brush-ice-white\/","title":{"rendered":"Olivia Garden Style Wet Fine Hair Brush (Ice White)"},"content":{"rendered":"<p>Olivia Garden Style Wet Fine Hair Brush (Ice White) on t\u00e4iuslik juuksehari \u00f5hukeste ja peenekoeliste juuste hooldamiseks. See stiilne hari on varustatud spetsiaalsete pehmete harjastega, mis harutavad t\u00f5husalt lahti pusad ilma juukseid kahjustamata. T\u00e4nu voolujoonelisele ja elegantsele j\u00e4\u00e4valgele (Ice White) disainile istub hari mugavalt k\u00e4tte. Lisaks on see hari ideaalne kasutamiseks m\u00e4rgadel juustel, muutes juuste viimistlemise p\u00e4rast du\u0161i all k\u00e4imist vaevatuks. Lisa see asendamatu vahend oma juuksehooldusrutiini ning naudi siledamaid ja l\u00e4ikivamaid juukseid iga p\u00e4ev. Olivia Garden \u2013 sinu partner kaunite juuste saavutamisel!<\/p>\n<p>Peamised omadused:<br \/>\nSobib \u00f5hukestele juustele.<br \/>\nAnnab juustele l\u00e4iget ja sileduse.<br \/>\nHarutab lahti pusad ja s\u00f5lmed ilma juukseid kahjustamata.<br \/>\nPehmed harjased.<\/p>","protected":false},"excerpt":{"rendered":"<p>Olivia Garden Style Wet Fine Hair Brush (Ice White) on t\u00e4iuslik juuksehari \u00f5hukeste ja peenekoeliste juuste hooldamiseks. See stiilne hari on varustatud spetsiaalsete pehmete harjastega, mis harutavad t\u00f5husalt lahti pusad ilma juukseid kahjustamata. T\u00e4nu voolujoonelisele ja elegantsele j\u00e4\u00e4valgele (Ice White) disainile istub hari mugavalt k\u00e4tte. Lisaks on see hari ideaalne kasutamiseks m\u00e4rgadel juustel, muutes juuste viimistlemise p\u00e4rast du\u0161i all k\u00e4imist [&hellip;]<\/p>\n","protected":false},"featured_media":2246,"template":"","meta":[],"pwb-brand":[87],"product_brand":[],"product_cat":[32],"product_tag":[],"class_list":{"0":"post-2244","1":"product","2":"type-product","3":"status-publish","4":"has-post-thumbnail","6":"pwb-brand-olivia-garden","7":"product_cat-juustele","9":"first","10":"instock","11":"sale","12":"taxable","13":"shipping-taxable","14":"purchasable","15":"product-type-simple"},"yoast_head":"<!-- This site is optimized with the Yoast SEO plugin v27.3 - https:\/\/yoast.com\/product\/yoast-seo-wordpress\/ -->\n<title>Olivia Garden Style Wet Fine Hair Brush (Ice White) - Glamico<\/title>\n<meta name=\"robots\" content=\"index, follow, max-snippet:-1, max-image-preview:large, max-video-preview:-1\" \/>\n<link rel=\"canonical\" href=\"https:\/\/glamico.ee\/en\/pood\/olivia-garden-style-wet-fine-hair-brush-ice-white\/\" \/>\n<meta property=\"og:locale\" content=\"en_US\" \/>\n<meta property=\"og:type\" content=\"article\" \/>\n<meta property=\"og:title\" content=\"Olivia Garden Style Wet Fine Hair Brush (Ice White) - Glamico\" \/>\n<meta property=\"og:description\" content=\"Olivia Garden Style Wet Fine Hair Brush (Ice White) on t\u00e4iuslik juuksehari \u00f5hukeste ja peenekoeliste juuste hooldamiseks. See stiilne hari on varustatud spetsiaalsete pehmete harjastega, mis harutavad t\u00f5husalt lahti pusad ilma juukseid kahjustamata. T\u00e4nu voolujoonelisele ja elegantsele j\u00e4\u00e4valgele (Ice White) disainile istub hari mugavalt k\u00e4tte. Lisaks on see hari ideaalne kasutamiseks m\u00e4rgadel juustel, muutes juuste viimistlemise p\u00e4rast du\u0161i all k\u00e4imist [&hellip;]\" \/>\n<meta property=\"og:url\" content=\"https:\/\/glamico.ee\/en\/pood\/olivia-garden-style-wet-fine-hair-brush-ice-white\/\" \/>\n<meta property=\"og:site_name\" content=\"Glamico\" \/>\n<meta property=\"article:modified_time\" content=\"2026-03-01T21:49:34+00:00\" \/>\n<meta property=\"og:image\" content=\"https:\/\/glamico.ee\/wp-content\/uploads\/2026\/01\/5414343020857-olivia-garden-style-wet-fine-hair-haarborstel-ice-white.webp\" \/>\n\t<meta property=\"og:image:width\" content=\"480\" \/>\n\t<meta property=\"og:image:height\" content=\"480\" \/>\n\t<meta property=\"og:image:type\" content=\"image\/webp\" \/>\n<meta name=\"twitter:card\" content=\"summary_large_image\" \/>\n<meta name=\"twitter:label1\" content=\"Est. reading time\" \/>\n\t<meta name=\"twitter:data1\" content=\"1 minute\" \/>\n<script type=\"application\/ld+json\" class=\"yoast-schema-graph\">{\"@context\":\"https:\\\/\\\/schema.org\",\"@graph\":[{\"@type\":\"WebPage\",\"@id\":\"https:\\\/\\\/glamico.ee\\\/pood\\\/olivia-garden-style-wet-fine-hair-brush-ice-white\\\/\",\"url\":\"https:\\\/\\\/glamico.ee\\\/pood\\\/olivia-garden-style-wet-fine-hair-brush-ice-white\\\/\",\"name\":\"Olivia Garden Style Wet Fine Hair Brush (Ice White) - Glamico\",\"isPartOf\":{\"@id\":\"https:\\\/\\\/glamico.ee\\\/#website\"},\"primaryImageOfPage\":{\"@id\":\"https:\\\/\\\/glamico.ee\\\/pood\\\/olivia-garden-style-wet-fine-hair-brush-ice-white\\\/#primaryimage\"},\"image\":{\"@id\":\"https:\\\/\\\/glamico.ee\\\/pood\\\/olivia-garden-style-wet-fine-hair-brush-ice-white\\\/#primaryimage\"},\"thumbnailUrl\":\"https:\\\/\\\/glamico.ee\\\/wp-content\\\/uploads\\\/2026\\\/01\\\/5414343020857-olivia-garden-style-wet-fine-hair-haarborstel-ice-white.webp\",\"datePublished\":\"2026-01-09T13:01:28+00:00\",\"dateModified\":\"2026-03-01T21:49:34+00:00\",\"breadcrumb\":{\"@id\":\"https:\\\/\\\/glamico.ee\\\/pood\\\/olivia-garden-style-wet-fine-hair-brush-ice-white\\\/#breadcrumb\"},\"inLanguage\":\"en-US\",\"potentialAction\":[{\"@type\":\"ReadAction\",\"target\":[\"https:\\\/\\\/glamico.ee\\\/pood\\\/olivia-garden-style-wet-fine-hair-brush-ice-white\\\/\"]}]},{\"@type\":\"ImageObject\",\"inLanguage\":\"en-US\",\"@id\":\"https:\\\/\\\/glamico.ee\\\/pood\\\/olivia-garden-style-wet-fine-hair-brush-ice-white\\\/#primaryimage\",\"url\":\"https:\\\/\\\/glamico.ee\\\/wp-content\\\/uploads\\\/2026\\\/01\\\/5414343020857-olivia-garden-style-wet-fine-hair-haarborstel-ice-white.webp\",\"contentUrl\":\"https:\\\/\\\/glamico.ee\\\/wp-content\\\/uploads\\\/2026\\\/01\\\/5414343020857-olivia-garden-style-wet-fine-hair-haarborstel-ice-white.webp\",\"width\":480,\"height\":480},{\"@type\":\"BreadcrumbList\",\"@id\":\"https:\\\/\\\/glamico.ee\\\/pood\\\/olivia-garden-style-wet-fine-hair-brush-ice-white\\\/#breadcrumb\",\"itemListElement\":[{\"@type\":\"ListItem\",\"position\":1,\"name\":\"Home\",\"item\":\"https:\\\/\\\/glamico.ee\\\/\"},{\"@type\":\"ListItem\",\"position\":2,\"name\":\"Pood\",\"item\":\"https:\\\/\\\/glamico.ee\\\/pood\\\/\"},{\"@type\":\"ListItem\",\"position\":3,\"name\":\"Olivia Garden Style Wet Fine Hair Brush (Ice White)\"}]},{\"@type\":\"WebSite\",\"@id\":\"https:\\\/\\\/glamico.ee\\\/#website\",\"url\":\"https:\\\/\\\/glamico.ee\\\/\",\"name\":\"Glamico\",\"description\":\"Ilutooted\",\"publisher\":{\"@id\":\"https:\\\/\\\/glamico.ee\\\/#organization\"},\"potentialAction\":[{\"@type\":\"SearchAction\",\"target\":{\"@type\":\"EntryPoint\",\"urlTemplate\":\"https:\\\/\\\/glamico.ee\\\/?s={search_term_string}\"},\"query-input\":{\"@type\":\"PropertyValueSpecification\",\"valueRequired\":true,\"valueName\":\"search_term_string\"}}],\"inLanguage\":\"en-US\"},{\"@type\":\"Organization\",\"@id\":\"https:\\\/\\\/glamico.ee\\\/#organization\",\"name\":\"Glamico Baltics O\u00dc\",\"url\":\"https:\\\/\\\/glamico.ee\\\/\",\"logo\":{\"@type\":\"ImageObject\",\"inLanguage\":\"en-US\",\"@id\":\"https:\\\/\\\/glamico.ee\\\/#\\\/schema\\\/logo\\\/image\\\/\",\"url\":\"https:\\\/\\\/glamico.ee\\\/wp-content\\\/uploads\\\/2025\\\/11\\\/Glamico-1.png\",\"contentUrl\":\"https:\\\/\\\/glamico.ee\\\/wp-content\\\/uploads\\\/2025\\\/11\\\/Glamico-1.png\",\"width\":627,\"height\":400,\"caption\":\"Glamico Baltics O\u00dc\"},\"image\":{\"@id\":\"https:\\\/\\\/glamico.ee\\\/#\\\/schema\\\/logo\\\/image\\\/\"},\"sameAs\":[\"https:\\\/\\\/www.instagram.com\\\/glamico.ee\\\/\"]}]}<\/script>\n<!-- \/ Yoast SEO plugin. -->","yoast_head_json":{"title":"Olivia Garden Style Wet Fine Hair Brush (Ice White) - Glamico","robots":{"index":"index","follow":"follow","max-snippet":"max-snippet:-1","max-image-preview":"max-image-preview:large","max-video-preview":"max-video-preview:-1"},"canonical":"https:\/\/glamico.ee\/en\/pood\/olivia-garden-style-wet-fine-hair-brush-ice-white\/","og_locale":"en_US","og_type":"article","og_title":"Olivia Garden Style Wet Fine Hair Brush (Ice White) - Glamico","og_description":"Olivia Garden Style Wet Fine Hair Brush (Ice White) on t\u00e4iuslik juuksehari \u00f5hukeste ja peenekoeliste juuste hooldamiseks. See stiilne hari on varustatud spetsiaalsete pehmete harjastega, mis harutavad t\u00f5husalt lahti pusad ilma juukseid kahjustamata. T\u00e4nu voolujoonelisele ja elegantsele j\u00e4\u00e4valgele (Ice White) disainile istub hari mugavalt k\u00e4tte. Lisaks on see hari ideaalne kasutamiseks m\u00e4rgadel juustel, muutes juuste viimistlemise p\u00e4rast du\u0161i all k\u00e4imist [&hellip;]","og_url":"https:\/\/glamico.ee\/en\/pood\/olivia-garden-style-wet-fine-hair-brush-ice-white\/","og_site_name":"Glamico","article_modified_time":"2026-03-01T21:49:34+00:00","og_image":[{"width":480,"height":480,"url":"https:\/\/glamico.ee\/wp-content\/uploads\/2026\/01\/5414343020857-olivia-garden-style-wet-fine-hair-haarborstel-ice-white.webp","type":"image\/webp"}],"twitter_card":"summary_large_image","twitter_misc":{"Est. reading time":"1 minute"},"schema":{"@context":"https:\/\/schema.org","@graph":[{"@type":"WebPage","@id":"https:\/\/glamico.ee\/pood\/olivia-garden-style-wet-fine-hair-brush-ice-white\/","url":"https:\/\/glamico.ee\/pood\/olivia-garden-style-wet-fine-hair-brush-ice-white\/","name":"Olivia Garden Style Wet Fine Hair Brush (Ice White) - Glamico","isPartOf":{"@id":"https:\/\/glamico.ee\/#website"},"primaryImageOfPage":{"@id":"https:\/\/glamico.ee\/pood\/olivia-garden-style-wet-fine-hair-brush-ice-white\/#primaryimage"},"image":{"@id":"https:\/\/glamico.ee\/pood\/olivia-garden-style-wet-fine-hair-brush-ice-white\/#primaryimage"},"thumbnailUrl":"https:\/\/glamico.ee\/wp-content\/uploads\/2026\/01\/5414343020857-olivia-garden-style-wet-fine-hair-haarborstel-ice-white.webp","datePublished":"2026-01-09T13:01:28+00:00","dateModified":"2026-03-01T21:49:34+00:00","breadcrumb":{"@id":"https:\/\/glamico.ee\/pood\/olivia-garden-style-wet-fine-hair-brush-ice-white\/#breadcrumb"},"inLanguage":"en-US","potentialAction":[{"@type":"ReadAction","target":["https:\/\/glamico.ee\/pood\/olivia-garden-style-wet-fine-hair-brush-ice-white\/"]}]},{"@type":"ImageObject","inLanguage":"en-US","@id":"https:\/\/glamico.ee\/pood\/olivia-garden-style-wet-fine-hair-brush-ice-white\/#primaryimage","url":"https:\/\/glamico.ee\/wp-content\/uploads\/2026\/01\/5414343020857-olivia-garden-style-wet-fine-hair-haarborstel-ice-white.webp","contentUrl":"https:\/\/glamico.ee\/wp-content\/uploads\/2026\/01\/5414343020857-olivia-garden-style-wet-fine-hair-haarborstel-ice-white.webp","width":480,"height":480},{"@type":"BreadcrumbList","@id":"https:\/\/glamico.ee\/pood\/olivia-garden-style-wet-fine-hair-brush-ice-white\/#breadcrumb","itemListElement":[{"@type":"ListItem","position":1,"name":"Home","item":"https:\/\/glamico.ee\/"},{"@type":"ListItem","position":2,"name":"Pood","item":"https:\/\/glamico.ee\/pood\/"},{"@type":"ListItem","position":3,"name":"Olivia Garden Style Wet Fine Hair Brush (Ice White)"}]},{"@type":"WebSite","@id":"https:\/\/glamico.ee\/#website","url":"https:\/\/glamico.ee\/","name":"Glamico","description":"Ilutooted","publisher":{"@id":"https:\/\/glamico.ee\/#organization"},"potentialAction":[{"@type":"SearchAction","target":{"@type":"EntryPoint","urlTemplate":"https:\/\/glamico.ee\/?s={search_term_string}"},"query-input":{"@type":"PropertyValueSpecification","valueRequired":true,"valueName":"search_term_string"}}],"inLanguage":"en-US"},{"@type":"Organization","@id":"https:\/\/glamico.ee\/#organization","name":"Glamico Baltics O\u00dc","url":"https:\/\/glamico.ee\/","logo":{"@type":"ImageObject","inLanguage":"en-US","@id":"https:\/\/glamico.ee\/#\/schema\/logo\/image\/","url":"https:\/\/glamico.ee\/wp-content\/uploads\/2025\/11\/Glamico-1.png","contentUrl":"https:\/\/glamico.ee\/wp-content\/uploads\/2025\/11\/Glamico-1.png","width":627,"height":400,"caption":"Glamico Baltics O\u00dc"},"image":{"@id":"https:\/\/glamico.ee\/#\/schema\/logo\/image\/"},"sameAs":["https:\/\/www.instagram.com\/glamico.ee\/"]}]}},"brands":[{"id":87,"name":"Olivia Garden","slug":"olivia-garden"}],"_links":{"self":[{"href":"https:\/\/glamico.ee\/en\/wp-json\/wp\/v2\/product\/2244","targetHints":{"allow":["GET"]}}],"collection":[{"href":"https:\/\/glamico.ee\/en\/wp-json\/wp\/v2\/product"}],"about":[{"href":"https:\/\/glamico.ee\/en\/wp-json\/wp\/v2\/types\/product"}],"version-history":[{"count":1,"href":"https:\/\/glamico.ee\/en\/wp-json\/wp\/v2\/product\/2244\/revisions"}],"predecessor-version":[{"id":2247,"href":"https:\/\/glamico.ee\/en\/wp-json\/wp\/v2\/product\/2244\/revisions\/2247"}],"wp:featuredmedia":[{"embeddable":true,"href":"https:\/\/glamico.ee\/en\/wp-json\/wp\/v2\/media\/2246"}],"wp:attachment":[{"href":"https:\/\/glamico.ee\/en\/wp-json\/wp\/v2\/media?parent=2244"}],"wp:term":[{"taxonomy":"pwb-brand","embeddable":true,"href":"https:\/\/glamico.ee\/en\/wp-json\/wp\/v2\/pwb-brand?post=2244"},{"taxonomy":"product_brand","embeddable":true,"href":"https:\/\/glamico.ee\/en\/wp-json\/wp\/v2\/product_brand?post=2244"},{"taxonomy":"product_cat","embeddable":true,"href":"https:\/\/glamico.ee\/en\/wp-json\/wp\/v2\/product_cat?post=2244"},{"taxonomy":"product_tag","embeddable":true,"href":"https:\/\/glamico.ee\/en\/wp-json\/wp\/v2\/product_tag?post=2244"}],"curies":[{"name":"wp","href":"https:\/\/api.w.org\/{rel}","templated":true}]}}