{"id":2222,"date":"2026-01-09T13:45:19","date_gmt":"2026-01-09T11:45:19","guid":{"rendered":"https:\/\/glamico.ee\/?post_type=product&#038;p=2222"},"modified":"2026-02-15T12:39:04","modified_gmt":"2026-02-15T10:39:04","slug":"olivia-garden-blowout-classic-silver-45-mm","status":"publish","type":"product","link":"https:\/\/glamico.ee\/en\/pood\/olivia-garden-blowout-classic-silver-45-mm\/","title":{"rendered":"Olivia Garden Blowout Classic Silver 45 mm"},"content":{"rendered":"<p>Olivia Garden Blowout Classic Silver 45 mm lisab juustele kohevust ja hoiab \u00e4ra nende lendlevuse t\u00e4nu antistaatilisele tehnoloogiale ja \u00f5huavadega harjapeale.<br \/>\nLoo lummavaid f\u00f6\u00f6nisoenguid Olivia Garden Essential Blowout Classic Silver harjaga. See \u00fcmarhari on ideaalne kaaslane f\u00f6\u00f6nitamisel, aidates saavutada professionaalse tulemuse.<\/p>\n<p>Anna oma juuksurikarj\u00e4\u00e4rile tiivad t\u00e4nu Essential Blowout Classic harjale. See asendamatu t\u00f6\u00f6vahend ei aita sul mitte ainult oskusi t\u00e4iustada, vaid turgutab ka loovust, v\u00f5imaldades luua h\u00e4mmastavaid stiile. Suurep\u00e4rane \u00f5huvool ja nutikas disain hoiavad \u00e4ra \u00fclekuumenemise, s\u00e4\u00e4stes nii nahka kui ka juukseid. Essential Blowout Classic on v\u00e4\u00e4rtuslik t\u00e4iendus igale juuksurile, kes otsib mitmek\u00fclgset ja eelarves\u00f5bralikku harja.<\/p>\n<p>Peamised omadused:<br \/>\n\u00dcmar juuksehari, mis on ideaalne f\u00f6\u00f6nitamiseks.<br \/>\nKerge alumiiniumist korpus.<br \/>\nAntistaatiline tehnoloogia \u2013 muudab juuksed siledaks ja kergesti k\u00e4sitletavaks.<br \/>\nL\u00fchendab kuivamisaega.<br \/>\nLisab m\u00e4rgatavat kohevust.<br \/>\nSobib professionaalseks kasutamiseks.<\/p>","protected":false},"excerpt":{"rendered":"<p>Olivia Garden Blowout Classic Silver 45 mm lisab juustele kohevust ja hoiab \u00e4ra nende lendlevuse t\u00e4nu antistaatilisele tehnoloogiale ja \u00f5huavadega harjapeale. Loo lummavaid f\u00f6\u00f6nisoenguid Olivia Garden Essential Blowout Classic Silver harjaga. See \u00fcmarhari on ideaalne kaaslane f\u00f6\u00f6nitamisel, aidates saavutada professionaalse tulemuse. Anna oma juuksurikarj\u00e4\u00e4rile tiivad t\u00e4nu Essential Blowout Classic harjale. See asendamatu t\u00f6\u00f6vahend ei aita sul mitte ainult oskusi t\u00e4iustada, [&hellip;]<\/p>\n","protected":false},"featured_media":2224,"template":"","meta":[],"pwb-brand":[87],"product_brand":[],"product_cat":[32],"product_tag":[],"class_list":{"0":"post-2222","1":"product","2":"type-product","3":"status-publish","4":"has-post-thumbnail","6":"pwb-brand-olivia-garden","7":"product_cat-juustele","9":"first","10":"instock","11":"sale","12":"taxable","13":"shipping-taxable","14":"purchasable","15":"product-type-simple"},"yoast_head":"<!-- This site is optimized with the Yoast SEO plugin v27.3 - https:\/\/yoast.com\/product\/yoast-seo-wordpress\/ -->\n<title>Olivia Garden Blowout Classic Silver 45 mm - Glamico<\/title>\n<meta name=\"robots\" content=\"index, follow, max-snippet:-1, max-image-preview:large, max-video-preview:-1\" \/>\n<link rel=\"canonical\" href=\"https:\/\/glamico.ee\/en\/pood\/olivia-garden-blowout-classic-silver-45-mm\/\" \/>\n<meta property=\"og:locale\" content=\"en_US\" \/>\n<meta property=\"og:type\" content=\"article\" \/>\n<meta property=\"og:title\" content=\"Olivia Garden Blowout Classic Silver 45 mm - Glamico\" \/>\n<meta property=\"og:description\" content=\"Olivia Garden Blowout Classic Silver 45 mm lisab juustele kohevust ja hoiab \u00e4ra nende lendlevuse t\u00e4nu antistaatilisele tehnoloogiale ja \u00f5huavadega harjapeale. Loo lummavaid f\u00f6\u00f6nisoenguid Olivia Garden Essential Blowout Classic Silver harjaga. See \u00fcmarhari on ideaalne kaaslane f\u00f6\u00f6nitamisel, aidates saavutada professionaalse tulemuse. Anna oma juuksurikarj\u00e4\u00e4rile tiivad t\u00e4nu Essential Blowout Classic harjale. See asendamatu t\u00f6\u00f6vahend ei aita sul mitte ainult oskusi t\u00e4iustada, [&hellip;]\" \/>\n<meta property=\"og:url\" content=\"https:\/\/glamico.ee\/en\/pood\/olivia-garden-blowout-classic-silver-45-mm\/\" \/>\n<meta property=\"og:site_name\" content=\"Glamico\" \/>\n<meta property=\"article:modified_time\" content=\"2026-02-15T10:39:04+00:00\" \/>\n<meta property=\"og:image\" content=\"https:\/\/glamico.ee\/wp-content\/uploads\/2026\/01\/5414343020987-Olivia-Garden-Blowout-Classic-Silver-45-mm.webp\" \/>\n\t<meta property=\"og:image:width\" content=\"480\" \/>\n\t<meta property=\"og:image:height\" content=\"480\" \/>\n\t<meta property=\"og:image:type\" content=\"image\/webp\" \/>\n<meta name=\"twitter:card\" content=\"summary_large_image\" \/>\n<meta name=\"twitter:label1\" content=\"Est. reading time\" \/>\n\t<meta name=\"twitter:data1\" content=\"1 minute\" \/>\n<script type=\"application\/ld+json\" class=\"yoast-schema-graph\">{\"@context\":\"https:\\\/\\\/schema.org\",\"@graph\":[{\"@type\":\"WebPage\",\"@id\":\"https:\\\/\\\/glamico.ee\\\/pood\\\/olivia-garden-blowout-classic-silver-45-mm\\\/\",\"url\":\"https:\\\/\\\/glamico.ee\\\/pood\\\/olivia-garden-blowout-classic-silver-45-mm\\\/\",\"name\":\"Olivia Garden Blowout Classic Silver 45 mm - Glamico\",\"isPartOf\":{\"@id\":\"https:\\\/\\\/glamico.ee\\\/#website\"},\"primaryImageOfPage\":{\"@id\":\"https:\\\/\\\/glamico.ee\\\/pood\\\/olivia-garden-blowout-classic-silver-45-mm\\\/#primaryimage\"},\"image\":{\"@id\":\"https:\\\/\\\/glamico.ee\\\/pood\\\/olivia-garden-blowout-classic-silver-45-mm\\\/#primaryimage\"},\"thumbnailUrl\":\"https:\\\/\\\/glamico.ee\\\/wp-content\\\/uploads\\\/2026\\\/01\\\/5414343020987-Olivia-Garden-Blowout-Classic-Silver-45-mm.webp\",\"datePublished\":\"2026-01-09T11:45:19+00:00\",\"dateModified\":\"2026-02-15T10:39:04+00:00\",\"breadcrumb\":{\"@id\":\"https:\\\/\\\/glamico.ee\\\/pood\\\/olivia-garden-blowout-classic-silver-45-mm\\\/#breadcrumb\"},\"inLanguage\":\"en-US\",\"potentialAction\":[{\"@type\":\"ReadAction\",\"target\":[\"https:\\\/\\\/glamico.ee\\\/pood\\\/olivia-garden-blowout-classic-silver-45-mm\\\/\"]}]},{\"@type\":\"ImageObject\",\"inLanguage\":\"en-US\",\"@id\":\"https:\\\/\\\/glamico.ee\\\/pood\\\/olivia-garden-blowout-classic-silver-45-mm\\\/#primaryimage\",\"url\":\"https:\\\/\\\/glamico.ee\\\/wp-content\\\/uploads\\\/2026\\\/01\\\/5414343020987-Olivia-Garden-Blowout-Classic-Silver-45-mm.webp\",\"contentUrl\":\"https:\\\/\\\/glamico.ee\\\/wp-content\\\/uploads\\\/2026\\\/01\\\/5414343020987-Olivia-Garden-Blowout-Classic-Silver-45-mm.webp\",\"width\":480,\"height\":480},{\"@type\":\"BreadcrumbList\",\"@id\":\"https:\\\/\\\/glamico.ee\\\/pood\\\/olivia-garden-blowout-classic-silver-45-mm\\\/#breadcrumb\",\"itemListElement\":[{\"@type\":\"ListItem\",\"position\":1,\"name\":\"Home\",\"item\":\"https:\\\/\\\/glamico.ee\\\/\"},{\"@type\":\"ListItem\",\"position\":2,\"name\":\"Pood\",\"item\":\"https:\\\/\\\/glamico.ee\\\/pood\\\/\"},{\"@type\":\"ListItem\",\"position\":3,\"name\":\"Olivia Garden Blowout Classic Silver 45 mm\"}]},{\"@type\":\"WebSite\",\"@id\":\"https:\\\/\\\/glamico.ee\\\/#website\",\"url\":\"https:\\\/\\\/glamico.ee\\\/\",\"name\":\"Glamico\",\"description\":\"Ilutooted\",\"publisher\":{\"@id\":\"https:\\\/\\\/glamico.ee\\\/#organization\"},\"potentialAction\":[{\"@type\":\"SearchAction\",\"target\":{\"@type\":\"EntryPoint\",\"urlTemplate\":\"https:\\\/\\\/glamico.ee\\\/?s={search_term_string}\"},\"query-input\":{\"@type\":\"PropertyValueSpecification\",\"valueRequired\":true,\"valueName\":\"search_term_string\"}}],\"inLanguage\":\"en-US\"},{\"@type\":\"Organization\",\"@id\":\"https:\\\/\\\/glamico.ee\\\/#organization\",\"name\":\"Glamico Baltics O\u00dc\",\"url\":\"https:\\\/\\\/glamico.ee\\\/\",\"logo\":{\"@type\":\"ImageObject\",\"inLanguage\":\"en-US\",\"@id\":\"https:\\\/\\\/glamico.ee\\\/#\\\/schema\\\/logo\\\/image\\\/\",\"url\":\"https:\\\/\\\/glamico.ee\\\/wp-content\\\/uploads\\\/2025\\\/11\\\/Glamico-1.png\",\"contentUrl\":\"https:\\\/\\\/glamico.ee\\\/wp-content\\\/uploads\\\/2025\\\/11\\\/Glamico-1.png\",\"width\":627,\"height\":400,\"caption\":\"Glamico Baltics O\u00dc\"},\"image\":{\"@id\":\"https:\\\/\\\/glamico.ee\\\/#\\\/schema\\\/logo\\\/image\\\/\"},\"sameAs\":[\"https:\\\/\\\/www.instagram.com\\\/glamico.ee\\\/\"]}]}<\/script>\n<!-- \/ Yoast SEO plugin. -->","yoast_head_json":{"title":"Olivia Garden Blowout Classic Silver 45 mm - Glamico","robots":{"index":"index","follow":"follow","max-snippet":"max-snippet:-1","max-image-preview":"max-image-preview:large","max-video-preview":"max-video-preview:-1"},"canonical":"https:\/\/glamico.ee\/en\/pood\/olivia-garden-blowout-classic-silver-45-mm\/","og_locale":"en_US","og_type":"article","og_title":"Olivia Garden Blowout Classic Silver 45 mm - Glamico","og_description":"Olivia Garden Blowout Classic Silver 45 mm lisab juustele kohevust ja hoiab \u00e4ra nende lendlevuse t\u00e4nu antistaatilisele tehnoloogiale ja \u00f5huavadega harjapeale. Loo lummavaid f\u00f6\u00f6nisoenguid Olivia Garden Essential Blowout Classic Silver harjaga. See \u00fcmarhari on ideaalne kaaslane f\u00f6\u00f6nitamisel, aidates saavutada professionaalse tulemuse. Anna oma juuksurikarj\u00e4\u00e4rile tiivad t\u00e4nu Essential Blowout Classic harjale. See asendamatu t\u00f6\u00f6vahend ei aita sul mitte ainult oskusi t\u00e4iustada, [&hellip;]","og_url":"https:\/\/glamico.ee\/en\/pood\/olivia-garden-blowout-classic-silver-45-mm\/","og_site_name":"Glamico","article_modified_time":"2026-02-15T10:39:04+00:00","og_image":[{"width":480,"height":480,"url":"https:\/\/glamico.ee\/wp-content\/uploads\/2026\/01\/5414343020987-Olivia-Garden-Blowout-Classic-Silver-45-mm.webp","type":"image\/webp"}],"twitter_card":"summary_large_image","twitter_misc":{"Est. reading time":"1 minute"},"schema":{"@context":"https:\/\/schema.org","@graph":[{"@type":"WebPage","@id":"https:\/\/glamico.ee\/pood\/olivia-garden-blowout-classic-silver-45-mm\/","url":"https:\/\/glamico.ee\/pood\/olivia-garden-blowout-classic-silver-45-mm\/","name":"Olivia Garden Blowout Classic Silver 45 mm - Glamico","isPartOf":{"@id":"https:\/\/glamico.ee\/#website"},"primaryImageOfPage":{"@id":"https:\/\/glamico.ee\/pood\/olivia-garden-blowout-classic-silver-45-mm\/#primaryimage"},"image":{"@id":"https:\/\/glamico.ee\/pood\/olivia-garden-blowout-classic-silver-45-mm\/#primaryimage"},"thumbnailUrl":"https:\/\/glamico.ee\/wp-content\/uploads\/2026\/01\/5414343020987-Olivia-Garden-Blowout-Classic-Silver-45-mm.webp","datePublished":"2026-01-09T11:45:19+00:00","dateModified":"2026-02-15T10:39:04+00:00","breadcrumb":{"@id":"https:\/\/glamico.ee\/pood\/olivia-garden-blowout-classic-silver-45-mm\/#breadcrumb"},"inLanguage":"en-US","potentialAction":[{"@type":"ReadAction","target":["https:\/\/glamico.ee\/pood\/olivia-garden-blowout-classic-silver-45-mm\/"]}]},{"@type":"ImageObject","inLanguage":"en-US","@id":"https:\/\/glamico.ee\/pood\/olivia-garden-blowout-classic-silver-45-mm\/#primaryimage","url":"https:\/\/glamico.ee\/wp-content\/uploads\/2026\/01\/5414343020987-Olivia-Garden-Blowout-Classic-Silver-45-mm.webp","contentUrl":"https:\/\/glamico.ee\/wp-content\/uploads\/2026\/01\/5414343020987-Olivia-Garden-Blowout-Classic-Silver-45-mm.webp","width":480,"height":480},{"@type":"BreadcrumbList","@id":"https:\/\/glamico.ee\/pood\/olivia-garden-blowout-classic-silver-45-mm\/#breadcrumb","itemListElement":[{"@type":"ListItem","position":1,"name":"Home","item":"https:\/\/glamico.ee\/"},{"@type":"ListItem","position":2,"name":"Pood","item":"https:\/\/glamico.ee\/pood\/"},{"@type":"ListItem","position":3,"name":"Olivia Garden Blowout Classic Silver 45 mm"}]},{"@type":"WebSite","@id":"https:\/\/glamico.ee\/#website","url":"https:\/\/glamico.ee\/","name":"Glamico","description":"Ilutooted","publisher":{"@id":"https:\/\/glamico.ee\/#organization"},"potentialAction":[{"@type":"SearchAction","target":{"@type":"EntryPoint","urlTemplate":"https:\/\/glamico.ee\/?s={search_term_string}"},"query-input":{"@type":"PropertyValueSpecification","valueRequired":true,"valueName":"search_term_string"}}],"inLanguage":"en-US"},{"@type":"Organization","@id":"https:\/\/glamico.ee\/#organization","name":"Glamico Baltics O\u00dc","url":"https:\/\/glamico.ee\/","logo":{"@type":"ImageObject","inLanguage":"en-US","@id":"https:\/\/glamico.ee\/#\/schema\/logo\/image\/","url":"https:\/\/glamico.ee\/wp-content\/uploads\/2025\/11\/Glamico-1.png","contentUrl":"https:\/\/glamico.ee\/wp-content\/uploads\/2025\/11\/Glamico-1.png","width":627,"height":400,"caption":"Glamico Baltics O\u00dc"},"image":{"@id":"https:\/\/glamico.ee\/#\/schema\/logo\/image\/"},"sameAs":["https:\/\/www.instagram.com\/glamico.ee\/"]}]}},"brands":[{"id":87,"name":"Olivia Garden","slug":"olivia-garden"}],"_links":{"self":[{"href":"https:\/\/glamico.ee\/en\/wp-json\/wp\/v2\/product\/2222","targetHints":{"allow":["GET"]}}],"collection":[{"href":"https:\/\/glamico.ee\/en\/wp-json\/wp\/v2\/product"}],"about":[{"href":"https:\/\/glamico.ee\/en\/wp-json\/wp\/v2\/types\/product"}],"version-history":[{"count":1,"href":"https:\/\/glamico.ee\/en\/wp-json\/wp\/v2\/product\/2222\/revisions"}],"predecessor-version":[{"id":2225,"href":"https:\/\/glamico.ee\/en\/wp-json\/wp\/v2\/product\/2222\/revisions\/2225"}],"wp:featuredmedia":[{"embeddable":true,"href":"https:\/\/glamico.ee\/en\/wp-json\/wp\/v2\/media\/2224"}],"wp:attachment":[{"href":"https:\/\/glamico.ee\/en\/wp-json\/wp\/v2\/media?parent=2222"}],"wp:term":[{"taxonomy":"pwb-brand","embeddable":true,"href":"https:\/\/glamico.ee\/en\/wp-json\/wp\/v2\/pwb-brand?post=2222"},{"taxonomy":"product_brand","embeddable":true,"href":"https:\/\/glamico.ee\/en\/wp-json\/wp\/v2\/product_brand?post=2222"},{"taxonomy":"product_cat","embeddable":true,"href":"https:\/\/glamico.ee\/en\/wp-json\/wp\/v2\/product_cat?post=2222"},{"taxonomy":"product_tag","embeddable":true,"href":"https:\/\/glamico.ee\/en\/wp-json\/wp\/v2\/product_tag?post=2222"}],"curies":[{"name":"wp","href":"https:\/\/api.w.org\/{rel}","templated":true}]}}