{"id":2201,"date":"2026-01-09T10:07:17","date_gmt":"2026-01-09T08:07:17","guid":{"rendered":"https:\/\/glamico.ee\/?post_type=product&#038;p=2201"},"modified":"2026-02-15T12:32:05","modified_gmt":"2026-02-15T10:32:05","slug":"olivia-garden-bamboo-touch-detangle-massage-xs","status":"publish","type":"product","link":"https:\/\/glamico.ee\/en\/pood\/olivia-garden-bamboo-touch-detangle-massage-xs\/","title":{"rendered":"Olivia Garden Bamboo Touch Detangle Massage XS"},"content":{"rendered":"<p>Olivia Garden Bamboo Touch Detangle Massage XS on mugav kasutada ja keskkonnas\u00f5bralik. Harja saab kasutada massaa\u017eiharjana, et stimuleerida mikrovereringet ning aidata juustel kasvada terveks ja tugevaks.<br \/>\nSelle massaa\u017eiharja salajane koostisosa on harjased. Harjapiid on siledad ja \u00fcmara otsaga, mis on \u00f5rn tundliku peanaha vastu. Harja kasutamine peanahamassaa\u017eiks stimuleerib juuksefolliikuleid, mis soodustab juuksekasvu.<br \/>\nT\u00e4nu v\u00e4ikesele suurusele on Olivia Garden Bamboo Touch Detangle Massage XS-i mugav liikvel olles kaasas kanda.<\/p>","protected":false},"excerpt":{"rendered":"<p>Olivia Garden Bamboo Touch Detangle Massage XS on mugav kasutada ja keskkonnas\u00f5bralik. Harja saab kasutada massaa\u017eiharjana, et stimuleerida mikrovereringet ning aidata juustel kasvada terveks ja tugevaks. Selle massaa\u017eiharja salajane koostisosa on harjased. Harjapiid on siledad ja \u00fcmara otsaga, mis on \u00f5rn tundliku peanaha vastu. Harja kasutamine peanahamassaa\u017eiks stimuleerib juuksefolliikuleid, mis soodustab juuksekasvu. T\u00e4nu v\u00e4ikesele suurusele on Olivia Garden Bamboo Touch [&hellip;]<\/p>\n","protected":false},"featured_media":2203,"template":"","meta":[],"pwb-brand":[87],"product_brand":[],"product_cat":[32],"product_tag":[],"class_list":{"0":"post-2201","1":"product","2":"type-product","3":"status-publish","4":"has-post-thumbnail","6":"pwb-brand-olivia-garden","7":"product_cat-juustele","9":"first","10":"instock","11":"sale","12":"taxable","13":"shipping-taxable","14":"purchasable","15":"product-type-simple"},"yoast_head":"<!-- This site is optimized with the Yoast SEO plugin v27.3 - https:\/\/yoast.com\/product\/yoast-seo-wordpress\/ -->\n<title>Olivia Garden Bamboo Touch Detangle Massage XS - Glamico<\/title>\n<meta name=\"robots\" content=\"index, follow, max-snippet:-1, max-image-preview:large, max-video-preview:-1\" \/>\n<link rel=\"canonical\" href=\"https:\/\/glamico.ee\/en\/pood\/olivia-garden-bamboo-touch-detangle-massage-xs\/\" \/>\n<meta property=\"og:locale\" content=\"en_US\" \/>\n<meta property=\"og:type\" content=\"article\" \/>\n<meta property=\"og:title\" content=\"Olivia Garden Bamboo Touch Detangle Massage XS - Glamico\" \/>\n<meta property=\"og:description\" content=\"Olivia Garden Bamboo Touch Detangle Massage XS on mugav kasutada ja keskkonnas\u00f5bralik. Harja saab kasutada massaa\u017eiharjana, et stimuleerida mikrovereringet ning aidata juustel kasvada terveks ja tugevaks. Selle massaa\u017eiharja salajane koostisosa on harjased. Harjapiid on siledad ja \u00fcmara otsaga, mis on \u00f5rn tundliku peanaha vastu. Harja kasutamine peanahamassaa\u017eiks stimuleerib juuksefolliikuleid, mis soodustab juuksekasvu. T\u00e4nu v\u00e4ikesele suurusele on Olivia Garden Bamboo Touch [&hellip;]\" \/>\n<meta property=\"og:url\" content=\"https:\/\/glamico.ee\/en\/pood\/olivia-garden-bamboo-touch-detangle-massage-xs\/\" \/>\n<meta property=\"og:site_name\" content=\"Glamico\" \/>\n<meta property=\"article:modified_time\" content=\"2026-02-15T10:32:05+00:00\" \/>\n<meta property=\"og:image\" content=\"https:\/\/glamico.ee\/wp-content\/uploads\/2026\/01\/5414343010087.jpg\" \/>\n\t<meta property=\"og:image:width\" content=\"1200\" \/>\n\t<meta property=\"og:image:height\" content=\"1200\" \/>\n\t<meta property=\"og:image:type\" content=\"image\/jpeg\" \/>\n<meta name=\"twitter:card\" content=\"summary_large_image\" \/>\n<meta name=\"twitter:label1\" content=\"Est. reading time\" \/>\n\t<meta name=\"twitter:data1\" content=\"1 minute\" \/>\n<script type=\"application\/ld+json\" class=\"yoast-schema-graph\">{\"@context\":\"https:\\\/\\\/schema.org\",\"@graph\":[{\"@type\":\"WebPage\",\"@id\":\"https:\\\/\\\/glamico.ee\\\/pood\\\/olivia-garden-bamboo-touch-detangle-massage-xs\\\/\",\"url\":\"https:\\\/\\\/glamico.ee\\\/pood\\\/olivia-garden-bamboo-touch-detangle-massage-xs\\\/\",\"name\":\"Olivia Garden Bamboo Touch Detangle Massage XS - Glamico\",\"isPartOf\":{\"@id\":\"https:\\\/\\\/glamico.ee\\\/#website\"},\"primaryImageOfPage\":{\"@id\":\"https:\\\/\\\/glamico.ee\\\/pood\\\/olivia-garden-bamboo-touch-detangle-massage-xs\\\/#primaryimage\"},\"image\":{\"@id\":\"https:\\\/\\\/glamico.ee\\\/pood\\\/olivia-garden-bamboo-touch-detangle-massage-xs\\\/#primaryimage\"},\"thumbnailUrl\":\"https:\\\/\\\/glamico.ee\\\/wp-content\\\/uploads\\\/2026\\\/01\\\/5414343010087.jpg\",\"datePublished\":\"2026-01-09T08:07:17+00:00\",\"dateModified\":\"2026-02-15T10:32:05+00:00\",\"breadcrumb\":{\"@id\":\"https:\\\/\\\/glamico.ee\\\/pood\\\/olivia-garden-bamboo-touch-detangle-massage-xs\\\/#breadcrumb\"},\"inLanguage\":\"en-US\",\"potentialAction\":[{\"@type\":\"ReadAction\",\"target\":[\"https:\\\/\\\/glamico.ee\\\/pood\\\/olivia-garden-bamboo-touch-detangle-massage-xs\\\/\"]}]},{\"@type\":\"ImageObject\",\"inLanguage\":\"en-US\",\"@id\":\"https:\\\/\\\/glamico.ee\\\/pood\\\/olivia-garden-bamboo-touch-detangle-massage-xs\\\/#primaryimage\",\"url\":\"https:\\\/\\\/glamico.ee\\\/wp-content\\\/uploads\\\/2026\\\/01\\\/5414343010087.jpg\",\"contentUrl\":\"https:\\\/\\\/glamico.ee\\\/wp-content\\\/uploads\\\/2026\\\/01\\\/5414343010087.jpg\",\"width\":1200,\"height\":1200,\"caption\":\"f4cb0da2f5a920d664650c653a407ec4fc6a5229d0acae5c19cb10b9500b5188d8df5890b909f7e0828b351886da61a14a60a69e7778878d8a86f7dedee3cc0a6fc8e7c2754b44344b5800bbc0fe2417\"},{\"@type\":\"BreadcrumbList\",\"@id\":\"https:\\\/\\\/glamico.ee\\\/pood\\\/olivia-garden-bamboo-touch-detangle-massage-xs\\\/#breadcrumb\",\"itemListElement\":[{\"@type\":\"ListItem\",\"position\":1,\"name\":\"Home\",\"item\":\"https:\\\/\\\/glamico.ee\\\/\"},{\"@type\":\"ListItem\",\"position\":2,\"name\":\"Pood\",\"item\":\"https:\\\/\\\/glamico.ee\\\/pood\\\/\"},{\"@type\":\"ListItem\",\"position\":3,\"name\":\"Olivia Garden Bamboo Touch Detangle Massage XS\"}]},{\"@type\":\"WebSite\",\"@id\":\"https:\\\/\\\/glamico.ee\\\/#website\",\"url\":\"https:\\\/\\\/glamico.ee\\\/\",\"name\":\"Glamico\",\"description\":\"Ilutooted\",\"publisher\":{\"@id\":\"https:\\\/\\\/glamico.ee\\\/#organization\"},\"potentialAction\":[{\"@type\":\"SearchAction\",\"target\":{\"@type\":\"EntryPoint\",\"urlTemplate\":\"https:\\\/\\\/glamico.ee\\\/?s={search_term_string}\"},\"query-input\":{\"@type\":\"PropertyValueSpecification\",\"valueRequired\":true,\"valueName\":\"search_term_string\"}}],\"inLanguage\":\"en-US\"},{\"@type\":\"Organization\",\"@id\":\"https:\\\/\\\/glamico.ee\\\/#organization\",\"name\":\"Glamico Baltics O\u00dc\",\"url\":\"https:\\\/\\\/glamico.ee\\\/\",\"logo\":{\"@type\":\"ImageObject\",\"inLanguage\":\"en-US\",\"@id\":\"https:\\\/\\\/glamico.ee\\\/#\\\/schema\\\/logo\\\/image\\\/\",\"url\":\"https:\\\/\\\/glamico.ee\\\/wp-content\\\/uploads\\\/2025\\\/11\\\/Glamico-1.png\",\"contentUrl\":\"https:\\\/\\\/glamico.ee\\\/wp-content\\\/uploads\\\/2025\\\/11\\\/Glamico-1.png\",\"width\":627,\"height\":400,\"caption\":\"Glamico Baltics O\u00dc\"},\"image\":{\"@id\":\"https:\\\/\\\/glamico.ee\\\/#\\\/schema\\\/logo\\\/image\\\/\"},\"sameAs\":[\"https:\\\/\\\/www.instagram.com\\\/glamico.ee\\\/\"]}]}<\/script>\n<!-- \/ Yoast SEO plugin. -->","yoast_head_json":{"title":"Olivia Garden Bamboo Touch Detangle Massage XS - Glamico","robots":{"index":"index","follow":"follow","max-snippet":"max-snippet:-1","max-image-preview":"max-image-preview:large","max-video-preview":"max-video-preview:-1"},"canonical":"https:\/\/glamico.ee\/en\/pood\/olivia-garden-bamboo-touch-detangle-massage-xs\/","og_locale":"en_US","og_type":"article","og_title":"Olivia Garden Bamboo Touch Detangle Massage XS - Glamico","og_description":"Olivia Garden Bamboo Touch Detangle Massage XS on mugav kasutada ja keskkonnas\u00f5bralik. Harja saab kasutada massaa\u017eiharjana, et stimuleerida mikrovereringet ning aidata juustel kasvada terveks ja tugevaks. Selle massaa\u017eiharja salajane koostisosa on harjased. Harjapiid on siledad ja \u00fcmara otsaga, mis on \u00f5rn tundliku peanaha vastu. Harja kasutamine peanahamassaa\u017eiks stimuleerib juuksefolliikuleid, mis soodustab juuksekasvu. T\u00e4nu v\u00e4ikesele suurusele on Olivia Garden Bamboo Touch [&hellip;]","og_url":"https:\/\/glamico.ee\/en\/pood\/olivia-garden-bamboo-touch-detangle-massage-xs\/","og_site_name":"Glamico","article_modified_time":"2026-02-15T10:32:05+00:00","og_image":[{"width":1200,"height":1200,"url":"https:\/\/glamico.ee\/wp-content\/uploads\/2026\/01\/5414343010087.jpg","type":"image\/jpeg"}],"twitter_card":"summary_large_image","twitter_misc":{"Est. reading time":"1 minute"},"schema":{"@context":"https:\/\/schema.org","@graph":[{"@type":"WebPage","@id":"https:\/\/glamico.ee\/pood\/olivia-garden-bamboo-touch-detangle-massage-xs\/","url":"https:\/\/glamico.ee\/pood\/olivia-garden-bamboo-touch-detangle-massage-xs\/","name":"Olivia Garden Bamboo Touch Detangle Massage XS - Glamico","isPartOf":{"@id":"https:\/\/glamico.ee\/#website"},"primaryImageOfPage":{"@id":"https:\/\/glamico.ee\/pood\/olivia-garden-bamboo-touch-detangle-massage-xs\/#primaryimage"},"image":{"@id":"https:\/\/glamico.ee\/pood\/olivia-garden-bamboo-touch-detangle-massage-xs\/#primaryimage"},"thumbnailUrl":"https:\/\/glamico.ee\/wp-content\/uploads\/2026\/01\/5414343010087.jpg","datePublished":"2026-01-09T08:07:17+00:00","dateModified":"2026-02-15T10:32:05+00:00","breadcrumb":{"@id":"https:\/\/glamico.ee\/pood\/olivia-garden-bamboo-touch-detangle-massage-xs\/#breadcrumb"},"inLanguage":"en-US","potentialAction":[{"@type":"ReadAction","target":["https:\/\/glamico.ee\/pood\/olivia-garden-bamboo-touch-detangle-massage-xs\/"]}]},{"@type":"ImageObject","inLanguage":"en-US","@id":"https:\/\/glamico.ee\/pood\/olivia-garden-bamboo-touch-detangle-massage-xs\/#primaryimage","url":"https:\/\/glamico.ee\/wp-content\/uploads\/2026\/01\/5414343010087.jpg","contentUrl":"https:\/\/glamico.ee\/wp-content\/uploads\/2026\/01\/5414343010087.jpg","width":1200,"height":1200,"caption":"f4cb0da2f5a920d664650c653a407ec4fc6a5229d0acae5c19cb10b9500b5188d8df5890b909f7e0828b351886da61a14a60a69e7778878d8a86f7dedee3cc0a6fc8e7c2754b44344b5800bbc0fe2417"},{"@type":"BreadcrumbList","@id":"https:\/\/glamico.ee\/pood\/olivia-garden-bamboo-touch-detangle-massage-xs\/#breadcrumb","itemListElement":[{"@type":"ListItem","position":1,"name":"Home","item":"https:\/\/glamico.ee\/"},{"@type":"ListItem","position":2,"name":"Pood","item":"https:\/\/glamico.ee\/pood\/"},{"@type":"ListItem","position":3,"name":"Olivia Garden Bamboo Touch Detangle Massage XS"}]},{"@type":"WebSite","@id":"https:\/\/glamico.ee\/#website","url":"https:\/\/glamico.ee\/","name":"Glamico","description":"Ilutooted","publisher":{"@id":"https:\/\/glamico.ee\/#organization"},"potentialAction":[{"@type":"SearchAction","target":{"@type":"EntryPoint","urlTemplate":"https:\/\/glamico.ee\/?s={search_term_string}"},"query-input":{"@type":"PropertyValueSpecification","valueRequired":true,"valueName":"search_term_string"}}],"inLanguage":"en-US"},{"@type":"Organization","@id":"https:\/\/glamico.ee\/#organization","name":"Glamico Baltics O\u00dc","url":"https:\/\/glamico.ee\/","logo":{"@type":"ImageObject","inLanguage":"en-US","@id":"https:\/\/glamico.ee\/#\/schema\/logo\/image\/","url":"https:\/\/glamico.ee\/wp-content\/uploads\/2025\/11\/Glamico-1.png","contentUrl":"https:\/\/glamico.ee\/wp-content\/uploads\/2025\/11\/Glamico-1.png","width":627,"height":400,"caption":"Glamico Baltics O\u00dc"},"image":{"@id":"https:\/\/glamico.ee\/#\/schema\/logo\/image\/"},"sameAs":["https:\/\/www.instagram.com\/glamico.ee\/"]}]}},"brands":[{"id":87,"name":"Olivia Garden","slug":"olivia-garden"}],"_links":{"self":[{"href":"https:\/\/glamico.ee\/en\/wp-json\/wp\/v2\/product\/2201","targetHints":{"allow":["GET"]}}],"collection":[{"href":"https:\/\/glamico.ee\/en\/wp-json\/wp\/v2\/product"}],"about":[{"href":"https:\/\/glamico.ee\/en\/wp-json\/wp\/v2\/types\/product"}],"version-history":[{"count":2,"href":"https:\/\/glamico.ee\/en\/wp-json\/wp\/v2\/product\/2201\/revisions"}],"predecessor-version":[{"id":2388,"href":"https:\/\/glamico.ee\/en\/wp-json\/wp\/v2\/product\/2201\/revisions\/2388"}],"wp:featuredmedia":[{"embeddable":true,"href":"https:\/\/glamico.ee\/en\/wp-json\/wp\/v2\/media\/2203"}],"wp:attachment":[{"href":"https:\/\/glamico.ee\/en\/wp-json\/wp\/v2\/media?parent=2201"}],"wp:term":[{"taxonomy":"pwb-brand","embeddable":true,"href":"https:\/\/glamico.ee\/en\/wp-json\/wp\/v2\/pwb-brand?post=2201"},{"taxonomy":"product_brand","embeddable":true,"href":"https:\/\/glamico.ee\/en\/wp-json\/wp\/v2\/product_brand?post=2201"},{"taxonomy":"product_cat","embeddable":true,"href":"https:\/\/glamico.ee\/en\/wp-json\/wp\/v2\/product_cat?post=2201"},{"taxonomy":"product_tag","embeddable":true,"href":"https:\/\/glamico.ee\/en\/wp-json\/wp\/v2\/product_tag?post=2201"}],"curies":[{"name":"wp","href":"https:\/\/api.w.org\/{rel}","templated":true}]}}