{"id":2197,"date":"2026-01-07T15:21:31","date_gmt":"2026-01-07T13:21:31","guid":{"rendered":"https:\/\/glamico.ee\/?post_type=product&#038;p=2197"},"modified":"2026-02-15T12:31:12","modified_gmt":"2026-02-15T10:31:12","slug":"olivia-garden-bamboo-touch-massage-m-bambusest-juuksehari","status":"publish","type":"product","link":"https:\/\/glamico.ee\/en\/pood\/olivia-garden-bamboo-touch-massage-m-bambusest-juuksehari\/","title":{"rendered":"Olivia Garden Bamboo Touch Massage M, Bambusest Juuksehari"},"content":{"rendered":"<p>Nagu ka k\u00f5ik teised Bamboo Touch sarja harjad, on ka see valmistatud bambusest, mis on m\u00e4rgatavalt tugev, kuid samas kerge. Isegi labaharjade piid on valmistatud puidust, et luua t\u00f5eline loomulik tunne. Need harjad sobivad suurep\u00e4raselt kujundamiseks ja lahtiharutamiseks, olles samas \u00f5rnad juustele ja peanahale.<\/p>","protected":false},"excerpt":{"rendered":"<p>Nagu ka k\u00f5ik teised Bamboo Touch sarja harjad, on ka see valmistatud bambusest, mis on m\u00e4rgatavalt tugev, kuid samas kerge. Isegi labaharjade piid on valmistatud puidust, et luua t\u00f5eline loomulik tunne. Need harjad sobivad suurep\u00e4raselt kujundamiseks ja lahtiharutamiseks, olles samas \u00f5rnad juustele ja peanahale.<\/p>","protected":false},"featured_media":2199,"template":"","meta":[],"pwb-brand":[87],"product_brand":[],"product_cat":[32],"product_tag":[],"class_list":{"0":"post-2197","1":"product","2":"type-product","3":"status-publish","4":"has-post-thumbnail","6":"pwb-brand-olivia-garden","7":"product_cat-juustele","9":"first","10":"instock","11":"sale","12":"taxable","13":"shipping-taxable","14":"purchasable","15":"product-type-simple"},"yoast_head":"<!-- This site is optimized with the Yoast SEO plugin v27.3 - https:\/\/yoast.com\/product\/yoast-seo-wordpress\/ -->\n<title>Olivia Garden Bamboo Touch Massage M, Bambusest Juuksehari - Glamico<\/title>\n<meta name=\"robots\" content=\"index, follow, max-snippet:-1, max-image-preview:large, max-video-preview:-1\" \/>\n<link rel=\"canonical\" href=\"https:\/\/glamico.ee\/en\/pood\/olivia-garden-bamboo-touch-massage-m-bambusest-juuksehari\/\" \/>\n<meta property=\"og:locale\" content=\"en_US\" \/>\n<meta property=\"og:type\" content=\"article\" \/>\n<meta property=\"og:title\" content=\"Olivia Garden Bamboo Touch Massage M, Bambusest Juuksehari - Glamico\" \/>\n<meta property=\"og:description\" content=\"Nagu ka k\u00f5ik teised Bamboo Touch sarja harjad, on ka see valmistatud bambusest, mis on m\u00e4rgatavalt tugev, kuid samas kerge. Isegi labaharjade piid on valmistatud puidust, et luua t\u00f5eline loomulik tunne. Need harjad sobivad suurep\u00e4raselt kujundamiseks ja lahtiharutamiseks, olles samas \u00f5rnad juustele ja peanahale.\" \/>\n<meta property=\"og:url\" content=\"https:\/\/glamico.ee\/en\/pood\/olivia-garden-bamboo-touch-massage-m-bambusest-juuksehari\/\" \/>\n<meta property=\"og:site_name\" content=\"Glamico\" \/>\n<meta property=\"article:modified_time\" content=\"2026-02-15T10:31:12+00:00\" \/>\n<meta property=\"og:image\" content=\"https:\/\/glamico.ee\/wp-content\/uploads\/2026\/01\/5414343010100.jpg\" \/>\n\t<meta property=\"og:image:width\" content=\"1000\" \/>\n\t<meta property=\"og:image:height\" content=\"1000\" \/>\n\t<meta property=\"og:image:type\" content=\"image\/jpeg\" \/>\n<meta name=\"twitter:card\" content=\"summary_large_image\" \/>\n<meta name=\"twitter:label1\" content=\"Est. reading time\" \/>\n\t<meta name=\"twitter:data1\" content=\"1 minute\" \/>\n<script type=\"application\/ld+json\" class=\"yoast-schema-graph\">{\"@context\":\"https:\\\/\\\/schema.org\",\"@graph\":[{\"@type\":\"WebPage\",\"@id\":\"https:\\\/\\\/glamico.ee\\\/pood\\\/olivia-garden-bamboo-touch-massage-m-bambusest-juuksehari\\\/\",\"url\":\"https:\\\/\\\/glamico.ee\\\/pood\\\/olivia-garden-bamboo-touch-massage-m-bambusest-juuksehari\\\/\",\"name\":\"Olivia Garden Bamboo Touch Massage M, Bambusest Juuksehari - Glamico\",\"isPartOf\":{\"@id\":\"https:\\\/\\\/glamico.ee\\\/#website\"},\"primaryImageOfPage\":{\"@id\":\"https:\\\/\\\/glamico.ee\\\/pood\\\/olivia-garden-bamboo-touch-massage-m-bambusest-juuksehari\\\/#primaryimage\"},\"image\":{\"@id\":\"https:\\\/\\\/glamico.ee\\\/pood\\\/olivia-garden-bamboo-touch-massage-m-bambusest-juuksehari\\\/#primaryimage\"},\"thumbnailUrl\":\"https:\\\/\\\/glamico.ee\\\/wp-content\\\/uploads\\\/2026\\\/01\\\/5414343010100.jpg\",\"datePublished\":\"2026-01-07T13:21:31+00:00\",\"dateModified\":\"2026-02-15T10:31:12+00:00\",\"breadcrumb\":{\"@id\":\"https:\\\/\\\/glamico.ee\\\/pood\\\/olivia-garden-bamboo-touch-massage-m-bambusest-juuksehari\\\/#breadcrumb\"},\"inLanguage\":\"en-US\",\"potentialAction\":[{\"@type\":\"ReadAction\",\"target\":[\"https:\\\/\\\/glamico.ee\\\/pood\\\/olivia-garden-bamboo-touch-massage-m-bambusest-juuksehari\\\/\"]}]},{\"@type\":\"ImageObject\",\"inLanguage\":\"en-US\",\"@id\":\"https:\\\/\\\/glamico.ee\\\/pood\\\/olivia-garden-bamboo-touch-massage-m-bambusest-juuksehari\\\/#primaryimage\",\"url\":\"https:\\\/\\\/glamico.ee\\\/wp-content\\\/uploads\\\/2026\\\/01\\\/5414343010100.jpg\",\"contentUrl\":\"https:\\\/\\\/glamico.ee\\\/wp-content\\\/uploads\\\/2026\\\/01\\\/5414343010100.jpg\",\"width\":1000,\"height\":1000},{\"@type\":\"BreadcrumbList\",\"@id\":\"https:\\\/\\\/glamico.ee\\\/pood\\\/olivia-garden-bamboo-touch-massage-m-bambusest-juuksehari\\\/#breadcrumb\",\"itemListElement\":[{\"@type\":\"ListItem\",\"position\":1,\"name\":\"Home\",\"item\":\"https:\\\/\\\/glamico.ee\\\/\"},{\"@type\":\"ListItem\",\"position\":2,\"name\":\"Pood\",\"item\":\"https:\\\/\\\/glamico.ee\\\/pood\\\/\"},{\"@type\":\"ListItem\",\"position\":3,\"name\":\"Olivia Garden Bamboo Touch Massage M, Bambusest Juuksehari\"}]},{\"@type\":\"WebSite\",\"@id\":\"https:\\\/\\\/glamico.ee\\\/#website\",\"url\":\"https:\\\/\\\/glamico.ee\\\/\",\"name\":\"Glamico\",\"description\":\"Ilutooted\",\"publisher\":{\"@id\":\"https:\\\/\\\/glamico.ee\\\/#organization\"},\"potentialAction\":[{\"@type\":\"SearchAction\",\"target\":{\"@type\":\"EntryPoint\",\"urlTemplate\":\"https:\\\/\\\/glamico.ee\\\/?s={search_term_string}\"},\"query-input\":{\"@type\":\"PropertyValueSpecification\",\"valueRequired\":true,\"valueName\":\"search_term_string\"}}],\"inLanguage\":\"en-US\"},{\"@type\":\"Organization\",\"@id\":\"https:\\\/\\\/glamico.ee\\\/#organization\",\"name\":\"Glamico Baltics O\u00dc\",\"url\":\"https:\\\/\\\/glamico.ee\\\/\",\"logo\":{\"@type\":\"ImageObject\",\"inLanguage\":\"en-US\",\"@id\":\"https:\\\/\\\/glamico.ee\\\/#\\\/schema\\\/logo\\\/image\\\/\",\"url\":\"https:\\\/\\\/glamico.ee\\\/wp-content\\\/uploads\\\/2025\\\/11\\\/Glamico-1.png\",\"contentUrl\":\"https:\\\/\\\/glamico.ee\\\/wp-content\\\/uploads\\\/2025\\\/11\\\/Glamico-1.png\",\"width\":627,\"height\":400,\"caption\":\"Glamico Baltics O\u00dc\"},\"image\":{\"@id\":\"https:\\\/\\\/glamico.ee\\\/#\\\/schema\\\/logo\\\/image\\\/\"},\"sameAs\":[\"https:\\\/\\\/www.instagram.com\\\/glamico.ee\\\/\"]}]}<\/script>\n<!-- \/ Yoast SEO plugin. -->","yoast_head_json":{"title":"Olivia Garden Bamboo Touch Massage M, Bambusest Juuksehari - Glamico","robots":{"index":"index","follow":"follow","max-snippet":"max-snippet:-1","max-image-preview":"max-image-preview:large","max-video-preview":"max-video-preview:-1"},"canonical":"https:\/\/glamico.ee\/en\/pood\/olivia-garden-bamboo-touch-massage-m-bambusest-juuksehari\/","og_locale":"en_US","og_type":"article","og_title":"Olivia Garden Bamboo Touch Massage M, Bambusest Juuksehari - Glamico","og_description":"Nagu ka k\u00f5ik teised Bamboo Touch sarja harjad, on ka see valmistatud bambusest, mis on m\u00e4rgatavalt tugev, kuid samas kerge. Isegi labaharjade piid on valmistatud puidust, et luua t\u00f5eline loomulik tunne. Need harjad sobivad suurep\u00e4raselt kujundamiseks ja lahtiharutamiseks, olles samas \u00f5rnad juustele ja peanahale.","og_url":"https:\/\/glamico.ee\/en\/pood\/olivia-garden-bamboo-touch-massage-m-bambusest-juuksehari\/","og_site_name":"Glamico","article_modified_time":"2026-02-15T10:31:12+00:00","og_image":[{"width":1000,"height":1000,"url":"https:\/\/glamico.ee\/wp-content\/uploads\/2026\/01\/5414343010100.jpg","type":"image\/jpeg"}],"twitter_card":"summary_large_image","twitter_misc":{"Est. reading time":"1 minute"},"schema":{"@context":"https:\/\/schema.org","@graph":[{"@type":"WebPage","@id":"https:\/\/glamico.ee\/pood\/olivia-garden-bamboo-touch-massage-m-bambusest-juuksehari\/","url":"https:\/\/glamico.ee\/pood\/olivia-garden-bamboo-touch-massage-m-bambusest-juuksehari\/","name":"Olivia Garden Bamboo Touch Massage M, Bambusest Juuksehari - Glamico","isPartOf":{"@id":"https:\/\/glamico.ee\/#website"},"primaryImageOfPage":{"@id":"https:\/\/glamico.ee\/pood\/olivia-garden-bamboo-touch-massage-m-bambusest-juuksehari\/#primaryimage"},"image":{"@id":"https:\/\/glamico.ee\/pood\/olivia-garden-bamboo-touch-massage-m-bambusest-juuksehari\/#primaryimage"},"thumbnailUrl":"https:\/\/glamico.ee\/wp-content\/uploads\/2026\/01\/5414343010100.jpg","datePublished":"2026-01-07T13:21:31+00:00","dateModified":"2026-02-15T10:31:12+00:00","breadcrumb":{"@id":"https:\/\/glamico.ee\/pood\/olivia-garden-bamboo-touch-massage-m-bambusest-juuksehari\/#breadcrumb"},"inLanguage":"en-US","potentialAction":[{"@type":"ReadAction","target":["https:\/\/glamico.ee\/pood\/olivia-garden-bamboo-touch-massage-m-bambusest-juuksehari\/"]}]},{"@type":"ImageObject","inLanguage":"en-US","@id":"https:\/\/glamico.ee\/pood\/olivia-garden-bamboo-touch-massage-m-bambusest-juuksehari\/#primaryimage","url":"https:\/\/glamico.ee\/wp-content\/uploads\/2026\/01\/5414343010100.jpg","contentUrl":"https:\/\/glamico.ee\/wp-content\/uploads\/2026\/01\/5414343010100.jpg","width":1000,"height":1000},{"@type":"BreadcrumbList","@id":"https:\/\/glamico.ee\/pood\/olivia-garden-bamboo-touch-massage-m-bambusest-juuksehari\/#breadcrumb","itemListElement":[{"@type":"ListItem","position":1,"name":"Home","item":"https:\/\/glamico.ee\/"},{"@type":"ListItem","position":2,"name":"Pood","item":"https:\/\/glamico.ee\/pood\/"},{"@type":"ListItem","position":3,"name":"Olivia Garden Bamboo Touch Massage M, Bambusest Juuksehari"}]},{"@type":"WebSite","@id":"https:\/\/glamico.ee\/#website","url":"https:\/\/glamico.ee\/","name":"Glamico","description":"Ilutooted","publisher":{"@id":"https:\/\/glamico.ee\/#organization"},"potentialAction":[{"@type":"SearchAction","target":{"@type":"EntryPoint","urlTemplate":"https:\/\/glamico.ee\/?s={search_term_string}"},"query-input":{"@type":"PropertyValueSpecification","valueRequired":true,"valueName":"search_term_string"}}],"inLanguage":"en-US"},{"@type":"Organization","@id":"https:\/\/glamico.ee\/#organization","name":"Glamico Baltics O\u00dc","url":"https:\/\/glamico.ee\/","logo":{"@type":"ImageObject","inLanguage":"en-US","@id":"https:\/\/glamico.ee\/#\/schema\/logo\/image\/","url":"https:\/\/glamico.ee\/wp-content\/uploads\/2025\/11\/Glamico-1.png","contentUrl":"https:\/\/glamico.ee\/wp-content\/uploads\/2025\/11\/Glamico-1.png","width":627,"height":400,"caption":"Glamico Baltics O\u00dc"},"image":{"@id":"https:\/\/glamico.ee\/#\/schema\/logo\/image\/"},"sameAs":["https:\/\/www.instagram.com\/glamico.ee\/"]}]}},"brands":[{"id":87,"name":"Olivia Garden","slug":"olivia-garden"}],"_links":{"self":[{"href":"https:\/\/glamico.ee\/en\/wp-json\/wp\/v2\/product\/2197","targetHints":{"allow":["GET"]}}],"collection":[{"href":"https:\/\/glamico.ee\/en\/wp-json\/wp\/v2\/product"}],"about":[{"href":"https:\/\/glamico.ee\/en\/wp-json\/wp\/v2\/types\/product"}],"version-history":[{"count":2,"href":"https:\/\/glamico.ee\/en\/wp-json\/wp\/v2\/product\/2197\/revisions"}],"predecessor-version":[{"id":2387,"href":"https:\/\/glamico.ee\/en\/wp-json\/wp\/v2\/product\/2197\/revisions\/2387"}],"wp:featuredmedia":[{"embeddable":true,"href":"https:\/\/glamico.ee\/en\/wp-json\/wp\/v2\/media\/2199"}],"wp:attachment":[{"href":"https:\/\/glamico.ee\/en\/wp-json\/wp\/v2\/media?parent=2197"}],"wp:term":[{"taxonomy":"pwb-brand","embeddable":true,"href":"https:\/\/glamico.ee\/en\/wp-json\/wp\/v2\/pwb-brand?post=2197"},{"taxonomy":"product_brand","embeddable":true,"href":"https:\/\/glamico.ee\/en\/wp-json\/wp\/v2\/product_brand?post=2197"},{"taxonomy":"product_cat","embeddable":true,"href":"https:\/\/glamico.ee\/en\/wp-json\/wp\/v2\/product_cat?post=2197"},{"taxonomy":"product_tag","embeddable":true,"href":"https:\/\/glamico.ee\/en\/wp-json\/wp\/v2\/product_tag?post=2197"}],"curies":[{"name":"wp","href":"https:\/\/api.w.org\/{rel}","templated":true}]}}