{"id":2192,"date":"2026-01-07T14:56:37","date_gmt":"2026-01-07T12:56:37","guid":{"rendered":"https:\/\/glamico.ee\/?post_type=product&#038;p=2192"},"modified":"2026-02-15T12:30:19","modified_gmt":"2026-02-15T10:30:19","slug":"olivia-garden-bamboo-touch-detangle-massage-l","status":"publish","type":"product","link":"https:\/\/glamico.ee\/en\/pood\/olivia-garden-bamboo-touch-detangle-massage-l\/","title":{"rendered":"Olivia Garden Bamboo Touch Detangle Massage L"},"content":{"rendered":"<p>Olivia Garden Bamboo Touch Detangle Massage L on loodud peanaha masseerimiseks, mis stimuleerib vereringet ja soodustab juuste kasvu. Harjased on valmistatud naturaalsest bambusest \u2013 see on selle massaa\u017eiharja \u201esalajane koostisosa\u201c, mis turgutab juuksefolliikuleid ja tugevdab juukseid otse juurtest. T\u00e4nu harjaste siledatele ja \u00fcmaratele otstele on hari peanaha vastu \u00f5rn ning sobib ideaalselt l\u00f5\u00f5gastavaks massaa\u017eiks.<\/p>\n<p>L-suuruses labahari (paddle brush) on laia peaga ning spetsiaalselt m\u00f5eldud pikkadele, paksudele v\u00f5i kohevatele juustele. T\u00e4nu suurele pindalale ja tihedatele harjastele kulub juuste l\u00e4bikammimiseks v\u00e4hem liigutusi ja aega.<\/p>\n<p>Olulisemad omadused:<br \/>\nValmistatud bambusest: Keskkonnas\u00f5bralik ja vastupidav materjal.<br \/>\nLuksuslik mugavus: Muudab juuste lahtiharutamise valutuks ja nauditavaks.<br \/>\nTerved ja s\u00e4ravad juuksed: Harutab pusad lahti ning toidab juuste loomulikku ilu.<br \/>\nIdeaalne pikkadele juustele: Sobib suurep\u00e4raselt paksudele ja vol\u00fc\u00fcmikatele kiharatele.<br \/>\nAntistaatiline toime: V\u00e4hendab juuste k\u00e4hritsemist ja staatilist elektrit.<br \/>\nPeanaha massaa\u017e: Stimuleerib vereringet ja soodustab juuksekasvu.<br \/>\nIgap\u00e4evaseks kasutamiseks: Kerge ja mugav disain igaks p\u00e4evaks.<br \/>\nKeskkonnas\u00e4\u00e4stlik valik: Teadlikule tarbijale.<\/p>","protected":false},"excerpt":{"rendered":"<p>Olivia Garden Bamboo Touch Detangle Massage L on loodud peanaha masseerimiseks, mis stimuleerib vereringet ja soodustab juuste kasvu. Harjased on valmistatud naturaalsest bambusest \u2013 see on selle massaa\u017eiharja \u201esalajane koostisosa\u201c, mis turgutab juuksefolliikuleid ja tugevdab juukseid otse juurtest. T\u00e4nu harjaste siledatele ja \u00fcmaratele otstele on hari peanaha vastu \u00f5rn ning sobib ideaalselt l\u00f5\u00f5gastavaks massaa\u017eiks. L-suuruses labahari (paddle brush) on laia [&hellip;]<\/p>\n","protected":false},"featured_media":2194,"template":"","meta":[],"pwb-brand":[87],"product_brand":[],"product_cat":[32],"product_tag":[],"class_list":{"0":"post-2192","1":"product","2":"type-product","3":"status-publish","4":"has-post-thumbnail","6":"pwb-brand-olivia-garden","7":"product_cat-juustele","9":"first","10":"instock","11":"sale","12":"taxable","13":"shipping-taxable","14":"purchasable","15":"product-type-simple"},"yoast_head":"<!-- This site is optimized with the Yoast SEO plugin v27.3 - https:\/\/yoast.com\/product\/yoast-seo-wordpress\/ -->\n<title>Olivia Garden Bamboo Touch Detangle Massage L - Glamico<\/title>\n<meta name=\"robots\" content=\"index, follow, max-snippet:-1, max-image-preview:large, max-video-preview:-1\" \/>\n<link rel=\"canonical\" href=\"https:\/\/glamico.ee\/en\/pood\/olivia-garden-bamboo-touch-detangle-massage-l\/\" \/>\n<meta property=\"og:locale\" content=\"en_US\" \/>\n<meta property=\"og:type\" content=\"article\" \/>\n<meta property=\"og:title\" content=\"Olivia Garden Bamboo Touch Detangle Massage L - Glamico\" \/>\n<meta property=\"og:description\" content=\"Olivia Garden Bamboo Touch Detangle Massage L on loodud peanaha masseerimiseks, mis stimuleerib vereringet ja soodustab juuste kasvu. Harjased on valmistatud naturaalsest bambusest \u2013 see on selle massaa\u017eiharja \u201esalajane koostisosa\u201c, mis turgutab juuksefolliikuleid ja tugevdab juukseid otse juurtest. T\u00e4nu harjaste siledatele ja \u00fcmaratele otstele on hari peanaha vastu \u00f5rn ning sobib ideaalselt l\u00f5\u00f5gastavaks massaa\u017eiks. L-suuruses labahari (paddle brush) on laia [&hellip;]\" \/>\n<meta property=\"og:url\" content=\"https:\/\/glamico.ee\/en\/pood\/olivia-garden-bamboo-touch-detangle-massage-l\/\" \/>\n<meta property=\"og:site_name\" content=\"Glamico\" \/>\n<meta property=\"article:modified_time\" content=\"2026-02-15T10:30:19+00:00\" \/>\n<meta property=\"og:image\" content=\"https:\/\/glamico.ee\/wp-content\/uploads\/2026\/01\/5414343010117-1.webp\" \/>\n\t<meta property=\"og:image:width\" content=\"480\" \/>\n\t<meta property=\"og:image:height\" content=\"480\" \/>\n\t<meta property=\"og:image:type\" content=\"image\/webp\" \/>\n<meta name=\"twitter:card\" content=\"summary_large_image\" \/>\n<meta name=\"twitter:label1\" content=\"Est. reading time\" \/>\n\t<meta name=\"twitter:data1\" content=\"1 minute\" \/>\n<script type=\"application\/ld+json\" class=\"yoast-schema-graph\">{\"@context\":\"https:\\\/\\\/schema.org\",\"@graph\":[{\"@type\":\"WebPage\",\"@id\":\"https:\\\/\\\/glamico.ee\\\/pood\\\/olivia-garden-bamboo-touch-detangle-massage-l\\\/\",\"url\":\"https:\\\/\\\/glamico.ee\\\/pood\\\/olivia-garden-bamboo-touch-detangle-massage-l\\\/\",\"name\":\"Olivia Garden Bamboo Touch Detangle Massage L - Glamico\",\"isPartOf\":{\"@id\":\"https:\\\/\\\/glamico.ee\\\/#website\"},\"primaryImageOfPage\":{\"@id\":\"https:\\\/\\\/glamico.ee\\\/pood\\\/olivia-garden-bamboo-touch-detangle-massage-l\\\/#primaryimage\"},\"image\":{\"@id\":\"https:\\\/\\\/glamico.ee\\\/pood\\\/olivia-garden-bamboo-touch-detangle-massage-l\\\/#primaryimage\"},\"thumbnailUrl\":\"https:\\\/\\\/glamico.ee\\\/wp-content\\\/uploads\\\/2026\\\/01\\\/5414343010117-1.webp\",\"datePublished\":\"2026-01-07T12:56:37+00:00\",\"dateModified\":\"2026-02-15T10:30:19+00:00\",\"breadcrumb\":{\"@id\":\"https:\\\/\\\/glamico.ee\\\/pood\\\/olivia-garden-bamboo-touch-detangle-massage-l\\\/#breadcrumb\"},\"inLanguage\":\"en-US\",\"potentialAction\":[{\"@type\":\"ReadAction\",\"target\":[\"https:\\\/\\\/glamico.ee\\\/pood\\\/olivia-garden-bamboo-touch-detangle-massage-l\\\/\"]}]},{\"@type\":\"ImageObject\",\"inLanguage\":\"en-US\",\"@id\":\"https:\\\/\\\/glamico.ee\\\/pood\\\/olivia-garden-bamboo-touch-detangle-massage-l\\\/#primaryimage\",\"url\":\"https:\\\/\\\/glamico.ee\\\/wp-content\\\/uploads\\\/2026\\\/01\\\/5414343010117-1.webp\",\"contentUrl\":\"https:\\\/\\\/glamico.ee\\\/wp-content\\\/uploads\\\/2026\\\/01\\\/5414343010117-1.webp\",\"width\":480,\"height\":480},{\"@type\":\"BreadcrumbList\",\"@id\":\"https:\\\/\\\/glamico.ee\\\/pood\\\/olivia-garden-bamboo-touch-detangle-massage-l\\\/#breadcrumb\",\"itemListElement\":[{\"@type\":\"ListItem\",\"position\":1,\"name\":\"Home\",\"item\":\"https:\\\/\\\/glamico.ee\\\/\"},{\"@type\":\"ListItem\",\"position\":2,\"name\":\"Pood\",\"item\":\"https:\\\/\\\/glamico.ee\\\/pood\\\/\"},{\"@type\":\"ListItem\",\"position\":3,\"name\":\"Olivia Garden Bamboo Touch Detangle Massage L\"}]},{\"@type\":\"WebSite\",\"@id\":\"https:\\\/\\\/glamico.ee\\\/#website\",\"url\":\"https:\\\/\\\/glamico.ee\\\/\",\"name\":\"Glamico\",\"description\":\"Ilutooted\",\"publisher\":{\"@id\":\"https:\\\/\\\/glamico.ee\\\/#organization\"},\"potentialAction\":[{\"@type\":\"SearchAction\",\"target\":{\"@type\":\"EntryPoint\",\"urlTemplate\":\"https:\\\/\\\/glamico.ee\\\/?s={search_term_string}\"},\"query-input\":{\"@type\":\"PropertyValueSpecification\",\"valueRequired\":true,\"valueName\":\"search_term_string\"}}],\"inLanguage\":\"en-US\"},{\"@type\":\"Organization\",\"@id\":\"https:\\\/\\\/glamico.ee\\\/#organization\",\"name\":\"Glamico Baltics O\u00dc\",\"url\":\"https:\\\/\\\/glamico.ee\\\/\",\"logo\":{\"@type\":\"ImageObject\",\"inLanguage\":\"en-US\",\"@id\":\"https:\\\/\\\/glamico.ee\\\/#\\\/schema\\\/logo\\\/image\\\/\",\"url\":\"https:\\\/\\\/glamico.ee\\\/wp-content\\\/uploads\\\/2025\\\/11\\\/Glamico-1.png\",\"contentUrl\":\"https:\\\/\\\/glamico.ee\\\/wp-content\\\/uploads\\\/2025\\\/11\\\/Glamico-1.png\",\"width\":627,\"height\":400,\"caption\":\"Glamico Baltics O\u00dc\"},\"image\":{\"@id\":\"https:\\\/\\\/glamico.ee\\\/#\\\/schema\\\/logo\\\/image\\\/\"},\"sameAs\":[\"https:\\\/\\\/www.instagram.com\\\/glamico.ee\\\/\"]}]}<\/script>\n<!-- \/ Yoast SEO plugin. -->","yoast_head_json":{"title":"Olivia Garden Bamboo Touch Detangle Massage L - Glamico","robots":{"index":"index","follow":"follow","max-snippet":"max-snippet:-1","max-image-preview":"max-image-preview:large","max-video-preview":"max-video-preview:-1"},"canonical":"https:\/\/glamico.ee\/en\/pood\/olivia-garden-bamboo-touch-detangle-massage-l\/","og_locale":"en_US","og_type":"article","og_title":"Olivia Garden Bamboo Touch Detangle Massage L - Glamico","og_description":"Olivia Garden Bamboo Touch Detangle Massage L on loodud peanaha masseerimiseks, mis stimuleerib vereringet ja soodustab juuste kasvu. Harjased on valmistatud naturaalsest bambusest \u2013 see on selle massaa\u017eiharja \u201esalajane koostisosa\u201c, mis turgutab juuksefolliikuleid ja tugevdab juukseid otse juurtest. T\u00e4nu harjaste siledatele ja \u00fcmaratele otstele on hari peanaha vastu \u00f5rn ning sobib ideaalselt l\u00f5\u00f5gastavaks massaa\u017eiks. L-suuruses labahari (paddle brush) on laia [&hellip;]","og_url":"https:\/\/glamico.ee\/en\/pood\/olivia-garden-bamboo-touch-detangle-massage-l\/","og_site_name":"Glamico","article_modified_time":"2026-02-15T10:30:19+00:00","og_image":[{"width":480,"height":480,"url":"https:\/\/glamico.ee\/wp-content\/uploads\/2026\/01\/5414343010117-1.webp","type":"image\/webp"}],"twitter_card":"summary_large_image","twitter_misc":{"Est. reading time":"1 minute"},"schema":{"@context":"https:\/\/schema.org","@graph":[{"@type":"WebPage","@id":"https:\/\/glamico.ee\/pood\/olivia-garden-bamboo-touch-detangle-massage-l\/","url":"https:\/\/glamico.ee\/pood\/olivia-garden-bamboo-touch-detangle-massage-l\/","name":"Olivia Garden Bamboo Touch Detangle Massage L - Glamico","isPartOf":{"@id":"https:\/\/glamico.ee\/#website"},"primaryImageOfPage":{"@id":"https:\/\/glamico.ee\/pood\/olivia-garden-bamboo-touch-detangle-massage-l\/#primaryimage"},"image":{"@id":"https:\/\/glamico.ee\/pood\/olivia-garden-bamboo-touch-detangle-massage-l\/#primaryimage"},"thumbnailUrl":"https:\/\/glamico.ee\/wp-content\/uploads\/2026\/01\/5414343010117-1.webp","datePublished":"2026-01-07T12:56:37+00:00","dateModified":"2026-02-15T10:30:19+00:00","breadcrumb":{"@id":"https:\/\/glamico.ee\/pood\/olivia-garden-bamboo-touch-detangle-massage-l\/#breadcrumb"},"inLanguage":"en-US","potentialAction":[{"@type":"ReadAction","target":["https:\/\/glamico.ee\/pood\/olivia-garden-bamboo-touch-detangle-massage-l\/"]}]},{"@type":"ImageObject","inLanguage":"en-US","@id":"https:\/\/glamico.ee\/pood\/olivia-garden-bamboo-touch-detangle-massage-l\/#primaryimage","url":"https:\/\/glamico.ee\/wp-content\/uploads\/2026\/01\/5414343010117-1.webp","contentUrl":"https:\/\/glamico.ee\/wp-content\/uploads\/2026\/01\/5414343010117-1.webp","width":480,"height":480},{"@type":"BreadcrumbList","@id":"https:\/\/glamico.ee\/pood\/olivia-garden-bamboo-touch-detangle-massage-l\/#breadcrumb","itemListElement":[{"@type":"ListItem","position":1,"name":"Home","item":"https:\/\/glamico.ee\/"},{"@type":"ListItem","position":2,"name":"Pood","item":"https:\/\/glamico.ee\/pood\/"},{"@type":"ListItem","position":3,"name":"Olivia Garden Bamboo Touch Detangle Massage L"}]},{"@type":"WebSite","@id":"https:\/\/glamico.ee\/#website","url":"https:\/\/glamico.ee\/","name":"Glamico","description":"Ilutooted","publisher":{"@id":"https:\/\/glamico.ee\/#organization"},"potentialAction":[{"@type":"SearchAction","target":{"@type":"EntryPoint","urlTemplate":"https:\/\/glamico.ee\/?s={search_term_string}"},"query-input":{"@type":"PropertyValueSpecification","valueRequired":true,"valueName":"search_term_string"}}],"inLanguage":"en-US"},{"@type":"Organization","@id":"https:\/\/glamico.ee\/#organization","name":"Glamico Baltics O\u00dc","url":"https:\/\/glamico.ee\/","logo":{"@type":"ImageObject","inLanguage":"en-US","@id":"https:\/\/glamico.ee\/#\/schema\/logo\/image\/","url":"https:\/\/glamico.ee\/wp-content\/uploads\/2025\/11\/Glamico-1.png","contentUrl":"https:\/\/glamico.ee\/wp-content\/uploads\/2025\/11\/Glamico-1.png","width":627,"height":400,"caption":"Glamico Baltics O\u00dc"},"image":{"@id":"https:\/\/glamico.ee\/#\/schema\/logo\/image\/"},"sameAs":["https:\/\/www.instagram.com\/glamico.ee\/"]}]}},"brands":[{"id":87,"name":"Olivia Garden","slug":"olivia-garden"}],"_links":{"self":[{"href":"https:\/\/glamico.ee\/en\/wp-json\/wp\/v2\/product\/2192","targetHints":{"allow":["GET"]}}],"collection":[{"href":"https:\/\/glamico.ee\/en\/wp-json\/wp\/v2\/product"}],"about":[{"href":"https:\/\/glamico.ee\/en\/wp-json\/wp\/v2\/types\/product"}],"version-history":[{"count":1,"href":"https:\/\/glamico.ee\/en\/wp-json\/wp\/v2\/product\/2192\/revisions"}],"predecessor-version":[{"id":2196,"href":"https:\/\/glamico.ee\/en\/wp-json\/wp\/v2\/product\/2192\/revisions\/2196"}],"wp:featuredmedia":[{"embeddable":true,"href":"https:\/\/glamico.ee\/en\/wp-json\/wp\/v2\/media\/2194"}],"wp:attachment":[{"href":"https:\/\/glamico.ee\/en\/wp-json\/wp\/v2\/media?parent=2192"}],"wp:term":[{"taxonomy":"pwb-brand","embeddable":true,"href":"https:\/\/glamico.ee\/en\/wp-json\/wp\/v2\/pwb-brand?post=2192"},{"taxonomy":"product_brand","embeddable":true,"href":"https:\/\/glamico.ee\/en\/wp-json\/wp\/v2\/product_brand?post=2192"},{"taxonomy":"product_cat","embeddable":true,"href":"https:\/\/glamico.ee\/en\/wp-json\/wp\/v2\/product_cat?post=2192"},{"taxonomy":"product_tag","embeddable":true,"href":"https:\/\/glamico.ee\/en\/wp-json\/wp\/v2\/product_tag?post=2192"}],"curies":[{"name":"wp","href":"https:\/\/api.w.org\/{rel}","templated":true}]}}