{"id":2188,"date":"2026-01-07T14:37:27","date_gmt":"2026-01-07T12:37:27","guid":{"rendered":"https:\/\/glamico.ee\/?post_type=product&#038;p=2188"},"modified":"2026-02-15T12:28:58","modified_gmt":"2026-02-15T10:28:58","slug":"olivia-garden-bamboo-touch-detgangle-combo-s-hair-brush-bambusest-juuksehari","status":"publish","type":"product","link":"https:\/\/glamico.ee\/en\/pood\/olivia-garden-bamboo-touch-detgangle-combo-s-hair-brush-bambusest-juuksehari\/","title":{"rendered":"Olivia Garden Bamboo Touch Detgangle Combo S Hair Brush, Bambusest Juuksehari"},"content":{"rendered":"<p>Olivia Garden Bamboo Touch Detgangle Combo S Hair Brush, Bambusest Juuksehari Bambusest naturaal- ja plastikharjastega juuksehari, mis on tugev, kuid samas kergekaaluline. Suurep\u00e4rane hari juuste viimistlemiseks ning pusade lahti harutamiseks, samal ajal peanahka ja juukseid mitte \u00e4rritades. Ioontehnoloogia &#8211; ioonidega laetud harjased. Taastab juuste s\u00e4ra.<\/p>","protected":false},"excerpt":{"rendered":"<p>Olivia Garden Bamboo Touch Detgangle Combo S Hair Brush, Bambusest Juuksehari Bambusest naturaal- ja plastikharjastega juuksehari, mis on tugev, kuid samas kergekaaluline. Suurep\u00e4rane hari juuste viimistlemiseks ning pusade lahti harutamiseks, samal ajal peanahka ja juukseid mitte \u00e4rritades. Ioontehnoloogia &#8211; ioonidega laetud harjased. Taastab juuste s\u00e4ra.<\/p>","protected":false},"featured_media":2190,"template":"","meta":[],"pwb-brand":[87],"product_brand":[],"product_cat":[32],"product_tag":[],"class_list":{"0":"post-2188","1":"product","2":"type-product","3":"status-publish","4":"has-post-thumbnail","6":"pwb-brand-olivia-garden","7":"product_cat-juustele","9":"first","10":"instock","11":"sale","12":"taxable","13":"shipping-taxable","14":"purchasable","15":"product-type-simple"},"yoast_head":"<!-- This site is optimized with the Yoast SEO plugin v27.3 - https:\/\/yoast.com\/product\/yoast-seo-wordpress\/ -->\n<title>Olivia Garden Bamboo Touch Detgangle Combo S Hair Brush, Bambusest Juuksehari - Glamico<\/title>\n<meta name=\"robots\" content=\"index, follow, max-snippet:-1, max-image-preview:large, max-video-preview:-1\" \/>\n<link rel=\"canonical\" href=\"https:\/\/glamico.ee\/en\/pood\/olivia-garden-bamboo-touch-detgangle-combo-s-hair-brush-bambusest-juuksehari\/\" \/>\n<meta property=\"og:locale\" content=\"en_US\" \/>\n<meta property=\"og:type\" content=\"article\" \/>\n<meta property=\"og:title\" content=\"Olivia Garden Bamboo Touch Detgangle Combo S Hair Brush, Bambusest Juuksehari - Glamico\" \/>\n<meta property=\"og:description\" content=\"Olivia Garden Bamboo Touch Detgangle Combo S Hair Brush, Bambusest Juuksehari Bambusest naturaal- ja plastikharjastega juuksehari, mis on tugev, kuid samas kergekaaluline. Suurep\u00e4rane hari juuste viimistlemiseks ning pusade lahti harutamiseks, samal ajal peanahka ja juukseid mitte \u00e4rritades. Ioontehnoloogia &#8211; ioonidega laetud harjased. Taastab juuste s\u00e4ra.\" \/>\n<meta property=\"og:url\" content=\"https:\/\/glamico.ee\/en\/pood\/olivia-garden-bamboo-touch-detgangle-combo-s-hair-brush-bambusest-juuksehari\/\" \/>\n<meta property=\"og:site_name\" content=\"Glamico\" \/>\n<meta property=\"article:modified_time\" content=\"2026-02-15T10:28:58+00:00\" \/>\n<meta property=\"og:image\" content=\"https:\/\/glamico.ee\/wp-content\/uploads\/2026\/01\/5414343010339.jpg\" \/>\n\t<meta property=\"og:image:width\" content=\"1000\" \/>\n\t<meta property=\"og:image:height\" content=\"1000\" \/>\n\t<meta property=\"og:image:type\" content=\"image\/jpeg\" \/>\n<meta name=\"twitter:card\" content=\"summary_large_image\" \/>\n<meta name=\"twitter:label1\" content=\"Est. reading time\" \/>\n\t<meta name=\"twitter:data1\" content=\"1 minute\" \/>\n<script type=\"application\/ld+json\" class=\"yoast-schema-graph\">{\"@context\":\"https:\\\/\\\/schema.org\",\"@graph\":[{\"@type\":\"WebPage\",\"@id\":\"https:\\\/\\\/glamico.ee\\\/pood\\\/olivia-garden-bamboo-touch-detgangle-combo-s-hair-brush-bambusest-juuksehari\\\/\",\"url\":\"https:\\\/\\\/glamico.ee\\\/pood\\\/olivia-garden-bamboo-touch-detgangle-combo-s-hair-brush-bambusest-juuksehari\\\/\",\"name\":\"Olivia Garden Bamboo Touch Detgangle Combo S Hair Brush, Bambusest Juuksehari - Glamico\",\"isPartOf\":{\"@id\":\"https:\\\/\\\/glamico.ee\\\/#website\"},\"primaryImageOfPage\":{\"@id\":\"https:\\\/\\\/glamico.ee\\\/pood\\\/olivia-garden-bamboo-touch-detgangle-combo-s-hair-brush-bambusest-juuksehari\\\/#primaryimage\"},\"image\":{\"@id\":\"https:\\\/\\\/glamico.ee\\\/pood\\\/olivia-garden-bamboo-touch-detgangle-combo-s-hair-brush-bambusest-juuksehari\\\/#primaryimage\"},\"thumbnailUrl\":\"https:\\\/\\\/glamico.ee\\\/wp-content\\\/uploads\\\/2026\\\/01\\\/5414343010339.jpg\",\"datePublished\":\"2026-01-07T12:37:27+00:00\",\"dateModified\":\"2026-02-15T10:28:58+00:00\",\"breadcrumb\":{\"@id\":\"https:\\\/\\\/glamico.ee\\\/pood\\\/olivia-garden-bamboo-touch-detgangle-combo-s-hair-brush-bambusest-juuksehari\\\/#breadcrumb\"},\"inLanguage\":\"en-US\",\"potentialAction\":[{\"@type\":\"ReadAction\",\"target\":[\"https:\\\/\\\/glamico.ee\\\/pood\\\/olivia-garden-bamboo-touch-detgangle-combo-s-hair-brush-bambusest-juuksehari\\\/\"]}]},{\"@type\":\"ImageObject\",\"inLanguage\":\"en-US\",\"@id\":\"https:\\\/\\\/glamico.ee\\\/pood\\\/olivia-garden-bamboo-touch-detgangle-combo-s-hair-brush-bambusest-juuksehari\\\/#primaryimage\",\"url\":\"https:\\\/\\\/glamico.ee\\\/wp-content\\\/uploads\\\/2026\\\/01\\\/5414343010339.jpg\",\"contentUrl\":\"https:\\\/\\\/glamico.ee\\\/wp-content\\\/uploads\\\/2026\\\/01\\\/5414343010339.jpg\",\"width\":1000,\"height\":1000},{\"@type\":\"BreadcrumbList\",\"@id\":\"https:\\\/\\\/glamico.ee\\\/pood\\\/olivia-garden-bamboo-touch-detgangle-combo-s-hair-brush-bambusest-juuksehari\\\/#breadcrumb\",\"itemListElement\":[{\"@type\":\"ListItem\",\"position\":1,\"name\":\"Home\",\"item\":\"https:\\\/\\\/glamico.ee\\\/\"},{\"@type\":\"ListItem\",\"position\":2,\"name\":\"Pood\",\"item\":\"https:\\\/\\\/glamico.ee\\\/pood\\\/\"},{\"@type\":\"ListItem\",\"position\":3,\"name\":\"Olivia Garden Bamboo Touch Detgangle Combo S Hair Brush, Bambusest Juuksehari\"}]},{\"@type\":\"WebSite\",\"@id\":\"https:\\\/\\\/glamico.ee\\\/#website\",\"url\":\"https:\\\/\\\/glamico.ee\\\/\",\"name\":\"Glamico\",\"description\":\"Ilutooted\",\"publisher\":{\"@id\":\"https:\\\/\\\/glamico.ee\\\/#organization\"},\"potentialAction\":[{\"@type\":\"SearchAction\",\"target\":{\"@type\":\"EntryPoint\",\"urlTemplate\":\"https:\\\/\\\/glamico.ee\\\/?s={search_term_string}\"},\"query-input\":{\"@type\":\"PropertyValueSpecification\",\"valueRequired\":true,\"valueName\":\"search_term_string\"}}],\"inLanguage\":\"en-US\"},{\"@type\":\"Organization\",\"@id\":\"https:\\\/\\\/glamico.ee\\\/#organization\",\"name\":\"Glamico Baltics O\u00dc\",\"url\":\"https:\\\/\\\/glamico.ee\\\/\",\"logo\":{\"@type\":\"ImageObject\",\"inLanguage\":\"en-US\",\"@id\":\"https:\\\/\\\/glamico.ee\\\/#\\\/schema\\\/logo\\\/image\\\/\",\"url\":\"https:\\\/\\\/glamico.ee\\\/wp-content\\\/uploads\\\/2025\\\/11\\\/Glamico-1.png\",\"contentUrl\":\"https:\\\/\\\/glamico.ee\\\/wp-content\\\/uploads\\\/2025\\\/11\\\/Glamico-1.png\",\"width\":627,\"height\":400,\"caption\":\"Glamico Baltics O\u00dc\"},\"image\":{\"@id\":\"https:\\\/\\\/glamico.ee\\\/#\\\/schema\\\/logo\\\/image\\\/\"},\"sameAs\":[\"https:\\\/\\\/www.instagram.com\\\/glamico.ee\\\/\"]}]}<\/script>\n<!-- \/ Yoast SEO plugin. -->","yoast_head_json":{"title":"Olivia Garden Bamboo Touch Detgangle Combo S Hair Brush, Bambusest Juuksehari - Glamico","robots":{"index":"index","follow":"follow","max-snippet":"max-snippet:-1","max-image-preview":"max-image-preview:large","max-video-preview":"max-video-preview:-1"},"canonical":"https:\/\/glamico.ee\/en\/pood\/olivia-garden-bamboo-touch-detgangle-combo-s-hair-brush-bambusest-juuksehari\/","og_locale":"en_US","og_type":"article","og_title":"Olivia Garden Bamboo Touch Detgangle Combo S Hair Brush, Bambusest Juuksehari - Glamico","og_description":"Olivia Garden Bamboo Touch Detgangle Combo S Hair Brush, Bambusest Juuksehari Bambusest naturaal- ja plastikharjastega juuksehari, mis on tugev, kuid samas kergekaaluline. Suurep\u00e4rane hari juuste viimistlemiseks ning pusade lahti harutamiseks, samal ajal peanahka ja juukseid mitte \u00e4rritades. Ioontehnoloogia &#8211; ioonidega laetud harjased. Taastab juuste s\u00e4ra.","og_url":"https:\/\/glamico.ee\/en\/pood\/olivia-garden-bamboo-touch-detgangle-combo-s-hair-brush-bambusest-juuksehari\/","og_site_name":"Glamico","article_modified_time":"2026-02-15T10:28:58+00:00","og_image":[{"width":1000,"height":1000,"url":"https:\/\/glamico.ee\/wp-content\/uploads\/2026\/01\/5414343010339.jpg","type":"image\/jpeg"}],"twitter_card":"summary_large_image","twitter_misc":{"Est. reading time":"1 minute"},"schema":{"@context":"https:\/\/schema.org","@graph":[{"@type":"WebPage","@id":"https:\/\/glamico.ee\/pood\/olivia-garden-bamboo-touch-detgangle-combo-s-hair-brush-bambusest-juuksehari\/","url":"https:\/\/glamico.ee\/pood\/olivia-garden-bamboo-touch-detgangle-combo-s-hair-brush-bambusest-juuksehari\/","name":"Olivia Garden Bamboo Touch Detgangle Combo S Hair Brush, Bambusest Juuksehari - Glamico","isPartOf":{"@id":"https:\/\/glamico.ee\/#website"},"primaryImageOfPage":{"@id":"https:\/\/glamico.ee\/pood\/olivia-garden-bamboo-touch-detgangle-combo-s-hair-brush-bambusest-juuksehari\/#primaryimage"},"image":{"@id":"https:\/\/glamico.ee\/pood\/olivia-garden-bamboo-touch-detgangle-combo-s-hair-brush-bambusest-juuksehari\/#primaryimage"},"thumbnailUrl":"https:\/\/glamico.ee\/wp-content\/uploads\/2026\/01\/5414343010339.jpg","datePublished":"2026-01-07T12:37:27+00:00","dateModified":"2026-02-15T10:28:58+00:00","breadcrumb":{"@id":"https:\/\/glamico.ee\/pood\/olivia-garden-bamboo-touch-detgangle-combo-s-hair-brush-bambusest-juuksehari\/#breadcrumb"},"inLanguage":"en-US","potentialAction":[{"@type":"ReadAction","target":["https:\/\/glamico.ee\/pood\/olivia-garden-bamboo-touch-detgangle-combo-s-hair-brush-bambusest-juuksehari\/"]}]},{"@type":"ImageObject","inLanguage":"en-US","@id":"https:\/\/glamico.ee\/pood\/olivia-garden-bamboo-touch-detgangle-combo-s-hair-brush-bambusest-juuksehari\/#primaryimage","url":"https:\/\/glamico.ee\/wp-content\/uploads\/2026\/01\/5414343010339.jpg","contentUrl":"https:\/\/glamico.ee\/wp-content\/uploads\/2026\/01\/5414343010339.jpg","width":1000,"height":1000},{"@type":"BreadcrumbList","@id":"https:\/\/glamico.ee\/pood\/olivia-garden-bamboo-touch-detgangle-combo-s-hair-brush-bambusest-juuksehari\/#breadcrumb","itemListElement":[{"@type":"ListItem","position":1,"name":"Home","item":"https:\/\/glamico.ee\/"},{"@type":"ListItem","position":2,"name":"Pood","item":"https:\/\/glamico.ee\/pood\/"},{"@type":"ListItem","position":3,"name":"Olivia Garden Bamboo Touch Detgangle Combo S Hair Brush, Bambusest Juuksehari"}]},{"@type":"WebSite","@id":"https:\/\/glamico.ee\/#website","url":"https:\/\/glamico.ee\/","name":"Glamico","description":"Ilutooted","publisher":{"@id":"https:\/\/glamico.ee\/#organization"},"potentialAction":[{"@type":"SearchAction","target":{"@type":"EntryPoint","urlTemplate":"https:\/\/glamico.ee\/?s={search_term_string}"},"query-input":{"@type":"PropertyValueSpecification","valueRequired":true,"valueName":"search_term_string"}}],"inLanguage":"en-US"},{"@type":"Organization","@id":"https:\/\/glamico.ee\/#organization","name":"Glamico Baltics O\u00dc","url":"https:\/\/glamico.ee\/","logo":{"@type":"ImageObject","inLanguage":"en-US","@id":"https:\/\/glamico.ee\/#\/schema\/logo\/image\/","url":"https:\/\/glamico.ee\/wp-content\/uploads\/2025\/11\/Glamico-1.png","contentUrl":"https:\/\/glamico.ee\/wp-content\/uploads\/2025\/11\/Glamico-1.png","width":627,"height":400,"caption":"Glamico Baltics O\u00dc"},"image":{"@id":"https:\/\/glamico.ee\/#\/schema\/logo\/image\/"},"sameAs":["https:\/\/www.instagram.com\/glamico.ee\/"]}]}},"brands":[{"id":87,"name":"Olivia Garden","slug":"olivia-garden"}],"_links":{"self":[{"href":"https:\/\/glamico.ee\/en\/wp-json\/wp\/v2\/product\/2188","targetHints":{"allow":["GET"]}}],"collection":[{"href":"https:\/\/glamico.ee\/en\/wp-json\/wp\/v2\/product"}],"about":[{"href":"https:\/\/glamico.ee\/en\/wp-json\/wp\/v2\/types\/product"}],"version-history":[{"count":1,"href":"https:\/\/glamico.ee\/en\/wp-json\/wp\/v2\/product\/2188\/revisions"}],"predecessor-version":[{"id":2191,"href":"https:\/\/glamico.ee\/en\/wp-json\/wp\/v2\/product\/2188\/revisions\/2191"}],"wp:featuredmedia":[{"embeddable":true,"href":"https:\/\/glamico.ee\/en\/wp-json\/wp\/v2\/media\/2190"}],"wp:attachment":[{"href":"https:\/\/glamico.ee\/en\/wp-json\/wp\/v2\/media?parent=2188"}],"wp:term":[{"taxonomy":"pwb-brand","embeddable":true,"href":"https:\/\/glamico.ee\/en\/wp-json\/wp\/v2\/pwb-brand?post=2188"},{"taxonomy":"product_brand","embeddable":true,"href":"https:\/\/glamico.ee\/en\/wp-json\/wp\/v2\/product_brand?post=2188"},{"taxonomy":"product_cat","embeddable":true,"href":"https:\/\/glamico.ee\/en\/wp-json\/wp\/v2\/product_cat?post=2188"},{"taxonomy":"product_tag","embeddable":true,"href":"https:\/\/glamico.ee\/en\/wp-json\/wp\/v2\/product_tag?post=2188"}],"curies":[{"name":"wp","href":"https:\/\/api.w.org\/{rel}","templated":true}]}}