{"id":2166,"date":"2025-12-01T15:36:10","date_gmt":"2025-12-01T13:36:10","guid":{"rendered":"https:\/\/glamico.ee\/?post_type=product&#038;p=2166"},"modified":"2026-04-12T14:52:41","modified_gmt":"2026-04-12T12:52:41","slug":"raywell-volume-spray-200ml","status":"publish","type":"product","link":"https:\/\/glamico.ee\/en\/pood\/raywell-volume-spray-200ml\/","title":{"rendered":"Raywell Volume Spray 200ml"},"content":{"rendered":"<p>Vol\u00fc\u00fcmi andev pihusti, mis on loodud peenetele, \u00f5hukestele v\u00f5i k\u00fcpsetele juustele. T\u00e4nu spetsiifilistele toimeainetele moodustab see juuksekiu \u00fcmber struktureeriva kile, andes juustele keha ja tihedust. pH: 6,40 \u2013 6,80<\/p>\n<p>Kasutamine: Pihustage niisketele v\u00f5i kuivadele juustele juurtele ja j\u00e4tkake seej\u00e4rel kuumt\u00f6\u00f6tlemisega soengu kujundamist.<\/p>\n<p>KOOSTIS: Aqua, Alcohol Denat., Polyimide-1, Phenoxyethanol, Parfum, PEG-40 Hydrogenated Castor Oil, PEG-12 Dimethicone, Glycerin, Ethyltrimonium Chloride Methacrylate\/Hydrolyzed Wheat Protein Copolymer, Ethylhexylglycerin, Butylene Glycol, Carvone, Ceramide NG, Polyglyceryl-10 Myristate, Urtica Dioica Leaf Extract, Glycyrrhiza Glabra Root Extract, Quercus Robur Bark Extract, 1,2-Hexanediol, Hydroxyacetophenone, Glycine, Serine, Glutamic Acid, Saccharomyces Ferment Lysate Filtrate, Aspartic Acid, Citric Acid, Polyquaternium-10, Hexyldecanol, Hydrolyzed Sodium Hyaluronate, Sodium Hyaluronate, Leucine, Alanine, Lysine, Arginine, Tyrosine, Phenylalanine, Proline, Threonine, Valine, Isoleucine, Histidine, Sodium Benzoate, Potassium Sorbate, Pentylene Glycol, Lactic Acid, Caprylic\/Capric Triglyceride, Hydrogenated Lecithin, Juniperus Virginiana Oil, Mentha Viridis Leaf Oil, Tetramethyl Acetyloctahydronaphthalenes, Limonene, Linalyl Acetate, Vanillin, Hexamethylindanopyran, Citrus Limon Peel Oil, Pinene, Linalool, Alpha-Isomethyl Ionone.<\/p>","protected":false},"excerpt":{"rendered":"<p>Vol\u00fc\u00fcmi andev pihusti, mis on loodud peenetele, \u00f5hukestele v\u00f5i k\u00fcpsetele juustele. T\u00e4nu spetsiifilistele toimeainetele moodustab see juuksekiu \u00fcmber struktureeriva kile, andes juustele keha ja tihedust. pH: 6,40 \u2013 6,80 Kasutamine: Pihustage niisketele v\u00f5i kuivadele juustele juurtele ja j\u00e4tkake seej\u00e4rel kuumt\u00f6\u00f6tlemisega soengu kujundamist. KOOSTIS: Aqua, Alcohol Denat., Polyimide-1, Phenoxyethanol, Parfum, PEG-40 Hydrogenated Castor Oil, PEG-12 Dimethicone, Glycerin, Ethyltrimonium Chloride Methacrylate\/Hydrolyzed Wheat [&hellip;]<\/p>\n","protected":false},"featured_media":2167,"template":"","meta":[],"pwb-brand":[90],"product_brand":[],"product_cat":[32],"product_tag":[],"class_list":{"0":"post-2166","1":"product","2":"type-product","3":"status-publish","4":"has-post-thumbnail","6":"pwb-brand-raywell","7":"product_cat-juustele","9":"first","10":"instock","11":"taxable","12":"shipping-taxable","13":"purchasable","14":"product-type-simple"},"yoast_head":"<!-- This site is optimized with the Yoast SEO plugin v27.3 - https:\/\/yoast.com\/product\/yoast-seo-wordpress\/ -->\n<title>Raywell Volume Spray 200ml - Glamico<\/title>\n<meta name=\"robots\" content=\"index, follow, max-snippet:-1, max-image-preview:large, max-video-preview:-1\" \/>\n<link rel=\"canonical\" href=\"https:\/\/glamico.ee\/en\/pood\/raywell-volume-spray-200ml\/\" \/>\n<meta property=\"og:locale\" content=\"en_US\" \/>\n<meta property=\"og:type\" content=\"article\" \/>\n<meta property=\"og:title\" content=\"Raywell Volume Spray 200ml - Glamico\" \/>\n<meta property=\"og:description\" content=\"Vol\u00fc\u00fcmi andev pihusti, mis on loodud peenetele, \u00f5hukestele v\u00f5i k\u00fcpsetele juustele. T\u00e4nu spetsiifilistele toimeainetele moodustab see juuksekiu \u00fcmber struktureeriva kile, andes juustele keha ja tihedust. pH: 6,40 \u2013 6,80 Kasutamine: Pihustage niisketele v\u00f5i kuivadele juustele juurtele ja j\u00e4tkake seej\u00e4rel kuumt\u00f6\u00f6tlemisega soengu kujundamist. KOOSTIS: Aqua, Alcohol Denat., Polyimide-1, Phenoxyethanol, Parfum, PEG-40 Hydrogenated Castor Oil, PEG-12 Dimethicone, Glycerin, Ethyltrimonium Chloride Methacrylate\/Hydrolyzed Wheat [&hellip;]\" \/>\n<meta property=\"og:url\" content=\"https:\/\/glamico.ee\/en\/pood\/raywell-volume-spray-200ml\/\" \/>\n<meta property=\"og:site_name\" content=\"Glamico\" \/>\n<meta property=\"article:modified_time\" content=\"2026-04-12T12:52:41+00:00\" \/>\n<meta property=\"og:image\" content=\"https:\/\/glamico.ee\/wp-content\/uploads\/2025\/12\/RAYWELL_BIO_VOLUME_SPRAY_200ML_8055954098315_RR630.png\" \/>\n\t<meta property=\"og:image:width\" content=\"1000\" \/>\n\t<meta property=\"og:image:height\" content=\"1000\" \/>\n\t<meta property=\"og:image:type\" content=\"image\/png\" \/>\n<meta name=\"twitter:card\" content=\"summary_large_image\" \/>\n<meta name=\"twitter:label1\" content=\"Est. reading time\" \/>\n\t<meta name=\"twitter:data1\" content=\"1 minute\" \/>\n<script type=\"application\/ld+json\" class=\"yoast-schema-graph\">{\"@context\":\"https:\\\/\\\/schema.org\",\"@graph\":[{\"@type\":\"WebPage\",\"@id\":\"https:\\\/\\\/glamico.ee\\\/pood\\\/raywell-volume-spray-200ml\\\/\",\"url\":\"https:\\\/\\\/glamico.ee\\\/pood\\\/raywell-volume-spray-200ml\\\/\",\"name\":\"Raywell Volume Spray 200ml - Glamico\",\"isPartOf\":{\"@id\":\"https:\\\/\\\/glamico.ee\\\/#website\"},\"primaryImageOfPage\":{\"@id\":\"https:\\\/\\\/glamico.ee\\\/pood\\\/raywell-volume-spray-200ml\\\/#primaryimage\"},\"image\":{\"@id\":\"https:\\\/\\\/glamico.ee\\\/pood\\\/raywell-volume-spray-200ml\\\/#primaryimage\"},\"thumbnailUrl\":\"https:\\\/\\\/glamico.ee\\\/wp-content\\\/uploads\\\/2025\\\/12\\\/RAYWELL_BIO_VOLUME_SPRAY_200ML_8055954098315_RR630.png\",\"datePublished\":\"2025-12-01T13:36:10+00:00\",\"dateModified\":\"2026-04-12T12:52:41+00:00\",\"breadcrumb\":{\"@id\":\"https:\\\/\\\/glamico.ee\\\/pood\\\/raywell-volume-spray-200ml\\\/#breadcrumb\"},\"inLanguage\":\"en-US\",\"potentialAction\":[{\"@type\":\"ReadAction\",\"target\":[\"https:\\\/\\\/glamico.ee\\\/pood\\\/raywell-volume-spray-200ml\\\/\"]}]},{\"@type\":\"ImageObject\",\"inLanguage\":\"en-US\",\"@id\":\"https:\\\/\\\/glamico.ee\\\/pood\\\/raywell-volume-spray-200ml\\\/#primaryimage\",\"url\":\"https:\\\/\\\/glamico.ee\\\/wp-content\\\/uploads\\\/2025\\\/12\\\/RAYWELL_BIO_VOLUME_SPRAY_200ML_8055954098315_RR630.png\",\"contentUrl\":\"https:\\\/\\\/glamico.ee\\\/wp-content\\\/uploads\\\/2025\\\/12\\\/RAYWELL_BIO_VOLUME_SPRAY_200ML_8055954098315_RR630.png\",\"width\":1000,\"height\":1000},{\"@type\":\"BreadcrumbList\",\"@id\":\"https:\\\/\\\/glamico.ee\\\/pood\\\/raywell-volume-spray-200ml\\\/#breadcrumb\",\"itemListElement\":[{\"@type\":\"ListItem\",\"position\":1,\"name\":\"Home\",\"item\":\"https:\\\/\\\/glamico.ee\\\/\"},{\"@type\":\"ListItem\",\"position\":2,\"name\":\"Pood\",\"item\":\"https:\\\/\\\/glamico.ee\\\/pood\\\/\"},{\"@type\":\"ListItem\",\"position\":3,\"name\":\"Raywell Volume Spray 200ml\"}]},{\"@type\":\"WebSite\",\"@id\":\"https:\\\/\\\/glamico.ee\\\/#website\",\"url\":\"https:\\\/\\\/glamico.ee\\\/\",\"name\":\"Glamico\",\"description\":\"Ilutooted\",\"publisher\":{\"@id\":\"https:\\\/\\\/glamico.ee\\\/#organization\"},\"potentialAction\":[{\"@type\":\"SearchAction\",\"target\":{\"@type\":\"EntryPoint\",\"urlTemplate\":\"https:\\\/\\\/glamico.ee\\\/?s={search_term_string}\"},\"query-input\":{\"@type\":\"PropertyValueSpecification\",\"valueRequired\":true,\"valueName\":\"search_term_string\"}}],\"inLanguage\":\"en-US\"},{\"@type\":\"Organization\",\"@id\":\"https:\\\/\\\/glamico.ee\\\/#organization\",\"name\":\"Glamico Baltics O\u00dc\",\"url\":\"https:\\\/\\\/glamico.ee\\\/\",\"logo\":{\"@type\":\"ImageObject\",\"inLanguage\":\"en-US\",\"@id\":\"https:\\\/\\\/glamico.ee\\\/#\\\/schema\\\/logo\\\/image\\\/\",\"url\":\"https:\\\/\\\/glamico.ee\\\/wp-content\\\/uploads\\\/2025\\\/11\\\/Glamico-1.png\",\"contentUrl\":\"https:\\\/\\\/glamico.ee\\\/wp-content\\\/uploads\\\/2025\\\/11\\\/Glamico-1.png\",\"width\":627,\"height\":400,\"caption\":\"Glamico Baltics O\u00dc\"},\"image\":{\"@id\":\"https:\\\/\\\/glamico.ee\\\/#\\\/schema\\\/logo\\\/image\\\/\"},\"sameAs\":[\"https:\\\/\\\/www.instagram.com\\\/glamico.ee\\\/\"]}]}<\/script>\n<!-- \/ Yoast SEO plugin. -->","yoast_head_json":{"title":"Raywell Volume Spray 200ml - Glamico","robots":{"index":"index","follow":"follow","max-snippet":"max-snippet:-1","max-image-preview":"max-image-preview:large","max-video-preview":"max-video-preview:-1"},"canonical":"https:\/\/glamico.ee\/en\/pood\/raywell-volume-spray-200ml\/","og_locale":"en_US","og_type":"article","og_title":"Raywell Volume Spray 200ml - Glamico","og_description":"Vol\u00fc\u00fcmi andev pihusti, mis on loodud peenetele, \u00f5hukestele v\u00f5i k\u00fcpsetele juustele. T\u00e4nu spetsiifilistele toimeainetele moodustab see juuksekiu \u00fcmber struktureeriva kile, andes juustele keha ja tihedust. pH: 6,40 \u2013 6,80 Kasutamine: Pihustage niisketele v\u00f5i kuivadele juustele juurtele ja j\u00e4tkake seej\u00e4rel kuumt\u00f6\u00f6tlemisega soengu kujundamist. KOOSTIS: Aqua, Alcohol Denat., Polyimide-1, Phenoxyethanol, Parfum, PEG-40 Hydrogenated Castor Oil, PEG-12 Dimethicone, Glycerin, Ethyltrimonium Chloride Methacrylate\/Hydrolyzed Wheat [&hellip;]","og_url":"https:\/\/glamico.ee\/en\/pood\/raywell-volume-spray-200ml\/","og_site_name":"Glamico","article_modified_time":"2026-04-12T12:52:41+00:00","og_image":[{"width":1000,"height":1000,"url":"https:\/\/glamico.ee\/wp-content\/uploads\/2025\/12\/RAYWELL_BIO_VOLUME_SPRAY_200ML_8055954098315_RR630.png","type":"image\/png"}],"twitter_card":"summary_large_image","twitter_misc":{"Est. reading time":"1 minute"},"schema":{"@context":"https:\/\/schema.org","@graph":[{"@type":"WebPage","@id":"https:\/\/glamico.ee\/pood\/raywell-volume-spray-200ml\/","url":"https:\/\/glamico.ee\/pood\/raywell-volume-spray-200ml\/","name":"Raywell Volume Spray 200ml - Glamico","isPartOf":{"@id":"https:\/\/glamico.ee\/#website"},"primaryImageOfPage":{"@id":"https:\/\/glamico.ee\/pood\/raywell-volume-spray-200ml\/#primaryimage"},"image":{"@id":"https:\/\/glamico.ee\/pood\/raywell-volume-spray-200ml\/#primaryimage"},"thumbnailUrl":"https:\/\/glamico.ee\/wp-content\/uploads\/2025\/12\/RAYWELL_BIO_VOLUME_SPRAY_200ML_8055954098315_RR630.png","datePublished":"2025-12-01T13:36:10+00:00","dateModified":"2026-04-12T12:52:41+00:00","breadcrumb":{"@id":"https:\/\/glamico.ee\/pood\/raywell-volume-spray-200ml\/#breadcrumb"},"inLanguage":"en-US","potentialAction":[{"@type":"ReadAction","target":["https:\/\/glamico.ee\/pood\/raywell-volume-spray-200ml\/"]}]},{"@type":"ImageObject","inLanguage":"en-US","@id":"https:\/\/glamico.ee\/pood\/raywell-volume-spray-200ml\/#primaryimage","url":"https:\/\/glamico.ee\/wp-content\/uploads\/2025\/12\/RAYWELL_BIO_VOLUME_SPRAY_200ML_8055954098315_RR630.png","contentUrl":"https:\/\/glamico.ee\/wp-content\/uploads\/2025\/12\/RAYWELL_BIO_VOLUME_SPRAY_200ML_8055954098315_RR630.png","width":1000,"height":1000},{"@type":"BreadcrumbList","@id":"https:\/\/glamico.ee\/pood\/raywell-volume-spray-200ml\/#breadcrumb","itemListElement":[{"@type":"ListItem","position":1,"name":"Home","item":"https:\/\/glamico.ee\/"},{"@type":"ListItem","position":2,"name":"Pood","item":"https:\/\/glamico.ee\/pood\/"},{"@type":"ListItem","position":3,"name":"Raywell Volume Spray 200ml"}]},{"@type":"WebSite","@id":"https:\/\/glamico.ee\/#website","url":"https:\/\/glamico.ee\/","name":"Glamico","description":"Ilutooted","publisher":{"@id":"https:\/\/glamico.ee\/#organization"},"potentialAction":[{"@type":"SearchAction","target":{"@type":"EntryPoint","urlTemplate":"https:\/\/glamico.ee\/?s={search_term_string}"},"query-input":{"@type":"PropertyValueSpecification","valueRequired":true,"valueName":"search_term_string"}}],"inLanguage":"en-US"},{"@type":"Organization","@id":"https:\/\/glamico.ee\/#organization","name":"Glamico Baltics O\u00dc","url":"https:\/\/glamico.ee\/","logo":{"@type":"ImageObject","inLanguage":"en-US","@id":"https:\/\/glamico.ee\/#\/schema\/logo\/image\/","url":"https:\/\/glamico.ee\/wp-content\/uploads\/2025\/11\/Glamico-1.png","contentUrl":"https:\/\/glamico.ee\/wp-content\/uploads\/2025\/11\/Glamico-1.png","width":627,"height":400,"caption":"Glamico Baltics O\u00dc"},"image":{"@id":"https:\/\/glamico.ee\/#\/schema\/logo\/image\/"},"sameAs":["https:\/\/www.instagram.com\/glamico.ee\/"]}]}},"brands":[{"id":90,"name":"Raywell","slug":"raywell"}],"_links":{"self":[{"href":"https:\/\/glamico.ee\/en\/wp-json\/wp\/v2\/product\/2166","targetHints":{"allow":["GET"]}}],"collection":[{"href":"https:\/\/glamico.ee\/en\/wp-json\/wp\/v2\/product"}],"about":[{"href":"https:\/\/glamico.ee\/en\/wp-json\/wp\/v2\/types\/product"}],"version-history":[{"count":2,"href":"https:\/\/glamico.ee\/en\/wp-json\/wp\/v2\/product\/2166\/revisions"}],"predecessor-version":[{"id":2615,"href":"https:\/\/glamico.ee\/en\/wp-json\/wp\/v2\/product\/2166\/revisions\/2615"}],"wp:featuredmedia":[{"embeddable":true,"href":"https:\/\/glamico.ee\/en\/wp-json\/wp\/v2\/media\/2167"}],"wp:attachment":[{"href":"https:\/\/glamico.ee\/en\/wp-json\/wp\/v2\/media?parent=2166"}],"wp:term":[{"taxonomy":"pwb-brand","embeddable":true,"href":"https:\/\/glamico.ee\/en\/wp-json\/wp\/v2\/pwb-brand?post=2166"},{"taxonomy":"product_brand","embeddable":true,"href":"https:\/\/glamico.ee\/en\/wp-json\/wp\/v2\/product_brand?post=2166"},{"taxonomy":"product_cat","embeddable":true,"href":"https:\/\/glamico.ee\/en\/wp-json\/wp\/v2\/product_cat?post=2166"},{"taxonomy":"product_tag","embeddable":true,"href":"https:\/\/glamico.ee\/en\/wp-json\/wp\/v2\/product_tag?post=2166"}],"curies":[{"name":"wp","href":"https:\/\/api.w.org\/{rel}","templated":true}]}}