{"id":2163,"date":"2025-12-01T15:31:00","date_gmt":"2025-12-01T13:31:00","guid":{"rendered":"https:\/\/glamico.ee\/?post_type=product&#038;p=2163"},"modified":"2026-04-12T14:49:02","modified_gmt":"2026-04-12T12:49:02","slug":"raywell-volume-conditioner-275ml","status":"publish","type":"product","link":"https:\/\/glamico.ee\/en\/pood\/raywell-volume-conditioner-275ml\/","title":{"rendered":"Raywell Volume palsam \u00f5hukestele juustele 275ml"},"content":{"rendered":"<p>Tihendav ja paksust andev palsam, mis on loodud peenetele, \u00f5hukestele v\u00f5i k\u00fcpsetele juustele. Selle suure j\u00f5udlusega koostis harutab juuksed t\u00f5husalt lahti, toidab s\u00fcgavalt ja t\u00e4idab juuksekiudu, ilma juukseid raskeks tegemata. See suurendab juuksekarva paksust, parandades selle vastupidavust ja struktuuri. pH: 3,30 \u2013 4,00<\/p>\n<p>Kasutamine: P\u00e4rast B.IO VOLUME Amplifying \u0161ampooniga pesemist kandke toode pikkustele ja otstele ning laske m\u00f5juda 3\u20135 minutit. Masseerige ja seej\u00e4rel kammige juuksed l\u00e4bi. Loputage hoolikalt.<\/p>\n<p>KOOSTIS: Aqua, Cetearyl Alcohol, Hydroxypropyl Starch Phosphate, Propylene Glycol, Behentrimonium Chloride, Quaternium-87, Parfum, Phenoxyethanol, Isopropyl Alcohol, Hydroxypropyl Guar Hydroxypropyltrimonium Chloride, Polyimide-1, Ethylhexylglycerin, Lactic Acid, Sodium PCA, Pyrus Communis Fruit Extract, Butylene Glycol, Saccharomyces\/Copper Ferment, Saccharomyces\/Iron Ferment, Saccharomyces\/Magnesium Ferment, Saccharomyces\/Silicon Ferment, Saccharomyces\/Zinc Ferment, Leuconostoc\/Radish Root Ferment Filtrate, Urtica Dioica Leaf Extract, Glycyrrhiza Glabra Root Extract, Quercus Robur Bark Extract, Glycine, Serine, Glutamic Acid, Aspartic Acid, Leucine, Alanine, Lysine, Arginine, Tyrosine, Phenylalanine, Proline, Threonine, Valine, Isoleucine, Sodium Benzoate, Histidine, Potassium Sorbate, Tetramethyl Acetyloctahydronaphthalenes, Limonene, Linalyl Acetate.<\/p>","protected":false},"excerpt":{"rendered":"<p>Tihendav ja paksust andev palsam, mis on loodud peenetele, \u00f5hukestele v\u00f5i k\u00fcpsetele juustele. Selle suure j\u00f5udlusega koostis harutab juuksed t\u00f5husalt lahti, toidab s\u00fcgavalt ja t\u00e4idab juuksekiudu, ilma juukseid raskeks tegemata. See suurendab juuksekarva paksust, parandades selle vastupidavust ja struktuuri. pH: 3,30 \u2013 4,00 Kasutamine: P\u00e4rast B.IO VOLUME Amplifying \u0161ampooniga pesemist kandke toode pikkustele ja otstele ning laske m\u00f5juda 3\u20135 minutit. [&hellip;]<\/p>\n","protected":false},"featured_media":2164,"template":"","meta":[],"pwb-brand":[90],"product_brand":[],"product_cat":[32],"product_tag":[],"class_list":{"0":"post-2163","1":"product","2":"type-product","3":"status-publish","4":"has-post-thumbnail","6":"pwb-brand-raywell","7":"product_cat-juustele","9":"first","10":"instock","11":"taxable","12":"shipping-taxable","13":"purchasable","14":"product-type-simple"},"yoast_head":"<!-- This site is optimized with the Yoast SEO plugin v27.3 - https:\/\/yoast.com\/product\/yoast-seo-wordpress\/ -->\n<title>Raywell Volume palsam \u00f5hukestele juustele 275ml - Glamico<\/title>\n<meta name=\"robots\" content=\"index, follow, max-snippet:-1, max-image-preview:large, max-video-preview:-1\" \/>\n<link rel=\"canonical\" href=\"https:\/\/glamico.ee\/en\/pood\/raywell-volume-conditioner-275ml\/\" \/>\n<meta property=\"og:locale\" content=\"en_US\" \/>\n<meta property=\"og:type\" content=\"article\" \/>\n<meta property=\"og:title\" content=\"Raywell Volume palsam \u00f5hukestele juustele 275ml - Glamico\" \/>\n<meta property=\"og:description\" content=\"Tihendav ja paksust andev palsam, mis on loodud peenetele, \u00f5hukestele v\u00f5i k\u00fcpsetele juustele. Selle suure j\u00f5udlusega koostis harutab juuksed t\u00f5husalt lahti, toidab s\u00fcgavalt ja t\u00e4idab juuksekiudu, ilma juukseid raskeks tegemata. See suurendab juuksekarva paksust, parandades selle vastupidavust ja struktuuri. pH: 3,30 \u2013 4,00 Kasutamine: P\u00e4rast B.IO VOLUME Amplifying \u0161ampooniga pesemist kandke toode pikkustele ja otstele ning laske m\u00f5juda 3\u20135 minutit. [&hellip;]\" \/>\n<meta property=\"og:url\" content=\"https:\/\/glamico.ee\/en\/pood\/raywell-volume-conditioner-275ml\/\" \/>\n<meta property=\"og:site_name\" content=\"Glamico\" \/>\n<meta property=\"article:modified_time\" content=\"2026-04-12T12:49:02+00:00\" \/>\n<meta property=\"og:image\" content=\"https:\/\/glamico.ee\/wp-content\/uploads\/2025\/12\/RAYWELL_BIO_VOLUME_CONDITIONER_275ML_8055954098322_RR629.png\" \/>\n\t<meta property=\"og:image:width\" content=\"845\" \/>\n\t<meta property=\"og:image:height\" content=\"1000\" \/>\n\t<meta property=\"og:image:type\" content=\"image\/png\" \/>\n<meta name=\"twitter:card\" content=\"summary_large_image\" \/>\n<meta name=\"twitter:label1\" content=\"Est. reading time\" \/>\n\t<meta name=\"twitter:data1\" content=\"1 minute\" \/>\n<script type=\"application\/ld+json\" class=\"yoast-schema-graph\">{\"@context\":\"https:\\\/\\\/schema.org\",\"@graph\":[{\"@type\":\"WebPage\",\"@id\":\"https:\\\/\\\/glamico.ee\\\/pood\\\/raywell-volume-conditioner-275ml\\\/\",\"url\":\"https:\\\/\\\/glamico.ee\\\/pood\\\/raywell-volume-conditioner-275ml\\\/\",\"name\":\"Raywell Volume palsam \u00f5hukestele juustele 275ml - Glamico\",\"isPartOf\":{\"@id\":\"https:\\\/\\\/glamico.ee\\\/#website\"},\"primaryImageOfPage\":{\"@id\":\"https:\\\/\\\/glamico.ee\\\/pood\\\/raywell-volume-conditioner-275ml\\\/#primaryimage\"},\"image\":{\"@id\":\"https:\\\/\\\/glamico.ee\\\/pood\\\/raywell-volume-conditioner-275ml\\\/#primaryimage\"},\"thumbnailUrl\":\"https:\\\/\\\/glamico.ee\\\/wp-content\\\/uploads\\\/2025\\\/12\\\/RAYWELL_BIO_VOLUME_CONDITIONER_275ML_8055954098322_RR629.png\",\"datePublished\":\"2025-12-01T13:31:00+00:00\",\"dateModified\":\"2026-04-12T12:49:02+00:00\",\"breadcrumb\":{\"@id\":\"https:\\\/\\\/glamico.ee\\\/pood\\\/raywell-volume-conditioner-275ml\\\/#breadcrumb\"},\"inLanguage\":\"en-US\",\"potentialAction\":[{\"@type\":\"ReadAction\",\"target\":[\"https:\\\/\\\/glamico.ee\\\/pood\\\/raywell-volume-conditioner-275ml\\\/\"]}]},{\"@type\":\"ImageObject\",\"inLanguage\":\"en-US\",\"@id\":\"https:\\\/\\\/glamico.ee\\\/pood\\\/raywell-volume-conditioner-275ml\\\/#primaryimage\",\"url\":\"https:\\\/\\\/glamico.ee\\\/wp-content\\\/uploads\\\/2025\\\/12\\\/RAYWELL_BIO_VOLUME_CONDITIONER_275ML_8055954098322_RR629.png\",\"contentUrl\":\"https:\\\/\\\/glamico.ee\\\/wp-content\\\/uploads\\\/2025\\\/12\\\/RAYWELL_BIO_VOLUME_CONDITIONER_275ML_8055954098322_RR629.png\",\"width\":845,\"height\":1000},{\"@type\":\"BreadcrumbList\",\"@id\":\"https:\\\/\\\/glamico.ee\\\/pood\\\/raywell-volume-conditioner-275ml\\\/#breadcrumb\",\"itemListElement\":[{\"@type\":\"ListItem\",\"position\":1,\"name\":\"Home\",\"item\":\"https:\\\/\\\/glamico.ee\\\/\"},{\"@type\":\"ListItem\",\"position\":2,\"name\":\"Pood\",\"item\":\"https:\\\/\\\/glamico.ee\\\/pood\\\/\"},{\"@type\":\"ListItem\",\"position\":3,\"name\":\"Raywell Volume palsam \u00f5hukestele juustele 275ml\"}]},{\"@type\":\"WebSite\",\"@id\":\"https:\\\/\\\/glamico.ee\\\/#website\",\"url\":\"https:\\\/\\\/glamico.ee\\\/\",\"name\":\"Glamico\",\"description\":\"Ilutooted\",\"publisher\":{\"@id\":\"https:\\\/\\\/glamico.ee\\\/#organization\"},\"potentialAction\":[{\"@type\":\"SearchAction\",\"target\":{\"@type\":\"EntryPoint\",\"urlTemplate\":\"https:\\\/\\\/glamico.ee\\\/?s={search_term_string}\"},\"query-input\":{\"@type\":\"PropertyValueSpecification\",\"valueRequired\":true,\"valueName\":\"search_term_string\"}}],\"inLanguage\":\"en-US\"},{\"@type\":\"Organization\",\"@id\":\"https:\\\/\\\/glamico.ee\\\/#organization\",\"name\":\"Glamico Baltics O\u00dc\",\"url\":\"https:\\\/\\\/glamico.ee\\\/\",\"logo\":{\"@type\":\"ImageObject\",\"inLanguage\":\"en-US\",\"@id\":\"https:\\\/\\\/glamico.ee\\\/#\\\/schema\\\/logo\\\/image\\\/\",\"url\":\"https:\\\/\\\/glamico.ee\\\/wp-content\\\/uploads\\\/2025\\\/11\\\/Glamico-1.png\",\"contentUrl\":\"https:\\\/\\\/glamico.ee\\\/wp-content\\\/uploads\\\/2025\\\/11\\\/Glamico-1.png\",\"width\":627,\"height\":400,\"caption\":\"Glamico Baltics O\u00dc\"},\"image\":{\"@id\":\"https:\\\/\\\/glamico.ee\\\/#\\\/schema\\\/logo\\\/image\\\/\"},\"sameAs\":[\"https:\\\/\\\/www.instagram.com\\\/glamico.ee\\\/\"]}]}<\/script>\n<!-- \/ Yoast SEO plugin. -->","yoast_head_json":{"title":"Raywell Volume palsam \u00f5hukestele juustele 275ml - Glamico","robots":{"index":"index","follow":"follow","max-snippet":"max-snippet:-1","max-image-preview":"max-image-preview:large","max-video-preview":"max-video-preview:-1"},"canonical":"https:\/\/glamico.ee\/en\/pood\/raywell-volume-conditioner-275ml\/","og_locale":"en_US","og_type":"article","og_title":"Raywell Volume palsam \u00f5hukestele juustele 275ml - Glamico","og_description":"Tihendav ja paksust andev palsam, mis on loodud peenetele, \u00f5hukestele v\u00f5i k\u00fcpsetele juustele. Selle suure j\u00f5udlusega koostis harutab juuksed t\u00f5husalt lahti, toidab s\u00fcgavalt ja t\u00e4idab juuksekiudu, ilma juukseid raskeks tegemata. See suurendab juuksekarva paksust, parandades selle vastupidavust ja struktuuri. pH: 3,30 \u2013 4,00 Kasutamine: P\u00e4rast B.IO VOLUME Amplifying \u0161ampooniga pesemist kandke toode pikkustele ja otstele ning laske m\u00f5juda 3\u20135 minutit. [&hellip;]","og_url":"https:\/\/glamico.ee\/en\/pood\/raywell-volume-conditioner-275ml\/","og_site_name":"Glamico","article_modified_time":"2026-04-12T12:49:02+00:00","og_image":[{"width":845,"height":1000,"url":"https:\/\/glamico.ee\/wp-content\/uploads\/2025\/12\/RAYWELL_BIO_VOLUME_CONDITIONER_275ML_8055954098322_RR629.png","type":"image\/png"}],"twitter_card":"summary_large_image","twitter_misc":{"Est. reading time":"1 minute"},"schema":{"@context":"https:\/\/schema.org","@graph":[{"@type":"WebPage","@id":"https:\/\/glamico.ee\/pood\/raywell-volume-conditioner-275ml\/","url":"https:\/\/glamico.ee\/pood\/raywell-volume-conditioner-275ml\/","name":"Raywell Volume palsam \u00f5hukestele juustele 275ml - Glamico","isPartOf":{"@id":"https:\/\/glamico.ee\/#website"},"primaryImageOfPage":{"@id":"https:\/\/glamico.ee\/pood\/raywell-volume-conditioner-275ml\/#primaryimage"},"image":{"@id":"https:\/\/glamico.ee\/pood\/raywell-volume-conditioner-275ml\/#primaryimage"},"thumbnailUrl":"https:\/\/glamico.ee\/wp-content\/uploads\/2025\/12\/RAYWELL_BIO_VOLUME_CONDITIONER_275ML_8055954098322_RR629.png","datePublished":"2025-12-01T13:31:00+00:00","dateModified":"2026-04-12T12:49:02+00:00","breadcrumb":{"@id":"https:\/\/glamico.ee\/pood\/raywell-volume-conditioner-275ml\/#breadcrumb"},"inLanguage":"en-US","potentialAction":[{"@type":"ReadAction","target":["https:\/\/glamico.ee\/pood\/raywell-volume-conditioner-275ml\/"]}]},{"@type":"ImageObject","inLanguage":"en-US","@id":"https:\/\/glamico.ee\/pood\/raywell-volume-conditioner-275ml\/#primaryimage","url":"https:\/\/glamico.ee\/wp-content\/uploads\/2025\/12\/RAYWELL_BIO_VOLUME_CONDITIONER_275ML_8055954098322_RR629.png","contentUrl":"https:\/\/glamico.ee\/wp-content\/uploads\/2025\/12\/RAYWELL_BIO_VOLUME_CONDITIONER_275ML_8055954098322_RR629.png","width":845,"height":1000},{"@type":"BreadcrumbList","@id":"https:\/\/glamico.ee\/pood\/raywell-volume-conditioner-275ml\/#breadcrumb","itemListElement":[{"@type":"ListItem","position":1,"name":"Home","item":"https:\/\/glamico.ee\/"},{"@type":"ListItem","position":2,"name":"Pood","item":"https:\/\/glamico.ee\/pood\/"},{"@type":"ListItem","position":3,"name":"Raywell Volume palsam \u00f5hukestele juustele 275ml"}]},{"@type":"WebSite","@id":"https:\/\/glamico.ee\/#website","url":"https:\/\/glamico.ee\/","name":"Glamico","description":"Ilutooted","publisher":{"@id":"https:\/\/glamico.ee\/#organization"},"potentialAction":[{"@type":"SearchAction","target":{"@type":"EntryPoint","urlTemplate":"https:\/\/glamico.ee\/?s={search_term_string}"},"query-input":{"@type":"PropertyValueSpecification","valueRequired":true,"valueName":"search_term_string"}}],"inLanguage":"en-US"},{"@type":"Organization","@id":"https:\/\/glamico.ee\/#organization","name":"Glamico Baltics O\u00dc","url":"https:\/\/glamico.ee\/","logo":{"@type":"ImageObject","inLanguage":"en-US","@id":"https:\/\/glamico.ee\/#\/schema\/logo\/image\/","url":"https:\/\/glamico.ee\/wp-content\/uploads\/2025\/11\/Glamico-1.png","contentUrl":"https:\/\/glamico.ee\/wp-content\/uploads\/2025\/11\/Glamico-1.png","width":627,"height":400,"caption":"Glamico Baltics O\u00dc"},"image":{"@id":"https:\/\/glamico.ee\/#\/schema\/logo\/image\/"},"sameAs":["https:\/\/www.instagram.com\/glamico.ee\/"]}]}},"brands":[{"id":90,"name":"Raywell","slug":"raywell"}],"_links":{"self":[{"href":"https:\/\/glamico.ee\/en\/wp-json\/wp\/v2\/product\/2163","targetHints":{"allow":["GET"]}}],"collection":[{"href":"https:\/\/glamico.ee\/en\/wp-json\/wp\/v2\/product"}],"about":[{"href":"https:\/\/glamico.ee\/en\/wp-json\/wp\/v2\/types\/product"}],"version-history":[{"count":2,"href":"https:\/\/glamico.ee\/en\/wp-json\/wp\/v2\/product\/2163\/revisions"}],"predecessor-version":[{"id":2614,"href":"https:\/\/glamico.ee\/en\/wp-json\/wp\/v2\/product\/2163\/revisions\/2614"}],"wp:featuredmedia":[{"embeddable":true,"href":"https:\/\/glamico.ee\/en\/wp-json\/wp\/v2\/media\/2164"}],"wp:attachment":[{"href":"https:\/\/glamico.ee\/en\/wp-json\/wp\/v2\/media?parent=2163"}],"wp:term":[{"taxonomy":"pwb-brand","embeddable":true,"href":"https:\/\/glamico.ee\/en\/wp-json\/wp\/v2\/pwb-brand?post=2163"},{"taxonomy":"product_brand","embeddable":true,"href":"https:\/\/glamico.ee\/en\/wp-json\/wp\/v2\/product_brand?post=2163"},{"taxonomy":"product_cat","embeddable":true,"href":"https:\/\/glamico.ee\/en\/wp-json\/wp\/v2\/product_cat?post=2163"},{"taxonomy":"product_tag","embeddable":true,"href":"https:\/\/glamico.ee\/en\/wp-json\/wp\/v2\/product_tag?post=2163"}],"curies":[{"name":"wp","href":"https:\/\/api.w.org\/{rel}","templated":true}]}}