{"id":2154,"date":"2025-12-01T15:01:20","date_gmt":"2025-12-01T13:01:20","guid":{"rendered":"https:\/\/glamico.ee\/?post_type=product&#038;p=2154"},"modified":"2026-04-12T14:43:36","modified_gmt":"2026-04-12T12:43:36","slug":"raywell-volume-sampoon-1000ml","status":"publish","type":"product","link":"https:\/\/glamico.ee\/en\/pood\/raywell-volume-sampoon-1000ml\/","title":{"rendered":"Raywell Volume \u0161ampoon \u00f5hukestele juustele 1000ml"},"content":{"rendered":"<p>Vol\u00fc\u00fcmi andev ja tihendav \u0161ampoon, mis on spetsiaalselt m\u00f5eldud \u00f5hukestele, peenetele v\u00f5i k\u00fcpsetele juustele. Selle koostis puhastab \u00f5rnalt, austades peanahka, suurendab juuksekiu paksust ja parandab selle struktuuri. pH: 4,80 \u2013 5,20<\/p>\n<p>Kasutamine: Kandke niisketele juustele, masseerige vahu tekkimiseni ja loputage hoolikalt. Vajadusel korrake. Optimaalsete tulemuste saavutamiseks j\u00e4tkake hooldust Amplifying Conditioner ja Spray toodetega.<\/p>\n<p>KOOSTIS: Aqua, Sodium C14-16 Olefin Sulfonate, Cocamidopropyl Betaine, Phenoxyethanol, Parfum, PEG-150 Distearate, PEG-40 Hydrogenated Castor Oil, Polyquaternium-10, Polyquaternium-11, Sodium Hydroxide, Lactic Acid, Ethylhexylglycerin, Polyimide-1, Ethyltrimonium Chloride Methacrylate\/Hydrolyzed Wheat Protein Copolymer, Butylene Glycol, Pentylene Glycol, Hydrolyzed Sodium Hyaluronate, Sodium Hyaluronate, Urtica Dioica Leaf Extract, Glycyrrhiza Glabra Root Extract, Quercus Robur Bark Extract, Glycerin, Saccharomyces Ferment Lysate Filtrate, Citric Acid, Hexyldecanol, Caprylic\/Capric Triglyceride, Lecithin, Ceramide NG, Polyglyceryl-10 Myristate, Sodium Benzoate, 1,2-Hexanediol, Potassium Sorbate, Tetramethyl Acetyloctahydronaphthalenes, Limonene, Linalyl Acetate.<\/p>","protected":false},"excerpt":{"rendered":"<p>Vol\u00fc\u00fcmi andev ja tihendav \u0161ampoon, mis on spetsiaalselt m\u00f5eldud \u00f5hukestele, peenetele v\u00f5i k\u00fcpsetele juustele. Selle koostis puhastab \u00f5rnalt, austades peanahka, suurendab juuksekiu paksust ja parandab selle struktuuri. pH: 4,80 \u2013 5,20 Kasutamine: Kandke niisketele juustele, masseerige vahu tekkimiseni ja loputage hoolikalt. Vajadusel korrake. Optimaalsete tulemuste saavutamiseks j\u00e4tkake hooldust Amplifying Conditioner ja Spray toodetega. KOOSTIS: Aqua, Sodium C14-16 Olefin Sulfonate, Cocamidopropyl [&hellip;]<\/p>\n","protected":false},"featured_media":2155,"template":"","meta":[],"pwb-brand":[90],"product_brand":[],"product_cat":[32],"product_tag":[],"class_list":{"0":"post-2154","1":"product","2":"type-product","3":"status-publish","4":"has-post-thumbnail","6":"pwb-brand-raywell","7":"product_cat-juustele","9":"first","10":"instock","11":"taxable","12":"shipping-taxable","13":"purchasable","14":"product-type-simple"},"yoast_head":"<!-- This site is optimized with the Yoast SEO plugin v27.3 - https:\/\/yoast.com\/product\/yoast-seo-wordpress\/ -->\n<title>Raywell Volume \u0161ampoon \u00f5hukestele juustele 1000ml - Glamico<\/title>\n<meta name=\"robots\" content=\"index, follow, max-snippet:-1, max-image-preview:large, max-video-preview:-1\" \/>\n<link rel=\"canonical\" href=\"https:\/\/glamico.ee\/en\/pood\/raywell-volume-sampoon-1000ml\/\" \/>\n<meta property=\"og:locale\" content=\"en_US\" \/>\n<meta property=\"og:type\" content=\"article\" \/>\n<meta property=\"og:title\" content=\"Raywell Volume \u0161ampoon \u00f5hukestele juustele 1000ml - Glamico\" \/>\n<meta property=\"og:description\" content=\"Vol\u00fc\u00fcmi andev ja tihendav \u0161ampoon, mis on spetsiaalselt m\u00f5eldud \u00f5hukestele, peenetele v\u00f5i k\u00fcpsetele juustele. Selle koostis puhastab \u00f5rnalt, austades peanahka, suurendab juuksekiu paksust ja parandab selle struktuuri. pH: 4,80 \u2013 5,20 Kasutamine: Kandke niisketele juustele, masseerige vahu tekkimiseni ja loputage hoolikalt. Vajadusel korrake. Optimaalsete tulemuste saavutamiseks j\u00e4tkake hooldust Amplifying Conditioner ja Spray toodetega. KOOSTIS: Aqua, Sodium C14-16 Olefin Sulfonate, Cocamidopropyl [&hellip;]\" \/>\n<meta property=\"og:url\" content=\"https:\/\/glamico.ee\/en\/pood\/raywell-volume-sampoon-1000ml\/\" \/>\n<meta property=\"og:site_name\" content=\"Glamico\" \/>\n<meta property=\"article:modified_time\" content=\"2026-04-12T12:43:36+00:00\" \/>\n<meta property=\"og:image\" content=\"https:\/\/glamico.ee\/wp-content\/uploads\/2025\/12\/RAYWELL_BIO_VOLUME_SH_1000ML_8055954098353_RR626.png\" \/>\n\t<meta property=\"og:image:width\" content=\"413\" \/>\n\t<meta property=\"og:image:height\" content=\"1000\" \/>\n\t<meta property=\"og:image:type\" content=\"image\/png\" \/>\n<meta name=\"twitter:card\" content=\"summary_large_image\" \/>\n<meta name=\"twitter:label1\" content=\"Est. reading time\" \/>\n\t<meta name=\"twitter:data1\" content=\"1 minute\" \/>\n<script type=\"application\/ld+json\" class=\"yoast-schema-graph\">{\"@context\":\"https:\\\/\\\/schema.org\",\"@graph\":[{\"@type\":\"WebPage\",\"@id\":\"https:\\\/\\\/glamico.ee\\\/pood\\\/raywell-volume-sampoon-1000ml\\\/\",\"url\":\"https:\\\/\\\/glamico.ee\\\/pood\\\/raywell-volume-sampoon-1000ml\\\/\",\"name\":\"Raywell Volume \u0161ampoon \u00f5hukestele juustele 1000ml - Glamico\",\"isPartOf\":{\"@id\":\"https:\\\/\\\/glamico.ee\\\/#website\"},\"primaryImageOfPage\":{\"@id\":\"https:\\\/\\\/glamico.ee\\\/pood\\\/raywell-volume-sampoon-1000ml\\\/#primaryimage\"},\"image\":{\"@id\":\"https:\\\/\\\/glamico.ee\\\/pood\\\/raywell-volume-sampoon-1000ml\\\/#primaryimage\"},\"thumbnailUrl\":\"https:\\\/\\\/glamico.ee\\\/wp-content\\\/uploads\\\/2025\\\/12\\\/RAYWELL_BIO_VOLUME_SH_1000ML_8055954098353_RR626.png\",\"datePublished\":\"2025-12-01T13:01:20+00:00\",\"dateModified\":\"2026-04-12T12:43:36+00:00\",\"breadcrumb\":{\"@id\":\"https:\\\/\\\/glamico.ee\\\/pood\\\/raywell-volume-sampoon-1000ml\\\/#breadcrumb\"},\"inLanguage\":\"en-US\",\"potentialAction\":[{\"@type\":\"ReadAction\",\"target\":[\"https:\\\/\\\/glamico.ee\\\/pood\\\/raywell-volume-sampoon-1000ml\\\/\"]}]},{\"@type\":\"ImageObject\",\"inLanguage\":\"en-US\",\"@id\":\"https:\\\/\\\/glamico.ee\\\/pood\\\/raywell-volume-sampoon-1000ml\\\/#primaryimage\",\"url\":\"https:\\\/\\\/glamico.ee\\\/wp-content\\\/uploads\\\/2025\\\/12\\\/RAYWELL_BIO_VOLUME_SH_1000ML_8055954098353_RR626.png\",\"contentUrl\":\"https:\\\/\\\/glamico.ee\\\/wp-content\\\/uploads\\\/2025\\\/12\\\/RAYWELL_BIO_VOLUME_SH_1000ML_8055954098353_RR626.png\",\"width\":413,\"height\":1000},{\"@type\":\"BreadcrumbList\",\"@id\":\"https:\\\/\\\/glamico.ee\\\/pood\\\/raywell-volume-sampoon-1000ml\\\/#breadcrumb\",\"itemListElement\":[{\"@type\":\"ListItem\",\"position\":1,\"name\":\"Home\",\"item\":\"https:\\\/\\\/glamico.ee\\\/\"},{\"@type\":\"ListItem\",\"position\":2,\"name\":\"Pood\",\"item\":\"https:\\\/\\\/glamico.ee\\\/pood\\\/\"},{\"@type\":\"ListItem\",\"position\":3,\"name\":\"Raywell Volume \u0161ampoon \u00f5hukestele juustele 1000ml\"}]},{\"@type\":\"WebSite\",\"@id\":\"https:\\\/\\\/glamico.ee\\\/#website\",\"url\":\"https:\\\/\\\/glamico.ee\\\/\",\"name\":\"Glamico\",\"description\":\"Ilutooted\",\"publisher\":{\"@id\":\"https:\\\/\\\/glamico.ee\\\/#organization\"},\"potentialAction\":[{\"@type\":\"SearchAction\",\"target\":{\"@type\":\"EntryPoint\",\"urlTemplate\":\"https:\\\/\\\/glamico.ee\\\/?s={search_term_string}\"},\"query-input\":{\"@type\":\"PropertyValueSpecification\",\"valueRequired\":true,\"valueName\":\"search_term_string\"}}],\"inLanguage\":\"en-US\"},{\"@type\":\"Organization\",\"@id\":\"https:\\\/\\\/glamico.ee\\\/#organization\",\"name\":\"Glamico Baltics O\u00dc\",\"url\":\"https:\\\/\\\/glamico.ee\\\/\",\"logo\":{\"@type\":\"ImageObject\",\"inLanguage\":\"en-US\",\"@id\":\"https:\\\/\\\/glamico.ee\\\/#\\\/schema\\\/logo\\\/image\\\/\",\"url\":\"https:\\\/\\\/glamico.ee\\\/wp-content\\\/uploads\\\/2025\\\/11\\\/Glamico-1.png\",\"contentUrl\":\"https:\\\/\\\/glamico.ee\\\/wp-content\\\/uploads\\\/2025\\\/11\\\/Glamico-1.png\",\"width\":627,\"height\":400,\"caption\":\"Glamico Baltics O\u00dc\"},\"image\":{\"@id\":\"https:\\\/\\\/glamico.ee\\\/#\\\/schema\\\/logo\\\/image\\\/\"},\"sameAs\":[\"https:\\\/\\\/www.instagram.com\\\/glamico.ee\\\/\"]}]}<\/script>\n<!-- \/ Yoast SEO plugin. -->","yoast_head_json":{"title":"Raywell Volume \u0161ampoon \u00f5hukestele juustele 1000ml - Glamico","robots":{"index":"index","follow":"follow","max-snippet":"max-snippet:-1","max-image-preview":"max-image-preview:large","max-video-preview":"max-video-preview:-1"},"canonical":"https:\/\/glamico.ee\/en\/pood\/raywell-volume-sampoon-1000ml\/","og_locale":"en_US","og_type":"article","og_title":"Raywell Volume \u0161ampoon \u00f5hukestele juustele 1000ml - Glamico","og_description":"Vol\u00fc\u00fcmi andev ja tihendav \u0161ampoon, mis on spetsiaalselt m\u00f5eldud \u00f5hukestele, peenetele v\u00f5i k\u00fcpsetele juustele. Selle koostis puhastab \u00f5rnalt, austades peanahka, suurendab juuksekiu paksust ja parandab selle struktuuri. pH: 4,80 \u2013 5,20 Kasutamine: Kandke niisketele juustele, masseerige vahu tekkimiseni ja loputage hoolikalt. Vajadusel korrake. Optimaalsete tulemuste saavutamiseks j\u00e4tkake hooldust Amplifying Conditioner ja Spray toodetega. KOOSTIS: Aqua, Sodium C14-16 Olefin Sulfonate, Cocamidopropyl [&hellip;]","og_url":"https:\/\/glamico.ee\/en\/pood\/raywell-volume-sampoon-1000ml\/","og_site_name":"Glamico","article_modified_time":"2026-04-12T12:43:36+00:00","og_image":[{"width":413,"height":1000,"url":"https:\/\/glamico.ee\/wp-content\/uploads\/2025\/12\/RAYWELL_BIO_VOLUME_SH_1000ML_8055954098353_RR626.png","type":"image\/png"}],"twitter_card":"summary_large_image","twitter_misc":{"Est. reading time":"1 minute"},"schema":{"@context":"https:\/\/schema.org","@graph":[{"@type":"WebPage","@id":"https:\/\/glamico.ee\/pood\/raywell-volume-sampoon-1000ml\/","url":"https:\/\/glamico.ee\/pood\/raywell-volume-sampoon-1000ml\/","name":"Raywell Volume \u0161ampoon \u00f5hukestele juustele 1000ml - Glamico","isPartOf":{"@id":"https:\/\/glamico.ee\/#website"},"primaryImageOfPage":{"@id":"https:\/\/glamico.ee\/pood\/raywell-volume-sampoon-1000ml\/#primaryimage"},"image":{"@id":"https:\/\/glamico.ee\/pood\/raywell-volume-sampoon-1000ml\/#primaryimage"},"thumbnailUrl":"https:\/\/glamico.ee\/wp-content\/uploads\/2025\/12\/RAYWELL_BIO_VOLUME_SH_1000ML_8055954098353_RR626.png","datePublished":"2025-12-01T13:01:20+00:00","dateModified":"2026-04-12T12:43:36+00:00","breadcrumb":{"@id":"https:\/\/glamico.ee\/pood\/raywell-volume-sampoon-1000ml\/#breadcrumb"},"inLanguage":"en-US","potentialAction":[{"@type":"ReadAction","target":["https:\/\/glamico.ee\/pood\/raywell-volume-sampoon-1000ml\/"]}]},{"@type":"ImageObject","inLanguage":"en-US","@id":"https:\/\/glamico.ee\/pood\/raywell-volume-sampoon-1000ml\/#primaryimage","url":"https:\/\/glamico.ee\/wp-content\/uploads\/2025\/12\/RAYWELL_BIO_VOLUME_SH_1000ML_8055954098353_RR626.png","contentUrl":"https:\/\/glamico.ee\/wp-content\/uploads\/2025\/12\/RAYWELL_BIO_VOLUME_SH_1000ML_8055954098353_RR626.png","width":413,"height":1000},{"@type":"BreadcrumbList","@id":"https:\/\/glamico.ee\/pood\/raywell-volume-sampoon-1000ml\/#breadcrumb","itemListElement":[{"@type":"ListItem","position":1,"name":"Home","item":"https:\/\/glamico.ee\/"},{"@type":"ListItem","position":2,"name":"Pood","item":"https:\/\/glamico.ee\/pood\/"},{"@type":"ListItem","position":3,"name":"Raywell Volume \u0161ampoon \u00f5hukestele juustele 1000ml"}]},{"@type":"WebSite","@id":"https:\/\/glamico.ee\/#website","url":"https:\/\/glamico.ee\/","name":"Glamico","description":"Ilutooted","publisher":{"@id":"https:\/\/glamico.ee\/#organization"},"potentialAction":[{"@type":"SearchAction","target":{"@type":"EntryPoint","urlTemplate":"https:\/\/glamico.ee\/?s={search_term_string}"},"query-input":{"@type":"PropertyValueSpecification","valueRequired":true,"valueName":"search_term_string"}}],"inLanguage":"en-US"},{"@type":"Organization","@id":"https:\/\/glamico.ee\/#organization","name":"Glamico Baltics O\u00dc","url":"https:\/\/glamico.ee\/","logo":{"@type":"ImageObject","inLanguage":"en-US","@id":"https:\/\/glamico.ee\/#\/schema\/logo\/image\/","url":"https:\/\/glamico.ee\/wp-content\/uploads\/2025\/11\/Glamico-1.png","contentUrl":"https:\/\/glamico.ee\/wp-content\/uploads\/2025\/11\/Glamico-1.png","width":627,"height":400,"caption":"Glamico Baltics O\u00dc"},"image":{"@id":"https:\/\/glamico.ee\/#\/schema\/logo\/image\/"},"sameAs":["https:\/\/www.instagram.com\/glamico.ee\/"]}]}},"brands":[{"id":90,"name":"Raywell","slug":"raywell"}],"_links":{"self":[{"href":"https:\/\/glamico.ee\/en\/wp-json\/wp\/v2\/product\/2154","targetHints":{"allow":["GET"]}}],"collection":[{"href":"https:\/\/glamico.ee\/en\/wp-json\/wp\/v2\/product"}],"about":[{"href":"https:\/\/glamico.ee\/en\/wp-json\/wp\/v2\/types\/product"}],"version-history":[{"count":2,"href":"https:\/\/glamico.ee\/en\/wp-json\/wp\/v2\/product\/2154\/revisions"}],"predecessor-version":[{"id":2611,"href":"https:\/\/glamico.ee\/en\/wp-json\/wp\/v2\/product\/2154\/revisions\/2611"}],"wp:featuredmedia":[{"embeddable":true,"href":"https:\/\/glamico.ee\/en\/wp-json\/wp\/v2\/media\/2155"}],"wp:attachment":[{"href":"https:\/\/glamico.ee\/en\/wp-json\/wp\/v2\/media?parent=2154"}],"wp:term":[{"taxonomy":"pwb-brand","embeddable":true,"href":"https:\/\/glamico.ee\/en\/wp-json\/wp\/v2\/pwb-brand?post=2154"},{"taxonomy":"product_brand","embeddable":true,"href":"https:\/\/glamico.ee\/en\/wp-json\/wp\/v2\/product_brand?post=2154"},{"taxonomy":"product_cat","embeddable":true,"href":"https:\/\/glamico.ee\/en\/wp-json\/wp\/v2\/product_cat?post=2154"},{"taxonomy":"product_tag","embeddable":true,"href":"https:\/\/glamico.ee\/en\/wp-json\/wp\/v2\/product_tag?post=2154"}],"curies":[{"name":"wp","href":"https:\/\/api.w.org\/{rel}","templated":true}]}}