{"id":2151,"date":"2025-12-01T14:52:58","date_gmt":"2025-12-01T12:52:58","guid":{"rendered":"https:\/\/glamico.ee\/?post_type=product&#038;p=2151"},"modified":"2026-04-12T14:38:26","modified_gmt":"2026-04-12T12:38:26","slug":"raywell-curly-kreem-lokkis-juustele-200ml","status":"publish","type":"product","link":"https:\/\/glamico.ee\/en\/pood\/raywell-curly-kreem-lokkis-juustele-200ml\/","title":{"rendered":"Raywell Curly kreem lokkis juustele 200ml"},"content":{"rendered":"<p>Juustesse j\u00e4etav kreem, mis on loodud lokkis ja laineliste juuste modelleerimiseks ja defineerimiseks. Selle koostis, mis on rikas niisutavate ja pehmendavate toimeainetega, parandab juuste elastsust, kontrollib kahu efekti ja tugevdab lokkide p\u00fcsivust. pH: 3,25 \u2013 3,75<\/p>\n<p>Kasutamine: Kandke \u00fchtlaselt niisketele juustele pikkustele ja otstele, seej\u00e4rel j\u00e4tkake difuuseriga kuivatamise v\u00f5i loomuliku kuivamisega.<\/p>\n<p>KOOSTIS: Aqua, Alcohol Denat., Cetearyl Alcohol, Polyquaternium-37, Polyquaternium-11, VP\/VA Copolymer, C13-15 Alkane, Phenoxyethanol, Propylene Glycol Dicaprylate\/Dicaprate, Polysorbate 20, Xylitylglucoside, Parfum, Anhydroxylitol, Xylitol, Ethylhexylglycerin, Helianthus Annuus Seed Oil, Lactic Acid, Pyrus Malus Fruit Extract, Tartaric Acid, Citric Acid, Citrus Limon Fruit Extract, Triticum Vulgare Bran Extract, Vitis Vinifera Skin Extract, Pelvetia Canaliculata Extract, Sodium Benzoate, Potassium Sorbate, Amyl Cinnamal, Hexamethylindanopyran, Linalyl Acetate, Linalool, Limonene, Terpineol.<\/p>","protected":false},"excerpt":{"rendered":"<p>Juustesse j\u00e4etav kreem, mis on loodud lokkis ja laineliste juuste modelleerimiseks ja defineerimiseks. Selle koostis, mis on rikas niisutavate ja pehmendavate toimeainetega, parandab juuste elastsust, kontrollib kahu efekti ja tugevdab lokkide p\u00fcsivust. pH: 3,25 \u2013 3,75 Kasutamine: Kandke \u00fchtlaselt niisketele juustele pikkustele ja otstele, seej\u00e4rel j\u00e4tkake difuuseriga kuivatamise v\u00f5i loomuliku kuivamisega. KOOSTIS: Aqua, Alcohol Denat., Cetearyl Alcohol, Polyquaternium-37, Polyquaternium-11, VP\/VA [&hellip;]<\/p>\n","protected":false},"featured_media":2152,"template":"","meta":[],"pwb-brand":[90],"product_brand":[],"product_cat":[32],"product_tag":[],"class_list":{"0":"post-2151","1":"product","2":"type-product","3":"status-publish","4":"has-post-thumbnail","6":"pwb-brand-raywell","7":"product_cat-juustele","9":"first","10":"instock","11":"taxable","12":"shipping-taxable","13":"purchasable","14":"product-type-simple"},"yoast_head":"<!-- This site is optimized with the Yoast SEO plugin v27.3 - https:\/\/yoast.com\/product\/yoast-seo-wordpress\/ -->\n<title>Raywell Curly kreem lokkis juustele 200ml - Glamico<\/title>\n<meta name=\"robots\" content=\"index, follow, max-snippet:-1, max-image-preview:large, max-video-preview:-1\" \/>\n<link rel=\"canonical\" href=\"https:\/\/glamico.ee\/en\/pood\/raywell-curly-kreem-lokkis-juustele-200ml\/\" \/>\n<meta property=\"og:locale\" content=\"en_US\" \/>\n<meta property=\"og:type\" content=\"article\" \/>\n<meta property=\"og:title\" content=\"Raywell Curly kreem lokkis juustele 200ml - Glamico\" \/>\n<meta property=\"og:description\" content=\"Juustesse j\u00e4etav kreem, mis on loodud lokkis ja laineliste juuste modelleerimiseks ja defineerimiseks. Selle koostis, mis on rikas niisutavate ja pehmendavate toimeainetega, parandab juuste elastsust, kontrollib kahu efekti ja tugevdab lokkide p\u00fcsivust. pH: 3,25 \u2013 3,75 Kasutamine: Kandke \u00fchtlaselt niisketele juustele pikkustele ja otstele, seej\u00e4rel j\u00e4tkake difuuseriga kuivatamise v\u00f5i loomuliku kuivamisega. KOOSTIS: Aqua, Alcohol Denat., Cetearyl Alcohol, Polyquaternium-37, Polyquaternium-11, VP\/VA [&hellip;]\" \/>\n<meta property=\"og:url\" content=\"https:\/\/glamico.ee\/en\/pood\/raywell-curly-kreem-lokkis-juustele-200ml\/\" \/>\n<meta property=\"og:site_name\" content=\"Glamico\" \/>\n<meta property=\"article:modified_time\" content=\"2026-04-12T12:38:26+00:00\" \/>\n<meta property=\"og:image\" content=\"https:\/\/glamico.ee\/wp-content\/uploads\/2025\/12\/RAYWELL_BIO_CURLY_CREAM_200ML_8055954098360_RR622.png\" \/>\n\t<meta property=\"og:image:width\" content=\"1000\" \/>\n\t<meta property=\"og:image:height\" content=\"1000\" \/>\n\t<meta property=\"og:image:type\" content=\"image\/png\" \/>\n<meta name=\"twitter:card\" content=\"summary_large_image\" \/>\n<meta name=\"twitter:label1\" content=\"Est. reading time\" \/>\n\t<meta name=\"twitter:data1\" content=\"1 minute\" \/>\n<script type=\"application\/ld+json\" class=\"yoast-schema-graph\">{\"@context\":\"https:\\\/\\\/schema.org\",\"@graph\":[{\"@type\":\"WebPage\",\"@id\":\"https:\\\/\\\/glamico.ee\\\/pood\\\/raywell-curly-kreem-lokkis-juustele-200ml\\\/\",\"url\":\"https:\\\/\\\/glamico.ee\\\/pood\\\/raywell-curly-kreem-lokkis-juustele-200ml\\\/\",\"name\":\"Raywell Curly kreem lokkis juustele 200ml - Glamico\",\"isPartOf\":{\"@id\":\"https:\\\/\\\/glamico.ee\\\/#website\"},\"primaryImageOfPage\":{\"@id\":\"https:\\\/\\\/glamico.ee\\\/pood\\\/raywell-curly-kreem-lokkis-juustele-200ml\\\/#primaryimage\"},\"image\":{\"@id\":\"https:\\\/\\\/glamico.ee\\\/pood\\\/raywell-curly-kreem-lokkis-juustele-200ml\\\/#primaryimage\"},\"thumbnailUrl\":\"https:\\\/\\\/glamico.ee\\\/wp-content\\\/uploads\\\/2025\\\/12\\\/RAYWELL_BIO_CURLY_CREAM_200ML_8055954098360_RR622.png\",\"datePublished\":\"2025-12-01T12:52:58+00:00\",\"dateModified\":\"2026-04-12T12:38:26+00:00\",\"breadcrumb\":{\"@id\":\"https:\\\/\\\/glamico.ee\\\/pood\\\/raywell-curly-kreem-lokkis-juustele-200ml\\\/#breadcrumb\"},\"inLanguage\":\"en-US\",\"potentialAction\":[{\"@type\":\"ReadAction\",\"target\":[\"https:\\\/\\\/glamico.ee\\\/pood\\\/raywell-curly-kreem-lokkis-juustele-200ml\\\/\"]}]},{\"@type\":\"ImageObject\",\"inLanguage\":\"en-US\",\"@id\":\"https:\\\/\\\/glamico.ee\\\/pood\\\/raywell-curly-kreem-lokkis-juustele-200ml\\\/#primaryimage\",\"url\":\"https:\\\/\\\/glamico.ee\\\/wp-content\\\/uploads\\\/2025\\\/12\\\/RAYWELL_BIO_CURLY_CREAM_200ML_8055954098360_RR622.png\",\"contentUrl\":\"https:\\\/\\\/glamico.ee\\\/wp-content\\\/uploads\\\/2025\\\/12\\\/RAYWELL_BIO_CURLY_CREAM_200ML_8055954098360_RR622.png\",\"width\":1000,\"height\":1000},{\"@type\":\"BreadcrumbList\",\"@id\":\"https:\\\/\\\/glamico.ee\\\/pood\\\/raywell-curly-kreem-lokkis-juustele-200ml\\\/#breadcrumb\",\"itemListElement\":[{\"@type\":\"ListItem\",\"position\":1,\"name\":\"Home\",\"item\":\"https:\\\/\\\/glamico.ee\\\/\"},{\"@type\":\"ListItem\",\"position\":2,\"name\":\"Pood\",\"item\":\"https:\\\/\\\/glamico.ee\\\/pood\\\/\"},{\"@type\":\"ListItem\",\"position\":3,\"name\":\"Raywell Curly kreem lokkis juustele 200ml\"}]},{\"@type\":\"WebSite\",\"@id\":\"https:\\\/\\\/glamico.ee\\\/#website\",\"url\":\"https:\\\/\\\/glamico.ee\\\/\",\"name\":\"Glamico\",\"description\":\"Ilutooted\",\"publisher\":{\"@id\":\"https:\\\/\\\/glamico.ee\\\/#organization\"},\"potentialAction\":[{\"@type\":\"SearchAction\",\"target\":{\"@type\":\"EntryPoint\",\"urlTemplate\":\"https:\\\/\\\/glamico.ee\\\/?s={search_term_string}\"},\"query-input\":{\"@type\":\"PropertyValueSpecification\",\"valueRequired\":true,\"valueName\":\"search_term_string\"}}],\"inLanguage\":\"en-US\"},{\"@type\":\"Organization\",\"@id\":\"https:\\\/\\\/glamico.ee\\\/#organization\",\"name\":\"Glamico Baltics O\u00dc\",\"url\":\"https:\\\/\\\/glamico.ee\\\/\",\"logo\":{\"@type\":\"ImageObject\",\"inLanguage\":\"en-US\",\"@id\":\"https:\\\/\\\/glamico.ee\\\/#\\\/schema\\\/logo\\\/image\\\/\",\"url\":\"https:\\\/\\\/glamico.ee\\\/wp-content\\\/uploads\\\/2025\\\/11\\\/Glamico-1.png\",\"contentUrl\":\"https:\\\/\\\/glamico.ee\\\/wp-content\\\/uploads\\\/2025\\\/11\\\/Glamico-1.png\",\"width\":627,\"height\":400,\"caption\":\"Glamico Baltics O\u00dc\"},\"image\":{\"@id\":\"https:\\\/\\\/glamico.ee\\\/#\\\/schema\\\/logo\\\/image\\\/\"},\"sameAs\":[\"https:\\\/\\\/www.instagram.com\\\/glamico.ee\\\/\"]}]}<\/script>\n<!-- \/ Yoast SEO plugin. -->","yoast_head_json":{"title":"Raywell Curly kreem lokkis juustele 200ml - Glamico","robots":{"index":"index","follow":"follow","max-snippet":"max-snippet:-1","max-image-preview":"max-image-preview:large","max-video-preview":"max-video-preview:-1"},"canonical":"https:\/\/glamico.ee\/en\/pood\/raywell-curly-kreem-lokkis-juustele-200ml\/","og_locale":"en_US","og_type":"article","og_title":"Raywell Curly kreem lokkis juustele 200ml - Glamico","og_description":"Juustesse j\u00e4etav kreem, mis on loodud lokkis ja laineliste juuste modelleerimiseks ja defineerimiseks. Selle koostis, mis on rikas niisutavate ja pehmendavate toimeainetega, parandab juuste elastsust, kontrollib kahu efekti ja tugevdab lokkide p\u00fcsivust. pH: 3,25 \u2013 3,75 Kasutamine: Kandke \u00fchtlaselt niisketele juustele pikkustele ja otstele, seej\u00e4rel j\u00e4tkake difuuseriga kuivatamise v\u00f5i loomuliku kuivamisega. KOOSTIS: Aqua, Alcohol Denat., Cetearyl Alcohol, Polyquaternium-37, Polyquaternium-11, VP\/VA [&hellip;]","og_url":"https:\/\/glamico.ee\/en\/pood\/raywell-curly-kreem-lokkis-juustele-200ml\/","og_site_name":"Glamico","article_modified_time":"2026-04-12T12:38:26+00:00","og_image":[{"width":1000,"height":1000,"url":"https:\/\/glamico.ee\/wp-content\/uploads\/2025\/12\/RAYWELL_BIO_CURLY_CREAM_200ML_8055954098360_RR622.png","type":"image\/png"}],"twitter_card":"summary_large_image","twitter_misc":{"Est. reading time":"1 minute"},"schema":{"@context":"https:\/\/schema.org","@graph":[{"@type":"WebPage","@id":"https:\/\/glamico.ee\/pood\/raywell-curly-kreem-lokkis-juustele-200ml\/","url":"https:\/\/glamico.ee\/pood\/raywell-curly-kreem-lokkis-juustele-200ml\/","name":"Raywell Curly kreem lokkis juustele 200ml - Glamico","isPartOf":{"@id":"https:\/\/glamico.ee\/#website"},"primaryImageOfPage":{"@id":"https:\/\/glamico.ee\/pood\/raywell-curly-kreem-lokkis-juustele-200ml\/#primaryimage"},"image":{"@id":"https:\/\/glamico.ee\/pood\/raywell-curly-kreem-lokkis-juustele-200ml\/#primaryimage"},"thumbnailUrl":"https:\/\/glamico.ee\/wp-content\/uploads\/2025\/12\/RAYWELL_BIO_CURLY_CREAM_200ML_8055954098360_RR622.png","datePublished":"2025-12-01T12:52:58+00:00","dateModified":"2026-04-12T12:38:26+00:00","breadcrumb":{"@id":"https:\/\/glamico.ee\/pood\/raywell-curly-kreem-lokkis-juustele-200ml\/#breadcrumb"},"inLanguage":"en-US","potentialAction":[{"@type":"ReadAction","target":["https:\/\/glamico.ee\/pood\/raywell-curly-kreem-lokkis-juustele-200ml\/"]}]},{"@type":"ImageObject","inLanguage":"en-US","@id":"https:\/\/glamico.ee\/pood\/raywell-curly-kreem-lokkis-juustele-200ml\/#primaryimage","url":"https:\/\/glamico.ee\/wp-content\/uploads\/2025\/12\/RAYWELL_BIO_CURLY_CREAM_200ML_8055954098360_RR622.png","contentUrl":"https:\/\/glamico.ee\/wp-content\/uploads\/2025\/12\/RAYWELL_BIO_CURLY_CREAM_200ML_8055954098360_RR622.png","width":1000,"height":1000},{"@type":"BreadcrumbList","@id":"https:\/\/glamico.ee\/pood\/raywell-curly-kreem-lokkis-juustele-200ml\/#breadcrumb","itemListElement":[{"@type":"ListItem","position":1,"name":"Home","item":"https:\/\/glamico.ee\/"},{"@type":"ListItem","position":2,"name":"Pood","item":"https:\/\/glamico.ee\/pood\/"},{"@type":"ListItem","position":3,"name":"Raywell Curly kreem lokkis juustele 200ml"}]},{"@type":"WebSite","@id":"https:\/\/glamico.ee\/#website","url":"https:\/\/glamico.ee\/","name":"Glamico","description":"Ilutooted","publisher":{"@id":"https:\/\/glamico.ee\/#organization"},"potentialAction":[{"@type":"SearchAction","target":{"@type":"EntryPoint","urlTemplate":"https:\/\/glamico.ee\/?s={search_term_string}"},"query-input":{"@type":"PropertyValueSpecification","valueRequired":true,"valueName":"search_term_string"}}],"inLanguage":"en-US"},{"@type":"Organization","@id":"https:\/\/glamico.ee\/#organization","name":"Glamico Baltics O\u00dc","url":"https:\/\/glamico.ee\/","logo":{"@type":"ImageObject","inLanguage":"en-US","@id":"https:\/\/glamico.ee\/#\/schema\/logo\/image\/","url":"https:\/\/glamico.ee\/wp-content\/uploads\/2025\/11\/Glamico-1.png","contentUrl":"https:\/\/glamico.ee\/wp-content\/uploads\/2025\/11\/Glamico-1.png","width":627,"height":400,"caption":"Glamico Baltics O\u00dc"},"image":{"@id":"https:\/\/glamico.ee\/#\/schema\/logo\/image\/"},"sameAs":["https:\/\/www.instagram.com\/glamico.ee\/"]}]}},"brands":[{"id":90,"name":"Raywell","slug":"raywell"}],"_links":{"self":[{"href":"https:\/\/glamico.ee\/en\/wp-json\/wp\/v2\/product\/2151","targetHints":{"allow":["GET"]}}],"collection":[{"href":"https:\/\/glamico.ee\/en\/wp-json\/wp\/v2\/product"}],"about":[{"href":"https:\/\/glamico.ee\/en\/wp-json\/wp\/v2\/types\/product"}],"version-history":[{"count":2,"href":"https:\/\/glamico.ee\/en\/wp-json\/wp\/v2\/product\/2151\/revisions"}],"predecessor-version":[{"id":2610,"href":"https:\/\/glamico.ee\/en\/wp-json\/wp\/v2\/product\/2151\/revisions\/2610"}],"wp:featuredmedia":[{"embeddable":true,"href":"https:\/\/glamico.ee\/en\/wp-json\/wp\/v2\/media\/2152"}],"wp:attachment":[{"href":"https:\/\/glamico.ee\/en\/wp-json\/wp\/v2\/media?parent=2151"}],"wp:term":[{"taxonomy":"pwb-brand","embeddable":true,"href":"https:\/\/glamico.ee\/en\/wp-json\/wp\/v2\/pwb-brand?post=2151"},{"taxonomy":"product_brand","embeddable":true,"href":"https:\/\/glamico.ee\/en\/wp-json\/wp\/v2\/product_brand?post=2151"},{"taxonomy":"product_cat","embeddable":true,"href":"https:\/\/glamico.ee\/en\/wp-json\/wp\/v2\/product_cat?post=2151"},{"taxonomy":"product_tag","embeddable":true,"href":"https:\/\/glamico.ee\/en\/wp-json\/wp\/v2\/product_tag?post=2151"}],"curies":[{"name":"wp","href":"https:\/\/api.w.org\/{rel}","templated":true}]}}