{"id":2145,"date":"2025-12-01T14:30:13","date_gmt":"2025-12-01T12:30:13","guid":{"rendered":"https:\/\/glamico.ee\/?post_type=product&#038;p=2145"},"modified":"2026-04-12T14:33:28","modified_gmt":"2026-04-12T12:33:28","slug":"raywell-curly-palsam-lokkis-juustele-1000ml","status":"publish","type":"product","link":"https:\/\/glamico.ee\/en\/pood\/raywell-curly-palsam-lokkis-juustele-1000ml\/","title":{"rendered":"Raywell Curly palsam lokkis juustele 1000ml"},"content":{"rendered":"<p>Spetsiaalne palsam lokkis ja lainelistele juustele, mis on loodud niisutamiseks, toitmiseks ja juuksekiu elastsuse parandamiseks. Selle distsiplineeriv toime h\u00f5lbustab kammimist ja aitab defineerida loki loomulikku kuju, v\u00f5ideldes samal ajal kahu tekkega. pH: 3,90 \u2013 4,30<\/p>\n<p>Kasutamine: P\u00e4rast B.IO CURLY Control \u0161ampooniga pesemist kandke toode pikkustele ja otstele ning laske m\u00f5juda 3\u20135 minutit. Masseerige ja seej\u00e4rel kammige juuksed l\u00e4bi. Loputage hoolikalt.<\/p>\n<p>KOOSTIS: Aqua, Cetearyl Alcohol, Isopropyl Myristate, Behentrimonium Chloride, Cetyl Alcohol, Glyceryl Stearate, Glycerin, Phenoxyethanol, Xylitylglucoside, Anhydroxylitol, Xylitol, Isopropyl Alcohol, Parfum, Amodimethicone, Maltitol, Butyrospermum Parkii Butter, Polyquaternium-10, Cocos Nucifera Oil, Helianthus Annuus Seed Oil, Niacinamide, Tocopheryl Acetate, Ethylhexylglycerin, Trideceth-12, Benzophenone-4, Lecithin, Lactic Acid, Ricinus Communis Seed Oil, Pyrus Malus Fruit Extract, Tartaric Acid, 1,2-Hexanediol, Citric Acid, Citrus Limon Fruit Extract, Sodium Hyaluronate, Triticum Vulgare Bran Extract, Vitis Vinifera Skin Extract, Hydroxypropyltrimonium Hyaluronate, Pelvetia Canaliculata Extract, Sodium Benzoate, Potassium Sorbate, Amyl Cinnamal, Hexamethylindanopyran, Linalyl Acetate.<\/p>","protected":false},"excerpt":{"rendered":"<p>Spetsiaalne palsam lokkis ja lainelistele juustele, mis on loodud niisutamiseks, toitmiseks ja juuksekiu elastsuse parandamiseks. Selle distsiplineeriv toime h\u00f5lbustab kammimist ja aitab defineerida loki loomulikku kuju, v\u00f5ideldes samal ajal kahu tekkega. pH: 3,90 \u2013 4,30 Kasutamine: P\u00e4rast B.IO CURLY Control \u0161ampooniga pesemist kandke toode pikkustele ja otstele ning laske m\u00f5juda 3\u20135 minutit. Masseerige ja seej\u00e4rel kammige juuksed l\u00e4bi. Loputage hoolikalt. [&hellip;]<\/p>\n","protected":false},"featured_media":2146,"template":"","meta":[],"pwb-brand":[90],"product_brand":[],"product_cat":[32],"product_tag":[],"class_list":{"0":"post-2145","1":"product","2":"type-product","3":"status-publish","4":"has-post-thumbnail","6":"pwb-brand-raywell","7":"product_cat-juustele","9":"first","10":"instock","11":"taxable","12":"shipping-taxable","13":"purchasable","14":"product-type-simple"},"yoast_head":"<!-- This site is optimized with the Yoast SEO plugin v27.3 - https:\/\/yoast.com\/product\/yoast-seo-wordpress\/ -->\n<title>Raywell Curly palsam lokkis juustele 1000ml - Glamico<\/title>\n<meta name=\"robots\" content=\"index, follow, max-snippet:-1, max-image-preview:large, max-video-preview:-1\" \/>\n<link rel=\"canonical\" href=\"https:\/\/glamico.ee\/en\/pood\/raywell-curly-palsam-lokkis-juustele-1000ml\/\" \/>\n<meta property=\"og:locale\" content=\"en_US\" \/>\n<meta property=\"og:type\" content=\"article\" \/>\n<meta property=\"og:title\" content=\"Raywell Curly palsam lokkis juustele 1000ml - Glamico\" \/>\n<meta property=\"og:description\" content=\"Spetsiaalne palsam lokkis ja lainelistele juustele, mis on loodud niisutamiseks, toitmiseks ja juuksekiu elastsuse parandamiseks. Selle distsiplineeriv toime h\u00f5lbustab kammimist ja aitab defineerida loki loomulikku kuju, v\u00f5ideldes samal ajal kahu tekkega. pH: 3,90 \u2013 4,30 Kasutamine: P\u00e4rast B.IO CURLY Control \u0161ampooniga pesemist kandke toode pikkustele ja otstele ning laske m\u00f5juda 3\u20135 minutit. Masseerige ja seej\u00e4rel kammige juuksed l\u00e4bi. Loputage hoolikalt. [&hellip;]\" \/>\n<meta property=\"og:url\" content=\"https:\/\/glamico.ee\/en\/pood\/raywell-curly-palsam-lokkis-juustele-1000ml\/\" \/>\n<meta property=\"og:site_name\" content=\"Glamico\" \/>\n<meta property=\"article:modified_time\" content=\"2026-04-12T12:33:28+00:00\" \/>\n<meta property=\"og:image\" content=\"https:\/\/glamico.ee\/wp-content\/uploads\/2025\/12\/RAYWELL_BIO_CURLY_CONDITIONER_1000ML_8055954098384_RR620.png\" \/>\n\t<meta property=\"og:image:width\" content=\"413\" \/>\n\t<meta property=\"og:image:height\" content=\"1000\" \/>\n\t<meta property=\"og:image:type\" content=\"image\/png\" \/>\n<meta name=\"twitter:card\" content=\"summary_large_image\" \/>\n<meta name=\"twitter:label1\" content=\"Est. reading time\" \/>\n\t<meta name=\"twitter:data1\" content=\"1 minute\" \/>\n<script type=\"application\/ld+json\" class=\"yoast-schema-graph\">{\"@context\":\"https:\\\/\\\/schema.org\",\"@graph\":[{\"@type\":\"WebPage\",\"@id\":\"https:\\\/\\\/glamico.ee\\\/pood\\\/raywell-curly-palsam-lokkis-juustele-1000ml\\\/\",\"url\":\"https:\\\/\\\/glamico.ee\\\/pood\\\/raywell-curly-palsam-lokkis-juustele-1000ml\\\/\",\"name\":\"Raywell Curly palsam lokkis juustele 1000ml - Glamico\",\"isPartOf\":{\"@id\":\"https:\\\/\\\/glamico.ee\\\/#website\"},\"primaryImageOfPage\":{\"@id\":\"https:\\\/\\\/glamico.ee\\\/pood\\\/raywell-curly-palsam-lokkis-juustele-1000ml\\\/#primaryimage\"},\"image\":{\"@id\":\"https:\\\/\\\/glamico.ee\\\/pood\\\/raywell-curly-palsam-lokkis-juustele-1000ml\\\/#primaryimage\"},\"thumbnailUrl\":\"https:\\\/\\\/glamico.ee\\\/wp-content\\\/uploads\\\/2025\\\/12\\\/RAYWELL_BIO_CURLY_CONDITIONER_1000ML_8055954098384_RR620.png\",\"datePublished\":\"2025-12-01T12:30:13+00:00\",\"dateModified\":\"2026-04-12T12:33:28+00:00\",\"breadcrumb\":{\"@id\":\"https:\\\/\\\/glamico.ee\\\/pood\\\/raywell-curly-palsam-lokkis-juustele-1000ml\\\/#breadcrumb\"},\"inLanguage\":\"en-US\",\"potentialAction\":[{\"@type\":\"ReadAction\",\"target\":[\"https:\\\/\\\/glamico.ee\\\/pood\\\/raywell-curly-palsam-lokkis-juustele-1000ml\\\/\"]}]},{\"@type\":\"ImageObject\",\"inLanguage\":\"en-US\",\"@id\":\"https:\\\/\\\/glamico.ee\\\/pood\\\/raywell-curly-palsam-lokkis-juustele-1000ml\\\/#primaryimage\",\"url\":\"https:\\\/\\\/glamico.ee\\\/wp-content\\\/uploads\\\/2025\\\/12\\\/RAYWELL_BIO_CURLY_CONDITIONER_1000ML_8055954098384_RR620.png\",\"contentUrl\":\"https:\\\/\\\/glamico.ee\\\/wp-content\\\/uploads\\\/2025\\\/12\\\/RAYWELL_BIO_CURLY_CONDITIONER_1000ML_8055954098384_RR620.png\",\"width\":413,\"height\":1000},{\"@type\":\"BreadcrumbList\",\"@id\":\"https:\\\/\\\/glamico.ee\\\/pood\\\/raywell-curly-palsam-lokkis-juustele-1000ml\\\/#breadcrumb\",\"itemListElement\":[{\"@type\":\"ListItem\",\"position\":1,\"name\":\"Home\",\"item\":\"https:\\\/\\\/glamico.ee\\\/\"},{\"@type\":\"ListItem\",\"position\":2,\"name\":\"Pood\",\"item\":\"https:\\\/\\\/glamico.ee\\\/pood\\\/\"},{\"@type\":\"ListItem\",\"position\":3,\"name\":\"Raywell Curly palsam lokkis juustele 1000ml\"}]},{\"@type\":\"WebSite\",\"@id\":\"https:\\\/\\\/glamico.ee\\\/#website\",\"url\":\"https:\\\/\\\/glamico.ee\\\/\",\"name\":\"Glamico\",\"description\":\"Ilutooted\",\"publisher\":{\"@id\":\"https:\\\/\\\/glamico.ee\\\/#organization\"},\"potentialAction\":[{\"@type\":\"SearchAction\",\"target\":{\"@type\":\"EntryPoint\",\"urlTemplate\":\"https:\\\/\\\/glamico.ee\\\/?s={search_term_string}\"},\"query-input\":{\"@type\":\"PropertyValueSpecification\",\"valueRequired\":true,\"valueName\":\"search_term_string\"}}],\"inLanguage\":\"en-US\"},{\"@type\":\"Organization\",\"@id\":\"https:\\\/\\\/glamico.ee\\\/#organization\",\"name\":\"Glamico Baltics O\u00dc\",\"url\":\"https:\\\/\\\/glamico.ee\\\/\",\"logo\":{\"@type\":\"ImageObject\",\"inLanguage\":\"en-US\",\"@id\":\"https:\\\/\\\/glamico.ee\\\/#\\\/schema\\\/logo\\\/image\\\/\",\"url\":\"https:\\\/\\\/glamico.ee\\\/wp-content\\\/uploads\\\/2025\\\/11\\\/Glamico-1.png\",\"contentUrl\":\"https:\\\/\\\/glamico.ee\\\/wp-content\\\/uploads\\\/2025\\\/11\\\/Glamico-1.png\",\"width\":627,\"height\":400,\"caption\":\"Glamico Baltics O\u00dc\"},\"image\":{\"@id\":\"https:\\\/\\\/glamico.ee\\\/#\\\/schema\\\/logo\\\/image\\\/\"},\"sameAs\":[\"https:\\\/\\\/www.instagram.com\\\/glamico.ee\\\/\"]}]}<\/script>\n<!-- \/ Yoast SEO plugin. -->","yoast_head_json":{"title":"Raywell Curly palsam lokkis juustele 1000ml - Glamico","robots":{"index":"index","follow":"follow","max-snippet":"max-snippet:-1","max-image-preview":"max-image-preview:large","max-video-preview":"max-video-preview:-1"},"canonical":"https:\/\/glamico.ee\/en\/pood\/raywell-curly-palsam-lokkis-juustele-1000ml\/","og_locale":"en_US","og_type":"article","og_title":"Raywell Curly palsam lokkis juustele 1000ml - Glamico","og_description":"Spetsiaalne palsam lokkis ja lainelistele juustele, mis on loodud niisutamiseks, toitmiseks ja juuksekiu elastsuse parandamiseks. Selle distsiplineeriv toime h\u00f5lbustab kammimist ja aitab defineerida loki loomulikku kuju, v\u00f5ideldes samal ajal kahu tekkega. pH: 3,90 \u2013 4,30 Kasutamine: P\u00e4rast B.IO CURLY Control \u0161ampooniga pesemist kandke toode pikkustele ja otstele ning laske m\u00f5juda 3\u20135 minutit. Masseerige ja seej\u00e4rel kammige juuksed l\u00e4bi. Loputage hoolikalt. [&hellip;]","og_url":"https:\/\/glamico.ee\/en\/pood\/raywell-curly-palsam-lokkis-juustele-1000ml\/","og_site_name":"Glamico","article_modified_time":"2026-04-12T12:33:28+00:00","og_image":[{"width":413,"height":1000,"url":"https:\/\/glamico.ee\/wp-content\/uploads\/2025\/12\/RAYWELL_BIO_CURLY_CONDITIONER_1000ML_8055954098384_RR620.png","type":"image\/png"}],"twitter_card":"summary_large_image","twitter_misc":{"Est. reading time":"1 minute"},"schema":{"@context":"https:\/\/schema.org","@graph":[{"@type":"WebPage","@id":"https:\/\/glamico.ee\/pood\/raywell-curly-palsam-lokkis-juustele-1000ml\/","url":"https:\/\/glamico.ee\/pood\/raywell-curly-palsam-lokkis-juustele-1000ml\/","name":"Raywell Curly palsam lokkis juustele 1000ml - Glamico","isPartOf":{"@id":"https:\/\/glamico.ee\/#website"},"primaryImageOfPage":{"@id":"https:\/\/glamico.ee\/pood\/raywell-curly-palsam-lokkis-juustele-1000ml\/#primaryimage"},"image":{"@id":"https:\/\/glamico.ee\/pood\/raywell-curly-palsam-lokkis-juustele-1000ml\/#primaryimage"},"thumbnailUrl":"https:\/\/glamico.ee\/wp-content\/uploads\/2025\/12\/RAYWELL_BIO_CURLY_CONDITIONER_1000ML_8055954098384_RR620.png","datePublished":"2025-12-01T12:30:13+00:00","dateModified":"2026-04-12T12:33:28+00:00","breadcrumb":{"@id":"https:\/\/glamico.ee\/pood\/raywell-curly-palsam-lokkis-juustele-1000ml\/#breadcrumb"},"inLanguage":"en-US","potentialAction":[{"@type":"ReadAction","target":["https:\/\/glamico.ee\/pood\/raywell-curly-palsam-lokkis-juustele-1000ml\/"]}]},{"@type":"ImageObject","inLanguage":"en-US","@id":"https:\/\/glamico.ee\/pood\/raywell-curly-palsam-lokkis-juustele-1000ml\/#primaryimage","url":"https:\/\/glamico.ee\/wp-content\/uploads\/2025\/12\/RAYWELL_BIO_CURLY_CONDITIONER_1000ML_8055954098384_RR620.png","contentUrl":"https:\/\/glamico.ee\/wp-content\/uploads\/2025\/12\/RAYWELL_BIO_CURLY_CONDITIONER_1000ML_8055954098384_RR620.png","width":413,"height":1000},{"@type":"BreadcrumbList","@id":"https:\/\/glamico.ee\/pood\/raywell-curly-palsam-lokkis-juustele-1000ml\/#breadcrumb","itemListElement":[{"@type":"ListItem","position":1,"name":"Home","item":"https:\/\/glamico.ee\/"},{"@type":"ListItem","position":2,"name":"Pood","item":"https:\/\/glamico.ee\/pood\/"},{"@type":"ListItem","position":3,"name":"Raywell Curly palsam lokkis juustele 1000ml"}]},{"@type":"WebSite","@id":"https:\/\/glamico.ee\/#website","url":"https:\/\/glamico.ee\/","name":"Glamico","description":"Ilutooted","publisher":{"@id":"https:\/\/glamico.ee\/#organization"},"potentialAction":[{"@type":"SearchAction","target":{"@type":"EntryPoint","urlTemplate":"https:\/\/glamico.ee\/?s={search_term_string}"},"query-input":{"@type":"PropertyValueSpecification","valueRequired":true,"valueName":"search_term_string"}}],"inLanguage":"en-US"},{"@type":"Organization","@id":"https:\/\/glamico.ee\/#organization","name":"Glamico Baltics O\u00dc","url":"https:\/\/glamico.ee\/","logo":{"@type":"ImageObject","inLanguage":"en-US","@id":"https:\/\/glamico.ee\/#\/schema\/logo\/image\/","url":"https:\/\/glamico.ee\/wp-content\/uploads\/2025\/11\/Glamico-1.png","contentUrl":"https:\/\/glamico.ee\/wp-content\/uploads\/2025\/11\/Glamico-1.png","width":627,"height":400,"caption":"Glamico Baltics O\u00dc"},"image":{"@id":"https:\/\/glamico.ee\/#\/schema\/logo\/image\/"},"sameAs":["https:\/\/www.instagram.com\/glamico.ee\/"]}]}},"brands":[{"id":90,"name":"Raywell","slug":"raywell"}],"_links":{"self":[{"href":"https:\/\/glamico.ee\/en\/wp-json\/wp\/v2\/product\/2145","targetHints":{"allow":["GET"]}}],"collection":[{"href":"https:\/\/glamico.ee\/en\/wp-json\/wp\/v2\/product"}],"about":[{"href":"https:\/\/glamico.ee\/en\/wp-json\/wp\/v2\/types\/product"}],"version-history":[{"count":2,"href":"https:\/\/glamico.ee\/en\/wp-json\/wp\/v2\/product\/2145\/revisions"}],"predecessor-version":[{"id":2609,"href":"https:\/\/glamico.ee\/en\/wp-json\/wp\/v2\/product\/2145\/revisions\/2609"}],"wp:featuredmedia":[{"embeddable":true,"href":"https:\/\/glamico.ee\/en\/wp-json\/wp\/v2\/media\/2146"}],"wp:attachment":[{"href":"https:\/\/glamico.ee\/en\/wp-json\/wp\/v2\/media?parent=2145"}],"wp:term":[{"taxonomy":"pwb-brand","embeddable":true,"href":"https:\/\/glamico.ee\/en\/wp-json\/wp\/v2\/pwb-brand?post=2145"},{"taxonomy":"product_brand","embeddable":true,"href":"https:\/\/glamico.ee\/en\/wp-json\/wp\/v2\/product_brand?post=2145"},{"taxonomy":"product_cat","embeddable":true,"href":"https:\/\/glamico.ee\/en\/wp-json\/wp\/v2\/product_cat?post=2145"},{"taxonomy":"product_tag","embeddable":true,"href":"https:\/\/glamico.ee\/en\/wp-json\/wp\/v2\/product_tag?post=2145"}],"curies":[{"name":"wp","href":"https:\/\/api.w.org\/{rel}","templated":true}]}}