{"id":2142,"date":"2025-12-01T14:23:41","date_gmt":"2025-12-01T12:23:41","guid":{"rendered":"https:\/\/glamico.ee\/?post_type=product&#038;p=2142"},"modified":"2026-04-12T14:26:46","modified_gmt":"2026-04-12T12:26:46","slug":"raywell-curly-sampoon-lokkis-juustele-275ml","status":"publish","type":"product","link":"https:\/\/glamico.ee\/en\/pood\/raywell-curly-sampoon-lokkis-juustele-275ml\/","title":{"rendered":"Raywell Curly \u0161ampoon lokkis juustele 275ml"},"content":{"rendered":"<p>\u0160ampoon on loodud lokkis ja laineliste juuste \u00f5rnaks puhastamiseks. Rikastatud pehmendavate ja niisutavate toimeainetega, s\u00e4ilitab see peanaha tasakaalu ja loki loomuliku struktuuri. See aitab v\u00f5idelda kahu vastu, parandab juuksekiu elastsust ning soodustab pehmet ja kauakestvat loki defineerimist. pH: 5,00 \u2013 5,50<\/p>\n<p>Kasutamine: Kandke niisketele juustele, masseerige vahu tekkimiseni ja loputage hoolikalt. Vajadusel korrake.<\/p>\n<p>KOOSTIS: Aqua, Sodium C14-16 Olefin Sulfonate, Cocamidopropyl Betaine, Sodium Chloride, Decyl Glucoside, Glycol Distearate, Xylitylglucoside, Anhydroxylitol, Xylitol, Glycerin, Aloe Barbadensis Leaf Juice, Parfum, Maltitol, Guar Hydroxypropyltrimonium Chloride, Sodium Benzoate, Polyquaternium-10, Citric Acid, Panthenol, Potassium Sorbate, Niacinamide, Propylene Glycol, Benzophenone-4, Tocopheryl Acetate, Sodium Lactate, Sodium Hydroxide, Cocos Nucifera Oil, Helianthus Annuus Seed Oil, Butyrospermum Parkii Butter, Lecithin, Pyrus Malus Fruit Extract, Tartaric Acid, Citrus Limon Fruit Extract, Sodium Hyaluronate, Triticum Vulgare Bran Extract, Vitis Vinifera Skin Extract, Pelvetia Canaliculata Extract, Hydroxypropyltrimonium Hyaluronate, Amyl Cinnamal, Hexamethylindanopyran, Linalyl Acetate.<\/p>","protected":false},"excerpt":{"rendered":"<p>\u0160ampoon on loodud lokkis ja laineliste juuste \u00f5rnaks puhastamiseks. Rikastatud pehmendavate ja niisutavate toimeainetega, s\u00e4ilitab see peanaha tasakaalu ja loki loomuliku struktuuri. See aitab v\u00f5idelda kahu vastu, parandab juuksekiu elastsust ning soodustab pehmet ja kauakestvat loki defineerimist. pH: 5,00 \u2013 5,50 Kasutamine: Kandke niisketele juustele, masseerige vahu tekkimiseni ja loputage hoolikalt. Vajadusel korrake. KOOSTIS: Aqua, Sodium C14-16 Olefin Sulfonate, Cocamidopropyl [&hellip;]<\/p>\n","protected":false},"featured_media":2143,"template":"","meta":[],"pwb-brand":[90],"product_brand":[],"product_cat":[32],"product_tag":[],"class_list":{"0":"post-2142","1":"product","2":"type-product","3":"status-publish","4":"has-post-thumbnail","6":"pwb-brand-raywell","7":"product_cat-juustele","9":"first","10":"instock","11":"taxable","12":"shipping-taxable","13":"purchasable","14":"product-type-simple"},"yoast_head":"<!-- This site is optimized with the Yoast SEO plugin v27.3 - https:\/\/yoast.com\/product\/yoast-seo-wordpress\/ -->\n<title>Raywell Curly \u0161ampoon lokkis juustele 275ml - Glamico<\/title>\n<meta name=\"robots\" content=\"index, follow, max-snippet:-1, max-image-preview:large, max-video-preview:-1\" \/>\n<link rel=\"canonical\" href=\"https:\/\/glamico.ee\/en\/pood\/raywell-curly-sampoon-lokkis-juustele-275ml\/\" \/>\n<meta property=\"og:locale\" content=\"en_US\" \/>\n<meta property=\"og:type\" content=\"article\" \/>\n<meta property=\"og:title\" content=\"Raywell Curly \u0161ampoon lokkis juustele 275ml - Glamico\" \/>\n<meta property=\"og:description\" content=\"\u0160ampoon on loodud lokkis ja laineliste juuste \u00f5rnaks puhastamiseks. Rikastatud pehmendavate ja niisutavate toimeainetega, s\u00e4ilitab see peanaha tasakaalu ja loki loomuliku struktuuri. See aitab v\u00f5idelda kahu vastu, parandab juuksekiu elastsust ning soodustab pehmet ja kauakestvat loki defineerimist. pH: 5,00 \u2013 5,50 Kasutamine: Kandke niisketele juustele, masseerige vahu tekkimiseni ja loputage hoolikalt. Vajadusel korrake. KOOSTIS: Aqua, Sodium C14-16 Olefin Sulfonate, Cocamidopropyl [&hellip;]\" \/>\n<meta property=\"og:url\" content=\"https:\/\/glamico.ee\/en\/pood\/raywell-curly-sampoon-lokkis-juustele-275ml\/\" \/>\n<meta property=\"og:site_name\" content=\"Glamico\" \/>\n<meta property=\"article:modified_time\" content=\"2026-04-12T12:26:46+00:00\" \/>\n<meta property=\"og:image\" content=\"https:\/\/glamico.ee\/wp-content\/uploads\/2025\/12\/RAYWELL_BIO_CURLY_SH_275ML_8055954098391_RR619.png\" \/>\n\t<meta property=\"og:image:width\" content=\"845\" \/>\n\t<meta property=\"og:image:height\" content=\"1000\" \/>\n\t<meta property=\"og:image:type\" content=\"image\/png\" \/>\n<meta name=\"twitter:card\" content=\"summary_large_image\" \/>\n<meta name=\"twitter:label1\" content=\"Est. reading time\" \/>\n\t<meta name=\"twitter:data1\" content=\"1 minute\" \/>\n<script type=\"application\/ld+json\" class=\"yoast-schema-graph\">{\"@context\":\"https:\\\/\\\/schema.org\",\"@graph\":[{\"@type\":\"WebPage\",\"@id\":\"https:\\\/\\\/glamico.ee\\\/pood\\\/raywell-curly-sampoon-lokkis-juustele-275ml\\\/\",\"url\":\"https:\\\/\\\/glamico.ee\\\/pood\\\/raywell-curly-sampoon-lokkis-juustele-275ml\\\/\",\"name\":\"Raywell Curly \u0161ampoon lokkis juustele 275ml - Glamico\",\"isPartOf\":{\"@id\":\"https:\\\/\\\/glamico.ee\\\/#website\"},\"primaryImageOfPage\":{\"@id\":\"https:\\\/\\\/glamico.ee\\\/pood\\\/raywell-curly-sampoon-lokkis-juustele-275ml\\\/#primaryimage\"},\"image\":{\"@id\":\"https:\\\/\\\/glamico.ee\\\/pood\\\/raywell-curly-sampoon-lokkis-juustele-275ml\\\/#primaryimage\"},\"thumbnailUrl\":\"https:\\\/\\\/glamico.ee\\\/wp-content\\\/uploads\\\/2025\\\/12\\\/RAYWELL_BIO_CURLY_SH_275ML_8055954098391_RR619.png\",\"datePublished\":\"2025-12-01T12:23:41+00:00\",\"dateModified\":\"2026-04-12T12:26:46+00:00\",\"breadcrumb\":{\"@id\":\"https:\\\/\\\/glamico.ee\\\/pood\\\/raywell-curly-sampoon-lokkis-juustele-275ml\\\/#breadcrumb\"},\"inLanguage\":\"en-US\",\"potentialAction\":[{\"@type\":\"ReadAction\",\"target\":[\"https:\\\/\\\/glamico.ee\\\/pood\\\/raywell-curly-sampoon-lokkis-juustele-275ml\\\/\"]}]},{\"@type\":\"ImageObject\",\"inLanguage\":\"en-US\",\"@id\":\"https:\\\/\\\/glamico.ee\\\/pood\\\/raywell-curly-sampoon-lokkis-juustele-275ml\\\/#primaryimage\",\"url\":\"https:\\\/\\\/glamico.ee\\\/wp-content\\\/uploads\\\/2025\\\/12\\\/RAYWELL_BIO_CURLY_SH_275ML_8055954098391_RR619.png\",\"contentUrl\":\"https:\\\/\\\/glamico.ee\\\/wp-content\\\/uploads\\\/2025\\\/12\\\/RAYWELL_BIO_CURLY_SH_275ML_8055954098391_RR619.png\",\"width\":845,\"height\":1000},{\"@type\":\"BreadcrumbList\",\"@id\":\"https:\\\/\\\/glamico.ee\\\/pood\\\/raywell-curly-sampoon-lokkis-juustele-275ml\\\/#breadcrumb\",\"itemListElement\":[{\"@type\":\"ListItem\",\"position\":1,\"name\":\"Home\",\"item\":\"https:\\\/\\\/glamico.ee\\\/\"},{\"@type\":\"ListItem\",\"position\":2,\"name\":\"Pood\",\"item\":\"https:\\\/\\\/glamico.ee\\\/pood\\\/\"},{\"@type\":\"ListItem\",\"position\":3,\"name\":\"Raywell Curly \u0161ampoon lokkis juustele 275ml\"}]},{\"@type\":\"WebSite\",\"@id\":\"https:\\\/\\\/glamico.ee\\\/#website\",\"url\":\"https:\\\/\\\/glamico.ee\\\/\",\"name\":\"Glamico\",\"description\":\"Ilutooted\",\"publisher\":{\"@id\":\"https:\\\/\\\/glamico.ee\\\/#organization\"},\"potentialAction\":[{\"@type\":\"SearchAction\",\"target\":{\"@type\":\"EntryPoint\",\"urlTemplate\":\"https:\\\/\\\/glamico.ee\\\/?s={search_term_string}\"},\"query-input\":{\"@type\":\"PropertyValueSpecification\",\"valueRequired\":true,\"valueName\":\"search_term_string\"}}],\"inLanguage\":\"en-US\"},{\"@type\":\"Organization\",\"@id\":\"https:\\\/\\\/glamico.ee\\\/#organization\",\"name\":\"Glamico Baltics O\u00dc\",\"url\":\"https:\\\/\\\/glamico.ee\\\/\",\"logo\":{\"@type\":\"ImageObject\",\"inLanguage\":\"en-US\",\"@id\":\"https:\\\/\\\/glamico.ee\\\/#\\\/schema\\\/logo\\\/image\\\/\",\"url\":\"https:\\\/\\\/glamico.ee\\\/wp-content\\\/uploads\\\/2025\\\/11\\\/Glamico-1.png\",\"contentUrl\":\"https:\\\/\\\/glamico.ee\\\/wp-content\\\/uploads\\\/2025\\\/11\\\/Glamico-1.png\",\"width\":627,\"height\":400,\"caption\":\"Glamico Baltics O\u00dc\"},\"image\":{\"@id\":\"https:\\\/\\\/glamico.ee\\\/#\\\/schema\\\/logo\\\/image\\\/\"},\"sameAs\":[\"https:\\\/\\\/www.instagram.com\\\/glamico.ee\\\/\"]}]}<\/script>\n<!-- \/ Yoast SEO plugin. -->","yoast_head_json":{"title":"Raywell Curly \u0161ampoon lokkis juustele 275ml - Glamico","robots":{"index":"index","follow":"follow","max-snippet":"max-snippet:-1","max-image-preview":"max-image-preview:large","max-video-preview":"max-video-preview:-1"},"canonical":"https:\/\/glamico.ee\/en\/pood\/raywell-curly-sampoon-lokkis-juustele-275ml\/","og_locale":"en_US","og_type":"article","og_title":"Raywell Curly \u0161ampoon lokkis juustele 275ml - Glamico","og_description":"\u0160ampoon on loodud lokkis ja laineliste juuste \u00f5rnaks puhastamiseks. Rikastatud pehmendavate ja niisutavate toimeainetega, s\u00e4ilitab see peanaha tasakaalu ja loki loomuliku struktuuri. See aitab v\u00f5idelda kahu vastu, parandab juuksekiu elastsust ning soodustab pehmet ja kauakestvat loki defineerimist. pH: 5,00 \u2013 5,50 Kasutamine: Kandke niisketele juustele, masseerige vahu tekkimiseni ja loputage hoolikalt. Vajadusel korrake. KOOSTIS: Aqua, Sodium C14-16 Olefin Sulfonate, Cocamidopropyl [&hellip;]","og_url":"https:\/\/glamico.ee\/en\/pood\/raywell-curly-sampoon-lokkis-juustele-275ml\/","og_site_name":"Glamico","article_modified_time":"2026-04-12T12:26:46+00:00","og_image":[{"width":845,"height":1000,"url":"https:\/\/glamico.ee\/wp-content\/uploads\/2025\/12\/RAYWELL_BIO_CURLY_SH_275ML_8055954098391_RR619.png","type":"image\/png"}],"twitter_card":"summary_large_image","twitter_misc":{"Est. reading time":"1 minute"},"schema":{"@context":"https:\/\/schema.org","@graph":[{"@type":"WebPage","@id":"https:\/\/glamico.ee\/pood\/raywell-curly-sampoon-lokkis-juustele-275ml\/","url":"https:\/\/glamico.ee\/pood\/raywell-curly-sampoon-lokkis-juustele-275ml\/","name":"Raywell Curly \u0161ampoon lokkis juustele 275ml - Glamico","isPartOf":{"@id":"https:\/\/glamico.ee\/#website"},"primaryImageOfPage":{"@id":"https:\/\/glamico.ee\/pood\/raywell-curly-sampoon-lokkis-juustele-275ml\/#primaryimage"},"image":{"@id":"https:\/\/glamico.ee\/pood\/raywell-curly-sampoon-lokkis-juustele-275ml\/#primaryimage"},"thumbnailUrl":"https:\/\/glamico.ee\/wp-content\/uploads\/2025\/12\/RAYWELL_BIO_CURLY_SH_275ML_8055954098391_RR619.png","datePublished":"2025-12-01T12:23:41+00:00","dateModified":"2026-04-12T12:26:46+00:00","breadcrumb":{"@id":"https:\/\/glamico.ee\/pood\/raywell-curly-sampoon-lokkis-juustele-275ml\/#breadcrumb"},"inLanguage":"en-US","potentialAction":[{"@type":"ReadAction","target":["https:\/\/glamico.ee\/pood\/raywell-curly-sampoon-lokkis-juustele-275ml\/"]}]},{"@type":"ImageObject","inLanguage":"en-US","@id":"https:\/\/glamico.ee\/pood\/raywell-curly-sampoon-lokkis-juustele-275ml\/#primaryimage","url":"https:\/\/glamico.ee\/wp-content\/uploads\/2025\/12\/RAYWELL_BIO_CURLY_SH_275ML_8055954098391_RR619.png","contentUrl":"https:\/\/glamico.ee\/wp-content\/uploads\/2025\/12\/RAYWELL_BIO_CURLY_SH_275ML_8055954098391_RR619.png","width":845,"height":1000},{"@type":"BreadcrumbList","@id":"https:\/\/glamico.ee\/pood\/raywell-curly-sampoon-lokkis-juustele-275ml\/#breadcrumb","itemListElement":[{"@type":"ListItem","position":1,"name":"Home","item":"https:\/\/glamico.ee\/"},{"@type":"ListItem","position":2,"name":"Pood","item":"https:\/\/glamico.ee\/pood\/"},{"@type":"ListItem","position":3,"name":"Raywell Curly \u0161ampoon lokkis juustele 275ml"}]},{"@type":"WebSite","@id":"https:\/\/glamico.ee\/#website","url":"https:\/\/glamico.ee\/","name":"Glamico","description":"Ilutooted","publisher":{"@id":"https:\/\/glamico.ee\/#organization"},"potentialAction":[{"@type":"SearchAction","target":{"@type":"EntryPoint","urlTemplate":"https:\/\/glamico.ee\/?s={search_term_string}"},"query-input":{"@type":"PropertyValueSpecification","valueRequired":true,"valueName":"search_term_string"}}],"inLanguage":"en-US"},{"@type":"Organization","@id":"https:\/\/glamico.ee\/#organization","name":"Glamico Baltics O\u00dc","url":"https:\/\/glamico.ee\/","logo":{"@type":"ImageObject","inLanguage":"en-US","@id":"https:\/\/glamico.ee\/#\/schema\/logo\/image\/","url":"https:\/\/glamico.ee\/wp-content\/uploads\/2025\/11\/Glamico-1.png","contentUrl":"https:\/\/glamico.ee\/wp-content\/uploads\/2025\/11\/Glamico-1.png","width":627,"height":400,"caption":"Glamico Baltics O\u00dc"},"image":{"@id":"https:\/\/glamico.ee\/#\/schema\/logo\/image\/"},"sameAs":["https:\/\/www.instagram.com\/glamico.ee\/"]}]}},"brands":[{"id":90,"name":"Raywell","slug":"raywell"}],"_links":{"self":[{"href":"https:\/\/glamico.ee\/en\/wp-json\/wp\/v2\/product\/2142","targetHints":{"allow":["GET"]}}],"collection":[{"href":"https:\/\/glamico.ee\/en\/wp-json\/wp\/v2\/product"}],"about":[{"href":"https:\/\/glamico.ee\/en\/wp-json\/wp\/v2\/types\/product"}],"version-history":[{"count":2,"href":"https:\/\/glamico.ee\/en\/wp-json\/wp\/v2\/product\/2142\/revisions"}],"predecessor-version":[{"id":2606,"href":"https:\/\/glamico.ee\/en\/wp-json\/wp\/v2\/product\/2142\/revisions\/2606"}],"wp:featuredmedia":[{"embeddable":true,"href":"https:\/\/glamico.ee\/en\/wp-json\/wp\/v2\/media\/2143"}],"wp:attachment":[{"href":"https:\/\/glamico.ee\/en\/wp-json\/wp\/v2\/media?parent=2142"}],"wp:term":[{"taxonomy":"pwb-brand","embeddable":true,"href":"https:\/\/glamico.ee\/en\/wp-json\/wp\/v2\/pwb-brand?post=2142"},{"taxonomy":"product_brand","embeddable":true,"href":"https:\/\/glamico.ee\/en\/wp-json\/wp\/v2\/product_brand?post=2142"},{"taxonomy":"product_cat","embeddable":true,"href":"https:\/\/glamico.ee\/en\/wp-json\/wp\/v2\/product_cat?post=2142"},{"taxonomy":"product_tag","embeddable":true,"href":"https:\/\/glamico.ee\/en\/wp-json\/wp\/v2\/product_tag?post=2142"}],"curies":[{"name":"wp","href":"https:\/\/api.w.org\/{rel}","templated":true}]}}