{"id":2114,"date":"2025-12-01T13:21:32","date_gmt":"2025-12-01T11:21:32","guid":{"rendered":"https:\/\/glamico.ee\/?post_type=product&#038;p=2114"},"modified":"2025-12-01T13:21:33","modified_gmt":"2025-12-01T11:21:33","slug":"raywell-stain-remover-200ml","status":"publish","type":"product","link":"https:\/\/glamico.ee\/en\/pood\/raywell-stain-remover-200ml\/","title":{"rendered":"Raywell juuksev\u00e4rvi plekieemaldaja 200ml"},"content":{"rendered":"<p>Stain Remover on salongide jaoks oluline toode, mis on loodud v\u00e4rviplekkide kergeks eemaldamiseks nahalt, m\u00f5jutamata samal ajal juuksev\u00e4rvi. Selle \u00f5rn koostis eemaldab kangekaelsed plekid kiiresti, \u00e4rritamata nahka.<\/p>\n<p>Peamised omadused:<br \/>\nT\u00f5hus plekkide eemaldamine ilma juuksev\u00e4rvi muutmata.<\/p>\n<p>\u00d5rn koostis sobib k\u00f5ikidele nahat\u00fc\u00fcpidele.<\/p>\n<p>Rikastatud Pikaealisuse V\u00e4rvikompleksiga (Longevity Color Complex), mis sisaldab toitvaid koostisosi nagu Vitis Vinifera (viinapuu) mahl ja oliivi\u00f5li.<\/p>\n<p>Lillel\u00f5hnaline, pakkudes meeldivat salongikogemust.<\/p>\n<p>Professionaalse kvaliteediga vahend, mis tagab klientide rahulolu.<\/p>\n<p>Kasutamine: Kandke v\u00e4ike kogus toodet vatipadjale, h\u00f5\u00f5ruge \u00f5rnalt v\u00e4rvij\u00e4\u00e4ke ja eemaldage j\u00e4\u00e4gid puhta lapiga, eelistatavalt kohe p\u00e4rast v\u00e4rvi pealekandmist.<\/p>\n<p>Koostis: aqua (water), alcohol denat. (alcohol), benzyl alcohol, propylene glycol, ammonium lauryl sulfate, glycerin, triethanolamine, parfum (fragrance), allantoin, olea europaea fruit oil (olea europaea (olive)<br \/>\nfruit oil), vitis vinifera vine sap (vitis vinifera (grape) vine sap), sodium benzoate, sorbitol, lecithin, citric<br \/>\nacid, xanthan gum, potassium sorbate, hexamethylindanopyran, linalyl acetate<\/p>","protected":false},"excerpt":{"rendered":"<p>PROFITOODE \u2013 ostmiseks kirjuta info@glamico.ee<\/p>","protected":false},"featured_media":2115,"template":"","meta":[],"pwb-brand":[90],"product_brand":[],"product_cat":[32,30],"product_tag":[],"class_list":{"0":"post-2114","1":"product","2":"type-product","3":"status-publish","4":"has-post-thumbnail","6":"pwb-brand-raywell","7":"product_cat-juustele","8":"product_cat-nagu","10":"first","11":"instock","12":"taxable","13":"shipping-taxable","14":"purchasable","15":"product-type-simple"},"yoast_head":"<!-- This site is optimized with the Yoast SEO plugin v27.3 - https:\/\/yoast.com\/product\/yoast-seo-wordpress\/ -->\n<title>Raywell juuksev\u00e4rvi plekieemaldaja 200ml - Glamico<\/title>\n<meta name=\"robots\" content=\"index, follow, max-snippet:-1, max-image-preview:large, max-video-preview:-1\" \/>\n<link rel=\"canonical\" href=\"https:\/\/glamico.ee\/en\/pood\/raywell-stain-remover-200ml\/\" \/>\n<meta property=\"og:locale\" content=\"en_US\" \/>\n<meta property=\"og:type\" content=\"article\" \/>\n<meta property=\"og:title\" content=\"Raywell juuksev\u00e4rvi plekieemaldaja 200ml - Glamico\" \/>\n<meta property=\"og:description\" content=\"PROFITOODE \u2013 ostmiseks kirjuta info@glamico.ee\" \/>\n<meta property=\"og:url\" content=\"https:\/\/glamico.ee\/en\/pood\/raywell-stain-remover-200ml\/\" \/>\n<meta property=\"og:site_name\" content=\"Glamico\" \/>\n<meta property=\"article:modified_time\" content=\"2025-12-01T11:21:33+00:00\" \/>\n<meta property=\"og:image\" content=\"https:\/\/glamico.ee\/wp-content\/uploads\/2025\/12\/Raywell_TOOLS_StainRemover_200ml-8055954090234-RR515.png\" \/>\n\t<meta property=\"og:image:width\" content=\"1500\" \/>\n\t<meta property=\"og:image:height\" content=\"1500\" \/>\n\t<meta property=\"og:image:type\" content=\"image\/png\" \/>\n<meta name=\"twitter:card\" content=\"summary_large_image\" \/>\n<meta name=\"twitter:label1\" content=\"Est. reading time\" \/>\n\t<meta name=\"twitter:data1\" content=\"1 minute\" \/>\n<script type=\"application\/ld+json\" class=\"yoast-schema-graph\">{\"@context\":\"https:\\\/\\\/schema.org\",\"@graph\":[{\"@type\":\"WebPage\",\"@id\":\"https:\\\/\\\/glamico.ee\\\/pood\\\/raywell-stain-remover-200ml\\\/\",\"url\":\"https:\\\/\\\/glamico.ee\\\/pood\\\/raywell-stain-remover-200ml\\\/\",\"name\":\"Raywell juuksev\u00e4rvi plekieemaldaja 200ml - Glamico\",\"isPartOf\":{\"@id\":\"https:\\\/\\\/glamico.ee\\\/#website\"},\"primaryImageOfPage\":{\"@id\":\"https:\\\/\\\/glamico.ee\\\/pood\\\/raywell-stain-remover-200ml\\\/#primaryimage\"},\"image\":{\"@id\":\"https:\\\/\\\/glamico.ee\\\/pood\\\/raywell-stain-remover-200ml\\\/#primaryimage\"},\"thumbnailUrl\":\"https:\\\/\\\/glamico.ee\\\/wp-content\\\/uploads\\\/2025\\\/12\\\/Raywell_TOOLS_StainRemover_200ml-8055954090234-RR515.png\",\"datePublished\":\"2025-12-01T11:21:32+00:00\",\"dateModified\":\"2025-12-01T11:21:33+00:00\",\"breadcrumb\":{\"@id\":\"https:\\\/\\\/glamico.ee\\\/pood\\\/raywell-stain-remover-200ml\\\/#breadcrumb\"},\"inLanguage\":\"en-US\",\"potentialAction\":[{\"@type\":\"ReadAction\",\"target\":[\"https:\\\/\\\/glamico.ee\\\/pood\\\/raywell-stain-remover-200ml\\\/\"]}]},{\"@type\":\"ImageObject\",\"inLanguage\":\"en-US\",\"@id\":\"https:\\\/\\\/glamico.ee\\\/pood\\\/raywell-stain-remover-200ml\\\/#primaryimage\",\"url\":\"https:\\\/\\\/glamico.ee\\\/wp-content\\\/uploads\\\/2025\\\/12\\\/Raywell_TOOLS_StainRemover_200ml-8055954090234-RR515.png\",\"contentUrl\":\"https:\\\/\\\/glamico.ee\\\/wp-content\\\/uploads\\\/2025\\\/12\\\/Raywell_TOOLS_StainRemover_200ml-8055954090234-RR515.png\",\"width\":1500,\"height\":1500},{\"@type\":\"BreadcrumbList\",\"@id\":\"https:\\\/\\\/glamico.ee\\\/pood\\\/raywell-stain-remover-200ml\\\/#breadcrumb\",\"itemListElement\":[{\"@type\":\"ListItem\",\"position\":1,\"name\":\"Home\",\"item\":\"https:\\\/\\\/glamico.ee\\\/\"},{\"@type\":\"ListItem\",\"position\":2,\"name\":\"Pood\",\"item\":\"https:\\\/\\\/glamico.ee\\\/pood\\\/\"},{\"@type\":\"ListItem\",\"position\":3,\"name\":\"Raywell juuksev\u00e4rvi plekieemaldaja 200ml\"}]},{\"@type\":\"WebSite\",\"@id\":\"https:\\\/\\\/glamico.ee\\\/#website\",\"url\":\"https:\\\/\\\/glamico.ee\\\/\",\"name\":\"Glamico\",\"description\":\"Ilutooted\",\"publisher\":{\"@id\":\"https:\\\/\\\/glamico.ee\\\/#organization\"},\"potentialAction\":[{\"@type\":\"SearchAction\",\"target\":{\"@type\":\"EntryPoint\",\"urlTemplate\":\"https:\\\/\\\/glamico.ee\\\/?s={search_term_string}\"},\"query-input\":{\"@type\":\"PropertyValueSpecification\",\"valueRequired\":true,\"valueName\":\"search_term_string\"}}],\"inLanguage\":\"en-US\"},{\"@type\":\"Organization\",\"@id\":\"https:\\\/\\\/glamico.ee\\\/#organization\",\"name\":\"Glamico Baltics O\u00dc\",\"url\":\"https:\\\/\\\/glamico.ee\\\/\",\"logo\":{\"@type\":\"ImageObject\",\"inLanguage\":\"en-US\",\"@id\":\"https:\\\/\\\/glamico.ee\\\/#\\\/schema\\\/logo\\\/image\\\/\",\"url\":\"https:\\\/\\\/glamico.ee\\\/wp-content\\\/uploads\\\/2025\\\/11\\\/Glamico-1.png\",\"contentUrl\":\"https:\\\/\\\/glamico.ee\\\/wp-content\\\/uploads\\\/2025\\\/11\\\/Glamico-1.png\",\"width\":627,\"height\":400,\"caption\":\"Glamico Baltics O\u00dc\"},\"image\":{\"@id\":\"https:\\\/\\\/glamico.ee\\\/#\\\/schema\\\/logo\\\/image\\\/\"},\"sameAs\":[\"https:\\\/\\\/www.instagram.com\\\/glamico.ee\\\/\"]}]}<\/script>\n<!-- \/ Yoast SEO plugin. -->","yoast_head_json":{"title":"Raywell juuksev\u00e4rvi plekieemaldaja 200ml - Glamico","robots":{"index":"index","follow":"follow","max-snippet":"max-snippet:-1","max-image-preview":"max-image-preview:large","max-video-preview":"max-video-preview:-1"},"canonical":"https:\/\/glamico.ee\/en\/pood\/raywell-stain-remover-200ml\/","og_locale":"en_US","og_type":"article","og_title":"Raywell juuksev\u00e4rvi plekieemaldaja 200ml - Glamico","og_description":"PROFITOODE \u2013 ostmiseks kirjuta info@glamico.ee","og_url":"https:\/\/glamico.ee\/en\/pood\/raywell-stain-remover-200ml\/","og_site_name":"Glamico","article_modified_time":"2025-12-01T11:21:33+00:00","og_image":[{"width":1500,"height":1500,"url":"https:\/\/glamico.ee\/wp-content\/uploads\/2025\/12\/Raywell_TOOLS_StainRemover_200ml-8055954090234-RR515.png","type":"image\/png"}],"twitter_card":"summary_large_image","twitter_misc":{"Est. reading time":"1 minute"},"schema":{"@context":"https:\/\/schema.org","@graph":[{"@type":"WebPage","@id":"https:\/\/glamico.ee\/pood\/raywell-stain-remover-200ml\/","url":"https:\/\/glamico.ee\/pood\/raywell-stain-remover-200ml\/","name":"Raywell juuksev\u00e4rvi plekieemaldaja 200ml - Glamico","isPartOf":{"@id":"https:\/\/glamico.ee\/#website"},"primaryImageOfPage":{"@id":"https:\/\/glamico.ee\/pood\/raywell-stain-remover-200ml\/#primaryimage"},"image":{"@id":"https:\/\/glamico.ee\/pood\/raywell-stain-remover-200ml\/#primaryimage"},"thumbnailUrl":"https:\/\/glamico.ee\/wp-content\/uploads\/2025\/12\/Raywell_TOOLS_StainRemover_200ml-8055954090234-RR515.png","datePublished":"2025-12-01T11:21:32+00:00","dateModified":"2025-12-01T11:21:33+00:00","breadcrumb":{"@id":"https:\/\/glamico.ee\/pood\/raywell-stain-remover-200ml\/#breadcrumb"},"inLanguage":"en-US","potentialAction":[{"@type":"ReadAction","target":["https:\/\/glamico.ee\/pood\/raywell-stain-remover-200ml\/"]}]},{"@type":"ImageObject","inLanguage":"en-US","@id":"https:\/\/glamico.ee\/pood\/raywell-stain-remover-200ml\/#primaryimage","url":"https:\/\/glamico.ee\/wp-content\/uploads\/2025\/12\/Raywell_TOOLS_StainRemover_200ml-8055954090234-RR515.png","contentUrl":"https:\/\/glamico.ee\/wp-content\/uploads\/2025\/12\/Raywell_TOOLS_StainRemover_200ml-8055954090234-RR515.png","width":1500,"height":1500},{"@type":"BreadcrumbList","@id":"https:\/\/glamico.ee\/pood\/raywell-stain-remover-200ml\/#breadcrumb","itemListElement":[{"@type":"ListItem","position":1,"name":"Home","item":"https:\/\/glamico.ee\/"},{"@type":"ListItem","position":2,"name":"Pood","item":"https:\/\/glamico.ee\/pood\/"},{"@type":"ListItem","position":3,"name":"Raywell juuksev\u00e4rvi plekieemaldaja 200ml"}]},{"@type":"WebSite","@id":"https:\/\/glamico.ee\/#website","url":"https:\/\/glamico.ee\/","name":"Glamico","description":"Ilutooted","publisher":{"@id":"https:\/\/glamico.ee\/#organization"},"potentialAction":[{"@type":"SearchAction","target":{"@type":"EntryPoint","urlTemplate":"https:\/\/glamico.ee\/?s={search_term_string}"},"query-input":{"@type":"PropertyValueSpecification","valueRequired":true,"valueName":"search_term_string"}}],"inLanguage":"en-US"},{"@type":"Organization","@id":"https:\/\/glamico.ee\/#organization","name":"Glamico Baltics O\u00dc","url":"https:\/\/glamico.ee\/","logo":{"@type":"ImageObject","inLanguage":"en-US","@id":"https:\/\/glamico.ee\/#\/schema\/logo\/image\/","url":"https:\/\/glamico.ee\/wp-content\/uploads\/2025\/11\/Glamico-1.png","contentUrl":"https:\/\/glamico.ee\/wp-content\/uploads\/2025\/11\/Glamico-1.png","width":627,"height":400,"caption":"Glamico Baltics O\u00dc"},"image":{"@id":"https:\/\/glamico.ee\/#\/schema\/logo\/image\/"},"sameAs":["https:\/\/www.instagram.com\/glamico.ee\/"]}]}},"brands":[{"id":90,"name":"Raywell","slug":"raywell"}],"_links":{"self":[{"href":"https:\/\/glamico.ee\/en\/wp-json\/wp\/v2\/product\/2114","targetHints":{"allow":["GET"]}}],"collection":[{"href":"https:\/\/glamico.ee\/en\/wp-json\/wp\/v2\/product"}],"about":[{"href":"https:\/\/glamico.ee\/en\/wp-json\/wp\/v2\/types\/product"}],"version-history":[{"count":1,"href":"https:\/\/glamico.ee\/en\/wp-json\/wp\/v2\/product\/2114\/revisions"}],"predecessor-version":[{"id":2116,"href":"https:\/\/glamico.ee\/en\/wp-json\/wp\/v2\/product\/2114\/revisions\/2116"}],"wp:featuredmedia":[{"embeddable":true,"href":"https:\/\/glamico.ee\/en\/wp-json\/wp\/v2\/media\/2115"}],"wp:attachment":[{"href":"https:\/\/glamico.ee\/en\/wp-json\/wp\/v2\/media?parent=2114"}],"wp:term":[{"taxonomy":"pwb-brand","embeddable":true,"href":"https:\/\/glamico.ee\/en\/wp-json\/wp\/v2\/pwb-brand?post=2114"},{"taxonomy":"product_brand","embeddable":true,"href":"https:\/\/glamico.ee\/en\/wp-json\/wp\/v2\/product_brand?post=2114"},{"taxonomy":"product_cat","embeddable":true,"href":"https:\/\/glamico.ee\/en\/wp-json\/wp\/v2\/product_cat?post=2114"},{"taxonomy":"product_tag","embeddable":true,"href":"https:\/\/glamico.ee\/en\/wp-json\/wp\/v2\/product_tag?post=2114"}],"curies":[{"name":"wp","href":"https:\/\/api.w.org\/{rel}","templated":true}]}}