{"id":2111,"date":"2025-12-01T13:15:11","date_gmt":"2025-12-01T11:15:11","guid":{"rendered":"https:\/\/glamico.ee\/?post_type=product&#038;p=2111"},"modified":"2025-12-01T13:15:11","modified_gmt":"2025-12-01T11:15:11","slug":"raywell-metal-detox-spray-200ml","status":"publish","type":"product","link":"https:\/\/glamico.ee\/en\/pood\/raywell-metal-detox-spray-200ml\/","title":{"rendered":"Raywell Metal Detox Spray 200ml"},"content":{"rendered":"<p>METAL DETOX Spray on hooldusvahend, mis on loodud metallide kogunemise neutraliseerimiseks juustes enne tehnilisi t\u00f6\u00f6tlusi. See on kerge, juustesse j\u00e4etav (loputusvaba) valem, mida kantakse kuivadele juustele ja mis pakub mitmeid eeliseid:<\/p>\n<p>V\u00e4hendab juuste katkemise ohtu.<\/p>\n<p>Tagab kauakestvad v\u00e4rvitulemused.<\/p>\n<p>Neutraliseerib metalle, mis v\u00f5ivad v\u00e4rvikvaliteeti kahjustada.<\/p>\n<p>Annab juustele intensiivse l\u00e4ike ja kaitse.<\/p>\n<p>Sobib kasutamiseks k\u00f5igi v\u00e4rvibr\u00e4ndidega.<\/p>\n<p>T\u00e4iustatud tehnoloogia:<br \/>\nRikastatud Althaea Officinalis (apteegikannikese) ja mikroemulsioonis oleva aminofunktsionaalse kompleksiga, pakub see kaitsevat \u00fcmbritsus-efekti (cocooning effect). See koostis kapseldab t\u00f5husalt raskemetalle ja mustuse, tungides s\u00fcgavale juuksekiudu, et tagada tervemad ja s\u00e4ravamad juuksed ning taastada nende loomulik eluj\u00f5ud.<\/p>\n<p>Kasutamine: Raputage, pihustage kuivadele v\u00f5i kergelt niisketele juustele, masseerige 2-3 minutit ja seej\u00e4rel j\u00e4tkake tehnilise teenusega ilma loputamata.<\/p>\n<p>Koostis: aqua (water), alcohol denat. (alcohol), peg-40 hydrogenated castor oil, glycerin, phenoxyethanol, amodimethicone, althaea officinalis root extract, polyquaternium-7, trideceth-7, triethanolamine, olea<br \/>\neuropaea fruit oil (olea europaea (olive) fruit oil), vitis vinifera vine sap (vitis vinifera (grape) vine sap), sorbitol, lecithin, propylene glycol, trideceth-12, trideceth-5, caprylyl glycol, phenethyl alcohol, citric acid, xanthan gum, sodium benzoate, potassiu<\/p>","protected":false},"excerpt":{"rendered":"<p>PROFITOODE \u2013 ostmiseks kirjuta info@glamico.ee<\/p>","protected":false},"featured_media":2112,"template":"","meta":[],"pwb-brand":[90],"product_brand":[],"product_cat":[32],"product_tag":[],"class_list":{"0":"post-2111","1":"product","2":"type-product","3":"status-publish","4":"has-post-thumbnail","6":"pwb-brand-raywell","7":"product_cat-juustele","9":"first","10":"instock","11":"taxable","12":"shipping-taxable","13":"product-type-external"},"yoast_head":"<!-- This site is optimized with the Yoast SEO plugin v27.3 - https:\/\/yoast.com\/product\/yoast-seo-wordpress\/ -->\n<title>Raywell Metal Detox Spray 200ml - Glamico<\/title>\n<meta name=\"robots\" content=\"index, follow, max-snippet:-1, max-image-preview:large, max-video-preview:-1\" \/>\n<link rel=\"canonical\" href=\"https:\/\/glamico.ee\/en\/pood\/raywell-metal-detox-spray-200ml\/\" \/>\n<meta property=\"og:locale\" content=\"en_US\" \/>\n<meta property=\"og:type\" content=\"article\" \/>\n<meta property=\"og:title\" content=\"Raywell Metal Detox Spray 200ml - Glamico\" \/>\n<meta property=\"og:description\" content=\"PROFITOODE \u2013 ostmiseks kirjuta info@glamico.ee\" \/>\n<meta property=\"og:url\" content=\"https:\/\/glamico.ee\/en\/pood\/raywell-metal-detox-spray-200ml\/\" \/>\n<meta property=\"og:site_name\" content=\"Glamico\" \/>\n<meta property=\"og:image\" content=\"https:\/\/glamico.ee\/wp-content\/uploads\/2025\/12\/Raywell_TOOLS_metaldetox_200ml-8055954090227-RR514.png\" \/>\n\t<meta property=\"og:image:width\" content=\"1500\" \/>\n\t<meta property=\"og:image:height\" content=\"1500\" \/>\n\t<meta property=\"og:image:type\" content=\"image\/png\" \/>\n<meta name=\"twitter:card\" content=\"summary_large_image\" \/>\n<meta name=\"twitter:label1\" content=\"Est. reading time\" \/>\n\t<meta name=\"twitter:data1\" content=\"2 minutes\" \/>\n<script type=\"application\/ld+json\" class=\"yoast-schema-graph\">{\"@context\":\"https:\\\/\\\/schema.org\",\"@graph\":[{\"@type\":\"WebPage\",\"@id\":\"https:\\\/\\\/glamico.ee\\\/pood\\\/raywell-metal-detox-spray-200ml\\\/\",\"url\":\"https:\\\/\\\/glamico.ee\\\/pood\\\/raywell-metal-detox-spray-200ml\\\/\",\"name\":\"Raywell Metal Detox Spray 200ml - Glamico\",\"isPartOf\":{\"@id\":\"https:\\\/\\\/glamico.ee\\\/#website\"},\"primaryImageOfPage\":{\"@id\":\"https:\\\/\\\/glamico.ee\\\/pood\\\/raywell-metal-detox-spray-200ml\\\/#primaryimage\"},\"image\":{\"@id\":\"https:\\\/\\\/glamico.ee\\\/pood\\\/raywell-metal-detox-spray-200ml\\\/#primaryimage\"},\"thumbnailUrl\":\"https:\\\/\\\/glamico.ee\\\/wp-content\\\/uploads\\\/2025\\\/12\\\/Raywell_TOOLS_metaldetox_200ml-8055954090227-RR514.png\",\"datePublished\":\"2025-12-01T11:15:11+00:00\",\"breadcrumb\":{\"@id\":\"https:\\\/\\\/glamico.ee\\\/pood\\\/raywell-metal-detox-spray-200ml\\\/#breadcrumb\"},\"inLanguage\":\"en-US\",\"potentialAction\":[{\"@type\":\"ReadAction\",\"target\":[\"https:\\\/\\\/glamico.ee\\\/pood\\\/raywell-metal-detox-spray-200ml\\\/\"]}]},{\"@type\":\"ImageObject\",\"inLanguage\":\"en-US\",\"@id\":\"https:\\\/\\\/glamico.ee\\\/pood\\\/raywell-metal-detox-spray-200ml\\\/#primaryimage\",\"url\":\"https:\\\/\\\/glamico.ee\\\/wp-content\\\/uploads\\\/2025\\\/12\\\/Raywell_TOOLS_metaldetox_200ml-8055954090227-RR514.png\",\"contentUrl\":\"https:\\\/\\\/glamico.ee\\\/wp-content\\\/uploads\\\/2025\\\/12\\\/Raywell_TOOLS_metaldetox_200ml-8055954090227-RR514.png\",\"width\":1500,\"height\":1500},{\"@type\":\"BreadcrumbList\",\"@id\":\"https:\\\/\\\/glamico.ee\\\/pood\\\/raywell-metal-detox-spray-200ml\\\/#breadcrumb\",\"itemListElement\":[{\"@type\":\"ListItem\",\"position\":1,\"name\":\"Home\",\"item\":\"https:\\\/\\\/glamico.ee\\\/\"},{\"@type\":\"ListItem\",\"position\":2,\"name\":\"Pood\",\"item\":\"https:\\\/\\\/glamico.ee\\\/pood\\\/\"},{\"@type\":\"ListItem\",\"position\":3,\"name\":\"Raywell Metal Detox Spray 200ml\"}]},{\"@type\":\"WebSite\",\"@id\":\"https:\\\/\\\/glamico.ee\\\/#website\",\"url\":\"https:\\\/\\\/glamico.ee\\\/\",\"name\":\"Glamico\",\"description\":\"Ilutooted\",\"publisher\":{\"@id\":\"https:\\\/\\\/glamico.ee\\\/#organization\"},\"potentialAction\":[{\"@type\":\"SearchAction\",\"target\":{\"@type\":\"EntryPoint\",\"urlTemplate\":\"https:\\\/\\\/glamico.ee\\\/?s={search_term_string}\"},\"query-input\":{\"@type\":\"PropertyValueSpecification\",\"valueRequired\":true,\"valueName\":\"search_term_string\"}}],\"inLanguage\":\"en-US\"},{\"@type\":\"Organization\",\"@id\":\"https:\\\/\\\/glamico.ee\\\/#organization\",\"name\":\"Glamico Baltics O\u00dc\",\"url\":\"https:\\\/\\\/glamico.ee\\\/\",\"logo\":{\"@type\":\"ImageObject\",\"inLanguage\":\"en-US\",\"@id\":\"https:\\\/\\\/glamico.ee\\\/#\\\/schema\\\/logo\\\/image\\\/\",\"url\":\"https:\\\/\\\/glamico.ee\\\/wp-content\\\/uploads\\\/2025\\\/11\\\/Glamico-1.png\",\"contentUrl\":\"https:\\\/\\\/glamico.ee\\\/wp-content\\\/uploads\\\/2025\\\/11\\\/Glamico-1.png\",\"width\":627,\"height\":400,\"caption\":\"Glamico Baltics O\u00dc\"},\"image\":{\"@id\":\"https:\\\/\\\/glamico.ee\\\/#\\\/schema\\\/logo\\\/image\\\/\"},\"sameAs\":[\"https:\\\/\\\/www.instagram.com\\\/glamico.ee\\\/\"]}]}<\/script>\n<!-- \/ Yoast SEO plugin. -->","yoast_head_json":{"title":"Raywell Metal Detox Spray 200ml - Glamico","robots":{"index":"index","follow":"follow","max-snippet":"max-snippet:-1","max-image-preview":"max-image-preview:large","max-video-preview":"max-video-preview:-1"},"canonical":"https:\/\/glamico.ee\/en\/pood\/raywell-metal-detox-spray-200ml\/","og_locale":"en_US","og_type":"article","og_title":"Raywell Metal Detox Spray 200ml - Glamico","og_description":"PROFITOODE \u2013 ostmiseks kirjuta info@glamico.ee","og_url":"https:\/\/glamico.ee\/en\/pood\/raywell-metal-detox-spray-200ml\/","og_site_name":"Glamico","og_image":[{"width":1500,"height":1500,"url":"https:\/\/glamico.ee\/wp-content\/uploads\/2025\/12\/Raywell_TOOLS_metaldetox_200ml-8055954090227-RR514.png","type":"image\/png"}],"twitter_card":"summary_large_image","twitter_misc":{"Est. reading time":"2 minutes"},"schema":{"@context":"https:\/\/schema.org","@graph":[{"@type":"WebPage","@id":"https:\/\/glamico.ee\/pood\/raywell-metal-detox-spray-200ml\/","url":"https:\/\/glamico.ee\/pood\/raywell-metal-detox-spray-200ml\/","name":"Raywell Metal Detox Spray 200ml - Glamico","isPartOf":{"@id":"https:\/\/glamico.ee\/#website"},"primaryImageOfPage":{"@id":"https:\/\/glamico.ee\/pood\/raywell-metal-detox-spray-200ml\/#primaryimage"},"image":{"@id":"https:\/\/glamico.ee\/pood\/raywell-metal-detox-spray-200ml\/#primaryimage"},"thumbnailUrl":"https:\/\/glamico.ee\/wp-content\/uploads\/2025\/12\/Raywell_TOOLS_metaldetox_200ml-8055954090227-RR514.png","datePublished":"2025-12-01T11:15:11+00:00","breadcrumb":{"@id":"https:\/\/glamico.ee\/pood\/raywell-metal-detox-spray-200ml\/#breadcrumb"},"inLanguage":"en-US","potentialAction":[{"@type":"ReadAction","target":["https:\/\/glamico.ee\/pood\/raywell-metal-detox-spray-200ml\/"]}]},{"@type":"ImageObject","inLanguage":"en-US","@id":"https:\/\/glamico.ee\/pood\/raywell-metal-detox-spray-200ml\/#primaryimage","url":"https:\/\/glamico.ee\/wp-content\/uploads\/2025\/12\/Raywell_TOOLS_metaldetox_200ml-8055954090227-RR514.png","contentUrl":"https:\/\/glamico.ee\/wp-content\/uploads\/2025\/12\/Raywell_TOOLS_metaldetox_200ml-8055954090227-RR514.png","width":1500,"height":1500},{"@type":"BreadcrumbList","@id":"https:\/\/glamico.ee\/pood\/raywell-metal-detox-spray-200ml\/#breadcrumb","itemListElement":[{"@type":"ListItem","position":1,"name":"Home","item":"https:\/\/glamico.ee\/"},{"@type":"ListItem","position":2,"name":"Pood","item":"https:\/\/glamico.ee\/pood\/"},{"@type":"ListItem","position":3,"name":"Raywell Metal Detox Spray 200ml"}]},{"@type":"WebSite","@id":"https:\/\/glamico.ee\/#website","url":"https:\/\/glamico.ee\/","name":"Glamico","description":"Ilutooted","publisher":{"@id":"https:\/\/glamico.ee\/#organization"},"potentialAction":[{"@type":"SearchAction","target":{"@type":"EntryPoint","urlTemplate":"https:\/\/glamico.ee\/?s={search_term_string}"},"query-input":{"@type":"PropertyValueSpecification","valueRequired":true,"valueName":"search_term_string"}}],"inLanguage":"en-US"},{"@type":"Organization","@id":"https:\/\/glamico.ee\/#organization","name":"Glamico Baltics O\u00dc","url":"https:\/\/glamico.ee\/","logo":{"@type":"ImageObject","inLanguage":"en-US","@id":"https:\/\/glamico.ee\/#\/schema\/logo\/image\/","url":"https:\/\/glamico.ee\/wp-content\/uploads\/2025\/11\/Glamico-1.png","contentUrl":"https:\/\/glamico.ee\/wp-content\/uploads\/2025\/11\/Glamico-1.png","width":627,"height":400,"caption":"Glamico Baltics O\u00dc"},"image":{"@id":"https:\/\/glamico.ee\/#\/schema\/logo\/image\/"},"sameAs":["https:\/\/www.instagram.com\/glamico.ee\/"]}]}},"brands":[{"id":90,"name":"Raywell","slug":"raywell"}],"_links":{"self":[{"href":"https:\/\/glamico.ee\/en\/wp-json\/wp\/v2\/product\/2111","targetHints":{"allow":["GET"]}}],"collection":[{"href":"https:\/\/glamico.ee\/en\/wp-json\/wp\/v2\/product"}],"about":[{"href":"https:\/\/glamico.ee\/en\/wp-json\/wp\/v2\/types\/product"}],"version-history":[{"count":1,"href":"https:\/\/glamico.ee\/en\/wp-json\/wp\/v2\/product\/2111\/revisions"}],"predecessor-version":[{"id":2113,"href":"https:\/\/glamico.ee\/en\/wp-json\/wp\/v2\/product\/2111\/revisions\/2113"}],"wp:featuredmedia":[{"embeddable":true,"href":"https:\/\/glamico.ee\/en\/wp-json\/wp\/v2\/media\/2112"}],"wp:attachment":[{"href":"https:\/\/glamico.ee\/en\/wp-json\/wp\/v2\/media?parent=2111"}],"wp:term":[{"taxonomy":"pwb-brand","embeddable":true,"href":"https:\/\/glamico.ee\/en\/wp-json\/wp\/v2\/pwb-brand?post=2111"},{"taxonomy":"product_brand","embeddable":true,"href":"https:\/\/glamico.ee\/en\/wp-json\/wp\/v2\/product_brand?post=2111"},{"taxonomy":"product_cat","embeddable":true,"href":"https:\/\/glamico.ee\/en\/wp-json\/wp\/v2\/product_cat?post=2111"},{"taxonomy":"product_tag","embeddable":true,"href":"https:\/\/glamico.ee\/en\/wp-json\/wp\/v2\/product_tag?post=2111"}],"curies":[{"name":"wp","href":"https:\/\/api.w.org\/{rel}","templated":true}]}}