{"id":2107,"date":"2025-12-01T13:02:52","date_gmt":"2025-12-01T11:02:52","guid":{"rendered":"https:\/\/glamico.ee\/?post_type=product&#038;p=2107"},"modified":"2025-12-01T13:03:34","modified_gmt":"2025-12-01T11:03:34","slug":"raywell-color-close-conditioner-1000ml","status":"publish","type":"product","link":"https:\/\/glamico.ee\/en\/pood\/raywell-color-close-conditioner-1000ml\/","title":{"rendered":"Raywell Color Close juuksepalsam 1000ml"},"content":{"rendered":"<p>See toode sobib ideaalselt salongiprotseduuride l\u00f5petamiseks, aidates tulemust fikseerida ja v\u00e4rvip\u00fcsivust pikendada. See silub t\u00f5husalt kutiikula, s\u00e4ilitab toonide k\u00fcllastumise ning annab juustele siidise tekstuuri ja s\u00e4rava l\u00e4ike. T\u00e4nu intensiivselt niisutavale toimele taastab toode kuivad ja n\u00f5rgenenud juuksed, rahustab peanahka p\u00e4rast v\u00e4rvimist ning kaitseb juukseid niiskusekaotuse eest. Aitab s\u00e4ilitada juustes olevat pigmenti, kaitstes neid pleekimise ja keskkonna kahjulike m\u00f5jude eest. Koostis sisaldab spetsiaalset kompleksi, mis vastutab v\u00e4rvip\u00fcsivuse ja kutiikuli hoolduse eest. pH: 3,1- 3,7<\/p>\n<p>Koostis: aqua (water), cetyl alcohol, myristyl alcohol, cetrimonium chloride, behentrimonium chloride, benzyl<br \/>\nalcohol, parfum (fragrance), isopropyl alcohol, disodium edta, olea europaea fruit oil (olea europaea<br \/>\n(olive) fruit oil), steardimonium hydroxypropyl panthenyl peg-7 dimethicone phosphate chloride, punica<br \/>\ngranatum pericarp extract (pomegranate (punica granatum) extract), vitis vinifera vine sap (vitis vinifera<br \/>\n(grape) vine sap), sorbitol, glycerin, lecithin, benzoic acid, dehydroacetic acid, triethanolamine, tocopherol, citric acid, xanthan gum, sodium benzoate, potassium sorbate, hexamethylindanopyran<\/p>","protected":false},"excerpt":{"rendered":"<p>PROFITOODE \u2013 ostmiseks kirjuta info@glamico.ee<\/p>","protected":false},"featured_media":2108,"template":"","meta":[],"pwb-brand":[90],"product_brand":[],"product_cat":[32],"product_tag":[],"class_list":{"0":"post-2107","1":"product","2":"type-product","3":"status-publish","4":"has-post-thumbnail","6":"pwb-brand-raywell","7":"product_cat-juustele","9":"first","10":"instock","11":"taxable","12":"shipping-taxable","13":"purchasable","14":"product-type-simple"},"yoast_head":"<!-- This site is optimized with the Yoast SEO plugin v27.3 - https:\/\/yoast.com\/product\/yoast-seo-wordpress\/ -->\n<title>Raywell Color Close juuksepalsam 1000ml - Glamico<\/title>\n<meta name=\"robots\" content=\"index, follow, max-snippet:-1, max-image-preview:large, max-video-preview:-1\" \/>\n<link rel=\"canonical\" href=\"https:\/\/glamico.ee\/en\/pood\/raywell-color-close-conditioner-1000ml\/\" \/>\n<meta property=\"og:locale\" content=\"en_US\" \/>\n<meta property=\"og:type\" content=\"article\" \/>\n<meta property=\"og:title\" content=\"Raywell Color Close juuksepalsam 1000ml - Glamico\" \/>\n<meta property=\"og:description\" content=\"PROFITOODE \u2013 ostmiseks kirjuta info@glamico.ee\" \/>\n<meta property=\"og:url\" content=\"https:\/\/glamico.ee\/en\/pood\/raywell-color-close-conditioner-1000ml\/\" \/>\n<meta property=\"og:site_name\" content=\"Glamico\" \/>\n<meta property=\"article:modified_time\" content=\"2025-12-01T11:03:34+00:00\" \/>\n<meta property=\"og:image\" content=\"https:\/\/glamico.ee\/wp-content\/uploads\/2025\/12\/Raywell_TOOLS_conditioner_1000ml-8055954090210-RR513.png\" \/>\n\t<meta property=\"og:image:width\" content=\"1500\" \/>\n\t<meta property=\"og:image:height\" content=\"1500\" \/>\n\t<meta property=\"og:image:type\" content=\"image\/png\" \/>\n<meta name=\"twitter:card\" content=\"summary_large_image\" \/>\n<meta name=\"twitter:label1\" content=\"Est. reading time\" \/>\n\t<meta name=\"twitter:data1\" content=\"1 minute\" \/>\n<script type=\"application\/ld+json\" class=\"yoast-schema-graph\">{\"@context\":\"https:\\\/\\\/schema.org\",\"@graph\":[{\"@type\":\"WebPage\",\"@id\":\"https:\\\/\\\/glamico.ee\\\/pood\\\/raywell-color-close-conditioner-1000ml\\\/\",\"url\":\"https:\\\/\\\/glamico.ee\\\/pood\\\/raywell-color-close-conditioner-1000ml\\\/\",\"name\":\"Raywell Color Close juuksepalsam 1000ml - Glamico\",\"isPartOf\":{\"@id\":\"https:\\\/\\\/glamico.ee\\\/#website\"},\"primaryImageOfPage\":{\"@id\":\"https:\\\/\\\/glamico.ee\\\/pood\\\/raywell-color-close-conditioner-1000ml\\\/#primaryimage\"},\"image\":{\"@id\":\"https:\\\/\\\/glamico.ee\\\/pood\\\/raywell-color-close-conditioner-1000ml\\\/#primaryimage\"},\"thumbnailUrl\":\"https:\\\/\\\/glamico.ee\\\/wp-content\\\/uploads\\\/2025\\\/12\\\/Raywell_TOOLS_conditioner_1000ml-8055954090210-RR513.png\",\"datePublished\":\"2025-12-01T11:02:52+00:00\",\"dateModified\":\"2025-12-01T11:03:34+00:00\",\"breadcrumb\":{\"@id\":\"https:\\\/\\\/glamico.ee\\\/pood\\\/raywell-color-close-conditioner-1000ml\\\/#breadcrumb\"},\"inLanguage\":\"en-US\",\"potentialAction\":[{\"@type\":\"ReadAction\",\"target\":[\"https:\\\/\\\/glamico.ee\\\/pood\\\/raywell-color-close-conditioner-1000ml\\\/\"]}]},{\"@type\":\"ImageObject\",\"inLanguage\":\"en-US\",\"@id\":\"https:\\\/\\\/glamico.ee\\\/pood\\\/raywell-color-close-conditioner-1000ml\\\/#primaryimage\",\"url\":\"https:\\\/\\\/glamico.ee\\\/wp-content\\\/uploads\\\/2025\\\/12\\\/Raywell_TOOLS_conditioner_1000ml-8055954090210-RR513.png\",\"contentUrl\":\"https:\\\/\\\/glamico.ee\\\/wp-content\\\/uploads\\\/2025\\\/12\\\/Raywell_TOOLS_conditioner_1000ml-8055954090210-RR513.png\",\"width\":1500,\"height\":1500},{\"@type\":\"BreadcrumbList\",\"@id\":\"https:\\\/\\\/glamico.ee\\\/pood\\\/raywell-color-close-conditioner-1000ml\\\/#breadcrumb\",\"itemListElement\":[{\"@type\":\"ListItem\",\"position\":1,\"name\":\"Home\",\"item\":\"https:\\\/\\\/glamico.ee\\\/\"},{\"@type\":\"ListItem\",\"position\":2,\"name\":\"Pood\",\"item\":\"https:\\\/\\\/glamico.ee\\\/pood\\\/\"},{\"@type\":\"ListItem\",\"position\":3,\"name\":\"Raywell Color Close juuksepalsam 1000ml\"}]},{\"@type\":\"WebSite\",\"@id\":\"https:\\\/\\\/glamico.ee\\\/#website\",\"url\":\"https:\\\/\\\/glamico.ee\\\/\",\"name\":\"Glamico\",\"description\":\"Ilutooted\",\"publisher\":{\"@id\":\"https:\\\/\\\/glamico.ee\\\/#organization\"},\"potentialAction\":[{\"@type\":\"SearchAction\",\"target\":{\"@type\":\"EntryPoint\",\"urlTemplate\":\"https:\\\/\\\/glamico.ee\\\/?s={search_term_string}\"},\"query-input\":{\"@type\":\"PropertyValueSpecification\",\"valueRequired\":true,\"valueName\":\"search_term_string\"}}],\"inLanguage\":\"en-US\"},{\"@type\":\"Organization\",\"@id\":\"https:\\\/\\\/glamico.ee\\\/#organization\",\"name\":\"Glamico Baltics O\u00dc\",\"url\":\"https:\\\/\\\/glamico.ee\\\/\",\"logo\":{\"@type\":\"ImageObject\",\"inLanguage\":\"en-US\",\"@id\":\"https:\\\/\\\/glamico.ee\\\/#\\\/schema\\\/logo\\\/image\\\/\",\"url\":\"https:\\\/\\\/glamico.ee\\\/wp-content\\\/uploads\\\/2025\\\/11\\\/Glamico-1.png\",\"contentUrl\":\"https:\\\/\\\/glamico.ee\\\/wp-content\\\/uploads\\\/2025\\\/11\\\/Glamico-1.png\",\"width\":627,\"height\":400,\"caption\":\"Glamico Baltics O\u00dc\"},\"image\":{\"@id\":\"https:\\\/\\\/glamico.ee\\\/#\\\/schema\\\/logo\\\/image\\\/\"},\"sameAs\":[\"https:\\\/\\\/www.instagram.com\\\/glamico.ee\\\/\"]}]}<\/script>\n<!-- \/ Yoast SEO plugin. -->","yoast_head_json":{"title":"Raywell Color Close juuksepalsam 1000ml - Glamico","robots":{"index":"index","follow":"follow","max-snippet":"max-snippet:-1","max-image-preview":"max-image-preview:large","max-video-preview":"max-video-preview:-1"},"canonical":"https:\/\/glamico.ee\/en\/pood\/raywell-color-close-conditioner-1000ml\/","og_locale":"en_US","og_type":"article","og_title":"Raywell Color Close juuksepalsam 1000ml - Glamico","og_description":"PROFITOODE \u2013 ostmiseks kirjuta info@glamico.ee","og_url":"https:\/\/glamico.ee\/en\/pood\/raywell-color-close-conditioner-1000ml\/","og_site_name":"Glamico","article_modified_time":"2025-12-01T11:03:34+00:00","og_image":[{"width":1500,"height":1500,"url":"https:\/\/glamico.ee\/wp-content\/uploads\/2025\/12\/Raywell_TOOLS_conditioner_1000ml-8055954090210-RR513.png","type":"image\/png"}],"twitter_card":"summary_large_image","twitter_misc":{"Est. reading time":"1 minute"},"schema":{"@context":"https:\/\/schema.org","@graph":[{"@type":"WebPage","@id":"https:\/\/glamico.ee\/pood\/raywell-color-close-conditioner-1000ml\/","url":"https:\/\/glamico.ee\/pood\/raywell-color-close-conditioner-1000ml\/","name":"Raywell Color Close juuksepalsam 1000ml - Glamico","isPartOf":{"@id":"https:\/\/glamico.ee\/#website"},"primaryImageOfPage":{"@id":"https:\/\/glamico.ee\/pood\/raywell-color-close-conditioner-1000ml\/#primaryimage"},"image":{"@id":"https:\/\/glamico.ee\/pood\/raywell-color-close-conditioner-1000ml\/#primaryimage"},"thumbnailUrl":"https:\/\/glamico.ee\/wp-content\/uploads\/2025\/12\/Raywell_TOOLS_conditioner_1000ml-8055954090210-RR513.png","datePublished":"2025-12-01T11:02:52+00:00","dateModified":"2025-12-01T11:03:34+00:00","breadcrumb":{"@id":"https:\/\/glamico.ee\/pood\/raywell-color-close-conditioner-1000ml\/#breadcrumb"},"inLanguage":"en-US","potentialAction":[{"@type":"ReadAction","target":["https:\/\/glamico.ee\/pood\/raywell-color-close-conditioner-1000ml\/"]}]},{"@type":"ImageObject","inLanguage":"en-US","@id":"https:\/\/glamico.ee\/pood\/raywell-color-close-conditioner-1000ml\/#primaryimage","url":"https:\/\/glamico.ee\/wp-content\/uploads\/2025\/12\/Raywell_TOOLS_conditioner_1000ml-8055954090210-RR513.png","contentUrl":"https:\/\/glamico.ee\/wp-content\/uploads\/2025\/12\/Raywell_TOOLS_conditioner_1000ml-8055954090210-RR513.png","width":1500,"height":1500},{"@type":"BreadcrumbList","@id":"https:\/\/glamico.ee\/pood\/raywell-color-close-conditioner-1000ml\/#breadcrumb","itemListElement":[{"@type":"ListItem","position":1,"name":"Home","item":"https:\/\/glamico.ee\/"},{"@type":"ListItem","position":2,"name":"Pood","item":"https:\/\/glamico.ee\/pood\/"},{"@type":"ListItem","position":3,"name":"Raywell Color Close juuksepalsam 1000ml"}]},{"@type":"WebSite","@id":"https:\/\/glamico.ee\/#website","url":"https:\/\/glamico.ee\/","name":"Glamico","description":"Ilutooted","publisher":{"@id":"https:\/\/glamico.ee\/#organization"},"potentialAction":[{"@type":"SearchAction","target":{"@type":"EntryPoint","urlTemplate":"https:\/\/glamico.ee\/?s={search_term_string}"},"query-input":{"@type":"PropertyValueSpecification","valueRequired":true,"valueName":"search_term_string"}}],"inLanguage":"en-US"},{"@type":"Organization","@id":"https:\/\/glamico.ee\/#organization","name":"Glamico Baltics O\u00dc","url":"https:\/\/glamico.ee\/","logo":{"@type":"ImageObject","inLanguage":"en-US","@id":"https:\/\/glamico.ee\/#\/schema\/logo\/image\/","url":"https:\/\/glamico.ee\/wp-content\/uploads\/2025\/11\/Glamico-1.png","contentUrl":"https:\/\/glamico.ee\/wp-content\/uploads\/2025\/11\/Glamico-1.png","width":627,"height":400,"caption":"Glamico Baltics O\u00dc"},"image":{"@id":"https:\/\/glamico.ee\/#\/schema\/logo\/image\/"},"sameAs":["https:\/\/www.instagram.com\/glamico.ee\/"]}]}},"brands":[{"id":90,"name":"Raywell","slug":"raywell"}],"_links":{"self":[{"href":"https:\/\/glamico.ee\/en\/wp-json\/wp\/v2\/product\/2107","targetHints":{"allow":["GET"]}}],"collection":[{"href":"https:\/\/glamico.ee\/en\/wp-json\/wp\/v2\/product"}],"about":[{"href":"https:\/\/glamico.ee\/en\/wp-json\/wp\/v2\/types\/product"}],"version-history":[{"count":2,"href":"https:\/\/glamico.ee\/en\/wp-json\/wp\/v2\/product\/2107\/revisions"}],"predecessor-version":[{"id":2110,"href":"https:\/\/glamico.ee\/en\/wp-json\/wp\/v2\/product\/2107\/revisions\/2110"}],"wp:featuredmedia":[{"embeddable":true,"href":"https:\/\/glamico.ee\/en\/wp-json\/wp\/v2\/media\/2108"}],"wp:attachment":[{"href":"https:\/\/glamico.ee\/en\/wp-json\/wp\/v2\/media?parent=2107"}],"wp:term":[{"taxonomy":"pwb-brand","embeddable":true,"href":"https:\/\/glamico.ee\/en\/wp-json\/wp\/v2\/pwb-brand?post=2107"},{"taxonomy":"product_brand","embeddable":true,"href":"https:\/\/glamico.ee\/en\/wp-json\/wp\/v2\/product_brand?post=2107"},{"taxonomy":"product_cat","embeddable":true,"href":"https:\/\/glamico.ee\/en\/wp-json\/wp\/v2\/product_cat?post=2107"},{"taxonomy":"product_tag","embeddable":true,"href":"https:\/\/glamico.ee\/en\/wp-json\/wp\/v2\/product_tag?post=2107"}],"curies":[{"name":"wp","href":"https:\/\/api.w.org\/{rel}","templated":true}]}}