{"id":2089,"date":"2025-12-01T12:03:17","date_gmt":"2025-12-01T10:03:17","guid":{"rendered":"https:\/\/glamico.ee\/?post_type=product&#038;p=2089"},"modified":"2025-12-01T12:04:10","modified_gmt":"2025-12-01T10:04:10","slug":"raywell-eterna-100ml","status":"publish","type":"product","link":"https:\/\/glamico.ee\/en\/pood\/raywell-eterna-100ml\/","title":{"rendered":"Raywell Eterna p\u00fcsiv\u00e4rv 100ml"},"content":{"rendered":"<p>Premium klassi madala ammoniaagisisaldusega v\u00e4rvis\u00fcsteem, mis on valmistatud Itaalia p\u00e4ritolu aktiivsete koostisosadega, sealhulgas Vitis Vinifera (viinapuu) ja Olea Europea (oliivipuu). See on loodud selleks, et pakkuda erksaid ja s\u00e4ravaid v\u00e4rvitulemusi ning anda juustele pehmust ja l\u00e4iget.<\/p>\n<p>Vabasta oma loovus enesekindlalt:<br \/>\nSegamissuhtega 1:1,5 ja l\u00fchikese m\u00f5juajaga 35 minutit tagab Raywelli Eterna erakordse katvuse, s\u00e4ravad toonid ja pikaajalise vastupidavuse. Olenemata sellest, kas loote elavaid toone v\u00f5i keerukaid n\u00fcansse, \u00e4ratab see arenenud s\u00fcsteem teie kunstilise visiooni ellu.<\/p>\n<p>Lai ja peen v\u00e4rvivalik (100 N\u00dcANSSI)<\/p>\n<p>100% hallide juuste katvus (p\u00f5hitoonid)<\/p>\n<p>Superhelendajate seeria, mis annab kuni 4 astet heledamaks<\/p>\n<p>T\u00e4ielik \u00f5rnus peanaha vastu<\/p>\n<p>Silmn\u00e4htavalt terved juuksed<\/p>\n<p>Erakordne v\u00e4rvin\u00fcansside t\u00e4psus<\/p>\n<p>P\u00f5hitoonide ja peegelduste t\u00e4iuslik tasakaal<\/p>\n<p>S\u00e4rav ja mitmem\u00f5\u00f5tmeline tulemus<\/p>\n<p>Kauakestev p\u00fcsivus<\/p>\n<p>Tulemuse korratavus<\/p>\n<p>Koostis:<br \/>\nPPD-vaba<\/p>\n<p>Resortsiinivaba<\/p>\n<p>Silikoonivaba<\/p>\n<p>Etoks\u00fclaatide- ja parabeenivaba<\/p>\n<p>Madala ammoniaagisisaldusega valem<\/p>\n<p>Vegan-s\u00f5bralik<\/p>\n<p>Pikaealisuse V\u00e4rvikompleksi ja Juuste Peamised Koostisosad:<br \/>\nLONGEVITY COLOR COMPLEX: Rikastatud Vitis Vinifera mahlaga (viinapuu, tuntud oma toitainete sisalduse poolest) ja kosmeetilise kvaliteediga oliivi\u00f5liga. See toitva ja pehmendava toimega koostisosade kombinatsioon aitab hoida peanaha pehme, soodustab juuste s\u00e4ravat v\u00e4ljan\u00e4gemist ja tagab v\u00e4rvi pikema p\u00fcsivuse.<\/p>\n<p>AMMON-IDRA Tehnoloogia: Meie uuenduslik patenteeritud tehnoloogia kasutab AHA-estreid (alfa-h\u00fcdroks\u00fchappeid), mis v\u00e4rvi sisse integreerituna muundavad ammoniaagi niisutavate ja juukseid tugevdavate omadustega komponentideks. See protsess aitab v\u00e4hendada kahjustusi, parandada \u00fcle t\u00f6\u00f6deldud juukseid ja reguleerida niiskust, j\u00e4ttes juuksed tervemaks ja eluj\u00f5ulisemaks.<\/p>\n<p>BIOPROTEK: Loodusliku p\u00e4ritoluga \u00fchend, mis p\u00f5hineb l\u00fcofiliseeritud puuviljahapetel ja aktiveerub kokkupuutel peanahaga. T\u00e4nu keemilistele reaktsioonidele loob see pehmendavaid toimeaineid, millel on niisutavad ja nahka kaitsevad omadused. BIOPROTEK tagab mugavuse kogu keemilise teeninduse v\u00e4ltel. See toidab juukseid ja v\u00e4hendab peanaha \u00e4rritust v\u00e4rvi pealekandmise ajal, pakkudes t\u00e4ielikku heaolutunnet.<\/p>","protected":false},"excerpt":{"rendered":"<p>PROFITOODE \u2013 ostmiseks kirjuta info@glamico.ee<\/p>","protected":false},"featured_media":2096,"template":"","meta":[],"pwb-brand":[90],"product_brand":[],"product_cat":[32],"product_tag":[],"class_list":{"0":"post-2089","1":"product","2":"type-product","3":"status-publish","4":"has-post-thumbnail","6":"pwb-brand-raywell","7":"product_cat-juustele","9":"first","10":"instock","11":"taxable","12":"shipping-taxable","13":"product-type-external"},"yoast_head":"<!-- This site is optimized with the Yoast SEO plugin v27.3 - https:\/\/yoast.com\/product\/yoast-seo-wordpress\/ -->\n<title>Raywell Eterna p\u00fcsiv\u00e4rv 100ml - Glamico<\/title>\n<meta name=\"robots\" content=\"index, follow, max-snippet:-1, max-image-preview:large, max-video-preview:-1\" \/>\n<link rel=\"canonical\" href=\"https:\/\/glamico.ee\/en\/pood\/raywell-eterna-100ml\/\" \/>\n<meta property=\"og:locale\" content=\"en_US\" \/>\n<meta property=\"og:type\" content=\"article\" \/>\n<meta property=\"og:title\" content=\"Raywell Eterna p\u00fcsiv\u00e4rv 100ml - Glamico\" \/>\n<meta property=\"og:description\" content=\"PROFITOODE \u2013 ostmiseks kirjuta info@glamico.ee\" \/>\n<meta property=\"og:url\" content=\"https:\/\/glamico.ee\/en\/pood\/raywell-eterna-100ml\/\" \/>\n<meta property=\"og:site_name\" content=\"Glamico\" \/>\n<meta property=\"article:modified_time\" content=\"2025-12-01T10:04:10+00:00\" \/>\n<meta property=\"og:image\" content=\"https:\/\/glamico.ee\/wp-content\/uploads\/2025\/12\/Raywell_ETERNA_tubo-1.png\" \/>\n\t<meta property=\"og:image:width\" content=\"1500\" \/>\n\t<meta property=\"og:image:height\" content=\"1500\" \/>\n\t<meta property=\"og:image:type\" content=\"image\/png\" \/>\n<meta name=\"twitter:card\" content=\"summary_large_image\" \/>\n<meta name=\"twitter:label1\" content=\"Est. reading time\" \/>\n\t<meta name=\"twitter:data1\" content=\"2 minutes\" \/>\n<script type=\"application\/ld+json\" class=\"yoast-schema-graph\">{\"@context\":\"https:\\\/\\\/schema.org\",\"@graph\":[{\"@type\":\"WebPage\",\"@id\":\"https:\\\/\\\/glamico.ee\\\/pood\\\/raywell-eterna-100ml\\\/\",\"url\":\"https:\\\/\\\/glamico.ee\\\/pood\\\/raywell-eterna-100ml\\\/\",\"name\":\"Raywell Eterna p\u00fcsiv\u00e4rv 100ml - Glamico\",\"isPartOf\":{\"@id\":\"https:\\\/\\\/glamico.ee\\\/#website\"},\"primaryImageOfPage\":{\"@id\":\"https:\\\/\\\/glamico.ee\\\/pood\\\/raywell-eterna-100ml\\\/#primaryimage\"},\"image\":{\"@id\":\"https:\\\/\\\/glamico.ee\\\/pood\\\/raywell-eterna-100ml\\\/#primaryimage\"},\"thumbnailUrl\":\"https:\\\/\\\/glamico.ee\\\/wp-content\\\/uploads\\\/2025\\\/12\\\/Raywell_ETERNA_tubo-1.png\",\"datePublished\":\"2025-12-01T10:03:17+00:00\",\"dateModified\":\"2025-12-01T10:04:10+00:00\",\"breadcrumb\":{\"@id\":\"https:\\\/\\\/glamico.ee\\\/pood\\\/raywell-eterna-100ml\\\/#breadcrumb\"},\"inLanguage\":\"en-US\",\"potentialAction\":[{\"@type\":\"ReadAction\",\"target\":[\"https:\\\/\\\/glamico.ee\\\/pood\\\/raywell-eterna-100ml\\\/\"]}]},{\"@type\":\"ImageObject\",\"inLanguage\":\"en-US\",\"@id\":\"https:\\\/\\\/glamico.ee\\\/pood\\\/raywell-eterna-100ml\\\/#primaryimage\",\"url\":\"https:\\\/\\\/glamico.ee\\\/wp-content\\\/uploads\\\/2025\\\/12\\\/Raywell_ETERNA_tubo-1.png\",\"contentUrl\":\"https:\\\/\\\/glamico.ee\\\/wp-content\\\/uploads\\\/2025\\\/12\\\/Raywell_ETERNA_tubo-1.png\",\"width\":1500,\"height\":1500},{\"@type\":\"BreadcrumbList\",\"@id\":\"https:\\\/\\\/glamico.ee\\\/pood\\\/raywell-eterna-100ml\\\/#breadcrumb\",\"itemListElement\":[{\"@type\":\"ListItem\",\"position\":1,\"name\":\"Home\",\"item\":\"https:\\\/\\\/glamico.ee\\\/\"},{\"@type\":\"ListItem\",\"position\":2,\"name\":\"Pood\",\"item\":\"https:\\\/\\\/glamico.ee\\\/pood\\\/\"},{\"@type\":\"ListItem\",\"position\":3,\"name\":\"Raywell Eterna p\u00fcsiv\u00e4rv 100ml\"}]},{\"@type\":\"WebSite\",\"@id\":\"https:\\\/\\\/glamico.ee\\\/#website\",\"url\":\"https:\\\/\\\/glamico.ee\\\/\",\"name\":\"Glamico\",\"description\":\"Ilutooted\",\"publisher\":{\"@id\":\"https:\\\/\\\/glamico.ee\\\/#organization\"},\"potentialAction\":[{\"@type\":\"SearchAction\",\"target\":{\"@type\":\"EntryPoint\",\"urlTemplate\":\"https:\\\/\\\/glamico.ee\\\/?s={search_term_string}\"},\"query-input\":{\"@type\":\"PropertyValueSpecification\",\"valueRequired\":true,\"valueName\":\"search_term_string\"}}],\"inLanguage\":\"en-US\"},{\"@type\":\"Organization\",\"@id\":\"https:\\\/\\\/glamico.ee\\\/#organization\",\"name\":\"Glamico Baltics O\u00dc\",\"url\":\"https:\\\/\\\/glamico.ee\\\/\",\"logo\":{\"@type\":\"ImageObject\",\"inLanguage\":\"en-US\",\"@id\":\"https:\\\/\\\/glamico.ee\\\/#\\\/schema\\\/logo\\\/image\\\/\",\"url\":\"https:\\\/\\\/glamico.ee\\\/wp-content\\\/uploads\\\/2025\\\/11\\\/Glamico-1.png\",\"contentUrl\":\"https:\\\/\\\/glamico.ee\\\/wp-content\\\/uploads\\\/2025\\\/11\\\/Glamico-1.png\",\"width\":627,\"height\":400,\"caption\":\"Glamico Baltics O\u00dc\"},\"image\":{\"@id\":\"https:\\\/\\\/glamico.ee\\\/#\\\/schema\\\/logo\\\/image\\\/\"},\"sameAs\":[\"https:\\\/\\\/www.instagram.com\\\/glamico.ee\\\/\"]}]}<\/script>\n<!-- \/ Yoast SEO plugin. -->","yoast_head_json":{"title":"Raywell Eterna p\u00fcsiv\u00e4rv 100ml - Glamico","robots":{"index":"index","follow":"follow","max-snippet":"max-snippet:-1","max-image-preview":"max-image-preview:large","max-video-preview":"max-video-preview:-1"},"canonical":"https:\/\/glamico.ee\/en\/pood\/raywell-eterna-100ml\/","og_locale":"en_US","og_type":"article","og_title":"Raywell Eterna p\u00fcsiv\u00e4rv 100ml - Glamico","og_description":"PROFITOODE \u2013 ostmiseks kirjuta info@glamico.ee","og_url":"https:\/\/glamico.ee\/en\/pood\/raywell-eterna-100ml\/","og_site_name":"Glamico","article_modified_time":"2025-12-01T10:04:10+00:00","og_image":[{"width":1500,"height":1500,"url":"https:\/\/glamico.ee\/wp-content\/uploads\/2025\/12\/Raywell_ETERNA_tubo-1.png","type":"image\/png"}],"twitter_card":"summary_large_image","twitter_misc":{"Est. reading time":"2 minutes"},"schema":{"@context":"https:\/\/schema.org","@graph":[{"@type":"WebPage","@id":"https:\/\/glamico.ee\/pood\/raywell-eterna-100ml\/","url":"https:\/\/glamico.ee\/pood\/raywell-eterna-100ml\/","name":"Raywell Eterna p\u00fcsiv\u00e4rv 100ml - Glamico","isPartOf":{"@id":"https:\/\/glamico.ee\/#website"},"primaryImageOfPage":{"@id":"https:\/\/glamico.ee\/pood\/raywell-eterna-100ml\/#primaryimage"},"image":{"@id":"https:\/\/glamico.ee\/pood\/raywell-eterna-100ml\/#primaryimage"},"thumbnailUrl":"https:\/\/glamico.ee\/wp-content\/uploads\/2025\/12\/Raywell_ETERNA_tubo-1.png","datePublished":"2025-12-01T10:03:17+00:00","dateModified":"2025-12-01T10:04:10+00:00","breadcrumb":{"@id":"https:\/\/glamico.ee\/pood\/raywell-eterna-100ml\/#breadcrumb"},"inLanguage":"en-US","potentialAction":[{"@type":"ReadAction","target":["https:\/\/glamico.ee\/pood\/raywell-eterna-100ml\/"]}]},{"@type":"ImageObject","inLanguage":"en-US","@id":"https:\/\/glamico.ee\/pood\/raywell-eterna-100ml\/#primaryimage","url":"https:\/\/glamico.ee\/wp-content\/uploads\/2025\/12\/Raywell_ETERNA_tubo-1.png","contentUrl":"https:\/\/glamico.ee\/wp-content\/uploads\/2025\/12\/Raywell_ETERNA_tubo-1.png","width":1500,"height":1500},{"@type":"BreadcrumbList","@id":"https:\/\/glamico.ee\/pood\/raywell-eterna-100ml\/#breadcrumb","itemListElement":[{"@type":"ListItem","position":1,"name":"Home","item":"https:\/\/glamico.ee\/"},{"@type":"ListItem","position":2,"name":"Pood","item":"https:\/\/glamico.ee\/pood\/"},{"@type":"ListItem","position":3,"name":"Raywell Eterna p\u00fcsiv\u00e4rv 100ml"}]},{"@type":"WebSite","@id":"https:\/\/glamico.ee\/#website","url":"https:\/\/glamico.ee\/","name":"Glamico","description":"Ilutooted","publisher":{"@id":"https:\/\/glamico.ee\/#organization"},"potentialAction":[{"@type":"SearchAction","target":{"@type":"EntryPoint","urlTemplate":"https:\/\/glamico.ee\/?s={search_term_string}"},"query-input":{"@type":"PropertyValueSpecification","valueRequired":true,"valueName":"search_term_string"}}],"inLanguage":"en-US"},{"@type":"Organization","@id":"https:\/\/glamico.ee\/#organization","name":"Glamico Baltics O\u00dc","url":"https:\/\/glamico.ee\/","logo":{"@type":"ImageObject","inLanguage":"en-US","@id":"https:\/\/glamico.ee\/#\/schema\/logo\/image\/","url":"https:\/\/glamico.ee\/wp-content\/uploads\/2025\/11\/Glamico-1.png","contentUrl":"https:\/\/glamico.ee\/wp-content\/uploads\/2025\/11\/Glamico-1.png","width":627,"height":400,"caption":"Glamico Baltics O\u00dc"},"image":{"@id":"https:\/\/glamico.ee\/#\/schema\/logo\/image\/"},"sameAs":["https:\/\/www.instagram.com\/glamico.ee\/"]}]}},"brands":[{"id":90,"name":"Raywell","slug":"raywell"}],"_links":{"self":[{"href":"https:\/\/glamico.ee\/en\/wp-json\/wp\/v2\/product\/2089","targetHints":{"allow":["GET"]}}],"collection":[{"href":"https:\/\/glamico.ee\/en\/wp-json\/wp\/v2\/product"}],"about":[{"href":"https:\/\/glamico.ee\/en\/wp-json\/wp\/v2\/types\/product"}],"version-history":[{"count":1,"href":"https:\/\/glamico.ee\/en\/wp-json\/wp\/v2\/product\/2089\/revisions"}],"predecessor-version":[{"id":2097,"href":"https:\/\/glamico.ee\/en\/wp-json\/wp\/v2\/product\/2089\/revisions\/2097"}],"wp:featuredmedia":[{"embeddable":true,"href":"https:\/\/glamico.ee\/en\/wp-json\/wp\/v2\/media\/2096"}],"wp:attachment":[{"href":"https:\/\/glamico.ee\/en\/wp-json\/wp\/v2\/media?parent=2089"}],"wp:term":[{"taxonomy":"pwb-brand","embeddable":true,"href":"https:\/\/glamico.ee\/en\/wp-json\/wp\/v2\/pwb-brand?post=2089"},{"taxonomy":"product_brand","embeddable":true,"href":"https:\/\/glamico.ee\/en\/wp-json\/wp\/v2\/product_brand?post=2089"},{"taxonomy":"product_cat","embeddable":true,"href":"https:\/\/glamico.ee\/en\/wp-json\/wp\/v2\/product_cat?post=2089"},{"taxonomy":"product_tag","embeddable":true,"href":"https:\/\/glamico.ee\/en\/wp-json\/wp\/v2\/product_tag?post=2089"}],"curies":[{"name":"wp","href":"https:\/\/api.w.org\/{rel}","templated":true}]}}