{"id":2086,"date":"2025-12-01T11:18:12","date_gmt":"2025-12-01T09:18:12","guid":{"rendered":"https:\/\/glamico.ee\/?post_type=product&#038;p=2086"},"modified":"2025-12-01T11:18:12","modified_gmt":"2025-12-01T09:18:12","slug":"raywell-x19-sealant-polishing-spray-100ml","status":"publish","type":"product","link":"https:\/\/glamico.ee\/en\/pood\/raywell-x19-sealant-polishing-spray-100ml\/","title":{"rendered":"Raywell X19 molekulaarne viimistlusvahend juustele 100ml"},"content":{"rendered":"<p>Tipptasemel tihendustehnoloogia termiliselt aktiveeritud pol\u00fcmeeridega vabastab juuste pinnale \u00f5hukese, hingava kihi, mis t\u00e4idab ja sulgeb kutiikuli, tagades antistaatilise ja niiskusevastase efekti. See koostis hoiab t\u00f5husalt kinni k\u00f5ik valgud, toitained ja niisutuse. F\u00f6\u00f6nisoojuse k\u00e4es \u00fchenduvad ja p\u00f5imuvad mikropihustatud elemendid, luues v\u00f5imsa, n\u00e4htamatu h\u00fcdrofoobse maatriksi, mis \u00fcmbritseb iga juuksekarva niiskuskindla kaitsekilbiga, tagades kutiikuli v\u00f5imalikult tiheda ja sileda sulgemise.<\/p>\n<p>Kasutamine: Pihustage v\u00e4ike kogus \u00fchtlaselt puhastele\/hooldatud juustele ja asuge juukseid kuumt\u00f6\u00f6tlemise abil soengusse seadma.<\/p>","protected":false},"excerpt":{"rendered":"<p>Tipptasemel tihendustehnoloogia termiliselt aktiveeritud pol\u00fcmeeridega vabastab juuste pinnale \u00f5hukese, hingava kihi, mis t\u00e4idab ja sulgeb kutiikuli, tagades antistaatilise ja niiskusevastase efekti. See koostis hoiab t\u00f5husalt kinni k\u00f5ik valgud, toitained ja niisutuse. F\u00f6\u00f6nisoojuse k\u00e4es \u00fchenduvad ja p\u00f5imuvad mikropihustatud elemendid, luues v\u00f5imsa, n\u00e4htamatu h\u00fcdrofoobse maatriksi, mis \u00fcmbritseb iga juuksekarva niiskuskindla kaitsekilbiga, tagades kutiikuli v\u00f5imalikult tiheda ja sileda sulgemise. Kasutamine: Pihustage v\u00e4ike kogus [&hellip;]<\/p>\n","protected":false},"featured_media":2087,"template":"","meta":[],"pwb-brand":[90],"product_brand":[],"product_cat":[32],"product_tag":[],"class_list":{"0":"post-2086","1":"product","2":"type-product","3":"status-publish","4":"has-post-thumbnail","6":"pwb-brand-raywell","7":"product_cat-juustele","9":"first","10":"instock","11":"taxable","12":"shipping-taxable","13":"purchasable","14":"product-type-simple"},"yoast_head":"<!-- This site is optimized with the Yoast SEO plugin v27.3 - https:\/\/yoast.com\/product\/yoast-seo-wordpress\/ -->\n<title>Raywell X19 molekulaarne viimistlusvahend juustele 100ml - Glamico<\/title>\n<meta name=\"robots\" content=\"index, follow, max-snippet:-1, max-image-preview:large, max-video-preview:-1\" \/>\n<link rel=\"canonical\" href=\"https:\/\/glamico.ee\/en\/pood\/raywell-x19-sealant-polishing-spray-100ml\/\" \/>\n<meta property=\"og:locale\" content=\"en_US\" \/>\n<meta property=\"og:type\" content=\"article\" \/>\n<meta property=\"og:title\" content=\"Raywell X19 molekulaarne viimistlusvahend juustele 100ml - Glamico\" \/>\n<meta property=\"og:description\" content=\"Tipptasemel tihendustehnoloogia termiliselt aktiveeritud pol\u00fcmeeridega vabastab juuste pinnale \u00f5hukese, hingava kihi, mis t\u00e4idab ja sulgeb kutiikuli, tagades antistaatilise ja niiskusevastase efekti. See koostis hoiab t\u00f5husalt kinni k\u00f5ik valgud, toitained ja niisutuse. F\u00f6\u00f6nisoojuse k\u00e4es \u00fchenduvad ja p\u00f5imuvad mikropihustatud elemendid, luues v\u00f5imsa, n\u00e4htamatu h\u00fcdrofoobse maatriksi, mis \u00fcmbritseb iga juuksekarva niiskuskindla kaitsekilbiga, tagades kutiikuli v\u00f5imalikult tiheda ja sileda sulgemise. Kasutamine: Pihustage v\u00e4ike kogus [&hellip;]\" \/>\n<meta property=\"og:url\" content=\"https:\/\/glamico.ee\/en\/pood\/raywell-x19-sealant-polishing-spray-100ml\/\" \/>\n<meta property=\"og:site_name\" content=\"Glamico\" \/>\n<meta property=\"og:image\" content=\"https:\/\/glamico.ee\/wp-content\/uploads\/2025\/12\/RAYWELL_BIOMIMETIC_X19_SPRAY_100ml-1-8059307167949-RR503.webp\" \/>\n\t<meta property=\"og:image:width\" content=\"900\" \/>\n\t<meta property=\"og:image:height\" content=\"900\" \/>\n\t<meta property=\"og:image:type\" content=\"image\/webp\" \/>\n<meta name=\"twitter:card\" content=\"summary_large_image\" \/>\n<meta name=\"twitter:label1\" content=\"Est. reading time\" \/>\n\t<meta name=\"twitter:data1\" content=\"1 minute\" \/>\n<script type=\"application\/ld+json\" class=\"yoast-schema-graph\">{\"@context\":\"https:\\\/\\\/schema.org\",\"@graph\":[{\"@type\":\"WebPage\",\"@id\":\"https:\\\/\\\/glamico.ee\\\/pood\\\/raywell-x19-sealant-polishing-spray-100ml\\\/\",\"url\":\"https:\\\/\\\/glamico.ee\\\/pood\\\/raywell-x19-sealant-polishing-spray-100ml\\\/\",\"name\":\"Raywell X19 molekulaarne viimistlusvahend juustele 100ml - Glamico\",\"isPartOf\":{\"@id\":\"https:\\\/\\\/glamico.ee\\\/#website\"},\"primaryImageOfPage\":{\"@id\":\"https:\\\/\\\/glamico.ee\\\/pood\\\/raywell-x19-sealant-polishing-spray-100ml\\\/#primaryimage\"},\"image\":{\"@id\":\"https:\\\/\\\/glamico.ee\\\/pood\\\/raywell-x19-sealant-polishing-spray-100ml\\\/#primaryimage\"},\"thumbnailUrl\":\"https:\\\/\\\/glamico.ee\\\/wp-content\\\/uploads\\\/2025\\\/12\\\/RAYWELL_BIOMIMETIC_X19_SPRAY_100ml-1-8059307167949-RR503.webp\",\"datePublished\":\"2025-12-01T09:18:12+00:00\",\"breadcrumb\":{\"@id\":\"https:\\\/\\\/glamico.ee\\\/pood\\\/raywell-x19-sealant-polishing-spray-100ml\\\/#breadcrumb\"},\"inLanguage\":\"en-US\",\"potentialAction\":[{\"@type\":\"ReadAction\",\"target\":[\"https:\\\/\\\/glamico.ee\\\/pood\\\/raywell-x19-sealant-polishing-spray-100ml\\\/\"]}]},{\"@type\":\"ImageObject\",\"inLanguage\":\"en-US\",\"@id\":\"https:\\\/\\\/glamico.ee\\\/pood\\\/raywell-x19-sealant-polishing-spray-100ml\\\/#primaryimage\",\"url\":\"https:\\\/\\\/glamico.ee\\\/wp-content\\\/uploads\\\/2025\\\/12\\\/RAYWELL_BIOMIMETIC_X19_SPRAY_100ml-1-8059307167949-RR503.webp\",\"contentUrl\":\"https:\\\/\\\/glamico.ee\\\/wp-content\\\/uploads\\\/2025\\\/12\\\/RAYWELL_BIOMIMETIC_X19_SPRAY_100ml-1-8059307167949-RR503.webp\",\"width\":900,\"height\":900},{\"@type\":\"BreadcrumbList\",\"@id\":\"https:\\\/\\\/glamico.ee\\\/pood\\\/raywell-x19-sealant-polishing-spray-100ml\\\/#breadcrumb\",\"itemListElement\":[{\"@type\":\"ListItem\",\"position\":1,\"name\":\"Home\",\"item\":\"https:\\\/\\\/glamico.ee\\\/\"},{\"@type\":\"ListItem\",\"position\":2,\"name\":\"Pood\",\"item\":\"https:\\\/\\\/glamico.ee\\\/pood\\\/\"},{\"@type\":\"ListItem\",\"position\":3,\"name\":\"Raywell X19 molekulaarne viimistlusvahend juustele 100ml\"}]},{\"@type\":\"WebSite\",\"@id\":\"https:\\\/\\\/glamico.ee\\\/#website\",\"url\":\"https:\\\/\\\/glamico.ee\\\/\",\"name\":\"Glamico\",\"description\":\"Ilutooted\",\"publisher\":{\"@id\":\"https:\\\/\\\/glamico.ee\\\/#organization\"},\"potentialAction\":[{\"@type\":\"SearchAction\",\"target\":{\"@type\":\"EntryPoint\",\"urlTemplate\":\"https:\\\/\\\/glamico.ee\\\/?s={search_term_string}\"},\"query-input\":{\"@type\":\"PropertyValueSpecification\",\"valueRequired\":true,\"valueName\":\"search_term_string\"}}],\"inLanguage\":\"en-US\"},{\"@type\":\"Organization\",\"@id\":\"https:\\\/\\\/glamico.ee\\\/#organization\",\"name\":\"Glamico Baltics O\u00dc\",\"url\":\"https:\\\/\\\/glamico.ee\\\/\",\"logo\":{\"@type\":\"ImageObject\",\"inLanguage\":\"en-US\",\"@id\":\"https:\\\/\\\/glamico.ee\\\/#\\\/schema\\\/logo\\\/image\\\/\",\"url\":\"https:\\\/\\\/glamico.ee\\\/wp-content\\\/uploads\\\/2025\\\/11\\\/Glamico-1.png\",\"contentUrl\":\"https:\\\/\\\/glamico.ee\\\/wp-content\\\/uploads\\\/2025\\\/11\\\/Glamico-1.png\",\"width\":627,\"height\":400,\"caption\":\"Glamico Baltics O\u00dc\"},\"image\":{\"@id\":\"https:\\\/\\\/glamico.ee\\\/#\\\/schema\\\/logo\\\/image\\\/\"},\"sameAs\":[\"https:\\\/\\\/www.instagram.com\\\/glamico.ee\\\/\"]}]}<\/script>\n<!-- \/ Yoast SEO plugin. -->","yoast_head_json":{"title":"Raywell X19 molekulaarne viimistlusvahend juustele 100ml - Glamico","robots":{"index":"index","follow":"follow","max-snippet":"max-snippet:-1","max-image-preview":"max-image-preview:large","max-video-preview":"max-video-preview:-1"},"canonical":"https:\/\/glamico.ee\/en\/pood\/raywell-x19-sealant-polishing-spray-100ml\/","og_locale":"en_US","og_type":"article","og_title":"Raywell X19 molekulaarne viimistlusvahend juustele 100ml - Glamico","og_description":"Tipptasemel tihendustehnoloogia termiliselt aktiveeritud pol\u00fcmeeridega vabastab juuste pinnale \u00f5hukese, hingava kihi, mis t\u00e4idab ja sulgeb kutiikuli, tagades antistaatilise ja niiskusevastase efekti. See koostis hoiab t\u00f5husalt kinni k\u00f5ik valgud, toitained ja niisutuse. F\u00f6\u00f6nisoojuse k\u00e4es \u00fchenduvad ja p\u00f5imuvad mikropihustatud elemendid, luues v\u00f5imsa, n\u00e4htamatu h\u00fcdrofoobse maatriksi, mis \u00fcmbritseb iga juuksekarva niiskuskindla kaitsekilbiga, tagades kutiikuli v\u00f5imalikult tiheda ja sileda sulgemise. Kasutamine: Pihustage v\u00e4ike kogus [&hellip;]","og_url":"https:\/\/glamico.ee\/en\/pood\/raywell-x19-sealant-polishing-spray-100ml\/","og_site_name":"Glamico","og_image":[{"width":900,"height":900,"url":"https:\/\/glamico.ee\/wp-content\/uploads\/2025\/12\/RAYWELL_BIOMIMETIC_X19_SPRAY_100ml-1-8059307167949-RR503.webp","type":"image\/webp"}],"twitter_card":"summary_large_image","twitter_misc":{"Est. reading time":"1 minute"},"schema":{"@context":"https:\/\/schema.org","@graph":[{"@type":"WebPage","@id":"https:\/\/glamico.ee\/pood\/raywell-x19-sealant-polishing-spray-100ml\/","url":"https:\/\/glamico.ee\/pood\/raywell-x19-sealant-polishing-spray-100ml\/","name":"Raywell X19 molekulaarne viimistlusvahend juustele 100ml - Glamico","isPartOf":{"@id":"https:\/\/glamico.ee\/#website"},"primaryImageOfPage":{"@id":"https:\/\/glamico.ee\/pood\/raywell-x19-sealant-polishing-spray-100ml\/#primaryimage"},"image":{"@id":"https:\/\/glamico.ee\/pood\/raywell-x19-sealant-polishing-spray-100ml\/#primaryimage"},"thumbnailUrl":"https:\/\/glamico.ee\/wp-content\/uploads\/2025\/12\/RAYWELL_BIOMIMETIC_X19_SPRAY_100ml-1-8059307167949-RR503.webp","datePublished":"2025-12-01T09:18:12+00:00","breadcrumb":{"@id":"https:\/\/glamico.ee\/pood\/raywell-x19-sealant-polishing-spray-100ml\/#breadcrumb"},"inLanguage":"en-US","potentialAction":[{"@type":"ReadAction","target":["https:\/\/glamico.ee\/pood\/raywell-x19-sealant-polishing-spray-100ml\/"]}]},{"@type":"ImageObject","inLanguage":"en-US","@id":"https:\/\/glamico.ee\/pood\/raywell-x19-sealant-polishing-spray-100ml\/#primaryimage","url":"https:\/\/glamico.ee\/wp-content\/uploads\/2025\/12\/RAYWELL_BIOMIMETIC_X19_SPRAY_100ml-1-8059307167949-RR503.webp","contentUrl":"https:\/\/glamico.ee\/wp-content\/uploads\/2025\/12\/RAYWELL_BIOMIMETIC_X19_SPRAY_100ml-1-8059307167949-RR503.webp","width":900,"height":900},{"@type":"BreadcrumbList","@id":"https:\/\/glamico.ee\/pood\/raywell-x19-sealant-polishing-spray-100ml\/#breadcrumb","itemListElement":[{"@type":"ListItem","position":1,"name":"Home","item":"https:\/\/glamico.ee\/"},{"@type":"ListItem","position":2,"name":"Pood","item":"https:\/\/glamico.ee\/pood\/"},{"@type":"ListItem","position":3,"name":"Raywell X19 molekulaarne viimistlusvahend juustele 100ml"}]},{"@type":"WebSite","@id":"https:\/\/glamico.ee\/#website","url":"https:\/\/glamico.ee\/","name":"Glamico","description":"Ilutooted","publisher":{"@id":"https:\/\/glamico.ee\/#organization"},"potentialAction":[{"@type":"SearchAction","target":{"@type":"EntryPoint","urlTemplate":"https:\/\/glamico.ee\/?s={search_term_string}"},"query-input":{"@type":"PropertyValueSpecification","valueRequired":true,"valueName":"search_term_string"}}],"inLanguage":"en-US"},{"@type":"Organization","@id":"https:\/\/glamico.ee\/#organization","name":"Glamico Baltics O\u00dc","url":"https:\/\/glamico.ee\/","logo":{"@type":"ImageObject","inLanguage":"en-US","@id":"https:\/\/glamico.ee\/#\/schema\/logo\/image\/","url":"https:\/\/glamico.ee\/wp-content\/uploads\/2025\/11\/Glamico-1.png","contentUrl":"https:\/\/glamico.ee\/wp-content\/uploads\/2025\/11\/Glamico-1.png","width":627,"height":400,"caption":"Glamico Baltics O\u00dc"},"image":{"@id":"https:\/\/glamico.ee\/#\/schema\/logo\/image\/"},"sameAs":["https:\/\/www.instagram.com\/glamico.ee\/"]}]}},"brands":[{"id":90,"name":"Raywell","slug":"raywell"}],"_links":{"self":[{"href":"https:\/\/glamico.ee\/en\/wp-json\/wp\/v2\/product\/2086","targetHints":{"allow":["GET"]}}],"collection":[{"href":"https:\/\/glamico.ee\/en\/wp-json\/wp\/v2\/product"}],"about":[{"href":"https:\/\/glamico.ee\/en\/wp-json\/wp\/v2\/types\/product"}],"version-history":[{"count":1,"href":"https:\/\/glamico.ee\/en\/wp-json\/wp\/v2\/product\/2086\/revisions"}],"predecessor-version":[{"id":2088,"href":"https:\/\/glamico.ee\/en\/wp-json\/wp\/v2\/product\/2086\/revisions\/2088"}],"wp:featuredmedia":[{"embeddable":true,"href":"https:\/\/glamico.ee\/en\/wp-json\/wp\/v2\/media\/2087"}],"wp:attachment":[{"href":"https:\/\/glamico.ee\/en\/wp-json\/wp\/v2\/media?parent=2086"}],"wp:term":[{"taxonomy":"pwb-brand","embeddable":true,"href":"https:\/\/glamico.ee\/en\/wp-json\/wp\/v2\/pwb-brand?post=2086"},{"taxonomy":"product_brand","embeddable":true,"href":"https:\/\/glamico.ee\/en\/wp-json\/wp\/v2\/product_brand?post=2086"},{"taxonomy":"product_cat","embeddable":true,"href":"https:\/\/glamico.ee\/en\/wp-json\/wp\/v2\/product_cat?post=2086"},{"taxonomy":"product_tag","embeddable":true,"href":"https:\/\/glamico.ee\/en\/wp-json\/wp\/v2\/product_tag?post=2086"}],"curies":[{"name":"wp","href":"https:\/\/api.w.org\/{rel}","templated":true}]}}