{"id":2083,"date":"2025-12-01T11:09:05","date_gmt":"2025-12-01T09:09:05","guid":{"rendered":"https:\/\/glamico.ee\/?post_type=product&#038;p=2083"},"modified":"2025-12-01T11:09:05","modified_gmt":"2025-12-01T09:09:05","slug":"raywell-x18amino-building-leave-in-treatment-100ml","status":"publish","type":"product","link":"https:\/\/glamico.ee\/en\/pood\/raywell-x18amino-building-leave-in-treatment-100ml\/","title":{"rendered":"Raywell X18 juustesse j\u00e4etav hooldusvahend 100ml"},"content":{"rendered":"<p>X18 Aminohappeid sisaldav juustesse j\u00e4etav hooldusvahend (Leave-In Treatment)<br \/>\nKasutamiseks p\u00e4rast X17 taastavat maski (Rebuilding Mask x17) pealekandmist keratiini pol\u00fcpeptiidahelate j\u00e4rkj\u00e4rguliseks taastamiseks. See on ka tugevdav kaitsev hooldusvahend, mida saab kasutada enne ja p\u00e4rast keemilisi t\u00f6\u00f6tlusi<\/p>\n<p>Kasutamine: S\u00f5ltuvalt juuste pikkusest ja tihedusest, kandke 1\u20133 pumbat\u00e4it peopesale, h\u00f5\u00f5ruge k\u00e4te vahel, kuni moodustub valge pasta. Kandke peale alustades otstest ja liikudes juurte poole, tupsutades pastat \u00f5rnalt m\u00f6\u00f6da juuksepikkusi, keskendudes k\u00f5ige kahjustatumatele piirkondadele. Masseerige, kuni see on t\u00e4ielikult imendunud. Enne J\u00e4rgmise sammuna T\u00f6\u00f6tluse L\u00f5petavat Molekulaarset Pihustit (Molecular Sealant Polishing Spray) laske m\u00f5juda 4\u20135 minutit.<\/p>","protected":false},"excerpt":{"rendered":"<p>X18 Aminohappeid sisaldav juustesse j\u00e4etav hooldusvahend (Leave-In Treatment) Kasutamiseks p\u00e4rast X17 taastavat maski (Rebuilding Mask x17) pealekandmist keratiini pol\u00fcpeptiidahelate j\u00e4rkj\u00e4rguliseks taastamiseks. See on ka tugevdav kaitsev hooldusvahend, mida saab kasutada enne ja p\u00e4rast keemilisi t\u00f6\u00f6tlusi Kasutamine: S\u00f5ltuvalt juuste pikkusest ja tihedusest, kandke 1\u20133 pumbat\u00e4it peopesale, h\u00f5\u00f5ruge k\u00e4te vahel, kuni moodustub valge pasta. Kandke peale alustades otstest ja liikudes juurte poole, [&hellip;]<\/p>\n","protected":false},"featured_media":2084,"template":"","meta":[],"pwb-brand":[90],"product_brand":[],"product_cat":[32],"product_tag":[],"class_list":{"0":"post-2083","1":"product","2":"type-product","3":"status-publish","4":"has-post-thumbnail","6":"pwb-brand-raywell","7":"product_cat-juustele","9":"first","10":"instock","11":"taxable","12":"shipping-taxable","13":"purchasable","14":"product-type-simple"},"yoast_head":"<!-- This site is optimized with the Yoast SEO plugin v27.3 - https:\/\/yoast.com\/product\/yoast-seo-wordpress\/ -->\n<title>Raywell X18 juustesse j\u00e4etav hooldusvahend 100ml - Glamico<\/title>\n<meta name=\"robots\" content=\"index, follow, max-snippet:-1, max-image-preview:large, max-video-preview:-1\" \/>\n<link rel=\"canonical\" href=\"https:\/\/glamico.ee\/en\/pood\/raywell-x18amino-building-leave-in-treatment-100ml\/\" \/>\n<meta property=\"og:locale\" content=\"en_US\" \/>\n<meta property=\"og:type\" content=\"article\" \/>\n<meta property=\"og:title\" content=\"Raywell X18 juustesse j\u00e4etav hooldusvahend 100ml - Glamico\" \/>\n<meta property=\"og:description\" content=\"X18 Aminohappeid sisaldav juustesse j\u00e4etav hooldusvahend (Leave-In Treatment) Kasutamiseks p\u00e4rast X17 taastavat maski (Rebuilding Mask x17) pealekandmist keratiini pol\u00fcpeptiidahelate j\u00e4rkj\u00e4rguliseks taastamiseks. See on ka tugevdav kaitsev hooldusvahend, mida saab kasutada enne ja p\u00e4rast keemilisi t\u00f6\u00f6tlusi Kasutamine: S\u00f5ltuvalt juuste pikkusest ja tihedusest, kandke 1\u20133 pumbat\u00e4it peopesale, h\u00f5\u00f5ruge k\u00e4te vahel, kuni moodustub valge pasta. Kandke peale alustades otstest ja liikudes juurte poole, [&hellip;]\" \/>\n<meta property=\"og:url\" content=\"https:\/\/glamico.ee\/en\/pood\/raywell-x18amino-building-leave-in-treatment-100ml\/\" \/>\n<meta property=\"og:site_name\" content=\"Glamico\" \/>\n<meta property=\"og:image\" content=\"https:\/\/glamico.ee\/wp-content\/uploads\/2025\/12\/RAYWELL_BIOMIMETIC_X18_LEAVEON_150ml-8059307167932-RR502.webp\" \/>\n\t<meta property=\"og:image:width\" content=\"901\" \/>\n\t<meta property=\"og:image:height\" content=\"900\" \/>\n\t<meta property=\"og:image:type\" content=\"image\/webp\" \/>\n<meta name=\"twitter:card\" content=\"summary_large_image\" \/>\n<meta name=\"twitter:label1\" content=\"Est. reading time\" \/>\n\t<meta name=\"twitter:data1\" content=\"1 minute\" \/>\n<script type=\"application\/ld+json\" class=\"yoast-schema-graph\">{\"@context\":\"https:\\\/\\\/schema.org\",\"@graph\":[{\"@type\":\"WebPage\",\"@id\":\"https:\\\/\\\/glamico.ee\\\/pood\\\/raywell-x18amino-building-leave-in-treatment-100ml\\\/\",\"url\":\"https:\\\/\\\/glamico.ee\\\/pood\\\/raywell-x18amino-building-leave-in-treatment-100ml\\\/\",\"name\":\"Raywell X18 juustesse j\u00e4etav hooldusvahend 100ml - Glamico\",\"isPartOf\":{\"@id\":\"https:\\\/\\\/glamico.ee\\\/#website\"},\"primaryImageOfPage\":{\"@id\":\"https:\\\/\\\/glamico.ee\\\/pood\\\/raywell-x18amino-building-leave-in-treatment-100ml\\\/#primaryimage\"},\"image\":{\"@id\":\"https:\\\/\\\/glamico.ee\\\/pood\\\/raywell-x18amino-building-leave-in-treatment-100ml\\\/#primaryimage\"},\"thumbnailUrl\":\"https:\\\/\\\/glamico.ee\\\/wp-content\\\/uploads\\\/2025\\\/12\\\/RAYWELL_BIOMIMETIC_X18_LEAVEON_150ml-8059307167932-RR502.webp\",\"datePublished\":\"2025-12-01T09:09:05+00:00\",\"breadcrumb\":{\"@id\":\"https:\\\/\\\/glamico.ee\\\/pood\\\/raywell-x18amino-building-leave-in-treatment-100ml\\\/#breadcrumb\"},\"inLanguage\":\"en-US\",\"potentialAction\":[{\"@type\":\"ReadAction\",\"target\":[\"https:\\\/\\\/glamico.ee\\\/pood\\\/raywell-x18amino-building-leave-in-treatment-100ml\\\/\"]}]},{\"@type\":\"ImageObject\",\"inLanguage\":\"en-US\",\"@id\":\"https:\\\/\\\/glamico.ee\\\/pood\\\/raywell-x18amino-building-leave-in-treatment-100ml\\\/#primaryimage\",\"url\":\"https:\\\/\\\/glamico.ee\\\/wp-content\\\/uploads\\\/2025\\\/12\\\/RAYWELL_BIOMIMETIC_X18_LEAVEON_150ml-8059307167932-RR502.webp\",\"contentUrl\":\"https:\\\/\\\/glamico.ee\\\/wp-content\\\/uploads\\\/2025\\\/12\\\/RAYWELL_BIOMIMETIC_X18_LEAVEON_150ml-8059307167932-RR502.webp\",\"width\":901,\"height\":900},{\"@type\":\"BreadcrumbList\",\"@id\":\"https:\\\/\\\/glamico.ee\\\/pood\\\/raywell-x18amino-building-leave-in-treatment-100ml\\\/#breadcrumb\",\"itemListElement\":[{\"@type\":\"ListItem\",\"position\":1,\"name\":\"Home\",\"item\":\"https:\\\/\\\/glamico.ee\\\/\"},{\"@type\":\"ListItem\",\"position\":2,\"name\":\"Pood\",\"item\":\"https:\\\/\\\/glamico.ee\\\/pood\\\/\"},{\"@type\":\"ListItem\",\"position\":3,\"name\":\"Raywell X18 juustesse j\u00e4etav hooldusvahend 100ml\"}]},{\"@type\":\"WebSite\",\"@id\":\"https:\\\/\\\/glamico.ee\\\/#website\",\"url\":\"https:\\\/\\\/glamico.ee\\\/\",\"name\":\"Glamico\",\"description\":\"Ilutooted\",\"publisher\":{\"@id\":\"https:\\\/\\\/glamico.ee\\\/#organization\"},\"potentialAction\":[{\"@type\":\"SearchAction\",\"target\":{\"@type\":\"EntryPoint\",\"urlTemplate\":\"https:\\\/\\\/glamico.ee\\\/?s={search_term_string}\"},\"query-input\":{\"@type\":\"PropertyValueSpecification\",\"valueRequired\":true,\"valueName\":\"search_term_string\"}}],\"inLanguage\":\"en-US\"},{\"@type\":\"Organization\",\"@id\":\"https:\\\/\\\/glamico.ee\\\/#organization\",\"name\":\"Glamico Baltics O\u00dc\",\"url\":\"https:\\\/\\\/glamico.ee\\\/\",\"logo\":{\"@type\":\"ImageObject\",\"inLanguage\":\"en-US\",\"@id\":\"https:\\\/\\\/glamico.ee\\\/#\\\/schema\\\/logo\\\/image\\\/\",\"url\":\"https:\\\/\\\/glamico.ee\\\/wp-content\\\/uploads\\\/2025\\\/11\\\/Glamico-1.png\",\"contentUrl\":\"https:\\\/\\\/glamico.ee\\\/wp-content\\\/uploads\\\/2025\\\/11\\\/Glamico-1.png\",\"width\":627,\"height\":400,\"caption\":\"Glamico Baltics O\u00dc\"},\"image\":{\"@id\":\"https:\\\/\\\/glamico.ee\\\/#\\\/schema\\\/logo\\\/image\\\/\"},\"sameAs\":[\"https:\\\/\\\/www.instagram.com\\\/glamico.ee\\\/\"]}]}<\/script>\n<!-- \/ Yoast SEO plugin. -->","yoast_head_json":{"title":"Raywell X18 juustesse j\u00e4etav hooldusvahend 100ml - Glamico","robots":{"index":"index","follow":"follow","max-snippet":"max-snippet:-1","max-image-preview":"max-image-preview:large","max-video-preview":"max-video-preview:-1"},"canonical":"https:\/\/glamico.ee\/en\/pood\/raywell-x18amino-building-leave-in-treatment-100ml\/","og_locale":"en_US","og_type":"article","og_title":"Raywell X18 juustesse j\u00e4etav hooldusvahend 100ml - Glamico","og_description":"X18 Aminohappeid sisaldav juustesse j\u00e4etav hooldusvahend (Leave-In Treatment) Kasutamiseks p\u00e4rast X17 taastavat maski (Rebuilding Mask x17) pealekandmist keratiini pol\u00fcpeptiidahelate j\u00e4rkj\u00e4rguliseks taastamiseks. See on ka tugevdav kaitsev hooldusvahend, mida saab kasutada enne ja p\u00e4rast keemilisi t\u00f6\u00f6tlusi Kasutamine: S\u00f5ltuvalt juuste pikkusest ja tihedusest, kandke 1\u20133 pumbat\u00e4it peopesale, h\u00f5\u00f5ruge k\u00e4te vahel, kuni moodustub valge pasta. Kandke peale alustades otstest ja liikudes juurte poole, [&hellip;]","og_url":"https:\/\/glamico.ee\/en\/pood\/raywell-x18amino-building-leave-in-treatment-100ml\/","og_site_name":"Glamico","og_image":[{"width":901,"height":900,"url":"https:\/\/glamico.ee\/wp-content\/uploads\/2025\/12\/RAYWELL_BIOMIMETIC_X18_LEAVEON_150ml-8059307167932-RR502.webp","type":"image\/webp"}],"twitter_card":"summary_large_image","twitter_misc":{"Est. reading time":"1 minute"},"schema":{"@context":"https:\/\/schema.org","@graph":[{"@type":"WebPage","@id":"https:\/\/glamico.ee\/pood\/raywell-x18amino-building-leave-in-treatment-100ml\/","url":"https:\/\/glamico.ee\/pood\/raywell-x18amino-building-leave-in-treatment-100ml\/","name":"Raywell X18 juustesse j\u00e4etav hooldusvahend 100ml - Glamico","isPartOf":{"@id":"https:\/\/glamico.ee\/#website"},"primaryImageOfPage":{"@id":"https:\/\/glamico.ee\/pood\/raywell-x18amino-building-leave-in-treatment-100ml\/#primaryimage"},"image":{"@id":"https:\/\/glamico.ee\/pood\/raywell-x18amino-building-leave-in-treatment-100ml\/#primaryimage"},"thumbnailUrl":"https:\/\/glamico.ee\/wp-content\/uploads\/2025\/12\/RAYWELL_BIOMIMETIC_X18_LEAVEON_150ml-8059307167932-RR502.webp","datePublished":"2025-12-01T09:09:05+00:00","breadcrumb":{"@id":"https:\/\/glamico.ee\/pood\/raywell-x18amino-building-leave-in-treatment-100ml\/#breadcrumb"},"inLanguage":"en-US","potentialAction":[{"@type":"ReadAction","target":["https:\/\/glamico.ee\/pood\/raywell-x18amino-building-leave-in-treatment-100ml\/"]}]},{"@type":"ImageObject","inLanguage":"en-US","@id":"https:\/\/glamico.ee\/pood\/raywell-x18amino-building-leave-in-treatment-100ml\/#primaryimage","url":"https:\/\/glamico.ee\/wp-content\/uploads\/2025\/12\/RAYWELL_BIOMIMETIC_X18_LEAVEON_150ml-8059307167932-RR502.webp","contentUrl":"https:\/\/glamico.ee\/wp-content\/uploads\/2025\/12\/RAYWELL_BIOMIMETIC_X18_LEAVEON_150ml-8059307167932-RR502.webp","width":901,"height":900},{"@type":"BreadcrumbList","@id":"https:\/\/glamico.ee\/pood\/raywell-x18amino-building-leave-in-treatment-100ml\/#breadcrumb","itemListElement":[{"@type":"ListItem","position":1,"name":"Home","item":"https:\/\/glamico.ee\/"},{"@type":"ListItem","position":2,"name":"Pood","item":"https:\/\/glamico.ee\/pood\/"},{"@type":"ListItem","position":3,"name":"Raywell X18 juustesse j\u00e4etav hooldusvahend 100ml"}]},{"@type":"WebSite","@id":"https:\/\/glamico.ee\/#website","url":"https:\/\/glamico.ee\/","name":"Glamico","description":"Ilutooted","publisher":{"@id":"https:\/\/glamico.ee\/#organization"},"potentialAction":[{"@type":"SearchAction","target":{"@type":"EntryPoint","urlTemplate":"https:\/\/glamico.ee\/?s={search_term_string}"},"query-input":{"@type":"PropertyValueSpecification","valueRequired":true,"valueName":"search_term_string"}}],"inLanguage":"en-US"},{"@type":"Organization","@id":"https:\/\/glamico.ee\/#organization","name":"Glamico Baltics O\u00dc","url":"https:\/\/glamico.ee\/","logo":{"@type":"ImageObject","inLanguage":"en-US","@id":"https:\/\/glamico.ee\/#\/schema\/logo\/image\/","url":"https:\/\/glamico.ee\/wp-content\/uploads\/2025\/11\/Glamico-1.png","contentUrl":"https:\/\/glamico.ee\/wp-content\/uploads\/2025\/11\/Glamico-1.png","width":627,"height":400,"caption":"Glamico Baltics O\u00dc"},"image":{"@id":"https:\/\/glamico.ee\/#\/schema\/logo\/image\/"},"sameAs":["https:\/\/www.instagram.com\/glamico.ee\/"]}]}},"brands":[{"id":90,"name":"Raywell","slug":"raywell"}],"_links":{"self":[{"href":"https:\/\/glamico.ee\/en\/wp-json\/wp\/v2\/product\/2083","targetHints":{"allow":["GET"]}}],"collection":[{"href":"https:\/\/glamico.ee\/en\/wp-json\/wp\/v2\/product"}],"about":[{"href":"https:\/\/glamico.ee\/en\/wp-json\/wp\/v2\/types\/product"}],"version-history":[{"count":1,"href":"https:\/\/glamico.ee\/en\/wp-json\/wp\/v2\/product\/2083\/revisions"}],"predecessor-version":[{"id":2085,"href":"https:\/\/glamico.ee\/en\/wp-json\/wp\/v2\/product\/2083\/revisions\/2085"}],"wp:featuredmedia":[{"embeddable":true,"href":"https:\/\/glamico.ee\/en\/wp-json\/wp\/v2\/media\/2084"}],"wp:attachment":[{"href":"https:\/\/glamico.ee\/en\/wp-json\/wp\/v2\/media?parent=2083"}],"wp:term":[{"taxonomy":"pwb-brand","embeddable":true,"href":"https:\/\/glamico.ee\/en\/wp-json\/wp\/v2\/pwb-brand?post=2083"},{"taxonomy":"product_brand","embeddable":true,"href":"https:\/\/glamico.ee\/en\/wp-json\/wp\/v2\/product_brand?post=2083"},{"taxonomy":"product_cat","embeddable":true,"href":"https:\/\/glamico.ee\/en\/wp-json\/wp\/v2\/product_cat?post=2083"},{"taxonomy":"product_tag","embeddable":true,"href":"https:\/\/glamico.ee\/en\/wp-json\/wp\/v2\/product_tag?post=2083"}],"curies":[{"name":"wp","href":"https:\/\/api.w.org\/{rel}","templated":true}]}}