{"id":2055,"date":"2025-11-29T18:57:14","date_gmt":"2025-11-29T16:57:14","guid":{"rendered":"https:\/\/glamico.ee\/?post_type=product&#038;p=2055"},"modified":"2025-11-29T18:57:14","modified_gmt":"2025-11-29T16:57:14","slug":"raywell-volume-shampoo-250ml","status":"publish","type":"product","link":"https:\/\/glamico.ee\/en\/pood\/raywell-volume-shampoo-250ml\/","title":{"rendered":"Raywell vol\u00fc\u00fcmi andev \u0161ampoon 250ml"},"content":{"rendered":"<p>Vol\u00fc\u00fcmi andev \u0161ampoon. Peentele ja n\u00f5rgenenud juustele. Sisaldab keratiini, kameelia\u00f5li ja vol\u00fc\u00fcmi andvaid aineid. Keratiin taastab juuste struktuuri, muutes need paksemaks ja kohevamaks. See suurendab visuaalselt juuste vol\u00fc\u00fcmi juurtest otsteni, andes soengule vol\u00fc\u00fcmikama ja \u00f5hulisema v\u00e4limuse.<\/p>\n<p>Koostis: Water (Aqua), Sodium C14\u201116 Olefin Sulfonate, Sodium Cocoamphoacetate, Cocamidopropyl Betaine, PEG\u20117 Glyceryl Cocoate, Cocamide MEA, Ethyltrimonium Chloride Methacrylate\/Hydrolyzed Wheat Protein Copolymer, Polyquaternium\u20117, Hydroxypropyl Guar Hydroxypropyltrimonium Chloride, Hydrolyzed Keratin, Camellia japonica Seed Oil, Glycerin, Fragrance (Parfum), Imidazolidinyl Urea, Phenoxyethanol, Benzoic Acid, Dehydroacetic Acid, Ethylhexylglycerin, Disodium EDTA, Methylchloroisothiazolinone (MCI), Methylisothiazolinone (MI).<\/p>","protected":false},"excerpt":{"rendered":"<p>Vol\u00fc\u00fcmi andev \u0161ampoon. Peentele ja n\u00f5rgenenud juustele. Sisaldab keratiini, kameelia\u00f5li ja vol\u00fc\u00fcmi andvaid aineid. Keratiin taastab juuste struktuuri, muutes need paksemaks ja kohevamaks. See suurendab visuaalselt juuste vol\u00fc\u00fcmi juurtest otsteni, andes soengule vol\u00fc\u00fcmikama ja \u00f5hulisema v\u00e4limuse. Koostis: Water (Aqua), Sodium C14\u201116 Olefin Sulfonate, Sodium Cocoamphoacetate, Cocamidopropyl Betaine, PEG\u20117 Glyceryl Cocoate, Cocamide MEA, Ethyltrimonium Chloride Methacrylate\/Hydrolyzed Wheat Protein Copolymer, Polyquaternium\u20117, Hydroxypropyl [&hellip;]<\/p>\n","protected":false},"featured_media":2056,"template":"","meta":[],"pwb-brand":[90],"product_brand":[],"product_cat":[32],"product_tag":[],"class_list":{"0":"post-2055","1":"product","2":"type-product","3":"status-publish","4":"has-post-thumbnail","6":"pwb-brand-raywell","7":"product_cat-juustele","9":"first","10":"instock","11":"taxable","12":"shipping-taxable","13":"purchasable","14":"product-type-simple"},"yoast_head":"<!-- This site is optimized with the Yoast SEO plugin v27.3 - https:\/\/yoast.com\/product\/yoast-seo-wordpress\/ -->\n<title>Raywell vol\u00fc\u00fcmi andev \u0161ampoon 250ml - Glamico<\/title>\n<meta name=\"robots\" content=\"index, follow, max-snippet:-1, max-image-preview:large, max-video-preview:-1\" \/>\n<link rel=\"canonical\" href=\"https:\/\/glamico.ee\/en\/pood\/raywell-volume-shampoo-250ml\/\" \/>\n<meta property=\"og:locale\" content=\"en_US\" \/>\n<meta property=\"og:type\" content=\"article\" \/>\n<meta property=\"og:title\" content=\"Raywell vol\u00fc\u00fcmi andev \u0161ampoon 250ml - Glamico\" \/>\n<meta property=\"og:description\" content=\"Vol\u00fc\u00fcmi andev \u0161ampoon. Peentele ja n\u00f5rgenenud juustele. Sisaldab keratiini, kameelia\u00f5li ja vol\u00fc\u00fcmi andvaid aineid. Keratiin taastab juuste struktuuri, muutes need paksemaks ja kohevamaks. See suurendab visuaalselt juuste vol\u00fc\u00fcmi juurtest otsteni, andes soengule vol\u00fc\u00fcmikama ja \u00f5hulisema v\u00e4limuse. Koostis: Water (Aqua), Sodium C14\u201116 Olefin Sulfonate, Sodium Cocoamphoacetate, Cocamidopropyl Betaine, PEG\u20117 Glyceryl Cocoate, Cocamide MEA, Ethyltrimonium Chloride Methacrylate\/Hydrolyzed Wheat Protein Copolymer, Polyquaternium\u20117, Hydroxypropyl [&hellip;]\" \/>\n<meta property=\"og:url\" content=\"https:\/\/glamico.ee\/en\/pood\/raywell-volume-shampoo-250ml\/\" \/>\n<meta property=\"og:site_name\" content=\"Glamico\" \/>\n<meta property=\"og:image\" content=\"https:\/\/glamico.ee\/wp-content\/uploads\/2025\/11\/Raywell-Bio-Kera-Protettivo-Volumizzante-8055349245126-RR351.png\" \/>\n\t<meta property=\"og:image:width\" content=\"900\" \/>\n\t<meta property=\"og:image:height\" content=\"900\" \/>\n\t<meta property=\"og:image:type\" content=\"image\/png\" \/>\n<meta name=\"twitter:card\" content=\"summary_large_image\" \/>\n<meta name=\"twitter:label1\" content=\"Est. reading time\" \/>\n\t<meta name=\"twitter:data1\" content=\"1 minute\" \/>\n<script type=\"application\/ld+json\" class=\"yoast-schema-graph\">{\"@context\":\"https:\\\/\\\/schema.org\",\"@graph\":[{\"@type\":\"WebPage\",\"@id\":\"https:\\\/\\\/glamico.ee\\\/pood\\\/raywell-volume-shampoo-250ml\\\/\",\"url\":\"https:\\\/\\\/glamico.ee\\\/pood\\\/raywell-volume-shampoo-250ml\\\/\",\"name\":\"Raywell vol\u00fc\u00fcmi andev \u0161ampoon 250ml - Glamico\",\"isPartOf\":{\"@id\":\"https:\\\/\\\/glamico.ee\\\/#website\"},\"primaryImageOfPage\":{\"@id\":\"https:\\\/\\\/glamico.ee\\\/pood\\\/raywell-volume-shampoo-250ml\\\/#primaryimage\"},\"image\":{\"@id\":\"https:\\\/\\\/glamico.ee\\\/pood\\\/raywell-volume-shampoo-250ml\\\/#primaryimage\"},\"thumbnailUrl\":\"https:\\\/\\\/glamico.ee\\\/wp-content\\\/uploads\\\/2025\\\/11\\\/Raywell-Bio-Kera-Protettivo-Volumizzante-8055349245126-RR351.png\",\"datePublished\":\"2025-11-29T16:57:14+00:00\",\"breadcrumb\":{\"@id\":\"https:\\\/\\\/glamico.ee\\\/pood\\\/raywell-volume-shampoo-250ml\\\/#breadcrumb\"},\"inLanguage\":\"en-US\",\"potentialAction\":[{\"@type\":\"ReadAction\",\"target\":[\"https:\\\/\\\/glamico.ee\\\/pood\\\/raywell-volume-shampoo-250ml\\\/\"]}]},{\"@type\":\"ImageObject\",\"inLanguage\":\"en-US\",\"@id\":\"https:\\\/\\\/glamico.ee\\\/pood\\\/raywell-volume-shampoo-250ml\\\/#primaryimage\",\"url\":\"https:\\\/\\\/glamico.ee\\\/wp-content\\\/uploads\\\/2025\\\/11\\\/Raywell-Bio-Kera-Protettivo-Volumizzante-8055349245126-RR351.png\",\"contentUrl\":\"https:\\\/\\\/glamico.ee\\\/wp-content\\\/uploads\\\/2025\\\/11\\\/Raywell-Bio-Kera-Protettivo-Volumizzante-8055349245126-RR351.png\",\"width\":900,\"height\":900},{\"@type\":\"BreadcrumbList\",\"@id\":\"https:\\\/\\\/glamico.ee\\\/pood\\\/raywell-volume-shampoo-250ml\\\/#breadcrumb\",\"itemListElement\":[{\"@type\":\"ListItem\",\"position\":1,\"name\":\"Home\",\"item\":\"https:\\\/\\\/glamico.ee\\\/\"},{\"@type\":\"ListItem\",\"position\":2,\"name\":\"Pood\",\"item\":\"https:\\\/\\\/glamico.ee\\\/pood\\\/\"},{\"@type\":\"ListItem\",\"position\":3,\"name\":\"Raywell vol\u00fc\u00fcmi andev \u0161ampoon 250ml\"}]},{\"@type\":\"WebSite\",\"@id\":\"https:\\\/\\\/glamico.ee\\\/#website\",\"url\":\"https:\\\/\\\/glamico.ee\\\/\",\"name\":\"Glamico\",\"description\":\"Ilutooted\",\"publisher\":{\"@id\":\"https:\\\/\\\/glamico.ee\\\/#organization\"},\"potentialAction\":[{\"@type\":\"SearchAction\",\"target\":{\"@type\":\"EntryPoint\",\"urlTemplate\":\"https:\\\/\\\/glamico.ee\\\/?s={search_term_string}\"},\"query-input\":{\"@type\":\"PropertyValueSpecification\",\"valueRequired\":true,\"valueName\":\"search_term_string\"}}],\"inLanguage\":\"en-US\"},{\"@type\":\"Organization\",\"@id\":\"https:\\\/\\\/glamico.ee\\\/#organization\",\"name\":\"Glamico Baltics O\u00dc\",\"url\":\"https:\\\/\\\/glamico.ee\\\/\",\"logo\":{\"@type\":\"ImageObject\",\"inLanguage\":\"en-US\",\"@id\":\"https:\\\/\\\/glamico.ee\\\/#\\\/schema\\\/logo\\\/image\\\/\",\"url\":\"https:\\\/\\\/glamico.ee\\\/wp-content\\\/uploads\\\/2025\\\/11\\\/Glamico-1.png\",\"contentUrl\":\"https:\\\/\\\/glamico.ee\\\/wp-content\\\/uploads\\\/2025\\\/11\\\/Glamico-1.png\",\"width\":627,\"height\":400,\"caption\":\"Glamico Baltics O\u00dc\"},\"image\":{\"@id\":\"https:\\\/\\\/glamico.ee\\\/#\\\/schema\\\/logo\\\/image\\\/\"},\"sameAs\":[\"https:\\\/\\\/www.instagram.com\\\/glamico.ee\\\/\"]}]}<\/script>\n<!-- \/ Yoast SEO plugin. -->","yoast_head_json":{"title":"Raywell vol\u00fc\u00fcmi andev \u0161ampoon 250ml - Glamico","robots":{"index":"index","follow":"follow","max-snippet":"max-snippet:-1","max-image-preview":"max-image-preview:large","max-video-preview":"max-video-preview:-1"},"canonical":"https:\/\/glamico.ee\/en\/pood\/raywell-volume-shampoo-250ml\/","og_locale":"en_US","og_type":"article","og_title":"Raywell vol\u00fc\u00fcmi andev \u0161ampoon 250ml - Glamico","og_description":"Vol\u00fc\u00fcmi andev \u0161ampoon. Peentele ja n\u00f5rgenenud juustele. Sisaldab keratiini, kameelia\u00f5li ja vol\u00fc\u00fcmi andvaid aineid. Keratiin taastab juuste struktuuri, muutes need paksemaks ja kohevamaks. See suurendab visuaalselt juuste vol\u00fc\u00fcmi juurtest otsteni, andes soengule vol\u00fc\u00fcmikama ja \u00f5hulisema v\u00e4limuse. Koostis: Water (Aqua), Sodium C14\u201116 Olefin Sulfonate, Sodium Cocoamphoacetate, Cocamidopropyl Betaine, PEG\u20117 Glyceryl Cocoate, Cocamide MEA, Ethyltrimonium Chloride Methacrylate\/Hydrolyzed Wheat Protein Copolymer, Polyquaternium\u20117, Hydroxypropyl [&hellip;]","og_url":"https:\/\/glamico.ee\/en\/pood\/raywell-volume-shampoo-250ml\/","og_site_name":"Glamico","og_image":[{"width":900,"height":900,"url":"https:\/\/glamico.ee\/wp-content\/uploads\/2025\/11\/Raywell-Bio-Kera-Protettivo-Volumizzante-8055349245126-RR351.png","type":"image\/png"}],"twitter_card":"summary_large_image","twitter_misc":{"Est. reading time":"1 minute"},"schema":{"@context":"https:\/\/schema.org","@graph":[{"@type":"WebPage","@id":"https:\/\/glamico.ee\/pood\/raywell-volume-shampoo-250ml\/","url":"https:\/\/glamico.ee\/pood\/raywell-volume-shampoo-250ml\/","name":"Raywell vol\u00fc\u00fcmi andev \u0161ampoon 250ml - Glamico","isPartOf":{"@id":"https:\/\/glamico.ee\/#website"},"primaryImageOfPage":{"@id":"https:\/\/glamico.ee\/pood\/raywell-volume-shampoo-250ml\/#primaryimage"},"image":{"@id":"https:\/\/glamico.ee\/pood\/raywell-volume-shampoo-250ml\/#primaryimage"},"thumbnailUrl":"https:\/\/glamico.ee\/wp-content\/uploads\/2025\/11\/Raywell-Bio-Kera-Protettivo-Volumizzante-8055349245126-RR351.png","datePublished":"2025-11-29T16:57:14+00:00","breadcrumb":{"@id":"https:\/\/glamico.ee\/pood\/raywell-volume-shampoo-250ml\/#breadcrumb"},"inLanguage":"en-US","potentialAction":[{"@type":"ReadAction","target":["https:\/\/glamico.ee\/pood\/raywell-volume-shampoo-250ml\/"]}]},{"@type":"ImageObject","inLanguage":"en-US","@id":"https:\/\/glamico.ee\/pood\/raywell-volume-shampoo-250ml\/#primaryimage","url":"https:\/\/glamico.ee\/wp-content\/uploads\/2025\/11\/Raywell-Bio-Kera-Protettivo-Volumizzante-8055349245126-RR351.png","contentUrl":"https:\/\/glamico.ee\/wp-content\/uploads\/2025\/11\/Raywell-Bio-Kera-Protettivo-Volumizzante-8055349245126-RR351.png","width":900,"height":900},{"@type":"BreadcrumbList","@id":"https:\/\/glamico.ee\/pood\/raywell-volume-shampoo-250ml\/#breadcrumb","itemListElement":[{"@type":"ListItem","position":1,"name":"Home","item":"https:\/\/glamico.ee\/"},{"@type":"ListItem","position":2,"name":"Pood","item":"https:\/\/glamico.ee\/pood\/"},{"@type":"ListItem","position":3,"name":"Raywell vol\u00fc\u00fcmi andev \u0161ampoon 250ml"}]},{"@type":"WebSite","@id":"https:\/\/glamico.ee\/#website","url":"https:\/\/glamico.ee\/","name":"Glamico","description":"Ilutooted","publisher":{"@id":"https:\/\/glamico.ee\/#organization"},"potentialAction":[{"@type":"SearchAction","target":{"@type":"EntryPoint","urlTemplate":"https:\/\/glamico.ee\/?s={search_term_string}"},"query-input":{"@type":"PropertyValueSpecification","valueRequired":true,"valueName":"search_term_string"}}],"inLanguage":"en-US"},{"@type":"Organization","@id":"https:\/\/glamico.ee\/#organization","name":"Glamico Baltics O\u00dc","url":"https:\/\/glamico.ee\/","logo":{"@type":"ImageObject","inLanguage":"en-US","@id":"https:\/\/glamico.ee\/#\/schema\/logo\/image\/","url":"https:\/\/glamico.ee\/wp-content\/uploads\/2025\/11\/Glamico-1.png","contentUrl":"https:\/\/glamico.ee\/wp-content\/uploads\/2025\/11\/Glamico-1.png","width":627,"height":400,"caption":"Glamico Baltics O\u00dc"},"image":{"@id":"https:\/\/glamico.ee\/#\/schema\/logo\/image\/"},"sameAs":["https:\/\/www.instagram.com\/glamico.ee\/"]}]}},"brands":[{"id":90,"name":"Raywell","slug":"raywell"}],"_links":{"self":[{"href":"https:\/\/glamico.ee\/en\/wp-json\/wp\/v2\/product\/2055","targetHints":{"allow":["GET"]}}],"collection":[{"href":"https:\/\/glamico.ee\/en\/wp-json\/wp\/v2\/product"}],"about":[{"href":"https:\/\/glamico.ee\/en\/wp-json\/wp\/v2\/types\/product"}],"version-history":[{"count":1,"href":"https:\/\/glamico.ee\/en\/wp-json\/wp\/v2\/product\/2055\/revisions"}],"predecessor-version":[{"id":2057,"href":"https:\/\/glamico.ee\/en\/wp-json\/wp\/v2\/product\/2055\/revisions\/2057"}],"wp:featuredmedia":[{"embeddable":true,"href":"https:\/\/glamico.ee\/en\/wp-json\/wp\/v2\/media\/2056"}],"wp:attachment":[{"href":"https:\/\/glamico.ee\/en\/wp-json\/wp\/v2\/media?parent=2055"}],"wp:term":[{"taxonomy":"pwb-brand","embeddable":true,"href":"https:\/\/glamico.ee\/en\/wp-json\/wp\/v2\/pwb-brand?post=2055"},{"taxonomy":"product_brand","embeddable":true,"href":"https:\/\/glamico.ee\/en\/wp-json\/wp\/v2\/product_brand?post=2055"},{"taxonomy":"product_cat","embeddable":true,"href":"https:\/\/glamico.ee\/en\/wp-json\/wp\/v2\/product_cat?post=2055"},{"taxonomy":"product_tag","embeddable":true,"href":"https:\/\/glamico.ee\/en\/wp-json\/wp\/v2\/product_tag?post=2055"}],"curies":[{"name":"wp","href":"https:\/\/api.w.org\/{rel}","templated":true}]}}