{"id":2050,"date":"2025-11-29T18:44:42","date_gmt":"2025-11-29T16:44:42","guid":{"rendered":"https:\/\/glamico.ee\/?post_type=product&#038;p=2050"},"modified":"2025-11-29T18:46:01","modified_gmt":"2025-11-29T16:46:01","slug":"raywell-niisutav-juuksemask-250ml","status":"publish","type":"product","link":"https:\/\/glamico.ee\/en\/pood\/raywell-niisutav-juuksemask-250ml\/","title":{"rendered":"Raywell niisutav juuksemask 250ml"},"content":{"rendered":"<p>Orgaaniline niisutav juuksemask.<br \/>\nKuivadele, kahustele juustele m\u00f5eldud hooldusvahend, mis on loodud rohelise kosmeetika abil. Sisaldab ylang-ylangi eeterlikku \u00f5li, kameelia\u00f5li ja palsamit, mis toidavad, kaitsevad, annavad pehmuse, kohese l\u00e4ike ja teeb juuksed kergemini kammitavaks.<\/p>\n<p>Kasutamine: Peale juuste pesemist \u0161ampooniga kanna r\u00e4tikuivadesse juustesse ja lse m\u00f5juda 3 minutit. Loputa hoolikalt<\/p>\n<p>Koostis: Aqua (Water), Cetyl alcohol, Myristyl alcohol, Behentrimonium chloride, Cetrimonium chloride, Phenoxyethanol, Benzoic acid, Dehydroacetic acid, Ethylhexylglycerin, Polyaminopropyl biguanide, Imidazolidinyl urea, Parfum (Fragrance), Steardimonium hydroxypropyl panthenyl PEG\u20117 dimethicone phosphate chloride, Disodium EDTA, Camellia japonica seed oil, Citric acid, CI 19140 (Acid Yellow 23), CI 14720 (Acid Red 14), CI 16255 (Acid Red 18), CI 73015 (Acid Blue 74), CI 28440 (Brilliant Black\u202f1).<\/p>","protected":false},"excerpt":{"rendered":"<p>Orgaaniline niisutav juuksemask. Kuivadele, kahustele juustele m\u00f5eldud hooldusvahend, mis on loodud rohelise kosmeetika abil. Sisaldab ylang-ylangi eeterlikku \u00f5li, kameelia\u00f5li ja palsamit, mis toidavad, kaitsevad, annavad pehmuse, kohese l\u00e4ike ja teeb juuksed kergemini kammitavaks. Kasutamine: Peale juuste pesemist \u0161ampooniga kanna r\u00e4tikuivadesse juustesse ja lse m\u00f5juda 3 minutit. Loputa hoolikalt Koostis: Aqua (Water), Cetyl alcohol, Myristyl alcohol, Behentrimonium chloride, Cetrimonium chloride, Phenoxyethanol, [&hellip;]<\/p>\n","protected":false},"featured_media":2051,"template":"","meta":[],"pwb-brand":[90],"product_brand":[],"product_cat":[32],"product_tag":[],"class_list":{"0":"post-2050","1":"product","2":"type-product","3":"status-publish","4":"has-post-thumbnail","6":"pwb-brand-raywell","7":"product_cat-juustele","9":"first","10":"instock","11":"taxable","12":"shipping-taxable","13":"purchasable","14":"product-type-simple"},"yoast_head":"<!-- This site is optimized with the Yoast SEO plugin v27.3 - https:\/\/yoast.com\/product\/yoast-seo-wordpress\/ -->\n<title>Raywell niisutav juuksemask 250ml - Glamico<\/title>\n<meta name=\"robots\" content=\"index, follow, max-snippet:-1, max-image-preview:large, max-video-preview:-1\" \/>\n<link rel=\"canonical\" href=\"https:\/\/glamico.ee\/en\/pood\/raywell-niisutav-juuksemask-250ml\/\" \/>\n<meta property=\"og:locale\" content=\"en_US\" \/>\n<meta property=\"og:type\" content=\"article\" \/>\n<meta property=\"og:title\" content=\"Raywell niisutav juuksemask 250ml - Glamico\" \/>\n<meta property=\"og:description\" content=\"Orgaaniline niisutav juuksemask. Kuivadele, kahustele juustele m\u00f5eldud hooldusvahend, mis on loodud rohelise kosmeetika abil. Sisaldab ylang-ylangi eeterlikku \u00f5li, kameelia\u00f5li ja palsamit, mis toidavad, kaitsevad, annavad pehmuse, kohese l\u00e4ike ja teeb juuksed kergemini kammitavaks. Kasutamine: Peale juuste pesemist \u0161ampooniga kanna r\u00e4tikuivadesse juustesse ja lse m\u00f5juda 3 minutit. Loputa hoolikalt Koostis: Aqua (Water), Cetyl alcohol, Myristyl alcohol, Behentrimonium chloride, Cetrimonium chloride, Phenoxyethanol, [&hellip;]\" \/>\n<meta property=\"og:url\" content=\"https:\/\/glamico.ee\/en\/pood\/raywell-niisutav-juuksemask-250ml\/\" \/>\n<meta property=\"og:site_name\" content=\"Glamico\" \/>\n<meta property=\"article:modified_time\" content=\"2025-11-29T16:46:01+00:00\" \/>\n<meta property=\"og:image\" content=\"https:\/\/glamico.ee\/wp-content\/uploads\/2025\/11\/Nimetu-Raywell-Bio-Hidra-Mask-8055349243054-RR346.png\" \/>\n\t<meta property=\"og:image:width\" content=\"900\" \/>\n\t<meta property=\"og:image:height\" content=\"900\" \/>\n\t<meta property=\"og:image:type\" content=\"image\/png\" \/>\n<meta name=\"twitter:card\" content=\"summary_large_image\" \/>\n<meta name=\"twitter:label1\" content=\"Est. reading time\" \/>\n\t<meta name=\"twitter:data1\" content=\"1 minute\" \/>\n<script type=\"application\/ld+json\" class=\"yoast-schema-graph\">{\"@context\":\"https:\\\/\\\/schema.org\",\"@graph\":[{\"@type\":\"WebPage\",\"@id\":\"https:\\\/\\\/glamico.ee\\\/pood\\\/raywell-niisutav-juuksemask-250ml\\\/\",\"url\":\"https:\\\/\\\/glamico.ee\\\/pood\\\/raywell-niisutav-juuksemask-250ml\\\/\",\"name\":\"Raywell niisutav juuksemask 250ml - Glamico\",\"isPartOf\":{\"@id\":\"https:\\\/\\\/glamico.ee\\\/#website\"},\"primaryImageOfPage\":{\"@id\":\"https:\\\/\\\/glamico.ee\\\/pood\\\/raywell-niisutav-juuksemask-250ml\\\/#primaryimage\"},\"image\":{\"@id\":\"https:\\\/\\\/glamico.ee\\\/pood\\\/raywell-niisutav-juuksemask-250ml\\\/#primaryimage\"},\"thumbnailUrl\":\"https:\\\/\\\/glamico.ee\\\/wp-content\\\/uploads\\\/2025\\\/11\\\/Nimetu-Raywell-Bio-Hidra-Mask-8055349243054-RR346.png\",\"datePublished\":\"2025-11-29T16:44:42+00:00\",\"dateModified\":\"2025-11-29T16:46:01+00:00\",\"breadcrumb\":{\"@id\":\"https:\\\/\\\/glamico.ee\\\/pood\\\/raywell-niisutav-juuksemask-250ml\\\/#breadcrumb\"},\"inLanguage\":\"en-US\",\"potentialAction\":[{\"@type\":\"ReadAction\",\"target\":[\"https:\\\/\\\/glamico.ee\\\/pood\\\/raywell-niisutav-juuksemask-250ml\\\/\"]}]},{\"@type\":\"ImageObject\",\"inLanguage\":\"en-US\",\"@id\":\"https:\\\/\\\/glamico.ee\\\/pood\\\/raywell-niisutav-juuksemask-250ml\\\/#primaryimage\",\"url\":\"https:\\\/\\\/glamico.ee\\\/wp-content\\\/uploads\\\/2025\\\/11\\\/Nimetu-Raywell-Bio-Hidra-Mask-8055349243054-RR346.png\",\"contentUrl\":\"https:\\\/\\\/glamico.ee\\\/wp-content\\\/uploads\\\/2025\\\/11\\\/Nimetu-Raywell-Bio-Hidra-Mask-8055349243054-RR346.png\",\"width\":900,\"height\":900},{\"@type\":\"BreadcrumbList\",\"@id\":\"https:\\\/\\\/glamico.ee\\\/pood\\\/raywell-niisutav-juuksemask-250ml\\\/#breadcrumb\",\"itemListElement\":[{\"@type\":\"ListItem\",\"position\":1,\"name\":\"Home\",\"item\":\"https:\\\/\\\/glamico.ee\\\/\"},{\"@type\":\"ListItem\",\"position\":2,\"name\":\"Pood\",\"item\":\"https:\\\/\\\/glamico.ee\\\/pood\\\/\"},{\"@type\":\"ListItem\",\"position\":3,\"name\":\"Raywell niisutav juuksemask 250ml\"}]},{\"@type\":\"WebSite\",\"@id\":\"https:\\\/\\\/glamico.ee\\\/#website\",\"url\":\"https:\\\/\\\/glamico.ee\\\/\",\"name\":\"Glamico\",\"description\":\"Ilutooted\",\"publisher\":{\"@id\":\"https:\\\/\\\/glamico.ee\\\/#organization\"},\"potentialAction\":[{\"@type\":\"SearchAction\",\"target\":{\"@type\":\"EntryPoint\",\"urlTemplate\":\"https:\\\/\\\/glamico.ee\\\/?s={search_term_string}\"},\"query-input\":{\"@type\":\"PropertyValueSpecification\",\"valueRequired\":true,\"valueName\":\"search_term_string\"}}],\"inLanguage\":\"en-US\"},{\"@type\":\"Organization\",\"@id\":\"https:\\\/\\\/glamico.ee\\\/#organization\",\"name\":\"Glamico Baltics O\u00dc\",\"url\":\"https:\\\/\\\/glamico.ee\\\/\",\"logo\":{\"@type\":\"ImageObject\",\"inLanguage\":\"en-US\",\"@id\":\"https:\\\/\\\/glamico.ee\\\/#\\\/schema\\\/logo\\\/image\\\/\",\"url\":\"https:\\\/\\\/glamico.ee\\\/wp-content\\\/uploads\\\/2025\\\/11\\\/Glamico-1.png\",\"contentUrl\":\"https:\\\/\\\/glamico.ee\\\/wp-content\\\/uploads\\\/2025\\\/11\\\/Glamico-1.png\",\"width\":627,\"height\":400,\"caption\":\"Glamico Baltics O\u00dc\"},\"image\":{\"@id\":\"https:\\\/\\\/glamico.ee\\\/#\\\/schema\\\/logo\\\/image\\\/\"},\"sameAs\":[\"https:\\\/\\\/www.instagram.com\\\/glamico.ee\\\/\"]}]}<\/script>\n<!-- \/ Yoast SEO plugin. -->","yoast_head_json":{"title":"Raywell niisutav juuksemask 250ml - Glamico","robots":{"index":"index","follow":"follow","max-snippet":"max-snippet:-1","max-image-preview":"max-image-preview:large","max-video-preview":"max-video-preview:-1"},"canonical":"https:\/\/glamico.ee\/en\/pood\/raywell-niisutav-juuksemask-250ml\/","og_locale":"en_US","og_type":"article","og_title":"Raywell niisutav juuksemask 250ml - Glamico","og_description":"Orgaaniline niisutav juuksemask. Kuivadele, kahustele juustele m\u00f5eldud hooldusvahend, mis on loodud rohelise kosmeetika abil. Sisaldab ylang-ylangi eeterlikku \u00f5li, kameelia\u00f5li ja palsamit, mis toidavad, kaitsevad, annavad pehmuse, kohese l\u00e4ike ja teeb juuksed kergemini kammitavaks. Kasutamine: Peale juuste pesemist \u0161ampooniga kanna r\u00e4tikuivadesse juustesse ja lse m\u00f5juda 3 minutit. Loputa hoolikalt Koostis: Aqua (Water), Cetyl alcohol, Myristyl alcohol, Behentrimonium chloride, Cetrimonium chloride, Phenoxyethanol, [&hellip;]","og_url":"https:\/\/glamico.ee\/en\/pood\/raywell-niisutav-juuksemask-250ml\/","og_site_name":"Glamico","article_modified_time":"2025-11-29T16:46:01+00:00","og_image":[{"width":900,"height":900,"url":"https:\/\/glamico.ee\/wp-content\/uploads\/2025\/11\/Nimetu-Raywell-Bio-Hidra-Mask-8055349243054-RR346.png","type":"image\/png"}],"twitter_card":"summary_large_image","twitter_misc":{"Est. reading time":"1 minute"},"schema":{"@context":"https:\/\/schema.org","@graph":[{"@type":"WebPage","@id":"https:\/\/glamico.ee\/pood\/raywell-niisutav-juuksemask-250ml\/","url":"https:\/\/glamico.ee\/pood\/raywell-niisutav-juuksemask-250ml\/","name":"Raywell niisutav juuksemask 250ml - Glamico","isPartOf":{"@id":"https:\/\/glamico.ee\/#website"},"primaryImageOfPage":{"@id":"https:\/\/glamico.ee\/pood\/raywell-niisutav-juuksemask-250ml\/#primaryimage"},"image":{"@id":"https:\/\/glamico.ee\/pood\/raywell-niisutav-juuksemask-250ml\/#primaryimage"},"thumbnailUrl":"https:\/\/glamico.ee\/wp-content\/uploads\/2025\/11\/Nimetu-Raywell-Bio-Hidra-Mask-8055349243054-RR346.png","datePublished":"2025-11-29T16:44:42+00:00","dateModified":"2025-11-29T16:46:01+00:00","breadcrumb":{"@id":"https:\/\/glamico.ee\/pood\/raywell-niisutav-juuksemask-250ml\/#breadcrumb"},"inLanguage":"en-US","potentialAction":[{"@type":"ReadAction","target":["https:\/\/glamico.ee\/pood\/raywell-niisutav-juuksemask-250ml\/"]}]},{"@type":"ImageObject","inLanguage":"en-US","@id":"https:\/\/glamico.ee\/pood\/raywell-niisutav-juuksemask-250ml\/#primaryimage","url":"https:\/\/glamico.ee\/wp-content\/uploads\/2025\/11\/Nimetu-Raywell-Bio-Hidra-Mask-8055349243054-RR346.png","contentUrl":"https:\/\/glamico.ee\/wp-content\/uploads\/2025\/11\/Nimetu-Raywell-Bio-Hidra-Mask-8055349243054-RR346.png","width":900,"height":900},{"@type":"BreadcrumbList","@id":"https:\/\/glamico.ee\/pood\/raywell-niisutav-juuksemask-250ml\/#breadcrumb","itemListElement":[{"@type":"ListItem","position":1,"name":"Home","item":"https:\/\/glamico.ee\/"},{"@type":"ListItem","position":2,"name":"Pood","item":"https:\/\/glamico.ee\/pood\/"},{"@type":"ListItem","position":3,"name":"Raywell niisutav juuksemask 250ml"}]},{"@type":"WebSite","@id":"https:\/\/glamico.ee\/#website","url":"https:\/\/glamico.ee\/","name":"Glamico","description":"Ilutooted","publisher":{"@id":"https:\/\/glamico.ee\/#organization"},"potentialAction":[{"@type":"SearchAction","target":{"@type":"EntryPoint","urlTemplate":"https:\/\/glamico.ee\/?s={search_term_string}"},"query-input":{"@type":"PropertyValueSpecification","valueRequired":true,"valueName":"search_term_string"}}],"inLanguage":"en-US"},{"@type":"Organization","@id":"https:\/\/glamico.ee\/#organization","name":"Glamico Baltics O\u00dc","url":"https:\/\/glamico.ee\/","logo":{"@type":"ImageObject","inLanguage":"en-US","@id":"https:\/\/glamico.ee\/#\/schema\/logo\/image\/","url":"https:\/\/glamico.ee\/wp-content\/uploads\/2025\/11\/Glamico-1.png","contentUrl":"https:\/\/glamico.ee\/wp-content\/uploads\/2025\/11\/Glamico-1.png","width":627,"height":400,"caption":"Glamico Baltics O\u00dc"},"image":{"@id":"https:\/\/glamico.ee\/#\/schema\/logo\/image\/"},"sameAs":["https:\/\/www.instagram.com\/glamico.ee\/"]}]}},"brands":[{"id":90,"name":"Raywell","slug":"raywell"}],"_links":{"self":[{"href":"https:\/\/glamico.ee\/en\/wp-json\/wp\/v2\/product\/2050","targetHints":{"allow":["GET"]}}],"collection":[{"href":"https:\/\/glamico.ee\/en\/wp-json\/wp\/v2\/product"}],"about":[{"href":"https:\/\/glamico.ee\/en\/wp-json\/wp\/v2\/types\/product"}],"version-history":[{"count":1,"href":"https:\/\/glamico.ee\/en\/wp-json\/wp\/v2\/product\/2050\/revisions"}],"predecessor-version":[{"id":2052,"href":"https:\/\/glamico.ee\/en\/wp-json\/wp\/v2\/product\/2050\/revisions\/2052"}],"wp:featuredmedia":[{"embeddable":true,"href":"https:\/\/glamico.ee\/en\/wp-json\/wp\/v2\/media\/2051"}],"wp:attachment":[{"href":"https:\/\/glamico.ee\/en\/wp-json\/wp\/v2\/media?parent=2050"}],"wp:term":[{"taxonomy":"pwb-brand","embeddable":true,"href":"https:\/\/glamico.ee\/en\/wp-json\/wp\/v2\/pwb-brand?post=2050"},{"taxonomy":"product_brand","embeddable":true,"href":"https:\/\/glamico.ee\/en\/wp-json\/wp\/v2\/product_brand?post=2050"},{"taxonomy":"product_cat","embeddable":true,"href":"https:\/\/glamico.ee\/en\/wp-json\/wp\/v2\/product_cat?post=2050"},{"taxonomy":"product_tag","embeddable":true,"href":"https:\/\/glamico.ee\/en\/wp-json\/wp\/v2\/product_tag?post=2050"}],"curies":[{"name":"wp","href":"https:\/\/api.w.org\/{rel}","templated":true}]}}